{"id":10159,"date":"2023-09-22T08:58:14","date_gmt":"2023-09-22T08:58:14","guid":{"rendered":"https:\/\/natussensory.com\/sensory\/datalink-for-retcam-envision\/"},"modified":"2025-10-23T09:15:21","modified_gmt":"2025-10-23T09:15:21","slug":"datalink-pour-retcam-envision","status":"publish","type":"page","link":"https:\/\/natussensory.com\/fr\/produits\/datalink-pour-retcam-envision\/","title":{"rendered":"DataLink pour RetCam\u00ae Envision &#8211; R\u00e9tinographie \u00e0 distance"},"content":{"rendered":"","protected":false},"excerpt":{"rendered":"","protected":false},"author":4,"featured_media":0,"parent":10961,"menu_order":0,"comment_status":"closed","ping_status":"closed","template":"templates\/page-sensory-solutions-product-landing.php","meta":{"_acf_changed":false,"inline_featured_image":false,"footnotes":""},"categories":[298,288],"tags":[],"class_list":["post-10159","page","type-page","status-publish","hentry","category-eye-imaging-fr","category-imagerie-oculaire"],"acf":{"content_blocks":[{"acf_fc_layout":"spacer","_acfe_flexible_toggle":"","spacer":{"module_options":{"":null,"module_id":"n651532302a501","module_class":"","module_background_type":"color","module_background_color":"#473089","module_background_image":false,"module_background_video":"","activate_custom_padding":false,"padding_top_desktop":"0","padding_top_tablet":"0","padding_top_mobile":"0","padding_bottom_desktop":"0","padding_bottom_tablet":"0","padding_bottom_mobile":"0","activate_custom_margin":false,"margin_top_desktop":"0","margin_top_tablet":"0","margin_top_mobile":"0","margin_bottom_desktop":"0","margin_bottom_tablet":"0","margin_bottom_mobile":"0","disable_on":[],"content_alignment_desktop":"left","content_alignment_tablet":"left","content_alignment_mobile":"left"},"height":"160"}},{"acf_fc_layout":"intro_with_sticky_image","_acfe_flexible_toggle":"","left_content_right_image_sticky":{"module_options":{"":null,"module_id":"n6515323031f76","module_class":"","module_background_type":"color","module_background_color":"","module_background_image":false,"module_background_video":"","activate_custom_padding":false,"padding_top_desktop":"0","padding_top_tablet":"0","padding_top_mobile":"0","padding_bottom_desktop":"0","padding_bottom_tablet":"0","padding_bottom_mobile":"0","activate_custom_margin":false,"margin_top_desktop":"0","margin_top_tablet":"0","margin_top_mobile":"0","margin_bottom_desktop":"0","margin_bottom_tablet":"0","margin_bottom_mobile":"0","disable_on":[],"content_alignment_desktop":"left","content_alignment_tablet":"left","content_alignment_mobile":"left"},"":null,"title":"Fonctions de consultation \u00e0 distance DataLink pour RetCam<sup>\u00ae<\/sup> Envision","subheader":"<h4>Un outil novateur pour une int\u00e9gration sans faille<\/h4>\n<p>Pr\u00e9sentation de DataLink pour RetCam Envision, une plateforme innovante sur le cloud, qui permet de g\u00e9rer les images et les donn\u00e9es d\u2019examens de r\u00e9tinographie p\u00e9diatrique. DataLink fonctionne en tandem avec RetCam Envision pour offrir des fonctions de consultation \u00e0 distance, interpr\u00e9tation avanc\u00e9e, communication et g\u00e9n\u00e9ration de rapports. Optimisez votre flux de travail clinique gr\u00e2ce \u00e0 cette solution s\u00e9curis\u00e9e, pratique et centralis\u00e9e.<\/p>\n<p>&nbsp;<\/p>\n<p><span style=\"font-size: 11px;\">Les produits peuvent ne pas \u00eatre disponibles dans tous les pays. Contactez Natus pour obtenir des informations sp\u00e9cifiques \u00e0 votre pays.<\/span><\/p>\n","icons":false,"quick_navigation":[{"quick_link":{"type":"url","value":"#contact","url":"#contact","name":"#contact","title":"Demander un devis","target":""}},{"quick_link":{"type":"url","value":"#info","url":"#info","name":"#info","title":"Explorer plus de d\u00e9tails","target":""}}],"description":"","message_label":" ","message_title":"Vous recherchez un service de produit ou une assistance technique ?","message_link":{"type":"post","value":"883","url":"https:\/\/natussensory.com\/support\/","name":"Service &#038; Support","title":"  Service et Assistance","target":""},"right_sticky_image":{"ID":6479,"id":6479,"title":"DataLink_product thumbnail","filename":"DataLink_product-thumbnail-1.png","filesize":138097,"url":"https:\/\/natussensory.com\/wp-content\/uploads\/DataLink_product-thumbnail-1.png","link":"https:\/\/natussensory.com\/fr\/produits\/datalink-pour-retcam-envision\/datalink_product-thumbnail-2\/","alt":"Retinal image and electronic medical record interface using Datalink for RetCam Envision, facilitating integrated eye screening documentation.","author":"4","description":"","caption":"","name":"datalink_product-thumbnail-2","status":"inherit","uploaded_to":10159,"date":"2023-09-22 09:25:06","modified":"2025-05-07 08:08:37","menu_order":0,"mime_type":"image\/png","type":"image","subtype":"png","icon":"https:\/\/natussensory.com\/wp-includes\/images\/media\/default.png","width":500,"height":354,"sizes":{"thumbnail":"https:\/\/natussensory.com\/wp-content\/uploads\/DataLink_product-thumbnail-1.png","thumbnail-width":128,"thumbnail-height":91,"medium":"https:\/\/natussensory.com\/wp-content\/uploads\/DataLink_product-thumbnail-1.png","medium-width":500,"medium-height":354,"medium_large":"https:\/\/natussensory.com\/wp-content\/uploads\/DataLink_product-thumbnail-1.png","medium_large-width":500,"medium_large-height":354,"large":"https:\/\/natussensory.com\/wp-content\/uploads\/DataLink_product-thumbnail-1.png","large-width":500,"large-height":354,"1536x1536":"https:\/\/natussensory.com\/wp-content\/uploads\/DataLink_product-thumbnail-1.png","1536x1536-width":500,"1536x1536-height":354,"2048x2048":"https:\/\/natussensory.com\/wp-content\/uploads\/DataLink_product-thumbnail-1.png","2048x2048-width":500,"2048x2048-height":354}}}},{"acf_fc_layout":"simple_content","_acfe_flexible_toggle":"","content_full_width_landing":{"module_options":{"":null,"module_id":"n651532303d50f","module_class":"","module_background_type":"color","module_background_color":"","module_background_image":false,"module_background_video":"","activate_custom_padding":false,"padding_top_desktop":"0","padding_top_tablet":"0","padding_top_mobile":"0","padding_bottom_desktop":"0","padding_bottom_tablet":"0","padding_bottom_mobile":"0","activate_custom_margin":false,"margin_top_desktop":"0","margin_top_tablet":"0","margin_top_mobile":"0","margin_bottom_desktop":"0","margin_bottom_tablet":"0","margin_bottom_mobile":"0","disable_on":[],"content_alignment_desktop":"left","content_alignment_tablet":"left","content_alignment_mobile":"left"},"activate_custom_container_width":false,"container_width":"","content":"<h2>La nouvelle g\u00e9n\u00e9ration des syst\u00e8mes de r\u00e9tinographie p\u00e9diatrique\u00a0: connect\u00e9e\u00a0!<\/h2>\n<p><img loading=\"lazy\" decoding=\"async\" class=\"size-full wp-image-10171 aligncenter\" src=\"https:\/\/natussensory.com\/wp-content\/uploads\/DataLink-FR.png\" alt=\"\" width=\"670\" height=\"492\" \/><\/p>\n"}},{"acf_fc_layout":"product_details_right_image_and_left_content","_acfe_flexible_toggle":"","right_image_left_content_single_cta_landing":{"module_options":{"":null,"module_id":"n65153230444a4","module_class":"","module_background_type":"color","module_background_color":"","module_background_image":false,"module_background_video":"","activate_custom_padding":false,"padding_top_desktop":"0","padding_top_tablet":"0","padding_top_mobile":"0","padding_bottom_desktop":"0","padding_bottom_tablet":"0","padding_bottom_mobile":"0","activate_custom_margin":false,"margin_top_desktop":"0","margin_top_tablet":"0","margin_top_mobile":"0","margin_bottom_desktop":"0","margin_bottom_tablet":"0","margin_bottom_mobile":"0","disable_on":[],"content_alignment_desktop":"left","content_alignment_tablet":"left","content_alignment_mobile":"left"},"":null,"label":"","title":"Consultation \u00e0 distance avanc\u00e9e lorsque cela vous convient le mieux ","description":"<p>Essayez la plateforme Web centralis\u00e9e pour acc\u00e9der aux donn\u00e9es des patients urgentes et pour annoter les images sans tarder. Saisissez facilement les r\u00e9sultats des diagnostics dans le mod\u00e8le de rapport facile \u00e0 utiliser\u00a0; les d\u00e9tails du rapport sont communiqu\u00e9s au syst\u00e8me de dossier m\u00e9dical informatis\u00e9 (DMI) de l\u2019\u00e9tablissement de r\u00e9tinographie. \u00c9largissez votre acc\u00e8s \u00e0 l\u2019ensemble du processus d\u2019examen.<\/p>\n","link":null,"image":{"ID":6489,"id":6489,"title":"DataLink_clinicians_spot","filename":"DataLink_clinicians_spot2.jpg","filesize":282980,"url":"https:\/\/natussensory.com\/wp-content\/uploads\/DataLink_clinicians_spot2.jpg","link":"https:\/\/natussensory.com\/fr\/produits\/datalink-pour-retcam-envision\/datalink_clinicians_spot-2\/","alt":"Healthcare professional using DataLink for RetCam Envision on a clinical workstation while a doctor observes, showcasing digital workflow integration for ophthalmic imaging and reporting.","author":"4","description":"","caption":"","name":"datalink_clinicians_spot-2","status":"inherit","uploaded_to":10159,"date":"2023-09-22 09:26:01","modified":"2025-05-07 08:10:43","menu_order":0,"mime_type":"image\/png","type":"image","subtype":"png","icon":"https:\/\/natussensory.com\/wp-includes\/images\/media\/default.png","width":800,"height":450,"sizes":{"thumbnail":"https:\/\/natussensory.com\/wp-content\/uploads\/DataLink_clinicians_spot2.jpg","thumbnail-width":128,"thumbnail-height":72,"medium":"https:\/\/natussensory.com\/wp-content\/uploads\/DataLink_clinicians_spot2.jpg","medium-width":800,"medium-height":450,"medium_large":"https:\/\/natussensory.com\/wp-content\/uploads\/DataLink_clinicians_spot-768x432.png","medium_large-width":768,"medium_large-height":432,"large":"https:\/\/natussensory.com\/wp-content\/uploads\/DataLink_clinicians_spot2.jpg","large-width":800,"large-height":450,"1536x1536":"https:\/\/natussensory.com\/wp-content\/uploads\/DataLink_clinicians_spot2.jpg","1536x1536-width":800,"1536x1536-height":450,"2048x2048":"https:\/\/natussensory.com\/wp-content\/uploads\/DataLink_clinicians_spot2.jpg","2048x2048-width":800,"2048x2048-height":450}}}},{"acf_fc_layout":"product_details_left_image_and_right_content","_acfe_flexible_toggle":"","left_image_right_content_single_cta_landing":{"module_options":{"":null,"module_id":"n651532304d080","module_class":"","module_background_type":"color","module_background_color":"","module_background_image":false,"module_background_video":"","activate_custom_padding":false,"padding_top_desktop":"0","padding_top_tablet":"0","padding_top_mobile":"0","padding_bottom_desktop":"0","padding_bottom_tablet":"0","padding_bottom_mobile":"0","activate_custom_margin":false,"margin_top_desktop":"0","margin_top_tablet":"0","margin_top_mobile":"0","margin_bottom_desktop":"0","margin_bottom_tablet":"0","margin_bottom_mobile":"0","disable_on":[],"content_alignment_desktop":"left","content_alignment_tablet":"left","content_alignment_mobile":"left"},"image":{"ID":6272,"id":6272,"title":"Retcam-Envision_DataLink_spot","filename":"Retcam-Envision_DataLink_spot.jpg","filesize":150028,"url":"https:\/\/natussensory.com\/wp-content\/uploads\/Retcam-Envision_DataLink_spot.jpg","link":"https:\/\/natussensory.com\/fr\/produits\/retcam-envision\/retcam-envision_datalink_spot-2\/","alt":"Physician using a laptop to review retinal imaging and screening data via DataLink and RetCam Envision, enabling cloud-based remote diagnostics and reporting.","author":"4","description":"","caption":"","name":"retcam-envision_datalink_spot-2","status":"inherit","uploaded_to":10154,"date":"2023-09-21 20:36:35","modified":"2025-05-22 13:23:56","menu_order":0,"mime_type":"image\/jpeg","type":"image","subtype":"jpeg","icon":"https:\/\/natussensory.com\/wp-includes\/images\/media\/default.png","width":800,"height":450,"sizes":{"thumbnail":"https:\/\/natussensory.com\/wp-content\/uploads\/Retcam-Envision_DataLink_spot.jpg","thumbnail-width":128,"thumbnail-height":72,"medium":"https:\/\/natussensory.com\/wp-content\/uploads\/Retcam-Envision_DataLink_spot.jpg","medium-width":800,"medium-height":450,"medium_large":"https:\/\/natussensory.com\/wp-content\/uploads\/Retcam-Envision_DataLink_spot-768x432.jpg","medium_large-width":768,"medium_large-height":432,"large":"https:\/\/natussensory.com\/wp-content\/uploads\/Retcam-Envision_DataLink_spot.jpg","large-width":800,"large-height":450,"1536x1536":"https:\/\/natussensory.com\/wp-content\/uploads\/Retcam-Envision_DataLink_spot.jpg","1536x1536-width":800,"1536x1536-height":450,"2048x2048":"https:\/\/natussensory.com\/wp-content\/uploads\/Retcam-Envision_DataLink_spot.jpg","2048x2048-width":800,"2048x2048-height":450}},"label":"","title":"Gestion des donn\u00e9es int\u00e9gr\u00e9e dans la plateforme Google Cloud","description":"<p>DataLink vous permet de contr\u00f4ler les examens en toute s\u00e9curit\u00e9, au fur et \u00e0 mesure de leur progression dans le processus de d\u00e9pistage. Les images captur\u00e9es sont transf\u00e9r\u00e9es, consult\u00e9es et stock\u00e9es en toute s\u00e9curit\u00e9 gr\u00e2ce \u00e0 un environnement de travail num\u00e9rique enti\u00e8rement g\u00e9rable. Simplifiez les rapports, s\u00e9lectionnez des affichages personnalis\u00e9s et r\u00e9cup\u00e9rez des donn\u00e9es selon vos besoins. D\u00e9couvrez l\u2019int\u00e9gration sans faille et l\u2019\u00e9change de donn\u00e9es standardis\u00e9.<\/p>\n","link":null}},{"acf_fc_layout":"simple_content","_acfe_flexible_toggle":"","content_full_width_landing":{"module_options":{"":null,"module_id":"n6515323055bfb","module_class":"","module_background_type":"color","module_background_color":"","module_background_image":false,"module_background_video":"","activate_custom_padding":false,"padding_top_desktop":"0","padding_top_tablet":"0","padding_top_mobile":"0","padding_bottom_desktop":"0","padding_bottom_tablet":"0","padding_bottom_mobile":"0","activate_custom_margin":false,"margin_top_desktop":"0","margin_top_tablet":"0","margin_top_mobile":"0","margin_bottom_desktop":"0","margin_bottom_tablet":"0","margin_bottom_mobile":"0","disable_on":[],"content_alignment_desktop":"left","content_alignment_tablet":"left","content_alignment_mobile":"left"},"activate_custom_container_width":false,"container_width":"","content":"<h4>G\u00e9rez les patients en temps voulu et de fa\u00e7on efficace gr\u00e2ce \u00e0 un flux de travail clinique optimis\u00e9<\/h4>\n<p>Int\u00e9grez la gestion des donn\u00e9es et offrez des fonctions de consultation \u00e0 distance sophistiqu\u00e9es, le tout \u00e0 un seul endroit, sans avoir besoin de transf\u00e9rer des patients. L\u2019ophtalmologue a facilement acc\u00e8s aux images aux fins d\u2019\u00e9valuation et de g\u00e9n\u00e9ration de rapport. Votre RetCam Envision recevra automatiquement les informations sur l&rsquo;examen depuis une worklist de modalit\u00e9s, en cr\u00e9ant un workflow simplifi\u00e9. Gr\u00e2ce \u00e0 DataLink, il est facile de transformer la fa\u00e7on dont vous communiquez les soins aux patients.<\/p>\n"}},{"acf_fc_layout":"related_products","_acfe_flexible_layout_title":"Resources and Support","_acfe_flexible_toggle":"","tiles_3_columns_landing":{"module_options":{"":null,"module_id":"info","module_class":"","module_background_type":"color","module_background_color":"","module_background_image":false,"module_background_video":"","activate_custom_padding":false,"padding_top_desktop":"0","padding_top_tablet":"0","padding_top_mobile":"0","padding_bottom_desktop":"0","padding_bottom_tablet":"0","padding_bottom_mobile":"0","activate_custom_margin":false,"margin_top_desktop":"0","margin_top_tablet":"0","margin_top_mobile":"0","margin_bottom_desktop":"0","margin_bottom_tablet":"0","margin_bottom_mobile":"0","disable_on":[],"content_alignment_desktop":"left","content_alignment_tablet":"left","content_alignment_mobile":"left"},"intro_text":"Ressources et Assistance","intro_text_color":"","intro_link":null,"tiles":[{"label":"Ressources","label_background_color":"#154284","image":false,"title":"Brochure, fiche technique et plus","link":{"type":"url","value":"https:\/\/natus.bynder.com\/web\/38a8136fcd90493e\/resource-library-retcam-envision\/","url":"https:\/\/natus.bynder.com\/web\/38a8136fcd90493e\/resource-library-retcam-envision\/","name":"https:\/\/natus.bynder.com\/web\/38a8136fcd90493e\/resource-library-retcam-envision\/","title":"Retcam Ressources","target":"_blank"}},{"label":"Assistance","label_background_color":"#154284","image":false,"title":"Guide d'utilisation (eIFUs)","link":{"type":"post","value":"883","url":"https:\/\/natussensory.com\/support\/","name":"Service &#038; Support","title":"Service et Assistance","target":""}}]}},{"acf_fc_layout":"related_products","_acfe_flexible_toggle":"","tiles_3_columns_landing":{"module_options":{"":null,"module_id":"n651532306d5d4","module_class":"","module_background_type":"color","module_background_color":"","module_background_image":false,"module_background_video":"","activate_custom_padding":false,"padding_top_desktop":"0","padding_top_tablet":"0","padding_top_mobile":"0","padding_bottom_desktop":"0","padding_bottom_tablet":"0","padding_bottom_mobile":"0","activate_custom_margin":false,"margin_top_desktop":"0","margin_top_tablet":"0","margin_top_mobile":"0","margin_bottom_desktop":"0","margin_bottom_tablet":"0","margin_bottom_mobile":"0","disable_on":[],"content_alignment_desktop":"left","content_alignment_tablet":"left","content_alignment_mobile":"left"},"intro_text":"Produits Connexes","intro_text_color":"","intro_link":null,"tiles":[{"label":"","label_background_color":"","image":{"ID":6473,"id":6473,"title":"RetCam Envision_linkspot","filename":"RetCam-Envision_linkspot2.jpg","filesize":113519,"url":"https:\/\/natussensory.com\/wp-content\/uploads\/RetCam-Envision_linkspot2.jpg","link":"https:\/\/natussensory.com\/fr\/produits\/datalink-pour-retcam-envision\/retcam-envision_linkspot-2\/","alt":"","author":"4","description":"","caption":"","name":"retcam-envision_linkspot-2","status":"inherit","uploaded_to":10159,"date":"2023-09-22 08:55:27","modified":"2023-09-22 08:55:27","menu_order":0,"mime_type":"image\/jpeg","type":"image","subtype":"jpeg","icon":"https:\/\/natussensory.com\/wp-includes\/images\/media\/default.png","width":600,"height":300,"sizes":{"thumbnail":"https:\/\/natussensory.com\/wp-content\/uploads\/RetCam-Envision_linkspot2.jpg","thumbnail-width":128,"thumbnail-height":64,"medium":"https:\/\/natussensory.com\/wp-content\/uploads\/RetCam-Envision_linkspot2.jpg","medium-width":600,"medium-height":300,"medium_large":"https:\/\/natussensory.com\/wp-content\/uploads\/RetCam-Envision_linkspot2.jpg","medium_large-width":600,"medium_large-height":300,"large":"https:\/\/natussensory.com\/wp-content\/uploads\/RetCam-Envision_linkspot2.jpg","large-width":600,"large-height":300,"1536x1536":"https:\/\/natussensory.com\/wp-content\/uploads\/RetCam-Envision_linkspot2.jpg","1536x1536-width":600,"1536x1536-height":300,"2048x2048":"https:\/\/natussensory.com\/wp-content\/uploads\/RetCam-Envision_linkspot2.jpg","2048x2048-width":600,"2048x2048-height":300}},"title":"Syst\u00e8me d\u2019imagerie ophtalmique","link":{"type":"post","value":"6257","url":"https:\/\/natussensory.com\/products\/retcam-envision\/","name":"RetCam\u00ae &#8211; Envision ophthalmic imaging system","title":"En Savoir Plus","target":""}},{"label":"","label_background_color":"","image":false,"title":"Vous utilisez d\u00e9j\u00e0 DataLink pour RetCam Envision? ","link":{"type":"url","value":"https:\/\/natus.ambrahealth.com\/","url":"https:\/\/natus.ambrahealth.com\/","name":"https:\/\/natus.ambrahealth.com\/","title":"Cliquez ici pour vous connect","target":"_blank"}}]}},{"acf_fc_layout":"contact_form","_acfe_flexible_toggle":"","contact_form_landing":{"module_options":{"":null,"module_id":"contact","module_class":"","module_background_type":"color","module_background_color":"","module_background_image":false,"module_background_video":"","activate_custom_padding":false,"padding_top_desktop":"0","padding_top_tablet":"0","padding_top_mobile":"0","padding_bottom_desktop":"0","padding_bottom_tablet":"0","padding_bottom_mobile":"0","activate_custom_margin":false,"margin_top_desktop":"0","margin_top_tablet":"0","margin_top_mobile":"0","margin_bottom_desktop":"0","margin_bottom_tablet":"0","margin_bottom_mobile":"0","disable_on":[],"content_alignment_desktop":"left","content_alignment_tablet":"left","content_alignment_mobile":"left"},"":null,"activate_intro":false,"intro_text":"","intro_text_color":"","intro_link":null,"activate_description":true,"description_title":"Contactez-nous","description_copy":"","embed_code":"<script charset=\"utf-8\" type=\"text\/javascript\" src=\"\/\/js.hsforms.net\/forms\/embed\/v2.js\"><\/script>\r\n<script>\r\n  hbspt.forms.create({\r\n    region: \"na1\",\r\n    portalId: \"3002890\",\r\n    formId: \"ff154af9-a296-42ec-a3cb-3b9158278b44\"\r\n  });\r\n<\/script>"}},{"acf_fc_layout":"simple_content","_acfe_flexible_layout_title":"Part Number","_acfe_flexible_toggle":"","content_full_width_landing":{"module_options":{"":null,"module_id":"n6515323081d9b","module_class":"","module_background_type":"color","module_background_color":"","module_background_image":false,"module_background_video":"","activate_custom_padding":false,"padding_top_desktop":"0","padding_top_tablet":"0","padding_top_mobile":"0","padding_bottom_desktop":"0","padding_bottom_tablet":"0","padding_bottom_mobile":"0","activate_custom_margin":false,"margin_top_desktop":"0","margin_top_tablet":"0","margin_top_mobile":"0","margin_bottom_desktop":"0","margin_bottom_tablet":"0","margin_bottom_mobile":"0","disable_on":[],"content_alignment_desktop":"left","content_alignment_tablet":"left","content_alignment_mobile":"left"},"activate_custom_container_width":false,"container_width":"","content":"<p><span style=\"font-size: 11px;\">036868 RevA<\/span><\/p>\n"}}]},"_links":{"self":[{"href":"https:\/\/natussensory.com\/fr\/wp-json\/wp\/v2\/pages\/10159","targetHints":{"allow":["GET"]}}],"collection":[{"href":"https:\/\/natussensory.com\/fr\/wp-json\/wp\/v2\/pages"}],"about":[{"href":"https:\/\/natussensory.com\/fr\/wp-json\/wp\/v2\/types\/page"}],"author":[{"embeddable":true,"href":"https:\/\/natussensory.com\/fr\/wp-json\/wp\/v2\/users\/4"}],"replies":[{"embeddable":true,"href":"https:\/\/natussensory.com\/fr\/wp-json\/wp\/v2\/comments?post=10159"}],"version-history":[{"count":10,"href":"https:\/\/natussensory.com\/fr\/wp-json\/wp\/v2\/pages\/10159\/revisions"}],"predecessor-version":[{"id":27771,"href":"https:\/\/natussensory.com\/fr\/wp-json\/wp\/v2\/pages\/10159\/revisions\/27771"}],"up":[{"embeddable":true,"href":"https:\/\/natussensory.com\/fr\/wp-json\/wp\/v2\/pages\/10961"}],"wp:attachment":[{"href":"https:\/\/natussensory.com\/fr\/wp-json\/wp\/v2\/media?parent=10159"}],"wp:term":[{"taxonomy":"category","embeddable":true,"href":"https:\/\/natussensory.com\/fr\/wp-json\/wp\/v2\/categories?post=10159"},{"taxonomy":"post_tag","embeddable":true,"href":"https:\/\/natussensory.com\/fr\/wp-json\/wp\/v2\/tags?post=10159"}],"curies":[{"name":"wp","href":"https:\/\/api.w.org\/{rel}","templated":true}]}}