{"id":10113,"date":"2023-09-15T16:47:30","date_gmt":"2023-09-15T16:47:30","guid":{"rendered":"https:\/\/natussensory.com\/sensory\/audble-litedesktop\/"},"modified":"2025-09-03T13:51:36","modified_gmt":"2025-09-03T13:51:36","slug":"audble-litedesktop","status":"publish","type":"page","link":"https:\/\/natussensory.com\/fr\/produits\/audble-litedesktop\/","title":{"rendered":"Logiciel de gestion des donn\u00e9es audble\u00ae Desktop"},"content":{"rendered":"","protected":false},"excerpt":{"rendered":"","protected":false},"author":4,"featured_media":0,"parent":10961,"menu_order":0,"comment_status":"closed","ping_status":"closed","template":"templates\/page-sensory-solutions-product-landing.php","meta":{"_acf_changed":false,"inline_featured_image":false,"footnotes":""},"categories":[286,296],"tags":[],"class_list":["post-10113","page","type-page","status-publish","hentry","category-logiciel","category-software-fr"],"acf":{"content_blocks":[{"acf_fc_layout":"spacer","_acfe_flexible_toggle":"","spacer":{"module_options":{"":null,"module_id":"n6514ae76abbb1","module_class":"","module_background_type":"color","module_background_color":"#473089","module_background_image":false,"module_background_video":"","activate_custom_padding":false,"padding_top_desktop":"0","padding_top_tablet":"0","padding_top_mobile":"0","padding_bottom_desktop":"0","padding_bottom_tablet":"0","padding_bottom_mobile":"0","activate_custom_margin":false,"margin_top_desktop":"0","margin_top_tablet":"0","margin_top_mobile":"0","margin_bottom_desktop":"0","margin_bottom_tablet":"0","margin_bottom_mobile":"0","disable_on":[],"content_alignment_desktop":"left","content_alignment_tablet":"left","content_alignment_mobile":"left"},"height":"160"}},{"acf_fc_layout":"intro_with_sticky_image","_acfe_flexible_toggle":"","left_content_right_image_sticky":{"module_options":{"":null,"module_id":"n6514ae76b2724","module_class":"","module_background_type":"color","module_background_color":"","module_background_image":false,"module_background_video":"","activate_custom_padding":false,"padding_top_desktop":"0","padding_top_tablet":"0","padding_top_mobile":"0","padding_bottom_desktop":"0","padding_bottom_tablet":"0","padding_bottom_mobile":"0","activate_custom_margin":false,"margin_top_desktop":"0","margin_top_tablet":"0","margin_top_mobile":"0","margin_bottom_desktop":"0","margin_bottom_tablet":"0","margin_bottom_mobile":"0","disable_on":[],"content_alignment_desktop":"left","content_alignment_tablet":"left","content_alignment_mobile":"left"},"":null,"title":"Logiciel de gestion des donn\u00e9es audble<sup>\u00ae<\/sup> Desktop","subheader":"<p>Le logiciel\u00a0audble Desktop de Natus est une solution locale de gestion des donn\u00e9es des tests de d\u00e9pistage des troubles auditifs sp\u00e9cialement con\u00e7ue pour\u00a0les appareils de tests auditifs de Natus.<\/p>\n<p>&nbsp;<\/p>\n<p><span style=\"font-size: 11px;\">Les produits peuvent ne pas \u00eatre disponibles dans tous les pays. Contactez Natus pour obtenir des informations sp\u00e9cifiques \u00e0 votre pays.<\/span><\/p>\n","icons":false,"quick_navigation":[{"quick_link":{"type":"url","value":"#contact","url":"#contact","name":"#contact","title":" Demander un devis","target":""}},{"quick_link":{"type":"url","value":"#info","url":"#info","name":"#info","title":"Explorer plus de d\u00e9tails","target":""}}],"description":"","message_label":" ","message_title":"Vous recherchez un service de produit ou une assistance technique ?","message_link":{"type":"post","value":"883","url":"https:\/\/natussensory.com\/support\/","name":"Service &#038; Support","title":"  Service et Assistance","target":""},"right_sticky_image":{"ID":4719,"id":4719,"title":"Audble_product thumbnail","filename":"Audble_product-thumbnail.png","filesize":185177,"url":"https:\/\/natussensory.com\/wp-content\/uploads\/Audble_product-thumbnail.png","link":"https:\/\/natussensory.com\/fr\/produits\/audble-litedesktop\/audble_product-thumbnail-2\/","alt":"Natus audble Desktop software displaying hearing screening data management interface on a desktop monitor.","author":"4","description":"","caption":"","name":"audble_product-thumbnail-2","status":"inherit","uploaded_to":10113,"date":"2023-09-15 16:44:25","modified":"2025-05-21 11:34:08","menu_order":0,"mime_type":"image\/png","type":"image","subtype":"png","icon":"https:\/\/natussensory.com\/wp-includes\/images\/media\/default.png","width":500,"height":425,"sizes":{"thumbnail":"https:\/\/natussensory.com\/wp-content\/uploads\/Audble_product-thumbnail.png","thumbnail-width":113,"thumbnail-height":96,"medium":"https:\/\/natussensory.com\/wp-content\/uploads\/Audble_product-thumbnail.png","medium-width":500,"medium-height":425,"medium_large":"https:\/\/natussensory.com\/wp-content\/uploads\/Audble_product-thumbnail.png","medium_large-width":500,"medium_large-height":425,"large":"https:\/\/natussensory.com\/wp-content\/uploads\/Audble_product-thumbnail.png","large-width":500,"large-height":425,"1536x1536":"https:\/\/natussensory.com\/wp-content\/uploads\/Audble_product-thumbnail.png","1536x1536-width":500,"1536x1536-height":425,"2048x2048":"https:\/\/natussensory.com\/wp-content\/uploads\/Audble_product-thumbnail.png","2048x2048-width":500,"2048x2048-height":425}}}},{"acf_fc_layout":"simple_content","_acfe_flexible_toggle":"","content_full_width_landing":{"module_options":{"":null,"module_id":"n6514ae76bd4c2","module_class":"","module_background_type":"color","module_background_color":"","module_background_image":false,"module_background_video":"","activate_custom_padding":false,"padding_top_desktop":"0","padding_top_tablet":"0","padding_top_mobile":"0","padding_bottom_desktop":"0","padding_bottom_tablet":"0","padding_bottom_mobile":"0","activate_custom_margin":false,"margin_top_desktop":"0","margin_top_tablet":"0","margin_top_mobile":"0","margin_bottom_desktop":"0","margin_bottom_tablet":"0","margin_bottom_mobile":"0","disable_on":[],"content_alignment_desktop":"left","content_alignment_tablet":"left","content_alignment_mobile":"left"},"activate_custom_container_width":false,"container_width":"","content":"<h2>Rationalisez votre workflow en centralisant vos donn\u00e9es<\/h2>\n<p>D\u00e9tectez sans peine les erreurs de lecture potentielles pour am\u00e9liorer la pr\u00e9cision des tests. Le syst\u00e8me local de gestion des donn\u00e9es audble Desktop combine les r\u00e9sultats obtenus sur plusieurs appareils et les centralise pour en faciliter l\u2019examen.<\/p>\n<p>&nbsp;<\/p>\n<h4>Une gestion des donn\u00e9es patients s\u00e9curis\u00e9e<\/h4>\n<p>Les donn\u00e9es des patients sont s\u00e9curis\u00e9es par des sauvegardes et des archivages automatiques. Avec diff\u00e9rents niveaux de profils utilisateur dont les permissions peuvent \u00eatre configur\u00e9es et contr\u00f4l\u00e9es par les administrateurs, vous pr\u00e9parerez et enverrez vos rapports en toute confiance.<\/p>\n<p>&nbsp;<\/p>\n<h4>Des donn\u00e9es de tests intelligentes<\/h4>\n<p>Les r\u00e9sultats des tests patients obtenus sur divers appareils de tests auditifs sont centralis\u00e9s. Ce dispositif facilite la gestion des r\u00e9sultats du programme de d\u00e9pistage des troubles auditifs du nouveau-n\u00e9. En chargeant des listes de travail dans les appareils de tests de Natus, vous saisissez vos donn\u00e9es plus rapidement.<\/p>\n<p>&nbsp;<\/p>\n<h4>Une gestion efficace des donn\u00e9es de tests de d\u00e9pistage des troubles auditifs<\/h4>\n<p>G\u00e9rez les donn\u00e9es patients via une application centralis\u00e9e tr\u00e8s conviviale qui vous permet de filtrer et de trier les donn\u00e9es pour les pr\u00e9senter comme vous le souhaitez. Compilez des r\u00e9sultats d\u00e9mographiques et des r\u00e9sultats de tests auditifs obtenus sur d\u2019autres appareils de Natus, comme\u00a0<a href=\"https:\/\/natussensory.com\/fr\/sensory\/algo-7i\/\">ALGO 7i<\/a> et <a href=\"https:\/\/natussensory.com\/fr\/sensory\/algo-5\/\">ALGO 5<\/a>.<\/p>\n"}},{"acf_fc_layout":"related_products","_acfe_flexible_layout_title":"Resources and Support","_acfe_flexible_toggle":"","tiles_3_columns_landing":{"module_options":{"":null,"module_id":"info","module_class":"","module_background_type":"color","module_background_color":"","module_background_image":false,"module_background_video":"","activate_custom_padding":false,"padding_top_desktop":"0","padding_top_tablet":"0","padding_top_mobile":"0","padding_bottom_desktop":"0","padding_bottom_tablet":"0","padding_bottom_mobile":"0","activate_custom_margin":false,"margin_top_desktop":"0","margin_top_tablet":"0","margin_top_mobile":"0","margin_bottom_desktop":"0","margin_bottom_tablet":"0","margin_bottom_mobile":"0","disable_on":[],"content_alignment_desktop":"left","content_alignment_tablet":"left","content_alignment_mobile":"left"},"intro_text":"Ressources et Assistance","intro_text_color":"","intro_link":null,"tiles":[{"label":"Ressources","label_background_color":"#154284","image":false,"title":"Brochure, fiche technique et plus","link":{"type":"url","value":"https:\/\/natus.bynder.com\/web\/1c710fce59d6ea50\/resource-library-audble\/","url":"https:\/\/natus.bynder.com\/web\/1c710fce59d6ea50\/resource-library-audble\/","name":"https:\/\/natus.bynder.com\/web\/1c710fce59d6ea50\/resource-library-audble\/","title":"audble Ressources","target":"_blank"}},{"label":"Assistance","label_background_color":"#154284","image":false,"title":"Guide d'utilisation (eIFUs)","link":{"type":"post","value":"883","url":"https:\/\/natussensory.com\/support\/","name":"Service &#038; Support","title":"Service et Assistance","target":""}}]}},{"acf_fc_layout":"related_products","_acfe_flexible_toggle":"","tiles_3_columns_landing":{"module_options":{"":null,"module_id":"n6514ae76ccd68","module_class":"","module_background_type":"color","module_background_color":"","module_background_image":false,"module_background_video":"","activate_custom_padding":false,"padding_top_desktop":"0","padding_top_tablet":"0","padding_top_mobile":"0","padding_bottom_desktop":"0","padding_bottom_tablet":"0","padding_bottom_mobile":"0","activate_custom_margin":false,"margin_top_desktop":"0","margin_top_tablet":"0","margin_top_mobile":"0","margin_bottom_desktop":"0","margin_bottom_tablet":"0","margin_bottom_mobile":"0","disable_on":[],"content_alignment_desktop":"left","content_alignment_tablet":"left","content_alignment_mobile":"left"},"intro_text":"Produits Connexes","intro_text_color":"#005e63","intro_link":{"type":"post","value":"1518","url":"https:\/\/natussensory.com\/products\/","name":"Products","title":"Voir tous les produits","target":""},"tiles":[{"label":"Otosuite","label_background_color":"#154284","image":{"ID":9132,"id":9132,"title":"Otosuite_linkspot","filename":"Otosuite_linkspot.jpg","filesize":95359,"url":"https:\/\/natussensory.com\/wp-content\/uploads\/Otosuite_linkspot.jpg","link":"https:\/\/natussensory.com\/fr\/produits\/otosuite\/otosuite_linkspot-2-2\/","alt":"Otosuite","author":"4","description":"","caption":"","name":"otosuite_linkspot-2-2","status":"inherit","uploaded_to":9912,"date":"2023-10-02 07:31:32","modified":"2025-08-07 07:52:00","menu_order":0,"mime_type":"image\/jpeg","type":"image","subtype":"jpeg","icon":"https:\/\/natussensory.com\/wp-includes\/images\/media\/default.png","width":600,"height":300,"sizes":{"thumbnail":"https:\/\/natussensory.com\/wp-content\/uploads\/Otosuite_linkspot.jpg","thumbnail-width":128,"thumbnail-height":64,"medium":"https:\/\/natussensory.com\/wp-content\/uploads\/Otosuite_linkspot.jpg","medium-width":600,"medium-height":300,"medium_large":"https:\/\/natussensory.com\/wp-content\/uploads\/Otosuite_linkspot.jpg","medium_large-width":600,"medium_large-height":300,"large":"https:\/\/natussensory.com\/wp-content\/uploads\/Otosuite_linkspot.jpg","large-width":600,"large-height":300,"1536x1536":"https:\/\/natussensory.com\/wp-content\/uploads\/Otosuite_linkspot.jpg","1536x1536-width":600,"1536x1536-height":300,"2048x2048":"https:\/\/natussensory.com\/wp-content\/uploads\/Otosuite_linkspot.jpg","2048x2048-width":600,"2048x2048-height":300}},"title":"Logiciel d'audiom\u00e9trie","link":{"type":"post","value":"4085","url":"https:\/\/natussensory.com\/products\/otosuite\/","name":"Otosuite\u00ae &#8211; Audiometry Software","title":"En Savoir Plus","target":""}},{"label":"Otobase","label_background_color":"#154284","image":{"ID":9117,"id":9117,"title":"Otobase_linkspot","filename":"Otobase_linkspot.jpg","filesize":42612,"url":"https:\/\/natussensory.com\/wp-content\/uploads\/Otobase_linkspot.jpg","link":"https:\/\/natussensory.com\/fr\/produits\/otosuite\/otobase_linkspot-2-2\/","alt":"Otobase","author":"4","description":"","caption":"","name":"otobase_linkspot-2-2","status":"inherit","uploaded_to":9912,"date":"2023-10-02 07:28:09","modified":"2025-08-07 07:50:03","menu_order":0,"mime_type":"image\/jpeg","type":"image","subtype":"jpeg","icon":"https:\/\/natussensory.com\/wp-includes\/images\/media\/default.png","width":600,"height":300,"sizes":{"thumbnail":"https:\/\/natussensory.com\/wp-content\/uploads\/Otobase_linkspot.jpg","thumbnail-width":128,"thumbnail-height":64,"medium":"https:\/\/natussensory.com\/wp-content\/uploads\/Otobase_linkspot.jpg","medium-width":600,"medium-height":300,"medium_large":"https:\/\/natussensory.com\/wp-content\/uploads\/Otobase_linkspot.jpg","medium_large-width":600,"medium_large-height":300,"large":"https:\/\/natussensory.com\/wp-content\/uploads\/Otobase_linkspot.jpg","large-width":600,"large-height":300,"1536x1536":"https:\/\/natussensory.com\/wp-content\/uploads\/Otobase_linkspot.jpg","1536x1536-width":600,"1536x1536-height":300,"2048x2048":"https:\/\/natussensory.com\/wp-content\/uploads\/Otobase_linkspot.jpg","2048x2048-width":600,"2048x2048-height":300}},"title":"Int\u00e9gration DME","link":{"type":"post","value":"4119","url":"https:\/\/natussensory.com\/products\/otobase\/","name":"Otobase\u00ae &#8211; EMR Integration","title":"En Savoir Plus","target":""}}]}},{"acf_fc_layout":"contact_form","_acfe_flexible_toggle":"","contact_form_landing":{"module_options":{"":null,"module_id":"contact","module_class":"","module_background_type":"color","module_background_color":"","module_background_image":false,"module_background_video":"","activate_custom_padding":false,"padding_top_desktop":"0","padding_top_tablet":"0","padding_top_mobile":"0","padding_bottom_desktop":"0","padding_bottom_tablet":"0","padding_bottom_mobile":"0","activate_custom_margin":false,"margin_top_desktop":"0","margin_top_tablet":"0","margin_top_mobile":"0","margin_bottom_desktop":"0","margin_bottom_tablet":"0","margin_bottom_mobile":"0","disable_on":[],"content_alignment_desktop":"left","content_alignment_tablet":"left","content_alignment_mobile":"left"},"":null,"activate_intro":false,"intro_text":"","intro_text_color":"","intro_link":null,"activate_description":true,"description_title":"Contactez-nous","description_copy":"","embed_code":"<script charset=\"utf-8\" type=\"text\/javascript\" src=\"\/\/js.hsforms.net\/forms\/embed\/v2.js\"><\/script>\r\n<script>\r\n  hbspt.forms.create({\r\n    region: \"na1\",\r\n    portalId: \"3002890\",\r\n    formId: \"ff154af9-a296-42ec-a3cb-3b9158278b44\"\r\n  });\r\n<\/script>"}},{"acf_fc_layout":"simple_content","_acfe_flexible_layout_title":"Part number","_acfe_flexible_toggle":"","content_full_width_landing":{"module_options":{"":null,"module_id":"n6514ae76e7cdd","module_class":"","module_background_type":"color","module_background_color":"","module_background_image":false,"module_background_video":"","activate_custom_padding":false,"padding_top_desktop":"0","padding_top_tablet":"0","padding_top_mobile":"0","padding_bottom_desktop":"0","padding_bottom_tablet":"0","padding_bottom_mobile":"0","activate_custom_margin":false,"margin_top_desktop":"0","margin_top_tablet":"0","margin_top_mobile":"0","margin_bottom_desktop":"0","margin_bottom_tablet":"0","margin_bottom_mobile":"0","disable_on":[],"content_alignment_desktop":"left","content_alignment_tablet":"left","content_alignment_mobile":"left"},"activate_custom_container_width":false,"container_width":"","content":"<p><span style=\"font-size: 11px;\">035821 RevE<\/span><\/p>\n"}}]},"_links":{"self":[{"href":"https:\/\/natussensory.com\/fr\/wp-json\/wp\/v2\/pages\/10113","targetHints":{"allow":["GET"]}}],"collection":[{"href":"https:\/\/natussensory.com\/fr\/wp-json\/wp\/v2\/pages"}],"about":[{"href":"https:\/\/natussensory.com\/fr\/wp-json\/wp\/v2\/types\/page"}],"author":[{"embeddable":true,"href":"https:\/\/natussensory.com\/fr\/wp-json\/wp\/v2\/users\/4"}],"replies":[{"embeddable":true,"href":"https:\/\/natussensory.com\/fr\/wp-json\/wp\/v2\/comments?post=10113"}],"version-history":[{"count":6,"href":"https:\/\/natussensory.com\/fr\/wp-json\/wp\/v2\/pages\/10113\/revisions"}],"predecessor-version":[{"id":26811,"href":"https:\/\/natussensory.com\/fr\/wp-json\/wp\/v2\/pages\/10113\/revisions\/26811"}],"up":[{"embeddable":true,"href":"https:\/\/natussensory.com\/fr\/wp-json\/wp\/v2\/pages\/10961"}],"wp:attachment":[{"href":"https:\/\/natussensory.com\/fr\/wp-json\/wp\/v2\/media?parent=10113"}],"wp:term":[{"taxonomy":"category","embeddable":true,"href":"https:\/\/natussensory.com\/fr\/wp-json\/wp\/v2\/categories?post=10113"},{"taxonomy":"post_tag","embeddable":true,"href":"https:\/\/natussensory.com\/fr\/wp-json\/wp\/v2\/tags?post=10113"}],"curies":[{"name":"wp","href":"https:\/\/api.w.org\/{rel}","templated":true}]}}