{"id":26995,"date":"2025-09-26T12:04:35","date_gmt":"2025-09-26T12:04:35","guid":{"rendered":"https:\/\/natussensory.com\/?page_id=26995"},"modified":"2026-01-07T11:32:59","modified_gmt":"2026-01-07T11:32:59","slug":"demo","status":"publish","type":"page","link":"https:\/\/natussensory.com\/es\/productos\/otoscan\/demo\/","title":{"rendered":"Otoscan demo"},"content":{"rendered":"","protected":false},"excerpt":{"rendered":"","protected":false},"author":4,"featured_media":0,"parent":12129,"menu_order":0,"comment_status":"closed","ping_status":"closed","template":"","meta":{"_acf_changed":false,"inline_featured_image":false,"footnotes":""},"categories":[],"tags":[],"class_list":["post-26995","page","type-page","status-publish","hentry"],"acf":{"content_blocks":[{"acf_fc_layout":"simple_content","_acfe_flexible_layout_title":null,"_acfe_flexible_toggle":null,"content_full_width_landing":{"module_options":{"":null,"module_id":"n68d66e6c8f513","module_class":"","module_background_type":"image","module_background_color":"","module_background_image":"https:\/\/natussensory.com\/wp-content\/uploads\/CopyOtoscan_campaign_header_resized_1900x500.jpg","module_background_video":"","activate_custom_padding":false,"padding_top_desktop":0,"padding_top_tablet":"","padding_top_mobile":"","padding_bottom_desktop":"","padding_bottom_tablet":"","padding_bottom_mobile":"","activate_custom_margin":false,"margin_top_desktop":"","margin_top_tablet":"","margin_top_mobile":"","margin_bottom_desktop":"","margin_bottom_tablet":"","margin_bottom_mobile":"","disable_on":[],"content_alignment_desktop":"left","content_alignment_tablet":"left","content_alignment_mobile":"left"},"activate_custom_container_width":false,"container_width":"","content":"<p>&nbsp;<\/p>\n<p>&nbsp;<\/p>\n<p>&nbsp;<\/p>\n<p>&nbsp;<\/p>\n<h1><span style=\"color: #ffffff;\">Genere un impacto.<\/span><br \/>\n<span style=\"color: #ffffff;\">No solo una impresi\u00f3n.<\/span><\/h1>\n<p><a href=\"#contact\"><span style=\"font-size: 26px; color: #ffffff;\">Demostraci\u00f3n sin compromiso: Otoscan<sup>\u00ae<\/sup><\/span><\/a><\/p>\n<p>&nbsp;<\/p>\n"}},{"acf_fc_layout":"simple_content","_acfe_flexible_layout_title":null,"_acfe_flexible_toggle":null,"content_full_width_landing":{"module_options":{"":null,"module_id":"n68d6738cdae49","module_class":"","module_background_type":"color","module_background_color":"","module_background_image":false,"module_background_video":"","activate_custom_padding":true,"padding_top_desktop":"0","padding_top_tablet":"0","padding_top_mobile":"0","padding_bottom_desktop":"0","padding_bottom_tablet":"0","padding_bottom_mobile":"0","activate_custom_margin":false,"margin_top_desktop":"","margin_top_tablet":"","margin_top_mobile":"","margin_bottom_desktop":"","margin_bottom_tablet":"","margin_bottom_mobile":"","disable_on":[],"content_alignment_desktop":"left","content_alignment_tablet":"left","content_alignment_mobile":"left"},"activate_custom_container_width":false,"container_width":"","content":"<p>&nbsp;<\/p>\n<h2>Una nueva era para su pr\u00e1ctica cl\u00ednica.<\/h2>\n<p><span style=\"font-size: 18px;\">Est\u00e1 a un paso de descubrir c\u00f3mo Otoscan puede transformar su pr\u00e1ctica. Vea en acci\u00f3n la herramienta que est\u00e1 definiendo el nuevo est\u00e1ndar en la atenci\u00f3n auditiva y c\u00f3mo le ayudar\u00e1 a:<\/span><\/p>\n"}},{"acf_fc_layout":"content_multiple_columns","_acfe_flexible_layout_title":null,"_acfe_flexible_toggle":null,"content_multiple_columns":{"module_options":{"":null,"module_id":"n68d6738cead8b","module_class":"","module_background_type":"color","module_background_color":"","module_background_image":false,"module_background_video":"","activate_custom_padding":true,"padding_top_desktop":"0","padding_top_tablet":"0","padding_top_mobile":"0","padding_bottom_desktop":"0","padding_bottom_tablet":"0","padding_bottom_mobile":"0","activate_custom_margin":false,"margin_top_desktop":"","margin_top_tablet":"","margin_top_mobile":"","margin_bottom_desktop":"","margin_bottom_tablet":"","margin_bottom_mobile":"","disable_on":[],"content_alignment_desktop":"left","content_alignment_tablet":"left","content_alignment_mobile":"left"},"columns_per_rows_desktop":"3","columns_per_rows_tablet":"3","columns_per_rows_mobile":"1","columns":[{"column_background":"","column_size":"one-third","column_alignment":"align-left","activate_top_right_border_radius":false,"content_type":[{"acf_fc_layout":"simple_content","content":"<p><span style=\"font-size: 18px;\"><strong>Aumente su precisi\u00f3n<\/strong><\/span><\/p>\n<p><span style=\"font-size: 18px;\">Ofrezca productos a medida con hasta un 50% menos de repeticiones, reduciendo costes y aumentando la satisfacci\u00f3n del paciente desde el primer ajuste.<\/span><\/p>\n"}]},{"column_background":"","column_size":"one-third","column_alignment":"align-left","activate_top_right_border_radius":false,"content_type":[{"acf_fc_layout":"simple_content","content":"<p><span style=\"font-size: 18px;\"><strong>Optimice su tiempo<\/strong><\/span><\/p>\n<p><span style=\"font-size: 18px;\">Realice escaneos digitales en minutos y agilice todo su flujo de trabajo. Libere horas en su agenda para atender a m\u00e1s pacientes.<\/span><\/p>\n"}]},{"column_background":"","column_size":"one-third","column_alignment":"align-left","activate_top_right_border_radius":false,"content_type":[{"acf_fc_layout":"simple_content","content":"<p><span style=\"font-size: 18px;\"><strong>Mejore la experiencia<\/strong><\/span><\/p>\n<p><span style=\"font-size: 18px;\">Reemplace la inc\u00f3moda silicona con un procedimiento r\u00e1pido, limpio y notablemente c\u00f3modo. Ofrezca un est\u00e1ndar de atenci\u00f3n moderno que le diferenciar\u00e1.<\/span><\/p>\n"}]}]}},{"acf_fc_layout":"testimonial","_acfe_flexible_layout_title":null,"_acfe_flexible_toggle":null,"testimonial_full_width_landing":{"module_options":{"":null,"module_id":"n68d676cdafb9c","module_class":"","module_background_type":"color","module_background_color":"","module_background_image":false,"module_background_video":"","activate_custom_padding":false,"padding_top_desktop":0,"padding_top_tablet":"","padding_top_mobile":"","padding_bottom_desktop":"","padding_bottom_tablet":"","padding_bottom_mobile":"","activate_custom_margin":false,"margin_top_desktop":"","margin_top_tablet":"","margin_top_mobile":"","margin_bottom_desktop":"","margin_bottom_tablet":"","margin_bottom_mobile":"","disable_on":[],"content_alignment_desktop":"left","content_alignment_tablet":"left","content_alignment_mobile":"left"},"inner_background":"#7288c4","icon_color":"","testimonial":"Nuestros audioprotesistas han ganado una enorme confianza en las adaptaciones gracias a la incre\u00edble precisi\u00f3n de Otoscan. El \u00e9xito en el primer ajuste es alt\u00edsimo.","name":"Julie","title":"Directora de Servicios Auditivos"}},{"acf_fc_layout":"left_image_right_content_single_cta","_acfe_flexible_layout_title":null,"_acfe_flexible_toggle":null,"left_image_right_content_single_cta_landing":{"module_options":{"":null,"module_id":"n68b591830797f","module_class":"","module_background_type":"color","module_background_color":"","module_background_image":false,"module_background_video":"","activate_custom_padding":false,"padding_top_desktop":0,"padding_top_tablet":"","padding_top_mobile":"","padding_bottom_desktop":"","padding_bottom_tablet":"","padding_bottom_mobile":"","activate_custom_margin":false,"margin_top_desktop":"","margin_top_tablet":"","margin_top_mobile":"","margin_bottom_desktop":"","margin_bottom_tablet":"","margin_bottom_mobile":"","disable_on":[],"content_alignment_desktop":"left","content_alignment_tablet":"left","content_alignment_mobile":"left"},"image":{"ID":26583,"id":26583,"title":"Otoscan-cradle-headset_spot","filename":"Otoscan-cradle-headset_spot.png","filesize":383157,"url":"https:\/\/natussensory.com\/wp-content\/uploads\/Otoscan-cradle-headset_spot.png","link":"https:\/\/natussensory.com\/es\/productos\/otoscan\/demo\/otoscan-cradle-headset_spot-2\/","alt":"Otoscan cradle with headset","author":"4","description":"","caption":"","name":"otoscan-cradle-headset_spot-2","status":"inherit","uploaded_to":26995,"date":"2025-09-01 12:27:47","modified":"2025-09-26 11:09:35","menu_order":0,"mime_type":"image\/png","type":"image","subtype":"png","icon":"https:\/\/natussensory.com\/wp-includes\/images\/media\/default.png","width":800,"height":450,"sizes":{"thumbnail":"https:\/\/natussensory.com\/wp-content\/uploads\/Otoscan-cradle-headset_spot.png","thumbnail-width":128,"thumbnail-height":72,"medium":"https:\/\/natussensory.com\/wp-content\/uploads\/Otoscan-cradle-headset_spot.png","medium-width":800,"medium-height":450,"medium_large":"https:\/\/natussensory.com\/wp-content\/uploads\/Otoscan-cradle-headset_spot-768x432.png","medium_large-width":768,"medium_large-height":432,"large":"https:\/\/natussensory.com\/wp-content\/uploads\/Otoscan-cradle-headset_spot.png","large-width":800,"large-height":450,"1536x1536":"https:\/\/natussensory.com\/wp-content\/uploads\/Otoscan-cradle-headset_spot.png","1536x1536-width":800,"1536x1536-height":450,"2048x2048":"https:\/\/natussensory.com\/wp-content\/uploads\/Otoscan-cradle-headset_spot.png","2048x2048-width":800,"2048x2048-height":450}},"label":"","title":"Caso de \u00e9xito","description":"<p><span style=\"font-size: 18px;\">Descubra el caso de \u00e9xito de Otoscan con Ganesh Kripapuri, Presidente y Cofundador de Key Hearing Aids, y analice el impacto real de esta tecnolog\u00eda en los resultados de una cl\u00ednica.<\/span><\/p>\n<p style=\"text-align: left;\"><span style=\"font-size: 18px;\"><a class=\"btn-v1\" href=\"https:\/\/partner.natus.com\/m\/8e5a21545be7578\/original\/Otoscan-Case-study-Ganesh-Kripapuri-Key-Hearing-Aids.pdf\" target=\"_blank\" rel=\"noopener\">VER CASO DE \u00c9XITO<\/a><\/span><\/p>\n","link":null}},{"acf_fc_layout":"contact_form","_acfe_flexible_layout_title":null,"_acfe_flexible_toggle":null,"contact_form_landing":{"module_options":{"":null,"module_id":"contact","module_class":"","module_background_type":"color","module_background_color":"","module_background_image":false,"module_background_video":"","activate_custom_padding":false,"padding_top_desktop":0,"padding_top_tablet":"","padding_top_mobile":"","padding_bottom_desktop":"","padding_bottom_tablet":"","padding_bottom_mobile":"","activate_custom_margin":false,"margin_top_desktop":"","margin_top_tablet":"","margin_top_mobile":"","margin_bottom_desktop":"","margin_bottom_tablet":"","margin_bottom_mobile":"","disable_on":[],"content_alignment_desktop":"left","content_alignment_tablet":"left","content_alignment_mobile":"left"},"":null,"activate_intro":true,"intro_text":"Reserve una demostraci\u00f3n","intro_text_color":"","intro_link":null,"activate_description":false,"description_title":"","description_copy":"","embed_code":"<script charset=\"utf-8\" type=\"text\/javascript\" src=\"\/\/js.hsforms.net\/forms\/embed\/v2.js\"><\/script>\r\n<script>\r\n  hbspt.forms.create({\r\n    region: \"na1\",\r\n    portalId: \"3002890\",\r\n    formId: \"f1157dea-66c7-4488-b03a-5f41364c1ff8\"\r\n  });\r\n<\/script>"}}]},"_links":{"self":[{"href":"https:\/\/natussensory.com\/es\/wp-json\/wp\/v2\/pages\/26995","targetHints":{"allow":["GET"]}}],"collection":[{"href":"https:\/\/natussensory.com\/es\/wp-json\/wp\/v2\/pages"}],"about":[{"href":"https:\/\/natussensory.com\/es\/wp-json\/wp\/v2\/types\/page"}],"author":[{"embeddable":true,"href":"https:\/\/natussensory.com\/es\/wp-json\/wp\/v2\/users\/4"}],"replies":[{"embeddable":true,"href":"https:\/\/natussensory.com\/es\/wp-json\/wp\/v2\/comments?post=26995"}],"version-history":[{"count":10,"href":"https:\/\/natussensory.com\/es\/wp-json\/wp\/v2\/pages\/26995\/revisions"}],"predecessor-version":[{"id":28456,"href":"https:\/\/natussensory.com\/es\/wp-json\/wp\/v2\/pages\/26995\/revisions\/28456"}],"up":[{"embeddable":true,"href":"https:\/\/natussensory.com\/es\/wp-json\/wp\/v2\/pages\/12129"}],"wp:attachment":[{"href":"https:\/\/natussensory.com\/es\/wp-json\/wp\/v2\/media?parent=26995"}],"wp:term":[{"taxonomy":"category","embeddable":true,"href":"https:\/\/natussensory.com\/es\/wp-json\/wp\/v2\/categories?post=26995"},{"taxonomy":"post_tag","embeddable":true,"href":"https:\/\/natussensory.com\/es\/wp-json\/wp\/v2\/tags?post=26995"}],"curies":[{"name":"wp","href":"https:\/\/api.w.org\/{rel}","templated":true}]}}