{"id":25024,"date":"2024-11-07T12:00:54","date_gmt":"2024-11-07T12:00:54","guid":{"rendered":"https:\/\/natussensory.com\/productos\/newborn-care\/"},"modified":"2026-04-13T12:42:40","modified_gmt":"2026-04-13T12:42:40","slug":"newborn-care","status":"publish","type":"page","link":"https:\/\/natussensory.com\/es\/productos\/newborn-care\/","title":{"rendered":"Newborn Care"},"content":{"rendered":"","protected":false},"excerpt":{"rendered":"","protected":false},"author":4,"featured_media":0,"parent":11803,"menu_order":0,"comment_status":"closed","ping_status":"closed","template":"templates\/page-sensory-solutions-category-landing.php","meta":{"_acf_changed":false,"inline_featured_image":false,"footnotes":""},"categories":[],"tags":[],"class_list":["post-25024","page","type-page","status-publish","hentry"],"acf":{"content_blocks":[{"acf_fc_layout":"spacer","_acfe_flexible_layout_title":null,"_acfe_flexible_toggle":null,"spacer":{"module_options":{"":null,"module_id":"n68592ab6c65d3","module_class":"","module_background_type":"color","module_background_color":"#473089","module_background_image":false,"module_background_video":"","activate_custom_padding":false,"padding_top_desktop":0,"padding_top_tablet":"","padding_top_mobile":"","padding_bottom_desktop":"","padding_bottom_tablet":"","padding_bottom_mobile":"","activate_custom_margin":false,"margin_top_desktop":"","margin_top_tablet":"","margin_top_mobile":"","margin_bottom_desktop":"","margin_bottom_tablet":"","margin_bottom_mobile":"","disable_on":[],"content_alignment_desktop":"left","content_alignment_tablet":"left","content_alignment_mobile":"left"},"height":"160"}},{"acf_fc_layout":"full_width_content","_acfe_flexible_layout_title":null,"_acfe_flexible_toggle":null,"content_full_width_landing":{"module_options":{"":null,"module_id":"n68a820c66a724","module_class":"","module_background_type":"image","module_background_color":"","module_background_image":"https:\/\/natussensory.com\/wp-content\/uploads\/Newborn_Care_Category_banner.jpg","module_background_video":"","activate_custom_padding":false,"padding_top_desktop":0,"padding_top_tablet":"","padding_top_mobile":"","padding_bottom_desktop":"","padding_bottom_tablet":"","padding_bottom_mobile":"","activate_custom_margin":false,"margin_top_desktop":"","margin_top_tablet":"","margin_top_mobile":"","margin_bottom_desktop":"","margin_bottom_tablet":"","margin_bottom_mobile":"","disable_on":[],"content_alignment_desktop":"left","content_alignment_tablet":"left","content_alignment_mobile":"left"},"activate_custom_container_width":true,"container_width":"1920","content":"<p>&nbsp;<\/p>\n<h1 style=\"padding-left: 80px;\"><span style=\"color: #ffffff;\">Newborn Care<\/span><\/h1>\n<p style=\"padding-left: 80px;\">\n"}},{"acf_fc_layout":"products_filter","_acfe_flexible_layout_title":null,"_acfe_flexible_toggle":null,"neuro_products_filter":{"module_options":{"":null,"module_id":"n672c9acbb2876","module_class":"","module_background_type":"color","module_background_color":"","module_background_image":false,"module_background_video":"","activate_custom_padding":false,"padding_top_desktop":0,"padding_top_tablet":"","padding_top_mobile":"","padding_bottom_desktop":"","padding_bottom_tablet":"","padding_bottom_mobile":"","activate_custom_margin":false,"margin_top_desktop":"","margin_top_tablet":"","margin_top_mobile":"","margin_bottom_desktop":"","margin_bottom_tablet":"","margin_bottom_mobile":"","disable_on":[],"content_alignment_desktop":"left","content_alignment_tablet":"left","content_alignment_mobile":"left"},"products":[{"category_title":"Newborn Care","subcategories":[{"subcategory_title":"Manejo de Ictericia","subcategory_products":[{"label":"Manejo de Ictericia","image":{"ID":25243,"id":25243,"title":"neoBLUE-nova_all-products-link","filename":"neoBLUE-nova_all-products-link.jpg","filesize":55625,"url":"https:\/\/natussensory.com\/wp-content\/uploads\/neoBLUE-nova_all-products-link.jpg","link":"https:\/\/natussensory.com\/es\/productos\/neoblue-nova_all-products-link-2\/","alt":"neoBLUE nova ","author":"4","description":"","caption":"","name":"neoblue-nova_all-products-link-2","status":"inherit","uploaded_to":11803,"date":"2025-08-04 10:26:05","modified":"2025-08-04 10:26:36","menu_order":0,"mime_type":"image\/jpeg","type":"image","subtype":"jpeg","icon":"https:\/\/natussensory.com\/wp-includes\/images\/media\/default.png","width":500,"height":400,"sizes":{"thumbnail":"https:\/\/natussensory.com\/wp-content\/uploads\/neoBLUE-nova_all-products-link.jpg","thumbnail-width":120,"thumbnail-height":96,"medium":"https:\/\/natussensory.com\/wp-content\/uploads\/neoBLUE-nova_all-products-link.jpg","medium-width":500,"medium-height":400,"medium_large":"https:\/\/natussensory.com\/wp-content\/uploads\/neoBLUE-nova_all-products-link.jpg","medium_large-width":500,"medium_large-height":400,"large":"https:\/\/natussensory.com\/wp-content\/uploads\/neoBLUE-nova_all-products-link.jpg","large-width":500,"large-height":400,"1536x1536":"https:\/\/natussensory.com\/wp-content\/uploads\/neoBLUE-nova_all-products-link.jpg","1536x1536-width":500,"1536x1536-height":400,"2048x2048":"https:\/\/natussensory.com\/wp-content\/uploads\/neoBLUE-nova_all-products-link.jpg","2048x2048-width":500,"2048x2048-height":400}},"title":"Un sistema vers\u00e1til 3 en 1. Nuestro \u00faltimo \u2013 y el mejor hasta ahora \u2013 sistema de fototerapia LED.","link":{"type":"post","value":"26941","url":"https:\/\/natussensory.com\/es\/productos\/neoblue-nova\/","name":"neoBLUE\u00ae nova &#8211; Sistema de fototerapia LED","title":"neoBLUE<sup>\u00ae<\/sup> nova","target":""}},{"label":"Manejo de Ictericia","image":{"ID":7319,"id":7319,"title":"neoBLUE-LED_all-products-link","filename":"neoBLUE-LED_all-products-link.jpg","filesize":21345,"url":"https:\/\/natussensory.com\/wp-content\/uploads\/neoBLUE-LED_all-products-link.jpg","link":"https:\/\/natussensory.com\/es\/productos\/neoblue-led_all-products-link-2\/","alt":"LED Phototherapy System","author":"4","description":"","caption":"","name":"neoblue-led_all-products-link-2","status":"inherit","uploaded_to":11803,"date":"2023-09-26 09:09:58","modified":"2024-11-07 10:45:38","menu_order":0,"mime_type":"image\/jpeg","type":"image","subtype":"jpeg","icon":"https:\/\/natussensory.com\/wp-includes\/images\/media\/default.png","width":500,"height":400,"sizes":{"thumbnail":"https:\/\/natussensory.com\/wp-content\/uploads\/neoBLUE-LED_all-products-link.jpg","thumbnail-width":120,"thumbnail-height":96,"medium":"https:\/\/natussensory.com\/wp-content\/uploads\/neoBLUE-LED_all-products-link.jpg","medium-width":500,"medium-height":400,"medium_large":"https:\/\/natussensory.com\/wp-content\/uploads\/neoBLUE-LED_all-products-link.jpg","medium_large-width":500,"medium_large-height":400,"large":"https:\/\/natussensory.com\/wp-content\/uploads\/neoBLUE-LED_all-products-link.jpg","large-width":500,"large-height":400,"1536x1536":"https:\/\/natussensory.com\/wp-content\/uploads\/neoBLUE-LED_all-products-link.jpg","1536x1536-width":500,"1536x1536-height":400,"2048x2048":"https:\/\/natussensory.com\/wp-content\/uploads\/neoBLUE-LED_all-products-link.jpg","2048x2048-width":500,"2048x2048-height":400}},"title":"Sistema de fototerapia LED con intensidad de luz ajustable, cobertura corporal completa y longitud de onda optimizada para un tratamiento eficaz de la ictericia neonatal.","link":{"type":"post","value":"6889","url":"https:\/\/natussensory.com\/products\/neoblue-led-phototherapy-system\/","name":"neoBLUE\u00ae LED Phototherapy System","title":"neoBLUE<sup>\u00ae<\/sup> LED","target":""}},{"label":"Manejo de Ictericia","image":{"ID":7314,"id":7314,"title":"neoBLUE-compact_all-products-link","filename":"neoBLUE-compact_all-products-link.jpg","filesize":47528,"url":"https:\/\/natussensory.com\/wp-content\/uploads\/neoBLUE-compact_all-products-link.jpg","link":"https:\/\/natussensory.com\/es\/productos\/neoblue-compact_all-products-link-2\/","alt":"Compact LED Phototherapy System for Newborn Jaundice","author":"4","description":"","caption":"","name":"neoblue-compact_all-products-link-2","status":"inherit","uploaded_to":11803,"date":"2023-09-26 09:09:57","modified":"2024-11-07 10:47:32","menu_order":0,"mime_type":"image\/jpeg","type":"image","subtype":"jpeg","icon":"https:\/\/natussensory.com\/wp-includes\/images\/media\/default.png","width":500,"height":400,"sizes":{"thumbnail":"https:\/\/natussensory.com\/wp-content\/uploads\/neoBLUE-compact_all-products-link.jpg","thumbnail-width":120,"thumbnail-height":96,"medium":"https:\/\/natussensory.com\/wp-content\/uploads\/neoBLUE-compact_all-products-link.jpg","medium-width":500,"medium-height":400,"medium_large":"https:\/\/natussensory.com\/wp-content\/uploads\/neoBLUE-compact_all-products-link.jpg","medium_large-width":500,"medium_large-height":400,"large":"https:\/\/natussensory.com\/wp-content\/uploads\/neoBLUE-compact_all-products-link.jpg","large-width":500,"large-height":400,"1536x1536":"https:\/\/natussensory.com\/wp-content\/uploads\/neoBLUE-compact_all-products-link.jpg","1536x1536-width":500,"1536x1536-height":400,"2048x2048":"https:\/\/natussensory.com\/wp-content\/uploads\/neoBLUE-compact_all-products-link.jpg","2048x2048-width":500,"2048x2048-height":400}},"title":"Sistema compacto de fototerapia LED con doble intensidad, luz de examen y brazo ajustable para tratar la ictericia neonatal en distintos entornos.","link":{"type":"post","value":"6903","url":"https:\/\/natussensory.com\/products\/neoblue-compact\/","name":"neoBLUE\u00ae Compact LED Phototherapy for Jaundice","title":"neoBLUE<sup>\u00ae<\/sup> compact ","target":""}},{"label":"Manejo de Ictericia","image":{"ID":7309,"id":7309,"title":"neoBLUE-blanket_all-products-link","filename":"neoBLUE-blanket_all-products-link.jpg","filesize":64196,"url":"https:\/\/natussensory.com\/wp-content\/uploads\/neoBLUE-blanket_all-products-link.jpg","link":"https:\/\/natussensory.com\/es\/productos\/neoblue-blanket_all-products-link-2\/","alt":"Intensive phototherapy that supports family-centered care & newborn development.","author":"4","description":"","caption":"","name":"neoblue-blanket_all-products-link-2","status":"inherit","uploaded_to":11803,"date":"2023-09-26 09:09:55","modified":"2024-11-07 10:54:53","menu_order":0,"mime_type":"image\/jpeg","type":"image","subtype":"jpeg","icon":"https:\/\/natussensory.com\/wp-includes\/images\/media\/default.png","width":500,"height":400,"sizes":{"thumbnail":"https:\/\/natussensory.com\/wp-content\/uploads\/neoBLUE-blanket_all-products-link.jpg","thumbnail-width":120,"thumbnail-height":96,"medium":"https:\/\/natussensory.com\/wp-content\/uploads\/neoBLUE-blanket_all-products-link.jpg","medium-width":500,"medium-height":400,"medium_large":"https:\/\/natussensory.com\/wp-content\/uploads\/neoBLUE-blanket_all-products-link.jpg","medium_large-width":500,"medium_large-height":400,"large":"https:\/\/natussensory.com\/wp-content\/uploads\/neoBLUE-blanket_all-products-link.jpg","large-width":500,"large-height":400,"1536x1536":"https:\/\/natussensory.com\/wp-content\/uploads\/neoBLUE-blanket_all-products-link.jpg","1536x1536-width":500,"1536x1536-height":400,"2048x2048":"https:\/\/natussensory.com\/wp-content\/uploads\/neoBLUE-blanket_all-products-link.jpg","2048x2048-width":500,"2048x2048-height":400}},"title":"Manta de fototerapia LED port\u00e1til que proporciona tratamiento continuo y eficaz de la ictericia durante el contacto, la lactancia o en casa.","link":{"type":"post","value":"6928","url":"https:\/\/natussensory.com\/products\/neoblue-blanket\/","name":"neoBLUE\u00ae blanket &#8211; LED Phototherapy System","title":"neoBLUE<sup>\u00ae<\/sup> blanket ","target":""}}]},{"subcategory_title":"Radi\u00f3metros","subcategory_products":[{"label":"Radi\u00f3metro","image":{"ID":7324,"id":7324,"title":"neoBLUE-Radiometer_all-products-link","filename":"neoBLUE-Radiometer_all-products-link.jpg","filesize":44524,"url":"https:\/\/natussensory.com\/wp-content\/uploads\/neoBLUE-Radiometer_all-products-link.jpg","link":"https:\/\/natussensory.com\/es\/productos\/neoblue-radiometer_all-products-link-2\/","alt":"Radiometer for Newborn Jaundice Treatment","author":"4","description":"","caption":"","name":"neoblue-radiometer_all-products-link-2","status":"inherit","uploaded_to":11803,"date":"2023-09-26 09:10:00","modified":"2024-11-07 10:58:02","menu_order":0,"mime_type":"image\/jpeg","type":"image","subtype":"jpeg","icon":"https:\/\/natussensory.com\/wp-includes\/images\/media\/default.png","width":500,"height":400,"sizes":{"thumbnail":"https:\/\/natussensory.com\/wp-content\/uploads\/neoBLUE-Radiometer_all-products-link.jpg","thumbnail-width":120,"thumbnail-height":96,"medium":"https:\/\/natussensory.com\/wp-content\/uploads\/neoBLUE-Radiometer_all-products-link.jpg","medium-width":500,"medium-height":400,"medium_large":"https:\/\/natussensory.com\/wp-content\/uploads\/neoBLUE-Radiometer_all-products-link.jpg","medium_large-width":500,"medium_large-height":400,"large":"https:\/\/natussensory.com\/wp-content\/uploads\/neoBLUE-Radiometer_all-products-link.jpg","large-width":500,"large-height":400,"1536x1536":"https:\/\/natussensory.com\/wp-content\/uploads\/neoBLUE-Radiometer_all-products-link.jpg","1536x1536-width":500,"1536x1536-height":400,"2048x2048":"https:\/\/natussensory.com\/wp-content\/uploads\/neoBLUE-Radiometer_all-products-link.jpg","2048x2048-width":500,"2048x2048-height":400}},"title":"El radi\u00f3metro neoBLUE\u00ae ofrece mediciones calibradas y sin cables de la irradiancia en todo el espectro de absorci\u00f3n de la bilirrubina, optimizando as\u00ed la fototerapia neonatal.","link":{"type":"post","value":"6953","url":"https:\/\/natussensory.com\/products\/neoblue-radiometer-newborn-jaundice-treatment\/","name":"neoBLUE\u00ae &#8211; Radiometer &#8211; Jaundice Treatment","title":"neoBLUE<sup>\u00ae<\/sup> Radiometer","target":""}}]},{"subcategory_title":"Protectores Oculares","subcategory_products":[{"label":"Protezione per gli Occhi","image":{"ID":7304,"id":7304,"title":"Biliband_all-products-link","filename":"Biliband_all-products-link.jpg","filesize":119135,"url":"https:\/\/natussensory.com\/wp-content\/uploads\/Biliband_all-products-link.jpg","link":"https:\/\/natussensory.com\/es\/productos\/biliband_all-products-link-2\/","alt":"Eye Protector for Newborn Phototherapy","author":"4","description":"","caption":"","name":"biliband_all-products-link-2","status":"inherit","uploaded_to":11803,"date":"2023-09-26 09:09:53","modified":"2024-11-07 10:58:53","menu_order":0,"mime_type":"image\/jpeg","type":"image","subtype":"jpeg","icon":"https:\/\/natussensory.com\/wp-includes\/images\/media\/default.png","width":500,"height":400,"sizes":{"thumbnail":"https:\/\/natussensory.com\/wp-content\/uploads\/Biliband_all-products-link.jpg","thumbnail-width":120,"thumbnail-height":96,"medium":"https:\/\/natussensory.com\/wp-content\/uploads\/Biliband_all-products-link.jpg","medium-width":500,"medium-height":400,"medium_large":"https:\/\/natussensory.com\/wp-content\/uploads\/Biliband_all-products-link.jpg","medium_large-width":500,"medium_large-height":400,"large":"https:\/\/natussensory.com\/wp-content\/uploads\/Biliband_all-products-link.jpg","large-width":500,"large-height":400,"1536x1536":"https:\/\/natussensory.com\/wp-content\/uploads\/Biliband_all-products-link.jpg","1536x1536-width":500,"1536x1536-height":400,"2048x2048":"https:\/\/natussensory.com\/wp-content\/uploads\/Biliband_all-products-link.jpg","2048x2048-width":500,"2048x2048-height":400}},"title":"Protecci\u00f3n ocular flexible que bloquea de forma segura la luz de fototerapia, permitiendo una exposici\u00f3n total de la cabeza del reci\u00e9n nacido durante el tratamiento.","link":{"type":"post","value":"6915","url":"https:\/\/natussensory.com\/products\/biliband-eye-protector\/","name":"Biliband\u00ae Eye Protector for Newborn Phototherapy","title":"Biliband<sup>\u00ae<\/sup>","target":""}}]}]}]}},{"acf_fc_layout":"education","_acfe_flexible_layout_title":null,"_acfe_flexible_toggle":null,"left_image_right_content_multi_ctas_landing":{"module_options":{"":null,"module_id":"n651562ca6099b","module_class":"","module_background_type":"color","module_background_color":"","module_background_image":false,"module_background_video":"","activate_custom_padding":false,"padding_top_desktop":0,"padding_top_tablet":"","padding_top_mobile":"","padding_bottom_desktop":"","padding_bottom_tablet":"","padding_bottom_mobile":"","activate_custom_margin":false,"margin_top_desktop":"","margin_top_tablet":"","margin_top_mobile":"","margin_bottom_desktop":"","margin_bottom_tablet":"","margin_bottom_mobile":"","disable_on":[],"content_alignment_desktop":"left","content_alignment_tablet":"left","content_alignment_mobile":"left"},"image":{"ID":7336,"id":7336,"title":"Education_spot","filename":"Education_spot.jpg","filesize":250797,"url":"https:\/\/natussensory.com\/wp-content\/uploads\/Education_spot.jpg","link":"https:\/\/natussensory.com\/es\/productos\/education_spot-2\/","alt":"","author":"4","description":"","caption":"","name":"education_spot-2","status":"inherit","uploaded_to":11803,"date":"2023-09-26 10:17:46","modified":"2023-09-26 10:17:46","menu_order":0,"mime_type":"image\/jpeg","type":"image","subtype":"jpeg","icon":"https:\/\/natussensory.com\/wp-includes\/images\/media\/default.png","width":800,"height":450,"sizes":{"thumbnail":"https:\/\/natussensory.com\/wp-content\/uploads\/Education_spot.jpg","thumbnail-width":128,"thumbnail-height":72,"medium":"https:\/\/natussensory.com\/wp-content\/uploads\/Education_spot.jpg","medium-width":800,"medium-height":450,"medium_large":"https:\/\/natussensory.com\/wp-content\/uploads\/Education_spot-768x432.jpg","medium_large-width":768,"medium_large-height":432,"large":"https:\/\/natussensory.com\/wp-content\/uploads\/Education_spot.jpg","large-width":800,"large-height":450,"1536x1536":"https:\/\/natussensory.com\/wp-content\/uploads\/Education_spot.jpg","1536x1536-width":800,"1536x1536-height":450,"2048x2048":"https:\/\/natussensory.com\/wp-content\/uploads\/Education_spot.jpg","2048x2048-width":800,"2048x2048-height":450}},"label":"Educaci\u00f3n","title":"Sensory Academia","description":"Proporcionar conocimiento experto, experiencia cl\u00ednica y educaci\u00f3n avanzada, sea cual sea su funci\u00f3n, donde sea que trabaje.","links":[{"link":{"type":"url","value":"https:\/\/hearing-balance.academy\/","url":"https:\/\/hearing-balance.academy\/","name":"https:\/\/hearing-balance.academy\/","title":"Hearing & Balance Academy","target":"_blank"}},{"link":{"type":"url","value":"https:\/\/neonatalcareacademy.com\/","url":"https:\/\/neonatalcareacademy.com\/","name":"https:\/\/neonatalcareacademy.com\/","title":"Neonatal Care Academy","target":"_blank"}},{"link":{"type":"url","value":"https:\/\/vision-care.academy\/","url":"https:\/\/vision-care.academy\/","name":"https:\/\/vision-care.academy\/","title":"Vision Care Academy","target":"_blank"}}]}}]},"_links":{"self":[{"href":"https:\/\/natussensory.com\/es\/wp-json\/wp\/v2\/pages\/25024","targetHints":{"allow":["GET"]}}],"collection":[{"href":"https:\/\/natussensory.com\/es\/wp-json\/wp\/v2\/pages"}],"about":[{"href":"https:\/\/natussensory.com\/es\/wp-json\/wp\/v2\/types\/page"}],"author":[{"embeddable":true,"href":"https:\/\/natussensory.com\/es\/wp-json\/wp\/v2\/users\/4"}],"replies":[{"embeddable":true,"href":"https:\/\/natussensory.com\/es\/wp-json\/wp\/v2\/comments?post=25024"}],"version-history":[{"count":10,"href":"https:\/\/natussensory.com\/es\/wp-json\/wp\/v2\/pages\/25024\/revisions"}],"predecessor-version":[{"id":28886,"href":"https:\/\/natussensory.com\/es\/wp-json\/wp\/v2\/pages\/25024\/revisions\/28886"}],"up":[{"embeddable":true,"href":"https:\/\/natussensory.com\/es\/wp-json\/wp\/v2\/pages\/11803"}],"wp:attachment":[{"href":"https:\/\/natussensory.com\/es\/wp-json\/wp\/v2\/media?parent=25024"}],"wp:term":[{"taxonomy":"category","embeddable":true,"href":"https:\/\/natussensory.com\/es\/wp-json\/wp\/v2\/categories?post=25024"},{"taxonomy":"post_tag","embeddable":true,"href":"https:\/\/natussensory.com\/es\/wp-json\/wp\/v2\/tags?post=25024"}],"curies":[{"name":"wp","href":"https:\/\/api.w.org\/{rel}","templated":true}]}}