{"id":24865,"date":"2025-06-25T08:19:19","date_gmt":"2025-06-25T08:19:19","guid":{"rendered":"https:\/\/natussensory.com\/productos\/aabr-newborn-hearing-screeners\/"},"modified":"2025-10-31T13:53:07","modified_gmt":"2025-10-31T13:53:07","slug":"aabr-tamizaje-auditivo-neonatal-s","status":"publish","type":"page","link":"https:\/\/natussensory.com\/es\/productos\/aabr-tamizaje-auditivo-neonatal-s\/","title":{"rendered":"AABR Tamizaje Auditivo Neonatal"},"content":{"rendered":"","protected":false},"excerpt":{"rendered":"","protected":false},"author":4,"featured_media":0,"parent":11803,"menu_order":0,"comment_status":"closed","ping_status":"closed","template":"","meta":{"_acf_changed":false,"inline_featured_image":false,"footnotes":""},"categories":[312],"tags":[],"class_list":["post-24865","page","type-page","status-publish","hentry","category-tamizaje-auditivo"],"acf":{"content_blocks":[{"acf_fc_layout":"spacer","_acfe_flexible_toggle":"","spacer":{"module_options":{"":null,"module_id":"n682c85f324428","module_class":"","module_background_type":"color","module_background_color":"#473089","module_background_image":false,"module_background_video":"","activate_custom_padding":false,"padding_top_desktop":0,"padding_top_tablet":"","padding_top_mobile":"","padding_bottom_desktop":"","padding_bottom_tablet":"","padding_bottom_mobile":"","activate_custom_margin":false,"margin_top_desktop":"","margin_top_tablet":"","margin_top_mobile":"","margin_bottom_desktop":"","margin_bottom_tablet":"","margin_bottom_mobile":"","disable_on":[],"content_alignment_desktop":"left","content_alignment_tablet":"left","content_alignment_mobile":"left"},"height":"160"}},{"acf_fc_layout":"simple_content","_acfe_flexible_toggle":"","content_full_width_landing":{"module_options":{"":null,"module_id":"n68481ff96f7b3","module_class":"","module_background_type":"color","module_background_color":"#d4e9f9","module_background_image":false,"module_background_video":"","activate_custom_padding":false,"padding_top_desktop":0,"padding_top_tablet":"","padding_top_mobile":"","padding_bottom_desktop":"","padding_bottom_tablet":"","padding_bottom_mobile":"","activate_custom_margin":false,"margin_top_desktop":"","margin_top_tablet":"","margin_top_mobile":"","margin_bottom_desktop":"","margin_bottom_tablet":"","margin_bottom_mobile":"","disable_on":[],"content_alignment_desktop":"left","content_alignment_tablet":"left","content_alignment_mobile":"left"},"activate_custom_container_width":false,"container_width":"","content":"<h1 style=\"text-align: center;\">AABR Tamizaje Auditivo Neonatal<\/h1>\n<p style=\"text-align: center;\"><span style=\"font-size: 18px;\"><span class=\"TextRun SCXW16624457 BCX0\" lang=\"EN-US\" xml:lang=\"EN-US\" data-contrast=\"auto\"><span class=\"NormalTextRun SpellingErrorV2Themed SCXW16624457 BCX0\">Dise\u00f1ados<\/span><span class=\"NormalTextRun SCXW16624457 BCX0\"> para <\/span><span class=\"NormalTextRun SpellingErrorV2Themed SCXW16624457 BCX0\">profesionales<\/span> <span class=\"NormalTextRun SpellingErrorV2Themed SCXW16624457 BCX0\">cl\u00ednicos<\/span><span class=\"NormalTextRun SCXW16624457 BCX0\">, <\/span><span class=\"NormalTextRun SpellingErrorV2Themed SCXW16624457 BCX0\">nuestros<\/span> <span class=\"NormalTextRun SpellingErrorV2Themed SCXW16624457 BCX0\">cribadores<\/span> <span class=\"NormalTextRun SpellingErrorV2Themed SCXW16624457 BCX0\">auditivos<\/span> <span class=\"NormalTextRun SpellingErrorV2Themed SCXW16624457 BCX0\">neonatales<\/span><span class=\"NormalTextRun SCXW16624457 BCX0\"> AABR <\/span><span class=\"NormalTextRun SpellingErrorV2Themed SCXW16624457 BCX0\">combinan<\/span> <span class=\"NormalTextRun SpellingErrorV2Themed SCXW16624457 BCX0\">una<\/span> <span class=\"NormalTextRun SpellingErrorV2Themed SCXW16624457 BCX0\">detecci\u00f3n<\/span><span class=\"NormalTextRun SCXW16624457 BCX0\"> binomial <\/span><span class=\"NormalTextRun SpellingErrorV2Themed SCXW16624457 BCX0\">avanzada<\/span><span class=\"NormalTextRun SCXW16624457 BCX0\"> con <\/span><span class=\"NormalTextRun SpellingErrorV2Themed SCXW16624457 BCX0\">alta<\/span> <span class=\"NormalTextRun SpellingErrorV2Themed SCXW16624457 BCX0\">precisi\u00f3n<\/span><span class=\"NormalTextRun SCXW16624457 BCX0\"> y un <\/span><span class=\"NormalTextRun SpellingErrorV2Themed SCXW16624457 BCX0\">n\u00famero<\/span> <span class=\"NormalTextRun SpellingErrorV2Themed SCXW16624457 BCX0\">m\u00ednimo<\/span><span class=\"NormalTextRun SCXW16624457 BCX0\"> de <\/span><span class=\"NormalTextRun SpellingErrorV2Themed SCXW16624457 BCX0\">falsos<\/span> <span class=\"NormalTextRun SpellingErrorV2Themed SCXW16624457 BCX0\">positivos<\/span><span class=\"NormalTextRun SCXW16624457 BCX0\">. Con <\/span><span class=\"NormalTextRun SpellingErrorV2Themed SCXW16624457 BCX0\">opciones<\/span><span class=\"NormalTextRun SCXW16624457 BCX0\"> que van <\/span><span class=\"NormalTextRun SpellingErrorV2Themed SCXW16624457 BCX0\">desde<\/span> <span class=\"NormalTextRun SpellingErrorV2Themed SCXW16624457 BCX0\">dispositivos<\/span> <span class=\"NormalTextRun SpellingErrorV2Themed SCXW16624457 BCX0\">port\u00e1tiles<\/span><span class=\"NormalTextRun SCXW16624457 BCX0\"> hasta <\/span><span class=\"NormalTextRun SpellingErrorV2Themed SCXW16624457 BCX0\">sistemas<\/span> <span class=\"NormalTextRun SpellingErrorV2Themed SCXW16624457 BCX0\">montados<\/span> <span class=\"NormalTextRun SpellingErrorV2Themed SCXW16624457 BCX0\">en<\/span> <span class=\"NormalTextRun SpellingErrorV2Themed SCXW16624457 BCX0\">carros<\/span><span class=\"NormalTextRun SCXW16624457 BCX0\"> con <\/span><span class=\"NormalTextRun SpellingErrorV2Themed SCXW16624457 BCX0\">herramientas<\/span><span class=\"NormalTextRun SCXW16624457 BCX0\"> de <\/span><span class=\"NormalTextRun SpellingErrorV2Themed SCXW16624457 BCX0\">flujo<\/span><span class=\"NormalTextRun SCXW16624457 BCX0\"> de <\/span><span class=\"NormalTextRun SpellingErrorV2Themed SCXW16624457 BCX0\">trabajo<\/span> <span class=\"NormalTextRun SpellingErrorV2Themed SCXW16624457 BCX0\">integradas<\/span><span class=\"NormalTextRun SCXW16624457 BCX0\">, <\/span><span class=\"NormalTextRun SpellingErrorV2Themed SCXW16624457 BCX0\">ofrecen<\/span> <span class=\"NormalTextRun SpellingErrorV2Themed SCXW16624457 BCX0\">modos<\/span><span class=\"NormalTextRun SCXW16624457 BCX0\"> de <\/span><span class=\"NormalTextRun SpellingErrorV2Themed SCXW16624457 BCX0\">cribado<\/span><span class=\"NormalTextRun SCXW16624457 BCX0\"> flexibles, <\/span><span class=\"NormalTextRun SpellingErrorV2Themed SCXW16624457 BCX0\">controles<\/span> <span class=\"NormalTextRun SpellingErrorV2Themed SCXW16624457 BCX0\">intuitivos<\/span> <span class=\"NormalTextRun SpellingErrorV2Themed SCXW16624457 BCX0\">mediante<\/span> <span class=\"NormalTextRun SpellingErrorV2Themed SCXW16624457 BCX0\">pantalla<\/span> <span class=\"NormalTextRun SpellingErrorV2Themed SCXW16624457 BCX0\">t\u00e1ctil<\/span><span class=\"NormalTextRun SCXW16624457 BCX0\">, <\/span><span class=\"NormalTextRun SpellingErrorV2Themed SCXW16624457 BCX0\">funcionamiento<\/span> <span class=\"NormalTextRun SpellingErrorV2Themed SCXW16624457 BCX0\">inal\u00e1mbrico<\/span><span class=\"NormalTextRun SCXW16624457 BCX0\"> y <\/span><span class=\"NormalTextRun SpellingErrorV2Themed SCXW16624457 BCX0\">gesti\u00f3n<\/span> <span class=\"NormalTextRun SpellingErrorV2Themed SCXW16624457 BCX0\">segura<\/span><span class=\"NormalTextRun SCXW16624457 BCX0\"> de <\/span><span class=\"NormalTextRun SpellingErrorV2Themed SCXW16624457 BCX0\">datos<\/span><span class=\"NormalTextRun SCXW16624457 BCX0\">, lo que <\/span><span class=\"NormalTextRun SpellingErrorV2Themed SCXW16624457 BCX0\">respalda<\/span> <span class=\"NormalTextRun SpellingErrorV2Themed SpellingErrorHighlight SCXW16624457 BCX0\">pruebas<\/span> <span class=\"NormalTextRun SpellingErrorV2Themed SCXW16624457 BCX0\">eficientes<\/span><span class=\"NormalTextRun SCXW16624457 BCX0\"> y <\/span><span class=\"NormalTextRun SpellingErrorV2Themed SCXW16624457 BCX0\">una<\/span> <span class=\"NormalTextRun SpellingErrorV2Themed SCXW16624457 BCX0\">detecci\u00f3n<\/span> <span class=\"NormalTextRun SpellingErrorV2Themed SCXW16624457 BCX0\">temprana<\/span> <span class=\"NormalTextRun SpellingErrorV2Themed SCXW16624457 BCX0\">en<\/span> <span class=\"NormalTextRun SpellingErrorV2Themed SCXW16624457 BCX0\">una<\/span> <span class=\"NormalTextRun SpellingErrorV2Themed SCXW16624457 BCX0\">variedad<\/span><span class=\"NormalTextRun SCXW16624457 BCX0\"> de <\/span><span class=\"NormalTextRun SpellingErrorV2Themed SCXW16624457 BCX0\">entornos<\/span> <span class=\"NormalTextRun SpellingErrorV2Themed SCXW16624457 BCX0\">cl\u00ednicos<\/span><span class=\"NormalTextRun SCXW16624457 BCX0\">.<\/span><\/span><span class=\"EOP SCXW16624457 BCX0\" data-ccp-props=\"{&quot;335551550&quot;:2,&quot;335551620&quot;:2}\">\u00a0<\/span><\/span><\/p>\n"}},{"acf_fc_layout":"related_products","_acfe_flexible_toggle":"","tiles_3_columns_landing":{"module_options":{"":null,"module_id":"n682c87cfb8053","module_class":"","module_background_type":"color","module_background_color":"","module_background_image":false,"module_background_video":"","activate_custom_padding":false,"padding_top_desktop":0,"padding_top_tablet":"","padding_top_mobile":"","padding_bottom_desktop":"","padding_bottom_tablet":"","padding_bottom_mobile":"","activate_custom_margin":false,"margin_top_desktop":"","margin_top_tablet":"","margin_top_mobile":"","margin_bottom_desktop":"","margin_bottom_tablet":"","margin_bottom_mobile":"","disable_on":[],"content_alignment_desktop":"left","content_alignment_tablet":"left","content_alignment_mobile":"left"},"intro_text":" Productos ","intro_text_color":"","intro_link":{"type":"post","value":"1518","url":"https:\/\/natussensory.com\/products\/","name":"Products","title":"Ver todos los productos ","target":""},"tiles":[{"label":"","label_background_color":"#d4e9f9","image":{"ID":20743,"id":20743,"title":"ALGO-Pro_linkspot","filename":"ALGO-Pro_linkspot.jpg","filesize":29829,"url":"https:\/\/natussensory.com\/wp-content\/uploads\/ALGO-Pro_linkspot.jpg","link":"https:\/\/natussensory.com\/es\/productos\/aabr-tamizaje-auditivo-neonatal-s\/algo-pro_linkspot-2\/","alt":"ALGO\u00ae Pro Newborn hearing screening","author":"4","description":"","caption":"","name":"algo-pro_linkspot-2","status":"inherit","uploaded_to":24865,"date":"2024-07-04 12:02:34","modified":"2024-07-04 12:04:28","menu_order":0,"mime_type":"image\/jpeg","type":"image","subtype":"jpeg","icon":"https:\/\/natussensory.com\/wp-includes\/images\/media\/default.png","width":600,"height":300,"sizes":{"thumbnail":"https:\/\/natussensory.com\/wp-content\/uploads\/ALGO-Pro_linkspot.jpg","thumbnail-width":128,"thumbnail-height":64,"medium":"https:\/\/natussensory.com\/wp-content\/uploads\/ALGO-Pro_linkspot.jpg","medium-width":600,"medium-height":300,"medium_large":"https:\/\/natussensory.com\/wp-content\/uploads\/ALGO-Pro_linkspot.jpg","medium_large-width":600,"medium_large-height":300,"large":"https:\/\/natussensory.com\/wp-content\/uploads\/ALGO-Pro_linkspot.jpg","large-width":600,"large-height":300,"1536x1536":"https:\/\/natussensory.com\/wp-content\/uploads\/ALGO-Pro_linkspot.jpg","1536x1536-width":600,"1536x1536-height":300,"2048x2048":"https:\/\/natussensory.com\/wp-content\/uploads\/ALGO-Pro_linkspot.jpg","2048x2048-width":600,"2048x2048-height":300}},"title":"Tamizaje AABR automatizado con detecci\u00f3n binomial, alta precisi\u00f3n, modos flexibles, funcionamiento inal\u00e1mbrico, pantalla t\u00e1ctil y manejo seguro de datos. ","link":{"type":"post","value":"20521","url":"https:\/\/natussensory.com\/products\/algo-pro\/","name":"ALGO\u00ae Pro Newborn Hearing Screener","title":"ALGO<sup>\u00ae<\/sup> Pro","target":""}},{"label":"","label_background_color":"#d4e9f9","image":{"ID":8900,"id":8900,"title":"ALGO-7i_linkspot","filename":"ALGO-7i_linkspot.jpg","filesize":30220,"url":"https:\/\/natussensory.com\/wp-content\/uploads\/ALGO-7i_linkspot.jpg","link":"https:\/\/natussensory.com\/es\/productos\/algo-7i\/algo-7i_linkspot-2\/","alt":"Algo7i","author":"4","description":"","caption":"","name":"algo-7i_linkspot-2","status":"inherit","uploaded_to":12042,"date":"2023-10-01 14:24:18","modified":"2025-08-06 14:10:09","menu_order":0,"mime_type":"image\/jpeg","type":"image","subtype":"jpeg","icon":"https:\/\/natussensory.com\/wp-includes\/images\/media\/default.png","width":600,"height":300,"sizes":{"thumbnail":"https:\/\/natussensory.com\/wp-content\/uploads\/ALGO-7i_linkspot.jpg","thumbnail-width":128,"thumbnail-height":64,"medium":"https:\/\/natussensory.com\/wp-content\/uploads\/ALGO-7i_linkspot.jpg","medium-width":600,"medium-height":300,"medium_large":"https:\/\/natussensory.com\/wp-content\/uploads\/ALGO-7i_linkspot.jpg","medium_large-width":600,"medium_large-height":300,"large":"https:\/\/natussensory.com\/wp-content\/uploads\/ALGO-7i_linkspot.jpg","large-width":600,"large-height":300,"1536x1536":"https:\/\/natussensory.com\/wp-content\/uploads\/ALGO-7i_linkspot.jpg","1536x1536-width":600,"1536x1536-height":300,"2048x2048":"https:\/\/natussensory.com\/wp-content\/uploads\/ALGO-7i_linkspot.jpg","2048x2048-width":600,"2048x2048-height":300}},"title":"Cribador AABR automatizado y compacto con detecci\u00f3n binomial, uso inal\u00e1mbrico, pantalla t\u00e1ctil y modos de cribado flexibles. ","link":{"type":"post","value":"4205","url":"https:\/\/natussensory.com\/products\/algo-7i\/","name":"ALGO\u00ae 7i Newborn Hearing Screener","title":"ALGO<sup>\u00ae<\/sup> 7i","target":""}}]}},{"acf_fc_layout":"left_image_right_content_single_cta","_acfe_flexible_layout_title":"Contacts us","_acfe_flexible_toggle":"","left_image_right_content_single_cta_landing":{"module_options":{"":null,"module_id":"n685a5d301dba3","module_class":"","module_background_type":"color","module_background_color":"","module_background_image":false,"module_background_video":"","activate_custom_padding":false,"padding_top_desktop":0,"padding_top_tablet":"","padding_top_mobile":"","padding_bottom_desktop":"","padding_bottom_tablet":"","padding_bottom_mobile":"","activate_custom_margin":false,"margin_top_desktop":"","margin_top_tablet":"","margin_top_mobile":"","margin_bottom_desktop":"","margin_bottom_tablet":"","margin_bottom_mobile":"","disable_on":[],"content_alignment_desktop":"left","content_alignment_tablet":"left","content_alignment_mobile":"left"},"image":{"ID":4241,"id":4241,"title":"Contact Us 800x450","filename":"Contact-Us-800x450-1.png","filesize":437541,"url":"https:\/\/natussensory.com\/wp-content\/uploads\/Contact-Us-800x450-1.png","link":"https:\/\/natussensory.com\/es\/productos\/contact-us-800x450-2\/","alt":"Shaking Hands - Contact Us","author":"4","description":"","caption":"","name":"contact-us-800x450-2","status":"inherit","uploaded_to":11803,"date":"2023-09-14 17:35:31","modified":"2025-06-12 09:14:13","menu_order":0,"mime_type":"image\/png","type":"image","subtype":"png","icon":"https:\/\/natussensory.com\/wp-includes\/images\/media\/default.png","width":800,"height":450,"sizes":{"thumbnail":"https:\/\/natussensory.com\/wp-content\/uploads\/Contact-Us-800x450-1.png","thumbnail-width":128,"thumbnail-height":72,"medium":"https:\/\/natussensory.com\/wp-content\/uploads\/Contact-Us-800x450-1.png","medium-width":800,"medium-height":450,"medium_large":"https:\/\/natussensory.com\/wp-content\/uploads\/Contact-Us-800x450-1-768x432.png","medium_large-width":768,"medium_large-height":432,"large":"https:\/\/natussensory.com\/wp-content\/uploads\/Contact-Us-800x450-1.png","large-width":800,"large-height":450,"1536x1536":"https:\/\/natussensory.com\/wp-content\/uploads\/Contact-Us-800x450-1.png","1536x1536-width":800,"1536x1536-height":450,"2048x2048":"https:\/\/natussensory.com\/wp-content\/uploads\/Contact-Us-800x450-1.png","2048x2048-width":800,"2048x2048-height":450}},"label":"Solicitar una cotizaci\u00f3n ","title":"\u00bfListo para marcar la diferencia en la atenci\u00f3n al paciente? ","description":"<p><span class=\"TextRun SCXW89574541 BCX8\" data-contrast=\"auto\"><span class=\"NormalTextRun SCXW89574541 BCX8\">Descubra m\u00e1s sobre nuestras soluciones l\u00edderes en la industria y c\u00f3mo podemos ayudarle a mejorar la atenci\u00f3n a los pacientes.<\/span><\/span><span class=\"EOP SCXW89574541 BCX8\" data-ccp-props=\"{}\">\u00a0<\/span><\/p>\n","link":{"type":"post","value":"892","url":"https:\/\/natussensory.com\/contact-us\/","name":"Contact us","title":"Cont\u00e1ctenos","target":""}}}]},"_links":{"self":[{"href":"https:\/\/natussensory.com\/es\/wp-json\/wp\/v2\/pages\/24865","targetHints":{"allow":["GET"]}}],"collection":[{"href":"https:\/\/natussensory.com\/es\/wp-json\/wp\/v2\/pages"}],"about":[{"href":"https:\/\/natussensory.com\/es\/wp-json\/wp\/v2\/types\/page"}],"author":[{"embeddable":true,"href":"https:\/\/natussensory.com\/es\/wp-json\/wp\/v2\/users\/4"}],"replies":[{"embeddable":true,"href":"https:\/\/natussensory.com\/es\/wp-json\/wp\/v2\/comments?post=24865"}],"version-history":[{"count":4,"href":"https:\/\/natussensory.com\/es\/wp-json\/wp\/v2\/pages\/24865\/revisions"}],"predecessor-version":[{"id":25873,"href":"https:\/\/natussensory.com\/es\/wp-json\/wp\/v2\/pages\/24865\/revisions\/25873"}],"up":[{"embeddable":true,"href":"https:\/\/natussensory.com\/es\/wp-json\/wp\/v2\/pages\/11803"}],"wp:attachment":[{"href":"https:\/\/natussensory.com\/es\/wp-json\/wp\/v2\/media?parent=24865"}],"wp:term":[{"taxonomy":"category","embeddable":true,"href":"https:\/\/natussensory.com\/es\/wp-json\/wp\/v2\/categories?post=24865"},{"taxonomy":"post_tag","embeddable":true,"href":"https:\/\/natussensory.com\/es\/wp-json\/wp\/v2\/tags?post=24865"}],"curies":[{"name":"wp","href":"https:\/\/api.w.org\/{rel}","templated":true}]}}