{"id":24843,"date":"2025-06-24T20:13:21","date_gmt":"2025-06-24T20:13:21","guid":{"rendered":"https:\/\/natussensory.com\/productos\/caloric-irrigator\/"},"modified":"2025-10-23T11:42:37","modified_gmt":"2025-10-23T11:42:37","slug":"irrigadores-caloricos","status":"publish","type":"page","link":"https:\/\/natussensory.com\/es\/productos\/irrigadores-caloricos\/","title":{"rendered":"Irrigadores Cal\u00f3ricos"},"content":{"rendered":"","protected":false},"excerpt":{"rendered":"","protected":false},"author":4,"featured_media":0,"parent":11803,"menu_order":0,"comment_status":"closed","ping_status":"closed","template":"","meta":{"_acf_changed":false,"inline_featured_image":false,"footnotes":""},"categories":[313],"tags":[],"class_list":["post-24843","page","type-page","status-publish","hentry","category-exploracion-vestibular"],"acf":{"content_blocks":[{"acf_fc_layout":"spacer","_acfe_flexible_toggle":"","spacer":{"module_options":{"":null,"module_id":"n682c85f324428","module_class":"","module_background_type":"color","module_background_color":"#473089","module_background_image":false,"module_background_video":"","activate_custom_padding":false,"padding_top_desktop":0,"padding_top_tablet":"","padding_top_mobile":"","padding_bottom_desktop":"","padding_bottom_tablet":"","padding_bottom_mobile":"","activate_custom_margin":false,"margin_top_desktop":"","margin_top_tablet":"","margin_top_mobile":"","margin_bottom_desktop":"","margin_bottom_tablet":"","margin_bottom_mobile":"","disable_on":[],"content_alignment_desktop":"left","content_alignment_tablet":"left","content_alignment_mobile":"left"},"height":"160"}},{"acf_fc_layout":"simple_content","_acfe_flexible_toggle":"","content_full_width_landing":{"module_options":{"":null,"module_id":"n68481ff96f7b3","module_class":"","module_background_type":"color","module_background_color":"#d4e9f9","module_background_image":false,"module_background_video":"","activate_custom_padding":false,"padding_top_desktop":0,"padding_top_tablet":"","padding_top_mobile":"","padding_bottom_desktop":"","padding_bottom_tablet":"","padding_bottom_mobile":"","activate_custom_margin":false,"margin_top_desktop":"","margin_top_tablet":"","margin_top_mobile":"","margin_bottom_desktop":"","margin_bottom_tablet":"","margin_bottom_mobile":"","disable_on":[],"content_alignment_desktop":"left","content_alignment_tablet":"left","content_alignment_mobile":"left"},"activate_custom_container_width":false,"container_width":"","content":"<h1 style=\"text-align: center;\"><span class=\"TextRun SCXW258966401 BCX0\" lang=\"EN-US\" xml:lang=\"EN-US\" data-contrast=\"auto\"><span class=\"NormalTextRun SpellingErrorV2Themed SCXW258966401 BCX0\">Irrigadores<\/span> <span class=\"NormalTextRun SpellingErrorV2Themed SCXW258966401 BCX0\">Cal\u00f3ricos<\/span><\/span><span class=\"EOP SCXW258966401 BCX0\" data-ccp-props=\"{&quot;134233117&quot;:false,&quot;134233118&quot;:false,&quot;201341983&quot;:0,&quot;335551550&quot;:2,&quot;335551620&quot;:2,&quot;335559685&quot;:0,&quot;335559737&quot;:0,&quot;335559738&quot;:0,&quot;335559739&quot;:160,&quot;335559740&quot;:279}\">\u00a0<\/span><\/h1>\n<p style=\"text-align: center;\"><span style=\"font-size: 18px;\"><span class=\"TextRun SCXW164900402 BCX0\" lang=\"EN-US\" xml:lang=\"EN-US\" data-contrast=\"auto\"><span class=\"NormalTextRun SCXW164900402 BCX0\">Nuestros <\/span><span class=\"NormalTextRun SpellingErrorV2Themed SCXW164900402 BCX0\">irrigadores<\/span> <span class=\"NormalTextRun SpellingErrorV2Themed SCXW164900402 BCX0\">cal\u00f3ricos<\/span> <span class=\"NormalTextRun SpellingErrorV2Themed SCXW164900402 BCX0\">proporcionan<\/span> <span class=\"NormalTextRun SpellingErrorV2Themed SCXW164900402 BCX0\">est\u00edmulos<\/span> <span class=\"NormalTextRun SpellingErrorV2Themed SCXW164900402 BCX0\">t\u00e9rmicos<\/span> <span class=\"NormalTextRun SpellingErrorV2Themed SCXW164900402 BCX0\">precisos<\/span><span class=\"NormalTextRun SCXW164900402 BCX0\"> y <\/span><span class=\"NormalTextRun SpellingErrorV2Themed SCXW164900402 BCX0\">controlables<\/span><span class=\"NormalTextRun SCXW164900402 BCX0\">, con <\/span><span class=\"NormalTextRun SpellingErrorV2Themed SCXW164900402 BCX0\">ajustes<\/span><span class=\"NormalTextRun SCXW164900402 BCX0\"> de <\/span><span class=\"NormalTextRun SpellingErrorV2Themed SCXW164900402 BCX0\">flujo<\/span><span class=\"NormalTextRun SCXW164900402 BCX0\"> de <\/span><span class=\"NormalTextRun SpellingErrorV2Themed SCXW164900402 BCX0\">aire<\/span><span class=\"NormalTextRun SCXW164900402 BCX0\"> y <\/span><span class=\"NormalTextRun SpellingErrorV2Themed SCXW164900402 BCX0\">temperatura<\/span> <span class=\"NormalTextRun SpellingErrorV2Themed SCXW164900402 BCX0\">regulables<\/span><span class=\"NormalTextRun SCXW164900402 BCX0\"> para <\/span><span class=\"NormalTextRun SpellingErrorV2Themed SCXW164900402 BCX0\">garantizar<\/span> <span class=\"NormalTextRun SpellingErrorV2Themed SCXW164900402 BCX0\">una<\/span> <span class=\"NormalTextRun SpellingErrorV2Themed SCXW164900402 BCX0\">activaci\u00f3n<\/span><span class=\"NormalTextRun SCXW164900402 BCX0\"> vestibular <\/span><span class=\"NormalTextRun SpellingErrorV2Themed SCXW164900402 BCX0\">constante<\/span><span class=\"NormalTextRun SCXW164900402 BCX0\"> y reproducible. <\/span><span class=\"NormalTextRun SpellingErrorV2Themed SCXW164900402 BCX0\">Dise\u00f1ados<\/span><span class=\"NormalTextRun SCXW164900402 BCX0\"> para <\/span><span class=\"NormalTextRun SpellingErrorV2Themed SCXW164900402 BCX0\">integrarse<\/span> <span class=\"NormalTextRun SpellingErrorV2Themed SCXW164900402 BCX0\">f\u00e1cilmente<\/span><span class=\"NormalTextRun SCXW164900402 BCX0\"> con <\/span><span class=\"NormalTextRun SpellingErrorV2Themed SCXW164900402 BCX0\">sistemas<\/span><span class=\"NormalTextRun SCXW164900402 BCX0\"> de <\/span><span class=\"NormalTextRun SpellingErrorV2Themed SCXW164900402 BCX0\">diagn\u00f3stico<\/span> <span class=\"NormalTextRun SpellingErrorV2Themed SCXW164900402 BCX0\">avanzados<\/span><span class=\"NormalTextRun SCXW164900402 BCX0\">, <\/span><span class=\"NormalTextRun SpellingErrorV2Themed SCXW164900402 BCX0\">mejoran<\/span><span class=\"NormalTextRun SCXW164900402 BCX0\"> la <\/span><span class=\"NormalTextRun SpellingErrorV2Themed SCXW164900402 BCX0\">precisi\u00f3n<\/span><span class=\"NormalTextRun SCXW164900402 BCX0\"> y la <\/span><span class=\"NormalTextRun SpellingErrorV2Themed SCXW164900402 BCX0\">eficiencia<\/span> <span class=\"NormalTextRun SpellingErrorV2Themed SCXW164900402 BCX0\">en<\/span><span class=\"NormalTextRun SCXW164900402 BCX0\"> las <\/span><span class=\"NormalTextRun SpellingErrorV2Themed SCXW164900402 BCX0\">evaluaciones<\/span><span class=\"NormalTextRun SCXW164900402 BCX0\"> del <\/span><span class=\"NormalTextRun SpellingErrorV2Themed SCXW164900402 BCX0\">equilibrio<\/span><span class=\"NormalTextRun SCXW164900402 BCX0\">.<\/span><\/span><span class=\"EOP SCXW164900402 BCX0\" data-ccp-props=\"{&quot;134233117&quot;:false,&quot;134233118&quot;:false,&quot;201341983&quot;:0,&quot;335551550&quot;:2,&quot;335551620&quot;:2,&quot;335559738&quot;:240,&quot;335559739&quot;:240,&quot;335559740&quot;:279}\">\u00a0<\/span><\/span><\/p>\n"}},{"acf_fc_layout":"related_products","_acfe_flexible_toggle":"","tiles_3_columns_landing":{"module_options":{"":null,"module_id":"n682c87cfb8053","module_class":"","module_background_type":"color","module_background_color":"","module_background_image":false,"module_background_video":"","activate_custom_padding":false,"padding_top_desktop":0,"padding_top_tablet":"","padding_top_mobile":"","padding_bottom_desktop":"","padding_bottom_tablet":"","padding_bottom_mobile":"","activate_custom_margin":false,"margin_top_desktop":"","margin_top_tablet":"","margin_top_mobile":"","margin_bottom_desktop":"","margin_bottom_tablet":"","margin_bottom_mobile":"","disable_on":[],"content_alignment_desktop":"left","content_alignment_tablet":"left","content_alignment_mobile":"left"},"intro_text":"Productos ","intro_text_color":"","intro_link":{"type":"post","value":"1518","url":"https:\/\/natussensory.com\/products\/","name":"Products","title":"Ver todos los productos ","target":""},"tiles":[{"label":"","label_background_color":"#d4e9f9","image":{"ID":8984,"id":8984,"title":"Aircal_linkspot","filename":"Aircal_linkspot.jpg","filesize":65100,"url":"https:\/\/natussensory.com\/wp-content\/uploads\/Aircal_linkspot.jpg","link":"https:\/\/natussensory.com\/es\/productos\/ics-impulse\/aircal_linkspot-2\/","alt":"ICS Aircal caloric irrigation device with control panel and attached handpiece for vestibular testing.","author":"4","description":"","caption":"","name":"aircal_linkspot-2","status":"inherit","uploaded_to":12359,"date":"2023-10-01 19:50:01","modified":"2025-05-06 13:48:00","menu_order":0,"mime_type":"image\/jpeg","type":"image","subtype":"jpeg","icon":"https:\/\/natussensory.com\/wp-includes\/images\/media\/default.png","width":600,"height":300,"sizes":{"thumbnail":"https:\/\/natussensory.com\/wp-content\/uploads\/Aircal_linkspot.jpg","thumbnail-width":128,"thumbnail-height":64,"medium":"https:\/\/natussensory.com\/wp-content\/uploads\/Aircal_linkspot.jpg","medium-width":600,"medium-height":300,"medium_large":"https:\/\/natussensory.com\/wp-content\/uploads\/Aircal_linkspot.jpg","medium_large-width":600,"medium_large-height":300,"large":"https:\/\/natussensory.com\/wp-content\/uploads\/Aircal_linkspot.jpg","large-width":600,"large-height":300,"1536x1536":"https:\/\/natussensory.com\/wp-content\/uploads\/Aircal_linkspot.jpg","1536x1536-width":600,"1536x1536-height":300,"2048x2048":"https:\/\/natussensory.com\/wp-content\/uploads\/Aircal_linkspot.jpg","2048x2048-width":600,"2048x2048-height":300}},"title":"Irrigador cal\u00f3rico port\u00e1til por aire que aplica est\u00edmulos t\u00e9rmicos controlados con temperatura precisa para pruebas vestibulares fiables. ","link":{"type":"post","value":"5658","url":"https:\/\/natussensory.com\/products\/ics-aircal\/","name":"ICS\u00ae Aircal &#8211; Caloric Irrigator","title":"ICS<sup>\u00ae<\/sup> Aircal","target":""}}]}},{"acf_fc_layout":"left_image_right_content_single_cta","_acfe_flexible_layout_title":"Contacts us","_acfe_flexible_toggle":"","left_image_right_content_single_cta_landing":{"module_options":{"":null,"module_id":"n685a5d301dba3","module_class":"","module_background_type":"color","module_background_color":"","module_background_image":false,"module_background_video":"","activate_custom_padding":false,"padding_top_desktop":0,"padding_top_tablet":"","padding_top_mobile":"","padding_bottom_desktop":"","padding_bottom_tablet":"","padding_bottom_mobile":"","activate_custom_margin":false,"margin_top_desktop":"","margin_top_tablet":"","margin_top_mobile":"","margin_bottom_desktop":"","margin_bottom_tablet":"","margin_bottom_mobile":"","disable_on":[],"content_alignment_desktop":"left","content_alignment_tablet":"left","content_alignment_mobile":"left"},"image":{"ID":4241,"id":4241,"title":"Contact Us 800x450","filename":"Contact-Us-800x450-1.png","filesize":437541,"url":"https:\/\/natussensory.com\/wp-content\/uploads\/Contact-Us-800x450-1.png","link":"https:\/\/natussensory.com\/es\/productos\/contact-us-800x450-2\/","alt":"Shaking Hands - Contact Us","author":"4","description":"","caption":"","name":"contact-us-800x450-2","status":"inherit","uploaded_to":11803,"date":"2023-09-14 17:35:31","modified":"2025-06-12 09:14:13","menu_order":0,"mime_type":"image\/png","type":"image","subtype":"png","icon":"https:\/\/natussensory.com\/wp-includes\/images\/media\/default.png","width":800,"height":450,"sizes":{"thumbnail":"https:\/\/natussensory.com\/wp-content\/uploads\/Contact-Us-800x450-1.png","thumbnail-width":128,"thumbnail-height":72,"medium":"https:\/\/natussensory.com\/wp-content\/uploads\/Contact-Us-800x450-1.png","medium-width":800,"medium-height":450,"medium_large":"https:\/\/natussensory.com\/wp-content\/uploads\/Contact-Us-800x450-1-768x432.png","medium_large-width":768,"medium_large-height":432,"large":"https:\/\/natussensory.com\/wp-content\/uploads\/Contact-Us-800x450-1.png","large-width":800,"large-height":450,"1536x1536":"https:\/\/natussensory.com\/wp-content\/uploads\/Contact-Us-800x450-1.png","1536x1536-width":800,"1536x1536-height":450,"2048x2048":"https:\/\/natussensory.com\/wp-content\/uploads\/Contact-Us-800x450-1.png","2048x2048-width":800,"2048x2048-height":450}},"label":"Solicitar una cotizaci\u00f3n ","title":"\u00bfListo para marcar la diferencia en la atenci\u00f3n al paciente? ","description":"<p><span class=\"TextRun SCXW209351824 BCX8\" data-contrast=\"auto\"><span class=\"NormalTextRun SCXW209351824 BCX8\">Descubra m\u00e1s sobre nuestras soluciones l\u00edderes en la industria y c\u00f3mo podemos ayudarle a mejorar la atenci\u00f3n a los pacientes.<\/span><\/span><span class=\"EOP SCXW209351824 BCX8\" data-ccp-props=\"{}\">\u00a0<\/span><\/p>\n","link":{"type":"post","value":"892","url":"https:\/\/natussensory.com\/contact-us\/","name":"Contact us","title":"Cont\u00e1ctenos ","target":""}}}]},"_links":{"self":[{"href":"https:\/\/natussensory.com\/es\/wp-json\/wp\/v2\/pages\/24843","targetHints":{"allow":["GET"]}}],"collection":[{"href":"https:\/\/natussensory.com\/es\/wp-json\/wp\/v2\/pages"}],"about":[{"href":"https:\/\/natussensory.com\/es\/wp-json\/wp\/v2\/types\/page"}],"author":[{"embeddable":true,"href":"https:\/\/natussensory.com\/es\/wp-json\/wp\/v2\/users\/4"}],"replies":[{"embeddable":true,"href":"https:\/\/natussensory.com\/es\/wp-json\/wp\/v2\/comments?post=24843"}],"version-history":[{"count":5,"href":"https:\/\/natussensory.com\/es\/wp-json\/wp\/v2\/pages\/24843\/revisions"}],"predecessor-version":[{"id":25844,"href":"https:\/\/natussensory.com\/es\/wp-json\/wp\/v2\/pages\/24843\/revisions\/25844"}],"up":[{"embeddable":true,"href":"https:\/\/natussensory.com\/es\/wp-json\/wp\/v2\/pages\/11803"}],"wp:attachment":[{"href":"https:\/\/natussensory.com\/es\/wp-json\/wp\/v2\/media?parent=24843"}],"wp:term":[{"taxonomy":"category","embeddable":true,"href":"https:\/\/natussensory.com\/es\/wp-json\/wp\/v2\/categories?post=24843"},{"taxonomy":"post_tag","embeddable":true,"href":"https:\/\/natussensory.com\/es\/wp-json\/wp\/v2\/tags?post=24843"}],"curies":[{"name":"wp","href":"https:\/\/api.w.org\/{rel}","templated":true}]}}