{"id":24748,"date":"2025-06-25T19:14:24","date_gmt":"2025-06-25T19:14:24","guid":{"rendered":"https:\/\/natussensory.com\/productos\/eye-protectors\/"},"modified":"2025-10-31T13:27:50","modified_gmt":"2025-10-31T13:27:50","slug":"protectores-oculares","status":"publish","type":"page","link":"https:\/\/natussensory.com\/es\/productos\/protectores-oculares\/","title":{"rendered":"Protectores Oculares"},"content":{"rendered":"","protected":false},"excerpt":{"rendered":"","protected":false},"author":4,"featured_media":0,"parent":11803,"menu_order":0,"comment_status":"closed","ping_status":"closed","template":"","meta":{"_acf_changed":false,"inline_featured_image":false,"footnotes":""},"categories":[316],"tags":[],"class_list":["post-24748","page","type-page","status-publish","hentry","category-manejo-de-ictericia"],"acf":{"content_blocks":[{"acf_fc_layout":"spacer","_acfe_flexible_toggle":"","spacer":{"module_options":{"":null,"module_id":"n682c85f324428","module_class":"","module_background_type":"color","module_background_color":"#473089","module_background_image":false,"module_background_video":"","activate_custom_padding":false,"padding_top_desktop":0,"padding_top_tablet":"","padding_top_mobile":"","padding_bottom_desktop":"","padding_bottom_tablet":"","padding_bottom_mobile":"","activate_custom_margin":false,"margin_top_desktop":"","margin_top_tablet":"","margin_top_mobile":"","margin_bottom_desktop":"","margin_bottom_tablet":"","margin_bottom_mobile":"","disable_on":[],"content_alignment_desktop":"left","content_alignment_tablet":"left","content_alignment_mobile":"left"},"height":"160"}},{"acf_fc_layout":"simple_content","_acfe_flexible_toggle":"","content_full_width_landing":{"module_options":{"":null,"module_id":"n68481ff96f7b3","module_class":"","module_background_type":"color","module_background_color":"#d4e9f9","module_background_image":false,"module_background_video":"","activate_custom_padding":false,"padding_top_desktop":0,"padding_top_tablet":"","padding_top_mobile":"","padding_bottom_desktop":"","padding_bottom_tablet":"","padding_bottom_mobile":"","activate_custom_margin":false,"margin_top_desktop":"","margin_top_tablet":"","margin_top_mobile":"","margin_bottom_desktop":"","margin_bottom_tablet":"","margin_bottom_mobile":"","disable_on":[],"content_alignment_desktop":"left","content_alignment_tablet":"left","content_alignment_mobile":"left"},"activate_custom_container_width":false,"container_width":"","content":"<h1 style=\"text-align: center;\"><span class=\"TextRun SCXW192670623 BCX0\" lang=\"EN-US\" xml:lang=\"EN-US\" data-contrast=\"auto\"><span class=\"NormalTextRun SpellingErrorV2Themed SCXW192670623 BCX0\">Protectores<\/span> O<span class=\"NormalTextRun SpellingErrorV2Themed SCXW192670623 BCX0\">culares<\/span><\/span><span class=\"EOP SCXW192670623 BCX0\" data-ccp-props=\"{&quot;335551550&quot;:2,&quot;335551620&quot;:2}\">\u00a0<\/span><\/h1>\n<p style=\"text-align: center;\"><span style=\"font-size: 18px;\"><span class=\"TextRun SCXW157782670 BCX0\" lang=\"EN-US\" xml:lang=\"EN-US\" data-contrast=\"auto\"><span class=\"NormalTextRun SpellingErrorV2Themed SCXW157782670 BCX0\">Proteja<\/span> <span class=\"NormalTextRun SpellingErrorV2Themed SCXW157782670 BCX0\">los<\/span><span class=\"NormalTextRun SCXW157782670 BCX0\"> ojos de <\/span><span class=\"NormalTextRun SpellingErrorV2Themed SCXW157782670 BCX0\">los<\/span> <span class=\"NormalTextRun SpellingErrorV2Themed SCXW157782670 BCX0\">reci\u00e9n<\/span> <span class=\"NormalTextRun SpellingErrorV2Themed SCXW157782670 BCX0\">nacidos<\/span> <span class=\"NormalTextRun SpellingErrorV2Themed SCXW157782670 BCX0\">durante<\/span><span class=\"NormalTextRun SCXW157782670 BCX0\"> la <\/span><span class=\"NormalTextRun SpellingErrorV2Themed SCXW157782670 BCX0\">fototerapia<\/span><span class=\"NormalTextRun SCXW157782670 BCX0\"> con <\/span><span class=\"NormalTextRun SpellingErrorV2Themed SCXW157782670 BCX0\">protectores<\/span> <span class=\"NormalTextRun SpellingErrorV2Themed SCXW157782670 BCX0\">oculares<\/span> <span class=\"NormalTextRun SpellingErrorV2Themed SCXW157782670 BCX0\">especialmente<\/span> <span class=\"NormalTextRun SpellingErrorV2Themed SCXW157782670 BCX0\">dise\u00f1ados<\/span><span class=\"NormalTextRun SCXW157782670 BCX0\"> que <\/span><span class=\"NormalTextRun SpellingErrorV2Themed SCXW157782670 BCX0\">bloquean<\/span><span class=\"NormalTextRun SCXW157782670 BCX0\"> la luz <\/span><span class=\"NormalTextRun SpellingErrorV2Themed SCXW157782670 BCX0\">da\u00f1ina<\/span><span class=\"NormalTextRun SCXW157782670 BCX0\"> y <\/span><span class=\"NormalTextRun SpellingErrorV2Themed SCXW157782670 BCX0\">permiten<\/span> <span class=\"NormalTextRun SpellingErrorV2Themed SCXW157782670 BCX0\">una<\/span> <span class=\"NormalTextRun SpellingErrorV2Themed SCXW157782670 BCX0\">exposici\u00f3n<\/span> <span class=\"NormalTextRun SpellingErrorV2Themed SCXW157782670 BCX0\">completa<\/span><span class=\"NormalTextRun SCXW157782670 BCX0\"> al <\/span><span class=\"NormalTextRun SpellingErrorV2Themed SCXW157782670 BCX0\">tratamiento<\/span><span class=\"NormalTextRun SCXW157782670 BCX0\">. Con un <\/span><span class=\"NormalTextRun SpellingErrorV2Themed SCXW157782670 BCX0\">ajuste<\/span> <span class=\"NormalTextRun SpellingErrorV2Themed SCXW157782670 BCX0\">ergon\u00f3mico<\/span><span class=\"NormalTextRun SCXW157782670 BCX0\"> y <\/span><span class=\"NormalTextRun SpellingErrorV2Themed SCXW157782670 BCX0\">seguro<\/span><span class=\"NormalTextRun SCXW157782670 BCX0\"> que se <\/span><span class=\"NormalTextRun SpellingErrorV2Themed SCXW157782670 BCX0\">adapta<\/span><span class=\"NormalTextRun SCXW157782670 BCX0\"> al <\/span><span class=\"NormalTextRun SpellingErrorV2Themed SCXW157782670 BCX0\">movimiento<\/span><span class=\"NormalTextRun SCXW157782670 BCX0\">, <\/span><span class=\"NormalTextRun SpellingErrorV2Themed SCXW157782670 BCX0\">garantizan<\/span> <span class=\"NormalTextRun SpellingErrorV2Themed SCXW157782670 BCX0\">seguridad<\/span><span class=\"NormalTextRun SCXW157782670 BCX0\"> y <\/span><span class=\"NormalTextRun SpellingErrorV2Themed SCXW157782670 BCX0\">comodidad<\/span> <span class=\"NormalTextRun SpellingErrorV2Themed SCXW157782670 BCX0\">durante<\/span> <span class=\"NormalTextRun SpellingErrorV2Themed SCXW157782670 BCX0\">toda<\/span><span class=\"NormalTextRun SCXW157782670 BCX0\"> la <\/span><span class=\"NormalTextRun SpellingErrorV2Themed SCXW157782670 BCX0\">terapia<\/span><span class=\"NormalTextRun SCXW157782670 BCX0\">.<\/span><\/span><span class=\"EOP SCXW157782670 BCX0\" data-ccp-props=\"{&quot;335551550&quot;:2,&quot;335551620&quot;:2}\">\u00a0<\/span><\/span><\/p>\n"}},{"acf_fc_layout":"related_products","_acfe_flexible_toggle":"","tiles_3_columns_landing":{"module_options":{"":null,"module_id":"n682c87cfb8053","module_class":"","module_background_type":"color","module_background_color":"","module_background_image":false,"module_background_video":"","activate_custom_padding":false,"padding_top_desktop":0,"padding_top_tablet":"","padding_top_mobile":"","padding_bottom_desktop":"","padding_bottom_tablet":"","padding_bottom_mobile":"","activate_custom_margin":false,"margin_top_desktop":"","margin_top_tablet":"","margin_top_mobile":"","margin_bottom_desktop":"","margin_bottom_tablet":"","margin_bottom_mobile":"","disable_on":[],"content_alignment_desktop":"left","content_alignment_tablet":"left","content_alignment_mobile":"left"},"intro_text":"Productos ","intro_text_color":"","intro_link":{"type":"post","value":"1518","url":"https:\/\/natussensory.com\/products\/","name":"Products","title":" Ver todos los productos ","target":""},"tiles":[{"label":"","label_background_color":"#d4e9f9","image":{"ID":6979,"id":6979,"title":"Biliband_linkspot","filename":"Biliband_linkspot.jpg","filesize":109199,"url":"https:\/\/natussensory.com\/wp-content\/uploads\/Biliband_linkspot.jpg","link":"https:\/\/natussensory.com\/es\/productos\/neoblue-radiometer\/biliband_linkspot-2\/","alt":"Biliband","author":"4","description":"","caption":"","name":"biliband_linkspot-2","status":"inherit","uploaded_to":12434,"date":"2023-09-25 14:50:56","modified":"2025-08-06 14:33:38","menu_order":0,"mime_type":"image\/jpeg","type":"image","subtype":"jpeg","icon":"https:\/\/natussensory.com\/wp-includes\/images\/media\/default.png","width":600,"height":300,"sizes":{"thumbnail":"https:\/\/natussensory.com\/wp-content\/uploads\/Biliband_linkspot.jpg","thumbnail-width":128,"thumbnail-height":64,"medium":"https:\/\/natussensory.com\/wp-content\/uploads\/Biliband_linkspot.jpg","medium-width":600,"medium-height":300,"medium_large":"https:\/\/natussensory.com\/wp-content\/uploads\/Biliband_linkspot.jpg","medium_large-width":600,"medium_large-height":300,"large":"https:\/\/natussensory.com\/wp-content\/uploads\/Biliband_linkspot.jpg","large-width":600,"large-height":300,"1536x1536":"https:\/\/natussensory.com\/wp-content\/uploads\/Biliband_linkspot.jpg","1536x1536-width":600,"1536x1536-height":300,"2048x2048":"https:\/\/natussensory.com\/wp-content\/uploads\/Biliband_linkspot.jpg","2048x2048-width":600,"2048x2048-height":300}},"title":"Protecci\u00f3n ocular flexible que bloquea de forma segura la luz de fototerapia, permitiendo una exposici\u00f3n total de la cabeza del reci\u00e9n nacido durante el tratamiento. ","link":{"type":"post","value":"6915","url":"https:\/\/natussensory.com\/products\/biliband-eye-protector\/","name":"Biliband\u00ae Eye Protector for Newborn Phototherapy","title":"Biliband<sup>\u00ae<\/sup>","target":""}}]}},{"acf_fc_layout":"left_image_right_content_single_cta","_acfe_flexible_layout_title":"Contacts us","_acfe_flexible_toggle":"","left_image_right_content_single_cta_landing":{"module_options":{"":null,"module_id":"n685a5d301dba3","module_class":"","module_background_type":"color","module_background_color":"","module_background_image":false,"module_background_video":"","activate_custom_padding":false,"padding_top_desktop":0,"padding_top_tablet":"","padding_top_mobile":"","padding_bottom_desktop":"","padding_bottom_tablet":"","padding_bottom_mobile":"","activate_custom_margin":false,"margin_top_desktop":"","margin_top_tablet":"","margin_top_mobile":"","margin_bottom_desktop":"","margin_bottom_tablet":"","margin_bottom_mobile":"","disable_on":[],"content_alignment_desktop":"left","content_alignment_tablet":"left","content_alignment_mobile":"left"},"image":{"ID":4241,"id":4241,"title":"Contact Us 800x450","filename":"Contact-Us-800x450-1.png","filesize":437541,"url":"https:\/\/natussensory.com\/wp-content\/uploads\/Contact-Us-800x450-1.png","link":"https:\/\/natussensory.com\/es\/productos\/contact-us-800x450-2\/","alt":"Shaking Hands - Contact Us","author":"4","description":"","caption":"","name":"contact-us-800x450-2","status":"inherit","uploaded_to":11803,"date":"2023-09-14 17:35:31","modified":"2025-06-12 09:14:13","menu_order":0,"mime_type":"image\/png","type":"image","subtype":"png","icon":"https:\/\/natussensory.com\/wp-includes\/images\/media\/default.png","width":800,"height":450,"sizes":{"thumbnail":"https:\/\/natussensory.com\/wp-content\/uploads\/Contact-Us-800x450-1.png","thumbnail-width":128,"thumbnail-height":72,"medium":"https:\/\/natussensory.com\/wp-content\/uploads\/Contact-Us-800x450-1.png","medium-width":800,"medium-height":450,"medium_large":"https:\/\/natussensory.com\/wp-content\/uploads\/Contact-Us-800x450-1-768x432.png","medium_large-width":768,"medium_large-height":432,"large":"https:\/\/natussensory.com\/wp-content\/uploads\/Contact-Us-800x450-1.png","large-width":800,"large-height":450,"1536x1536":"https:\/\/natussensory.com\/wp-content\/uploads\/Contact-Us-800x450-1.png","1536x1536-width":800,"1536x1536-height":450,"2048x2048":"https:\/\/natussensory.com\/wp-content\/uploads\/Contact-Us-800x450-1.png","2048x2048-width":800,"2048x2048-height":450}},"label":"Solicitar una cotizaci\u00f3n ","title":"\u00bfListo para marcar la diferencia en la atenci\u00f3n al paciente? ","description":"<p><span class=\"TextRun SCXW191986630 BCX8\" data-contrast=\"auto\"><span class=\"NormalTextRun SCXW191986630 BCX8\">Descubra m\u00e1s sobre nuestras soluciones l\u00edderes en la industria y c\u00f3mo podemos ayudarle a mejorar la atenci\u00f3n a los pacientes.<\/span><\/span><span class=\"EOP SCXW191986630 BCX8\" data-ccp-props=\"{}\">\u00a0<\/span><\/p>\n","link":{"type":"post","value":"892","url":"https:\/\/natussensory.com\/contact-us\/","name":"Contact us","title":"Cont\u00e1ctenos ","target":""}}}]},"_links":{"self":[{"href":"https:\/\/natussensory.com\/es\/wp-json\/wp\/v2\/pages\/24748","targetHints":{"allow":["GET"]}}],"collection":[{"href":"https:\/\/natussensory.com\/es\/wp-json\/wp\/v2\/pages"}],"about":[{"href":"https:\/\/natussensory.com\/es\/wp-json\/wp\/v2\/types\/page"}],"author":[{"embeddable":true,"href":"https:\/\/natussensory.com\/es\/wp-json\/wp\/v2\/users\/4"}],"replies":[{"embeddable":true,"href":"https:\/\/natussensory.com\/es\/wp-json\/wp\/v2\/comments?post=24748"}],"version-history":[{"count":4,"href":"https:\/\/natussensory.com\/es\/wp-json\/wp\/v2\/pages\/24748\/revisions"}],"predecessor-version":[{"id":25812,"href":"https:\/\/natussensory.com\/es\/wp-json\/wp\/v2\/pages\/24748\/revisions\/25812"}],"up":[{"embeddable":true,"href":"https:\/\/natussensory.com\/es\/wp-json\/wp\/v2\/pages\/11803"}],"wp:attachment":[{"href":"https:\/\/natussensory.com\/es\/wp-json\/wp\/v2\/media?parent=24748"}],"wp:term":[{"taxonomy":"category","embeddable":true,"href":"https:\/\/natussensory.com\/es\/wp-json\/wp\/v2\/categories?post=24748"},{"taxonomy":"post_tag","embeddable":true,"href":"https:\/\/natussensory.com\/es\/wp-json\/wp\/v2\/tags?post=24748"}],"curies":[{"name":"wp","href":"https:\/\/api.w.org\/{rel}","templated":true}]}}