{"id":24725,"date":"2025-06-25T19:03:56","date_gmt":"2025-06-25T19:03:56","guid":{"rendered":"https:\/\/natussensory.com\/productos\/radiometer\/"},"modified":"2025-10-23T11:59:51","modified_gmt":"2025-10-23T11:59:51","slug":"radiometros","status":"publish","type":"page","link":"https:\/\/natussensory.com\/es\/productos\/radiometros\/","title":{"rendered":"Radi\u00f3metros"},"content":{"rendered":"","protected":false},"excerpt":{"rendered":"","protected":false},"author":4,"featured_media":0,"parent":11803,"menu_order":0,"comment_status":"closed","ping_status":"closed","template":"","meta":{"_acf_changed":false,"inline_featured_image":false,"footnotes":""},"categories":[316],"tags":[],"class_list":["post-24725","page","type-page","status-publish","hentry","category-manejo-de-ictericia"],"acf":{"content_blocks":[{"acf_fc_layout":"spacer","_acfe_flexible_toggle":"","spacer":{"module_options":{"":null,"module_id":"n682c85f324428","module_class":"","module_background_type":"color","module_background_color":"#473089","module_background_image":false,"module_background_video":"","activate_custom_padding":false,"padding_top_desktop":0,"padding_top_tablet":"","padding_top_mobile":"","padding_bottom_desktop":"","padding_bottom_tablet":"","padding_bottom_mobile":"","activate_custom_margin":false,"margin_top_desktop":"","margin_top_tablet":"","margin_top_mobile":"","margin_bottom_desktop":"","margin_bottom_tablet":"","margin_bottom_mobile":"","disable_on":[],"content_alignment_desktop":"left","content_alignment_tablet":"left","content_alignment_mobile":"left"},"height":"160"}},{"acf_fc_layout":"simple_content","_acfe_flexible_toggle":"","content_full_width_landing":{"module_options":{"":null,"module_id":"n68481ff96f7b3","module_class":"","module_background_type":"color","module_background_color":"#d4e9f9","module_background_image":false,"module_background_video":"","activate_custom_padding":false,"padding_top_desktop":0,"padding_top_tablet":"","padding_top_mobile":"","padding_bottom_desktop":"","padding_bottom_tablet":"","padding_bottom_mobile":"","activate_custom_margin":false,"margin_top_desktop":"","margin_top_tablet":"","margin_top_mobile":"","margin_bottom_desktop":"","margin_bottom_tablet":"","margin_bottom_mobile":"","disable_on":[],"content_alignment_desktop":"left","content_alignment_tablet":"left","content_alignment_mobile":"left"},"activate_custom_container_width":false,"container_width":"","content":"<h1 style=\"text-align: center;\"><span class=\"TextRun SCXW116721064 BCX0\" lang=\"EN-US\" xml:lang=\"EN-US\" data-contrast=\"auto\"><span class=\"NormalTextRun SpellingErrorV2Themed SCXW116721064 BCX0\">Radi\u00f3metros<\/span><\/span><span class=\"EOP SCXW116721064 BCX0\" data-ccp-props=\"{&quot;335551550&quot;:2,&quot;335551620&quot;:2}\">\u00a0<\/span><\/h1>\n<p style=\"text-align: center;\"><span style=\"font-size: 18px;\"><span class=\"TextRun SCXW239464838 BCX0\" lang=\"EN-US\" xml:lang=\"EN-US\" data-contrast=\"auto\"><span class=\"NormalTextRun SCXW239464838 BCX0\">Mida con <\/span><span class=\"NormalTextRun SpellingErrorV2Themed SCXW239464838 BCX0\">precisi\u00f3n<\/span><span class=\"NormalTextRun SCXW239464838 BCX0\"> la <\/span><span class=\"NormalTextRun SpellingErrorV2Themed SCXW239464838 BCX0\">intensidad<\/span> <span class=\"NormalTextRun SpellingErrorV2Themed SCXW239464838 BCX0\">lum\u00ednica<\/span> <span class=\"NormalTextRun SpellingErrorV2Themed SCXW239464838 BCX0\">durante<\/span><span class=\"NormalTextRun SCXW239464838 BCX0\"> la <\/span><span class=\"NormalTextRun SpellingErrorV2Themed SCXW239464838 BCX0\">fototerapia<\/span><span class=\"NormalTextRun SCXW239464838 BCX0\"> neonatal con <\/span><span class=\"NormalTextRun SpellingErrorV2Themed SCXW239464838 BCX0\">radi\u00f3metros<\/span> <span class=\"NormalTextRun SpellingErrorV2Themed SCXW239464838 BCX0\">dise\u00f1ados<\/span><span class=\"NormalTextRun SCXW239464838 BCX0\"> para <\/span><span class=\"NormalTextRun SpellingErrorV2Themed SCXW239464838 BCX0\">ofrecer<\/span> <span class=\"NormalTextRun SpellingErrorV2Themed SCXW239464838 BCX0\">facilidad<\/span><span class=\"NormalTextRun SCXW239464838 BCX0\"> de <\/span><span class=\"NormalTextRun SpellingErrorV2Themed SCXW239464838 BCX0\">uso<\/span><span class=\"NormalTextRun SCXW239464838 BCX0\"> y <\/span><span class=\"NormalTextRun SpellingErrorV2Themed SCXW239464838 BCX0\">precisi\u00f3n<\/span><span class=\"NormalTextRun SCXW239464838 BCX0\">. Nuestros <\/span><span class=\"NormalTextRun SpellingErrorV2Themed SCXW239464838 BCX0\">dispositivos<\/span> <span class=\"NormalTextRun SpellingErrorV2Themed SCXW239464838 BCX0\">cuentan<\/span><span class=\"NormalTextRun SCXW239464838 BCX0\"> con <\/span><span class=\"NormalTextRun SpellingErrorV2Themed SCXW239464838 BCX0\">sensores<\/span><span class=\"NormalTextRun SCXW239464838 BCX0\"> sin cables, <\/span><span class=\"NormalTextRun SpellingErrorV2Themed SCXW239464838 BCX0\">pantallas<\/span> <span class=\"NormalTextRun SpellingErrorV2Themed SCXW239464838 BCX0\">claras<\/span><span class=\"NormalTextRun SCXW239464838 BCX0\"> y <\/span><span class=\"NormalTextRun SpellingErrorV2Themed SCXW239464838 BCX0\">lecturas<\/span> <span class=\"NormalTextRun SpellingErrorV2Themed SCXW239464838 BCX0\">calibradas<\/span> <span class=\"NormalTextRun SpellingErrorV2Themed SCXW239464838 BCX0\">en<\/span> <span class=\"NormalTextRun SpellingErrorV2Themed SCXW239464838 BCX0\">todo<\/span> <span class=\"NormalTextRun SpellingErrorV2Themed SCXW239464838 BCX0\">el<\/span> <span class=\"NormalTextRun SpellingErrorV2Themed SCXW239464838 BCX0\">espectro<\/span><span class=\"NormalTextRun SCXW239464838 BCX0\"> de <\/span><span class=\"NormalTextRun SpellingErrorV2Themed SCXW239464838 BCX0\">absorci\u00f3n<\/span><span class=\"NormalTextRun SCXW239464838 BCX0\"> de la <\/span><span class=\"NormalTextRun SpellingErrorV2Themed SCXW239464838 BCX0\">bilirrubina<\/span><span class=\"NormalTextRun SCXW239464838 BCX0\">. <\/span><span class=\"NormalTextRun SpellingErrorV2Themed SCXW239464838 BCX0\">Dise\u00f1ados<\/span><span class=\"NormalTextRun SCXW239464838 BCX0\"> para <\/span><span class=\"NormalTextRun SpellingErrorV2Themed SCXW239464838 BCX0\">integrarse<\/span> <span class=\"NormalTextRun SpellingErrorV2Themed SCXW239464838 BCX0\">perfectamente<\/span><span class=\"NormalTextRun SCXW239464838 BCX0\"> con <\/span><span class=\"NormalTextRun SpellingErrorV2Themed SCXW239464838 BCX0\">los<\/span> <span class=\"NormalTextRun SpellingErrorV2Themed SCXW239464838 BCX0\">sistemas<\/span><span class=\"NormalTextRun SCXW239464838 BCX0\"> de <\/span><span class=\"NormalTextRun SpellingErrorV2Themed SCXW239464838 BCX0\">fototerapia<\/span><span class=\"NormalTextRun SCXW239464838 BCX0\">, <\/span><span class=\"NormalTextRun SpellingErrorV2Themed SCXW239464838 BCX0\">apoyan<\/span><span class=\"NormalTextRun SCXW239464838 BCX0\"> un <\/span><span class=\"NormalTextRun SpellingErrorV2Themed SCXW239464838 BCX0\">tratamiento<\/span> <span class=\"NormalTextRun SpellingErrorV2Themed SCXW239464838 BCX0\">coherente<\/span><span class=\"NormalTextRun SCXW239464838 BCX0\"> y <\/span><span class=\"NormalTextRun SpellingErrorV2Themed SCXW239464838 BCX0\">el<\/span> <span class=\"NormalTextRun SpellingErrorV2Themed SCXW239464838 BCX0\">cumplimiento<\/span><span class=\"NormalTextRun SCXW239464838 BCX0\"> de las directrices <\/span><span class=\"NormalTextRun SpellingErrorV2Themed SCXW239464838 BCX0\">cl\u00ednicas<\/span><span class=\"NormalTextRun SCXW239464838 BCX0\">.<\/span><\/span><span class=\"EOP SCXW239464838 BCX0\" data-ccp-props=\"{&quot;335551550&quot;:2,&quot;335551620&quot;:2}\">\u00a0<\/span><\/span><\/p>\n"}},{"acf_fc_layout":"related_products","_acfe_flexible_toggle":"","tiles_3_columns_landing":{"module_options":{"":null,"module_id":"n682c87cfb8053","module_class":"","module_background_type":"color","module_background_color":"","module_background_image":false,"module_background_video":"","activate_custom_padding":false,"padding_top_desktop":0,"padding_top_tablet":"","padding_top_mobile":"","padding_bottom_desktop":"","padding_bottom_tablet":"","padding_bottom_mobile":"","activate_custom_margin":false,"margin_top_desktop":"","margin_top_tablet":"","margin_top_mobile":"","margin_bottom_desktop":"","margin_bottom_tablet":"","margin_bottom_mobile":"","disable_on":[],"content_alignment_desktop":"left","content_alignment_tablet":"left","content_alignment_mobile":"left"},"intro_text":"Productos","intro_text_color":"","intro_link":{"type":"post","value":"1518","url":"https:\/\/natussensory.com\/products\/","name":"Products","title":"Ver todos los productos ","target":""},"tiles":[{"label":"","label_background_color":"#d4e9f9","image":{"ID":7324,"id":7324,"title":"neoBLUE-Radiometer_all-products-link","filename":"neoBLUE-Radiometer_all-products-link.jpg","filesize":44524,"url":"https:\/\/natussensory.com\/wp-content\/uploads\/neoBLUE-Radiometer_all-products-link.jpg","link":"https:\/\/natussensory.com\/es\/productos\/neoblue-radiometer_all-products-link-2\/","alt":"Radiometer for Newborn Jaundice Treatment","author":"4","description":"","caption":"","name":"neoblue-radiometer_all-products-link-2","status":"inherit","uploaded_to":11803,"date":"2023-09-26 09:10:00","modified":"2024-11-07 10:58:02","menu_order":0,"mime_type":"image\/jpeg","type":"image","subtype":"jpeg","icon":"https:\/\/natussensory.com\/wp-includes\/images\/media\/default.png","width":500,"height":400,"sizes":{"thumbnail":"https:\/\/natussensory.com\/wp-content\/uploads\/neoBLUE-Radiometer_all-products-link.jpg","thumbnail-width":120,"thumbnail-height":96,"medium":"https:\/\/natussensory.com\/wp-content\/uploads\/neoBLUE-Radiometer_all-products-link.jpg","medium-width":500,"medium-height":400,"medium_large":"https:\/\/natussensory.com\/wp-content\/uploads\/neoBLUE-Radiometer_all-products-link.jpg","medium_large-width":500,"medium_large-height":400,"large":"https:\/\/natussensory.com\/wp-content\/uploads\/neoBLUE-Radiometer_all-products-link.jpg","large-width":500,"large-height":400,"1536x1536":"https:\/\/natussensory.com\/wp-content\/uploads\/neoBLUE-Radiometer_all-products-link.jpg","1536x1536-width":500,"1536x1536-height":400,"2048x2048":"https:\/\/natussensory.com\/wp-content\/uploads\/neoBLUE-Radiometer_all-products-link.jpg","2048x2048-width":500,"2048x2048-height":400}},"title":"El radi\u00f3metro neoBLUE<sup>\u00ae<\/sup> ofrece mediciones calibradas y sin cables de la irradiancia en todo el espectro de absorci\u00f3n de la bilirrubina, optimizando as\u00ed la fototerapia neonatal. ","link":{"type":"post","value":"6953","url":"https:\/\/natussensory.com\/products\/neoblue-radiometer-newborn-jaundice-treatment\/","name":"neoBLUE\u00ae &#8211; Radiometer &#8211; Jaundice Treatment","title":"neoBLUE<sup>\u00ae<\/sup> Radiometer","target":""}}]}},{"acf_fc_layout":"left_image_right_content_single_cta","_acfe_flexible_layout_title":"Contacts us","_acfe_flexible_toggle":"","left_image_right_content_single_cta_landing":{"module_options":{"":null,"module_id":"n685a5d301dba3","module_class":"","module_background_type":"color","module_background_color":"","module_background_image":false,"module_background_video":"","activate_custom_padding":false,"padding_top_desktop":0,"padding_top_tablet":"","padding_top_mobile":"","padding_bottom_desktop":"","padding_bottom_tablet":"","padding_bottom_mobile":"","activate_custom_margin":false,"margin_top_desktop":"","margin_top_tablet":"","margin_top_mobile":"","margin_bottom_desktop":"","margin_bottom_tablet":"","margin_bottom_mobile":"","disable_on":[],"content_alignment_desktop":"left","content_alignment_tablet":"left","content_alignment_mobile":"left"},"image":{"ID":4241,"id":4241,"title":"Contact Us 800x450","filename":"Contact-Us-800x450-1.png","filesize":437541,"url":"https:\/\/natussensory.com\/wp-content\/uploads\/Contact-Us-800x450-1.png","link":"https:\/\/natussensory.com\/es\/productos\/contact-us-800x450-2\/","alt":"Shaking Hands - Contact Us","author":"4","description":"","caption":"","name":"contact-us-800x450-2","status":"inherit","uploaded_to":11803,"date":"2023-09-14 17:35:31","modified":"2025-06-12 09:14:13","menu_order":0,"mime_type":"image\/png","type":"image","subtype":"png","icon":"https:\/\/natussensory.com\/wp-includes\/images\/media\/default.png","width":800,"height":450,"sizes":{"thumbnail":"https:\/\/natussensory.com\/wp-content\/uploads\/Contact-Us-800x450-1.png","thumbnail-width":128,"thumbnail-height":72,"medium":"https:\/\/natussensory.com\/wp-content\/uploads\/Contact-Us-800x450-1.png","medium-width":800,"medium-height":450,"medium_large":"https:\/\/natussensory.com\/wp-content\/uploads\/Contact-Us-800x450-1-768x432.png","medium_large-width":768,"medium_large-height":432,"large":"https:\/\/natussensory.com\/wp-content\/uploads\/Contact-Us-800x450-1.png","large-width":800,"large-height":450,"1536x1536":"https:\/\/natussensory.com\/wp-content\/uploads\/Contact-Us-800x450-1.png","1536x1536-width":800,"1536x1536-height":450,"2048x2048":"https:\/\/natussensory.com\/wp-content\/uploads\/Contact-Us-800x450-1.png","2048x2048-width":800,"2048x2048-height":450}},"label":" Solicitar una cotizaci\u00f3n ","title":"\u00bfListo para marcar la diferencia en la atenci\u00f3n al paciente? ","description":"<p><span class=\"TextRun SCXW97974737 BCX8\" data-contrast=\"auto\"><span class=\"NormalTextRun SCXW97974737 BCX8\">Descubra m\u00e1s sobre nuestras soluciones l\u00edderes en la industria y c\u00f3mo podemos ayudarle a mejorar la atenci\u00f3n a los pacientes.<\/span><\/span><span class=\"EOP SCXW97974737 BCX8\" data-ccp-props=\"{}\">\u00a0<\/span><\/p>\n","link":{"type":"post","value":"892","url":"https:\/\/natussensory.com\/contact-us\/","name":"Contact us","title":"Cont\u00e1ctenos ","target":""}}}]},"_links":{"self":[{"href":"https:\/\/natussensory.com\/es\/wp-json\/wp\/v2\/pages\/24725","targetHints":{"allow":["GET"]}}],"collection":[{"href":"https:\/\/natussensory.com\/es\/wp-json\/wp\/v2\/pages"}],"about":[{"href":"https:\/\/natussensory.com\/es\/wp-json\/wp\/v2\/types\/page"}],"author":[{"embeddable":true,"href":"https:\/\/natussensory.com\/es\/wp-json\/wp\/v2\/users\/4"}],"replies":[{"embeddable":true,"href":"https:\/\/natussensory.com\/es\/wp-json\/wp\/v2\/comments?post=24725"}],"version-history":[{"count":7,"href":"https:\/\/natussensory.com\/es\/wp-json\/wp\/v2\/pages\/24725\/revisions"}],"predecessor-version":[{"id":25801,"href":"https:\/\/natussensory.com\/es\/wp-json\/wp\/v2\/pages\/24725\/revisions\/25801"}],"up":[{"embeddable":true,"href":"https:\/\/natussensory.com\/es\/wp-json\/wp\/v2\/pages\/11803"}],"wp:attachment":[{"href":"https:\/\/natussensory.com\/es\/wp-json\/wp\/v2\/media?parent=24725"}],"wp:term":[{"taxonomy":"category","embeddable":true,"href":"https:\/\/natussensory.com\/es\/wp-json\/wp\/v2\/categories?post=24725"},{"taxonomy":"post_tag","embeddable":true,"href":"https:\/\/natussensory.com\/es\/wp-json\/wp\/v2\/tags?post=24725"}],"curies":[{"name":"wp","href":"https:\/\/api.w.org\/{rel}","templated":true}]}}