{"id":24666,"date":"2025-06-25T18:49:59","date_gmt":"2025-06-25T18:49:59","guid":{"rendered":"https:\/\/natussensory.com\/productos\/jaundice-led-phototherapy\/"},"modified":"2025-10-23T11:50:13","modified_gmt":"2025-10-23T11:50:13","slug":"manejo-de-ictericia","status":"publish","type":"page","link":"https:\/\/natussensory.com\/es\/productos\/manejo-de-ictericia\/","title":{"rendered":"Manejo de Ictericia"},"content":{"rendered":"","protected":false},"excerpt":{"rendered":"","protected":false},"author":4,"featured_media":0,"parent":11803,"menu_order":0,"comment_status":"closed","ping_status":"closed","template":"","meta":{"_acf_changed":false,"inline_featured_image":false,"footnotes":""},"categories":[316],"tags":[],"class_list":["post-24666","page","type-page","status-publish","hentry","category-manejo-de-ictericia"],"acf":{"content_blocks":[{"acf_fc_layout":"spacer","_acfe_flexible_toggle":"","spacer":{"module_options":{"":null,"module_id":"n682c85f324428","module_class":"","module_background_type":"color","module_background_color":"#473089","module_background_image":false,"module_background_video":"","activate_custom_padding":false,"padding_top_desktop":0,"padding_top_tablet":"","padding_top_mobile":"","padding_bottom_desktop":"","padding_bottom_tablet":"","padding_bottom_mobile":"","activate_custom_margin":false,"margin_top_desktop":"","margin_top_tablet":"","margin_top_mobile":"","margin_bottom_desktop":"","margin_bottom_tablet":"","margin_bottom_mobile":"","disable_on":[],"content_alignment_desktop":"left","content_alignment_tablet":"left","content_alignment_mobile":"left"},"height":"160"}},{"acf_fc_layout":"simple_content","_acfe_flexible_toggle":"","content_full_width_landing":{"module_options":{"":null,"module_id":"n68481ff96f7b3","module_class":"","module_background_type":"color","module_background_color":"#d4e9f9","module_background_image":false,"module_background_video":"","activate_custom_padding":false,"padding_top_desktop":0,"padding_top_tablet":"","padding_top_mobile":"","padding_bottom_desktop":"","padding_bottom_tablet":"","padding_bottom_mobile":"","activate_custom_margin":false,"margin_top_desktop":"","margin_top_tablet":"","margin_top_mobile":"","margin_bottom_desktop":"","margin_bottom_tablet":"","margin_bottom_mobile":"","disable_on":[],"content_alignment_desktop":"left","content_alignment_tablet":"left","content_alignment_mobile":"left"},"activate_custom_container_width":false,"container_width":"","content":"<h1 style=\"text-align: center;\">Manejo de Ictericia<\/h1>\n<p style=\"text-align: center;\"><span style=\"font-size: 18px;\"><span class=\"TextRun SCXW186719815 BCX0\" lang=\"ES-ES\" xml:lang=\"ES-ES\" data-contrast=\"auto\"><span class=\"NormalTextRun SCXW186719815 BCX0\">Sistemas de fototerapia LED dise\u00f1ados para un tratamiento seguro y eficaz de la ictericia neonatal. La gama incluye unidades superiores, mantas y configuraciones compactas, que ofrecen luz azul con una longitud de onda espec\u00edfica, niveles de intensidad ajustables y un uso flexible tanto en entornos cl\u00ednicos como domiciliarios. Todos los sistemas est\u00e1n dise\u00f1ados para cumplir con las directrices de la AAP y apoyar una atenci\u00f3n <\/span><span class=\"NormalTextRun ContextualSpellingAndGrammarErrorV2Themed SCXW186719815 BCX0\">continua<\/span><span class=\"NormalTextRun SCXW186719815 BCX0\"> centrada en la familia.<\/span><\/span><span class=\"EOP SCXW186719815 BCX0\" data-ccp-props=\"{&quot;134233117&quot;:false,&quot;134233118&quot;:false,&quot;335551550&quot;:2,&quot;335551620&quot;:2,&quot;335559738&quot;:240,&quot;335559739&quot;:240}\">\u00a0<\/span><\/span><\/p>\n"}},{"acf_fc_layout":"related_products","_acfe_flexible_toggle":"","tiles_3_columns_landing":{"module_options":{"":null,"module_id":"n682c87cfb8053","module_class":"","module_background_type":"color","module_background_color":"","module_background_image":false,"module_background_video":"","activate_custom_padding":false,"padding_top_desktop":0,"padding_top_tablet":"","padding_top_mobile":"","padding_bottom_desktop":"","padding_bottom_tablet":"","padding_bottom_mobile":"","activate_custom_margin":false,"margin_top_desktop":"","margin_top_tablet":"","margin_top_mobile":"","margin_bottom_desktop":"","margin_bottom_tablet":"","margin_bottom_mobile":"","disable_on":[],"content_alignment_desktop":"left","content_alignment_tablet":"left","content_alignment_mobile":"left"},"intro_text":"Productos","intro_text_color":"","intro_link":{"type":"post","value":"1518","url":"https:\/\/natussensory.com\/products\/","name":"Products","title":"Ver todos los productos","target":""},"tiles":[{"label":"","label_background_color":"#d4e9f9","image":{"ID":25250,"id":25250,"title":"neoBLUE-nova_linkspot","filename":"neoBLUE-nova_linkspot.jpg","filesize":67173,"url":"https:\/\/natussensory.com\/wp-content\/uploads\/neoBLUE-nova_linkspot.jpg","link":"https:\/\/natussensory.com\/es\/productos\/manejo-de-ictericia\/neoblue-nova_linkspot-2\/","alt":"neoBLUE\u00ae nova LED phototherapy system","author":"4","description":"","caption":"","name":"neoblue-nova_linkspot-2","status":"inherit","uploaded_to":24666,"date":"2025-08-04 10:31:41","modified":"2025-08-06 14:47:58","menu_order":0,"mime_type":"image\/jpeg","type":"image","subtype":"jpeg","icon":"https:\/\/natussensory.com\/wp-includes\/images\/media\/default.png","width":600,"height":300,"sizes":{"thumbnail":"https:\/\/natussensory.com\/wp-content\/uploads\/neoBLUE-nova_linkspot.jpg","thumbnail-width":128,"thumbnail-height":64,"medium":"https:\/\/natussensory.com\/wp-content\/uploads\/neoBLUE-nova_linkspot.jpg","medium-width":600,"medium-height":300,"medium_large":"https:\/\/natussensory.com\/wp-content\/uploads\/neoBLUE-nova_linkspot.jpg","medium_large-width":600,"medium_large-height":300,"large":"https:\/\/natussensory.com\/wp-content\/uploads\/neoBLUE-nova_linkspot.jpg","large-width":600,"large-height":300,"1536x1536":"https:\/\/natussensory.com\/wp-content\/uploads\/neoBLUE-nova_linkspot.jpg","1536x1536-width":600,"1536x1536-height":300,"2048x2048":"https:\/\/natussensory.com\/wp-content\/uploads\/neoBLUE-nova_linkspot.jpg","2048x2048-width":600,"2048x2048-height":300}},"title":"Un sistema vers\u00e1til 3 en 1. Nuestro \u00faltimo \u2013 y el mejor hasta ahora \u2013 sistema de fototerapia LED.","link":{"type":"post","value":"26941","url":"https:\/\/natussensory.com\/es\/productos\/neoblue-nova\/","name":"neoBLUE\u00ae nova &#8211; Sistema de fototerapia LED","title":"neoBLUE<sup>\u00ae<\/sup> nova","target":""}},{"label":"","label_background_color":"#d4e9f9","image":{"ID":6974,"id":6974,"title":"neoBLUE-LED_linkspot","filename":"neoBLUE-LED_linkspot.jpg","filesize":133488,"url":"https:\/\/natussensory.com\/wp-content\/uploads\/neoBLUE-LED_linkspot.jpg","link":"https:\/\/natussensory.com\/es\/productos\/neoblue-radiometer\/neoblue-led_linkspot-2\/","alt":"neoBLUE-LED","author":"4","description":"","caption":"","name":"neoblue-led_linkspot-2","status":"inherit","uploaded_to":12434,"date":"2023-09-25 14:50:54","modified":"2025-08-06 14:46:06","menu_order":0,"mime_type":"image\/png","type":"image","subtype":"png","icon":"https:\/\/natussensory.com\/wp-includes\/images\/media\/default.png","width":600,"height":300,"sizes":{"thumbnail":"https:\/\/natussensory.com\/wp-content\/uploads\/neoBLUE-LED_linkspot.jpg","thumbnail-width":128,"thumbnail-height":64,"medium":"https:\/\/natussensory.com\/wp-content\/uploads\/neoBLUE-LED_linkspot.jpg","medium-width":600,"medium-height":300,"medium_large":"https:\/\/natussensory.com\/wp-content\/uploads\/neoBLUE-LED_linkspot.jpg","medium_large-width":600,"medium_large-height":300,"large":"https:\/\/natussensory.com\/wp-content\/uploads\/neoBLUE-LED_linkspot.jpg","large-width":600,"large-height":300,"1536x1536":"https:\/\/natussensory.com\/wp-content\/uploads\/neoBLUE-LED_linkspot.jpg","1536x1536-width":600,"1536x1536-height":300,"2048x2048":"https:\/\/natussensory.com\/wp-content\/uploads\/neoBLUE-LED_linkspot.jpg","2048x2048-width":600,"2048x2048-height":300}},"title":"Sistema de fototerapia LED con intensidad de luz ajustable, cobertura corporal completa y longitud de onda optimizada para un tratamiento eficaz de la ictericia neonatal. ","link":{"type":"post","value":"6889","url":"https:\/\/natussensory.com\/products\/neoblue-led-phototherapy-system\/","name":"neoBLUE\u00ae LED Phototherapy System","title":"neoBLUE<sup>\u00ae<\/sup> LED","target":""}},{"label":"","label_background_color":"#d4e9f9","image":{"ID":6989,"id":6989,"title":"neoBLUE-compact_linkspot","filename":"neoBLUE-compact_linkspot.jpg","filesize":138856,"url":"https:\/\/natussensory.com\/wp-content\/uploads\/neoBLUE-compact_linkspot.jpg","link":"https:\/\/natussensory.com\/es\/productos\/neoblue-radiometer\/neoblue-compact_linkspot-2\/","alt":"neoBLUE-compact","author":"4","description":"","caption":"","name":"neoblue-compact_linkspot-2","status":"inherit","uploaded_to":12434,"date":"2023-09-25 14:51:00","modified":"2025-08-06 14:42:57","menu_order":0,"mime_type":"image\/png","type":"image","subtype":"png","icon":"https:\/\/natussensory.com\/wp-includes\/images\/media\/default.png","width":600,"height":300,"sizes":{"thumbnail":"https:\/\/natussensory.com\/wp-content\/uploads\/neoBLUE-compact_linkspot.jpg","thumbnail-width":128,"thumbnail-height":64,"medium":"https:\/\/natussensory.com\/wp-content\/uploads\/neoBLUE-compact_linkspot.jpg","medium-width":600,"medium-height":300,"medium_large":"https:\/\/natussensory.com\/wp-content\/uploads\/neoBLUE-compact_linkspot.jpg","medium_large-width":600,"medium_large-height":300,"large":"https:\/\/natussensory.com\/wp-content\/uploads\/neoBLUE-compact_linkspot.jpg","large-width":600,"large-height":300,"1536x1536":"https:\/\/natussensory.com\/wp-content\/uploads\/neoBLUE-compact_linkspot.jpg","1536x1536-width":600,"1536x1536-height":300,"2048x2048":"https:\/\/natussensory.com\/wp-content\/uploads\/neoBLUE-compact_linkspot.jpg","2048x2048-width":600,"2048x2048-height":300}},"title":"Sistema compacto de fototerapia LED con doble intensidad, luz de examen y brazo ajustable para tratar la ictericia neonatal en distintos entornos. ","link":{"type":"post","value":"6903","url":"https:\/\/natussensory.com\/products\/neoblue-compact\/","name":"neoBLUE\u00ae Compact LED Phototherapy for Jaundice","title":"neoBLUE<sup>\u00ae<\/sup> compact","target":""}},{"label":"","label_background_color":"#d4e9f9","image":{"ID":6984,"id":6984,"title":"neoBLUE-blanket_linkspot","filename":"neoblue-blanket_linkspot.jpg","filesize":125125,"url":"https:\/\/natussensory.com\/wp-content\/uploads\/neoblue-blanket_linkspot.jpg","link":"https:\/\/natussensory.com\/es\/productos\/neoblue-radiometer\/neoblue-blanket_linkspot-2\/","alt":"neoblue-blanket","author":"4","description":"","caption":"","name":"neoblue-blanket_linkspot-2","status":"inherit","uploaded_to":12434,"date":"2023-09-25 14:50:58","modified":"2025-08-06 14:40:12","menu_order":0,"mime_type":"image\/png","type":"image","subtype":"png","icon":"https:\/\/natussensory.com\/wp-includes\/images\/media\/default.png","width":600,"height":300,"sizes":{"thumbnail":"https:\/\/natussensory.com\/wp-content\/uploads\/neoblue-blanket_linkspot.jpg","thumbnail-width":128,"thumbnail-height":64,"medium":"https:\/\/natussensory.com\/wp-content\/uploads\/neoblue-blanket_linkspot.jpg","medium-width":600,"medium-height":300,"medium_large":"https:\/\/natussensory.com\/wp-content\/uploads\/neoblue-blanket_linkspot.jpg","medium_large-width":600,"medium_large-height":300,"large":"https:\/\/natussensory.com\/wp-content\/uploads\/neoblue-blanket_linkspot.jpg","large-width":600,"large-height":300,"1536x1536":"https:\/\/natussensory.com\/wp-content\/uploads\/neoblue-blanket_linkspot.jpg","1536x1536-width":600,"1536x1536-height":300,"2048x2048":"https:\/\/natussensory.com\/wp-content\/uploads\/neoblue-blanket_linkspot.jpg","2048x2048-width":600,"2048x2048-height":300}},"title":"Manta de fototerapia LED port\u00e1til que proporciona tratamiento continuo y eficaz de la ictericia durante el contacto, la lactancia o en casa. ","link":{"type":"post","value":"6928","url":"https:\/\/natussensory.com\/products\/neoblue-blanket\/","name":"neoBLUE\u00ae blanket &#8211; LED Phototherapy System","title":"neoBLUE<sup>\u00ae<\/sup> blanket","target":""}}]}},{"acf_fc_layout":"left_image_right_content_single_cta","_acfe_flexible_layout_title":"Contacts us","_acfe_flexible_toggle":"","left_image_right_content_single_cta_landing":{"module_options":{"":null,"module_id":"n685a5d301dba3","module_class":"","module_background_type":"color","module_background_color":"","module_background_image":false,"module_background_video":"","activate_custom_padding":false,"padding_top_desktop":0,"padding_top_tablet":"","padding_top_mobile":"","padding_bottom_desktop":"","padding_bottom_tablet":"","padding_bottom_mobile":"","activate_custom_margin":false,"margin_top_desktop":"","margin_top_tablet":"","margin_top_mobile":"","margin_bottom_desktop":"","margin_bottom_tablet":"","margin_bottom_mobile":"","disable_on":[],"content_alignment_desktop":"left","content_alignment_tablet":"left","content_alignment_mobile":"left"},"image":{"ID":4241,"id":4241,"title":"Contact Us 800x450","filename":"Contact-Us-800x450-1.png","filesize":437541,"url":"https:\/\/natussensory.com\/wp-content\/uploads\/Contact-Us-800x450-1.png","link":"https:\/\/natussensory.com\/es\/productos\/contact-us-800x450-2\/","alt":"Shaking Hands - Contact Us","author":"4","description":"","caption":"","name":"contact-us-800x450-2","status":"inherit","uploaded_to":11803,"date":"2023-09-14 17:35:31","modified":"2025-06-12 09:14:13","menu_order":0,"mime_type":"image\/png","type":"image","subtype":"png","icon":"https:\/\/natussensory.com\/wp-includes\/images\/media\/default.png","width":800,"height":450,"sizes":{"thumbnail":"https:\/\/natussensory.com\/wp-content\/uploads\/Contact-Us-800x450-1.png","thumbnail-width":128,"thumbnail-height":72,"medium":"https:\/\/natussensory.com\/wp-content\/uploads\/Contact-Us-800x450-1.png","medium-width":800,"medium-height":450,"medium_large":"https:\/\/natussensory.com\/wp-content\/uploads\/Contact-Us-800x450-1-768x432.png","medium_large-width":768,"medium_large-height":432,"large":"https:\/\/natussensory.com\/wp-content\/uploads\/Contact-Us-800x450-1.png","large-width":800,"large-height":450,"1536x1536":"https:\/\/natussensory.com\/wp-content\/uploads\/Contact-Us-800x450-1.png","1536x1536-width":800,"1536x1536-height":450,"2048x2048":"https:\/\/natussensory.com\/wp-content\/uploads\/Contact-Us-800x450-1.png","2048x2048-width":800,"2048x2048-height":450}},"label":"Solicitar una cotizaci\u00f3n ","title":" \u00bfListo para marcar la diferencia en la atenci\u00f3n al paciente? ","description":"<p><span class=\"TextRun SCXW3425689 BCX8\" data-contrast=\"auto\"><span class=\"NormalTextRun SCXW3425689 BCX8\">Descubra m\u00e1s sobre nuestras soluciones l\u00edderes en la industria y c\u00f3mo podemos ayudarle a mejorar la atenci\u00f3n a los pacientes.<\/span><\/span><span class=\"EOP SCXW3425689 BCX8\" data-ccp-props=\"{}\">\u00a0<\/span><\/p>\n","link":{"type":"post","value":"892","url":"https:\/\/natussensory.com\/contact-us\/","name":"Contact us","title":" Cont\u00e1ctenos","target":""}}}]},"_links":{"self":[{"href":"https:\/\/natussensory.com\/es\/wp-json\/wp\/v2\/pages\/24666","targetHints":{"allow":["GET"]}}],"collection":[{"href":"https:\/\/natussensory.com\/es\/wp-json\/wp\/v2\/pages"}],"about":[{"href":"https:\/\/natussensory.com\/es\/wp-json\/wp\/v2\/types\/page"}],"author":[{"embeddable":true,"href":"https:\/\/natussensory.com\/es\/wp-json\/wp\/v2\/users\/4"}],"replies":[{"embeddable":true,"href":"https:\/\/natussensory.com\/es\/wp-json\/wp\/v2\/comments?post=24666"}],"version-history":[{"count":6,"href":"https:\/\/natussensory.com\/es\/wp-json\/wp\/v2\/pages\/24666\/revisions"}],"predecessor-version":[{"id":26981,"href":"https:\/\/natussensory.com\/es\/wp-json\/wp\/v2\/pages\/24666\/revisions\/26981"}],"up":[{"embeddable":true,"href":"https:\/\/natussensory.com\/es\/wp-json\/wp\/v2\/pages\/11803"}],"wp:attachment":[{"href":"https:\/\/natussensory.com\/es\/wp-json\/wp\/v2\/media?parent=24666"}],"wp:term":[{"taxonomy":"category","embeddable":true,"href":"https:\/\/natussensory.com\/es\/wp-json\/wp\/v2\/categories?post=24666"},{"taxonomy":"post_tag","embeddable":true,"href":"https:\/\/natussensory.com\/es\/wp-json\/wp\/v2\/tags?post=24666"}],"curies":[{"name":"wp","href":"https:\/\/api.w.org\/{rel}","templated":true}]}}