{"id":24640,"date":"2025-06-25T14:27:22","date_gmt":"2025-06-25T14:27:22","guid":{"rendered":"https:\/\/natussensory.com\/productos\/ophthalmic-imaging\/"},"modified":"2025-08-20T13:05:02","modified_gmt":"2025-08-20T13:05:02","slug":"imagenes-oculares","status":"publish","type":"page","link":"https:\/\/natussensory.com\/es\/productos\/imagenes-oculares\/","title":{"rendered":"Im\u00e1genes Oculares"},"content":{"rendered":"","protected":false},"excerpt":{"rendered":"","protected":false},"author":4,"featured_media":0,"parent":11803,"menu_order":0,"comment_status":"closed","ping_status":"closed","template":"","meta":{"_acf_changed":false,"inline_featured_image":false,"footnotes":""},"categories":[314],"tags":[],"class_list":["post-24640","page","type-page","status-publish","hentry","category-imagenes-oculares"],"acf":{"content_blocks":[{"acf_fc_layout":"spacer","_acfe_flexible_toggle":"","spacer":{"module_options":{"":null,"module_id":"n682c85f324428","module_class":"","module_background_type":"color","module_background_color":"#473089","module_background_image":false,"module_background_video":"","activate_custom_padding":false,"padding_top_desktop":0,"padding_top_tablet":"","padding_top_mobile":"","padding_bottom_desktop":"","padding_bottom_tablet":"","padding_bottom_mobile":"","activate_custom_margin":false,"margin_top_desktop":"","margin_top_tablet":"","margin_top_mobile":"","margin_bottom_desktop":"","margin_bottom_tablet":"","margin_bottom_mobile":"","disable_on":[],"content_alignment_desktop":"left","content_alignment_tablet":"left","content_alignment_mobile":"left"},"height":"160"}},{"acf_fc_layout":"simple_content","_acfe_flexible_toggle":"","content_full_width_landing":{"module_options":{"":null,"module_id":"n68481ff96f7b3","module_class":"","module_background_type":"color","module_background_color":"#d4e9f9","module_background_image":false,"module_background_video":"","activate_custom_padding":false,"padding_top_desktop":0,"padding_top_tablet":"","padding_top_mobile":"","padding_bottom_desktop":"","padding_bottom_tablet":"","padding_bottom_mobile":"","activate_custom_margin":false,"margin_top_desktop":"","margin_top_tablet":"","margin_top_mobile":"","margin_bottom_desktop":"","margin_bottom_tablet":"","margin_bottom_mobile":"","disable_on":[],"content_alignment_desktop":"left","content_alignment_tablet":"left","content_alignment_mobile":"left"},"activate_custom_container_width":false,"container_width":"","content":"<h1 style=\"text-align: center;\">Im\u00e1genes Oculares<\/h1>\n<p style=\"text-align: center;\"><span style=\"font-size: 18px;\"><span class=\"TextRun SCXW50176524 BCX0\" lang=\"EN-US\" xml:lang=\"EN-US\" data-contrast=\"auto\"><span class=\"NormalTextRun SpellingErrorV2Themed SCXW50176524 BCX0\">Tecnolog\u00eda<\/span><span class=\"NormalTextRun SCXW50176524 BCX0\"> de imagen <\/span><span class=\"NormalTextRun SpellingErrorV2Themed SCXW50176524 BCX0\">oft\u00e1lmica<\/span> <span class=\"NormalTextRun SpellingErrorV2Themed SCXW50176524 BCX0\">dise\u00f1ada<\/span><span class=\"NormalTextRun SCXW50176524 BCX0\"> para <\/span><span class=\"NormalTextRun SpellingErrorV2Themed SCXW50176524 BCX0\">ofrecer<\/span> <span class=\"NormalTextRun SpellingErrorV2Themed SCXW50176524 BCX0\">precisi\u00f3n<\/span> <span class=\"NormalTextRun SpellingErrorV2Themed SCXW50176524 BCX0\">en<\/span> <span class=\"NormalTextRun SpellingErrorV2Themed SCXW50176524 BCX0\">el<\/span> <span class=\"NormalTextRun SpellingErrorV2Themed SCXW50176524 BCX0\">cuidado<\/span> <span class=\"NormalTextRun SpellingErrorV2Themed SCXW50176524 BCX0\">pedi\u00e1trico<\/span><span class=\"NormalTextRun SCXW50176524 BCX0\">. Nuestros <\/span><span class=\"NormalTextRun SpellingErrorV2Themed SCXW50176524 BCX0\">sistemas<\/span> <span class=\"NormalTextRun SpellingErrorV2Themed SCXW50176524 BCX0\">capturan<\/span> <span class=\"NormalTextRun SpellingErrorV2Themed SCXW50176524 BCX0\">im\u00e1genes<\/span> <span class=\"NormalTextRun SpellingErrorV2Themed SCXW50176524 BCX0\">retinianas<\/span><span class=\"NormalTextRun SCXW50176524 BCX0\"> de <\/span><span class=\"NormalTextRun SpellingErrorV2Themed SCXW50176524 BCX0\">alta<\/span> <span class=\"NormalTextRun SpellingErrorV2Themed SCXW50176524 BCX0\">definici\u00f3n<\/span><span class=\"NormalTextRun SCXW50176524 BCX0\"> y campo <\/span><span class=\"NormalTextRun SpellingErrorV2Themed SCXW50176524 BCX0\">amplio<\/span><span class=\"NormalTextRun SCXW50176524 BCX0\">, <\/span><span class=\"NormalTextRun SpellingErrorV2Themed SCXW50176524 BCX0\">permitiendo<\/span><span class=\"NormalTextRun SCXW50176524 BCX0\"> un <\/span><span class=\"NormalTextRun SpellingErrorV2Themed SCXW50176524 BCX0\">diagn\u00f3stico<\/span> <span class=\"NormalTextRun SpellingErrorV2Themed SCXW50176524 BCX0\">oportuno<\/span><span class=\"NormalTextRun SCXW50176524 BCX0\"> y <\/span><span class=\"NormalTextRun SpellingErrorV2Themed SCXW50176524 BCX0\">flujos<\/span><span class=\"NormalTextRun SCXW50176524 BCX0\"> de <\/span><span class=\"NormalTextRun SpellingErrorV2Themed SCXW50176524 BCX0\">trabajo<\/span> <span class=\"NormalTextRun SpellingErrorV2Themed SCXW50176524 BCX0\">cl\u00ednicos<\/span> <span class=\"NormalTextRun SpellingErrorV2Themed SCXW50176524 BCX0\">eficientes<\/span><span class=\"NormalTextRun SCXW50176524 BCX0\">. <\/span><span class=\"NormalTextRun SpellingErrorV2Themed SCXW50176524 BCX0\">Dise\u00f1ados<\/span><span class=\"NormalTextRun SCXW50176524 BCX0\"> para la <\/span><span class=\"NormalTextRun SpellingErrorV2Themed SCXW50176524 BCX0\">detecci\u00f3n<\/span> <span class=\"NormalTextRun SpellingErrorV2Themed SCXW50176524 BCX0\">temprana<\/span><span class=\"NormalTextRun SCXW50176524 BCX0\"> y <\/span><span class=\"NormalTextRun SpellingErrorV2Themed SCXW50176524 BCX0\">el<\/span> <span class=\"NormalTextRun SpellingErrorV2Themed SCXW50176524 BCX0\">seguimiento<\/span><span class=\"NormalTextRun SCXW50176524 BCX0\"> de <\/span><span class=\"NormalTextRun SpellingErrorV2Themed SCXW50176524 BCX0\">afecciones<\/span> <span class=\"NormalTextRun SpellingErrorV2Themed SCXW50176524 BCX0\">oculares<\/span> <span class=\"NormalTextRun SpellingErrorV2Themed SCXW50176524 BCX0\">pedi\u00e1tricas<\/span><span class=\"NormalTextRun SCXW50176524 BCX0\">.<\/span><\/span><span class=\"EOP SCXW50176524 BCX0\" data-ccp-props=\"{&quot;134233117&quot;:false,&quot;134233118&quot;:false,&quot;335551550&quot;:2,&quot;335551620&quot;:2,&quot;335559738&quot;:240,&quot;335559739&quot;:240}\">\u00a0<\/span><\/span><\/p>\n"}},{"acf_fc_layout":"related_products","_acfe_flexible_toggle":"","tiles_3_columns_landing":{"module_options":{"":null,"module_id":"n682c87cfb8053","module_class":"","module_background_type":"color","module_background_color":"","module_background_image":false,"module_background_video":"","activate_custom_padding":false,"padding_top_desktop":0,"padding_top_tablet":"","padding_top_mobile":"","padding_bottom_desktop":"","padding_bottom_tablet":"","padding_bottom_mobile":"","activate_custom_margin":false,"margin_top_desktop":"","margin_top_tablet":"","margin_top_mobile":"","margin_bottom_desktop":"","margin_bottom_tablet":"","margin_bottom_mobile":"","disable_on":[],"content_alignment_desktop":"left","content_alignment_tablet":"left","content_alignment_mobile":"left"},"intro_text":" Productos","intro_text_color":"","intro_link":{"type":"post","value":"1518","url":"https:\/\/natussensory.com\/products\/","name":"Products","title":"Ver todos los productos","target":""},"tiles":[{"label":"","label_background_color":"#d4e9f9","image":{"ID":7299,"id":7299,"title":"Retcam-Envision_all-products-link","filename":"Retcam-Envision_all-products-link.jpg","filesize":49217,"url":"https:\/\/natussensory.com\/wp-content\/uploads\/Retcam-Envision_all-products-link.jpg","link":"https:\/\/natussensory.com\/es\/productos\/retcam-envision_all-products-link-2\/","alt":"Retcam-Envision","author":"4","description":"","caption":"","name":"retcam-envision_all-products-link-2","status":"inherit","uploaded_to":11803,"date":"2023-09-26 09:06:41","modified":"2025-08-06 12:53:49","menu_order":0,"mime_type":"image\/jpeg","type":"image","subtype":"jpeg","icon":"https:\/\/natussensory.com\/wp-includes\/images\/media\/default.png","width":500,"height":400,"sizes":{"thumbnail":"https:\/\/natussensory.com\/wp-content\/uploads\/Retcam-Envision_all-products-link.jpg","thumbnail-width":120,"thumbnail-height":96,"medium":"https:\/\/natussensory.com\/wp-content\/uploads\/Retcam-Envision_all-products-link.jpg","medium-width":500,"medium-height":400,"medium_large":"https:\/\/natussensory.com\/wp-content\/uploads\/Retcam-Envision_all-products-link.jpg","medium_large-width":500,"medium_large-height":400,"large":"https:\/\/natussensory.com\/wp-content\/uploads\/Retcam-Envision_all-products-link.jpg","large-width":500,"large-height":400,"1536x1536":"https:\/\/natussensory.com\/wp-content\/uploads\/Retcam-Envision_all-products-link.jpg","1536x1536-width":500,"1536x1536-height":400,"2048x2048":"https:\/\/natussensory.com\/wp-content\/uploads\/Retcam-Envision_all-products-link.jpg","2048x2048-width":500,"2048x2048-height":400}},"title":"Sistema port\u00e1til de imagen retiniana pedi\u00e1trica con campo ultraamplio, angiograf\u00eda con fluoresce\u00edna en tiempo real y gesti\u00f3n centralizada de datos. ","link":{"type":"post","value":"6257","url":"https:\/\/natussensory.com\/products\/retcam-envision\/","name":"RetCam\u00ae &#8211; Envision ophthalmic imaging system","title":"RetCam<sup>\u00ae<\/sup> Envision","target":""}},{"label":"","label_background_color":"#d4e9f9","image":{"ID":7294,"id":7294,"title":"Retcam-Datalink_all-products-link","filename":"Retcam-Datalink_all-products-link.jpg","filesize":101420,"url":"https:\/\/natussensory.com\/wp-content\/uploads\/Retcam-Datalink_all-products-link.jpg","link":"https:\/\/natussensory.com\/es\/productos\/retcam-datalink_all-products-link-2\/","alt":"DataLink for RetCam","author":"4","description":"","caption":"","name":"retcam-datalink_all-products-link-2","status":"inherit","uploaded_to":11803,"date":"2023-09-26 09:06:40","modified":"2025-08-06 12:48:50","menu_order":0,"mime_type":"image\/jpeg","type":"image","subtype":"jpeg","icon":"https:\/\/natussensory.com\/wp-includes\/images\/media\/default.png","width":500,"height":400,"sizes":{"thumbnail":"https:\/\/natussensory.com\/wp-content\/uploads\/Retcam-Datalink_all-products-link.jpg","thumbnail-width":120,"thumbnail-height":96,"medium":"https:\/\/natussensory.com\/wp-content\/uploads\/Retcam-Datalink_all-products-link.jpg","medium-width":500,"medium-height":400,"medium_large":"https:\/\/natussensory.com\/wp-content\/uploads\/Retcam-Datalink_all-products-link.jpg","medium_large-width":500,"medium_large-height":400,"large":"https:\/\/natussensory.com\/wp-content\/uploads\/Retcam-Datalink_all-products-link.jpg","large-width":500,"large-height":400,"1536x1536":"https:\/\/natussensory.com\/wp-content\/uploads\/Retcam-Datalink_all-products-link.jpg","1536x1536-width":500,"1536x1536-height":400,"2048x2048":"https:\/\/natussensory.com\/wp-content\/uploads\/Retcam-Datalink_all-products-link.jpg","2048x2048-width":500,"2048x2048-height":400}},"title":"DataLink para RetCam<sup>\u00ae<\/sup> Envision","link":{"type":"post","value":"12408","url":"https:\/\/natussensory.com\/es\/productos\/datalink-para-retcam-envision\/","name":"DataLink for RetCam\u00ae Envision &#8211; Visualizaci\u00f3n Ocular Remota","title":"DataLink para RetCam<sup>\u00ae<\/sup> Envision","target":""}}]}},{"acf_fc_layout":"related_products","_acfe_flexible_toggle":"","tiles_3_columns_landing":{"module_options":{"":null,"module_id":"n68496d44383e3","module_class":"","module_background_type":"color","module_background_color":"","module_background_image":false,"module_background_video":"","activate_custom_padding":false,"padding_top_desktop":0,"padding_top_tablet":"","padding_top_mobile":"","padding_bottom_desktop":"","padding_bottom_tablet":"","padding_bottom_mobile":"","activate_custom_margin":false,"margin_top_desktop":"","margin_top_tablet":"","margin_top_mobile":"","margin_bottom_desktop":"","margin_bottom_tablet":"","margin_bottom_mobile":"","disable_on":[],"content_alignment_desktop":"left","content_alignment_tablet":"left","content_alignment_mobile":"left"},"intro_text":" Art\u00edculos relacionados \u2013 m\u00e1s de 50 a\u00f1os de conocimiento y experiencia especializada ","intro_text_color":"","intro_link":{"type":"post","value":"1527","url":"https:\/\/natussensory.com\/insights\/","name":"Insights","title":"Ver todos los art\u00edculos ","target":""},"tiles":[{"label":"","label_background_color":"","image":{"ID":15147,"id":15147,"title":"Optimizing-ROP_insights-category","filename":"Optimizing-ROP_insights-category.png","filesize":168576,"url":"https:\/\/natussensory.com\/wp-content\/uploads\/Optimizing-ROP_insights-category.png","link":"https:\/\/natussensory.com\/es\/insights\/optimizacion-del-proceso-de-deteccion-de-la-rop-en-neonatos\/optimizing-rop_insights-category-2\/","alt":" Clinician reviewing digital retinal imaging results for ROP diagnosis, supporting early detection and telemedicine-based screening in neonates.","author":"4","description":"","caption":"","name":"optimizing-rop_insights-category-2","status":"inherit","uploaded_to":16689,"date":"2023-10-13 08:54:57","modified":"2025-05-22 11:34:05","menu_order":0,"mime_type":"image\/png","type":"image","subtype":"png","icon":"https:\/\/natussensory.com\/wp-includes\/images\/media\/default.png","width":500,"height":400,"sizes":{"thumbnail":"https:\/\/natussensory.com\/wp-content\/uploads\/Optimizing-ROP_insights-category.png","thumbnail-width":120,"thumbnail-height":96,"medium":"https:\/\/natussensory.com\/wp-content\/uploads\/Optimizing-ROP_insights-category.png","medium-width":500,"medium-height":400,"medium_large":"https:\/\/natussensory.com\/wp-content\/uploads\/Optimizing-ROP_insights-category.png","medium_large-width":500,"medium_large-height":400,"large":"https:\/\/natussensory.com\/wp-content\/uploads\/Optimizing-ROP_insights-category.png","large-width":500,"large-height":400,"1536x1536":"https:\/\/natussensory.com\/wp-content\/uploads\/Optimizing-ROP_insights-category.png","1536x1536-width":500,"1536x1536-height":400,"2048x2048":"https:\/\/natussensory.com\/wp-content\/uploads\/Optimizing-ROP_insights-category.png","2048x2048-width":500,"2048x2048-height":400}},"title":"Optimizaci\u00f3n del proceso de detecci\u00f3n de la ROP en neonatos","link":{"type":"post","value":"13965","url":"https:\/\/natussensory.com\/insights\/optimizing-the-rop-screening-process\/","name":"Optimizing the ROP screening process for neonates","title":"M\u00e1s informaci\u00f3n ","target":""}},{"label":"","label_background_color":"","image":{"ID":15188,"id":15188,"title":"Pediatric-retinal-diseases_insights-category","filename":"Pediatric-retinal-diseases_insights-category.jpg","filesize":113372,"url":"https:\/\/natussensory.com\/wp-content\/uploads\/Pediatric-retinal-diseases_insights-category.jpg","link":"https:\/\/natussensory.com\/es\/insights\/como-detecta-enfermedades-de-la-retina-pediatricas\/pediatric-retinal-diseases_insights-category-2\/","alt":"Close-up of a newborn\u2019s eye, illustrating the importance of early detection of pediatric retinal diseases such as retinoblastoma and congenital conditions.","author":"4","description":"","caption":"","name":"pediatric-retinal-diseases_insights-category-2","status":"inherit","uploaded_to":16701,"date":"2023-10-13 09:27:47","modified":"2025-05-22 11:09:25","menu_order":0,"mime_type":"image\/jpeg","type":"image","subtype":"jpeg","icon":"https:\/\/natussensory.com\/wp-includes\/images\/media\/default.png","width":500,"height":400,"sizes":{"thumbnail":"https:\/\/natussensory.com\/wp-content\/uploads\/Pediatric-retinal-diseases_insights-category.jpg","thumbnail-width":120,"thumbnail-height":96,"medium":"https:\/\/natussensory.com\/wp-content\/uploads\/Pediatric-retinal-diseases_insights-category.jpg","medium-width":500,"medium-height":400,"medium_large":"https:\/\/natussensory.com\/wp-content\/uploads\/Pediatric-retinal-diseases_insights-category.jpg","medium_large-width":500,"medium_large-height":400,"large":"https:\/\/natussensory.com\/wp-content\/uploads\/Pediatric-retinal-diseases_insights-category.jpg","large-width":500,"large-height":400,"1536x1536":"https:\/\/natussensory.com\/wp-content\/uploads\/Pediatric-retinal-diseases_insights-category.jpg","1536x1536-width":500,"1536x1536-height":400,"2048x2048":"https:\/\/natussensory.com\/wp-content\/uploads\/Pediatric-retinal-diseases_insights-category.jpg","2048x2048-width":500,"2048x2048-height":400}},"title":"C\u00f3mo detectar enfermedades de la retina en ni\u00f1os","link":{"type":"post","value":"15183","url":"https:\/\/natussensory.com\/insights\/how-to-detect-pediatric-retinal-diseases-in-newborns\/","name":"Detect Pediatric Retinal Diseases in Newborns","title":"M\u00e1s informaci\u00f3n ","target":""}}]}},{"acf_fc_layout":"left_image_right_content_single_cta","_acfe_flexible_layout_title":"Contacts us","_acfe_flexible_toggle":"","left_image_right_content_single_cta_landing":{"module_options":{"":null,"module_id":"n685a5d301dba3","module_class":"","module_background_type":"color","module_background_color":"","module_background_image":false,"module_background_video":"","activate_custom_padding":false,"padding_top_desktop":0,"padding_top_tablet":"","padding_top_mobile":"","padding_bottom_desktop":"","padding_bottom_tablet":"","padding_bottom_mobile":"","activate_custom_margin":false,"margin_top_desktop":"","margin_top_tablet":"","margin_top_mobile":"","margin_bottom_desktop":"","margin_bottom_tablet":"","margin_bottom_mobile":"","disable_on":[],"content_alignment_desktop":"left","content_alignment_tablet":"left","content_alignment_mobile":"left"},"image":{"ID":4241,"id":4241,"title":"Contact Us 800x450","filename":"Contact-Us-800x450-1.png","filesize":437541,"url":"https:\/\/natussensory.com\/wp-content\/uploads\/Contact-Us-800x450-1.png","link":"https:\/\/natussensory.com\/es\/productos\/contact-us-800x450-2\/","alt":"Shaking Hands - Contact Us","author":"4","description":"","caption":"","name":"contact-us-800x450-2","status":"inherit","uploaded_to":11803,"date":"2023-09-14 17:35:31","modified":"2025-06-12 09:14:13","menu_order":0,"mime_type":"image\/png","type":"image","subtype":"png","icon":"https:\/\/natussensory.com\/wp-includes\/images\/media\/default.png","width":800,"height":450,"sizes":{"thumbnail":"https:\/\/natussensory.com\/wp-content\/uploads\/Contact-Us-800x450-1.png","thumbnail-width":128,"thumbnail-height":72,"medium":"https:\/\/natussensory.com\/wp-content\/uploads\/Contact-Us-800x450-1.png","medium-width":800,"medium-height":450,"medium_large":"https:\/\/natussensory.com\/wp-content\/uploads\/Contact-Us-800x450-1-768x432.png","medium_large-width":768,"medium_large-height":432,"large":"https:\/\/natussensory.com\/wp-content\/uploads\/Contact-Us-800x450-1.png","large-width":800,"large-height":450,"1536x1536":"https:\/\/natussensory.com\/wp-content\/uploads\/Contact-Us-800x450-1.png","1536x1536-width":800,"1536x1536-height":450,"2048x2048":"https:\/\/natussensory.com\/wp-content\/uploads\/Contact-Us-800x450-1.png","2048x2048-width":800,"2048x2048-height":450}},"label":"Solicitar una cotizaci\u00f3n ","title":"\u00bfListo para marcar la diferencia en la atenci\u00f3n al paciente? ","description":"<p><span class=\"NormalTextRun SCXW83929461 BCX8\">Descubra m\u00e1s sobre nuestras soluciones l\u00edderes en la industria y c\u00f3mo podemos ayudarle a mejorar la atenci\u00f3n a los pacientes.<\/span><\/p>\n","link":{"type":"post","value":"892","url":"https:\/\/natussensory.com\/contact-us\/","name":"Contact us","title":"Cont\u00e1ctenos ","target":""}}}]},"_links":{"self":[{"href":"https:\/\/natussensory.com\/es\/wp-json\/wp\/v2\/pages\/24640","targetHints":{"allow":["GET"]}}],"collection":[{"href":"https:\/\/natussensory.com\/es\/wp-json\/wp\/v2\/pages"}],"about":[{"href":"https:\/\/natussensory.com\/es\/wp-json\/wp\/v2\/types\/page"}],"author":[{"embeddable":true,"href":"https:\/\/natussensory.com\/es\/wp-json\/wp\/v2\/users\/4"}],"replies":[{"embeddable":true,"href":"https:\/\/natussensory.com\/es\/wp-json\/wp\/v2\/comments?post=24640"}],"version-history":[{"count":7,"href":"https:\/\/natussensory.com\/es\/wp-json\/wp\/v2\/pages\/24640\/revisions"}],"predecessor-version":[{"id":25711,"href":"https:\/\/natussensory.com\/es\/wp-json\/wp\/v2\/pages\/24640\/revisions\/25711"}],"up":[{"embeddable":true,"href":"https:\/\/natussensory.com\/es\/wp-json\/wp\/v2\/pages\/11803"}],"wp:attachment":[{"href":"https:\/\/natussensory.com\/es\/wp-json\/wp\/v2\/media?parent=24640"}],"wp:term":[{"taxonomy":"category","embeddable":true,"href":"https:\/\/natussensory.com\/es\/wp-json\/wp\/v2\/categories?post=24640"},{"taxonomy":"post_tag","embeddable":true,"href":"https:\/\/natussensory.com\/es\/wp-json\/wp\/v2\/tags?post=24640"}],"curies":[{"name":"wp","href":"https:\/\/api.w.org\/{rel}","templated":true}]}}