{"id":24568,"date":"2025-06-24T14:23:12","date_gmt":"2025-06-24T14:23:12","guid":{"rendered":"https:\/\/natussensory.com\/productos\/fitting-systems\/"},"modified":"2025-12-19T13:14:09","modified_gmt":"2025-12-19T13:14:09","slug":"sistema-de-adaptacion","status":"publish","type":"page","link":"https:\/\/natussensory.com\/es\/productos\/sistema-de-adaptacion\/","title":{"rendered":"Sistema de Adaptaci\u00f3n"},"content":{"rendered":"","protected":false},"excerpt":{"rendered":"","protected":false},"author":4,"featured_media":0,"parent":11803,"menu_order":0,"comment_status":"closed","ping_status":"closed","template":"","meta":{"_acf_changed":false,"inline_featured_image":false,"footnotes":""},"categories":[311],"tags":[],"class_list":["post-24568","page","type-page","status-publish","hentry","category-adaptacion-de-audifonos"],"acf":{"content_blocks":[{"acf_fc_layout":"spacer","_acfe_flexible_toggle":null,"spacer":{"module_options":{"":null,"module_id":"n682c85f324428","module_class":"","module_background_type":"color","module_background_color":"#473089","module_background_image":false,"module_background_video":"","activate_custom_padding":false,"padding_top_desktop":0,"padding_top_tablet":"","padding_top_mobile":"","padding_bottom_desktop":"","padding_bottom_tablet":"","padding_bottom_mobile":"","activate_custom_margin":false,"margin_top_desktop":"","margin_top_tablet":"","margin_top_mobile":"","margin_bottom_desktop":"","margin_bottom_tablet":"","margin_bottom_mobile":"","disable_on":[],"content_alignment_desktop":"left","content_alignment_tablet":"left","content_alignment_mobile":"left"},"height":"160"}},{"acf_fc_layout":"simple_content","_acfe_flexible_toggle":"","content_full_width_landing":{"module_options":{"":null,"module_id":"n68481ff96f7b3","module_class":"","module_background_type":"color","module_background_color":"#d4e9f9","module_background_image":false,"module_background_video":"","activate_custom_padding":false,"padding_top_desktop":0,"padding_top_tablet":"","padding_top_mobile":"","padding_bottom_desktop":"","padding_bottom_tablet":"","padding_bottom_mobile":"","activate_custom_margin":false,"margin_top_desktop":"","margin_top_tablet":"","margin_top_mobile":"","margin_bottom_desktop":"","margin_bottom_tablet":"","margin_bottom_mobile":"","disable_on":[],"content_alignment_desktop":"left","content_alignment_tablet":"left","content_alignment_mobile":"left"},"activate_custom_container_width":false,"container_width":"","content":"<h1 style=\"text-align: center;\"><span class=\"TextRun SCXW263125608 BCX0\" lang=\"EN-US\" xml:lang=\"EN-US\" data-contrast=\"auto\"><span class=\"NormalTextRun SCXW263125608 BCX0\">Sistema de A<\/span><span class=\"NormalTextRun SpellingErrorV2Themed SCXW263125608 BCX0\">daptaci\u00f3n<\/span><\/span><span class=\"EOP SCXW263125608 BCX0\" data-ccp-props=\"{&quot;335551550&quot;:2,&quot;335551620&quot;:2}\">\u00a0<\/span><\/h1>\n<p style=\"text-align: center;\"><span style=\"font-size: 18px;\"><span class=\"TextRun SCXW241516671 BCX0\" lang=\"ES-ES\" xml:lang=\"ES-ES\" data-contrast=\"auto\"><span class=\"NormalTextRun SCXW241516671 BCX0\">Brinde confianza en cada adaptaci\u00f3n con soluciones dise\u00f1adas para ofrecer precisi\u00f3n, velocidad e integraci\u00f3n perfecta. Desde la medici\u00f3n en o\u00eddo real inal\u00e1mbrica (REM) con <\/span><span class=\"NormalTextRun SpellingErrorV2Themed SCXW241516671 BCX0\">Aurical<span class=\"TextRun SCXW99697929 BCX0\" lang=\"EN-US\" xml:lang=\"EN-US\" data-contrast=\"auto\"><span class=\"NormalTextRun SCXW99697929 BCX0\"><sup>\u00ae<\/sup><\/span><\/span><\/span><span class=\"NormalTextRun SCXW241516671 BCX0\">\u00a0<\/span><span class=\"NormalTextRun SpellingErrorV2Themed SCXW241516671 BCX0\">FreeFit<\/span><span class=\"NormalTextRun SCXW241516671 BCX0\"> hasta la programaci\u00f3n confiable con Hi-Pro<span class=\"TextRun SCXW99697929 BCX0\" lang=\"EN-US\" xml:lang=\"EN-US\" data-contrast=\"auto\"><span class=\"NormalTextRun SCXW99697929 BCX0\"><sup>\u00ae<\/sup><\/span><\/span> 2, nuestras soluciones respaldan una atenci\u00f3n precisa y centrada en el paciente.<\/span><\/span><span class=\"EOP SCXW241516671 BCX0\" data-ccp-props=\"{&quot;335551550&quot;:2,&quot;335551620&quot;:2}\">\u00a0<\/span><\/span><\/p>\n"}},{"acf_fc_layout":"related_products","_acfe_flexible_toggle":"","tiles_3_columns_landing":{"module_options":{"":null,"module_id":"n6859578b6a037","module_class":"","module_background_type":"color","module_background_color":"","module_background_image":false,"module_background_video":"","activate_custom_padding":false,"padding_top_desktop":0,"padding_top_tablet":"","padding_top_mobile":"","padding_bottom_desktop":"","padding_bottom_tablet":"","padding_bottom_mobile":"","activate_custom_margin":false,"margin_top_desktop":"","margin_top_tablet":"","margin_top_mobile":"","margin_bottom_desktop":"","margin_bottom_tablet":"","margin_bottom_mobile":"","disable_on":[],"content_alignment_desktop":"left","content_alignment_tablet":"left","content_alignment_mobile":"left"},"intro_text":"Productos ","intro_text_color":"","intro_link":{"type":"post","value":"11803","url":"https:\/\/natussensory.com\/es\/productos\/","name":"Productos","title":"Ver todos los productos ","target":""},"tiles":[{"label":"","label_background_color":"","image":{"ID":7826,"id":7826,"title":"Aurical_linkspot","filename":"Aurical_linkspot.jpg","filesize":64048,"url":"https:\/\/natussensory.com\/wp-content\/uploads\/Aurical_linkspot.jpg","link":"https:\/\/natussensory.com\/es\/productos\/aurical-freefit\/aurical_linkspot-2\/","alt":"","author":"4","description":"","caption":"","name":"aurical_linkspot-2","status":"inherit","uploaded_to":12090,"date":"2023-09-27 14:28:07","modified":"2023-09-27 14:28:07","menu_order":0,"mime_type":"image\/jpeg","type":"image","subtype":"jpeg","icon":"https:\/\/natussensory.com\/wp-includes\/images\/media\/default.png","width":600,"height":300,"sizes":{"thumbnail":"https:\/\/natussensory.com\/wp-content\/uploads\/Aurical_linkspot.jpg","thumbnail-width":128,"thumbnail-height":64,"medium":"https:\/\/natussensory.com\/wp-content\/uploads\/Aurical_linkspot.jpg","medium-width":600,"medium-height":300,"medium_large":"https:\/\/natussensory.com\/wp-content\/uploads\/Aurical_linkspot.jpg","medium_large-width":600,"medium_large-height":300,"large":"https:\/\/natussensory.com\/wp-content\/uploads\/Aurical_linkspot.jpg","large-width":600,"large-height":300,"1536x1536":"https:\/\/natussensory.com\/wp-content\/uploads\/Aurical_linkspot.jpg","1536x1536-width":600,"1536x1536-height":300,"2048x2048":"https:\/\/natussensory.com\/wp-content\/uploads\/Aurical_linkspot.jpg","2048x2048-width":600,"2048x2048-height":300}},"title":"Sistema modular de adaptaci\u00f3n de aud\u00edfonos con PMM binaural inal\u00e1mbrico, audi\u00f3metro integrado, c\u00e1mara de pruebas HIT y Hi-Pro<sup>\u00ae<\/sup> 2 incorporado. ","link":{"type":"post","value":"4734","url":"https:\/\/natussensory.com\/products\/aurical\/","name":"Aurical\u00ae &#8211; Hearing Aid Fitting System","title":"Aurical<sup>\u00ae<\/sup>","target":""}},{"label":"","label_background_color":"","image":{"ID":7714,"id":7714,"title":"Freefit_linkspot","filename":"Freefit_linkspot.jpg","filesize":97869,"url":"https:\/\/natussensory.com\/wp-content\/uploads\/Freefit_linkspot.jpg","link":"https:\/\/natussensory.com\/es\/productos\/aurical\/freefit_linkspot-2\/","alt":"Aurical Freefit","author":"4","description":"","caption":"","name":"freefit_linkspot-2","status":"inherit","uploaded_to":12099,"date":"2023-09-27 12:41:41","modified":"2025-10-20 09:21:38","menu_order":0,"mime_type":"image\/jpeg","type":"image","subtype":"jpeg","icon":"https:\/\/natussensory.com\/wp-includes\/images\/media\/default.png","width":600,"height":300,"sizes":{"thumbnail":"https:\/\/natussensory.com\/wp-content\/uploads\/Freefit_linkspot.jpg","thumbnail-width":128,"thumbnail-height":64,"medium":"https:\/\/natussensory.com\/wp-content\/uploads\/Freefit_linkspot.jpg","medium-width":600,"medium-height":300,"medium_large":"https:\/\/natussensory.com\/wp-content\/uploads\/Freefit_linkspot.jpg","medium_large-width":600,"medium_large-height":300,"large":"https:\/\/natussensory.com\/wp-content\/uploads\/Freefit_linkspot.jpg","large-width":600,"large-height":300,"1536x1536":"https:\/\/natussensory.com\/wp-content\/uploads\/Freefit_linkspot.jpg","1536x1536-width":600,"1536x1536-height":300,"2048x2048":"https:\/\/natussensory.com\/wp-content\/uploads\/Freefit_linkspot.jpg","2048x2048-width":600,"2048x2048-height":300}},"title":"Sistema REM inal\u00e1mbrico con PMM binaural, colocaci\u00f3n guiada de la sonda y integraci\u00f3n autom\u00e1tica con el software de adaptaci\u00f3n. ","link":{"type":"post","value":"4904","url":"https:\/\/natussensory.com\/products\/aurical-freefit\/","name":"Aurical\u00ae Freefit &#8211; Real ear measurement","title":"Aurical<sup>\u00ae<\/sup> Freefit","target":""}},{"label":"","label_background_color":"","image":{"ID":7709,"id":7709,"title":"Aurical-HIT_linkspot","filename":"Aurical-HIT_linkspot.jpg","filesize":44971,"url":"https:\/\/natussensory.com\/wp-content\/uploads\/Aurical-HIT_linkspot.jpg","link":"https:\/\/natussensory.com\/es\/productos\/aurical\/aurical-hit_linkspot-2\/","alt":"Aurical HIT","author":"4","description":"","caption":"","name":"aurical-hit_linkspot-2","status":"inherit","uploaded_to":12099,"date":"2023-09-27 12:41:39","modified":"2025-08-06 13:06:15","menu_order":0,"mime_type":"image\/jpeg","type":"image","subtype":"jpeg","icon":"https:\/\/natussensory.com\/wp-includes\/images\/media\/default.png","width":600,"height":300,"sizes":{"thumbnail":"https:\/\/natussensory.com\/wp-content\/uploads\/Aurical-HIT_linkspot.jpg","thumbnail-width":128,"thumbnail-height":64,"medium":"https:\/\/natussensory.com\/wp-content\/uploads\/Aurical-HIT_linkspot.jpg","medium-width":600,"medium-height":300,"medium_large":"https:\/\/natussensory.com\/wp-content\/uploads\/Aurical-HIT_linkspot.jpg","medium_large-width":600,"medium_large-height":300,"large":"https:\/\/natussensory.com\/wp-content\/uploads\/Aurical-HIT_linkspot.jpg","large-width":600,"large-height":300,"1536x1536":"https:\/\/natussensory.com\/wp-content\/uploads\/Aurical-HIT_linkspot.jpg","1536x1536-width":600,"1536x1536-height":300,"2048x2048":"https:\/\/natussensory.com\/wp-content\/uploads\/Aurical-HIT_linkspot.jpg","2048x2048-width":600,"2048x2048-height":300}},"title":"C\u00e1mara de pruebas con RECD, verificaci\u00f3n inal\u00e1mbrica y posicionamiento OnePosition para aud\u00edfonos. ","link":{"type":"post","value":"5285","url":"https:\/\/natussensory.com\/products\/aurical-hit\/","name":"Aurical\u00ae HIT \u2013 Coupler Based Fitting","title":"Aurical<sup>\u00ae<\/sup> HIT","target":""}},{"label":"","label_background_color":"","image":{"ID":27557,"id":27557,"title":"Measure_linkspot","filename":"Measure_linkspot.jpg","filesize":60226,"url":"https:\/\/natussensory.com\/wp-content\/uploads\/Measure_linkspot.jpg","link":"https:\/\/natussensory.com\/es\/productos\/sistema-de-adaptacion\/measure_linkspot-2\/","alt":"Portable audiometer in one compact unit with optional hearing instrument test box.","author":"4","description":"","caption":"","name":"measure_linkspot-2","status":"inherit","uploaded_to":24568,"date":"2025-10-22 07:21:05","modified":"2025-10-22 07:21:52","menu_order":0,"mime_type":"image\/jpeg","type":"image","subtype":"jpeg","icon":"https:\/\/natussensory.com\/wp-includes\/images\/media\/default.png","width":600,"height":300,"sizes":{"thumbnail":"https:\/\/natussensory.com\/wp-content\/uploads\/Measure_linkspot.jpg","thumbnail-width":128,"thumbnail-height":64,"medium":"https:\/\/natussensory.com\/wp-content\/uploads\/Measure_linkspot.jpg","medium-width":600,"medium-height":300,"medium_large":"https:\/\/natussensory.com\/wp-content\/uploads\/Measure_linkspot.jpg","medium_large-width":600,"medium_large-height":300,"large":"https:\/\/natussensory.com\/wp-content\/uploads\/Measure_linkspot.jpg","large-width":600,"large-height":300,"1536x1536":"https:\/\/natussensory.com\/wp-content\/uploads\/Measure_linkspot.jpg","1536x1536-width":600,"1536x1536-height":300,"2048x2048":"https:\/\/natussensory.com\/wp-content\/uploads\/Measure_linkspot.jpg","2048x2048-width":600,"2048x2048-height":300}},"title":"Audi\u00f3metro port\u00e1til en una unidad compacta con caja de prueba para aud\u00edfonos opcional.","link":{"type":"post","value":"28395","url":"https:\/\/natussensory.com\/es\/productos\/otometrics-measure\/","name":"Otometrics Measure \u2013 sistema port\u00e1til de evaluaci\u00f3n auditiva y adaptaci\u00f3n","title":"Otometrics<sup>\u00ae<\/sup> Measure ","target":""}},{"label":"","label_background_color":"","image":{"ID":8870,"id":8870,"title":"Hi-Pro2_linkspot","filename":"Hi-Pro2_linkspot.jpg","filesize":71206,"url":"https:\/\/natussensory.com\/wp-content\/uploads\/Hi-Pro2_linkspot.jpg","link":"https:\/\/natussensory.com\/es\/productos\/otoscan\/hi-pro2_linkspot-2\/","alt":"Hi-Pro2","author":"4","description":"","caption":"","name":"hi-pro2_linkspot-2","status":"inherit","uploaded_to":12129,"date":"2023-09-30 19:09:25","modified":"2025-10-20 09:23:51","menu_order":0,"mime_type":"image\/jpeg","type":"image","subtype":"jpeg","icon":"https:\/\/natussensory.com\/wp-includes\/images\/media\/default.png","width":600,"height":300,"sizes":{"thumbnail":"https:\/\/natussensory.com\/wp-content\/uploads\/Hi-Pro2_linkspot.jpg","thumbnail-width":128,"thumbnail-height":64,"medium":"https:\/\/natussensory.com\/wp-content\/uploads\/Hi-Pro2_linkspot.jpg","medium-width":600,"medium-height":300,"medium_large":"https:\/\/natussensory.com\/wp-content\/uploads\/Hi-Pro2_linkspot.jpg","medium_large-width":600,"medium_large-height":300,"large":"https:\/\/natussensory.com\/wp-content\/uploads\/Hi-Pro2_linkspot.jpg","large-width":600,"large-height":300,"1536x1536":"https:\/\/natussensory.com\/wp-content\/uploads\/Hi-Pro2_linkspot.jpg","1536x1536-width":600,"1536x1536-height":300,"2048x2048":"https:\/\/natussensory.com\/wp-content\/uploads\/Hi-Pro2_linkspot.jpg","2048x2048-width":600,"2048x2048-height":300}},"title":"Interfaz universal para programar aud\u00edfonos, con alta velocidad de datos y compatibilidad multimarcas; aut\u00f3noma o integrada al audi\u00f3metro. ","link":{"type":"post","value":"5361","url":"https:\/\/natussensory.com\/products\/hi-pro-2\/","name":"Hi-Pro\u00ae 2 &#8211; Hearing Aid Programming","title":"Hi-Pro<sup>\u00ae<\/sup> 2","target":""}}]}},{"acf_fc_layout":"related_products","_acfe_flexible_toggle":"","tiles_3_columns_landing":{"module_options":{"":null,"module_id":"n68496d44383e3","module_class":"","module_background_type":"color","module_background_color":"","module_background_image":false,"module_background_video":"","activate_custom_padding":false,"padding_top_desktop":0,"padding_top_tablet":"","padding_top_mobile":"","padding_bottom_desktop":"","padding_bottom_tablet":"","padding_bottom_mobile":"","activate_custom_margin":false,"margin_top_desktop":"","margin_top_tablet":"","margin_top_mobile":"","margin_bottom_desktop":"","margin_bottom_tablet":"","margin_bottom_mobile":"","disable_on":[],"content_alignment_desktop":"left","content_alignment_tablet":"left","content_alignment_mobile":"left"},"intro_text":"Art\u00edculos relacionados \u2013 m\u00e1s de 50 a\u00f1os de conocimiento y experiencia especializada ","intro_text_color":"","intro_link":{"type":"post","value":"1527","url":"https:\/\/natussensory.com\/insights\/","name":"Insights","title":"Ver todos los art\u00edculos ","target":""},"tiles":[{"label":"","label_background_color":"","image":{"ID":15487,"id":15487,"title":"5-ways-to-streamline_insights-category","filename":"5-ways-to-streamline_insights-category.jpg","filesize":54105,"url":"https:\/\/natussensory.com\/wp-content\/uploads\/5-ways-to-streamline_insights-category.jpg","link":"https:\/\/natussensory.com\/es\/insights\/5-formas-de-agilizar-la-colocacion-de-audifonos-y-mejorar-el-flujo-de-atencion-a-los-pacientes\/5-ways-to-streamline_insights-category-2\/","alt":"Audiologist explaining hearing aid fitting best practices in a clinical setting.","author":"4","description":"","caption":"","name":"5-ways-to-streamline_insights-category-2","status":"inherit","uploaded_to":17006,"date":"2023-10-16 12:55:54","modified":"2025-05-22 09:10:06","menu_order":0,"mime_type":"image\/jpeg","type":"image","subtype":"jpeg","icon":"https:\/\/natussensory.com\/wp-includes\/images\/media\/default.png","width":500,"height":400,"sizes":{"thumbnail":"https:\/\/natussensory.com\/wp-content\/uploads\/5-ways-to-streamline_insights-category.jpg","thumbnail-width":120,"thumbnail-height":96,"medium":"https:\/\/natussensory.com\/wp-content\/uploads\/5-ways-to-streamline_insights-category.jpg","medium-width":500,"medium-height":400,"medium_large":"https:\/\/natussensory.com\/wp-content\/uploads\/5-ways-to-streamline_insights-category.jpg","medium_large-width":500,"medium_large-height":400,"large":"https:\/\/natussensory.com\/wp-content\/uploads\/5-ways-to-streamline_insights-category.jpg","large-width":500,"large-height":400,"1536x1536":"https:\/\/natussensory.com\/wp-content\/uploads\/5-ways-to-streamline_insights-category.jpg","1536x1536-width":500,"1536x1536-height":400,"2048x2048":"https:\/\/natussensory.com\/wp-content\/uploads\/5-ways-to-streamline_insights-category.jpg","2048x2048-width":500,"2048x2048-height":400}},"title":"5 formas de agilizar la colocaci\u00f3nde aud\u00edfonos y mejorar el fl ujo deatenci\u00f3n a los pacientes","link":{"type":"post","value":"15482","url":"https:\/\/natussensory.com\/insights\/5-ways-to-streamline-hearing-aid-fitting-and-improve-patient-flow\/","name":"5 Ways to Streamline Hearing Aid Fitting","title":"M\u00e1s informaci\u00f3n ","target":""}},{"label":"","label_background_color":"","image":{"ID":15001,"id":15001,"title":"Integrated-verification_insights-category","filename":"Integrated-verification_insights-category.jpg","filesize":89030,"url":"https:\/\/natussensory.com\/wp-content\/uploads\/Integrated-verification_insights-category.jpg","link":"https:\/\/natussensory.com\/es\/insights\/la-verificacion-integrada\/integrated-verification_insights-category-2\/","alt":" Hearing care professional explains hearing aid fitting to older adults, highlighting the value of a streamlined and verified fitting process.","author":"4","description":"","caption":"","name":"integrated-verification_insights-category-2","status":"inherit","uploaded_to":17010,"date":"2023-10-13 07:34:12","modified":"2025-05-22 13:05:35","menu_order":0,"mime_type":"image\/jpeg","type":"image","subtype":"jpeg","icon":"https:\/\/natussensory.com\/wp-includes\/images\/media\/default.png","width":500,"height":400,"sizes":{"thumbnail":"https:\/\/natussensory.com\/wp-content\/uploads\/Integrated-verification_insights-category.jpg","thumbnail-width":120,"thumbnail-height":96,"medium":"https:\/\/natussensory.com\/wp-content\/uploads\/Integrated-verification_insights-category.jpg","medium-width":500,"medium-height":400,"medium_large":"https:\/\/natussensory.com\/wp-content\/uploads\/Integrated-verification_insights-category.jpg","medium_large-width":500,"medium_large-height":400,"large":"https:\/\/natussensory.com\/wp-content\/uploads\/Integrated-verification_insights-category.jpg","large-width":500,"large-height":400,"1536x1536":"https:\/\/natussensory.com\/wp-content\/uploads\/Integrated-verification_insights-category.jpg","1536x1536-width":500,"1536x1536-height":400,"2048x2048":"https:\/\/natussensory.com\/wp-content\/uploads\/Integrated-verification_insights-category.jpg","2048x2048-width":500,"2048x2048-height":400}},"title":"La verificaci\u00f3n integrada - La verificaci\u00f3n integrada del aud\u00edfono ayuda a aumentar la satisfacci\u00f3n del paciente","link":{"type":"post","value":"13492","url":"https:\/\/natussensory.com\/insights\/integrated-verification\/","name":"Integrated Verification","title":"M\u00e1s informaci\u00f3n ","target":""}}]}},{"acf_fc_layout":"left_image_right_content_single_cta","_acfe_flexible_layout_title":"Contacts us","_acfe_flexible_toggle":"","left_image_right_content_single_cta_landing":{"module_options":{"":null,"module_id":"n685a5d301dba3","module_class":"","module_background_type":"color","module_background_color":"","module_background_image":false,"module_background_video":"","activate_custom_padding":false,"padding_top_desktop":0,"padding_top_tablet":"","padding_top_mobile":"","padding_bottom_desktop":"","padding_bottom_tablet":"","padding_bottom_mobile":"","activate_custom_margin":false,"margin_top_desktop":"","margin_top_tablet":"","margin_top_mobile":"","margin_bottom_desktop":"","margin_bottom_tablet":"","margin_bottom_mobile":"","disable_on":[],"content_alignment_desktop":"left","content_alignment_tablet":"left","content_alignment_mobile":"left"},"image":{"ID":4241,"id":4241,"title":"Contact Us 800x450","filename":"Contact-Us-800x450-1.png","filesize":437541,"url":"https:\/\/natussensory.com\/wp-content\/uploads\/Contact-Us-800x450-1.png","link":"https:\/\/natussensory.com\/es\/productos\/contact-us-800x450-2\/","alt":"Shaking Hands - Contact Us","author":"4","description":"","caption":"","name":"contact-us-800x450-2","status":"inherit","uploaded_to":11803,"date":"2023-09-14 17:35:31","modified":"2025-06-12 09:14:13","menu_order":0,"mime_type":"image\/png","type":"image","subtype":"png","icon":"https:\/\/natussensory.com\/wp-includes\/images\/media\/default.png","width":800,"height":450,"sizes":{"thumbnail":"https:\/\/natussensory.com\/wp-content\/uploads\/Contact-Us-800x450-1.png","thumbnail-width":128,"thumbnail-height":72,"medium":"https:\/\/natussensory.com\/wp-content\/uploads\/Contact-Us-800x450-1.png","medium-width":800,"medium-height":450,"medium_large":"https:\/\/natussensory.com\/wp-content\/uploads\/Contact-Us-800x450-1-768x432.png","medium_large-width":768,"medium_large-height":432,"large":"https:\/\/natussensory.com\/wp-content\/uploads\/Contact-Us-800x450-1.png","large-width":800,"large-height":450,"1536x1536":"https:\/\/natussensory.com\/wp-content\/uploads\/Contact-Us-800x450-1.png","1536x1536-width":800,"1536x1536-height":450,"2048x2048":"https:\/\/natussensory.com\/wp-content\/uploads\/Contact-Us-800x450-1.png","2048x2048-width":800,"2048x2048-height":450}},"label":" Solicitar una cotizaci\u00f3n ","title":" \u00bfListo para marcar la diferencia en la atenci\u00f3n al paciente? ","description":"<p><span class=\"TextRun SCXW111917321 BCX8\" data-contrast=\"auto\"><span class=\"NormalTextRun SCXW111917321 BCX8\">Descubra m\u00e1s sobre nuestras soluciones l\u00edderes en la industria y c\u00f3mo podemos ayudarle a mejorar la atenci\u00f3n a los pacientes.<\/span><\/span><span class=\"EOP SCXW111917321 BCX8\" data-ccp-props=\"{}\">\u00a0<\/span><\/p>\n","link":{"type":"post","value":"892","url":"https:\/\/natussensory.com\/contact-us\/","name":"Contact us","title":"Cont\u00e1ctenos ","target":""}}}]},"_links":{"self":[{"href":"https:\/\/natussensory.com\/es\/wp-json\/wp\/v2\/pages\/24568","targetHints":{"allow":["GET"]}}],"collection":[{"href":"https:\/\/natussensory.com\/es\/wp-json\/wp\/v2\/pages"}],"about":[{"href":"https:\/\/natussensory.com\/es\/wp-json\/wp\/v2\/types\/page"}],"author":[{"embeddable":true,"href":"https:\/\/natussensory.com\/es\/wp-json\/wp\/v2\/users\/4"}],"replies":[{"embeddable":true,"href":"https:\/\/natussensory.com\/es\/wp-json\/wp\/v2\/comments?post=24568"}],"version-history":[{"count":7,"href":"https:\/\/natussensory.com\/es\/wp-json\/wp\/v2\/pages\/24568\/revisions"}],"predecessor-version":[{"id":28439,"href":"https:\/\/natussensory.com\/es\/wp-json\/wp\/v2\/pages\/24568\/revisions\/28439"}],"up":[{"embeddable":true,"href":"https:\/\/natussensory.com\/es\/wp-json\/wp\/v2\/pages\/11803"}],"wp:attachment":[{"href":"https:\/\/natussensory.com\/es\/wp-json\/wp\/v2\/media?parent=24568"}],"wp:term":[{"taxonomy":"category","embeddable":true,"href":"https:\/\/natussensory.com\/es\/wp-json\/wp\/v2\/categories?post=24568"},{"taxonomy":"post_tag","embeddable":true,"href":"https:\/\/natussensory.com\/es\/wp-json\/wp\/v2\/tags?post=24568"}],"curies":[{"name":"wp","href":"https:\/\/api.w.org\/{rel}","templated":true}]}}