{"id":24431,"date":"2025-06-24T08:25:17","date_gmt":"2025-06-24T08:25:17","guid":{"rendered":"https:\/\/natussensory.com\/productos\/auditory-evoked-potentials\/"},"modified":"2026-03-09T08:49:53","modified_gmt":"2026-03-09T08:49:53","slug":"potenciales-evocados-auditivos","status":"publish","type":"page","link":"https:\/\/natussensory.com\/es\/productos\/potenciales-evocados-auditivos\/","title":{"rendered":"Potenciales Evocados Auditivos"},"content":{"rendered":"","protected":false},"excerpt":{"rendered":"","protected":false},"author":4,"featured_media":0,"parent":11803,"menu_order":0,"comment_status":"closed","ping_status":"closed","template":"","meta":{"_acf_changed":false,"inline_featured_image":false,"footnotes":""},"categories":[310],"tags":[],"class_list":["post-24431","page","type-page","status-publish","hentry","category-evaluacion-auditiva"],"acf":{"content_blocks":[{"acf_fc_layout":"spacer","_acfe_flexible_toggle":null,"spacer":{"module_options":{"":null,"module_id":"n682c85f324428","module_class":"","module_background_type":"color","module_background_color":"#473089","module_background_image":false,"module_background_video":"","activate_custom_padding":false,"padding_top_desktop":0,"padding_top_tablet":"","padding_top_mobile":"","padding_bottom_desktop":"","padding_bottom_tablet":"","padding_bottom_mobile":"","activate_custom_margin":false,"margin_top_desktop":"","margin_top_tablet":"","margin_top_mobile":"","margin_bottom_desktop":"","margin_bottom_tablet":"","margin_bottom_mobile":"","disable_on":[],"content_alignment_desktop":"left","content_alignment_tablet":"left","content_alignment_mobile":"left"},"height":"160"}},{"acf_fc_layout":"simple_content","_acfe_flexible_toggle":"","content_full_width_landing":{"module_options":{"":null,"module_id":"n68481ff96f7b3","module_class":"","module_background_type":"color","module_background_color":"#d4e9f9","module_background_image":false,"module_background_video":"","activate_custom_padding":false,"padding_top_desktop":0,"padding_top_tablet":"","padding_top_mobile":"","padding_bottom_desktop":"","padding_bottom_tablet":"","padding_bottom_mobile":"","activate_custom_margin":false,"margin_top_desktop":"","margin_top_tablet":"","margin_top_mobile":"","margin_bottom_desktop":"","margin_bottom_tablet":"","margin_bottom_mobile":"","disable_on":[],"content_alignment_desktop":"left","content_alignment_tablet":"left","content_alignment_mobile":"left"},"activate_custom_container_width":false,"container_width":"","content":"<h1 style=\"text-align: center;\"><span class=\"TextRun SCXW9731423 BCX0\" lang=\"EN-US\" xml:lang=\"EN-US\" data-contrast=\"auto\"><span class=\"NormalTextRun SpellingErrorV2Themed SCXW9731423 BCX0\">Potenciales<\/span> <span class=\"NormalTextRun SpellingErrorV2Themed SCXW9731423 BCX0\">Evocados<\/span> <span class=\"NormalTextRun SpellingErrorV2Themed SCXW9731423 BCX0\">Auditivos<\/span><\/span><span class=\"EOP SCXW9731423 BCX0\" data-ccp-props=\"{&quot;335551550&quot;:2,&quot;335551620&quot;:2}\">\u00a0<\/span><\/h1>\n<p style=\"text-align: center;\"><span style=\"font-size: 18px;\"><span class=\"TextRun SCXW162218638 BCX0\" lang=\"EN-US\" xml:lang=\"EN-US\" data-contrast=\"auto\"><span class=\"NormalTextRun SCXW162218638 BCX0\">Sistemas de <\/span><span class=\"NormalTextRun SpellingErrorV2Themed SCXW162218638 BCX0\">Potenciales<\/span> <span class=\"NormalTextRun SpellingErrorV2Themed SCXW162218638 BCX0\">Evocados<\/span> <span class=\"NormalTextRun SpellingErrorV2Themed SCXW162218638 BCX0\">Auditivos<\/span><span class=\"NormalTextRun SCXW162218638 BCX0\"> (PEA) <\/span><span class=\"NormalTextRun SpellingErrorV2Themed SCXW162218638 BCX0\">fiables<\/span><span class=\"NormalTextRun SCXW162218638 BCX0\"> y <\/span><span class=\"NormalTextRun SpellingErrorV2Themed SCXW162218638 BCX0\">eficientes<\/span><span class=\"NormalTextRun SCXW162218638 BCX0\"> para <\/span><span class=\"NormalTextRun SpellingErrorV2Themed SCXW162218638 BCX0\">una<\/span> <span class=\"NormalTextRun SpellingErrorV2Themed SCXW162218638 BCX0\">evaluaci\u00f3n<\/span> <span class=\"NormalTextRun SpellingErrorV2Themed SCXW162218638 BCX0\">auditiva<\/span> <span class=\"NormalTextRun SpellingErrorV2Themed SCXW162218638 BCX0\">objetiva<\/span> <span class=\"NormalTextRun SpellingErrorV2Themed SCXW162218638 BCX0\">en<\/span> <span class=\"NormalTextRun SpellingErrorV2Themed SCXW162218638 BCX0\">todo<\/span> <span class=\"NormalTextRun SpellingErrorV2Themed SCXW162218638 BCX0\">tipo<\/span><span class=\"NormalTextRun SCXW162218638 BCX0\"> de <\/span><span class=\"NormalTextRun SpellingErrorV2Themed SCXW162218638 BCX0\">pacientes<\/span><span class=\"NormalTextRun SCXW162218638 BCX0\">. <\/span><span class=\"NormalTextRun SpellingErrorV2Themed SCXW162218638 BCX0\">Dise\u00f1ados<\/span><span class=\"NormalTextRun SCXW162218638 BCX0\"> para <\/span><span class=\"NormalTextRun SpellingErrorV2Themed SCXW162218638 BCX0\">ayudar<\/span><span class=\"NormalTextRun SCXW162218638 BCX0\"> a <\/span><span class=\"NormalTextRun SpellingErrorV2Themed SCXW162218638 BCX0\">los<\/span> <span class=\"NormalTextRun SpellingErrorV2Themed SCXW162218638 BCX0\">profesionales<\/span> <span class=\"NormalTextRun SpellingErrorV2Themed SCXW162218638 BCX0\">cl\u00ednicos<\/span><span class=\"NormalTextRun SCXW162218638 BCX0\"> a <\/span><span class=\"NormalTextRun SpellingErrorV2Themed SCXW162218638 BCX0\">realizar<\/span> <span class=\"NormalTextRun SpellingErrorV2Themed SCXW162218638 BCX0\">diagn\u00f3sticos<\/span> <span class=\"NormalTextRun SpellingErrorV2Themed SCXW162218638 BCX0\">precisos<\/span><span class=\"NormalTextRun SCXW162218638 BCX0\"> con <\/span><span class=\"NormalTextRun SpellingErrorV2Themed SCXW162218638 BCX0\">confianza<\/span><span class=\"NormalTextRun SCXW162218638 BCX0\"> y <\/span><span class=\"NormalTextRun SpellingErrorV2Themed SCXW162218638 BCX0\">optimizar<\/span> <span class=\"NormalTextRun SpellingErrorV2Themed SCXW162218638 BCX0\">los<\/span> <span class=\"NormalTextRun SpellingErrorV2Themed SCXW162218638 BCX0\">flujos<\/span><span class=\"NormalTextRun SCXW162218638 BCX0\"> de <\/span><span class=\"NormalTextRun SpellingErrorV2Themed SCXW162218638 BCX0\">trabajo<\/span> <span class=\"NormalTextRun SpellingErrorV2Themed SCXW162218638 BCX0\">en<\/span> <span class=\"NormalTextRun SpellingErrorV2Themed SCXW162218638 BCX0\">entornos<\/span><span class=\"NormalTextRun SCXW162218638 BCX0\"> de <\/span><span class=\"NormalTextRun SpellingErrorV2Themed SCXW162218638 BCX0\">audiolog\u00eda<\/span><span class=\"NormalTextRun SCXW162218638 BCX0\"> y <\/span><span class=\"NormalTextRun SpellingErrorV2Themed SCXW162218638 BCX0\">otorrinolaringolog\u00eda<\/span><span class=\"NormalTextRun SCXW162218638 BCX0\">.<\/span><\/span><span class=\"EOP SCXW162218638 BCX0\" data-ccp-props=\"{&quot;335551550&quot;:2,&quot;335551620&quot;:2}\">\u00a0<\/span><\/span><\/p>\n"}},{"acf_fc_layout":"related_products","_acfe_flexible_toggle":"","tiles_3_columns_landing":{"module_options":{"":null,"module_id":"n685a60eeb2eba","module_class":"","module_background_type":"color","module_background_color":"","module_background_image":false,"module_background_video":"","activate_custom_padding":false,"padding_top_desktop":0,"padding_top_tablet":"","padding_top_mobile":"","padding_bottom_desktop":"","padding_bottom_tablet":"","padding_bottom_mobile":"","activate_custom_margin":false,"margin_top_desktop":"","margin_top_tablet":"","margin_top_mobile":"","margin_bottom_desktop":"","margin_bottom_tablet":"","margin_bottom_mobile":"","disable_on":[],"content_alignment_desktop":"left","content_alignment_tablet":"left","content_alignment_mobile":"left"},"intro_text":"Productos","intro_text_color":"","intro_link":{"type":"post","value":"1518","url":"https:\/\/natussensory.com\/products\/","name":"Products","title":" Ver todos los productos ","target":""},"tiles":[{"label":"","label_background_color":"","image":{"ID":7994,"id":7994,"title":"NavPro-One_linkspot","filename":"NavPro-One_linkspot.jpg","filesize":35805,"url":"https:\/\/natussensory.com\/wp-content\/uploads\/NavPro-One_linkspot.jpg","link":"https:\/\/natussensory.com\/es\/productos\/navpro-one\/navpro-one_linkspot-2\/","alt":"NavPro-One","author":"4","description":"","caption":"","name":"navpro-one_linkspot-2","status":"inherit","uploaded_to":12016,"date":"2023-09-27 21:33:57","modified":"2025-08-06 13:43:31","menu_order":0,"mime_type":"image\/jpeg","type":"image","subtype":"jpeg","icon":"https:\/\/natussensory.com\/wp-includes\/images\/media\/default.png","width":600,"height":300,"sizes":{"thumbnail":"https:\/\/natussensory.com\/wp-content\/uploads\/NavPro-One_linkspot.jpg","thumbnail-width":128,"thumbnail-height":64,"medium":"https:\/\/natussensory.com\/wp-content\/uploads\/NavPro-One_linkspot.jpg","medium-width":600,"medium-height":300,"medium_large":"https:\/\/natussensory.com\/wp-content\/uploads\/NavPro-One_linkspot.jpg","medium_large-width":600,"medium_large-height":300,"large":"https:\/\/natussensory.com\/wp-content\/uploads\/NavPro-One_linkspot.jpg","large-width":600,"large-height":300,"1536x1536":"https:\/\/natussensory.com\/wp-content\/uploads\/NavPro-One_linkspot.jpg","1536x1536-width":600,"1536x1536-height":300,"2048x2048":"https:\/\/natussensory.com\/wp-content\/uploads\/NavPro-One_linkspot.jpg","2048x2048-width":600,"2048x2048-height":300}},"title":"Sistema PEA port\u00e1til que ofrece pruebas fiables de ABR, ASSR y EcochG con un funcionamiento simplificado, sin necesidad de PC. ","link":{"type":"post","value":"2949","url":"https:\/\/natussensory.com\/products\/navpro-one\/","name":"Bio-logic\u00ae NavPRO ONE\u00ae &#8211; Auditory Potential Device","title":"Bio-logic<sup>\u00ae<\/sup> NavPRO ONE<sup>\u00ae<\/sup>","target":""}}]}},{"acf_fc_layout":"left_image_right_content_single_cta","_acfe_flexible_layout_title":"Contacts us","_acfe_flexible_toggle":"","left_image_right_content_single_cta_landing":{"module_options":{"":null,"module_id":"n685a5d301dba3","module_class":"","module_background_type":"color","module_background_color":"","module_background_image":false,"module_background_video":"","activate_custom_padding":false,"padding_top_desktop":0,"padding_top_tablet":"","padding_top_mobile":"","padding_bottom_desktop":"","padding_bottom_tablet":"","padding_bottom_mobile":"","activate_custom_margin":false,"margin_top_desktop":"","margin_top_tablet":"","margin_top_mobile":"","margin_bottom_desktop":"","margin_bottom_tablet":"","margin_bottom_mobile":"","disable_on":[],"content_alignment_desktop":"left","content_alignment_tablet":"left","content_alignment_mobile":"left"},"image":{"ID":4241,"id":4241,"title":"Contact Us 800x450","filename":"Contact-Us-800x450-1.png","filesize":437541,"url":"https:\/\/natussensory.com\/wp-content\/uploads\/Contact-Us-800x450-1.png","link":"https:\/\/natussensory.com\/es\/productos\/contact-us-800x450-2\/","alt":"Shaking Hands - Contact Us","author":"4","description":"","caption":"","name":"contact-us-800x450-2","status":"inherit","uploaded_to":11803,"date":"2023-09-14 17:35:31","modified":"2025-06-12 09:14:13","menu_order":0,"mime_type":"image\/png","type":"image","subtype":"png","icon":"https:\/\/natussensory.com\/wp-includes\/images\/media\/default.png","width":800,"height":450,"sizes":{"thumbnail":"https:\/\/natussensory.com\/wp-content\/uploads\/Contact-Us-800x450-1.png","thumbnail-width":128,"thumbnail-height":72,"medium":"https:\/\/natussensory.com\/wp-content\/uploads\/Contact-Us-800x450-1.png","medium-width":800,"medium-height":450,"medium_large":"https:\/\/natussensory.com\/wp-content\/uploads\/Contact-Us-800x450-1-768x432.png","medium_large-width":768,"medium_large-height":432,"large":"https:\/\/natussensory.com\/wp-content\/uploads\/Contact-Us-800x450-1.png","large-width":800,"large-height":450,"1536x1536":"https:\/\/natussensory.com\/wp-content\/uploads\/Contact-Us-800x450-1.png","1536x1536-width":800,"1536x1536-height":450,"2048x2048":"https:\/\/natussensory.com\/wp-content\/uploads\/Contact-Us-800x450-1.png","2048x2048-width":800,"2048x2048-height":450}},"label":"Solicitar una cotizaci\u00f3n ","title":"\u00bfListo para marcar la diferencia en la atenci\u00f3n al paciente? ","description":"<p><span class=\"TextRun SCXW203515337 BCX8\" data-contrast=\"auto\"><span class=\"NormalTextRun SCXW203515337 BCX8\">Descubra m\u00e1s sobre nuestras soluciones l\u00edderes en la industria y c\u00f3mo podemos ayudarle a mejorar la atenci\u00f3n a los pacientes.<\/span><\/span><span class=\"EOP SCXW203515337 BCX8\" data-ccp-props=\"{}\">\u00a0<\/span><\/p>\n","link":{"type":"post","value":"892","url":"https:\/\/natussensory.com\/contact-us\/","name":"Contact us","title":"Cont\u00e1ctenos","target":""}}}]},"_links":{"self":[{"href":"https:\/\/natussensory.com\/es\/wp-json\/wp\/v2\/pages\/24431","targetHints":{"allow":["GET"]}}],"collection":[{"href":"https:\/\/natussensory.com\/es\/wp-json\/wp\/v2\/pages"}],"about":[{"href":"https:\/\/natussensory.com\/es\/wp-json\/wp\/v2\/types\/page"}],"author":[{"embeddable":true,"href":"https:\/\/natussensory.com\/es\/wp-json\/wp\/v2\/users\/4"}],"replies":[{"embeddable":true,"href":"https:\/\/natussensory.com\/es\/wp-json\/wp\/v2\/comments?post=24431"}],"version-history":[{"count":4,"href":"https:\/\/natussensory.com\/es\/wp-json\/wp\/v2\/pages\/24431\/revisions"}],"predecessor-version":[{"id":25683,"href":"https:\/\/natussensory.com\/es\/wp-json\/wp\/v2\/pages\/24431\/revisions\/25683"}],"up":[{"embeddable":true,"href":"https:\/\/natussensory.com\/es\/wp-json\/wp\/v2\/pages\/11803"}],"wp:attachment":[{"href":"https:\/\/natussensory.com\/es\/wp-json\/wp\/v2\/media?parent=24431"}],"wp:term":[{"taxonomy":"category","embeddable":true,"href":"https:\/\/natussensory.com\/es\/wp-json\/wp\/v2\/categories?post=24431"},{"taxonomy":"post_tag","embeddable":true,"href":"https:\/\/natussensory.com\/es\/wp-json\/wp\/v2\/tags?post=24431"}],"curies":[{"name":"wp","href":"https:\/\/api.w.org\/{rel}","templated":true}]}}