{"id":18569,"date":"2023-09-28T12:34:57","date_gmt":"2023-09-28T12:34:57","guid":{"rendered":"https:\/\/natussensory.com\/sensory\/bio-logic\/"},"modified":"2025-09-16T12:34:46","modified_gmt":"2025-09-16T12:34:46","slug":"bio-logic","status":"publish","type":"page","link":"https:\/\/natussensory.com\/es\/bio-logic\/","title":{"rendered":"Bio-logic\u00ae"},"content":{"rendered":"","protected":false},"excerpt":{"rendered":"","protected":false},"author":4,"featured_media":0,"parent":0,"menu_order":0,"comment_status":"closed","ping_status":"closed","template":"","meta":{"_acf_changed":false,"inline_featured_image":false,"footnotes":""},"categories":[],"tags":[],"class_list":["post-18569","page","type-page","status-publish","hentry"],"acf":{"content_blocks":[{"acf_fc_layout":"spacer","_acfe_flexible_toggle":"","spacer":{"module_options":{"":null,"module_id":"n65157c71c5046","module_class":"","module_background_type":"color","module_background_color":"#473089","module_background_image":false,"module_background_video":"","activate_custom_padding":false,"padding_top_desktop":"0","padding_top_tablet":"0","padding_top_mobile":"0","padding_bottom_desktop":"0","padding_bottom_tablet":"0","padding_bottom_mobile":"0","activate_custom_margin":false,"margin_top_desktop":"0","margin_top_tablet":"0","margin_top_mobile":"0","margin_bottom_desktop":"0","margin_bottom_tablet":"0","margin_bottom_mobile":"0","disable_on":[],"content_alignment_desktop":"left","content_alignment_tablet":"left","content_alignment_mobile":"left"},"height":"160"}},{"acf_fc_layout":"simple_content","_acfe_flexible_toggle":"","content_full_width_landing":{"module_options":{"":null,"module_id":"n651578336fe90","module_class":"","module_background_type":"color","module_background_color":"","module_background_image":false,"module_background_video":"","activate_custom_padding":true,"padding_top_desktop":"50","padding_top_tablet":"0","padding_top_mobile":"0","padding_bottom_desktop":"50","padding_bottom_tablet":"0","padding_bottom_mobile":"0","activate_custom_margin":false,"margin_top_desktop":"0","margin_top_tablet":"0","margin_top_mobile":"0","margin_bottom_desktop":"0","margin_bottom_tablet":"0","margin_bottom_mobile":"0","disable_on":[],"content_alignment_desktop":"left","content_alignment_tablet":"left","content_alignment_mobile":"left"},"activate_custom_container_width":false,"container_width":"","content":"<div class=\"container\">\n<div class=\"region region-system-messages\">\n<h2 class=\"page-header\">Bio-logic<sup>\u00ae<\/sup><\/h2>\n<\/div>\n<\/div>\n<div class=\"region region-content\">\n<section id=\"block-changeregionlangaugemodalpopup\" class=\"block block-natus-platform-banner block-change-region-language-modal-block clearfix\"><\/section>\n<article role=\"article\">\n<div class=\"node-content-wrapper\">\n<div class=\"container\">\n<div class=\"field field--name-field-description field--type-text-with-summary field--label-hidden field--item\">\n<p>Las soluciones de evaluaci\u00f3n y diagn\u00f3stico auditivo Bio-logic<sup>\u00ae<\/sup> son especialmente adecuadas para audi\u00f3logos y profesionales que necesitan dispositivos que ocupen poco espacio y sean eficientes y flexibles.<\/p>\n<\/div>\n<\/div>\n<\/div>\n<\/article>\n<\/div>\n"}},{"acf_fc_layout":"left_image_right_content_single_cta","_acfe_flexible_toggle":"","left_image_right_content_single_cta_landing":{"module_options":{"":null,"module_id":"n65157835b4e99","module_class":"","module_background_type":"color","module_background_color":"","module_background_image":false,"module_background_video":"","activate_custom_padding":false,"padding_top_desktop":"0","padding_top_tablet":"0","padding_top_mobile":"0","padding_bottom_desktop":"0","padding_bottom_tablet":"0","padding_bottom_mobile":"0","activate_custom_margin":false,"margin_top_desktop":"0","margin_top_tablet":"0","margin_top_mobile":"0","margin_bottom_desktop":"0","margin_bottom_tablet":"0","margin_bottom_mobile":"0","disable_on":[],"content_alignment_desktop":"left","content_alignment_tablet":"left","content_alignment_mobile":"left"},"image":{"ID":8239,"id":8239,"title":"Bio-logic-portfolio_spot","filename":"Bio-logic-portfolio_spot.png","filesize":316052,"url":"https:\/\/natussensory.com\/wp-content\/uploads\/Bio-logic-portfolio_spot.png","link":"https:\/\/natussensory.com\/es\/bio-logic\/bio-logic-portfolio_spot-2\/","alt":"","author":"4","description":"","caption":"","name":"bio-logic-portfolio_spot-2","status":"inherit","uploaded_to":18569,"date":"2023-09-28 12:54:27","modified":"2023-09-28 12:54:27","menu_order":0,"mime_type":"image\/png","type":"image","subtype":"png","icon":"https:\/\/natussensory.com\/wp-includes\/images\/media\/default.png","width":800,"height":450,"sizes":{"thumbnail":"https:\/\/natussensory.com\/wp-content\/uploads\/Bio-logic-portfolio_spot.png","thumbnail-width":128,"thumbnail-height":72,"medium":"https:\/\/natussensory.com\/wp-content\/uploads\/Bio-logic-portfolio_spot.png","medium-width":800,"medium-height":450,"medium_large":"https:\/\/natussensory.com\/wp-content\/uploads\/Bio-logic-portfolio_spot-768x432.png","medium_large-width":768,"medium_large-height":432,"large":"https:\/\/natussensory.com\/wp-content\/uploads\/Bio-logic-portfolio_spot.png","large-width":800,"large-height":450,"1536x1536":"https:\/\/natussensory.com\/wp-content\/uploads\/Bio-logic-portfolio_spot.png","1536x1536-width":800,"1536x1536-height":450,"2048x2048":"https:\/\/natussensory.com\/wp-content\/uploads\/Bio-logic-portfolio_spot.png","2048x2048-width":800,"2048x2048-height":450}},"label":"","title":"La nueva generaci\u00f3n Bio-logic","description":"<p>La nueva generaci\u00f3n de productos Bio-logic ofrece una amplia gama de combinaciones de pruebas en un \u00fanico dispositivo, por lo que es f\u00e1cil adaptarse a las necesidades cambiantes de los pacientes.<\/p>\n<p>Nuestras soluciones de evaluaci\u00f3n y diagn\u00f3stico auditivo Bio-logic son especialmente adecuadas para audi\u00f3logos y profesionales que necesitan dispositivos que ocupen poco espacio y sean eficientes y flexibles<\/p>\n","link":null}},{"acf_fc_layout":"left_image_right_content_single_cta","_acfe_flexible_toggle":"","left_image_right_content_single_cta_landing":{"module_options":{"":null,"module_id":"n65157c71eca94","module_class":"","module_background_type":"color","module_background_color":"","module_background_image":false,"module_background_video":"","activate_custom_padding":false,"padding_top_desktop":"0","padding_top_tablet":"0","padding_top_mobile":"0","padding_bottom_desktop":"0","padding_bottom_tablet":"0","padding_bottom_mobile":"0","activate_custom_margin":false,"margin_top_desktop":"0","margin_top_tablet":"0","margin_top_mobile":"0","margin_bottom_desktop":"0","margin_bottom_tablet":"0","margin_bottom_mobile":"0","disable_on":[],"content_alignment_desktop":"left","content_alignment_tablet":"left","content_alignment_mobile":"left"},"image":{"ID":8246,"id":8246,"title":"bio-logic_childmode_spot","filename":"bio-logic_childmode_spot.png","filesize":268199,"url":"https:\/\/natussensory.com\/wp-content\/uploads\/bio-logic_childmode_spot.png","link":"https:\/\/natussensory.com\/es\/bio-logic\/bio-logic_childmode_spot-2\/","alt":"","author":"4","description":"","caption":"","name":"bio-logic_childmode_spot-2","status":"inherit","uploaded_to":18569,"date":"2023-09-28 13:07:01","modified":"2023-09-28 13:07:01","menu_order":0,"mime_type":"image\/png","type":"image","subtype":"png","icon":"https:\/\/natussensory.com\/wp-includes\/images\/media\/default.png","width":800,"height":450,"sizes":{"thumbnail":"https:\/\/natussensory.com\/wp-content\/uploads\/bio-logic_childmode_spot.png","thumbnail-width":128,"thumbnail-height":72,"medium":"https:\/\/natussensory.com\/wp-content\/uploads\/bio-logic_childmode_spot.png","medium-width":800,"medium-height":450,"medium_large":"https:\/\/natussensory.com\/wp-content\/uploads\/bio-logic_childmode_spot-768x432.png","medium_large-width":768,"medium_large-height":432,"large":"https:\/\/natussensory.com\/wp-content\/uploads\/bio-logic_childmode_spot.png","large-width":800,"large-height":450,"1536x1536":"https:\/\/natussensory.com\/wp-content\/uploads\/bio-logic_childmode_spot.png","1536x1536-width":800,"1536x1536-height":450,"2048x2048":"https:\/\/natussensory.com\/wp-content\/uploads\/bio-logic_childmode_spot.png","2048x2048-width":800,"2048x2048-height":450}},"label":"","title":"Fiabilidad legendaria en un dispositivo port\u00e1til","description":"<p>La nueva generaci\u00f3n Bio-logic ofrece resultados fiables en un espacio reducido. El m\u00f3dulo de pruebas de OAE incluye una animaci\u00f3n de \u00abmodo infantil\u00bb con un solo toque que presenta a \u00abAuddie y Otto\u00bb, lo que facilita que el ni\u00f1o permanezca tranquilo mientras realiza la prueba. Las funciones mejoradas de las pruebas pedi\u00e1tricas est\u00e1n dise\u00f1adas para ofrecer resultados fiables cuando m\u00e1s importa. Este dispositivo es port\u00e1til, f\u00e1cil de transportar y no depende de ning\u00fan PC, por lo que puede llevarlo al lugar donde est\u00e9 el ni\u00f1o o a ubicaciones m\u00e1s alejadas.<\/p>\n","link":null}},{"acf_fc_layout":"left_image_right_content_single_cta","_acfe_flexible_toggle":"","left_image_right_content_single_cta_landing":{"module_options":{"":null,"module_id":"n65157c7201c2a","module_class":"","module_background_type":"color","module_background_color":"","module_background_image":false,"module_background_video":"","activate_custom_padding":false,"padding_top_desktop":"0","padding_top_tablet":"0","padding_top_mobile":"0","padding_bottom_desktop":"0","padding_bottom_tablet":"0","padding_bottom_mobile":"0","activate_custom_margin":false,"margin_top_desktop":"0","margin_top_tablet":"0","margin_top_mobile":"0","margin_bottom_desktop":"0","margin_bottom_tablet":"0","margin_bottom_mobile":"0","disable_on":[],"content_alignment_desktop":"left","content_alignment_tablet":"left","content_alignment_mobile":"left"},"image":{"ID":8251,"id":8251,"title":"Bio-logic_linedrawing_legacy_spot","filename":"Bio-logic_linedrawing_legacy_spot.jpg","filesize":118009,"url":"https:\/\/natussensory.com\/wp-content\/uploads\/Bio-logic_linedrawing_legacy_spot.jpg","link":"https:\/\/natussensory.com\/es\/bio-logic\/bio-logic_linedrawing_legacy_spot-2\/","alt":"","author":"4","description":"","caption":"","name":"bio-logic_linedrawing_legacy_spot-2","status":"inherit","uploaded_to":18569,"date":"2023-09-28 13:07:04","modified":"2023-09-28 13:07:04","menu_order":0,"mime_type":"image\/jpeg","type":"image","subtype":"jpeg","icon":"https:\/\/natussensory.com\/wp-includes\/images\/media\/default.png","width":800,"height":450,"sizes":{"thumbnail":"https:\/\/natussensory.com\/wp-content\/uploads\/Bio-logic_linedrawing_legacy_spot.jpg","thumbnail-width":128,"thumbnail-height":72,"medium":"https:\/\/natussensory.com\/wp-content\/uploads\/Bio-logic_linedrawing_legacy_spot.jpg","medium-width":800,"medium-height":450,"medium_large":"https:\/\/natussensory.com\/wp-content\/uploads\/Bio-logic_linedrawing_legacy_spot-768x432.jpg","medium_large-width":768,"medium_large-height":432,"large":"https:\/\/natussensory.com\/wp-content\/uploads\/Bio-logic_linedrawing_legacy_spot.jpg","large-width":800,"large-height":450,"1536x1536":"https:\/\/natussensory.com\/wp-content\/uploads\/Bio-logic_linedrawing_legacy_spot.jpg","1536x1536-width":800,"1536x1536-height":450,"2048x2048":"https:\/\/natussensory.com\/wp-content\/uploads\/Bio-logic_linedrawing_legacy_spot.jpg","2048x2048-width":800,"2048x2048-height":450}},"label":"","title":"El legado de Bio-logic que perdura","description":"<p>Bio-logic ha sido la marca de referencia de audi\u00f3logos y profesionales durante d\u00e9cadas. En la actualidad, nuestros productos Bio-logic presentan un dise\u00f1o adaptable para satisfacer las necesidades actuales y futuras. H\u00e1galo suyo: p\u00f3ngase en contacto con su representante local de Natus hoy mismo.<\/p>\n","link":{"type":"url","value":"https:\/\/pages.natussensory.com\/biologic-demo-usall","url":"https:\/\/pages.natussensory.com\/biologic-demo-usall","name":"https:\/\/pages.natussensory.com\/biologic-demo-usall","title":"Book a demo","target":"_blank"}}},{"acf_fc_layout":"related_products","_acfe_flexible_layout_title":"Bio-logic Products","_acfe_flexible_toggle":"","tiles_3_columns_landing":{"module_options":{"":null,"module_id":"n65157c720c1e7","module_class":"","module_background_type":"color","module_background_color":"","module_background_image":false,"module_background_video":"","activate_custom_padding":false,"padding_top_desktop":"0","padding_top_tablet":"0","padding_top_mobile":"0","padding_bottom_desktop":"0","padding_bottom_tablet":"0","padding_bottom_mobile":"0","activate_custom_margin":false,"margin_top_desktop":"0","margin_top_tablet":"0","margin_top_mobile":"0","margin_bottom_desktop":"0","margin_bottom_tablet":"0","margin_bottom_mobile":"0","disable_on":[],"content_alignment_desktop":"left","content_alignment_tablet":"left","content_alignment_mobile":"left"},"intro_text":"Explore las soluciones de Bio-logic","intro_text_color":"","intro_link":null,"tiles":[{"label":"","label_background_color":"#ffffff","image":{"ID":7994,"id":7994,"title":"NavPro-One_linkspot","filename":"NavPro-One_linkspot.jpg","filesize":35805,"url":"https:\/\/natussensory.com\/wp-content\/uploads\/NavPro-One_linkspot.jpg","link":"https:\/\/natussensory.com\/es\/productos\/navpro-one\/navpro-one_linkspot-2\/","alt":"NavPro-One","author":"4","description":"","caption":"","name":"navpro-one_linkspot-2","status":"inherit","uploaded_to":12016,"date":"2023-09-27 21:33:57","modified":"2025-08-06 13:43:31","menu_order":0,"mime_type":"image\/jpeg","type":"image","subtype":"jpeg","icon":"https:\/\/natussensory.com\/wp-includes\/images\/media\/default.png","width":600,"height":300,"sizes":{"thumbnail":"https:\/\/natussensory.com\/wp-content\/uploads\/NavPro-One_linkspot.jpg","thumbnail-width":128,"thumbnail-height":64,"medium":"https:\/\/natussensory.com\/wp-content\/uploads\/NavPro-One_linkspot.jpg","medium-width":600,"medium-height":300,"medium_large":"https:\/\/natussensory.com\/wp-content\/uploads\/NavPro-One_linkspot.jpg","medium_large-width":600,"medium_large-height":300,"large":"https:\/\/natussensory.com\/wp-content\/uploads\/NavPro-One_linkspot.jpg","large-width":600,"large-height":300,"1536x1536":"https:\/\/natussensory.com\/wp-content\/uploads\/NavPro-One_linkspot.jpg","1536x1536-width":600,"1536x1536-height":300,"2048x2048":"https:\/\/natussensory.com\/wp-content\/uploads\/NavPro-One_linkspot.jpg","2048x2048-width":600,"2048x2048-height":300}},"title":"Bio-logic\u00ae NavPRO ONE\u00ae","link":{"type":"post","value":"2949","url":"https:\/\/natussensory.com\/products\/navpro-one\/","name":"Bio-logic\u00ae NavPRO ONE\u00ae &#8211; Auditory Potential Device","title":"APRENDA M\u00c1S","target":""}},{"label":"","label_background_color":"#ffffff","image":{"ID":7989,"id":7989,"title":"AuDX-Pro-Flex_linkspot","filename":"AuDX-Pro-Flex_linkspot.jpg","filesize":61403,"url":"https:\/\/natussensory.com\/wp-content\/uploads\/AuDX-Pro-Flex_linkspot.jpg","link":"https:\/\/natussensory.com\/es\/productos\/navpro-one\/audx-pro-flex_linkspot-2\/","alt":"AuDX-Pro-Flex","author":"4","description":"","caption":"","name":"audx-pro-flex_linkspot-2","status":"inherit","uploaded_to":12016,"date":"2023-09-27 21:33:55","modified":"2025-08-06 13:38:04","menu_order":0,"mime_type":"image\/jpeg","type":"image","subtype":"jpeg","icon":"https:\/\/natussensory.com\/wp-includes\/images\/media\/default.png","width":600,"height":300,"sizes":{"thumbnail":"https:\/\/natussensory.com\/wp-content\/uploads\/AuDX-Pro-Flex_linkspot.jpg","thumbnail-width":128,"thumbnail-height":64,"medium":"https:\/\/natussensory.com\/wp-content\/uploads\/AuDX-Pro-Flex_linkspot.jpg","medium-width":600,"medium-height":300,"medium_large":"https:\/\/natussensory.com\/wp-content\/uploads\/AuDX-Pro-Flex_linkspot.jpg","medium_large-width":600,"medium_large-height":300,"large":"https:\/\/natussensory.com\/wp-content\/uploads\/AuDX-Pro-Flex_linkspot.jpg","large-width":600,"large-height":300,"1536x1536":"https:\/\/natussensory.com\/wp-content\/uploads\/AuDX-Pro-Flex_linkspot.jpg","1536x1536-width":600,"1536x1536-height":300,"2048x2048":"https:\/\/natussensory.com\/wp-content\/uploads\/AuDX-Pro-Flex_linkspot.jpg","2048x2048-width":600,"2048x2048-height":300}},"title":"Bio-logic\u00ae AuDX\u00ae PRO FLEX","link":{"type":"post","value":"4049","url":"https:\/\/natussensory.com\/products\/audx-pro-flex\/","name":"Bio-logic\u00ae AuDX PRO FLEX\u00ae &#8211; Diagnostic OAE","title":"APRENDA M\u00c1S","target":""}},{"label":"","label_background_color":"#ffffff","image":{"ID":7999,"id":7999,"title":"AuDX-Pro_linkspot","filename":"AuDX-Pro_linkspot.jpg","filesize":38101,"url":"https:\/\/natussensory.com\/wp-content\/uploads\/AuDX-Pro_linkspot.jpg","link":"https:\/\/natussensory.com\/es\/productos\/navpro-one\/audx-pro_linkspot-2\/","alt":"AuDX-Pro","author":"4","description":"","caption":"","name":"audx-pro_linkspot-2","status":"inherit","uploaded_to":12016,"date":"2023-09-27 21:33:59","modified":"2025-08-06 13:41:24","menu_order":0,"mime_type":"image\/jpeg","type":"image","subtype":"jpeg","icon":"https:\/\/natussensory.com\/wp-includes\/images\/media\/default.png","width":600,"height":300,"sizes":{"thumbnail":"https:\/\/natussensory.com\/wp-content\/uploads\/AuDX-Pro_linkspot.jpg","thumbnail-width":128,"thumbnail-height":64,"medium":"https:\/\/natussensory.com\/wp-content\/uploads\/AuDX-Pro_linkspot.jpg","medium-width":600,"medium-height":300,"medium_large":"https:\/\/natussensory.com\/wp-content\/uploads\/AuDX-Pro_linkspot.jpg","medium_large-width":600,"medium_large-height":300,"large":"https:\/\/natussensory.com\/wp-content\/uploads\/AuDX-Pro_linkspot.jpg","large-width":600,"large-height":300,"1536x1536":"https:\/\/natussensory.com\/wp-content\/uploads\/AuDX-Pro_linkspot.jpg","1536x1536-width":600,"1536x1536-height":300,"2048x2048":"https:\/\/natussensory.com\/wp-content\/uploads\/AuDX-Pro_linkspot.jpg","2048x2048-width":600,"2048x2048-height":300}},"title":"Bio-logic\u00ae AuDX\u00ae PRO","link":{"type":"post","value":"4068","url":"https:\/\/natussensory.com\/products\/audx-pro\/","name":"Bio-logic\u00ae AuDX\u00ae PRO &#8211; Diagnostic OAE","title":"APRENDA M\u00c1S","target":""}},{"label":"","label_background_color":"#ffffff","image":{"ID":8260,"id":8260,"title":"AuDX_linkspot","filename":"AuDX_linkspot.jpg","filesize":34580,"url":"https:\/\/natussensory.com\/wp-content\/uploads\/AuDX_linkspot.jpg","link":"https:\/\/natussensory.com\/es\/bio-logic\/audx_linkspot-2\/","alt":"AuDX","author":"4","description":"","caption":"","name":"audx_linkspot-2","status":"inherit","uploaded_to":18569,"date":"2023-09-28 13:15:20","modified":"2025-08-06 14:18:56","menu_order":0,"mime_type":"image\/jpeg","type":"image","subtype":"jpeg","icon":"https:\/\/natussensory.com\/wp-includes\/images\/media\/default.png","width":600,"height":300,"sizes":{"thumbnail":"https:\/\/natussensory.com\/wp-content\/uploads\/AuDX_linkspot.jpg","thumbnail-width":128,"thumbnail-height":64,"medium":"https:\/\/natussensory.com\/wp-content\/uploads\/AuDX_linkspot.jpg","medium-width":600,"medium-height":300,"medium_large":"https:\/\/natussensory.com\/wp-content\/uploads\/AuDX_linkspot.jpg","medium_large-width":600,"medium_large-height":300,"large":"https:\/\/natussensory.com\/wp-content\/uploads\/AuDX_linkspot.jpg","large-width":600,"large-height":300,"1536x1536":"https:\/\/natussensory.com\/wp-content\/uploads\/AuDX_linkspot.jpg","1536x1536-width":600,"1536x1536-height":300,"2048x2048":"https:\/\/natussensory.com\/wp-content\/uploads\/AuDX_linkspot.jpg","2048x2048-width":600,"2048x2048-height":300}},"title":"Bio-logic\u00ae AuDX\u00ae","link":{"type":"post","value":"4616","url":"https:\/\/natussensory.com\/products\/audx\/","name":"Bio-logic AuDX &#8211; OAE Hearing Screener","title":"APRENDA M\u00c1S","target":""}}]}}]},"_links":{"self":[{"href":"https:\/\/natussensory.com\/es\/wp-json\/wp\/v2\/pages\/18569","targetHints":{"allow":["GET"]}}],"collection":[{"href":"https:\/\/natussensory.com\/es\/wp-json\/wp\/v2\/pages"}],"about":[{"href":"https:\/\/natussensory.com\/es\/wp-json\/wp\/v2\/types\/page"}],"author":[{"embeddable":true,"href":"https:\/\/natussensory.com\/es\/wp-json\/wp\/v2\/users\/4"}],"replies":[{"embeddable":true,"href":"https:\/\/natussensory.com\/es\/wp-json\/wp\/v2\/comments?post=18569"}],"version-history":[{"count":3,"href":"https:\/\/natussensory.com\/es\/wp-json\/wp\/v2\/pages\/18569\/revisions"}],"predecessor-version":[{"id":26957,"href":"https:\/\/natussensory.com\/es\/wp-json\/wp\/v2\/pages\/18569\/revisions\/26957"}],"wp:attachment":[{"href":"https:\/\/natussensory.com\/es\/wp-json\/wp\/v2\/media?parent=18569"}],"wp:term":[{"taxonomy":"category","embeddable":true,"href":"https:\/\/natussensory.com\/es\/wp-json\/wp\/v2\/categories?post=18569"},{"taxonomy":"post_tag","embeddable":true,"href":"https:\/\/natussensory.com\/es\/wp-json\/wp\/v2\/tags?post=18569"}],"curies":[{"name":"wp","href":"https:\/\/api.w.org\/{rel}","templated":true}]}}