{"id":15476,"date":"2023-10-16T09:11:50","date_gmt":"2023-10-16T09:11:50","guid":{"rendered":"https:\/\/natussensory.com\/sensory\/otoscan-toolkit\/"},"modified":"2025-09-24T13:00:03","modified_gmt":"2025-09-24T13:00:03","slug":"toolkit","status":"publish","type":"page","link":"https:\/\/natussensory.com\/es\/productos\/otoscan\/toolkit\/","title":{"rendered":"Otoscan Marketing Toolkit"},"content":{"rendered":"","protected":false},"excerpt":{"rendered":"","protected":false},"author":4,"featured_media":0,"parent":12129,"menu_order":0,"comment_status":"closed","ping_status":"closed","template":"","meta":{"_acf_changed":false,"inline_featured_image":false,"footnotes":""},"categories":[],"tags":[],"class_list":["post-15476","page","type-page","status-publish","hentry"],"acf":{"content_blocks":[{"acf_fc_layout":"hero1","_acfe_flexible_toggle":"","hero_locations":{"unique_id":"n652cfe5691140","background":{"ID":15431,"id":15431,"title":"Otoscan-toolkit_banner","filename":"Otoscan-toolkit_banner.jpg","filesize":279068,"url":"https:\/\/natussensory.com\/wp-content\/uploads\/Otoscan-toolkit_banner.jpg","link":"https:\/\/natussensory.com\/es\/productos\/otoscan\/toolkit\/otoscan-toolkit_banner-2\/","alt":"","author":"4","description":"","caption":"","name":"otoscan-toolkit_banner-2","status":"inherit","uploaded_to":15476,"date":"2023-10-16 09:30:28","modified":"2023-10-16 09:30:28","menu_order":0,"mime_type":"image\/jpeg","type":"image","subtype":"jpeg","icon":"https:\/\/natussensory.com\/wp-includes\/images\/media\/default.png","width":1920,"height":500,"sizes":{"thumbnail":"https:\/\/natussensory.com\/wp-content\/uploads\/Otoscan-toolkit_banner.jpg","thumbnail-width":128,"thumbnail-height":33,"medium":"https:\/\/natussensory.com\/wp-content\/uploads\/Otoscan-toolkit_banner.jpg","medium-width":1920,"medium-height":500,"medium_large":"https:\/\/natussensory.com\/wp-content\/uploads\/Otoscan-toolkit_banner-768x200.jpg","medium_large-width":768,"medium_large-height":200,"large":"https:\/\/natussensory.com\/wp-content\/uploads\/Otoscan-toolkit_banner.jpg","large-width":1920,"large-height":500,"1536x1536":"https:\/\/natussensory.com\/wp-content\/uploads\/Otoscan-toolkit_banner-1536x400.jpg","1536x1536-width":1536,"1536x1536-height":400,"2048x2048":"https:\/\/natussensory.com\/wp-content\/uploads\/Otoscan-toolkit_banner.jpg","2048x2048-width":1920,"2048x2048-height":500}},"h1":"Herramientas de Marketing de Otoscan","description":"Apoyando tu \u00e9xito."}},{"acf_fc_layout":"simple_content","_acfe_flexible_toggle":"","content_full_width_landing":{"module_options":{"":null,"module_id":"n652d00dc2a5c6","module_class":"","module_background_type":"color","module_background_color":"","module_background_image":false,"module_background_video":"","activate_custom_padding":false,"padding_top_desktop":0,"padding_top_tablet":"","padding_top_mobile":"","padding_bottom_desktop":"","padding_bottom_tablet":"","padding_bottom_mobile":"","activate_custom_margin":false,"margin_top_desktop":"","margin_top_tablet":"","margin_top_mobile":"","margin_bottom_desktop":"","margin_bottom_tablet":"","margin_bottom_mobile":"","disable_on":[],"content_alignment_desktop":"left","content_alignment_tablet":"left","content_alignment_mobile":"left"},"activate_custom_container_width":false,"container_width":"","content":"<p>Su \u00e9xito es importante para nosotros, por lo que le damos la oportunidad de ayudarle en sus acciones publicitarias y promocionales para lograr una imagen en el sector.<\/p>\n<p>Las herramientas de Natus ofrecen una variedad de recursos de marketing que le har\u00e1n ganar visibilidad entre los clientes y aumentar su negocio.<\/p>\n<p>Encontrar\u00e1 una amplia gama de plantillas y materiales de marketing entre los que elegir, todos ellos f\u00e1ciles de descargar y adaptar a sus necesidades, con im\u00e1genes visualmente atractivas que le permitir\u00e1n transmitir claramente sus mensajes.<\/p>\n"}},{"acf_fc_layout":"related_products","_acfe_flexible_layout_title":"Toolkit overview","_acfe_flexible_toggle":"","tiles_3_columns_landing":{"module_options":{"":null,"module_id":"n652d00dc2e904","module_class":"","module_background_type":"color","module_background_color":"","module_background_image":false,"module_background_video":"","activate_custom_padding":false,"padding_top_desktop":0,"padding_top_tablet":"","padding_top_mobile":"","padding_bottom_desktop":"","padding_bottom_tablet":"","padding_bottom_mobile":"","activate_custom_margin":false,"margin_top_desktop":"","margin_top_tablet":"","margin_top_mobile":"","margin_bottom_desktop":"","margin_bottom_tablet":"","margin_bottom_mobile":"","disable_on":[],"content_alignment_desktop":"left","content_alignment_tablet":"left","content_alignment_mobile":"left"},"intro_text":"","intro_text_color":"","intro_link":null,"tiles":[{"label":"","label_background_color":"","image":{"ID":15425,"id":15425,"title":"Otoscan-toolkit_images_linkspot","filename":"Otoscan-toolkit_images_linkspot.jpg","filesize":179525,"url":"https:\/\/natussensory.com\/wp-content\/uploads\/Otoscan-toolkit_images_linkspot.jpg","link":"https:\/\/natussensory.com\/es\/productos\/otoscan\/toolkit\/otoscan-toolkit_images_linkspot-2\/","alt":"","author":"4","description":"","caption":"","name":"otoscan-toolkit_images_linkspot-2","status":"inherit","uploaded_to":15476,"date":"2023-10-16 09:22:14","modified":"2023-10-16 09:22:14","menu_order":0,"mime_type":"image\/jpeg","type":"image","subtype":"jpeg","icon":"https:\/\/natussensory.com\/wp-includes\/images\/media\/default.png","width":650,"height":450,"sizes":{"thumbnail":"https:\/\/natussensory.com\/wp-content\/uploads\/Otoscan-toolkit_images_linkspot.jpg","thumbnail-width":128,"thumbnail-height":89,"medium":"https:\/\/natussensory.com\/wp-content\/uploads\/Otoscan-toolkit_images_linkspot.jpg","medium-width":650,"medium-height":450,"medium_large":"https:\/\/natussensory.com\/wp-content\/uploads\/Otoscan-toolkit_images_linkspot.jpg","medium_large-width":650,"medium_large-height":450,"large":"https:\/\/natussensory.com\/wp-content\/uploads\/Otoscan-toolkit_images_linkspot.jpg","large-width":650,"large-height":450,"1536x1536":"https:\/\/natussensory.com\/wp-content\/uploads\/Otoscan-toolkit_images_linkspot.jpg","1536x1536-width":650,"1536x1536-height":450,"2048x2048":"https:\/\/natussensory.com\/wp-content\/uploads\/Otoscan-toolkit_images_linkspot.jpg","2048x2048-width":650,"2048x2048-height":450}},"title":"Im\u00e1genes de alta \/ baja resoluci\u00f3n","link":{"type":"url","value":"https:\/\/natus.bynder.com\/web\/5a6a5d7361e4f446\/otoscan-marketing-toolkit---images\/","url":"https:\/\/natus.bynder.com\/web\/5a6a5d7361e4f446\/otoscan-marketing-toolkit---images\/","name":"https:\/\/natus.bynder.com\/web\/5a6a5d7361e4f446\/otoscan-marketing-toolkit---images\/","title":"Busqueda de im\u00e1genes","target":"_blank"}},{"label":"","label_background_color":"","image":{"ID":15436,"id":15436,"title":"Otoscan-toolkit_Flyers_linkspot","filename":"Otoscan-toolkit_Flyers_linkspot.jpg","filesize":219539,"url":"https:\/\/natussensory.com\/wp-content\/uploads\/Otoscan-toolkit_Flyers_linkspot.jpg","link":"https:\/\/natussensory.com\/es\/productos\/otoscan\/toolkit\/otoscan-toolkit_flyers_linkspot-2\/","alt":"","author":"4","description":"","caption":"","name":"otoscan-toolkit_flyers_linkspot-2","status":"inherit","uploaded_to":15476,"date":"2023-10-16 09:31:01","modified":"2023-10-16 09:31:01","menu_order":0,"mime_type":"image\/jpeg","type":"image","subtype":"jpeg","icon":"https:\/\/natussensory.com\/wp-includes\/images\/media\/default.png","width":650,"height":450,"sizes":{"thumbnail":"https:\/\/natussensory.com\/wp-content\/uploads\/Otoscan-toolkit_Flyers_linkspot.jpg","thumbnail-width":128,"thumbnail-height":89,"medium":"https:\/\/natussensory.com\/wp-content\/uploads\/Otoscan-toolkit_Flyers_linkspot.jpg","medium-width":650,"medium-height":450,"medium_large":"https:\/\/natussensory.com\/wp-content\/uploads\/Otoscan-toolkit_Flyers_linkspot.jpg","medium_large-width":650,"medium_large-height":450,"large":"https:\/\/natussensory.com\/wp-content\/uploads\/Otoscan-toolkit_Flyers_linkspot.jpg","large-width":650,"large-height":450,"1536x1536":"https:\/\/natussensory.com\/wp-content\/uploads\/Otoscan-toolkit_Flyers_linkspot.jpg","1536x1536-width":650,"1536x1536-height":450,"2048x2048":"https:\/\/natussensory.com\/wp-content\/uploads\/Otoscan-toolkit_Flyers_linkspot.jpg","2048x2048-width":650,"2048x2048-height":450}},"title":"Correo \/ Flyer \/ Poster","link":{"type":"url","value":"https:\/\/natus.bynder.com\/web\/23564935df7f3242\/otoscan-marketing-toolkit---mailings---flyer---poster---advertisements---\/","url":"https:\/\/natus.bynder.com\/web\/23564935df7f3242\/otoscan-marketing-toolkit---mailings---flyer---poster---advertisements---\/","name":"https:\/\/natus.bynder.com\/web\/23564935df7f3242\/otoscan-marketing-toolkit---mailings---flyer---poster---advertisements---\/","title":"Examine correos, folletos, carteles...","target":"_blank"}},{"label":"","label_background_color":"","image":{"ID":15456,"id":15456,"title":"Otoscan-toolkit_POS_linkspot","filename":"Otoscan-toolkit_POS_linkspot.jpg","filesize":161183,"url":"https:\/\/natussensory.com\/wp-content\/uploads\/Otoscan-toolkit_POS_linkspot.jpg","link":"https:\/\/natussensory.com\/es\/productos\/otoscan\/toolkit\/otoscan-toolkit_pos_linkspot-2\/","alt":"","author":"4","description":"","caption":"","name":"otoscan-toolkit_pos_linkspot-2","status":"inherit","uploaded_to":15476,"date":"2023-10-16 09:31:10","modified":"2023-10-16 09:31:10","menu_order":0,"mime_type":"image\/jpeg","type":"image","subtype":"jpeg","icon":"https:\/\/natussensory.com\/wp-includes\/images\/media\/default.png","width":650,"height":450,"sizes":{"thumbnail":"https:\/\/natussensory.com\/wp-content\/uploads\/Otoscan-toolkit_POS_linkspot.jpg","thumbnail-width":128,"thumbnail-height":89,"medium":"https:\/\/natussensory.com\/wp-content\/uploads\/Otoscan-toolkit_POS_linkspot.jpg","medium-width":650,"medium-height":450,"medium_large":"https:\/\/natussensory.com\/wp-content\/uploads\/Otoscan-toolkit_POS_linkspot.jpg","medium_large-width":650,"medium_large-height":450,"large":"https:\/\/natussensory.com\/wp-content\/uploads\/Otoscan-toolkit_POS_linkspot.jpg","large-width":650,"large-height":450,"1536x1536":"https:\/\/natussensory.com\/wp-content\/uploads\/Otoscan-toolkit_POS_linkspot.jpg","1536x1536-width":650,"1536x1536-height":450,"2048x2048":"https:\/\/natussensory.com\/wp-content\/uploads\/Otoscan-toolkit_POS_linkspot.jpg","2048x2048-width":650,"2048x2048-height":450}},"title":"Materiales PdV","link":{"type":"url","value":"https:\/\/natus.bynder.com\/web\/7d6aca7846201a33\/otoscan-marketing-toolkit---point-of-sale-material\/","url":"https:\/\/natus.bynder.com\/web\/7d6aca7846201a33\/otoscan-marketing-toolkit---point-of-sale-material\/","name":"https:\/\/natus.bynder.com\/web\/7d6aca7846201a33\/otoscan-marketing-toolkit---point-of-sale-material\/","title":"Examine materiales PdV","target":"_blank"}},{"label":"","label_background_color":"","image":{"ID":15451,"id":15451,"title":"Otoscan-toolkit_SOME_linkspot","filename":"Otoscan-toolkit_SOME_linkspot.jpg","filesize":163098,"url":"https:\/\/natussensory.com\/wp-content\/uploads\/Otoscan-toolkit_SOME_linkspot.jpg","link":"https:\/\/natussensory.com\/es\/productos\/otoscan\/toolkit\/otoscan-toolkit_some_linkspot-2\/","alt":"","author":"4","description":"","caption":"","name":"otoscan-toolkit_some_linkspot-2","status":"inherit","uploaded_to":15476,"date":"2023-10-16 09:31:07","modified":"2023-10-16 09:31:07","menu_order":0,"mime_type":"image\/jpeg","type":"image","subtype":"jpeg","icon":"https:\/\/natussensory.com\/wp-includes\/images\/media\/default.png","width":650,"height":450,"sizes":{"thumbnail":"https:\/\/natussensory.com\/wp-content\/uploads\/Otoscan-toolkit_SOME_linkspot.jpg","thumbnail-width":128,"thumbnail-height":89,"medium":"https:\/\/natussensory.com\/wp-content\/uploads\/Otoscan-toolkit_SOME_linkspot.jpg","medium-width":650,"medium-height":450,"medium_large":"https:\/\/natussensory.com\/wp-content\/uploads\/Otoscan-toolkit_SOME_linkspot.jpg","medium_large-width":650,"medium_large-height":450,"large":"https:\/\/natussensory.com\/wp-content\/uploads\/Otoscan-toolkit_SOME_linkspot.jpg","large-width":650,"large-height":450,"1536x1536":"https:\/\/natussensory.com\/wp-content\/uploads\/Otoscan-toolkit_SOME_linkspot.jpg","1536x1536-width":650,"1536x1536-height":450,"2048x2048":"https:\/\/natussensory.com\/wp-content\/uploads\/Otoscan-toolkit_SOME_linkspot.jpg","2048x2048-width":650,"2048x2048-height":450}},"title":"Redes sociales y Web","link":{"type":"url","value":"https:\/\/natus.bynder.com\/web\/778e7004dc8837ba\/otoscan-marketing-toolkit---social-media-posts-and-online-banners\/","url":"https:\/\/natus.bynder.com\/web\/778e7004dc8837ba\/otoscan-marketing-toolkit---social-media-posts-and-online-banners\/","name":"https:\/\/natus.bynder.com\/web\/778e7004dc8837ba\/otoscan-marketing-toolkit---social-media-posts-and-online-banners\/","title":"Examine publicaciones en RRSS y la p\u00e1gina web","target":"_blank"}},{"label":"","label_background_color":"","image":{"ID":15446,"id":15446,"title":"Otoscan-toolkit_videos_linkspot","filename":"Otoscan-toolkit_videos_linkspot.jpg","filesize":130404,"url":"https:\/\/natussensory.com\/wp-content\/uploads\/Otoscan-toolkit_videos_linkspot.jpg","link":"https:\/\/natussensory.com\/es\/productos\/otoscan\/toolkit\/otoscan-toolkit_videos_linkspot-2\/","alt":"","author":"4","description":"","caption":"","name":"otoscan-toolkit_videos_linkspot-2","status":"inherit","uploaded_to":15476,"date":"2023-10-16 09:31:05","modified":"2023-10-16 09:31:05","menu_order":0,"mime_type":"image\/jpeg","type":"image","subtype":"jpeg","icon":"https:\/\/natussensory.com\/wp-includes\/images\/media\/default.png","width":650,"height":450,"sizes":{"thumbnail":"https:\/\/natussensory.com\/wp-content\/uploads\/Otoscan-toolkit_videos_linkspot.jpg","thumbnail-width":128,"thumbnail-height":89,"medium":"https:\/\/natussensory.com\/wp-content\/uploads\/Otoscan-toolkit_videos_linkspot.jpg","medium-width":650,"medium-height":450,"medium_large":"https:\/\/natussensory.com\/wp-content\/uploads\/Otoscan-toolkit_videos_linkspot.jpg","medium_large-width":650,"medium_large-height":450,"large":"https:\/\/natussensory.com\/wp-content\/uploads\/Otoscan-toolkit_videos_linkspot.jpg","large-width":650,"large-height":450,"1536x1536":"https:\/\/natussensory.com\/wp-content\/uploads\/Otoscan-toolkit_videos_linkspot.jpg","1536x1536-width":650,"1536x1536-height":450,"2048x2048":"https:\/\/natussensory.com\/wp-content\/uploads\/Otoscan-toolkit_videos_linkspot.jpg","2048x2048-width":650,"2048x2048-height":450}},"title":"Videos","link":{"type":"url","value":"https:\/\/natus.bynder.com\/web\/7fcec4c4a6942ec\/otoscan-marketing-toolkit---videos\/","url":"https:\/\/natus.bynder.com\/web\/7fcec4c4a6942ec\/otoscan-marketing-toolkit---videos\/","name":"https:\/\/natus.bynder.com\/web\/7fcec4c4a6942ec\/otoscan-marketing-toolkit---videos\/","title":"Examine videos","target":"_blank"}},{"label":"","label_background_color":"","image":{"ID":15441,"id":15441,"title":"Otoscan-toolkit_seasonal_linkspot","filename":"Otoscan-toolkit_seasonal_linkspot.jpg","filesize":150599,"url":"https:\/\/natussensory.com\/wp-content\/uploads\/Otoscan-toolkit_seasonal_linkspot.jpg","link":"https:\/\/natussensory.com\/es\/productos\/otoscan\/toolkit\/otoscan-toolkit_seasonal_linkspot-2\/","alt":"","author":"4","description":"","caption":"","name":"otoscan-toolkit_seasonal_linkspot-2","status":"inherit","uploaded_to":15476,"date":"2023-10-16 09:31:04","modified":"2023-10-16 09:31:04","menu_order":0,"mime_type":"image\/jpeg","type":"image","subtype":"jpeg","icon":"https:\/\/natussensory.com\/wp-includes\/images\/media\/default.png","width":650,"height":450,"sizes":{"thumbnail":"https:\/\/natussensory.com\/wp-content\/uploads\/Otoscan-toolkit_seasonal_linkspot.jpg","thumbnail-width":128,"thumbnail-height":89,"medium":"https:\/\/natussensory.com\/wp-content\/uploads\/Otoscan-toolkit_seasonal_linkspot.jpg","medium-width":650,"medium-height":450,"medium_large":"https:\/\/natussensory.com\/wp-content\/uploads\/Otoscan-toolkit_seasonal_linkspot.jpg","medium_large-width":650,"medium_large-height":450,"large":"https:\/\/natussensory.com\/wp-content\/uploads\/Otoscan-toolkit_seasonal_linkspot.jpg","large-width":650,"large-height":450,"1536x1536":"https:\/\/natussensory.com\/wp-content\/uploads\/Otoscan-toolkit_seasonal_linkspot.jpg","1536x1536-width":650,"1536x1536-height":450,"2048x2048":"https:\/\/natussensory.com\/wp-content\/uploads\/Otoscan-toolkit_seasonal_linkspot.jpg","2048x2048-width":650,"2048x2048-height":450}},"title":"Im\u00e1genes festivas","link":{"type":"url","value":"https:\/\/natus.bynder.com\/web\/7ce1c259cf2a208d\/otoscan-marketing-toolkit---seasonal-graphics\/","url":"https:\/\/natus.bynder.com\/web\/7ce1c259cf2a208d\/otoscan-marketing-toolkit---seasonal-graphics\/","name":"https:\/\/natus.bynder.com\/web\/7ce1c259cf2a208d\/otoscan-marketing-toolkit---seasonal-graphics\/","title":"Examine im\u00e1genes festivas","target":"_blank"}}]}}]},"_links":{"self":[{"href":"https:\/\/natussensory.com\/es\/wp-json\/wp\/v2\/pages\/15476","targetHints":{"allow":["GET"]}}],"collection":[{"href":"https:\/\/natussensory.com\/es\/wp-json\/wp\/v2\/pages"}],"about":[{"href":"https:\/\/natussensory.com\/es\/wp-json\/wp\/v2\/types\/page"}],"author":[{"embeddable":true,"href":"https:\/\/natussensory.com\/es\/wp-json\/wp\/v2\/users\/4"}],"replies":[{"embeddable":true,"href":"https:\/\/natussensory.com\/es\/wp-json\/wp\/v2\/comments?post=15476"}],"version-history":[{"count":2,"href":"https:\/\/natussensory.com\/es\/wp-json\/wp\/v2\/pages\/15476\/revisions"}],"predecessor-version":[{"id":15478,"href":"https:\/\/natussensory.com\/es\/wp-json\/wp\/v2\/pages\/15476\/revisions\/15478"}],"up":[{"embeddable":true,"href":"https:\/\/natussensory.com\/es\/wp-json\/wp\/v2\/pages\/12129"}],"wp:attachment":[{"href":"https:\/\/natussensory.com\/es\/wp-json\/wp\/v2\/media?parent=15476"}],"wp:term":[{"taxonomy":"category","embeddable":true,"href":"https:\/\/natussensory.com\/es\/wp-json\/wp\/v2\/categories?post=15476"},{"taxonomy":"post_tag","embeddable":true,"href":"https:\/\/natussensory.com\/es\/wp-json\/wp\/v2\/tags?post=15476"}],"curies":[{"name":"wp","href":"https:\/\/api.w.org\/{rel}","templated":true}]}}