{"id":12778,"date":"2023-09-22T20:21:43","date_gmt":"2023-09-22T20:21:43","guid":{"rendered":"https:\/\/natussensory.com\/terms-conditions\/"},"modified":"2025-09-18T13:20:36","modified_gmt":"2025-09-18T13:20:36","slug":"terminos-condiciones","status":"publish","type":"page","link":"https:\/\/natussensory.com\/es\/terminos-condiciones\/","title":{"rendered":"T\u00e9rminos y condiciones"},"content":{"rendered":"","protected":false},"excerpt":{"rendered":"","protected":false},"author":4,"featured_media":0,"parent":0,"menu_order":0,"comment_status":"closed","ping_status":"closed","template":"","meta":{"_acf_changed":false,"inline_featured_image":false,"footnotes":""},"categories":[],"tags":[],"class_list":["post-12778","page","type-page","status-publish","hentry"],"acf":{"content_blocks":[{"acf_fc_layout":"spacer","_acfe_flexible_toggle":"","spacer":{"module_options":{"":null,"module_id":"n6514aa3867b2f","module_class":"","module_background_type":"color","module_background_color":"#473089","module_background_image":false,"module_background_video":"","activate_custom_padding":false,"padding_top_desktop":"0","padding_top_tablet":"0","padding_top_mobile":"0","padding_bottom_desktop":"0","padding_bottom_tablet":"0","padding_bottom_mobile":"0","activate_custom_margin":false,"margin_top_desktop":"0","margin_top_tablet":"0","margin_top_mobile":"0","margin_bottom_desktop":"-40","margin_bottom_tablet":"0","margin_bottom_mobile":"0","disable_on":[],"content_alignment_desktop":"left","content_alignment_tablet":"left","content_alignment_mobile":"left"},"height":"160"}},{"acf_fc_layout":"simple_content","_acfe_flexible_toggle":"","content_full_width_landing":{"module_options":{"":null,"module_id":"n68481ff96f7b3","module_class":"","module_background_type":"color","module_background_color":"#d4e9f9","module_background_image":false,"module_background_video":"","activate_custom_padding":false,"padding_top_desktop":"0","padding_top_tablet":"0","padding_top_mobile":"0","padding_bottom_desktop":"0","padding_bottom_tablet":"0","padding_bottom_mobile":"0","activate_custom_margin":false,"margin_top_desktop":"0","margin_top_tablet":"0","margin_top_mobile":"0","margin_bottom_desktop":"0","margin_bottom_tablet":"0","margin_bottom_mobile":"0","disable_on":[],"content_alignment_desktop":"left","content_alignment_tablet":"left","content_alignment_mobile":"left"},"activate_custom_container_width":false,"container_width":"","content":"<h1><\/h1>\n<h1 style=\"text-align: center;\">T\u00e9rminos y condiciones<\/h1>\n<p>&nbsp;<\/p>\n"}},{"acf_fc_layout":"simple_content","_acfe_flexible_toggle":"","content_full_width_landing":{"module_options":{"":null,"module_id":"n6514aa3872478","module_class":"","module_background_type":"color","module_background_color":"","module_background_image":false,"module_background_video":"","activate_custom_padding":false,"padding_top_desktop":0,"padding_top_tablet":"","padding_top_mobile":"","padding_bottom_desktop":"","padding_bottom_tablet":"","padding_bottom_mobile":"","activate_custom_margin":false,"margin_top_desktop":"","margin_top_tablet":"","margin_top_mobile":"","margin_bottom_desktop":"","margin_bottom_tablet":"","margin_bottom_mobile":"","disable_on":[],"content_alignment_desktop":"left","content_alignment_tablet":"left","content_alignment_mobile":"left"},"activate_custom_container_width":false,"container_width":"","content":"<h4>T\u00e9rminos y condiciones de venta<\/h4>\n<ul>\n<li><a href=\"https:\/\/natus.bynder.com\/m\/a8fb0ee735795a58\/original\/Natus-Terms-Conditions.pdf\" target=\"_blank\" rel=\"noopener\">T\u00e9rminos y condiciones de venta &#8211; Ingl\u00e9s<\/a><\/li>\n<li><a href=\"https:\/\/natus.bynder.com\/m\/80584d90139c6da5\/original\/Natus-Terms-Conditions.pdf\" target=\"_blank\" rel=\"noopener\">T\u00e9rminos y condiciones de venta &#8211; Chino<\/a><\/li>\n<li><a href=\"https:\/\/natus.bynder.com\/m\/a680da954fdfc0d7\/original\/Natus-Terms-Conditions.pdf\" target=\"_blank\" rel=\"noopener\">T\u00e9rminos y condiciones de venta &#8211; Dan\u00e9s<\/a><\/li>\n<li><a href=\"https:\/\/natus.bynder.com\/m\/951f6fd6ad3e5497\/original\/Natus-Terms-Conditions.pdf\" target=\"_blank\" rel=\"noopener\">T\u00e9rminos y condiciones de venta &#8211; Franc\u00e9s<\/a><\/li>\n<li><a href=\"https:\/\/natus.bynder.com\/m\/243dade8c5a0ab1a\/original\/Natus-Terms-Conditions.pdf\" target=\"_blank\" rel=\"noopener\">T\u00e9rminos y condiciones de venta &#8211; Alem\u00e1n<\/a><\/li>\n<li><a href=\"https:\/\/natus.bynder.com\/m\/28ba7cedbae9f596\/original\/Natus-Terms-Conditions.pdf\" target=\"_blank\" rel=\"noopener\">T\u00e9rminos y condiciones de venta &#8211; Italiano<\/a><\/li>\n<li><a href=\"https:\/\/natus.bynder.com\/m\/f94e5f44dd873193\/original\/Natus-Terms-Conditions.pdf\" target=\"_blank\" rel=\"noopener\">T\u00e9rminos y condiciones de venta &#8211; Espa\u00f1ol<\/a><\/li>\n<\/ul>\n<ul>\n<li><a href=\"https:\/\/natus.bynder.com\/m\/1c797ac96b944c79\/original\/Service-Agreements-Terms-Conditions.pdf\" target=\"_blank\" rel=\"noopener\">Service Contract &#8211; Terms &amp; Conditions &#8211; English<\/a><\/li>\n<\/ul>\n<p>&nbsp;<\/p>\n<h4>Dispositivos de audiolog\u00eda<\/h4>\n<ul>\n<li><a href=\"https:\/\/natus.bynder.com\/m\/ab5c1185747d1e73\/original\/Natus-Hearing-Balance-Global-Terms-Conditions-Warranty.pdf\" target=\"_blank\" rel=\"noopener\">Natus Hearing &amp; Balance Global T\u00e9rminos y condiciones &#8211; Garant\u00eda, Ingl\u00e9s<\/a><\/li>\n<li><a href=\"https:\/\/natus.bynder.com\/m\/5fc55166bef919aa\/original\/Natus-Hearing-Balance-Global-Terms-Conditions-Warranty.pdf\" target=\"_blank\" rel=\"noopener\">Natus Hearing &amp; Balance Global T\u00e9rminos y condiciones &#8211; Garant\u00eda, Alem\u00e1n<\/a><\/li>\n<li><a href=\"https:\/\/natus.bynder.com\/m\/91f0571661500984\/original\/Natus-Hearing-Balance-Global-Terms-Conditions-Warranty.pdf\" target=\"_blank\" rel=\"noopener\">Natus Hearing &amp; Balance Global T\u00e9rminos y condiciones &#8211; Garant\u00eda, Franc\u00e9s<\/a><\/li>\n<\/ul>\n<h4><\/h4>\n<h4>T\u00e9rminos y condiciones de pedidos de compra<\/h4>\n<ul>\n<li><a href=\"https:\/\/natus.bynder.com\/m\/5adc60eba656291c\/original\/Natus-Purchase-Order-Terms-Conditions.pdf\" target=\"_blank\" rel=\"noopener\">Natus t\u00e9rminos y condiciones de pedidos de compra<\/a><\/li>\n<\/ul>\n<p>&nbsp;<\/p>\n<h4>Natus acuerdo de licencia de software<\/h4>\n<ul>\n<li><a href=\"https:\/\/natus.bynder.com\/m\/c7e881225459e55\/original\/Natus-Software-License-Agreement.pdf\" target=\"_blank\" rel=\"noopener\">Natus acuerdo de licencia de software &#8211; Ingl\u00e9s<\/a><\/li>\n<\/ul>\n<p>&nbsp;<\/p>\n"}}]},"_links":{"self":[{"href":"https:\/\/natussensory.com\/es\/wp-json\/wp\/v2\/pages\/12778","targetHints":{"allow":["GET"]}}],"collection":[{"href":"https:\/\/natussensory.com\/es\/wp-json\/wp\/v2\/pages"}],"about":[{"href":"https:\/\/natussensory.com\/es\/wp-json\/wp\/v2\/types\/page"}],"author":[{"embeddable":true,"href":"https:\/\/natussensory.com\/es\/wp-json\/wp\/v2\/users\/4"}],"replies":[{"embeddable":true,"href":"https:\/\/natussensory.com\/es\/wp-json\/wp\/v2\/comments?post=12778"}],"version-history":[{"count":7,"href":"https:\/\/natussensory.com\/es\/wp-json\/wp\/v2\/pages\/12778\/revisions"}],"predecessor-version":[{"id":27044,"href":"https:\/\/natussensory.com\/es\/wp-json\/wp\/v2\/pages\/12778\/revisions\/27044"}],"wp:attachment":[{"href":"https:\/\/natussensory.com\/es\/wp-json\/wp\/v2\/media?parent=12778"}],"wp:term":[{"taxonomy":"category","embeddable":true,"href":"https:\/\/natussensory.com\/es\/wp-json\/wp\/v2\/categories?post=12778"},{"taxonomy":"post_tag","embeddable":true,"href":"https:\/\/natussensory.com\/es\/wp-json\/wp\/v2\/tags?post=12778"}],"curies":[{"name":"wp","href":"https:\/\/api.w.org\/{rel}","templated":true}]}}