{"id":12744,"date":"2023-08-16T21:23:56","date_gmt":"2023-08-16T21:23:56","guid":{"rendered":"https:\/\/natussensory.com\/environmental-social-governance\/"},"modified":"2025-10-30T09:35:15","modified_gmt":"2025-10-30T09:35:15","slug":"gobernanza","status":"publish","type":"page","link":"https:\/\/natussensory.com\/es\/quienes-somos\/gobernanza\/","title":{"rendered":"Gobernanza"},"content":{"rendered":"","protected":false},"excerpt":{"rendered":"","protected":false},"author":1,"featured_media":0,"parent":11252,"menu_order":0,"comment_status":"closed","ping_status":"closed","template":"","meta":{"_acf_changed":false,"inline_featured_image":false,"footnotes":""},"categories":[],"tags":[],"class_list":["post-12744","page","type-page","status-publish","hentry"],"acf":{"content_blocks":[{"acf_fc_layout":"spacer","_acfe_flexible_toggle":"","spacer":{"module_options":{"":null,"module_id":"n685ea253734bd","module_class":"","module_background_type":"color","module_background_color":"#473089","module_background_image":false,"module_background_video":"","activate_custom_padding":false,"padding_top_desktop":0,"padding_top_tablet":"","padding_top_mobile":"","padding_bottom_desktop":"","padding_bottom_tablet":"","padding_bottom_mobile":"","activate_custom_margin":false,"margin_top_desktop":"","margin_top_tablet":"","margin_top_mobile":"","margin_bottom_desktop":"","margin_bottom_tablet":"","margin_bottom_mobile":"","disable_on":[],"content_alignment_desktop":"left","content_alignment_tablet":"left","content_alignment_mobile":"left"},"height":"160"}},{"acf_fc_layout":"simple_content","_acfe_flexible_layout_title":"Banner","_acfe_flexible_toggle":"","content_full_width_landing":{"module_options":{"":null,"module_id":"n6514d1d1bceb1","module_class":"","module_background_type":"image","module_background_color":"","module_background_image":"https:\/\/natussensory.com\/wp-content\/uploads\/Homepage-banner.jpg","module_background_video":"","activate_custom_padding":true,"padding_top_desktop":"40","padding_top_tablet":"0","padding_top_mobile":"0","padding_bottom_desktop":"0","padding_bottom_tablet":"0","padding_bottom_mobile":"10","activate_custom_margin":false,"margin_top_desktop":"","margin_top_tablet":"","margin_top_mobile":"","margin_bottom_desktop":"","margin_bottom_tablet":"","margin_bottom_mobile":"","disable_on":[],"content_alignment_desktop":"left","content_alignment_tablet":"left","content_alignment_mobile":"left"},"activate_custom_container_width":false,"container_width":"","content":"<p>&nbsp;<\/p>\n<p>&nbsp;<\/p>\n<h1 style=\"text-align: center;\">Gobernanza<\/h1>\n<p>&nbsp;<\/p>\n<p>&nbsp;<\/p>\n"}},{"acf_fc_layout":"content_multiple_columns","_acfe_flexible_toggle":"","content_multiple_columns":{"module_options":{"":null,"module_id":"n65119eeebacf8","module_class":"","module_background_type":"color","module_background_color":"","module_background_image":false,"module_background_video":"","activate_custom_padding":true,"padding_top_desktop":"80","padding_top_tablet":"0","padding_top_mobile":"0","padding_bottom_desktop":"0","padding_bottom_tablet":"0","padding_bottom_mobile":"0","activate_custom_margin":false,"margin_top_desktop":"","margin_top_tablet":"","margin_top_mobile":"","margin_bottom_desktop":"","margin_bottom_tablet":"","margin_bottom_mobile":"","disable_on":[],"content_alignment_desktop":"left","content_alignment_tablet":"left","content_alignment_mobile":"left"},"columns_per_rows_desktop":"2","columns_per_rows_tablet":"1","columns_per_rows_mobile":"1","columns":[{"column_background":"#f1f1f1","column_size":"one-third","column_alignment":"align-left","activate_top_right_border_radius":false,"content_type":[{"acf_fc_layout":"simple_content","content":"<h5 style=\"text-align: center;\"><span style=\"font-size: 25px;\">Anticorrupci\u00f3n<\/span><\/h5>\n"}]},{"column_background":"#f1f1f1","column_size":"one-third","column_alignment":"align-left","activate_top_right_border_radius":false,"content_type":[{"acf_fc_layout":"simple_content","content":"<p>Natus Sensory Inc. (\u00abNatus Sensory\u00bb) exige a sus empleados que act\u00faen con la m\u00e1xima integridad en todos los aspectos de su funcionamiento. Nuestro C\u00f3digo de conducta orienta a los empleados sobre las expectativas de comportamiento desde un nivel b\u00e1sico. Otras pol\u00edticas internas m\u00e1s espec\u00edficas sensibilizan sobre determinadas normativas para ayudar a orientar a nuestros empleados a actuar adecuadamente.<\/p>\n<p>&nbsp;<\/p>\n<p>Por ejemplo, es importante que todos los empleados aplicables, los empleados de las filiales de Natus Sensory y sus agentes, representantes y consultores conozcan las leyes estadounidenses que proh\u00edben la corrupci\u00f3n de funcionarios p\u00fablicos. Adem\u00e1s de la ley estadounidense conocida como Ley de pr\u00e1cticas corruptas en el extranjero (FCPA por sus siglas en ingl\u00e9s), varias organizaciones mundiales han adoptado convenios internacionales que aumentan las penas y multas por pr\u00e1cticas corruptas (definidas en sentido amplio). Las empresas y los empleados deben ser conscientes de que las infracciones de la FCPA pueden desencadenar tambi\u00e9n otras formas de responsabilidad, incluidas sanciones penales e individuales. Cada vez m\u00e1s, los asuntos que comienzan como acciones de aplicaci\u00f3n de la FCPA acaban generando cargos en virtud de leyes y reglamentos penales relacionados, como el blanqueo de dinero, el fraude postal y el fraude electr\u00f3nico.<\/p>\n<p>&nbsp;<\/p>\n<p>Otro ejemplo de pol\u00edtica interna relacionada es la Pol\u00edtica antimonopolio, que instruye a nuestros empleados sobre los requisitos de normativas espec\u00edficas y esboza expectativas y responsabilidades concretas para fomentar su cumplimiento.<\/p>\n<p><span style=\"font-size: 12px;\"><a class=\"btn-v1\" href=\"https:\/\/natus.bynder.com\/m\/13262b08a51de6c5\/original\/Code-of-Conduct.pdf\">Lea nuestro C\u00f3digo de conducta<\/a><\/span><\/p>\n"}]},{"column_background":"#f1f1f1","column_size":"one-third","column_alignment":"align-left","activate_top_right_border_radius":false,"content_type":[{"acf_fc_layout":"simple_content","content":"<h5 style=\"text-align: center;\"><span style=\"font-size: 25px;\">Gesti\u00f3n de la continuidad de la actividad<\/span><\/h5>\n"}]},{"column_background":"#f1f1f1","column_size":"one-third","column_alignment":"align-left","activate_top_right_border_radius":false,"content_type":[{"acf_fc_layout":"simple_content","content":"<p>Natus Sensory ha establecido varios planes de gesti\u00f3n de la continuidad de la actividad que nos permiten responder de inmediato de forma meditada y organizada. Esto nos ayuda a garantizar que diversas situaciones, como interrupciones del sistema inform\u00e1tico, cat\u00e1strofes naturales e incidentes en las instalaciones, no causen un tiempo de inactividad significativo. Por ejemplo, tenemos planes para ayudar a mitigar el impacto y permitir la r\u00e1pida recuperaci\u00f3n de la producci\u00f3n clave y los servicios al cliente que son cr\u00edticos para nuestro negocio. Realizamos pruebas y an\u00e1lisis peri\u00f3dicos de los planes para garantizar su correcto mantenimiento.<\/p>\n"}]},{"column_background":"#f1f1f1","column_size":"one-third","column_alignment":"align-left","activate_top_right_border_radius":false,"content_type":[{"acf_fc_layout":"simple_content","content":"<h5 style=\"text-align: center;\"><span style=\"font-size: 25px;\">C\u00f3digo de conducta<\/span><\/h5>\n"}]},{"column_background":"#f1f1f1","column_size":"one-third","column_alignment":"align-left","activate_top_right_border_radius":false,"content_type":[{"acf_fc_layout":"simple_content","content":"<p>Como parte de nuestra visi\u00f3n corporativa de ofrecer soluciones innovadoras y fiables para detectar, diagnosticar y tratar trastornos que afectan al cerebro, las v\u00edas neurales y los ocho sistemas nerviosos sensoriales, Natus Sensory se compromete a cumplir las normas m\u00e1s estrictas de conducta empresarial \u00e9tica. Este C\u00f3digo de conducta, o C\u00f3digo para abreviar, resume las pol\u00edticas \u00e9ticas y de cumplimiento de Natus Sensory para todos los empleados de Natus Sensory.<\/p>\n<p><span style=\"font-size: 12px;\"><a class=\"btn-v1\" href=\"https:\/\/natus.bynder.com\/m\/13262b08a51de6c5\/original\/Code-of-Conduct.pdf\">Lea nuestro C\u00f3digo de conducta<\/a><\/span><\/p>\n"}]},{"column_background":"#f1f1f1","column_size":"one-third","column_alignment":"align-left","activate_top_right_border_radius":false,"content_type":[{"acf_fc_layout":"simple_content","content":"<h5 style=\"text-align: center;\"><span style=\"font-size: 25px;\">Impacto comunitario<\/span><\/h5>\n"}]},{"column_background":"#f1f1f1","column_size":"one-third","column_alignment":"align-left","activate_top_right_border_radius":false,"content_type":[{"acf_fc_layout":"simple_content","content":"<p>Como proveedor l\u00edder de soluciones innovadoras y fiables para examinar, diagnosticar y tratar trastornos que afectan al cerebro, a las v\u00edas neurales y a los ocho sistemas nerviosos sensoriales, Natus Sensory reconoce la importancia de los esfuerzos para influir positivamente en la sociedad.<\/p>\n<p>&nbsp;<\/p>\n<p>Nos esforzamos por apoyar a las comunidades m\u00e1s amplias en las que operamos a trav\u00e9s de diversos esfuerzos de Responsabilidad Social Corporativa (RSC), incluido el voluntariado de los empleados, las donaciones ben\u00e9ficas, las becas de investigaci\u00f3n educativa y la mejora de nuestras comunidades a trav\u00e9s de acciones responsables y significativas que se alinean con nuestros valores fundamentales y nuestra estrategia corporativa.<\/p>\n"}]},{"column_background":"#f1f1f1","column_size":"one-third","column_alignment":"align-left","activate_top_right_border_radius":false,"content_type":[{"acf_fc_layout":"simple_content","content":"<h5 style=\"text-align: center;\"><span style=\"font-size: 25px;\">Protecci\u00f3n de datos<\/span><\/h5>\n"}]},{"column_background":"#f1f1f1","column_size":"one-third","column_alignment":"align-left","activate_top_right_border_radius":false,"content_type":[{"acf_fc_layout":"simple_content","content":"<p>Natus Sensory se compromete a la transmisi\u00f3n electr\u00f3nica segura, almacenamiento y alojamiento de informaci\u00f3n sensible, incluyendo informaci\u00f3n de identificaci\u00f3n personal (\u00abIIP\u00bb), informaci\u00f3n personal de salud, informaci\u00f3n financiera, propiedad intelectual y otra informaci\u00f3n sensible relacionada con nuestros clientes y fuerza de trabajo.<\/p>\n<p><span style=\"font-size: 12px;\"><a class=\"btn-v1\" href=\"https:\/\/natussensory.com\/privacy-policy\/\">Vea nuestra Declaraci\u00f3n de privacidad<\/a><\/span><\/p>\n"}]},{"column_background":"#f1f1f1","column_size":"one-third","column_alignment":"align-left","activate_top_right_border_radius":false,"content_type":[{"acf_fc_layout":"simple_content","content":"<h5 style=\"text-align: center;\"><span style=\"font-size: 25px;\">Diversidad, equidad e inclusi\u00f3n<\/span><\/h5>\n"}]},{"column_background":"#f1f1f1","column_size":"one-third","column_alignment":"align-left","activate_top_right_border_radius":false,"content_type":[{"acf_fc_layout":"simple_content","content":"<p>Natus Sensory se compromete a fomentar una cultura de diversidad, equidad e inclusi\u00f3n (DEI). Evaluamos peri\u00f3dicamente e impulsamos la mejora continua de la DEI de nuestro ecosistema humano: empleados y socios. Nuestros esfuerzos de contrataci\u00f3n ponen de manifiesto este compromiso a trav\u00e9s de los programas de divulgaci\u00f3n para reclutar y promover oportunidades de empleo a una amplia gama de organizaciones y cientos de bolsas de trabajo con la intenci\u00f3n de desarrollar un grupo diverso de candidatos cualificados.<\/p>\n<p>&nbsp;<\/p>\n<p>Reconocemos que una cultura de inclusi\u00f3n nos hace m\u00e1s fuertes. Ofrecer foros adecuados en los que los empleados de todo el mundo puedan compartir ideas y opiniones es un componente importante de nuestros esfuerzos de diversidad e inclusi\u00f3n, mediante mesas redondas de empleados, ayuntamientos, encuestas y consejos culturales.<\/p>\n<p>&nbsp;<\/p>\n<p><span style=\"font-size: 12px;\"><a class=\"btn-v1\" href=\"https:\/\/natussensory.com\/careers\/\">M\u00e1s informaci\u00f3n en nuestra p\u00e1gina de empleo<\/a><\/span><\/p>\n"}]},{"column_background":"#f1f1f1","column_size":"one-third","column_alignment":"align-left","activate_top_right_border_radius":false,"content_type":[{"acf_fc_layout":"simple_content","content":"<h5 style=\"text-align: center;\"><span style=\"font-size: 25px;\">Desarrollo de los empleados<\/span><\/h5>\n"}]},{"column_background":"#f1f1f1","column_size":"one-third","column_alignment":"align-left","activate_top_right_border_radius":false,"content_type":[{"acf_fc_layout":"simple_content","content":"<p>Natus Sensory sigue buscando formas de apoyar el crecimiento personal y profesional y de facilitar el acceso a las personas y herramientas que ayudar\u00e1n a conseguirlo. Aunque las experiencias en el puesto de trabajo siguen siendo la forma n\u00famero uno de crecer y desarrollarse, Natus Sensory proporciona formaci\u00f3n interna a los empleados de forma global y asignada en funci\u00f3n de su funci\u00f3n a trav\u00e9s de nuestra plataforma de aprendizaje sistem\u00e1tico.<\/p>\n<p>&nbsp;<\/p>\n<p>Adem\u00e1s, Natus Sensory proporciona amplios recursos de formaci\u00f3n a los empleados, incluido un sistema de aprendizaje electr\u00f3nico a petici\u00f3n con m\u00e1s de 4000 cursos para apoyar el desarrollo de habilidades en una amplia variedad de \u00e1reas, desde la capacidad t\u00e9cnica\/funcional hasta la capacidad de gesti\u00f3n\/liderazgo.<\/p>\n<p>&nbsp;<\/p>\n"}]},{"column_background":"#f1f1f1","column_size":"one-third","column_alignment":"align-left","activate_top_right_border_radius":false,"content_type":[{"acf_fc_layout":"simple_content","content":"<h5 style=\"text-align: center;\"><span style=\"font-size: 25px;\">Medio ambiente, salud y seguridad<\/span><\/h5>\n"}]},{"column_background":"#f1f1f1","column_size":"one-third","column_alignment":"align-left","activate_top_right_border_radius":false,"content_type":[{"acf_fc_layout":"simple_content","content":"<p>Natus Sensory se compromete a mantener una administraci\u00f3n adecuada de nuestros recursos trabajando de forma proactiva para evitar p\u00e9rdidas accidentales, incluidos los empleados y los activos f\u00edsicos. Para cumplir este compromiso, nos esforzamos por proporcionar y mantener un entorno de trabajo seguro y saludable, y cumplir las leyes relativas a condiciones de trabajo seguras, pr\u00e1cticas de fabricaci\u00f3n, protecci\u00f3n medioambiental, riesgos biol\u00f3gicos, control de riesgos de incendio y eliminaci\u00f3n de sustancias peligrosas.<\/p>\n<p>&nbsp;<\/p>\n<p>Natus Sensory sigue activamente la certificaci\u00f3n ISO 45001 de Seguridad y salud en el trabajo, as\u00ed como la ISO 14001 de Sistemas de gesti\u00f3n ambiental para los centros de fabricaci\u00f3n en: Gort (IE), Middleton (WI) y San Diego (CA).<\/p>\n<p>&nbsp;<\/p>\n<p>Tambi\u00e9n tenemos equipos de personal dedicados a cada emplazamiento en todo el mundo para proporcionar apoyo local desde el punto de vista de la salud y la seguridad, con el fin de ayudar a mantener la seguridad de nuestros empleados y socios comerciales mientras est\u00e1n en el emplazamiento.<\/p>\n"}]},{"column_background":"#f1f1f1","column_size":"one-third","column_alignment":"align-left","activate_top_right_border_radius":false,"content_type":[{"acf_fc_layout":"simple_content","content":"<h5 style=\"text-align: center;\"><span style=\"font-size: 25px;\">Calidad<\/span><\/h5>\n"}]},{"column_background":"#f1f1f1","column_size":"one-third","column_alignment":"align-left","activate_top_right_border_radius":false,"content_type":[{"acf_fc_layout":"simple_content","content":"<p>El compromiso de Natus Sensory con la calidad es el n\u00facleo de nuestra estrategia empresarial a la hora de proporcionar soluciones innovadoras y fiables para detectar, diagnosticar y tratar trastornos que afectan al cerebro, las v\u00edas neurales y los ocho sistemas nerviosos sensoriales. Cada uno de nuestros centros de fabricaci\u00f3n mantiene sistemas de gesti\u00f3n de la calidad independientes para garantizar el estricto cumplimiento de la normativa e incluir la supervisi\u00f3n adecuada para asegurar la evaluaci\u00f3n y mejora continuas.<\/p>\n<p>&nbsp;<\/p>\n<p>Nuestras instalaciones de fabricaci\u00f3n, servicio y reparaci\u00f3n est\u00e1n sujetas a inspecciones peri\u00f3dicas por parte de las autoridades reguladoras locales y extranjeras. La venta de este art\u00edculo est\u00e1 sujeto a las regulaciones de la Administraci\u00f3n de F\u00e1rmacos y Alimentos (FDA) de los Estados Unidos as\u00ed como a las de agencias locales y regulatorias. Estamos obligados a realizar las actividades de dise\u00f1o, ensayo, fabricaci\u00f3n y control de nuestros productos de conformidad con la normativa sobre sistemas de calidad de la FDA y a mantener la documentaci\u00f3n de estas actividades de la forma prescrita.<\/p>\n<p>&nbsp;<\/p>\n<p>Natus Sensory dispone de certificaciones espec\u00edficas para el emplazamiento legal del fabricante. Las certificaciones permiten registrar los productos sanitarios de Natus Sensory para venderlos en diversos pa\u00edses. La norma ISO para productos sanitarios es ISO1345:2016. Natus Sensory cuenta con esta designaci\u00f3n para Middleton, Oakville, San Diego, Taastrup y Gort. Adem\u00e1s, Natus Sensory cuenta con las siguientes certificaciones:<\/p>\n<ol>\n<li>Programa de auditor\u00eda \u00fanica de productos sanitarios (MEDSAP) para la venta de dispositivos en AU, BR, JP, US y CA. El organismo notificado realizar\u00e1 la auditor\u00eda bas\u00e1ndose en la norma ISO 13485:2016 y en la normativa nacional aplicable<\/li>\n<li>Certificaci\u00f3n CE (tambi\u00e9n conocida como CE) utilizada para la venta en el mercado europeo de dispositivos de clase II y III\n<ol>\n<li>La clase I requiere que se coloque la marca CE (riesgo m\u00e1s bajo: autocertificaci\u00f3n) en el etiquetado del dispositivo<\/li>\n<li>Las clases IIa, IIb y III (cuanto mayor es la clase, mayor es el riesgo) exigen que el etiquetado del producto lleve la marca CE y el n\u00famero del organismo notificado (por ejemplo, la marca 2797)<\/li>\n<\/ol>\n<\/li>\n<li>La certificaci\u00f3n del Reino Unido solo est\u00e1 en vigor para Oakville (Biliband) (UKCA); debe ser conforme antes del 30 de junio de 2023<\/li>\n<\/ol>\n<p><span style=\"font-size: 12px;\"><a class=\"btn-v1\" href=\"https:\/\/partner.natus.com\/m\/712b1d9fa8ce5692\/original\/Sensory-Quality-Policy.pdf\" target=\"_blank\" rel=\"noopener\">Lea nuestra Pol\u00edtica de calidad<\/a><\/span><\/p>\n"}]},{"column_background":"#f1f1f1","column_size":"one-third","column_alignment":"align-left","activate_top_right_border_radius":false,"content_type":[{"acf_fc_layout":"simple_content","content":"<h5 style=\"text-align: center;\"><span style=\"font-size: 25px;\">Cadena de suministro<\/span><\/h5>\n"}]},{"column_background":"#f1f1f1","column_size":"one-third","column_alignment":"align-left","activate_top_right_border_radius":false,"content_type":[{"acf_fc_layout":"simple_content","content":"<p>Natus Sensory se compromete a garantizar que nuestra cadena de suministro, incluidos vendedores y proveedores, est\u00e9 alineada con nuestras pol\u00edticas corporativas para asegurar el bienestar de los trabajadores y unas condiciones laborales que cumplan o superen las normas reconocidas.<\/p>\n<p><span style=\"font-size: 12px;\"><a class=\"btn-v1\" href=\"https:\/\/natus.bynder.com\/m\/28b55abb68d4ad99\/original\/Modern-Slavery-Statement.pdf\">Lea la Declaraci\u00f3n sobre la esclavitud moderna<\/a><\/span><br \/>\n<span style=\"font-size: 12px;\"><a class=\"btn-v1\" href=\"https:\/\/natus.bynder.com\/m\/3b96b19f74239619\/original\/Supplier-Handbook-Code-of-Conduct.pdf\">Manual del proveedor y C\u00f3digo de conducta<\/a><\/span><\/p>\n"}]},{"column_background":"#f1f1f1","column_size":"one-third","column_alignment":"align-left","activate_top_right_border_radius":false,"content_type":[{"acf_fc_layout":"simple_content","content":"<h5 style=\"text-align: center;\"><span style=\"font-size: 25px;\">Denunciante<\/span><\/h5>\n"}]},{"column_background":"#f1f1f1","column_size":"one-third","column_alignment":"align-left","activate_top_right_border_radius":false,"content_type":[{"acf_fc_layout":"simple_content","content":"<p>Natus Sensory se compromete a llevar a cabo sus actividades de conformidad con las leyes y reglamentos de una manera \u00e9ticamente responsable. Nuestras normas de conducta son de gran alcance e incluyen, aunque no se limitan, a las partes internas y externas, como nuestros empleados, clientes y proveedores. Tenemos una pol\u00edtica de <u>tolerancia cero<\/u> para cualquier comportamiento que pueda constituir una infracci\u00f3n de la ley o de la confianza o atentar contra la libertad.<\/p>\n<p>&nbsp;<\/p>\n<p>Las pol\u00edticas que gu\u00edan nuestro comportamiento fomentan que nuestro lugar de trabajo est\u00e9 libre de discriminaci\u00f3n o acoso de cualquier tipo. Esto tambi\u00e9n se refuerza a trav\u00e9s de la formaci\u00f3n y la comunicaci\u00f3n. Natus Sensory cuenta con un sistema de apoyo abierto y s\u00f3lido para que los empleados puedan abordar cualquier problema, preocupaci\u00f3n o queja. Proporcionamos v\u00edas de escalada para la direcci\u00f3n, sistemas de apoyo de Recursos Humanos y una l\u00ednea directa confidencial sobre \u00e9tica supervisada por el Responsable de cumplimiento corporativo.<\/p>\n<p>&nbsp;<\/p>\n<p>Proporcionamos una l\u00ednea directa de denuncia a trav\u00e9s de NAVEX EthicsPoint (v\u00e1lida solo en EE. UU. y Canad\u00e1) \u2014 Tel\u00e9fono: (844) 319-1609 \u2014 Web: <a href=\"https:\/\/natus.ethicspoint.com\/\" target=\"_blank\" rel=\"noopener nofollow\">natus.ethicspoint.com<\/a><\/p>\n"}]}]}}]},"_links":{"self":[{"href":"https:\/\/natussensory.com\/es\/wp-json\/wp\/v2\/pages\/12744","targetHints":{"allow":["GET"]}}],"collection":[{"href":"https:\/\/natussensory.com\/es\/wp-json\/wp\/v2\/pages"}],"about":[{"href":"https:\/\/natussensory.com\/es\/wp-json\/wp\/v2\/types\/page"}],"author":[{"embeddable":true,"href":"https:\/\/natussensory.com\/es\/wp-json\/wp\/v2\/users\/1"}],"replies":[{"embeddable":true,"href":"https:\/\/natussensory.com\/es\/wp-json\/wp\/v2\/comments?post=12744"}],"version-history":[{"count":11,"href":"https:\/\/natussensory.com\/es\/wp-json\/wp\/v2\/pages\/12744\/revisions"}],"predecessor-version":[{"id":27838,"href":"https:\/\/natussensory.com\/es\/wp-json\/wp\/v2\/pages\/12744\/revisions\/27838"}],"up":[{"embeddable":true,"href":"https:\/\/natussensory.com\/es\/wp-json\/wp\/v2\/pages\/11252"}],"wp:attachment":[{"href":"https:\/\/natussensory.com\/es\/wp-json\/wp\/v2\/media?parent=12744"}],"wp:term":[{"taxonomy":"category","embeddable":true,"href":"https:\/\/natussensory.com\/es\/wp-json\/wp\/v2\/categories?post=12744"},{"taxonomy":"post_tag","embeddable":true,"href":"https:\/\/natussensory.com\/es\/wp-json\/wp\/v2\/tags?post=12744"}],"curies":[{"name":"wp","href":"https:\/\/api.w.org\/{rel}","templated":true}]}}