{"id":12456,"date":"2023-08-22T00:13:50","date_gmt":"2023-08-22T00:13:50","guid":{"rendered":"https:\/\/natussensory.com\/sensory\/balance-assessment\/"},"modified":"2026-04-13T12:38:25","modified_gmt":"2026-04-13T12:38:25","slug":"exploracion-vestibular","status":"publish","type":"page","link":"https:\/\/natussensory.com\/es\/productos\/exploracion-vestibular\/","title":{"rendered":"Exploraci\u00f3n Vestibular"},"content":{"rendered":"","protected":false},"excerpt":{"rendered":"","protected":false},"author":1,"featured_media":0,"parent":11803,"menu_order":0,"comment_status":"closed","ping_status":"closed","template":"templates\/page-sensory-solutions-category-landing.php","meta":{"_acf_changed":false,"inline_featured_image":false,"footnotes":""},"categories":[],"tags":[],"class_list":["post-12456","page","type-page","status-publish","hentry"],"acf":{"content_blocks":[{"acf_fc_layout":"spacer","_acfe_flexible_layout_title":null,"_acfe_flexible_toggle":null,"spacer":{"module_options":{"":null,"module_id":"n68592ab6c65d3","module_class":"","module_background_type":"color","module_background_color":"#473089","module_background_image":false,"module_background_video":"","activate_custom_padding":false,"padding_top_desktop":0,"padding_top_tablet":"","padding_top_mobile":"","padding_bottom_desktop":"","padding_bottom_tablet":"","padding_bottom_mobile":"","activate_custom_margin":false,"margin_top_desktop":"","margin_top_tablet":"","margin_top_mobile":"","margin_bottom_desktop":"","margin_bottom_tablet":"","margin_bottom_mobile":"","disable_on":[],"content_alignment_desktop":"left","content_alignment_tablet":"left","content_alignment_mobile":"left"},"height":"160"}},{"acf_fc_layout":"full_width_content","_acfe_flexible_layout_title":null,"_acfe_flexible_toggle":null,"content_full_width_landing":{"module_options":{"":null,"module_id":"n68a820c66a724","module_class":"","module_background_type":"image","module_background_color":"","module_background_image":"https:\/\/natussensory.com\/wp-content\/uploads\/Balance_Assessment_Category_banner.jpg","module_background_video":"","activate_custom_padding":false,"padding_top_desktop":0,"padding_top_tablet":"","padding_top_mobile":"","padding_bottom_desktop":"","padding_bottom_tablet":"","padding_bottom_mobile":"","activate_custom_margin":false,"margin_top_desktop":"","margin_top_tablet":"","margin_top_mobile":"","margin_bottom_desktop":"","margin_bottom_tablet":"","margin_bottom_mobile":"","disable_on":[],"content_alignment_desktop":"left","content_alignment_tablet":"left","content_alignment_mobile":"left"},"activate_custom_container_width":true,"container_width":"1920","content":"<p>&nbsp;<\/p>\n<h1 style=\"padding-left: 80px;\"><span style=\"color: #ffffff;\">Exploraci\u00f3n Vestibular<\/span><\/h1>\n<p>&nbsp;<\/p>\n<p>&nbsp;<\/p>\n<p>&nbsp;<\/p>\n"}},{"acf_fc_layout":"products_filter","_acfe_flexible_layout_title":null,"_acfe_flexible_toggle":null,"neuro_products_filter":{"module_options":{"":null,"module_id":"n65154750a5d8a","module_class":"","module_background_type":"color","module_background_color":"","module_background_image":false,"module_background_video":"","activate_custom_padding":false,"padding_top_desktop":0,"padding_top_tablet":"","padding_top_mobile":"","padding_bottom_desktop":"","padding_bottom_tablet":"","padding_bottom_mobile":"","activate_custom_margin":false,"margin_top_desktop":"","margin_top_tablet":"","margin_top_mobile":"","margin_bottom_desktop":"","margin_bottom_tablet":"","margin_bottom_mobile":"","disable_on":[],"content_alignment_desktop":"left","content_alignment_tablet":"left","content_alignment_mobile":"left"},"products":[{"category_title":"Exploraci\u00f3n Vestibular","subcategories":[{"subcategory_title":"Videonistagmograf\u00eda (VNG)","subcategory_products":[{"label":"Videonistagmograf\u00eda (VNG)","image":{"ID":21302,"id":21302,"title":"ICS-Dizcovery_all-products-link","filename":"ICS-Dizcovery_all-products-link.jpg","filesize":99108,"url":"https:\/\/natussensory.com\/wp-content\/uploads\/ICS-Dizcovery_all-products-link.jpg","link":"https:\/\/natussensory.com\/es\/productos\/exploracion-vestibular\/ics-dizcovery_all-products-link-2\/","alt":"ICS\u00ae Dizcovery: VNG solution with plug & play goggles and unified diagnostic software for VNG, vHIT, & caloric testing.","author":"4","description":"","caption":"","name":"ics-dizcovery_all-products-link-2","status":"inherit","uploaded_to":12456,"date":"2024-08-26 11:15:10","modified":"2025-08-06 13:23:07","menu_order":0,"mime_type":"image\/jpeg","type":"image","subtype":"jpeg","icon":"https:\/\/natussensory.com\/wp-includes\/images\/media\/default.png","width":500,"height":400,"sizes":{"thumbnail":"https:\/\/natussensory.com\/wp-content\/uploads\/ICS-Dizcovery_all-products-link.jpg","thumbnail-width":120,"thumbnail-height":96,"medium":"https:\/\/natussensory.com\/wp-content\/uploads\/ICS-Dizcovery_all-products-link.jpg","medium-width":500,"medium-height":400,"medium_large":"https:\/\/natussensory.com\/wp-content\/uploads\/ICS-Dizcovery_all-products-link.jpg","medium_large-width":500,"medium_large-height":400,"large":"https:\/\/natussensory.com\/wp-content\/uploads\/ICS-Dizcovery_all-products-link.jpg","large-width":500,"large-height":400,"1536x1536":"https:\/\/natussensory.com\/wp-content\/uploads\/ICS-Dizcovery_all-products-link.jpg","1536x1536-width":500,"1536x1536-height":400,"2048x2048":"https:\/\/natussensory.com\/wp-content\/uploads\/ICS-Dizcovery_all-products-link.jpg","2048x2048-width":500,"2048x2048-height":400}},"title":"Sistema VNG con gafas todo en uno, plug and play, punter\u00eda l\u00e1ser patentada, seguimiento binocular de alta velocidad y software modular para pruebas vestibulares integrales.","link":{"type":"post","value":"21712","url":"https:\/\/natussensory.com\/es\/productos\/dizcovery\/","name":"ICS\u00ae Dizcovery &#8211; Videonistagmograf\u00eda","title":"ICS<sup>\u00ae<\/sup> Dizcovery","target":""}}]},{"subcategory_title":"Prueba de Impulso Cef\u00e1lico por Video (vHIT)","subcategory_products":[{"label":"Prueba de Impulso Cef\u00e1lico por Video (vHIT)","image":{"ID":7266,"id":7266,"title":"ICS-Impulse_all-products-link","filename":"ICS-Impulse_all-products-link.jpg","filesize":82066,"url":"https:\/\/natussensory.com\/wp-content\/uploads\/ICS-Impulse_all-products-link.jpg","link":"https:\/\/natussensory.com\/es\/productos\/ics-impulse_all-products-link-2\/","alt":"ICS Impulse Video head impulse test (vHIT)","author":"4","description":"","caption":"","name":"ics-impulse_all-products-link-2","status":"inherit","uploaded_to":11803,"date":"2023-09-26 08:42:53","modified":"2026-04-09 08:27:46","menu_order":0,"mime_type":"image\/jpeg","type":"image","subtype":"jpeg","icon":"https:\/\/natussensory.com\/wp-includes\/images\/media\/default.png","width":500,"height":400,"sizes":{"thumbnail":"https:\/\/natussensory.com\/wp-content\/uploads\/ICS-Impulse_all-products-link.jpg","thumbnail-width":120,"thumbnail-height":96,"medium":"https:\/\/natussensory.com\/wp-content\/uploads\/ICS-Impulse_all-products-link.jpg","medium-width":500,"medium-height":400,"medium_large":"https:\/\/natussensory.com\/wp-content\/uploads\/ICS-Impulse_all-products-link.jpg","medium_large-width":500,"medium_large-height":400,"large":"https:\/\/natussensory.com\/wp-content\/uploads\/ICS-Impulse_all-products-link.jpg","large-width":500,"large-height":400,"1536x1536":"https:\/\/natussensory.com\/wp-content\/uploads\/ICS-Impulse_all-products-link.jpg","1536x1536-width":500,"1536x1536-height":400,"2048x2048":"https:\/\/natussensory.com\/wp-content\/uploads\/ICS-Impulse_all-products-link.jpg","2048x2048-width":500,"2048x2048-height":400}},"title":"Soluci\u00f3n modular para pruebas vestibulares con VNG, vHIT y cal\u00f3ricas precisas, monitoreo de cabeza y an\u00e1lisis detallado del nistagmo.","link":{"type":"post","value":"1918","url":"https:\/\/natussensory.com\/products\/ics-impulse\/","name":"ICS\u00ae Impulse &#8211; Vestibular Testing","title":"ICS<sup>\u00ae<\/sup> Impulse","target":""}}]},{"subcategory_title":"Irrigadores Cal\u00f3ricos","subcategory_products":[{"label":"Irrigadores Cal\u00f3ricos","image":{"ID":7261,"id":7261,"title":"ICS-Aircal_all-products-link","filename":"ICS-Aircal_all-products-link.jpg","filesize":60736,"url":"https:\/\/natussensory.com\/wp-content\/uploads\/ICS-Aircal_all-products-link.jpg","link":"https:\/\/natussensory.com\/es\/productos\/ics-aircal_all-products-link-2\/","alt":"ICS Aircal","author":"4","description":"","caption":"","name":"ics-aircal_all-products-link-2","status":"inherit","uploaded_to":11803,"date":"2023-09-26 08:42:51","modified":"2026-04-09 08:29:40","menu_order":0,"mime_type":"image\/jpeg","type":"image","subtype":"jpeg","icon":"https:\/\/natussensory.com\/wp-includes\/images\/media\/default.png","width":500,"height":400,"sizes":{"thumbnail":"https:\/\/natussensory.com\/wp-content\/uploads\/ICS-Aircal_all-products-link.jpg","thumbnail-width":120,"thumbnail-height":96,"medium":"https:\/\/natussensory.com\/wp-content\/uploads\/ICS-Aircal_all-products-link.jpg","medium-width":500,"medium-height":400,"medium_large":"https:\/\/natussensory.com\/wp-content\/uploads\/ICS-Aircal_all-products-link.jpg","medium_large-width":500,"medium_large-height":400,"large":"https:\/\/natussensory.com\/wp-content\/uploads\/ICS-Aircal_all-products-link.jpg","large-width":500,"large-height":400,"1536x1536":"https:\/\/natussensory.com\/wp-content\/uploads\/ICS-Aircal_all-products-link.jpg","1536x1536-width":500,"1536x1536-height":400,"2048x2048":"https:\/\/natussensory.com\/wp-content\/uploads\/ICS-Aircal_all-products-link.jpg","2048x2048-width":500,"2048x2048-height":400}},"title":"Irrigador cal\u00f3rico port\u00e1til por aire que aplica est\u00edmulos t\u00e9rmicos controlados con temperatura precisa para pruebas vestibulares fiables.","link":{"type":"post","value":"5658","url":"https:\/\/natussensory.com\/products\/ics-aircal\/","name":"ICS\u00ae Aircal &#8211; Caloric Irrigator","title":"ICS<sup>\u00ae<\/sup> Aircal","target":""}}]}]}]}},{"acf_fc_layout":"contact","_acfe_flexible_layout_title":null,"_acfe_flexible_toggle":null,"contact_form_landing":{"module_options":{"":null,"module_id":null,"module_class":"","module_background_type":"","module_background_color":"","module_background_image":false,"module_background_video":"","activate_custom_padding":false,"padding_top_desktop":0,"padding_top_tablet":"","padding_top_mobile":"","padding_bottom_desktop":"","padding_bottom_tablet":"","padding_bottom_mobile":"","activate_custom_margin":false,"margin_top_desktop":"","margin_top_tablet":"","margin_top_mobile":"","margin_bottom_desktop":"","margin_bottom_tablet":"","margin_bottom_mobile":"","disable_on":[],"content_alignment_desktop":false,"content_alignment_tablet":false,"content_alignment_mobile":false},"":null,"activate_intro":false,"intro_text":"","intro_text_color":"","intro_link":null,"activate_description":false,"description_title":"","description_copy":"","embed_code":""}},{"acf_fc_layout":"education","_acfe_flexible_layout_title":null,"_acfe_flexible_toggle":null,"left_image_right_content_multi_ctas_landing":{"module_options":{"":null,"module_id":"n6514ac9bc497a","module_class":"","module_background_type":"color","module_background_color":"","module_background_image":false,"module_background_video":"","activate_custom_padding":false,"padding_top_desktop":0,"padding_top_tablet":"","padding_top_mobile":"","padding_bottom_desktop":"","padding_bottom_tablet":"","padding_bottom_mobile":"","activate_custom_margin":false,"margin_top_desktop":"","margin_top_tablet":"","margin_top_mobile":"","margin_bottom_desktop":"","margin_bottom_tablet":"","margin_bottom_mobile":"","disable_on":[],"content_alignment_desktop":"left","content_alignment_tablet":"left","content_alignment_mobile":"left"},"image":{"ID":7368,"id":7368,"title":"HBA_spot","filename":"HBA_spot-e1710924648547.jpg","filesize":216983,"url":"https:\/\/natussensory.com\/wp-content\/uploads\/HBA_spot-e1710924648547.jpg","link":"https:\/\/natussensory.com\/es\/productos\/evaluacion-auditiva\/hba_spot-2\/","alt":"","author":"4","description":"","caption":"","name":"hba_spot-2","status":"inherit","uploaded_to":12442,"date":"2023-09-26 12:33:06","modified":"2023-09-26 12:33:06","menu_order":0,"mime_type":"image\/jpeg","type":"image","subtype":"jpeg","icon":"https:\/\/natussensory.com\/wp-includes\/images\/media\/default.png","width":800,"height":450,"sizes":{"thumbnail":"https:\/\/natussensory.com\/wp-content\/uploads\/HBA_spot-e1710924648547.jpg","thumbnail-width":128,"thumbnail-height":72,"medium":"https:\/\/natussensory.com\/wp-content\/uploads\/HBA_spot-e1710924648547.jpg","medium-width":800,"medium-height":450,"medium_large":"https:\/\/natussensory.com\/wp-content\/uploads\/HBA_spot-768x432.jpg","medium_large-width":768,"medium_large-height":432,"large":"https:\/\/natussensory.com\/wp-content\/uploads\/HBA_spot-e1710924648547.jpg","large-width":800,"large-height":450,"1536x1536":"https:\/\/natussensory.com\/wp-content\/uploads\/HBA_spot-e1710924648547.jpg","1536x1536-width":800,"1536x1536-height":450,"2048x2048":"https:\/\/natussensory.com\/wp-content\/uploads\/HBA_spot-e1710924648547.jpg","2048x2048-width":800,"2048x2048-height":450}},"label":"Formaci\u00f3n","title":"Hearing & Balance Academy","description":"La Academia de Audici\u00f3n y Equilibrio de Natus explora los \u00faltimos avances tecnol\u00f3gicos y cient\u00edficos en evaluaci\u00f3n y detecci\u00f3n auditiva, adaptaci\u00f3n de aud\u00edfonos y evaluaci\u00f3n del equilibrio. <br \/>\r\n<br \/>\r\nLa membres\u00eda es GRATUITA e incluye acceso a seminarios electr\u00f3nicos en vivo, oportunidades de aprendizaje on-demand y recursos expertos de Lideres de Opini\u00f3n. ","links":[{"link":{"type":"url","value":"https:\/\/hearing-balance.academy\/","url":"https:\/\/hearing-balance.academy\/","name":"https:\/\/hearing-balance.academy\/","title":"Aprenda M\u00e1s","target":"_blank"}}]}}]},"_links":{"self":[{"href":"https:\/\/natussensory.com\/es\/wp-json\/wp\/v2\/pages\/12456","targetHints":{"allow":["GET"]}}],"collection":[{"href":"https:\/\/natussensory.com\/es\/wp-json\/wp\/v2\/pages"}],"about":[{"href":"https:\/\/natussensory.com\/es\/wp-json\/wp\/v2\/types\/page"}],"author":[{"embeddable":true,"href":"https:\/\/natussensory.com\/es\/wp-json\/wp\/v2\/users\/1"}],"replies":[{"embeddable":true,"href":"https:\/\/natussensory.com\/es\/wp-json\/wp\/v2\/comments?post=12456"}],"version-history":[{"count":11,"href":"https:\/\/natussensory.com\/es\/wp-json\/wp\/v2\/pages\/12456\/revisions"}],"predecessor-version":[{"id":28876,"href":"https:\/\/natussensory.com\/es\/wp-json\/wp\/v2\/pages\/12456\/revisions\/28876"}],"up":[{"embeddable":true,"href":"https:\/\/natussensory.com\/es\/wp-json\/wp\/v2\/pages\/11803"}],"wp:attachment":[{"href":"https:\/\/natussensory.com\/es\/wp-json\/wp\/v2\/media?parent=12456"}],"wp:term":[{"taxonomy":"category","embeddable":true,"href":"https:\/\/natussensory.com\/es\/wp-json\/wp\/v2\/categories?post=12456"},{"taxonomy":"post_tag","embeddable":true,"href":"https:\/\/natussensory.com\/es\/wp-json\/wp\/v2\/tags?post=12456"}],"curies":[{"name":"wp","href":"https:\/\/api.w.org\/{rel}","templated":true}]}}