{"id":12452,"date":"2023-08-22T00:13:15","date_gmt":"2023-08-22T00:13:15","guid":{"rendered":"https:\/\/natussensory.com\/sensory\/hearing-screening\/"},"modified":"2026-04-13T12:40:37","modified_gmt":"2026-04-13T12:40:37","slug":"tamizaje-auditivo","status":"publish","type":"page","link":"https:\/\/natussensory.com\/es\/productos\/tamizaje-auditivo\/","title":{"rendered":"Tamizaje Auditivo"},"content":{"rendered":"","protected":false},"excerpt":{"rendered":"","protected":false},"author":1,"featured_media":0,"parent":11803,"menu_order":0,"comment_status":"closed","ping_status":"closed","template":"templates\/page-sensory-solutions-category-landing.php","meta":{"_acf_changed":false,"inline_featured_image":false,"footnotes":""},"categories":[],"tags":[],"class_list":["post-12452","page","type-page","status-publish","hentry"],"acf":{"content_blocks":[{"acf_fc_layout":"spacer","_acfe_flexible_layout_title":null,"_acfe_flexible_toggle":null,"spacer":{"module_options":{"":null,"module_id":"n68592ab6c65d3","module_class":"","module_background_type":"color","module_background_color":"#473089","module_background_image":false,"module_background_video":"","activate_custom_padding":false,"padding_top_desktop":0,"padding_top_tablet":"","padding_top_mobile":"","padding_bottom_desktop":"","padding_bottom_tablet":"","padding_bottom_mobile":"","activate_custom_margin":false,"margin_top_desktop":"","margin_top_tablet":"","margin_top_mobile":"","margin_bottom_desktop":"","margin_bottom_tablet":"","margin_bottom_mobile":"","disable_on":[],"content_alignment_desktop":"left","content_alignment_tablet":"left","content_alignment_mobile":"left"},"height":"160"}},{"acf_fc_layout":"full_width_content","_acfe_flexible_layout_title":null,"_acfe_flexible_toggle":null,"content_full_width_landing":{"module_options":{"":null,"module_id":"n68a820c66a724","module_class":"","module_background_type":"image","module_background_color":"","module_background_image":"https:\/\/natussensory.com\/wp-content\/uploads\/Infant_Hearing-Screening_Category_banner.jpg","module_background_video":"","activate_custom_padding":false,"padding_top_desktop":"30","padding_top_tablet":"20","padding_top_mobile":"20","padding_bottom_desktop":"0","padding_bottom_tablet":"0","padding_bottom_mobile":"0","activate_custom_margin":false,"margin_top_desktop":"","margin_top_tablet":"","margin_top_mobile":"","margin_bottom_desktop":"","margin_bottom_tablet":"","margin_bottom_mobile":"","disable_on":[],"content_alignment_desktop":"left","content_alignment_tablet":"left","content_alignment_mobile":"left"},"activate_custom_container_width":true,"container_width":"1920","content":"<p>&nbsp;<\/p>\n<h1 style=\"padding-left: 80px;\"><span style=\"color: #ffffff;\">Tamizaje Auditivo<\/span><\/h1>\n"}},{"acf_fc_layout":"products_filter","_acfe_flexible_layout_title":null,"_acfe_flexible_toggle":null,"neuro_products_filter":{"module_options":{"":null,"module_id":"n65154750a5d8a","module_class":"","module_background_type":"color","module_background_color":"","module_background_image":false,"module_background_video":"","activate_custom_padding":false,"padding_top_desktop":0,"padding_top_tablet":"","padding_top_mobile":"","padding_bottom_desktop":"","padding_bottom_tablet":"","padding_bottom_mobile":"","activate_custom_margin":false,"margin_top_desktop":"","margin_top_tablet":"","margin_top_mobile":"","margin_bottom_desktop":"","margin_bottom_tablet":"","margin_bottom_mobile":"","disable_on":[],"content_alignment_desktop":"left","content_alignment_tablet":"left","content_alignment_mobile":"left"},"products":[{"category_title":"Tamizaje Auditivo","subcategories":[{"subcategory_title":"AABR Tamizaje Auditivo Neonatal","subcategory_products":[{"label":"AABR Tamizaje Auditivo Neonatal","image":{"ID":20748,"id":20748,"title":"Algo-Pro_all-products-link","filename":"Algo-Pro_all-products-link.jpg","filesize":44304,"url":"https:\/\/natussensory.com\/wp-content\/uploads\/Algo-Pro_all-products-link.jpg","link":"https:\/\/natussensory.com\/es\/productos\/tamizaje-auditivo\/algo-pro_all-products-link-2\/","alt":"ALGO\u00ae Pro Newborn hearing screening","author":"4","description":"","caption":"","name":"algo-pro_all-products-link-2","status":"inherit","uploaded_to":12452,"date":"2024-07-04 12:02:50","modified":"2024-08-20 11:44:08","menu_order":0,"mime_type":"image\/jpeg","type":"image","subtype":"jpeg","icon":"https:\/\/natussensory.com\/wp-includes\/images\/media\/default.png","width":500,"height":400,"sizes":{"thumbnail":"https:\/\/natussensory.com\/wp-content\/uploads\/Algo-Pro_all-products-link.jpg","thumbnail-width":120,"thumbnail-height":96,"medium":"https:\/\/natussensory.com\/wp-content\/uploads\/Algo-Pro_all-products-link.jpg","medium-width":500,"medium-height":400,"medium_large":"https:\/\/natussensory.com\/wp-content\/uploads\/Algo-Pro_all-products-link.jpg","medium_large-width":500,"medium_large-height":400,"large":"https:\/\/natussensory.com\/wp-content\/uploads\/Algo-Pro_all-products-link.jpg","large-width":500,"large-height":400,"1536x1536":"https:\/\/natussensory.com\/wp-content\/uploads\/Algo-Pro_all-products-link.jpg","1536x1536-width":500,"1536x1536-height":400,"2048x2048":"https:\/\/natussensory.com\/wp-content\/uploads\/Algo-Pro_all-products-link.jpg","2048x2048-width":500,"2048x2048-height":400}},"title":"Tamizaje AABR automatizado con detecci\u00f3n binomial, alta precisi\u00f3n, modos flexibles, funcionamiento inal\u00e1mbrico, pantalla t\u00e1ctil y manejo seguro de datos.","link":{"type":"post","value":"20521","url":"https:\/\/natussensory.com\/products\/algo-pro\/","name":"ALGO\u00ae Pro Newborn Hearing Screener","title":"ALGO<sup>\u00ae<\/sup> Pro","target":""}},{"label":"AABR Tamizaje Auditivo Neonatal","image":{"ID":7251,"id":7251,"title":"Algo7i_all-products-link","filename":"Algo7i_all-products-link.jpg","filesize":42658,"url":"https:\/\/natussensory.com\/wp-content\/uploads\/Algo7i_all-products-link.jpg","link":"https:\/\/natussensory.com\/es\/productos\/algo7i_all-products-link-2\/","alt":"Algo7i","author":"4","description":"","caption":"","name":"algo7i_all-products-link-2","status":"inherit","uploaded_to":11803,"date":"2023-09-26 08:35:40","modified":"2025-08-06 14:10:05","menu_order":0,"mime_type":"image\/jpeg","type":"image","subtype":"jpeg","icon":"https:\/\/natussensory.com\/wp-includes\/images\/media\/default.png","width":500,"height":400,"sizes":{"thumbnail":"https:\/\/natussensory.com\/wp-content\/uploads\/Algo7i_all-products-link.jpg","thumbnail-width":120,"thumbnail-height":96,"medium":"https:\/\/natussensory.com\/wp-content\/uploads\/Algo7i_all-products-link.jpg","medium-width":500,"medium-height":400,"medium_large":"https:\/\/natussensory.com\/wp-content\/uploads\/Algo7i_all-products-link.jpg","medium_large-width":500,"medium_large-height":400,"large":"https:\/\/natussensory.com\/wp-content\/uploads\/Algo7i_all-products-link.jpg","large-width":500,"large-height":400,"1536x1536":"https:\/\/natussensory.com\/wp-content\/uploads\/Algo7i_all-products-link.jpg","1536x1536-width":500,"1536x1536-height":400,"2048x2048":"https:\/\/natussensory.com\/wp-content\/uploads\/Algo7i_all-products-link.jpg","2048x2048-width":500,"2048x2048-height":400}},"title":"Cribador AABR automatizado y compacto con detecci\u00f3n binomial, uso inal\u00e1mbrico, pantalla t\u00e1ctil y modos de cribado flexibles.","link":{"type":"post","value":"4205","url":"https:\/\/natussensory.com\/products\/algo-7i\/","name":"ALGO\u00ae 7i Newborn Hearing Screener","title":"ALGO<sup>\u00ae<\/sup> 7i","target":""}}]},{"subcategory_title":"Dispositivos de Tamizaje OAE\/ABR","subcategory_products":[{"label":"Dispositivos de Tamizaje OAE\/ABR","image":{"ID":7236,"id":7236,"title":"Madsen-Accuscreen_all-products-link","filename":"Madsen-Accuscreen_all-products-link.jpg","filesize":48019,"url":"https:\/\/natussensory.com\/wp-content\/uploads\/Madsen-Accuscreen_all-products-link.jpg","link":"https:\/\/natussensory.com\/es\/productos\/madsen-accuscreen_all-products-link-2\/","alt":"Madsen Accuscreen OAE \/ ABR screener","author":"4","description":"","caption":"","name":"madsen-accuscreen_all-products-link-2","status":"inherit","uploaded_to":11803,"date":"2023-09-26 08:35:35","modified":"2026-04-09 08:33:51","menu_order":0,"mime_type":"image\/jpeg","type":"image","subtype":"jpeg","icon":"https:\/\/natussensory.com\/wp-includes\/images\/media\/default.png","width":500,"height":400,"sizes":{"thumbnail":"https:\/\/natussensory.com\/wp-content\/uploads\/Madsen-Accuscreen_all-products-link.jpg","thumbnail-width":120,"thumbnail-height":96,"medium":"https:\/\/natussensory.com\/wp-content\/uploads\/Madsen-Accuscreen_all-products-link.jpg","medium-width":500,"medium-height":400,"medium_large":"https:\/\/natussensory.com\/wp-content\/uploads\/Madsen-Accuscreen_all-products-link.jpg","medium_large-width":500,"medium_large-height":400,"large":"https:\/\/natussensory.com\/wp-content\/uploads\/Madsen-Accuscreen_all-products-link.jpg","large-width":500,"large-height":400,"1536x1536":"https:\/\/natussensory.com\/wp-content\/uploads\/Madsen-Accuscreen_all-products-link.jpg","1536x1536-width":500,"1536x1536-height":400,"2048x2048":"https:\/\/natussensory.com\/wp-content\/uploads\/Madsen-Accuscreen_all-products-link.jpg","2048x2048-width":500,"2048x2048-height":400}},"title":"Tamizador OEA\/ABR port\u00e1til con pruebas binaurales simult\u00e1neas r\u00e1pidas, configuraciones personalizables y gesti\u00f3n de datos integrada.","link":{"type":"post","value":"4633","url":"https:\/\/natussensory.com\/products\/madsen-accuscreen\/","name":"Madsen\u00ae Accuscreen\u00ae &#8211; Newborn Hearing Screener","title":"Madsen<sup>\u00ae<\/sup> Accuscreen<sup>\u00ae<\/sup>","target":""}},{"label":"Dispositivos de Tamizaje OAE\/ABR","image":{"ID":7231,"id":7231,"title":"AuDX_all-products-link","filename":"AuDX_all-products-link.jpg","filesize":49231,"url":"https:\/\/natussensory.com\/wp-content\/uploads\/AuDX_all-products-link.jpg","link":"https:\/\/natussensory.com\/es\/productos\/audx_all-products-link-2\/","alt":" OAE \/ ABR Screener","author":"4","description":"","caption":"","name":"audx_all-products-link-2","status":"inherit","uploaded_to":11803,"date":"2023-09-26 08:35:33","modified":"2026-04-09 08:37:21","menu_order":0,"mime_type":"image\/jpeg","type":"image","subtype":"jpeg","icon":"https:\/\/natussensory.com\/wp-includes\/images\/media\/default.png","width":500,"height":400,"sizes":{"thumbnail":"https:\/\/natussensory.com\/wp-content\/uploads\/AuDX_all-products-link.jpg","thumbnail-width":120,"thumbnail-height":96,"medium":"https:\/\/natussensory.com\/wp-content\/uploads\/AuDX_all-products-link.jpg","medium-width":500,"medium-height":400,"medium_large":"https:\/\/natussensory.com\/wp-content\/uploads\/AuDX_all-products-link.jpg","medium_large-width":500,"medium_large-height":400,"large":"https:\/\/natussensory.com\/wp-content\/uploads\/AuDX_all-products-link.jpg","large-width":500,"large-height":400,"1536x1536":"https:\/\/natussensory.com\/wp-content\/uploads\/AuDX_all-products-link.jpg","1536x1536-width":500,"1536x1536-height":400,"2048x2048":"https:\/\/natussensory.com\/wp-content\/uploads\/AuDX_all-products-link.jpg","2048x2048-width":500,"2048x2048-height":400}},"title":"Tamizador OEA de doble frecuencia con pruebas binaurales simult\u00e1neas, modo infantil y configurable para OEA y audiometr\u00eda de tonos puros.","link":{"type":"post","value":"4616","url":"https:\/\/natussensory.com\/products\/audx\/","name":"Bio-logic AuDX &#8211; OAE Hearing Screener","title":"Bio-logic<sup>\u00ae<\/sup> AuDX<sup>\u00ae<\/sup>","target":""}}]}]}]}},{"acf_fc_layout":"contact","_acfe_flexible_layout_title":null,"_acfe_flexible_toggle":null,"contact_form_landing":{"module_options":{"":null,"module_id":null,"module_class":"","module_background_type":"","module_background_color":"","module_background_image":false,"module_background_video":"","activate_custom_padding":false,"padding_top_desktop":0,"padding_top_tablet":"","padding_top_mobile":"","padding_bottom_desktop":"","padding_bottom_tablet":"","padding_bottom_mobile":"","activate_custom_margin":false,"margin_top_desktop":"","margin_top_tablet":"","margin_top_mobile":"","margin_bottom_desktop":"","margin_bottom_tablet":"","margin_bottom_mobile":"","disable_on":[],"content_alignment_desktop":false,"content_alignment_tablet":false,"content_alignment_mobile":false},"":null,"activate_intro":false,"intro_text":"","intro_text_color":"","intro_link":null,"activate_description":false,"description_title":"","description_copy":"","embed_code":""}},{"acf_fc_layout":"education","_acfe_flexible_layout_title":null,"_acfe_flexible_toggle":null,"left_image_right_content_multi_ctas_landing":{"module_options":{"":null,"module_id":"n65155bcc5fa4d","module_class":"","module_background_type":"color","module_background_color":"rgba(255,0,0,0)","module_background_image":false,"module_background_video":"","activate_custom_padding":false,"padding_top_desktop":0,"padding_top_tablet":"","padding_top_mobile":"","padding_bottom_desktop":"","padding_bottom_tablet":"","padding_bottom_mobile":"","activate_custom_margin":false,"margin_top_desktop":"","margin_top_tablet":"","margin_top_mobile":"","margin_bottom_desktop":"","margin_bottom_tablet":"","margin_bottom_mobile":"","disable_on":[],"content_alignment_desktop":"left","content_alignment_tablet":"left","content_alignment_mobile":"left"},"image":{"ID":7336,"id":7336,"title":"Education_spot","filename":"Education_spot.jpg","filesize":250797,"url":"https:\/\/natussensory.com\/wp-content\/uploads\/Education_spot.jpg","link":"https:\/\/natussensory.com\/es\/productos\/education_spot-2\/","alt":"","author":"4","description":"","caption":"","name":"education_spot-2","status":"inherit","uploaded_to":11803,"date":"2023-09-26 10:17:46","modified":"2023-09-26 10:17:46","menu_order":0,"mime_type":"image\/jpeg","type":"image","subtype":"jpeg","icon":"https:\/\/natussensory.com\/wp-includes\/images\/media\/default.png","width":800,"height":450,"sizes":{"thumbnail":"https:\/\/natussensory.com\/wp-content\/uploads\/Education_spot.jpg","thumbnail-width":128,"thumbnail-height":72,"medium":"https:\/\/natussensory.com\/wp-content\/uploads\/Education_spot.jpg","medium-width":800,"medium-height":450,"medium_large":"https:\/\/natussensory.com\/wp-content\/uploads\/Education_spot-768x432.jpg","medium_large-width":768,"medium_large-height":432,"large":"https:\/\/natussensory.com\/wp-content\/uploads\/Education_spot.jpg","large-width":800,"large-height":450,"1536x1536":"https:\/\/natussensory.com\/wp-content\/uploads\/Education_spot.jpg","1536x1536-width":800,"1536x1536-height":450,"2048x2048":"https:\/\/natussensory.com\/wp-content\/uploads\/Education_spot.jpg","2048x2048-width":800,"2048x2048-height":450}},"label":"Formaci\u00f3n","title":"Sensory Academia","description":"Proporcionar conocimiento experto, experiencia cl\u00ednica y educaci\u00f3n avanzada, sea cual sea su funci\u00f3n, donde sea que trabaje.","links":[{"link":{"type":"url","value":"https:\/\/hearing-balance.academy\/","url":"https:\/\/hearing-balance.academy\/","name":"https:\/\/hearing-balance.academy\/","title":"Hearing & Balance Academy","target":"_blank"}},{"link":{"type":"url","value":"https:\/\/neonatalcareacademy.com\/","url":"https:\/\/neonatalcareacademy.com\/","name":"https:\/\/neonatalcareacademy.com\/","title":"Neonatal Care Academy","target":"_blank"}},{"link":{"type":"url","value":"https:\/\/vision-care.academy\/","url":"https:\/\/vision-care.academy\/","name":"https:\/\/vision-care.academy\/","title":"Vision Care Academy","target":"_blank"}}]}}]},"_links":{"self":[{"href":"https:\/\/natussensory.com\/es\/wp-json\/wp\/v2\/pages\/12452","targetHints":{"allow":["GET"]}}],"collection":[{"href":"https:\/\/natussensory.com\/es\/wp-json\/wp\/v2\/pages"}],"about":[{"href":"https:\/\/natussensory.com\/es\/wp-json\/wp\/v2\/types\/page"}],"author":[{"embeddable":true,"href":"https:\/\/natussensory.com\/es\/wp-json\/wp\/v2\/users\/1"}],"replies":[{"embeddable":true,"href":"https:\/\/natussensory.com\/es\/wp-json\/wp\/v2\/comments?post=12452"}],"version-history":[{"count":11,"href":"https:\/\/natussensory.com\/es\/wp-json\/wp\/v2\/pages\/12452\/revisions"}],"predecessor-version":[{"id":28878,"href":"https:\/\/natussensory.com\/es\/wp-json\/wp\/v2\/pages\/12452\/revisions\/28878"}],"up":[{"embeddable":true,"href":"https:\/\/natussensory.com\/es\/wp-json\/wp\/v2\/pages\/11803"}],"wp:attachment":[{"href":"https:\/\/natussensory.com\/es\/wp-json\/wp\/v2\/media?parent=12452"}],"wp:term":[{"taxonomy":"category","embeddable":true,"href":"https:\/\/natussensory.com\/es\/wp-json\/wp\/v2\/categories?post=12452"},{"taxonomy":"post_tag","embeddable":true,"href":"https:\/\/natussensory.com\/es\/wp-json\/wp\/v2\/tags?post=12452"}],"curies":[{"name":"wp","href":"https:\/\/api.w.org\/{rel}","templated":true}]}}