{"id":12446,"date":"2023-08-22T00:12:35","date_gmt":"2023-08-22T00:12:35","guid":{"rendered":"https:\/\/natussensory.com\/sensory\/hearing-aid-fitting\/"},"modified":"2026-04-13T12:36:44","modified_gmt":"2026-04-13T12:36:44","slug":"adaptacion-de-audifonos","status":"publish","type":"page","link":"https:\/\/natussensory.com\/es\/productos\/adaptacion-de-audifonos\/","title":{"rendered":"Adaptaci\u00f3n de Aud\u00edfonos"},"content":{"rendered":"","protected":false},"excerpt":{"rendered":"","protected":false},"author":1,"featured_media":0,"parent":11803,"menu_order":0,"comment_status":"closed","ping_status":"closed","template":"templates\/page-sensory-solutions-category-landing.php","meta":{"_acf_changed":false,"inline_featured_image":false,"footnotes":""},"categories":[311],"tags":[],"class_list":["post-12446","page","type-page","status-publish","hentry","category-adaptacion-de-audifonos"],"acf":{"content_blocks":[{"acf_fc_layout":"spacer","_acfe_flexible_layout_title":null,"_acfe_flexible_toggle":null,"spacer":{"module_options":{"":null,"module_id":"n68592ab6c65d3","module_class":"","module_background_type":"color","module_background_color":"#473089","module_background_image":false,"module_background_video":"","activate_custom_padding":false,"padding_top_desktop":0,"padding_top_tablet":"","padding_top_mobile":"","padding_bottom_desktop":"","padding_bottom_tablet":"","padding_bottom_mobile":"","activate_custom_margin":false,"margin_top_desktop":"","margin_top_tablet":"","margin_top_mobile":"","margin_bottom_desktop":"","margin_bottom_tablet":"","margin_bottom_mobile":"","disable_on":[],"content_alignment_desktop":"left","content_alignment_tablet":"left","content_alignment_mobile":"left"},"height":"160"}},{"acf_fc_layout":"full_width_content","_acfe_flexible_layout_title":null,"_acfe_flexible_toggle":null,"content_full_width_landing":{"module_options":{"":null,"module_id":"n68a820c66a724","module_class":"","module_background_type":"image","module_background_color":"","module_background_image":"https:\/\/natussensory.com\/wp-content\/uploads\/Category_Fitting.jpg","module_background_video":"","activate_custom_padding":false,"padding_top_desktop":"30","padding_top_tablet":"20","padding_top_mobile":"20","padding_bottom_desktop":"0","padding_bottom_tablet":"0","padding_bottom_mobile":"0","activate_custom_margin":false,"margin_top_desktop":"","margin_top_tablet":"","margin_top_mobile":"","margin_bottom_desktop":"","margin_bottom_tablet":"","margin_bottom_mobile":"","disable_on":[],"content_alignment_desktop":"left","content_alignment_tablet":"left","content_alignment_mobile":"left"},"activate_custom_container_width":false,"container_width":"","content":"<p>\u00a0<\/p>\n<p>\u00a0<\/p>\n<p>\u00a0<\/p>\n<p>\u00a0<\/p>\n<p>\u00a0<\/p>\n<p>\u00a0<\/p>\n<p>\u00a0<\/p>\n<p>\u00a0<\/p>\n<p>\u00a0<\/p>\n"}},{"acf_fc_layout":"full_width_content","_acfe_flexible_layout_title":null,"_acfe_flexible_toggle":null,"content_full_width_landing":{"module_options":{"":null,"module_id":"n689dc1510fd9c","module_class":"","module_background_type":"color","module_background_color":"","module_background_image":false,"module_background_video":"","activate_custom_padding":true,"padding_top_desktop":"30","padding_top_tablet":"20","padding_top_mobile":"20","padding_bottom_desktop":"0","padding_bottom_tablet":"0","padding_bottom_mobile":"0","activate_custom_margin":false,"margin_top_desktop":"","margin_top_tablet":"","margin_top_mobile":"","margin_bottom_desktop":"","margin_bottom_tablet":"","margin_bottom_mobile":"","disable_on":[],"content_alignment_desktop":"left","content_alignment_tablet":"left","content_alignment_mobile":"left"},"activate_custom_container_width":false,"container_width":"","content":"<h1>Adaptaci\u00f3n de Aud\u00edfonos<\/h1>\n<p>&nbsp;<\/p>\n"}},{"acf_fc_layout":"products_filter","_acfe_flexible_layout_title":null,"_acfe_flexible_toggle":null,"neuro_products_filter":{"module_options":{"":null,"module_id":"n65154750a5d8a","module_class":"","module_background_type":"color","module_background_color":"","module_background_image":false,"module_background_video":"","activate_custom_padding":false,"padding_top_desktop":0,"padding_top_tablet":"","padding_top_mobile":"","padding_bottom_desktop":"","padding_bottom_tablet":"","padding_bottom_mobile":"","activate_custom_margin":false,"margin_top_desktop":"","margin_top_tablet":"","margin_top_mobile":"","margin_bottom_desktop":"","margin_bottom_tablet":"","margin_bottom_mobile":"","disable_on":[],"content_alignment_desktop":"left","content_alignment_tablet":"left","content_alignment_mobile":"left"},"products":[{"category_title":"Adaptaci\u00f3n de Aud\u00edfonos","subcategories":[{"subcategory_title":"Escaneo Digital de O\u00eddo","subcategory_products":[{"label":"Escaneo Digital de O\u00eddo","image":{"ID":7220,"id":7220,"title":"Otoscan_all-products-link","filename":"Otoscan_all-products-link.jpg","filesize":72101,"url":"https:\/\/natussensory.com\/wp-content\/uploads\/Otoscan_all-products-link.jpg","link":"https:\/\/natussensory.com\/es\/productos\/otoscan_all-products-link-2\/","alt":"Otoscan digital ear scanning","author":"4","description":"","caption":"","name":"otoscan_all-products-link-2","status":"inherit","uploaded_to":11803,"date":"2023-09-26 07:35:51","modified":"2026-04-09 08:22:50","menu_order":0,"mime_type":"image\/jpeg","type":"image","subtype":"jpeg","icon":"https:\/\/natussensory.com\/wp-includes\/images\/media\/default.png","width":500,"height":400,"sizes":{"thumbnail":"https:\/\/natussensory.com\/wp-content\/uploads\/Otoscan_all-products-link.jpg","thumbnail-width":120,"thumbnail-height":96,"medium":"https:\/\/natussensory.com\/wp-content\/uploads\/Otoscan_all-products-link.jpg","medium-width":500,"medium-height":400,"medium_large":"https:\/\/natussensory.com\/wp-content\/uploads\/Otoscan_all-products-link.jpg","medium_large-width":500,"medium_large-height":400,"large":"https:\/\/natussensory.com\/wp-content\/uploads\/Otoscan_all-products-link.jpg","large-width":500,"large-height":400,"1536x1536":"https:\/\/natussensory.com\/wp-content\/uploads\/Otoscan_all-products-link.jpg","1536x1536-width":500,"1536x1536-height":400,"2048x2048":"https:\/\/natussensory.com\/wp-content\/uploads\/Otoscan_all-products-link.jpg","2048x2048-width":500,"2048x2048-height":400}},"title":"Soluci\u00f3n de escaneo digital 3D del o\u00eddo para impresiones precisas, menor tasa de rehacer y flujos de trabajo eficientes en la atenci\u00f3n auditiva personalizada.","link":{"type":"post","value":"4942","url":"https:\/\/natussensory.com\/products\/otoscan\/","name":"Otoscan\u00ae \u2013 3D Ear Scanning Solution","title":"Otoscan<sup>\u00ae<\/sup>","target":""}}]},{"subcategory_title":"Sistema de Adaptaci\u00f3n","subcategory_products":[{"label":"Sistema de Adaptaci\u00f3n","image":{"ID":7225,"id":7225,"title":"Aurical_all-products-link","filename":"Aurical_all-products-link.jpg","filesize":93953,"url":"https:\/\/natussensory.com\/wp-content\/uploads\/Aurical_all-products-link.jpg","link":"https:\/\/natussensory.com\/es\/productos\/aurical_all-products-link-2\/","alt":"","author":"4","description":"","caption":"","name":"aurical_all-products-link-2","status":"inherit","uploaded_to":11803,"date":"2023-09-26 07:35:53","modified":"2023-09-26 07:35:53","menu_order":0,"mime_type":"image\/jpeg","type":"image","subtype":"jpeg","icon":"https:\/\/natussensory.com\/wp-includes\/images\/media\/default.png","width":500,"height":400,"sizes":{"thumbnail":"https:\/\/natussensory.com\/wp-content\/uploads\/Aurical_all-products-link.jpg","thumbnail-width":120,"thumbnail-height":96,"medium":"https:\/\/natussensory.com\/wp-content\/uploads\/Aurical_all-products-link.jpg","medium-width":500,"medium-height":400,"medium_large":"https:\/\/natussensory.com\/wp-content\/uploads\/Aurical_all-products-link.jpg","medium_large-width":500,"medium_large-height":400,"large":"https:\/\/natussensory.com\/wp-content\/uploads\/Aurical_all-products-link.jpg","large-width":500,"large-height":400,"1536x1536":"https:\/\/natussensory.com\/wp-content\/uploads\/Aurical_all-products-link.jpg","1536x1536-width":500,"1536x1536-height":400,"2048x2048":"https:\/\/natussensory.com\/wp-content\/uploads\/Aurical_all-products-link.jpg","2048x2048-width":500,"2048x2048-height":400}},"title":"Sistema modular de adaptaci\u00f3n de aud\u00edfonos con PMM binaural inal\u00e1mbrico, audi\u00f3metro integrado, c\u00e1mara de pruebas HIT y Hi-Pro\u00ae 2 incorporado.","link":{"type":"post","value":"9508","url":"https:\/\/natussensory.com\/fr\/produits\/aurical\/","name":"Aurical &#8211; Syst\u00e8me d\u2019adaptation auditive","title":"Aurical<sup>\u00ae<\/sup>","target":""}},{"label":"Sistema de Adaptaci\u00f3n","image":{"ID":7200,"id":7200,"title":"Aurical-freefit_all-products-link","filename":"Aurical-freefit_all-products-link.jpg","filesize":160752,"url":"https:\/\/natussensory.com\/wp-content\/uploads\/Aurical-freefit_all-products-link.jpg","link":"https:\/\/natussensory.com\/es\/productos\/aurical-freefit_all-products-link-2\/","alt":"","author":"4","description":"","caption":"","name":"aurical-freefit_all-products-link-2","status":"inherit","uploaded_to":11803,"date":"2023-09-26 07:35:42","modified":"2023-09-26 07:35:42","menu_order":0,"mime_type":"image\/jpeg","type":"image","subtype":"jpeg","icon":"https:\/\/natussensory.com\/wp-includes\/images\/media\/default.png","width":500,"height":400,"sizes":{"thumbnail":"https:\/\/natussensory.com\/wp-content\/uploads\/Aurical-freefit_all-products-link.jpg","thumbnail-width":120,"thumbnail-height":96,"medium":"https:\/\/natussensory.com\/wp-content\/uploads\/Aurical-freefit_all-products-link.jpg","medium-width":500,"medium-height":400,"medium_large":"https:\/\/natussensory.com\/wp-content\/uploads\/Aurical-freefit_all-products-link.jpg","medium_large-width":500,"medium_large-height":400,"large":"https:\/\/natussensory.com\/wp-content\/uploads\/Aurical-freefit_all-products-link.jpg","large-width":500,"large-height":400,"1536x1536":"https:\/\/natussensory.com\/wp-content\/uploads\/Aurical-freefit_all-products-link.jpg","1536x1536-width":500,"1536x1536-height":400,"2048x2048":"https:\/\/natussensory.com\/wp-content\/uploads\/Aurical-freefit_all-products-link.jpg","2048x2048-width":500,"2048x2048-height":400}},"title":"Sistema REM inal\u00e1mbrico con PMM binaural, colocaci\u00f3n guiada de la sonda y integraci\u00f3n autom\u00e1tica con el software de adaptaci\u00f3n.","link":{"type":"post","value":"4904","url":"https:\/\/natussensory.com\/products\/aurical-freefit\/","name":"Aurical\u00ae Freefit &#8211; Real ear measurement","title":"Aurical<sup>\u00ae<\/sup> Freefit","target":""}},{"label":"Sistema de Adaptaci\u00f3n","image":{"ID":7205,"id":7205,"title":"Aurical-HIT_all-products-link","filename":"Aurical-HIT_all-products-link.jpg","filesize":62839,"url":"https:\/\/natussensory.com\/wp-content\/uploads\/Aurical-HIT_all-products-link.jpg","link":"https:\/\/natussensory.com\/es\/productos\/aurical-hit_all-products-link-2\/","alt":"","author":"4","description":"","caption":"","name":"aurical-hit_all-products-link-2","status":"inherit","uploaded_to":11803,"date":"2023-09-26 07:35:45","modified":"2023-09-26 07:35:45","menu_order":0,"mime_type":"image\/jpeg","type":"image","subtype":"jpeg","icon":"https:\/\/natussensory.com\/wp-includes\/images\/media\/default.png","width":500,"height":400,"sizes":{"thumbnail":"https:\/\/natussensory.com\/wp-content\/uploads\/Aurical-HIT_all-products-link.jpg","thumbnail-width":120,"thumbnail-height":96,"medium":"https:\/\/natussensory.com\/wp-content\/uploads\/Aurical-HIT_all-products-link.jpg","medium-width":500,"medium-height":400,"medium_large":"https:\/\/natussensory.com\/wp-content\/uploads\/Aurical-HIT_all-products-link.jpg","medium_large-width":500,"medium_large-height":400,"large":"https:\/\/natussensory.com\/wp-content\/uploads\/Aurical-HIT_all-products-link.jpg","large-width":500,"large-height":400,"1536x1536":"https:\/\/natussensory.com\/wp-content\/uploads\/Aurical-HIT_all-products-link.jpg","1536x1536-width":500,"1536x1536-height":400,"2048x2048":"https:\/\/natussensory.com\/wp-content\/uploads\/Aurical-HIT_all-products-link.jpg","2048x2048-width":500,"2048x2048-height":400}},"title":"C\u00e1mara de pruebas con RECD, verificaci\u00f3n inal\u00e1mbrica y posicionamiento OnePosition para aud\u00edfonos.","link":{"type":"post","value":"5285","url":"https:\/\/natussensory.com\/products\/aurical-hit\/","name":"Aurical\u00ae HIT \u2013 Coupler Based Fitting","title":"Aurical<sup>\u00ae<\/sup> HIT","target":""}},{"label":"Sistema de Adaptaci\u00f3n","image":{"ID":27548,"id":27548,"title":"Measure_all-products-link","filename":"Measure_all-products-link.jpg","filesize":57405,"url":"https:\/\/natussensory.com\/wp-content\/uploads\/Measure_all-products-link.jpg","link":"https:\/\/natussensory.com\/es\/productos\/adaptacion-de-audifonos\/measure_all-products-link-2\/","alt":"Otometrics Measure REM module with binaural fitting headset and free-field speaker, designed for accurate hearing aid verification and fitting.","author":"4","description":"","caption":"","name":"measure_all-products-link-2","status":"inherit","uploaded_to":12446,"date":"2025-10-20 13:47:32","modified":"2025-11-19 12:10:11","menu_order":0,"mime_type":"image\/jpeg","type":"image","subtype":"jpeg","icon":"https:\/\/natussensory.com\/wp-includes\/images\/media\/default.png","width":500,"height":400,"sizes":{"thumbnail":"https:\/\/natussensory.com\/wp-content\/uploads\/Measure_all-products-link.jpg","thumbnail-width":120,"thumbnail-height":96,"medium":"https:\/\/natussensory.com\/wp-content\/uploads\/Measure_all-products-link.jpg","medium-width":500,"medium-height":400,"medium_large":"https:\/\/natussensory.com\/wp-content\/uploads\/Measure_all-products-link.jpg","medium_large-width":500,"medium_large-height":400,"large":"https:\/\/natussensory.com\/wp-content\/uploads\/Measure_all-products-link.jpg","large-width":500,"large-height":400,"1536x1536":"https:\/\/natussensory.com\/wp-content\/uploads\/Measure_all-products-link.jpg","1536x1536-width":500,"1536x1536-height":400,"2048x2048":"https:\/\/natussensory.com\/wp-content\/uploads\/Measure_all-products-link.jpg","2048x2048-width":500,"2048x2048-height":400}},"title":"Audi\u00f3metro port\u00e1til en una unidad compacta con caja de prueba para aud\u00edfonos opcional.","link":{"type":"post","value":"28395","url":"https:\/\/natussensory.com\/es\/productos\/otometrics-measure\/","name":"Otometrics Measure \u2013 sistema port\u00e1til de evaluaci\u00f3n auditiva y adaptaci\u00f3n","title":"Otometrics<sup>\u00ae<\/sup> Measure","target":""}},{"label":"Sistema de Adaptaci\u00f3n","image":{"ID":7210,"id":7210,"title":"Hi-pro2_all-products-link","filename":"Hi-pro2_all-products-link.jpg","filesize":70818,"url":"https:\/\/natussensory.com\/wp-content\/uploads\/Hi-pro2_all-products-link.jpg","link":"https:\/\/natussensory.com\/es\/productos\/hi-pro2_all-products-link-2\/","alt":"","author":"4","description":"","caption":"","name":"hi-pro2_all-products-link-2","status":"inherit","uploaded_to":11803,"date":"2023-09-26 07:35:47","modified":"2023-09-26 07:35:47","menu_order":0,"mime_type":"image\/jpeg","type":"image","subtype":"jpeg","icon":"https:\/\/natussensory.com\/wp-includes\/images\/media\/default.png","width":500,"height":400,"sizes":{"thumbnail":"https:\/\/natussensory.com\/wp-content\/uploads\/Hi-pro2_all-products-link.jpg","thumbnail-width":120,"thumbnail-height":96,"medium":"https:\/\/natussensory.com\/wp-content\/uploads\/Hi-pro2_all-products-link.jpg","medium-width":500,"medium-height":400,"medium_large":"https:\/\/natussensory.com\/wp-content\/uploads\/Hi-pro2_all-products-link.jpg","medium_large-width":500,"medium_large-height":400,"large":"https:\/\/natussensory.com\/wp-content\/uploads\/Hi-pro2_all-products-link.jpg","large-width":500,"large-height":400,"1536x1536":"https:\/\/natussensory.com\/wp-content\/uploads\/Hi-pro2_all-products-link.jpg","1536x1536-width":500,"1536x1536-height":400,"2048x2048":"https:\/\/natussensory.com\/wp-content\/uploads\/Hi-pro2_all-products-link.jpg","2048x2048-width":500,"2048x2048-height":400}},"title":"Interfaz universal para programar aud\u00edfonos, con alta velocidad de datos y compatibilidad multimarcas; aut\u00f3noma o integrada al audi\u00f3metro.","link":{"type":"post","value":"5361","url":"https:\/\/natussensory.com\/products\/hi-pro-2\/","name":"Hi-Pro\u00ae 2 &#8211; Hearing Aid Programming","title":"Hi-Pro<sup>\u00ae<\/sup> 2","target":""}}]},{"subcategory_title":"Otoscopio de Video","subcategory_products":[{"label":"Otoscopio de Video","image":{"ID":7215,"id":7215,"title":"Otocam300_all-products-link","filename":"Otocam300_all-products-link.jpg","filesize":55822,"url":"https:\/\/natussensory.com\/wp-content\/uploads\/Otocam300_all-products-link.jpg","link":"https:\/\/natussensory.com\/es\/productos\/otocam300_all-products-link-2\/","alt":"Aurical Otocam 300 video otoscope","author":"4","description":"","caption":"","name":"otocam300_all-products-link-2","status":"inherit","uploaded_to":11803,"date":"2023-09-26 07:35:49","modified":"2026-04-09 08:25:27","menu_order":0,"mime_type":"image\/jpeg","type":"image","subtype":"jpeg","icon":"https:\/\/natussensory.com\/wp-includes\/images\/media\/default.png","width":500,"height":400,"sizes":{"thumbnail":"https:\/\/natussensory.com\/wp-content\/uploads\/Otocam300_all-products-link.jpg","thumbnail-width":120,"thumbnail-height":96,"medium":"https:\/\/natussensory.com\/wp-content\/uploads\/Otocam300_all-products-link.jpg","medium-width":500,"medium-height":400,"medium_large":"https:\/\/natussensory.com\/wp-content\/uploads\/Otocam300_all-products-link.jpg","medium_large-width":500,"medium_large-height":400,"large":"https:\/\/natussensory.com\/wp-content\/uploads\/Otocam300_all-products-link.jpg","large-width":500,"large-height":400,"1536x1536":"https:\/\/natussensory.com\/wp-content\/uploads\/Otocam300_all-products-link.jpg","1536x1536-width":500,"1536x1536-height":400,"2048x2048":"https:\/\/natussensory.com\/wp-content\/uploads\/Otocam300_all-products-link.jpg","2048x2048-width":500,"2048x2048-height":400}},"title":"Video otoscopio compacto con im\u00e1genes en tiempo real y alta resoluci\u00f3n, integraci\u00f3n al software y control anti-condensaci\u00f3n.","link":{"type":"post","value":"5313","url":"https:\/\/natussensory.com\/products\/aurical-otocam-300\/","name":"Aurical\u00ae Otocam 300 &#8211; Video Otoscope","title":"Aurical<sup>\u00ae<\/sup>  Otocam 300","target":""}}]}]}]}},{"acf_fc_layout":"contact","_acfe_flexible_layout_title":null,"_acfe_flexible_toggle":null,"contact_form_landing":{"module_options":{"":null,"module_id":null,"module_class":"","module_background_type":"","module_background_color":"","module_background_image":false,"module_background_video":"","activate_custom_padding":false,"padding_top_desktop":0,"padding_top_tablet":"","padding_top_mobile":"","padding_bottom_desktop":"","padding_bottom_tablet":"","padding_bottom_mobile":"","activate_custom_margin":false,"margin_top_desktop":"","margin_top_tablet":"","margin_top_mobile":"","margin_bottom_desktop":"","margin_bottom_tablet":"","margin_bottom_mobile":"","disable_on":[],"content_alignment_desktop":false,"content_alignment_tablet":false,"content_alignment_mobile":false},"":null,"activate_intro":false,"intro_text":"","intro_text_color":"","intro_link":null,"activate_description":false,"description_title":"","description_copy":"","embed_code":""}},{"acf_fc_layout":"education","_acfe_flexible_layout_title":null,"_acfe_flexible_toggle":null,"left_image_right_content_multi_ctas_landing":{"module_options":{"":null,"module_id":"n6514ac9bc497a","module_class":"","module_background_type":"color","module_background_color":"","module_background_image":false,"module_background_video":"","activate_custom_padding":false,"padding_top_desktop":0,"padding_top_tablet":"","padding_top_mobile":"","padding_bottom_desktop":"","padding_bottom_tablet":"","padding_bottom_mobile":"","activate_custom_margin":false,"margin_top_desktop":"","margin_top_tablet":"","margin_top_mobile":"","margin_bottom_desktop":"","margin_bottom_tablet":"","margin_bottom_mobile":"","disable_on":[],"content_alignment_desktop":"left","content_alignment_tablet":"left","content_alignment_mobile":"left"},"image":{"ID":7368,"id":7368,"title":"HBA_spot","filename":"HBA_spot-e1710924648547.jpg","filesize":216983,"url":"https:\/\/natussensory.com\/wp-content\/uploads\/HBA_spot-e1710924648547.jpg","link":"https:\/\/natussensory.com\/es\/productos\/evaluacion-auditiva\/hba_spot-2\/","alt":"","author":"4","description":"","caption":"","name":"hba_spot-2","status":"inherit","uploaded_to":12442,"date":"2023-09-26 12:33:06","modified":"2023-09-26 12:33:06","menu_order":0,"mime_type":"image\/jpeg","type":"image","subtype":"jpeg","icon":"https:\/\/natussensory.com\/wp-includes\/images\/media\/default.png","width":800,"height":450,"sizes":{"thumbnail":"https:\/\/natussensory.com\/wp-content\/uploads\/HBA_spot-e1710924648547.jpg","thumbnail-width":128,"thumbnail-height":72,"medium":"https:\/\/natussensory.com\/wp-content\/uploads\/HBA_spot-e1710924648547.jpg","medium-width":800,"medium-height":450,"medium_large":"https:\/\/natussensory.com\/wp-content\/uploads\/HBA_spot-768x432.jpg","medium_large-width":768,"medium_large-height":432,"large":"https:\/\/natussensory.com\/wp-content\/uploads\/HBA_spot-e1710924648547.jpg","large-width":800,"large-height":450,"1536x1536":"https:\/\/natussensory.com\/wp-content\/uploads\/HBA_spot-e1710924648547.jpg","1536x1536-width":800,"1536x1536-height":450,"2048x2048":"https:\/\/natussensory.com\/wp-content\/uploads\/HBA_spot-e1710924648547.jpg","2048x2048-width":800,"2048x2048-height":450}},"label":"Formaci\u00f3n","title":"Hearing & Balance Academy","description":"La Academia de Audici\u00f3n y Equilibrio de Natus explora los \u00faltimos avances tecnol\u00f3gicos y cient\u00edficos en evaluaci\u00f3n y detecci\u00f3n auditiva, adaptaci\u00f3n de aud\u00edfonos y evaluaci\u00f3n del equilibrio. <br \/>\r\n<br \/>\r\nLa membres\u00eda es GRATUITA e incluye acceso a seminarios electr\u00f3nicos en vivo, oportunidades de aprendizaje on-demand y recursos expertos de Lideres de Opini\u00f3n. ","links":[{"link":{"type":"url","value":"https:\/\/hearing-balance.academy\/","url":"https:\/\/hearing-balance.academy\/","name":"https:\/\/hearing-balance.academy\/","title":"Aprenda M\u00e1s","target":"_blank"}}]}}]},"_links":{"self":[{"href":"https:\/\/natussensory.com\/es\/wp-json\/wp\/v2\/pages\/12446","targetHints":{"allow":["GET"]}}],"collection":[{"href":"https:\/\/natussensory.com\/es\/wp-json\/wp\/v2\/pages"}],"about":[{"href":"https:\/\/natussensory.com\/es\/wp-json\/wp\/v2\/types\/page"}],"author":[{"embeddable":true,"href":"https:\/\/natussensory.com\/es\/wp-json\/wp\/v2\/users\/1"}],"replies":[{"embeddable":true,"href":"https:\/\/natussensory.com\/es\/wp-json\/wp\/v2\/comments?post=12446"}],"version-history":[{"count":11,"href":"https:\/\/natussensory.com\/es\/wp-json\/wp\/v2\/pages\/12446\/revisions"}],"predecessor-version":[{"id":28869,"href":"https:\/\/natussensory.com\/es\/wp-json\/wp\/v2\/pages\/12446\/revisions\/28869"}],"up":[{"embeddable":true,"href":"https:\/\/natussensory.com\/es\/wp-json\/wp\/v2\/pages\/11803"}],"wp:attachment":[{"href":"https:\/\/natussensory.com\/es\/wp-json\/wp\/v2\/media?parent=12446"}],"wp:term":[{"taxonomy":"category","embeddable":true,"href":"https:\/\/natussensory.com\/es\/wp-json\/wp\/v2\/categories?post=12446"},{"taxonomy":"post_tag","embeddable":true,"href":"https:\/\/natussensory.com\/es\/wp-json\/wp\/v2\/tags?post=12446"}],"curies":[{"name":"wp","href":"https:\/\/api.w.org\/{rel}","templated":true}]}}