{"id":12442,"date":"2023-08-22T00:11:55","date_gmt":"2023-08-22T00:11:55","guid":{"rendered":"https:\/\/natussensory.com\/sensory\/hearing-assessment\/"},"modified":"2026-04-13T12:34:53","modified_gmt":"2026-04-13T12:34:53","slug":"evaluacion-auditiva","status":"publish","type":"page","link":"https:\/\/natussensory.com\/es\/productos\/evaluacion-auditiva\/","title":{"rendered":"Evaluaci\u00f3n Auditiva"},"content":{"rendered":"","protected":false},"excerpt":{"rendered":"","protected":false},"author":1,"featured_media":0,"parent":11803,"menu_order":0,"comment_status":"closed","ping_status":"closed","template":"templates\/page-sensory-solutions-category-landing.php","meta":{"_acf_changed":false,"inline_featured_image":false,"footnotes":""},"categories":[],"tags":[],"class_list":["post-12442","page","type-page","status-publish","hentry"],"acf":{"content_blocks":[{"acf_fc_layout":"spacer","_acfe_flexible_layout_title":null,"_acfe_flexible_toggle":null,"spacer":{"module_options":{"":null,"module_id":"n68592ab6c65d3","module_class":"","module_background_type":"color","module_background_color":"#473089","module_background_image":false,"module_background_video":"","activate_custom_padding":false,"padding_top_desktop":0,"padding_top_tablet":"","padding_top_mobile":"","padding_bottom_desktop":"","padding_bottom_tablet":"","padding_bottom_mobile":"","activate_custom_margin":false,"margin_top_desktop":"","margin_top_tablet":"","margin_top_mobile":"","margin_bottom_desktop":"","margin_bottom_tablet":"","margin_bottom_mobile":"","disable_on":[],"content_alignment_desktop":"left","content_alignment_tablet":"left","content_alignment_mobile":"left"},"height":"160"}},{"acf_fc_layout":"full_width_content","_acfe_flexible_layout_title":null,"_acfe_flexible_toggle":null,"content_full_width_landing":{"module_options":{"":null,"module_id":"n68a820c66a724","module_class":"","module_background_type":"image","module_background_color":"","module_background_image":"https:\/\/natussensory.com\/wp-content\/uploads\/Hearing_Assessment_Category_banner.jpg","module_background_video":"","activate_custom_padding":false,"padding_top_desktop":"0","padding_top_tablet":"0","padding_top_mobile":"0","padding_bottom_desktop":"0","padding_bottom_tablet":"0","padding_bottom_mobile":"0","activate_custom_margin":false,"margin_top_desktop":"0","margin_top_tablet":"0","margin_top_mobile":"0","margin_bottom_desktop":"0","margin_bottom_tablet":"0","margin_bottom_mobile":"0","disable_on":[],"content_alignment_desktop":"left","content_alignment_tablet":"left","content_alignment_mobile":"left"},"activate_custom_container_width":true,"container_width":"1920","content":"<p>&nbsp;<\/p>\n<h1 style=\"padding-left: 80px;\"><span style=\"color: #ffffff;\">Evaluaci\u00f3n Auditiva<\/span><\/h1>\n"}},{"acf_fc_layout":"products_filter","_acfe_flexible_layout_title":null,"_acfe_flexible_toggle":null,"neuro_products_filter":{"module_options":{"":null,"module_id":"n6514ac9bb201f","module_class":"","module_background_type":"color","module_background_color":"","module_background_image":false,"module_background_video":"","activate_custom_padding":false,"padding_top_desktop":0,"padding_top_tablet":"","padding_top_mobile":"","padding_bottom_desktop":"","padding_bottom_tablet":"","padding_bottom_mobile":"","activate_custom_margin":false,"margin_top_desktop":"","margin_top_tablet":"","margin_top_mobile":"","margin_bottom_desktop":"","margin_bottom_tablet":"","margin_bottom_mobile":"","disable_on":[],"content_alignment_desktop":"left","content_alignment_tablet":"left","content_alignment_mobile":"left"},"products":[{"category_title":"Evaluaci\u00f3n Auditiva","subcategories":[{"subcategory_title":"Audi\u00f3metros","subcategory_products":[{"label":"Audi\u00f3metro","image":{"ID":7072,"id":7072,"title":"Madsen-Astera2_all-products-link","filename":"Madsen-Astera2_all-products-link.jpg","filesize":88013,"url":"https:\/\/natussensory.com\/wp-content\/uploads\/Madsen-Astera2_all-products-link.jpg","link":"https:\/\/natussensory.com\/es\/productos\/madsen-astera2_all-products-link-2\/","alt":"","author":"4","description":"","caption":"","name":"madsen-astera2_all-products-link-2","status":"inherit","uploaded_to":11803,"date":"2023-09-25 16:15:15","modified":"2023-09-25 16:15:15","menu_order":0,"mime_type":"image\/jpeg","type":"image","subtype":"jpeg","icon":"https:\/\/natussensory.com\/wp-includes\/images\/media\/default.png","width":500,"height":400,"sizes":{"thumbnail":"https:\/\/natussensory.com\/wp-content\/uploads\/Madsen-Astera2_all-products-link.jpg","thumbnail-width":120,"thumbnail-height":96,"medium":"https:\/\/natussensory.com\/wp-content\/uploads\/Madsen-Astera2_all-products-link.jpg","medium-width":500,"medium-height":400,"medium_large":"https:\/\/natussensory.com\/wp-content\/uploads\/Madsen-Astera2_all-products-link.jpg","medium_large-width":500,"medium_large-height":400,"large":"https:\/\/natussensory.com\/wp-content\/uploads\/Madsen-Astera2_all-products-link.jpg","large-width":500,"large-height":400,"1536x1536":"https:\/\/natussensory.com\/wp-content\/uploads\/Madsen-Astera2_all-products-link.jpg","1536x1536-width":500,"1536x1536-height":400,"2048x2048":"https:\/\/natussensory.com\/wp-content\/uploads\/Madsen-Astera2_all-products-link.jpg","2048x2048-width":500,"2048x2048-height":400}},"title":"Audi\u00f3metro cl\u00ednico de 2 canales con pruebas psicoac\u00fasticas avanzadas, m\u00f3dulos pedi\u00e1tricos y de ac\u00fafenos, e integraci\u00f3n completa con Otosuite\u00ae y sistemas EMR.","link":{"type":"post","value":"2258","url":"https:\/\/natussensory.com\/products\/madsen-astera2\/","name":"Madsen\u00aeAstera<sup>2<\/sup> &#8211; Clinical Audiometer","title":"Madsen<sup>\u00ae <\/sup> Astera<sup>2<\/sup>","target":""}},{"label":"Audi\u00f3metro","image":{"ID":7087,"id":7087,"title":"Aurical-Aud_all-products-link","filename":"Aurical-Aud_all-products-link.jpg","filesize":58454,"url":"https:\/\/natussensory.com\/wp-content\/uploads\/Aurical-Aud_all-products-link.jpg","link":"https:\/\/natussensory.com\/es\/productos\/aurical-aud_all-products-link-2\/","alt":"","author":"4","description":"","caption":"","name":"aurical-aud_all-products-link-2","status":"inherit","uploaded_to":11803,"date":"2023-09-25 16:27:34","modified":"2023-09-25 16:27:34","menu_order":0,"mime_type":"image\/jpeg","type":"image","subtype":"jpeg","icon":"https:\/\/natussensory.com\/wp-includes\/images\/media\/default.png","width":500,"height":400,"sizes":{"thumbnail":"https:\/\/natussensory.com\/wp-content\/uploads\/Aurical-Aud_all-products-link.jpg","thumbnail-width":120,"thumbnail-height":96,"medium":"https:\/\/natussensory.com\/wp-content\/uploads\/Aurical-Aud_all-products-link.jpg","medium-width":500,"medium-height":400,"medium_large":"https:\/\/natussensory.com\/wp-content\/uploads\/Aurical-Aud_all-products-link.jpg","medium_large-width":500,"medium_large-height":400,"large":"https:\/\/natussensory.com\/wp-content\/uploads\/Aurical-Aud_all-products-link.jpg","large-width":500,"large-height":400,"1536x1536":"https:\/\/natussensory.com\/wp-content\/uploads\/Aurical-Aud_all-products-link.jpg","1536x1536-width":500,"1536x1536-height":400,"2048x2048":"https:\/\/natussensory.com\/wp-content\/uploads\/Aurical-Aud_all-products-link.jpg","2048x2048-width":500,"2048x2048-height":400}},"title":"Audi\u00f3metro compacto para adaptaci\u00f3n de aud\u00edfonos con herramientas de asesoramiento integradas, calibraci\u00f3n RoomTune y total compatibilidad con Noah, Otosuite\u00ae e historias cl\u00ednicas electr\u00f3nicas.","link":{"type":"post","value":"2872","url":"https:\/\/natussensory.com\/products\/aurical-aud\/","name":"Aurical\u00ae Aud &#8211; Hearing Aid Fitting Audiometer","title":"Aurical<sup>\u00ae<\/sup> Aud","target":""}},{"label":"Audiometro","image":{"ID":7103,"id":7103,"title":"Oscilla_all-products-link","filename":"Oscilla_all-products-link.jpg","filesize":69511,"url":"https:\/\/natussensory.com\/wp-content\/uploads\/Oscilla_all-products-link.jpg","link":"https:\/\/natussensory.com\/es\/productos\/oscilla_all-products-link-2\/","alt":"","author":"4","description":"","caption":"","name":"oscilla_all-products-link-2","status":"inherit","uploaded_to":11803,"date":"2023-09-25 16:30:39","modified":"2023-09-25 16:30:39","menu_order":0,"mime_type":"image\/jpeg","type":"image","subtype":"jpeg","icon":"https:\/\/natussensory.com\/wp-includes\/images\/media\/default.png","width":500,"height":400,"sizes":{"thumbnail":"https:\/\/natussensory.com\/wp-content\/uploads\/Oscilla_all-products-link.jpg","thumbnail-width":120,"thumbnail-height":96,"medium":"https:\/\/natussensory.com\/wp-content\/uploads\/Oscilla_all-products-link.jpg","medium-width":500,"medium-height":400,"medium_large":"https:\/\/natussensory.com\/wp-content\/uploads\/Oscilla_all-products-link.jpg","medium_large-width":500,"medium_large-height":400,"large":"https:\/\/natussensory.com\/wp-content\/uploads\/Oscilla_all-products-link.jpg","large-width":500,"large-height":400,"1536x1536":"https:\/\/natussensory.com\/wp-content\/uploads\/Oscilla_all-products-link.jpg","1536x1536-width":500,"1536x1536-height":400,"2048x2048":"https:\/\/natussensory.com\/wp-content\/uploads\/Oscilla_all-products-link.jpg","2048x2048-width":500,"2048x2048-height":400}},"title":"Audi\u00f3metro ultraport\u00e1til alimentado por USB para el cribado auditivo m\u00f3vil, las pruebas de voz y la validaci\u00f3n de la protecci\u00f3n auditiva en el entorno laboral.","link":{"type":"post","value":"2891","url":"https:\/\/natussensory.com\/products\/oscilla\/","name":"Oscilla\u00ae &#8211; Mobile Hearing Screening","title":"Oscilla<sup>\u00ae<\/sup>","target":""}}]},{"subcategory_title":"Timpan\u00f3metros","subcategory_products":[{"label":"Timpanometro","image":{"ID":7077,"id":7077,"title":"Madsen-Zodiac_all-products-link","filename":"Madsen-Zodiac_all-products-link.jpg","filesize":69807,"url":"https:\/\/natussensory.com\/wp-content\/uploads\/Madsen-Zodiac_all-products-link.jpg","link":"https:\/\/natussensory.com\/es\/productos\/madsen-zodiac_all-products-link-2\/","alt":"Madsen","author":"4","description":"","caption":"","name":"madsen-zodiac_all-products-link-2","status":"inherit","uploaded_to":11803,"date":"2023-09-25 16:17:59","modified":"2026-04-09 08:08:08","menu_order":0,"mime_type":"image\/jpeg","type":"image","subtype":"jpeg","icon":"https:\/\/natussensory.com\/wp-includes\/images\/media\/default.png","width":500,"height":400,"sizes":{"thumbnail":"https:\/\/natussensory.com\/wp-content\/uploads\/Madsen-Zodiac_all-products-link.jpg","thumbnail-width":120,"thumbnail-height":96,"medium":"https:\/\/natussensory.com\/wp-content\/uploads\/Madsen-Zodiac_all-products-link.jpg","medium-width":500,"medium-height":400,"medium_large":"https:\/\/natussensory.com\/wp-content\/uploads\/Madsen-Zodiac_all-products-link.jpg","medium_large-width":500,"medium_large-height":400,"large":"https:\/\/natussensory.com\/wp-content\/uploads\/Madsen-Zodiac_all-products-link.jpg","large-width":500,"large-height":400,"1536x1536":"https:\/\/natussensory.com\/wp-content\/uploads\/Madsen-Zodiac_all-products-link.jpg","1536x1536-width":500,"1536x1536-height":400,"2048x2048":"https:\/\/natussensory.com\/wp-content\/uploads\/Madsen-Zodiac_all-products-link.jpg","2048x2048-width":500,"2048x2048-height":400}},"title":"Sistema para pruebas de inmitancia con tecnolog\u00eda de sondas Gen 2, flexibilidad Dual Probe\u2122 e integraci\u00f3n con Otosuite\u00ae para una timpanometr\u00eda y evaluaci\u00f3n de reflejos fiables.","link":{"type":"post","value":"1992","url":"https:\/\/natussensory.com\/products\/madsen-zodiac\/","name":"Madsen\u00ae Zodiac &#8211; Tympanometer","title":"Madsen<sup>\u00ae<\/sup> Zodiac","target":""}},{"label":"Timpanometro","image":{"ID":7113,"id":7113,"title":"AuDX PRO FLEX_all-products-link","filename":"AuDX-PRO-FLEX_all-products-link.jpg","filesize":74309,"url":"https:\/\/natussensory.com\/wp-content\/uploads\/AuDX-PRO-FLEX_all-products-link.jpg","link":"https:\/\/natussensory.com\/es\/productos\/audx-pro-flex_all-products-link-2\/","alt":"Bio-logic AuDX PRO FLEX tympanometer","author":"4","description":"","caption":"","name":"audx-pro-flex_all-products-link-2","status":"inherit","uploaded_to":11803,"date":"2023-09-25 16:31:41","modified":"2026-04-09 08:12:36","menu_order":0,"mime_type":"image\/jpeg","type":"image","subtype":"jpeg","icon":"https:\/\/natussensory.com\/wp-includes\/images\/media\/default.png","width":500,"height":400,"sizes":{"thumbnail":"https:\/\/natussensory.com\/wp-content\/uploads\/AuDX-PRO-FLEX_all-products-link.jpg","thumbnail-width":120,"thumbnail-height":96,"medium":"https:\/\/natussensory.com\/wp-content\/uploads\/AuDX-PRO-FLEX_all-products-link.jpg","medium-width":500,"medium-height":400,"medium_large":"https:\/\/natussensory.com\/wp-content\/uploads\/AuDX-PRO-FLEX_all-products-link.jpg","medium_large-width":500,"medium_large-height":400,"large":"https:\/\/natussensory.com\/wp-content\/uploads\/AuDX-PRO-FLEX_all-products-link.jpg","large-width":500,"large-height":400,"1536x1536":"https:\/\/natussensory.com\/wp-content\/uploads\/AuDX-PRO-FLEX_all-products-link.jpg","1536x1536-width":500,"1536x1536-height":400,"2048x2048":"https:\/\/natussensory.com\/wp-content\/uploads\/AuDX-PRO-FLEX_all-products-link.jpg","2048x2048-width":500,"2048x2048-height":400}},"title":"Sistema port\u00e1til multifunci\u00f3n que combina OEA, timpanometr\u00eda y audiometr\u00eda \u2014 personalizable tanto para evaluaci\u00f3n como para diagn\u00f3stico.","link":{"type":"post","value":"4049","url":"https:\/\/natussensory.com\/products\/audx-pro-flex\/","name":"Bio-logic\u00ae AuDX PRO FLEX\u00ae &#8211; Diagnostic OAE","title":"Bio-logic<sup>\u00ae<\/sup> AuDX PRO FLEX<sup>\u00ae<\/sup>","target":""}}]},{"subcategory_title":"Potenciales Evocados Auditivos","subcategory_products":[{"label":"Potenciales Evocados Auditivos","image":{"ID":7108,"id":7108,"title":"NavPro One_all-products-link","filename":"NavPro-One_all-products-link.jpg","filesize":54220,"url":"https:\/\/natussensory.com\/wp-content\/uploads\/NavPro-One_all-products-link.jpg","link":"https:\/\/natussensory.com\/es\/productos\/navpro-one_all-products-link-2\/","alt":"Bio-logic NavPRO ONE ","author":"4","description":"","caption":"","name":"navpro-one_all-products-link-2","status":"inherit","uploaded_to":11803,"date":"2023-09-25 16:31:39","modified":"2026-04-09 08:15:39","menu_order":0,"mime_type":"image\/jpeg","type":"image","subtype":"jpeg","icon":"https:\/\/natussensory.com\/wp-includes\/images\/media\/default.png","width":500,"height":400,"sizes":{"thumbnail":"https:\/\/natussensory.com\/wp-content\/uploads\/NavPro-One_all-products-link.jpg","thumbnail-width":120,"thumbnail-height":96,"medium":"https:\/\/natussensory.com\/wp-content\/uploads\/NavPro-One_all-products-link.jpg","medium-width":500,"medium-height":400,"medium_large":"https:\/\/natussensory.com\/wp-content\/uploads\/NavPro-One_all-products-link.jpg","medium_large-width":500,"medium_large-height":400,"large":"https:\/\/natussensory.com\/wp-content\/uploads\/NavPro-One_all-products-link.jpg","large-width":500,"large-height":400,"1536x1536":"https:\/\/natussensory.com\/wp-content\/uploads\/NavPro-One_all-products-link.jpg","1536x1536-width":500,"1536x1536-height":400,"2048x2048":"https:\/\/natussensory.com\/wp-content\/uploads\/NavPro-One_all-products-link.jpg","2048x2048-width":500,"2048x2048-height":400}},"title":"Sistema PEA port\u00e1til que ofrece pruebas fiables de ABR, ASSR y EcochG con un funcionamiento simplificado, sin necesidad de PC.","link":{"type":"post","value":"2949","url":"https:\/\/natussensory.com\/products\/navpro-one\/","name":"Bio-logic\u00ae NavPRO ONE\u00ae &#8211; Auditory Potential Device","title":"Bio-logic<sup>\u00ae<\/sup> NavPRO ONE<sup>\u00ae<\/sup>","target":""}}]},{"subcategory_title":"Emisiones Otoac\u00fasticas Diagn\u00f3sticas","subcategory_products":[{"label":"Emisiones Otoac\u00fasticas Diagn\u00f3sticas","image":{"ID":7098,"id":7098,"title":"Madsen Capella2_all-products-link","filename":"Madsen-Capella2_all-products-link.jpg","filesize":47913,"url":"https:\/\/natussensory.com\/wp-content\/uploads\/Madsen-Capella2_all-products-link.jpg","link":"https:\/\/natussensory.com\/es\/productos\/madsen-capella2_all-products-link-2\/","alt":"Madsen Capella 2","author":"4","description":"","caption":"","name":"madsen-capella2_all-products-link-2","status":"inherit","uploaded_to":11803,"date":"2023-09-25 16:29:54","modified":"2026-04-09 08:17:44","menu_order":0,"mime_type":"image\/jpeg","type":"image","subtype":"jpeg","icon":"https:\/\/natussensory.com\/wp-includes\/images\/media\/default.png","width":500,"height":400,"sizes":{"thumbnail":"https:\/\/natussensory.com\/wp-content\/uploads\/Madsen-Capella2_all-products-link.jpg","thumbnail-width":120,"thumbnail-height":96,"medium":"https:\/\/natussensory.com\/wp-content\/uploads\/Madsen-Capella2_all-products-link.jpg","medium-width":500,"medium-height":400,"medium_large":"https:\/\/natussensory.com\/wp-content\/uploads\/Madsen-Capella2_all-products-link.jpg","medium_large-width":500,"medium_large-height":400,"large":"https:\/\/natussensory.com\/wp-content\/uploads\/Madsen-Capella2_all-products-link.jpg","large-width":500,"large-height":400,"1536x1536":"https:\/\/natussensory.com\/wp-content\/uploads\/Madsen-Capella2_all-products-link.jpg","1536x1536-width":500,"1536x1536-height":400,"2048x2048":"https:\/\/natussensory.com\/wp-content\/uploads\/Madsen-Capella2_all-products-link.jpg","2048x2048-width":500,"2048x2048-height":400}},"title":"Sistema avanzado de OAE con pruebas personalizables de DPOAE, TEOAE y SOAE, calibraci\u00f3n precisa y control flexible de frecuencias.","link":{"type":"post","value":"2824","url":"https:\/\/natussensory.com\/products\/madsen-capella2\/","name":"Madsen\u00ae Capella\u00b2 &#8211; Otoacoustic Emissions testing","title":"Madsen<sup>\u00ae<\/sup> Capella<sup>2<\/sup>","target":""}},{"label":"Emisiones Otoac\u00fasticas Diagn\u00f3sticas","image":{"ID":7118,"id":7118,"title":"AuDX PRO_all-products-link","filename":"AuDX-PRO_all-products-link.jpg","filesize":54383,"url":"https:\/\/natussensory.com\/wp-content\/uploads\/AuDX-PRO_all-products-link.jpg","link":"https:\/\/natussensory.com\/es\/productos\/audx-pro_all-products-link-2\/","alt":"Bio-logic AuDX PRO","author":"4","description":"","caption":"","name":"audx-pro_all-products-link-2","status":"inherit","uploaded_to":11803,"date":"2023-09-25 16:31:44","modified":"2026-04-09 08:19:26","menu_order":0,"mime_type":"image\/jpeg","type":"image","subtype":"jpeg","icon":"https:\/\/natussensory.com\/wp-includes\/images\/media\/default.png","width":500,"height":400,"sizes":{"thumbnail":"https:\/\/natussensory.com\/wp-content\/uploads\/AuDX-PRO_all-products-link.jpg","thumbnail-width":120,"thumbnail-height":96,"medium":"https:\/\/natussensory.com\/wp-content\/uploads\/AuDX-PRO_all-products-link.jpg","medium-width":500,"medium-height":400,"medium_large":"https:\/\/natussensory.com\/wp-content\/uploads\/AuDX-PRO_all-products-link.jpg","medium_large-width":500,"medium_large-height":400,"large":"https:\/\/natussensory.com\/wp-content\/uploads\/AuDX-PRO_all-products-link.jpg","large-width":500,"large-height":400,"1536x1536":"https:\/\/natussensory.com\/wp-content\/uploads\/AuDX-PRO_all-products-link.jpg","1536x1536-width":500,"1536x1536-height":400,"2048x2048":"https:\/\/natussensory.com\/wp-content\/uploads\/AuDX-PRO_all-products-link.jpg","2048x2048-width":500,"2048x2048-height":400}},"title":"Dispositivo OAEmodular y port\u00e1til con funciones diagn\u00f3sticas avanzadas y audiometr\u00eda integrada para pruebas eficientes y multifunci\u00f3n.","link":{"type":"post","value":"4068","url":"https:\/\/natussensory.com\/products\/audx-pro\/","name":"Bio-logic\u00ae AuDX\u00ae PRO &#8211; Diagnostic OAE","title":"Bio-logic<sup>\u00ae<\/sup> AuDX<sup>\u00ae<\/sup> PRO","target":""}}]}]}]}},{"acf_fc_layout":"contact","_acfe_flexible_layout_title":null,"_acfe_flexible_toggle":null,"contact_form_landing":{"module_options":{"":null,"module_id":null,"module_class":"","module_background_type":"","module_background_color":"","module_background_image":false,"module_background_video":"","activate_custom_padding":false,"padding_top_desktop":0,"padding_top_tablet":"","padding_top_mobile":"","padding_bottom_desktop":"","padding_bottom_tablet":"","padding_bottom_mobile":"","activate_custom_margin":false,"margin_top_desktop":"","margin_top_tablet":"","margin_top_mobile":"","margin_bottom_desktop":"","margin_bottom_tablet":"","margin_bottom_mobile":"","disable_on":[],"content_alignment_desktop":false,"content_alignment_tablet":false,"content_alignment_mobile":false},"":null,"activate_intro":false,"intro_text":"","intro_text_color":"","intro_link":null,"activate_description":false,"description_title":"","description_copy":"","embed_code":""}},{"acf_fc_layout":"education","_acfe_flexible_layout_title":null,"_acfe_flexible_toggle":null,"left_image_right_content_multi_ctas_landing":{"module_options":{"":null,"module_id":"n6514ac9bc497a","module_class":"","module_background_type":"color","module_background_color":"","module_background_image":false,"module_background_video":"","activate_custom_padding":false,"padding_top_desktop":0,"padding_top_tablet":"","padding_top_mobile":"","padding_bottom_desktop":"","padding_bottom_tablet":"","padding_bottom_mobile":"","activate_custom_margin":false,"margin_top_desktop":"","margin_top_tablet":"","margin_top_mobile":"","margin_bottom_desktop":"","margin_bottom_tablet":"","margin_bottom_mobile":"","disable_on":[],"content_alignment_desktop":"left","content_alignment_tablet":"left","content_alignment_mobile":"left"},"image":{"ID":7368,"id":7368,"title":"HBA_spot","filename":"HBA_spot-e1710924648547.jpg","filesize":216983,"url":"https:\/\/natussensory.com\/wp-content\/uploads\/HBA_spot-e1710924648547.jpg","link":"https:\/\/natussensory.com\/es\/productos\/evaluacion-auditiva\/hba_spot-2\/","alt":"","author":"4","description":"","caption":"","name":"hba_spot-2","status":"inherit","uploaded_to":12442,"date":"2023-09-26 12:33:06","modified":"2023-09-26 12:33:06","menu_order":0,"mime_type":"image\/jpeg","type":"image","subtype":"jpeg","icon":"https:\/\/natussensory.com\/wp-includes\/images\/media\/default.png","width":800,"height":450,"sizes":{"thumbnail":"https:\/\/natussensory.com\/wp-content\/uploads\/HBA_spot-e1710924648547.jpg","thumbnail-width":128,"thumbnail-height":72,"medium":"https:\/\/natussensory.com\/wp-content\/uploads\/HBA_spot-e1710924648547.jpg","medium-width":800,"medium-height":450,"medium_large":"https:\/\/natussensory.com\/wp-content\/uploads\/HBA_spot-768x432.jpg","medium_large-width":768,"medium_large-height":432,"large":"https:\/\/natussensory.com\/wp-content\/uploads\/HBA_spot-e1710924648547.jpg","large-width":800,"large-height":450,"1536x1536":"https:\/\/natussensory.com\/wp-content\/uploads\/HBA_spot-e1710924648547.jpg","1536x1536-width":800,"1536x1536-height":450,"2048x2048":"https:\/\/natussensory.com\/wp-content\/uploads\/HBA_spot-e1710924648547.jpg","2048x2048-width":800,"2048x2048-height":450}},"label":"Formaci\u00f3n","title":"Hearing & Balance Academy","description":"La Academia de Audici\u00f3n y Equilibrio de Natus explora los \u00faltimos avances tecnol\u00f3gicos y cient\u00edficos en evaluaci\u00f3n y detecci\u00f3n auditiva, adaptaci\u00f3n de aud\u00edfonos y evaluaci\u00f3n del equilibrio. <br \/>\r\n<br \/>\r\nLa membres\u00eda es GRATUITA e incluye acceso a seminarios electr\u00f3nicos en vivo, oportunidades de aprendizaje on-demand y recursos expertos de Lideres de Opini\u00f3n. ","links":[{"link":{"type":"url","value":"https:\/\/hearing-balance.academy\/","url":"https:\/\/hearing-balance.academy\/","name":"https:\/\/hearing-balance.academy\/","title":"Aprenda M\u00e1s","target":"_blank"}}]}}]},"_links":{"self":[{"href":"https:\/\/natussensory.com\/es\/wp-json\/wp\/v2\/pages\/12442","targetHints":{"allow":["GET"]}}],"collection":[{"href":"https:\/\/natussensory.com\/es\/wp-json\/wp\/v2\/pages"}],"about":[{"href":"https:\/\/natussensory.com\/es\/wp-json\/wp\/v2\/types\/page"}],"author":[{"embeddable":true,"href":"https:\/\/natussensory.com\/es\/wp-json\/wp\/v2\/users\/1"}],"replies":[{"embeddable":true,"href":"https:\/\/natussensory.com\/es\/wp-json\/wp\/v2\/comments?post=12442"}],"version-history":[{"count":10,"href":"https:\/\/natussensory.com\/es\/wp-json\/wp\/v2\/pages\/12442\/revisions"}],"predecessor-version":[{"id":28865,"href":"https:\/\/natussensory.com\/es\/wp-json\/wp\/v2\/pages\/12442\/revisions\/28865"}],"up":[{"embeddable":true,"href":"https:\/\/natussensory.com\/es\/wp-json\/wp\/v2\/pages\/11803"}],"wp:attachment":[{"href":"https:\/\/natussensory.com\/es\/wp-json\/wp\/v2\/media?parent=12442"}],"wp:term":[{"taxonomy":"category","embeddable":true,"href":"https:\/\/natussensory.com\/es\/wp-json\/wp\/v2\/categories?post=12442"},{"taxonomy":"post_tag","embeddable":true,"href":"https:\/\/natussensory.com\/es\/wp-json\/wp\/v2\/tags?post=12442"}],"curies":[{"name":"wp","href":"https:\/\/api.w.org\/{rel}","templated":true}]}}