{"id":12434,"date":"2023-09-25T14:06:11","date_gmt":"2023-09-25T14:06:11","guid":{"rendered":"https:\/\/natussensory.com\/sensory\/neoblue-radiometer-newborn-jaundice-treatment\/"},"modified":"2025-10-23T11:56:03","modified_gmt":"2025-10-23T11:56:03","slug":"neoblue-radiometer","status":"publish","type":"page","link":"https:\/\/natussensory.com\/es\/productos\/neoblue-radiometer\/","title":{"rendered":"neoBLUE\u00ae &#8211; Radi\u00f3metro"},"content":{"rendered":"","protected":false},"excerpt":{"rendered":"","protected":false},"author":4,"featured_media":0,"parent":11803,"menu_order":0,"comment_status":"closed","ping_status":"closed","template":"templates\/page-sensory-solutions-product-landing.php","meta":{"_acf_changed":false,"inline_featured_image":false,"footnotes":""},"categories":[316],"tags":[],"class_list":["post-12434","page","type-page","status-publish","hentry","category-manejo-de-ictericia"],"acf":{"content_blocks":[{"acf_fc_layout":"spacer","_acfe_flexible_toggle":"","spacer":{"module_options":{"":null,"module_id":"n65153d9a9e03d","module_class":"","module_background_type":"color","module_background_color":"#473089","module_background_image":false,"module_background_video":"","activate_custom_padding":false,"padding_top_desktop":"0","padding_top_tablet":"0","padding_top_mobile":"0","padding_bottom_desktop":"0","padding_bottom_tablet":"0","padding_bottom_mobile":"0","activate_custom_margin":false,"margin_top_desktop":"0","margin_top_tablet":"0","margin_top_mobile":"0","margin_bottom_desktop":"0","margin_bottom_tablet":"0","margin_bottom_mobile":"0","disable_on":[],"content_alignment_desktop":"left","content_alignment_tablet":"left","content_alignment_mobile":"left"},"height":"160"}},{"acf_fc_layout":"intro_with_sticky_image","_acfe_flexible_toggle":"","left_content_right_image_sticky":{"module_options":{"":null,"module_id":"n65153d9aa6062","module_class":"","module_background_type":"color","module_background_color":"","module_background_image":false,"module_background_video":"","activate_custom_padding":false,"padding_top_desktop":"0","padding_top_tablet":"0","padding_top_mobile":"0","padding_bottom_desktop":"0","padding_bottom_tablet":"0","padding_bottom_mobile":"0","activate_custom_margin":false,"margin_top_desktop":"0","margin_top_tablet":"0","margin_top_mobile":"0","margin_bottom_desktop":"0","margin_bottom_tablet":"0","margin_bottom_mobile":"0","disable_on":[],"content_alignment_desktop":"left","content_alignment_tablet":"left","content_alignment_mobile":"left"},"":null,"title":"Radi\u00f3metro neoBLUE<sup>\u00ae<\/sup> para el manejo de la ictericia en neonatos","subheader":"<h4>Se sentir\u00e1 seguro al saber que sus pacientes reci\u00e9n nacidos est\u00e1n\u00a0recibiendo el tratamiento adecuado con la cantidad de luz correcta<\/h4>\n<p>El radi\u00f3metro neoBLUE mide la intensidad de los sistemas de fototerapia con LED\u00a0neoBLUE proporcionando las mediciones de luz exactas en el espectro azul. Puede ajustar la intensidad de la luz de manera sencilla para obtener unos resultados \u00f3ptimos.<\/p>\n<p>&nbsp;<\/p>\n<p><span style=\"font-size: 11px;\">No disponible en todos los pa\u00edses. P\u00f3ngase en contacto con su representante de ventas local para conocer la disponibilidad.<\/span><\/p>\n","icons":false,"quick_navigation":[{"quick_link":{"type":"url","value":"#contact","url":"#contact","name":"#contact","title":"solicitar un presupuesto","target":""}},{"quick_link":{"type":"url","value":"#info","url":"#info","name":"#info","title":"Explora m\u00e1s detalles","target":""}}],"description":"","message_label":" ","message_title":"\u00bfBusca un servicio productos o asistencia t\u00e9cnica?","message_link":{"type":"post","value":"883","url":"https:\/\/natussensory.com\/support\/","name":"Service &#038; Support","title":"Servicio y soporte  ","target":""},"right_sticky_image":{"ID":6959,"id":6959,"title":"neoBLUE-Radiometer_product thumbnail","filename":"neoBLUE-Radiometer_product-thumbnail.png","filesize":196253,"url":"https:\/\/natussensory.com\/wp-content\/uploads\/neoBLUE-Radiometer_product-thumbnail.png","link":"https:\/\/natussensory.com\/es\/productos\/neoblue-radiometer\/neoblue-radiometer_product-thumbnail-2\/","alt":"neoBLUE Radiometer handheld device showing 035.0 reading for bilirubin phototherapy and irradiance monitoring.","author":"4","description":"","caption":"","name":"neoblue-radiometer_product-thumbnail-2","status":"inherit","uploaded_to":12434,"date":"2023-09-25 14:43:16","modified":"2025-05-21 09:49:19","menu_order":0,"mime_type":"image\/png","type":"image","subtype":"png","icon":"https:\/\/natussensory.com\/wp-includes\/images\/media\/default.png","width":500,"height":547,"sizes":{"thumbnail":"https:\/\/natussensory.com\/wp-content\/uploads\/neoBLUE-Radiometer_product-thumbnail.png","thumbnail-width":88,"thumbnail-height":96,"medium":"https:\/\/natussensory.com\/wp-content\/uploads\/neoBLUE-Radiometer_product-thumbnail.png","medium-width":500,"medium-height":547,"medium_large":"https:\/\/natussensory.com\/wp-content\/uploads\/neoBLUE-Radiometer_product-thumbnail.png","medium_large-width":500,"medium_large-height":547,"large":"https:\/\/natussensory.com\/wp-content\/uploads\/neoBLUE-Radiometer_product-thumbnail.png","large-width":500,"large-height":547,"1536x1536":"https:\/\/natussensory.com\/wp-content\/uploads\/neoBLUE-Radiometer_product-thumbnail.png","1536x1536-width":500,"1536x1536-height":547,"2048x2048":"https:\/\/natussensory.com\/wp-content\/uploads\/neoBLUE-Radiometer_product-thumbnail.png","2048x2048-width":500,"2048x2048-height":547}}}},{"acf_fc_layout":"simple_content","_acfe_flexible_toggle":"","content_full_width_landing":{"module_options":{"":null,"module_id":"n65153d9ab20d9","module_class":"","module_background_type":"color","module_background_color":"","module_background_image":false,"module_background_video":"","activate_custom_padding":false,"padding_top_desktop":"0","padding_top_tablet":"0","padding_top_mobile":"0","padding_bottom_desktop":"0","padding_bottom_tablet":"0","padding_bottom_mobile":"0","activate_custom_margin":false,"margin_top_desktop":"0","margin_top_tablet":"0","margin_top_mobile":"0","margin_bottom_desktop":"0","margin_bottom_tablet":"0","margin_bottom_mobile":"0","disable_on":[],"content_alignment_desktop":"left","content_alignment_tablet":"left","content_alignment_mobile":"left"},"activate_custom_container_width":false,"container_width":"","content":"<h2>Dise\u00f1ada pensando en el paciente<\/h2>\n<p><img loading=\"lazy\" decoding=\"async\" class=\"aligncenter size-full wp-image-6960\" src=\"https:\/\/natussensory.com\/wp-content\/uploads\/neoBLUE-Radiometer_banner.jpg\" alt=\"\" width=\"1733\" height=\"800\" srcset=\"https:\/\/natussensory.com\/wp-content\/uploads\/neoBLUE-Radiometer_banner.jpg 1733w, https:\/\/natussensory.com\/wp-content\/uploads\/neoBLUE-Radiometer_banner-768x355.jpg 768w, https:\/\/natussensory.com\/wp-content\/uploads\/neoBLUE-Radiometer_banner-1536x709.jpg 1536w\" sizes=\"auto, (max-width: 1733px) 100vw, 1733px\" \/><\/p>\n"}},{"acf_fc_layout":"product_details_right_image_and_left_content","_acfe_flexible_toggle":"","right_image_left_content_single_cta_landing":{"module_options":{"":null,"module_id":"n65153d9aba313","module_class":"","module_background_type":"color","module_background_color":"","module_background_image":false,"module_background_video":"","activate_custom_padding":false,"padding_top_desktop":"0","padding_top_tablet":"0","padding_top_mobile":"0","padding_bottom_desktop":"0","padding_bottom_tablet":"0","padding_bottom_mobile":"0","activate_custom_margin":false,"margin_top_desktop":"0","margin_top_tablet":"0","margin_top_mobile":"0","margin_bottom_desktop":"0","margin_bottom_tablet":"0","margin_bottom_mobile":"0","disable_on":[],"content_alignment_desktop":"left","content_alignment_tablet":"left","content_alignment_mobile":"left"},"":null,"label":"","title":"Dise\u00f1o preciso","description":"<p>El sistema \u00f3ptico de precisi\u00f3n proporciona mediciones fiables y reproducibles. Muestra la unidad de medici\u00f3n est\u00e1ndar: micro vatios por cent\u00edmetro cuadrado por nan\u00f3metro (\u00b5W\/cm<sup>2<\/sup>\/nm).<\/p>\n<p>&nbsp;<\/p>\n<h4>ise\u00f1o inteligente<\/h4>\n<p>Puede realizar mediciones de manera sencilla con solo pulsar un bot\u00f3n al mismo tiempo que realiza ajustes en la intensidad de la luz. Utiliza el radi\u00f3metro neoBLUE como ayuda para determinar cu\u00e1l es la altura adecuada de las luces situadas por encima del beb\u00e9. Verifica que se suministra la irradiancia adecuada.<\/p>\n<p>&nbsp;<\/p>\n<h4>Dise\u00f1o flexible<\/h4>\n<p>Use el radi\u00f3metro neoBLUE para proporcionar lecturas precisas en el espectro azul. Dise\u00f1ado para funcionar en sincron\u00eda con la l\u00ednea de productos de fototerapia neoBLUE LED, incluidos el sistema de fototerapia neoBLUE LED, y los sistemas neoBLUE compact y neoBLUE blanket.<\/p>\n","link":null,"image":{"ID":6969,"id":6969,"title":"neoBLUE-Radiometer_phototherapy-product-line_spot","filename":"neoBLUE-Radiometer_phototherapy-product-line_spot.jpg","filesize":89155,"url":"https:\/\/natussensory.com\/wp-content\/uploads\/neoBLUE-Radiometer_phototherapy-product-line_spot.jpg","link":"https:\/\/natussensory.com\/es\/productos\/neoblue-radiometer\/neoblue-radiometer_phototherapy-product-line_spot-2\/","alt":"neoBLUE Radiometer with overhead and blanket phototherapy systems for neonatal bilirubin treatment and irradiance monitoring.","author":"4","description":"","caption":"","name":"neoblue-radiometer_phototherapy-product-line_spot-2","status":"inherit","uploaded_to":12434,"date":"2023-09-25 14:46:04","modified":"2025-05-21 09:48:52","menu_order":0,"mime_type":"image\/jpeg","type":"image","subtype":"jpeg","icon":"https:\/\/natussensory.com\/wp-includes\/images\/media\/default.png","width":800,"height":450,"sizes":{"thumbnail":"https:\/\/natussensory.com\/wp-content\/uploads\/neoBLUE-Radiometer_phototherapy-product-line_spot.jpg","thumbnail-width":128,"thumbnail-height":72,"medium":"https:\/\/natussensory.com\/wp-content\/uploads\/neoBLUE-Radiometer_phototherapy-product-line_spot.jpg","medium-width":800,"medium-height":450,"medium_large":"https:\/\/natussensory.com\/wp-content\/uploads\/neoBLUE-Radiometer_phototherapy-product-line_spot-768x432.jpg","medium_large-width":768,"medium_large-height":432,"large":"https:\/\/natussensory.com\/wp-content\/uploads\/neoBLUE-Radiometer_phototherapy-product-line_spot.jpg","large-width":800,"large-height":450,"1536x1536":"https:\/\/natussensory.com\/wp-content\/uploads\/neoBLUE-Radiometer_phototherapy-product-line_spot.jpg","1536x1536-width":800,"1536x1536-height":450,"2048x2048":"https:\/\/natussensory.com\/wp-content\/uploads\/neoBLUE-Radiometer_phototherapy-product-line_spot.jpg","2048x2048-width":800,"2048x2048-height":450}}}},{"acf_fc_layout":"simple_content","_acfe_flexible_toggle":"","content_full_width_landing":{"module_options":{"":null,"module_id":"n65153d9ac3af4","module_class":"","module_background_type":"color","module_background_color":"","module_background_image":false,"module_background_video":"","activate_custom_padding":false,"padding_top_desktop":"0","padding_top_tablet":"0","padding_top_mobile":"0","padding_bottom_desktop":"0","padding_bottom_tablet":"0","padding_bottom_mobile":"0","activate_custom_margin":false,"margin_top_desktop":"0","margin_top_tablet":"0","margin_top_mobile":"0","margin_bottom_desktop":"0","margin_bottom_tablet":"0","margin_bottom_mobile":"0","disable_on":[],"content_alignment_desktop":"left","content_alignment_tablet":"left","content_alignment_mobile":"left"},"activate_custom_container_width":false,"container_width":"","content":"<h4>Caracter\u00edsticas principales<\/h4>\n<ul>\n<li>Las mediciones son f\u00e1ciles de leer en la n\u00edtida ventana de gran tama\u00f1o de visualizaci\u00f3n<\/li>\n<li>Sensor integrado, sin cables<\/li>\n<li>Dise\u00f1o peque\u00f1o y aerodin\u00e1mico f\u00e1cil de sujetar<\/li>\n<\/ul>\n<p>&nbsp;<\/p>\n<h4>Le ayudar\u00e1 a cumplir las directrices de la AAP para fototerapia intensiva<\/h4>\n<ul>\n<li>Mide autom\u00e1ticamente la irradiaci\u00f3n de 0,1 a 299\u00a0\u00b5W\/cm\u00b2\/nm<\/li>\n<li>Mide el espectro de acci\u00f3n de la bilirrubina: 420 a 500\u00a0nm<\/li>\n<li>Calibrados individualmente conforme a la norma ISO 9001 seg\u00fan el est\u00e1ndar de medici\u00f3n nacional, cada dispositivo se suministra con un certificado de calibraci\u00f3n para referencia hospitalaria.<\/li>\n<\/ul>\n"}},{"acf_fc_layout":"related_products","_acfe_flexible_layout_title":"Resources and Support","_acfe_flexible_toggle":"","tiles_3_columns_landing":{"module_options":{"":null,"module_id":"info","module_class":"","module_background_type":"color","module_background_color":"","module_background_image":false,"module_background_video":"","activate_custom_padding":false,"padding_top_desktop":"0","padding_top_tablet":"0","padding_top_mobile":"0","padding_bottom_desktop":"0","padding_bottom_tablet":"0","padding_bottom_mobile":"0","activate_custom_margin":false,"margin_top_desktop":"0","margin_top_tablet":"0","margin_top_mobile":"0","margin_bottom_desktop":"0","margin_bottom_tablet":"0","margin_bottom_mobile":"0","disable_on":[],"content_alignment_desktop":"left","content_alignment_tablet":"left","content_alignment_mobile":"left"},"intro_text":"Recursos y Soporte","intro_text_color":"","intro_link":null,"tiles":[{"label":"Recursos","label_background_color":"#154284","image":false,"title":"Folleto, Flyer, Ficha T\u00e9cnica y m\u00e1s","link":{"type":"url","value":"https:\/\/natus.bynder.com\/web\/ede1bb815c0b339\/resource-library-neoblue-radiometer\/","url":"https:\/\/natus.bynder.com\/web\/ede1bb815c0b339\/resource-library-neoblue-radiometer\/","name":"https:\/\/natus.bynder.com\/web\/ede1bb815c0b339\/resource-library-neoblue-radiometer\/","title":"neoBLUE Radiometer Recursos","target":"_blank"}},{"label":"Soporte","label_background_color":"#154284","image":false,"title":"Gu\u00edas De Usario y Manuales (eIFUs)","link":{"type":"post","value":"883","url":"https:\/\/natussensory.com\/support\/","name":"Service &#038; Support","title":"Servicio y Soporte","target":""}}]}},{"acf_fc_layout":"related_products","_acfe_flexible_toggle":"","tiles_3_columns_landing":{"module_options":{"":null,"module_id":"n65153d9b2324e","module_class":"","module_background_type":"color","module_background_color":"","module_background_image":false,"module_background_video":"","activate_custom_padding":false,"padding_top_desktop":"0","padding_top_tablet":"0","padding_top_mobile":"0","padding_bottom_desktop":"0","padding_bottom_tablet":"0","padding_bottom_mobile":"0","activate_custom_margin":false,"margin_top_desktop":"0","margin_top_tablet":"0","margin_top_mobile":"0","margin_bottom_desktop":"0","margin_bottom_tablet":"0","margin_bottom_mobile":"0","disable_on":[],"content_alignment_desktop":"left","content_alignment_tablet":"left","content_alignment_mobile":"left"},"intro_text":"Productos Relacionados","intro_text_color":"#005e63","intro_link":{"type":"post","value":"1518","url":"https:\/\/natussensory.com\/products\/","name":"Products","title":"Ver todos los productos","target":""},"tiles":[{"label":"neoBLUE LED","label_background_color":"#154284","image":{"ID":6974,"id":6974,"title":"neoBLUE-LED_linkspot","filename":"neoBLUE-LED_linkspot.jpg","filesize":133488,"url":"https:\/\/natussensory.com\/wp-content\/uploads\/neoBLUE-LED_linkspot.jpg","link":"https:\/\/natussensory.com\/es\/productos\/neoblue-radiometer\/neoblue-led_linkspot-2\/","alt":"neoBLUE-LED","author":"4","description":"","caption":"","name":"neoblue-led_linkspot-2","status":"inherit","uploaded_to":12434,"date":"2023-09-25 14:50:54","modified":"2025-08-06 14:46:06","menu_order":0,"mime_type":"image\/png","type":"image","subtype":"png","icon":"https:\/\/natussensory.com\/wp-includes\/images\/media\/default.png","width":600,"height":300,"sizes":{"thumbnail":"https:\/\/natussensory.com\/wp-content\/uploads\/neoBLUE-LED_linkspot.jpg","thumbnail-width":128,"thumbnail-height":64,"medium":"https:\/\/natussensory.com\/wp-content\/uploads\/neoBLUE-LED_linkspot.jpg","medium-width":600,"medium-height":300,"medium_large":"https:\/\/natussensory.com\/wp-content\/uploads\/neoBLUE-LED_linkspot.jpg","medium_large-width":600,"medium_large-height":300,"large":"https:\/\/natussensory.com\/wp-content\/uploads\/neoBLUE-LED_linkspot.jpg","large-width":600,"large-height":300,"1536x1536":"https:\/\/natussensory.com\/wp-content\/uploads\/neoBLUE-LED_linkspot.jpg","1536x1536-width":600,"1536x1536-height":300,"2048x2048":"https:\/\/natussensory.com\/wp-content\/uploads\/neoBLUE-LED_linkspot.jpg","2048x2048-width":600,"2048x2048-height":300}},"title":"Sistema de fototerapia con LED","link":{"type":"post","value":"6889","url":"https:\/\/natussensory.com\/products\/neoblue-led-phototherapy-system\/","name":"neoBLUE\u00ae LED Phototherapy System","title":"Aprenda M\u00e1s","target":""}},{"label":"neoBLUE Compact","label_background_color":"#154284","image":{"ID":6989,"id":6989,"title":"neoBLUE-compact_linkspot","filename":"neoBLUE-compact_linkspot.jpg","filesize":138856,"url":"https:\/\/natussensory.com\/wp-content\/uploads\/neoBLUE-compact_linkspot.jpg","link":"https:\/\/natussensory.com\/es\/productos\/neoblue-radiometer\/neoblue-compact_linkspot-2\/","alt":"neoBLUE-compact","author":"4","description":"","caption":"","name":"neoblue-compact_linkspot-2","status":"inherit","uploaded_to":12434,"date":"2023-09-25 14:51:00","modified":"2025-08-06 14:42:57","menu_order":0,"mime_type":"image\/png","type":"image","subtype":"png","icon":"https:\/\/natussensory.com\/wp-includes\/images\/media\/default.png","width":600,"height":300,"sizes":{"thumbnail":"https:\/\/natussensory.com\/wp-content\/uploads\/neoBLUE-compact_linkspot.jpg","thumbnail-width":128,"thumbnail-height":64,"medium":"https:\/\/natussensory.com\/wp-content\/uploads\/neoBLUE-compact_linkspot.jpg","medium-width":600,"medium-height":300,"medium_large":"https:\/\/natussensory.com\/wp-content\/uploads\/neoBLUE-compact_linkspot.jpg","medium_large-width":600,"medium_large-height":300,"large":"https:\/\/natussensory.com\/wp-content\/uploads\/neoBLUE-compact_linkspot.jpg","large-width":600,"large-height":300,"1536x1536":"https:\/\/natussensory.com\/wp-content\/uploads\/neoBLUE-compact_linkspot.jpg","1536x1536-width":600,"1536x1536-height":300,"2048x2048":"https:\/\/natussensory.com\/wp-content\/uploads\/neoBLUE-compact_linkspot.jpg","2048x2048-width":600,"2048x2048-height":300}},"title":"Sistema de fototerapia con LED compact","link":{"type":"post","value":"6903","url":"https:\/\/natussensory.com\/products\/neoblue-compact\/","name":"neoBLUE\u00ae Compact LED Phototherapy for Jaundice","title":"Aprenda M\u00e1s","target":""}},{"label":"neoBLUE Blanket","label_background_color":"#154284","image":{"ID":6984,"id":6984,"title":"neoBLUE-blanket_linkspot","filename":"neoblue-blanket_linkspot.jpg","filesize":125125,"url":"https:\/\/natussensory.com\/wp-content\/uploads\/neoblue-blanket_linkspot.jpg","link":"https:\/\/natussensory.com\/es\/productos\/neoblue-radiometer\/neoblue-blanket_linkspot-2\/","alt":"neoblue-blanket","author":"4","description":"","caption":"","name":"neoblue-blanket_linkspot-2","status":"inherit","uploaded_to":12434,"date":"2023-09-25 14:50:58","modified":"2025-08-06 14:40:12","menu_order":0,"mime_type":"image\/png","type":"image","subtype":"png","icon":"https:\/\/natussensory.com\/wp-includes\/images\/media\/default.png","width":600,"height":300,"sizes":{"thumbnail":"https:\/\/natussensory.com\/wp-content\/uploads\/neoblue-blanket_linkspot.jpg","thumbnail-width":128,"thumbnail-height":64,"medium":"https:\/\/natussensory.com\/wp-content\/uploads\/neoblue-blanket_linkspot.jpg","medium-width":600,"medium-height":300,"medium_large":"https:\/\/natussensory.com\/wp-content\/uploads\/neoblue-blanket_linkspot.jpg","medium_large-width":600,"medium_large-height":300,"large":"https:\/\/natussensory.com\/wp-content\/uploads\/neoblue-blanket_linkspot.jpg","large-width":600,"large-height":300,"1536x1536":"https:\/\/natussensory.com\/wp-content\/uploads\/neoblue-blanket_linkspot.jpg","1536x1536-width":600,"1536x1536-height":300,"2048x2048":"https:\/\/natussensory.com\/wp-content\/uploads\/neoblue-blanket_linkspot.jpg","2048x2048-width":600,"2048x2048-height":300}},"title":"Dise\u00f1ado para que los m\u00e9dicos, cuidadores y padres trabajen de manera conjunta","link":{"type":"post","value":"6928","url":"https:\/\/natussensory.com\/products\/neoblue-blanket\/","name":"neoBLUE\u00ae blanket &#8211; LED Phototherapy System","title":"Aprenda M\u00e1s","target":""}}]}},{"acf_fc_layout":"contact_form","_acfe_flexible_toggle":"","contact_form_landing":{"module_options":{"":null,"module_id":"contact","module_class":"","module_background_type":"color","module_background_color":"","module_background_image":false,"module_background_video":"","activate_custom_padding":false,"padding_top_desktop":0,"padding_top_tablet":"","padding_top_mobile":"","padding_bottom_desktop":"","padding_bottom_tablet":"","padding_bottom_mobile":"","activate_custom_margin":false,"margin_top_desktop":"","margin_top_tablet":"","margin_top_mobile":"","margin_bottom_desktop":"","margin_bottom_tablet":"","margin_bottom_mobile":"","disable_on":[],"content_alignment_desktop":"left","content_alignment_tablet":"left","content_alignment_mobile":"left"},"":null,"activate_intro":false,"intro_text":"","intro_text_color":"","intro_link":null,"activate_description":true,"description_title":"Contacto","description_copy":"","embed_code":"<script charset=\"utf-8\" type=\"text\/javascript\" src=\"\/\/js.hsforms.net\/forms\/embed\/v2.js\"><\/script>\r\n<script>\r\n  hbspt.forms.create({\r\n    region: \"na1\",\r\n    portalId: \"3002890\",\r\n    formId: \"1880a511-57f2-43f8-ad33-1076e22f5f14\"\r\n  });\r\n<\/script>"}},{"acf_fc_layout":"simple_content","_acfe_flexible_layout_title":"Part number","_acfe_flexible_toggle":"","content_full_width_landing":{"module_options":{"":null,"module_id":"n65153d9c09a19","module_class":"","module_background_type":"color","module_background_color":"","module_background_image":false,"module_background_video":"","activate_custom_padding":false,"padding_top_desktop":0,"padding_top_tablet":"","padding_top_mobile":"","padding_bottom_desktop":"","padding_bottom_tablet":"","padding_bottom_mobile":"","activate_custom_margin":false,"margin_top_desktop":"","margin_top_tablet":"","margin_top_mobile":"","margin_bottom_desktop":"","margin_bottom_tablet":"","margin_bottom_mobile":"","disable_on":[],"content_alignment_desktop":"left","content_alignment_tablet":"left","content_alignment_mobile":"left"},"activate_custom_container_width":false,"container_width":"","content":"<p><span style=\"font-size: 11px;\">044830-ES RevA<\/span><\/p>\n"}}]},"_links":{"self":[{"href":"https:\/\/natussensory.com\/es\/wp-json\/wp\/v2\/pages\/12434","targetHints":{"allow":["GET"]}}],"collection":[{"href":"https:\/\/natussensory.com\/es\/wp-json\/wp\/v2\/pages"}],"about":[{"href":"https:\/\/natussensory.com\/es\/wp-json\/wp\/v2\/types\/page"}],"author":[{"embeddable":true,"href":"https:\/\/natussensory.com\/es\/wp-json\/wp\/v2\/users\/4"}],"replies":[{"embeddable":true,"href":"https:\/\/natussensory.com\/es\/wp-json\/wp\/v2\/comments?post=12434"}],"version-history":[{"count":8,"href":"https:\/\/natussensory.com\/es\/wp-json\/wp\/v2\/pages\/12434\/revisions"}],"predecessor-version":[{"id":27724,"href":"https:\/\/natussensory.com\/es\/wp-json\/wp\/v2\/pages\/12434\/revisions\/27724"}],"up":[{"embeddable":true,"href":"https:\/\/natussensory.com\/es\/wp-json\/wp\/v2\/pages\/11803"}],"wp:attachment":[{"href":"https:\/\/natussensory.com\/es\/wp-json\/wp\/v2\/media?parent=12434"}],"wp:term":[{"taxonomy":"category","embeddable":true,"href":"https:\/\/natussensory.com\/es\/wp-json\/wp\/v2\/categories?post=12434"},{"taxonomy":"post_tag","embeddable":true,"href":"https:\/\/natussensory.com\/es\/wp-json\/wp\/v2\/tags?post=12434"}],"curies":[{"name":"wp","href":"https:\/\/api.w.org\/{rel}","templated":true}]}}