{"id":12430,"date":"2023-09-25T13:24:40","date_gmt":"2023-09-25T13:24:40","guid":{"rendered":"https:\/\/natussensory.com\/sensory\/neoblue-blanket\/"},"modified":"2025-10-22T13:52:13","modified_gmt":"2025-10-22T13:52:13","slug":"neoblue-blanket","status":"publish","type":"page","link":"https:\/\/natussensory.com\/es\/productos\/neoblue-blanket\/","title":{"rendered":"neoBLUE\u00ae blanket &#8211; Sistema de fototerapia"},"content":{"rendered":"","protected":false},"excerpt":{"rendered":"","protected":false},"author":4,"featured_media":0,"parent":11803,"menu_order":0,"comment_status":"closed","ping_status":"closed","template":"templates\/page-sensory-solutions-product-landing.php","meta":{"_acf_changed":false,"inline_featured_image":false,"footnotes":""},"categories":[316],"tags":[],"class_list":["post-12430","page","type-page","status-publish","hentry","category-manejo-de-ictericia"],"acf":{"content_blocks":[{"acf_fc_layout":"spacer","_acfe_flexible_toggle":"","spacer":{"module_options":{"":null,"module_id":"n65153c0f70e78","module_class":"","module_background_type":"color","module_background_color":"#473089","module_background_image":false,"module_background_video":"","activate_custom_padding":false,"padding_top_desktop":"0","padding_top_tablet":"0","padding_top_mobile":"0","padding_bottom_desktop":"0","padding_bottom_tablet":"0","padding_bottom_mobile":"0","activate_custom_margin":false,"margin_top_desktop":"0","margin_top_tablet":"0","margin_top_mobile":"0","margin_bottom_desktop":"0","margin_bottom_tablet":"0","margin_bottom_mobile":"0","disable_on":[],"content_alignment_desktop":"left","content_alignment_tablet":"left","content_alignment_mobile":"left"},"height":"160"}},{"acf_fc_layout":"intro_with_sticky_image","_acfe_flexible_toggle":"","left_content_right_image_sticky":{"module_options":{"":null,"module_id":"n65153c0f78eea","module_class":"","module_background_type":"color","module_background_color":"","module_background_image":false,"module_background_video":"","activate_custom_padding":false,"padding_top_desktop":"0","padding_top_tablet":"0","padding_top_mobile":"0","padding_bottom_desktop":"0","padding_bottom_tablet":"0","padding_bottom_mobile":"0","activate_custom_margin":false,"margin_top_desktop":"0","margin_top_tablet":"0","margin_top_mobile":"0","margin_bottom_desktop":"0","margin_bottom_tablet":"0","margin_bottom_mobile":"0","disable_on":[],"content_alignment_desktop":"left","content_alignment_tablet":"left","content_alignment_mobile":"left"},"":null,"title":"Sistema de fototerapia con LED neoBLUE<sup>\u00ae<\/sup> blanket","subheader":"<p>El\u00a0sistema de fototerapia con LED neoBLUE<sup>\u00ae<\/sup>\u00a0blanket ha sido dise\u00f1ado para que los m\u00e9dicos, cuidadores y padres trabajen de manera conjunta. Permite proporcionar a los reci\u00e9n nacidos con ictericia el mejor comienzo posible en la vida.<\/p>\n<p>&nbsp;<\/p>\n<h4>Fototerapia intensiva que apoya el cuidado centrado en la familia y el desarrollo del reci\u00e9n nacido.<\/h4>\n<p>La manta neoBLUE blanket de \u00faltima generaci\u00f3n convierte el tratamiento de la ictericia en un cuidado rutinario sencillo, ya que ofrece fototerapia con diodos emisores de luz (LED) azul en una amplia variedad de configuraciones. El tratamiento puede continuar durante el contacto piel con piel o durante el amamantamiento, lo que evita las interrupciones o alteraciones a lo largo de todo el proceso de atenci\u00f3n continua. La manta neoBLUE blanket proporciona a las familias la posibilidad de participar y ser fundamentales en el cuidado del neonato.<\/p>\n","icons":false,"quick_navigation":[{"quick_link":{"type":"url","value":"#contact","url":"#contact","name":"#contact","title":"solicitar un presupuesto","target":""}},{"quick_link":{"type":"url","value":"#info","url":"#info","name":"#info","title":"Explora m\u00e1s detalles","target":""}}],"description":"","message_label":" ","message_title":"\u00bfBusca un servicio productos o asistencia t\u00e9cnica?","message_link":{"type":"post","value":"883","url":"https:\/\/natussensory.com\/support\/","name":"Service &#038; Support","title":"Servicio y soporte  ","target":""},"right_sticky_image":{"ID":6950,"id":6950,"title":"neoBLUE-compact_product thumbnail","filename":"neoBLUE-compact_product-thumbnail-1.png","filesize":120862,"url":"https:\/\/natussensory.com\/wp-content\/uploads\/neoBLUE-compact_product-thumbnail-1.png","link":"https:\/\/natussensory.com\/es\/productos\/neoblue-blanket\/neoblue-compact_product-thumbnail-2-2\/","alt":"Intensive blue LED phototherapy with neoBLUE blanket for neonatal jaundice treatment.","author":"4","description":"","caption":"","name":"neoblue-compact_product-thumbnail-2-2","status":"inherit","uploaded_to":12430,"date":"2023-09-25 13:59:43","modified":"2025-05-20 14:30:03","menu_order":0,"mime_type":"image\/png","type":"image","subtype":"png","icon":"https:\/\/natussensory.com\/wp-includes\/images\/media\/default.png","width":500,"height":388,"sizes":{"thumbnail":"https:\/\/natussensory.com\/wp-content\/uploads\/neoBLUE-compact_product-thumbnail-1.png","thumbnail-width":124,"thumbnail-height":96,"medium":"https:\/\/natussensory.com\/wp-content\/uploads\/neoBLUE-compact_product-thumbnail-1.png","medium-width":500,"medium-height":388,"medium_large":"https:\/\/natussensory.com\/wp-content\/uploads\/neoBLUE-compact_product-thumbnail-1.png","medium_large-width":500,"medium_large-height":388,"large":"https:\/\/natussensory.com\/wp-content\/uploads\/neoBLUE-compact_product-thumbnail-1.png","large-width":500,"large-height":388,"1536x1536":"https:\/\/natussensory.com\/wp-content\/uploads\/neoBLUE-compact_product-thumbnail-1.png","1536x1536-width":500,"1536x1536-height":388,"2048x2048":"https:\/\/natussensory.com\/wp-content\/uploads\/neoBLUE-compact_product-thumbnail-1.png","2048x2048-width":500,"2048x2048-height":388}}}},{"acf_fc_layout":"product_details_right_image_and_left_content","_acfe_flexible_toggle":"","right_image_left_content_single_cta_landing":{"module_options":{"":null,"module_id":"n65153c0f84a70","module_class":"","module_background_type":"color","module_background_color":"","module_background_image":false,"module_background_video":"","activate_custom_padding":false,"padding_top_desktop":"0","padding_top_tablet":"0","padding_top_mobile":"0","padding_bottom_desktop":"0","padding_bottom_tablet":"0","padding_bottom_mobile":"0","activate_custom_margin":false,"margin_top_desktop":"0","margin_top_tablet":"0","margin_top_mobile":"0","margin_bottom_desktop":"0","margin_bottom_tablet":"0","margin_bottom_mobile":"0","disable_on":[],"content_alignment_desktop":"left","content_alignment_tablet":"left","content_alignment_mobile":"left"},"":null,"label":"","title":"Dise\u00f1o seguro","description":"<p>Se debe otorgar la m\u00e1xima prioridad a la seguridad en el cuidado de neonatos. El sistema de fototerapia con LED neoBLUE blanket garantiza que la fototerapia con LED sea intensiva a la vez que segura reduciendo as\u00ed el riesgo de causar da\u00f1os en la piel y p\u00e9rdida de fluidos.<\/p>\n<p>&nbsp;<\/p>\n<h4>Dise\u00f1o flexible<\/h4>\n<p>Ligera y port\u00e1til, la manta neoBLUE blanket resulta ideal para utilizarse tanto en la UCI de neonatos como en las consultas de beb\u00e9 sano y en entornos dom\u00e9sticos, adapt\u00e1ndose a espacios cerrados existentes como, por ejemplo, cunas, mois\u00e9s, calentadores radiantes e incubadoras. Se utiliza tanto como unidad independiente como con sistemas de fototerapia neoBLUE situados por encima del beb\u00e9, lo cual proporciona una gran flexibilidad a la hora de realizar terapias de alta intensidad cuando sea necesario.<sup>1<\/sup><\/p>\n","link":null,"image":{"ID":6938,"id":6938,"title":"neoBLUE-blanket_mother-and-baby_spot","filename":"neoBLUE-blanket_mother-and-baby_spot.jpg","filesize":290338,"url":"https:\/\/natussensory.com\/wp-content\/uploads\/neoBLUE-blanket_mother-and-baby_spot.jpg","link":"https:\/\/natussensory.com\/es\/productos\/neoblue-blanket\/neoblue-blanket_mother-and-baby_spot-2\/","alt":"Mother using neoBLUE blanket LED Phototherapy System for neonatal jaundice treatment.","author":"4","description":"","caption":"","name":"neoblue-blanket_mother-and-baby_spot-2","status":"inherit","uploaded_to":12430,"date":"2023-09-25 13:21:09","modified":"2025-05-20 14:31:21","menu_order":0,"mime_type":"image\/jpeg","type":"image","subtype":"jpeg","icon":"https:\/\/natussensory.com\/wp-includes\/images\/media\/default.png","width":800,"height":450,"sizes":{"thumbnail":"https:\/\/natussensory.com\/wp-content\/uploads\/neoBLUE-blanket_mother-and-baby_spot.jpg","thumbnail-width":128,"thumbnail-height":72,"medium":"https:\/\/natussensory.com\/wp-content\/uploads\/neoBLUE-blanket_mother-and-baby_spot.jpg","medium-width":800,"medium-height":450,"medium_large":"https:\/\/natussensory.com\/wp-content\/uploads\/neoBLUE-blanket_mother-and-baby_spot-768x432.jpg","medium_large-width":768,"medium_large-height":432,"large":"https:\/\/natussensory.com\/wp-content\/uploads\/neoBLUE-blanket_mother-and-baby_spot.jpg","large-width":800,"large-height":450,"1536x1536":"https:\/\/natussensory.com\/wp-content\/uploads\/neoBLUE-blanket_mother-and-baby_spot.jpg","1536x1536-width":800,"1536x1536-height":450,"2048x2048":"https:\/\/natussensory.com\/wp-content\/uploads\/neoBLUE-blanket_mother-and-baby_spot.jpg","2048x2048-width":800,"2048x2048-height":450}}}},{"acf_fc_layout":"product_details_left_image_and_right_content","_acfe_flexible_toggle":"","left_image_right_content_single_cta_landing":{"module_options":{"":null,"module_id":"n65153c0f8c49d","module_class":"","module_background_type":"color","module_background_color":"","module_background_image":false,"module_background_video":"","activate_custom_padding":false,"padding_top_desktop":"0","padding_top_tablet":"0","padding_top_mobile":"0","padding_bottom_desktop":"0","padding_bottom_tablet":"0","padding_bottom_mobile":"0","activate_custom_margin":false,"margin_top_desktop":"0","margin_top_tablet":"0","margin_top_mobile":"0","margin_bottom_desktop":"0","margin_bottom_tablet":"0","margin_bottom_mobile":"0","disable_on":[],"content_alignment_desktop":"left","content_alignment_tablet":"left","content_alignment_mobile":"left"},"image":{"ID":6943,"id":6943,"title":"neoBLUE-blanket_baby_spot","filename":"neoBLUE-blanket_baby_spot.jpg","filesize":278518,"url":"https:\/\/natussensory.com\/wp-content\/uploads\/neoBLUE-blanket_baby_spot.jpg","link":"https:\/\/natussensory.com\/es\/productos\/neoblue-blanket\/neoblue-blanket_baby_spot-2\/","alt":"Infant receiving neonatal jaundice treatment with neoBLUE blanket Intensive LED Phototherapy System.","author":"4","description":"","caption":"","name":"neoblue-blanket_baby_spot-2","status":"inherit","uploaded_to":12430,"date":"2023-09-25 13:21:12","modified":"2025-05-20 14:32:38","menu_order":0,"mime_type":"image\/jpeg","type":"image","subtype":"jpeg","icon":"https:\/\/natussensory.com\/wp-includes\/images\/media\/default.png","width":800,"height":450,"sizes":{"thumbnail":"https:\/\/natussensory.com\/wp-content\/uploads\/neoBLUE-blanket_baby_spot.jpg","thumbnail-width":128,"thumbnail-height":72,"medium":"https:\/\/natussensory.com\/wp-content\/uploads\/neoBLUE-blanket_baby_spot.jpg","medium-width":800,"medium-height":450,"medium_large":"https:\/\/natussensory.com\/wp-content\/uploads\/neoBLUE-blanket_baby_spot-768x432.jpg","medium_large-width":768,"medium_large-height":432,"large":"https:\/\/natussensory.com\/wp-content\/uploads\/neoBLUE-blanket_baby_spot.jpg","large-width":800,"large-height":450,"1536x1536":"https:\/\/natussensory.com\/wp-content\/uploads\/neoBLUE-blanket_baby_spot.jpg","1536x1536-width":800,"1536x1536-height":450,"2048x2048":"https:\/\/natussensory.com\/wp-content\/uploads\/neoBLUE-blanket_baby_spot.jpg","2048x2048-width":800,"2048x2048-height":450}},"label":"","title":"Dise\u00f1o c\u00f3modo","description":"<p>El suave acolchado de la manta neoBLUE blanket dise\u00f1ado de forma anat\u00f3mica est\u00e1 disponible en distintos tama\u00f1os. La c\u00f3moda l\u00e1mina de colch\u00f3n y el cable largo y ligero est\u00e1n dise\u00f1ados para que el neonato est\u00e9 sostenido y sujeto durante la terapia, ayudando a fortalecer el v\u00ednculo entre la madre y su hijo y, sobre todo, a favorecer el bienestar del reci\u00e9n nacido.<\/p>\n<ul>\n<li>Dise\u00f1o ovalado y aerodin\u00e1mico que se adapta a la forma del neonato<\/li>\n<li>Mantas de tama\u00f1o grande y peque\u00f1o disponibles<\/li>\n<li>El colch\u00f3n proporciona un amortiguamiento c\u00f3modo debajo del neonato<\/li>\n<li>Las fundas de colch\u00f3n desechables garantizan una superficie limpia y suave para el neonato<\/li>\n<li>El neonato se puede arropar o envolver mientras se usa la manta neoBLUE blanket<\/li>\n<li>El beb\u00e9 puede ser sostenido o amamantado sin interrumpir la fototerapia, lo que fomenta el v\u00ednculo afectivo entre el beb\u00e9 y sus padres<\/li>\n<\/ul>\n","link":null}},{"acf_fc_layout":"simple_content","_acfe_flexible_toggle":"","content_full_width_landing":{"module_options":{"":null,"module_id":"n65153c0f965c2","module_class":"","module_background_type":"color","module_background_color":"","module_background_image":false,"module_background_video":"","activate_custom_padding":false,"padding_top_desktop":"0","padding_top_tablet":"0","padding_top_mobile":"0","padding_bottom_desktop":"0","padding_bottom_tablet":"0","padding_bottom_mobile":"0","activate_custom_margin":false,"margin_top_desktop":"0","margin_top_tablet":"0","margin_top_mobile":"0","margin_bottom_desktop":"0","margin_bottom_tablet":"0","margin_bottom_mobile":"0","disable_on":[],"content_alignment_desktop":"left","content_alignment_tablet":"left","content_alignment_mobile":"left"},"activate_custom_container_width":false,"container_width":"","content":"<h4>Proporcionar cuidados a los reci\u00e9n nacidos con ictericia en el hogar<\/h4>\n<p>Segura y f\u00e1cil de usar fuera del entorno hospitalario, la manta neoBLUE blanket ofrece una fototerapia con LED intensiva y eficaz ideal para programas de fototerapia en el hogar, lo que ayuda a evitar alteraciones en las rutinas diarias de la vida familiar.<\/p>\n<p>&nbsp;<\/p>\n<h4>Cumple con las directrices de la AAP para fototerapia intensiva<sup>1\u00a0<\/sup><\/h4>\n<p><strong>Intensidad:\u00a0<\/strong>Ofrece fototerapia intensiva: &gt; 30 \u03bcW\/cm<sup>2<\/sup>\u00a0\/nm<\/p>\n<p><strong>Espectro:<\/strong>\u00a0el LED neoBLUE emite luz azul en el espectro de 450 &#8211; 475 nm, que corresponde a la longitud de onda de m\u00e1xima absorci\u00f3n (458 nm) en la que se descompone la bilirrubina<sup>2\u00a0<\/sup><\/p>\n<p><strong>\u00c1rea de superficie cubierta:<\/strong>\u00a0La manta proporciona fototerapia sobre una gran superficie<\/p>\n"}},{"acf_fc_layout":"related_products","_acfe_flexible_layout_title":"Resources and Support","_acfe_flexible_toggle":"","tiles_3_columns_landing":{"module_options":{"":null,"module_id":"info","module_class":"","module_background_type":"color","module_background_color":"","module_background_image":false,"module_background_video":"","activate_custom_padding":false,"padding_top_desktop":"0","padding_top_tablet":"0","padding_top_mobile":"0","padding_bottom_desktop":"0","padding_bottom_tablet":"0","padding_bottom_mobile":"0","activate_custom_margin":false,"margin_top_desktop":"0","margin_top_tablet":"0","margin_top_mobile":"0","margin_bottom_desktop":"0","margin_bottom_tablet":"0","margin_bottom_mobile":"0","disable_on":[],"content_alignment_desktop":"left","content_alignment_tablet":"left","content_alignment_mobile":"left"},"intro_text":"Recursos y Soporte","intro_text_color":"","intro_link":null,"tiles":[{"label":"Recursos","label_background_color":"#154284","image":false,"title":"Folleto, Flyer, Ficha T\u00e9cnica y m\u00e1s","link":{"type":"url","value":"https:\/\/natus.bynder.com\/web\/3b67b53bb5bc70de\/resource-library-neoblue-blanket\/","url":"https:\/\/natus.bynder.com\/web\/3b67b53bb5bc70de\/resource-library-neoblue-blanket\/","name":"https:\/\/natus.bynder.com\/web\/3b67b53bb5bc70de\/resource-library-neoblue-blanket\/","title":"neoBLUE Blanket Recursos","target":"_blank"}},{"label":"Soporte","label_background_color":"#154284","image":false,"title":"Gu\u00edas De Usario y Manuales (eIFUs)","link":{"type":"post","value":"883","url":"https:\/\/natussensory.com\/support\/","name":"Service &#038; Support","title":"Servicio y Soporte","target":""}}]}},{"acf_fc_layout":"related_products","_acfe_flexible_toggle":"","tiles_3_columns_landing":{"module_options":{"":null,"module_id":"n6514140274759","module_class":"","module_background_type":"color","module_background_color":"","module_background_image":false,"module_background_video":"","activate_custom_padding":false,"padding_top_desktop":"0","padding_top_tablet":"0","padding_top_mobile":"0","padding_bottom_desktop":"0","padding_bottom_tablet":"0","padding_bottom_mobile":"0","activate_custom_margin":false,"margin_top_desktop":"0","margin_top_tablet":"0","margin_top_mobile":"0","margin_bottom_desktop":"0","margin_bottom_tablet":"0","margin_bottom_mobile":"0","disable_on":[],"content_alignment_desktop":"left","content_alignment_tablet":"left","content_alignment_mobile":"left"},"intro_text":"Productos Relacionados","intro_text_color":"#005e63","intro_link":{"type":"post","value":"1518","url":"https:\/\/natussensory.com\/products\/","name":"Products","title":"Ver todos los productos","target":""},"tiles":[{"label":"neoBLUE Compact","label_background_color":"#154284","image":{"ID":6989,"id":6989,"title":"neoBLUE-compact_linkspot","filename":"neoBLUE-compact_linkspot.jpg","filesize":138856,"url":"https:\/\/natussensory.com\/wp-content\/uploads\/neoBLUE-compact_linkspot.jpg","link":"https:\/\/natussensory.com\/es\/productos\/neoblue-radiometer\/neoblue-compact_linkspot-2\/","alt":"neoBLUE-compact","author":"4","description":"","caption":"","name":"neoblue-compact_linkspot-2","status":"inherit","uploaded_to":12434,"date":"2023-09-25 14:51:00","modified":"2025-08-06 14:42:57","menu_order":0,"mime_type":"image\/png","type":"image","subtype":"png","icon":"https:\/\/natussensory.com\/wp-includes\/images\/media\/default.png","width":600,"height":300,"sizes":{"thumbnail":"https:\/\/natussensory.com\/wp-content\/uploads\/neoBLUE-compact_linkspot.jpg","thumbnail-width":128,"thumbnail-height":64,"medium":"https:\/\/natussensory.com\/wp-content\/uploads\/neoBLUE-compact_linkspot.jpg","medium-width":600,"medium-height":300,"medium_large":"https:\/\/natussensory.com\/wp-content\/uploads\/neoBLUE-compact_linkspot.jpg","medium_large-width":600,"medium_large-height":300,"large":"https:\/\/natussensory.com\/wp-content\/uploads\/neoBLUE-compact_linkspot.jpg","large-width":600,"large-height":300,"1536x1536":"https:\/\/natussensory.com\/wp-content\/uploads\/neoBLUE-compact_linkspot.jpg","1536x1536-width":600,"1536x1536-height":300,"2048x2048":"https:\/\/natussensory.com\/wp-content\/uploads\/neoBLUE-compact_linkspot.jpg","2048x2048-width":600,"2048x2048-height":300}},"title":"Sistema de fototerapia con LED compact","link":{"type":"post","value":"6903","url":"https:\/\/natussensory.com\/products\/neoblue-compact\/","name":"neoBLUE\u00ae Compact LED Phototherapy for Jaundice","title":"Aprenda M\u00e1s","target":""}},{"label":"Biliband","label_background_color":"#154284","image":{"ID":6979,"id":6979,"title":"Biliband_linkspot","filename":"Biliband_linkspot.jpg","filesize":109199,"url":"https:\/\/natussensory.com\/wp-content\/uploads\/Biliband_linkspot.jpg","link":"https:\/\/natussensory.com\/es\/productos\/neoblue-radiometer\/biliband_linkspot-2\/","alt":"Biliband","author":"4","description":"","caption":"","name":"biliband_linkspot-2","status":"inherit","uploaded_to":12434,"date":"2023-09-25 14:50:56","modified":"2025-08-06 14:33:38","menu_order":0,"mime_type":"image\/jpeg","type":"image","subtype":"jpeg","icon":"https:\/\/natussensory.com\/wp-includes\/images\/media\/default.png","width":600,"height":300,"sizes":{"thumbnail":"https:\/\/natussensory.com\/wp-content\/uploads\/Biliband_linkspot.jpg","thumbnail-width":128,"thumbnail-height":64,"medium":"https:\/\/natussensory.com\/wp-content\/uploads\/Biliband_linkspot.jpg","medium-width":600,"medium-height":300,"medium_large":"https:\/\/natussensory.com\/wp-content\/uploads\/Biliband_linkspot.jpg","medium_large-width":600,"medium_large-height":300,"large":"https:\/\/natussensory.com\/wp-content\/uploads\/Biliband_linkspot.jpg","large-width":600,"large-height":300,"1536x1536":"https:\/\/natussensory.com\/wp-content\/uploads\/Biliband_linkspot.jpg","1536x1536-width":600,"1536x1536-height":300,"2048x2048":"https:\/\/natussensory.com\/wp-content\/uploads\/Biliband_linkspot.jpg","2048x2048-width":600,"2048x2048-height":300}},"title":"Protector de ojos para fototerapia en neonatos","link":{"type":"post","value":"6915","url":"https:\/\/natussensory.com\/products\/biliband-eye-protector\/","name":"Biliband\u00ae Eye Protector for Newborn Phototherapy","title":"Aprenda M\u00e1s","target":""}},{"label":"neoBLUE Radiometer","label_background_color":"#154284","image":{"ID":9188,"id":9188,"title":"Radiometer_linkspot","filename":"Radiometer_linkspot.jpg","filesize":33230,"url":"https:\/\/natussensory.com\/wp-content\/uploads\/Radiometer_linkspot.jpg","link":"https:\/\/natussensory.com\/es\/productos\/neoblue-sistema-de-fototerapia-con-led\/radiometer_linkspot-2\/","alt":"Radiometer","author":"4","description":"","caption":"","name":"radiometer_linkspot-2","status":"inherit","uploaded_to":12423,"date":"2023-10-02 09:37:05","modified":"2025-08-06 14:49:45","menu_order":0,"mime_type":"image\/jpeg","type":"image","subtype":"jpeg","icon":"https:\/\/natussensory.com\/wp-includes\/images\/media\/default.png","width":600,"height":300,"sizes":{"thumbnail":"https:\/\/natussensory.com\/wp-content\/uploads\/Radiometer_linkspot.jpg","thumbnail-width":128,"thumbnail-height":64,"medium":"https:\/\/natussensory.com\/wp-content\/uploads\/Radiometer_linkspot.jpg","medium-width":600,"medium-height":300,"medium_large":"https:\/\/natussensory.com\/wp-content\/uploads\/Radiometer_linkspot.jpg","medium_large-width":600,"medium_large-height":300,"large":"https:\/\/natussensory.com\/wp-content\/uploads\/Radiometer_linkspot.jpg","large-width":600,"large-height":300,"1536x1536":"https:\/\/natussensory.com\/wp-content\/uploads\/Radiometer_linkspot.jpg","1536x1536-width":600,"1536x1536-height":300,"2048x2048":"https:\/\/natussensory.com\/wp-content\/uploads\/Radiometer_linkspot.jpg","2048x2048-width":600,"2048x2048-height":300}},"title":"Radiometer para el tratamiento de la ictericia en neonatos","link":{"type":"post","value":"6953","url":"https:\/\/natussensory.com\/products\/neoblue-radiometer-newborn-jaundice-treatment\/","name":"neoBLUE\u00ae &#8211; Radiometer &#8211; Jaundice Treatment","title":"Aprenda M\u00e1s","target":""}}]}},{"acf_fc_layout":"contact_form","_acfe_flexible_toggle":"","contact_form_landing":{"module_options":{"":null,"module_id":"contact","module_class":"","module_background_type":"color","module_background_color":"","module_background_image":false,"module_background_video":"","activate_custom_padding":false,"padding_top_desktop":0,"padding_top_tablet":"","padding_top_mobile":"","padding_bottom_desktop":"","padding_bottom_tablet":"","padding_bottom_mobile":"","activate_custom_margin":false,"margin_top_desktop":"","margin_top_tablet":"","margin_top_mobile":"","margin_bottom_desktop":"","margin_bottom_tablet":"","margin_bottom_mobile":"","disable_on":[],"content_alignment_desktop":"left","content_alignment_tablet":"left","content_alignment_mobile":"left"},"":null,"activate_intro":false,"intro_text":"","intro_text_color":"","intro_link":null,"activate_description":true,"description_title":"Contacto","description_copy":"","embed_code":"<script charset=\"utf-8\" type=\"text\/javascript\" src=\"\/\/js.hsforms.net\/forms\/embed\/v2.js\"><\/script>\r\n<script>\r\n  hbspt.forms.create({\r\n    region: \"na1\",\r\n    portalId: \"3002890\",\r\n    formId: \"1880a511-57f2-43f8-ad33-1076e22f5f14\"\r\n  });\r\n<\/script>"}},{"acf_fc_layout":"simple_content","_acfe_flexible_layout_title":"Part number","_acfe_flexible_toggle":"","content_full_width_landing":{"module_options":{"":null,"module_id":"n65153c1012cfb","module_class":"","module_background_type":"color","module_background_color":"","module_background_image":false,"module_background_video":"","activate_custom_padding":false,"padding_top_desktop":0,"padding_top_tablet":"","padding_top_mobile":"","padding_bottom_desktop":"","padding_bottom_tablet":"","padding_bottom_mobile":"","activate_custom_margin":false,"margin_top_desktop":"","margin_top_tablet":"","margin_top_mobile":"","margin_bottom_desktop":"","margin_bottom_tablet":"","margin_bottom_mobile":"","disable_on":[],"content_alignment_desktop":"left","content_alignment_tablet":"left","content_alignment_mobile":"left"},"activate_custom_container_width":false,"container_width":"","content":"<p><span style=\"font-size: 11px;\">1. Subcommittee on Hyperbilirubinemia. American Academy of Pediatrics clinical practice guideline: Management of hyperbilirubinemia in the newborn infant 35 or more weeks of gestation. Pediatrics. 2004; 114(1):297-316.<br \/>\n2. Vreman HJ, et al. Light-emitting diodes: a novel light source for phototherapy. Pediatric Research. 1998; 44(5):804-809.<\/span><\/p>\n<p>&nbsp;<\/p>\n<p><span style=\"font-size: 11px;\">007836 RevG<\/span><\/p>\n"}}]},"_links":{"self":[{"href":"https:\/\/natussensory.com\/es\/wp-json\/wp\/v2\/pages\/12430","targetHints":{"allow":["GET"]}}],"collection":[{"href":"https:\/\/natussensory.com\/es\/wp-json\/wp\/v2\/pages"}],"about":[{"href":"https:\/\/natussensory.com\/es\/wp-json\/wp\/v2\/types\/page"}],"author":[{"embeddable":true,"href":"https:\/\/natussensory.com\/es\/wp-json\/wp\/v2\/users\/4"}],"replies":[{"embeddable":true,"href":"https:\/\/natussensory.com\/es\/wp-json\/wp\/v2\/comments?post=12430"}],"version-history":[{"count":8,"href":"https:\/\/natussensory.com\/es\/wp-json\/wp\/v2\/pages\/12430\/revisions"}],"predecessor-version":[{"id":27701,"href":"https:\/\/natussensory.com\/es\/wp-json\/wp\/v2\/pages\/12430\/revisions\/27701"}],"up":[{"embeddable":true,"href":"https:\/\/natussensory.com\/es\/wp-json\/wp\/v2\/pages\/11803"}],"wp:attachment":[{"href":"https:\/\/natussensory.com\/es\/wp-json\/wp\/v2\/media?parent=12430"}],"wp:term":[{"taxonomy":"category","embeddable":true,"href":"https:\/\/natussensory.com\/es\/wp-json\/wp\/v2\/categories?post=12430"},{"taxonomy":"post_tag","embeddable":true,"href":"https:\/\/natussensory.com\/es\/wp-json\/wp\/v2\/tags?post=12430"}],"curies":[{"name":"wp","href":"https:\/\/api.w.org\/{rel}","templated":true}]}}