{"id":12423,"date":"2023-09-25T09:25:28","date_gmt":"2023-09-25T09:25:28","guid":{"rendered":"https:\/\/natussensory.com\/sensory\/neoblue-led-phototherapy-system\/"},"modified":"2025-10-22T13:57:43","modified_gmt":"2025-10-22T13:57:43","slug":"neoblue-sistema-de-fototerapia-con-led","status":"publish","type":"page","link":"https:\/\/natussensory.com\/es\/productos\/neoblue-sistema-de-fototerapia-con-led\/","title":{"rendered":"neoBLUE\u00ae &#8211; Sistema de fototerapia LED"},"content":{"rendered":"","protected":false},"excerpt":{"rendered":"","protected":false},"author":4,"featured_media":0,"parent":11803,"menu_order":0,"comment_status":"closed","ping_status":"closed","template":"templates\/page-sensory-solutions-product-landing.php","meta":{"_acf_changed":false,"inline_featured_image":false,"footnotes":""},"categories":[316],"tags":[],"class_list":["post-12423","page","type-page","status-publish","hentry","category-manejo-de-ictericia"],"acf":{"content_blocks":[{"acf_fc_layout":"spacer","_acfe_flexible_toggle":"","spacer":{"module_options":{"":null,"module_id":"n65153a12a2f27","module_class":"","module_background_type":"color","module_background_color":"#473089","module_background_image":false,"module_background_video":"","activate_custom_padding":false,"padding_top_desktop":"0","padding_top_tablet":"0","padding_top_mobile":"0","padding_bottom_desktop":"0","padding_bottom_tablet":"0","padding_bottom_mobile":"0","activate_custom_margin":false,"margin_top_desktop":"0","margin_top_tablet":"0","margin_top_mobile":"0","margin_bottom_desktop":"0","margin_bottom_tablet":"0","margin_bottom_mobile":"0","disable_on":[],"content_alignment_desktop":"left","content_alignment_tablet":"left","content_alignment_mobile":"left"},"height":"160"}},{"acf_fc_layout":"intro_with_sticky_image","_acfe_flexible_toggle":"","left_content_right_image_sticky":{"module_options":{"":null,"module_id":"n65153a12aae55","module_class":"","module_background_type":"color","module_background_color":"","module_background_image":false,"module_background_video":"","activate_custom_padding":false,"padding_top_desktop":"0","padding_top_tablet":"0","padding_top_mobile":"0","padding_bottom_desktop":"0","padding_bottom_tablet":"0","padding_bottom_mobile":"0","activate_custom_margin":false,"margin_top_desktop":"0","margin_top_tablet":"0","margin_top_mobile":"0","margin_bottom_desktop":"0","margin_bottom_tablet":"0","margin_bottom_mobile":"0","disable_on":[],"content_alignment_desktop":"left","content_alignment_tablet":"left","content_alignment_mobile":"left"},"":null,"title":"Sistema de fototerapia con LED neoBLUE<sup>\u00ae<\/sup>","subheader":"<h4>Luz terap\u00e9utica con resultados eficaces: proporciona el tratamiento que los neonatos necesitan para ayudarles a volver a casa cuanto antes<\/h4>\n<p>Los sistemas de fototerapia con LED neoBLUE emiten luz de LED azul de alta intensidad para el tratamiento eficaz de la ictericia en neonatos, degradando de manera segura los niveles de bilirrubina en sangre de los pacientes m\u00e1s j\u00f3venes. Dise\u00f1ado para ofrecer gran eficacia y precisi\u00f3n. Ya no tendr\u00e1 que preocuparse por colocar correctamente la luz gracias a nuestra exclusiva luz roja para indicar el objetivo, la cual le garantiza que la luz se va a centrar con precisi\u00f3n directamente sobre el reci\u00e9n nacido.<\/p>\n<p>&nbsp;<\/p>\n<p>Reduzca los costes y tiempo de recambio de l\u00e1mparas de un dispositivo con miles de horas de funcionamiento. Las pruebas de vida \u00fatil han demostrado que los LED neoBLUE pueden emitir fototerapia de alta intensidad durante m\u00e1s de 50 000 horas.<\/p>\n","icons":false,"quick_navigation":[{"quick_link":{"type":"url","value":"#contact","url":"#contact","name":"#contact","title":"solicitar un presupuesto","target":""}},{"quick_link":{"type":"url","value":"#info","url":"#info","name":"#info","title":"Explora m\u00e1s detalles","target":""}}],"description":"","message_label":" ","message_title":"\u00bfBusca un servicio productos o asistencia t\u00e9cnica?","message_link":{"type":"post","value":"883","url":"https:\/\/natussensory.com\/support\/","name":"Service &#038; Support","title":"Servicio y soporte ","target":""},"right_sticky_image":{"ID":6895,"id":6895,"title":"neoBLUE-LED_product thumbnail","filename":"neoBLUE-LED_product-thumbnail.png","filesize":96706,"url":"https:\/\/natussensory.com\/wp-content\/uploads\/neoBLUE-LED_product-thumbnail.png","link":"https:\/\/natussensory.com\/es\/productos\/neoblue-sistema-de-fototerapia-con-led\/neoblue-led_product-thumbnail-2\/","alt":"neoBLUE System overhead phototherapy unit for neonatal jaundice treatment using intensive blue LED phototherapy.","author":"4","description":"","caption":"","name":"neoblue-led_product-thumbnail-2","status":"inherit","uploaded_to":12423,"date":"2023-09-25 10:23:19","modified":"2025-05-21 09:14:56","menu_order":0,"mime_type":"image\/png","type":"image","subtype":"png","icon":"https:\/\/natussensory.com\/wp-includes\/images\/media\/default.png","width":500,"height":850,"sizes":{"thumbnail":"https:\/\/natussensory.com\/wp-content\/uploads\/neoBLUE-LED_product-thumbnail.png","thumbnail-width":56,"thumbnail-height":96,"medium":"https:\/\/natussensory.com\/wp-content\/uploads\/neoBLUE-LED_product-thumbnail.png","medium-width":500,"medium-height":850,"medium_large":"https:\/\/natussensory.com\/wp-content\/uploads\/neoBLUE-LED_product-thumbnail.png","medium_large-width":500,"medium_large-height":850,"large":"https:\/\/natussensory.com\/wp-content\/uploads\/neoBLUE-LED_product-thumbnail.png","large-width":500,"large-height":850,"1536x1536":"https:\/\/natussensory.com\/wp-content\/uploads\/neoBLUE-LED_product-thumbnail.png","1536x1536-width":500,"1536x1536-height":850,"2048x2048":"https:\/\/natussensory.com\/wp-content\/uploads\/neoBLUE-LED_product-thumbnail.png","2048x2048-width":500,"2048x2048-height":850}}}},{"acf_fc_layout":"product_details_right_image_and_left_content","_acfe_flexible_toggle":"","right_image_left_content_single_cta_landing":{"module_options":{"":null,"module_id":"n65153a12b7425","module_class":"","module_background_type":"color","module_background_color":"","module_background_image":false,"module_background_video":"","activate_custom_padding":false,"padding_top_desktop":"0","padding_top_tablet":"0","padding_top_mobile":"0","padding_bottom_desktop":"0","padding_bottom_tablet":"0","padding_bottom_mobile":"0","activate_custom_margin":false,"margin_top_desktop":"0","margin_top_tablet":"0","margin_top_mobile":"0","margin_bottom_desktop":"0","margin_bottom_tablet":"0","margin_bottom_mobile":"0","disable_on":[],"content_alignment_desktop":"left","content_alignment_tablet":"left","content_alignment_mobile":"left"},"":null,"label":"","title":"Dise\u00f1o seguro","description":"<p>Se debe otorgar la m\u00e1xima prioridad a la seguridad en el cuidado de neonatos. El sistema de fototerapia con LED neoBLUE garantiza que la fototerapia con LED sea intensiva a la vez que segura reduciendo as\u00ed el riesgo de causar da\u00f1os en la piel y p\u00e9rdida de fluidos. Los LED neoBLUE no emiten rangos de radiaci\u00f3n infrarroja (IR) ni ultravioleta (UV) significativos.<\/p>\n<p>Con un simple toque del interruptor, se cambia de una fototerapia est\u00e1ndar (15 \u03bcW\/cm<sup>2<\/sup>\u00a0\/nm) a una intensiva (35 \u03bcW\/cm<sup>2<\/sup>\u00a0\/nm).<\/p>\n","link":null,"image":{"ID":6900,"id":6900,"title":"neoBLUE-LED_product_spot","filename":"neoBLUE-LED_product_spot.png","filesize":153376,"url":"https:\/\/natussensory.com\/wp-content\/uploads\/neoBLUE-LED_product_spot.png","link":"https:\/\/natussensory.com\/es\/productos\/neoblue-sistema-de-fototerapia-con-led\/neoblue-led_product_spot-2\/","alt":"neoBLUE System LED panel showing overhead phototherapy design for intensive neonatal jaundice treatment.","author":"4","description":"","caption":"","name":"neoblue-led_product_spot-2","status":"inherit","uploaded_to":12423,"date":"2023-09-25 10:23:42","modified":"2025-05-21 09:15:31","menu_order":0,"mime_type":"image\/png","type":"image","subtype":"png","icon":"https:\/\/natussensory.com\/wp-includes\/images\/media\/default.png","width":800,"height":450,"sizes":{"thumbnail":"https:\/\/natussensory.com\/wp-content\/uploads\/neoBLUE-LED_product_spot.png","thumbnail-width":128,"thumbnail-height":72,"medium":"https:\/\/natussensory.com\/wp-content\/uploads\/neoBLUE-LED_product_spot.png","medium-width":800,"medium-height":450,"medium_large":"https:\/\/natussensory.com\/wp-content\/uploads\/neoBLUE-LED_product_spot-768x432.png","medium_large-width":768,"medium_large-height":432,"large":"https:\/\/natussensory.com\/wp-content\/uploads\/neoBLUE-LED_product_spot.png","large-width":800,"large-height":450,"1536x1536":"https:\/\/natussensory.com\/wp-content\/uploads\/neoBLUE-LED_product_spot.png","1536x1536-width":800,"1536x1536-height":450,"2048x2048":"https:\/\/natussensory.com\/wp-content\/uploads\/neoBLUE-LED_product_spot.png","2048x2048-width":800,"2048x2048-height":450}}}},{"acf_fc_layout":"simple_content","_acfe_flexible_toggle":"","content_full_width_landing":{"module_options":{"":null,"module_id":"n65153a12be9e2","module_class":"","module_background_type":"color","module_background_color":"","module_background_image":false,"module_background_video":"","activate_custom_padding":false,"padding_top_desktop":"0","padding_top_tablet":"0","padding_top_mobile":"0","padding_bottom_desktop":"0","padding_bottom_tablet":"0","padding_bottom_mobile":"0","activate_custom_margin":false,"margin_top_desktop":"0","margin_top_tablet":"0","margin_top_mobile":"0","margin_bottom_desktop":"0","margin_bottom_tablet":"0","margin_bottom_mobile":"0","disable_on":[],"content_alignment_desktop":"left","content_alignment_tablet":"left","content_alignment_mobile":"left"},"activate_custom_container_width":false,"container_width":"","content":"<h4>Cumple con las directrices de la AAP para fototerapia intensiva<sup>1<\/sup><\/h4>\n<p><strong>Intensidad:<\/strong>\u00a0Incluye dos ajustes de intensidad para alternar entre la fototerapia est\u00e1ndar (15 \u00b5W\/cm\u00b2\/nm) y la fototerapia intensiva (35 \u00b5W\/cm\u00b2\/nm)<\/p>\n<p><strong>Espectro:<\/strong>\u00a0Utiliza diodos emisores de luz (LED) azul\u00a0para emitir luz azul en el espectro de 450 &#8211; 475 nm, que corresponde a la longitud de onda de m\u00e1xima absorci\u00f3n (458 nm) en la que se descompone la bilirrubina<sup>2<\/sup><\/p>\n<p><strong>\u00c1rea de superficie cubierta:\u00a0<\/strong>Proporciona tratamiento con luz por encima del beb\u00e9 que permite la iluminaci\u00f3n total del beb\u00e9 de la cabeza a los pies<\/p>\n"}},{"acf_fc_layout":"related_products","_acfe_flexible_layout_title":"Resources and Support","_acfe_flexible_toggle":"","tiles_3_columns_landing":{"module_options":{"":null,"module_id":"info","module_class":"","module_background_type":"color","module_background_color":"","module_background_image":false,"module_background_video":"","activate_custom_padding":false,"padding_top_desktop":"0","padding_top_tablet":"0","padding_top_mobile":"0","padding_bottom_desktop":"0","padding_bottom_tablet":"0","padding_bottom_mobile":"0","activate_custom_margin":false,"margin_top_desktop":"0","margin_top_tablet":"0","margin_top_mobile":"0","margin_bottom_desktop":"0","margin_bottom_tablet":"0","margin_bottom_mobile":"0","disable_on":[],"content_alignment_desktop":"left","content_alignment_tablet":"left","content_alignment_mobile":"left"},"intro_text":"Recursos y Soporte","intro_text_color":"","intro_link":null,"tiles":[{"label":"Recursos","label_background_color":"#154284","image":false,"title":"Folleto, Flyer, Ficha T\u00e9cnica y m\u00e1s","link":{"type":"url","value":"https:\/\/natus.bynder.com\/web\/5bb265f7f6b0a631\/resource-library-neoblue-led-phototherapy-system\/","url":"https:\/\/natus.bynder.com\/web\/5bb265f7f6b0a631\/resource-library-neoblue-led-phototherapy-system\/","name":"https:\/\/natus.bynder.com\/web\/5bb265f7f6b0a631\/resource-library-neoblue-led-phototherapy-system\/","title":"neoBLUE LED Recursos","target":"_blank"}},{"label":"Soporte","label_background_color":"#154284","image":false,"title":"Gu\u00edas De Usario y Manuales (eIFUs)","link":{"type":"post","value":"883","url":"https:\/\/natussensory.com\/support\/","name":"Service &#038; Support","title":"Servicio y Soporte","target":""}}]}},{"acf_fc_layout":"related_products","_acfe_flexible_toggle":"","tiles_3_columns_landing":{"module_options":{"":null,"module_id":"n6514140274759","module_class":"","module_background_type":"color","module_background_color":"","module_background_image":false,"module_background_video":"","activate_custom_padding":false,"padding_top_desktop":"0","padding_top_tablet":"0","padding_top_mobile":"0","padding_bottom_desktop":"0","padding_bottom_tablet":"0","padding_bottom_mobile":"0","activate_custom_margin":false,"margin_top_desktop":"0","margin_top_tablet":"0","margin_top_mobile":"0","margin_bottom_desktop":"0","margin_bottom_tablet":"0","margin_bottom_mobile":"0","disable_on":[],"content_alignment_desktop":"left","content_alignment_tablet":"left","content_alignment_mobile":"left"},"intro_text":"Productos Relacionados","intro_text_color":"#005e63","intro_link":{"type":"post","value":"1518","url":"https:\/\/natussensory.com\/products\/","name":"Products","title":"Ver todos los productos","target":""},"tiles":[{"label":"neoBLUE Compact","label_background_color":"#154284","image":{"ID":6989,"id":6989,"title":"neoBLUE-compact_linkspot","filename":"neoBLUE-compact_linkspot.jpg","filesize":138856,"url":"https:\/\/natussensory.com\/wp-content\/uploads\/neoBLUE-compact_linkspot.jpg","link":"https:\/\/natussensory.com\/es\/productos\/neoblue-radiometer\/neoblue-compact_linkspot-2\/","alt":"neoBLUE-compact","author":"4","description":"","caption":"","name":"neoblue-compact_linkspot-2","status":"inherit","uploaded_to":12434,"date":"2023-09-25 14:51:00","modified":"2025-08-06 14:42:57","menu_order":0,"mime_type":"image\/png","type":"image","subtype":"png","icon":"https:\/\/natussensory.com\/wp-includes\/images\/media\/default.png","width":600,"height":300,"sizes":{"thumbnail":"https:\/\/natussensory.com\/wp-content\/uploads\/neoBLUE-compact_linkspot.jpg","thumbnail-width":128,"thumbnail-height":64,"medium":"https:\/\/natussensory.com\/wp-content\/uploads\/neoBLUE-compact_linkspot.jpg","medium-width":600,"medium-height":300,"medium_large":"https:\/\/natussensory.com\/wp-content\/uploads\/neoBLUE-compact_linkspot.jpg","medium_large-width":600,"medium_large-height":300,"large":"https:\/\/natussensory.com\/wp-content\/uploads\/neoBLUE-compact_linkspot.jpg","large-width":600,"large-height":300,"1536x1536":"https:\/\/natussensory.com\/wp-content\/uploads\/neoBLUE-compact_linkspot.jpg","1536x1536-width":600,"1536x1536-height":300,"2048x2048":"https:\/\/natussensory.com\/wp-content\/uploads\/neoBLUE-compact_linkspot.jpg","2048x2048-width":600,"2048x2048-height":300}},"title":"Sistema de fototerapia con LED compact","link":{"type":"post","value":"6903","url":"https:\/\/natussensory.com\/products\/neoblue-compact\/","name":"neoBLUE\u00ae Compact LED Phototherapy for Jaundice","title":"Aprenda M\u00e1s","target":""}},{"label":"neoBLUE Blanket","label_background_color":"#154284","image":{"ID":6984,"id":6984,"title":"neoBLUE-blanket_linkspot","filename":"neoblue-blanket_linkspot.jpg","filesize":125125,"url":"https:\/\/natussensory.com\/wp-content\/uploads\/neoblue-blanket_linkspot.jpg","link":"https:\/\/natussensory.com\/es\/productos\/neoblue-radiometer\/neoblue-blanket_linkspot-2\/","alt":"neoblue-blanket","author":"4","description":"","caption":"","name":"neoblue-blanket_linkspot-2","status":"inherit","uploaded_to":12434,"date":"2023-09-25 14:50:58","modified":"2025-08-06 14:40:12","menu_order":0,"mime_type":"image\/png","type":"image","subtype":"png","icon":"https:\/\/natussensory.com\/wp-includes\/images\/media\/default.png","width":600,"height":300,"sizes":{"thumbnail":"https:\/\/natussensory.com\/wp-content\/uploads\/neoblue-blanket_linkspot.jpg","thumbnail-width":128,"thumbnail-height":64,"medium":"https:\/\/natussensory.com\/wp-content\/uploads\/neoblue-blanket_linkspot.jpg","medium-width":600,"medium-height":300,"medium_large":"https:\/\/natussensory.com\/wp-content\/uploads\/neoblue-blanket_linkspot.jpg","medium_large-width":600,"medium_large-height":300,"large":"https:\/\/natussensory.com\/wp-content\/uploads\/neoblue-blanket_linkspot.jpg","large-width":600,"large-height":300,"1536x1536":"https:\/\/natussensory.com\/wp-content\/uploads\/neoblue-blanket_linkspot.jpg","1536x1536-width":600,"1536x1536-height":300,"2048x2048":"https:\/\/natussensory.com\/wp-content\/uploads\/neoblue-blanket_linkspot.jpg","2048x2048-width":600,"2048x2048-height":300}},"title":"Dise\u00f1ado para que los m\u00e9dicos, cuidadores y padres trabajen de manera conjunta","link":{"type":"post","value":"6928","url":"https:\/\/natussensory.com\/products\/neoblue-blanket\/","name":"neoBLUE\u00ae blanket &#8211; LED Phototherapy System","title":"Aprenda M\u00e1s","target":""}},{"label":"neoBLUE Radiometer","label_background_color":"#154284","image":{"ID":9188,"id":9188,"title":"Radiometer_linkspot","filename":"Radiometer_linkspot.jpg","filesize":33230,"url":"https:\/\/natussensory.com\/wp-content\/uploads\/Radiometer_linkspot.jpg","link":"https:\/\/natussensory.com\/es\/productos\/neoblue-sistema-de-fototerapia-con-led\/radiometer_linkspot-2\/","alt":"Radiometer","author":"4","description":"","caption":"","name":"radiometer_linkspot-2","status":"inherit","uploaded_to":12423,"date":"2023-10-02 09:37:05","modified":"2025-08-06 14:49:45","menu_order":0,"mime_type":"image\/jpeg","type":"image","subtype":"jpeg","icon":"https:\/\/natussensory.com\/wp-includes\/images\/media\/default.png","width":600,"height":300,"sizes":{"thumbnail":"https:\/\/natussensory.com\/wp-content\/uploads\/Radiometer_linkspot.jpg","thumbnail-width":128,"thumbnail-height":64,"medium":"https:\/\/natussensory.com\/wp-content\/uploads\/Radiometer_linkspot.jpg","medium-width":600,"medium-height":300,"medium_large":"https:\/\/natussensory.com\/wp-content\/uploads\/Radiometer_linkspot.jpg","medium_large-width":600,"medium_large-height":300,"large":"https:\/\/natussensory.com\/wp-content\/uploads\/Radiometer_linkspot.jpg","large-width":600,"large-height":300,"1536x1536":"https:\/\/natussensory.com\/wp-content\/uploads\/Radiometer_linkspot.jpg","1536x1536-width":600,"1536x1536-height":300,"2048x2048":"https:\/\/natussensory.com\/wp-content\/uploads\/Radiometer_linkspot.jpg","2048x2048-width":600,"2048x2048-height":300}},"title":"Radiometer para el tratamiento de la ictericia en neonatos","link":{"type":"post","value":"6953","url":"https:\/\/natussensory.com\/products\/neoblue-radiometer-newborn-jaundice-treatment\/","name":"neoBLUE\u00ae &#8211; Radiometer &#8211; Jaundice Treatment","title":"Aprenda M\u00e1s","target":""}}]}},{"acf_fc_layout":"contact_form","_acfe_flexible_toggle":"","contact_form_landing":{"module_options":{"":null,"module_id":"contact","module_class":"","module_background_type":"color","module_background_color":"","module_background_image":false,"module_background_video":"","activate_custom_padding":false,"padding_top_desktop":0,"padding_top_tablet":"","padding_top_mobile":"","padding_bottom_desktop":"","padding_bottom_tablet":"","padding_bottom_mobile":"","activate_custom_margin":false,"margin_top_desktop":"","margin_top_tablet":"","margin_top_mobile":"","margin_bottom_desktop":"","margin_bottom_tablet":"","margin_bottom_mobile":"","disable_on":[],"content_alignment_desktop":"left","content_alignment_tablet":"left","content_alignment_mobile":"left"},"":null,"activate_intro":false,"intro_text":"","intro_text_color":"","intro_link":null,"activate_description":true,"description_title":"Contacto","description_copy":"","embed_code":"<script charset=\"utf-8\" type=\"text\/javascript\" src=\"\/\/js.hsforms.net\/forms\/embed\/v2.js\"><\/script>\r\n<script>\r\n  hbspt.forms.create({\r\n    region: \"na1\",\r\n    portalId: \"3002890\",\r\n    formId: \"1880a511-57f2-43f8-ad33-1076e22f5f14\"\r\n  });\r\n<\/script>"}},{"acf_fc_layout":"simple_content","_acfe_flexible_layout_title":"Part number","_acfe_flexible_toggle":"","content_full_width_landing":{"module_options":{"":null,"module_id":"n65153a1330623","module_class":"","module_background_type":"color","module_background_color":"","module_background_image":false,"module_background_video":"","activate_custom_padding":false,"padding_top_desktop":0,"padding_top_tablet":"","padding_top_mobile":"","padding_bottom_desktop":"","padding_bottom_tablet":"","padding_bottom_mobile":"","activate_custom_margin":false,"margin_top_desktop":"","margin_top_tablet":"","margin_top_mobile":"","margin_bottom_desktop":"","margin_bottom_tablet":"","margin_bottom_mobile":"","disable_on":[],"content_alignment_desktop":"left","content_alignment_tablet":"left","content_alignment_mobile":"left"},"activate_custom_container_width":false,"container_width":"","content":"<p><span style=\"font-size: 11px;\">1 Subcommittee on Hyperbilirubinemia. American Academy of Pediatrics clinical practice guideline: Management of hyperbilirubinemia in the newborn infant 35 or more weeks of gestation. Pediatrics. 2004; 114(1):297-316.<br \/>\n2 Vreman HJ, et al. Light-emitting diodes: a novel light source for phototherapy. Pediatric Research. 1998; 44(5):804-809.<\/span><\/p>\n<p>&nbsp;<\/p>\n<p><span style=\"font-size: 11px;\">003965 RevH<\/span><\/p>\n"}}]},"_links":{"self":[{"href":"https:\/\/natussensory.com\/es\/wp-json\/wp\/v2\/pages\/12423","targetHints":{"allow":["GET"]}}],"collection":[{"href":"https:\/\/natussensory.com\/es\/wp-json\/wp\/v2\/pages"}],"about":[{"href":"https:\/\/natussensory.com\/es\/wp-json\/wp\/v2\/types\/page"}],"author":[{"embeddable":true,"href":"https:\/\/natussensory.com\/es\/wp-json\/wp\/v2\/users\/4"}],"replies":[{"embeddable":true,"href":"https:\/\/natussensory.com\/es\/wp-json\/wp\/v2\/comments?post=12423"}],"version-history":[{"count":6,"href":"https:\/\/natussensory.com\/es\/wp-json\/wp\/v2\/pages\/12423\/revisions"}],"predecessor-version":[{"id":27713,"href":"https:\/\/natussensory.com\/es\/wp-json\/wp\/v2\/pages\/12423\/revisions\/27713"}],"up":[{"embeddable":true,"href":"https:\/\/natussensory.com\/es\/wp-json\/wp\/v2\/pages\/11803"}],"wp:attachment":[{"href":"https:\/\/natussensory.com\/es\/wp-json\/wp\/v2\/media?parent=12423"}],"wp:term":[{"taxonomy":"category","embeddable":true,"href":"https:\/\/natussensory.com\/es\/wp-json\/wp\/v2\/categories?post=12423"},{"taxonomy":"post_tag","embeddable":true,"href":"https:\/\/natussensory.com\/es\/wp-json\/wp\/v2\/tags?post=12423"}],"curies":[{"name":"wp","href":"https:\/\/api.w.org\/{rel}","templated":true}]}}