{"id":12408,"date":"2023-09-22T08:58:14","date_gmt":"2023-09-22T08:58:14","guid":{"rendered":"https:\/\/natussensory.com\/sensory\/datalink-for-retcam-envision\/"},"modified":"2025-10-23T09:47:37","modified_gmt":"2025-10-23T09:47:37","slug":"datalink-para-retcam-envision","status":"publish","type":"page","link":"https:\/\/natussensory.com\/es\/productos\/datalink-para-retcam-envision\/","title":{"rendered":"DataLink for RetCam\u00ae Envision &#8211; Visualizaci\u00f3n Ocular Remota"},"content":{"rendered":"","protected":false},"excerpt":{"rendered":"","protected":false},"author":4,"featured_media":0,"parent":11803,"menu_order":0,"comment_status":"closed","ping_status":"closed","template":"templates\/page-sensory-solutions-product-landing.php","meta":{"_acf_changed":false,"inline_featured_image":false,"footnotes":""},"categories":[314],"tags":[],"class_list":["post-12408","page","type-page","status-publish","hentry","category-imagenes-oculares"],"acf":{"content_blocks":[{"acf_fc_layout":"spacer","_acfe_flexible_toggle":"","spacer":{"module_options":{"":null,"module_id":"n651532302a501","module_class":"","module_background_type":"color","module_background_color":"#473089","module_background_image":false,"module_background_video":"","activate_custom_padding":false,"padding_top_desktop":"0","padding_top_tablet":"0","padding_top_mobile":"0","padding_bottom_desktop":"0","padding_bottom_tablet":"0","padding_bottom_mobile":"0","activate_custom_margin":false,"margin_top_desktop":"0","margin_top_tablet":"0","margin_top_mobile":"0","margin_bottom_desktop":"0","margin_bottom_tablet":"0","margin_bottom_mobile":"0","disable_on":[],"content_alignment_desktop":"left","content_alignment_tablet":"left","content_alignment_mobile":"left"},"height":"160"}},{"acf_fc_layout":"intro_with_sticky_image","_acfe_flexible_toggle":"","left_content_right_image_sticky":{"module_options":{"":null,"module_id":"n6515323031f76","module_class":"","module_background_type":"color","module_background_color":"","module_background_image":false,"module_background_video":"","activate_custom_padding":false,"padding_top_desktop":"0","padding_top_tablet":"0","padding_top_mobile":"0","padding_bottom_desktop":"0","padding_bottom_tablet":"0","padding_bottom_mobile":"0","activate_custom_margin":false,"margin_top_desktop":"0","margin_top_tablet":"0","margin_top_mobile":"0","margin_bottom_desktop":"0","margin_bottom_tablet":"0","margin_bottom_mobile":"0","disable_on":[],"content_alignment_desktop":"left","content_alignment_tablet":"left","content_alignment_mobile":"left"},"":null,"title":"Funciones de visualizaci\u00f3n remota de DataLink para RetCam<sup>\u00ae<\/sup> Envision","subheader":"<h4>Herramienta innovadora para lograr una integraci\u00f3n sin contratiempos<\/h4>\n<p>Presentamos DataLink para RetCam Envision, una plataforma innovadora alojada en la nube que gestiona im\u00e1genes y datos de ex\u00e1menes oculares pedi\u00e1tricos. DataLink trabaja en colaboraci\u00f3n con RetCam Envision para ofrecer funciones de visualizaci\u00f3n remota, interpretaci\u00f3n avanzada, comunicaci\u00f3n y elaboraci\u00f3n de informes. Optimice su flujo de trabajo cl\u00ednico con esta soluci\u00f3n centralizada pr\u00e1ctica y segura.<\/p>\n","icons":false,"quick_navigation":[{"quick_link":{"type":"url","value":"#contact","url":"#contact","name":"#contact","title":" solicitar un presupuesto","target":""}},{"quick_link":{"type":"url","value":"#info","url":"#info","name":"#info","title":"Explora m\u00e1s detalles","target":""}}],"description":"","message_label":" ","message_title":"\u00bfBusca un servicio productos o asistencia t\u00e9cnica?","message_link":{"type":"post","value":"883","url":"https:\/\/natussensory.com\/support\/","name":"Service &#038; Support","title":"Servicio y soporte  ","target":""},"right_sticky_image":{"ID":6482,"id":6482,"title":"DataLink_product thumbnail","filename":"DataLink_product-thumbnail-1.png","filesize":138097,"url":"https:\/\/natussensory.com\/wp-content\/uploads\/DataLink_product-thumbnail-1.png","link":"https:\/\/natussensory.com\/es\/productos\/datalink-para-retcam-envision\/datalink_product-thumbnail-2\/","alt":"Retinal image and electronic medical record interface using Datalink for RetCam Envision, facilitating integrated eye screening documentation.","author":"4","description":"","caption":"","name":"datalink_product-thumbnail-2","status":"inherit","uploaded_to":12408,"date":"2023-09-22 09:25:06","modified":"2025-05-07 08:08:37","menu_order":0,"mime_type":"image\/png","type":"image","subtype":"png","icon":"https:\/\/natussensory.com\/wp-includes\/images\/media\/default.png","width":500,"height":354,"sizes":{"thumbnail":"https:\/\/natussensory.com\/wp-content\/uploads\/DataLink_product-thumbnail-1.png","thumbnail-width":128,"thumbnail-height":91,"medium":"https:\/\/natussensory.com\/wp-content\/uploads\/DataLink_product-thumbnail-1.png","medium-width":500,"medium-height":354,"medium_large":"https:\/\/natussensory.com\/wp-content\/uploads\/DataLink_product-thumbnail-1.png","medium_large-width":500,"medium_large-height":354,"large":"https:\/\/natussensory.com\/wp-content\/uploads\/DataLink_product-thumbnail-1.png","large-width":500,"large-height":354,"1536x1536":"https:\/\/natussensory.com\/wp-content\/uploads\/DataLink_product-thumbnail-1.png","1536x1536-width":500,"1536x1536-height":354,"2048x2048":"https:\/\/natussensory.com\/wp-content\/uploads\/DataLink_product-thumbnail-1.png","2048x2048-width":500,"2048x2048-height":354}}}},{"acf_fc_layout":"simple_content","_acfe_flexible_toggle":"","content_full_width_landing":{"module_options":{"":null,"module_id":"n651532303d50f","module_class":"","module_background_type":"color","module_background_color":"","module_background_image":false,"module_background_video":"","activate_custom_padding":false,"padding_top_desktop":"0","padding_top_tablet":"0","padding_top_mobile":"0","padding_bottom_desktop":"0","padding_bottom_tablet":"0","padding_bottom_mobile":"0","activate_custom_margin":false,"margin_top_desktop":"0","margin_top_tablet":"0","margin_top_mobile":"0","margin_bottom_desktop":"0","margin_bottom_tablet":"0","margin_bottom_mobile":"0","disable_on":[],"content_alignment_desktop":"left","content_alignment_tablet":"left","content_alignment_mobile":"left"},"activate_custom_container_width":false,"container_width":"","content":"<h2>\u00a1La \u00faltima generaci\u00f3n en obtenci\u00f3n de im\u00e1genes oculares pedi\u00e1tricas conectadas!<\/h2>\n<p><img loading=\"lazy\" decoding=\"async\" class=\"aligncenter size-full wp-image-12416\" src=\"https:\/\/natussensory.com\/wp-content\/uploads\/DataLink_ES_banner.png\" alt=\"\" width=\"1300\" height=\"600\" srcset=\"https:\/\/natussensory.com\/wp-content\/uploads\/DataLink_ES_banner.png 1300w, https:\/\/natussensory.com\/wp-content\/uploads\/DataLink_ES_banner-768x354.png 768w\" sizes=\"auto, (max-width: 1300px) 100vw, 1300px\" \/><\/p>\n<p>&nbsp;<\/p>\n<p>&nbsp;<\/p>\n"}},{"acf_fc_layout":"product_details_right_image_and_left_content","_acfe_flexible_toggle":"","right_image_left_content_single_cta_landing":{"module_options":{"":null,"module_id":"n65153230444a4","module_class":"","module_background_type":"color","module_background_color":"","module_background_image":false,"module_background_video":"","activate_custom_padding":false,"padding_top_desktop":"0","padding_top_tablet":"0","padding_top_mobile":"0","padding_bottom_desktop":"0","padding_bottom_tablet":"0","padding_bottom_mobile":"0","activate_custom_margin":false,"margin_top_desktop":"0","margin_top_tablet":"0","margin_top_mobile":"0","margin_bottom_desktop":"0","margin_bottom_tablet":"0","margin_bottom_mobile":"0","disable_on":[],"content_alignment_desktop":"left","content_alignment_tablet":"left","content_alignment_mobile":"left"},"":null,"label":"","title":"Visualizaci\u00f3n remota avanzada cuando m\u00e1s le convenga a usted y al paciente ","description":"<p>Utilice una plataforma web centralizada para acceder a datos urgentes de pacientes y realizar anotaciones en im\u00e1genes de manera inmediata. Introduzca f\u00e1cilmente los resultados del diagn\u00f3stico en plantillas de informes f\u00e1ciles de usar al mismo tiempo que los datos se comparten con el sistema de expedientes m\u00e9dicos electr\u00f3nicos (ERM, por sus siglas en ingl\u00e9s) del centro de diagn\u00f3stico por im\u00e1genes. Ampl\u00ede su \u00e1mbito de actuaci\u00f3n en todo el proceso de revisi\u00f3n.<\/p>\n","link":null,"image":{"ID":6492,"id":6492,"title":"DataLink_clinicians_spot","filename":"DataLink_clinicians_spot2.jpg","filesize":282980,"url":"https:\/\/natussensory.com\/wp-content\/uploads\/DataLink_clinicians_spot2.jpg","link":"https:\/\/natussensory.com\/es\/productos\/datalink-para-retcam-envision\/datalink_clinicians_spot-2\/","alt":"Healthcare professional using DataLink for RetCam Envision on a clinical workstation while a doctor observes, showcasing digital workflow integration for ophthalmic imaging and reporting.","author":"4","description":"","caption":"","name":"datalink_clinicians_spot-2","status":"inherit","uploaded_to":12408,"date":"2023-09-22 09:26:01","modified":"2025-05-07 08:10:43","menu_order":0,"mime_type":"image\/png","type":"image","subtype":"png","icon":"https:\/\/natussensory.com\/wp-includes\/images\/media\/default.png","width":800,"height":450,"sizes":{"thumbnail":"https:\/\/natussensory.com\/wp-content\/uploads\/DataLink_clinicians_spot2.jpg","thumbnail-width":128,"thumbnail-height":72,"medium":"https:\/\/natussensory.com\/wp-content\/uploads\/DataLink_clinicians_spot2.jpg","medium-width":800,"medium-height":450,"medium_large":"https:\/\/natussensory.com\/wp-content\/uploads\/DataLink_clinicians_spot-768x432.png","medium_large-width":768,"medium_large-height":432,"large":"https:\/\/natussensory.com\/wp-content\/uploads\/DataLink_clinicians_spot2.jpg","large-width":800,"large-height":450,"1536x1536":"https:\/\/natussensory.com\/wp-content\/uploads\/DataLink_clinicians_spot2.jpg","1536x1536-width":800,"1536x1536-height":450,"2048x2048":"https:\/\/natussensory.com\/wp-content\/uploads\/DataLink_clinicians_spot2.jpg","2048x2048-width":800,"2048x2048-height":450}}}},{"acf_fc_layout":"product_details_left_image_and_right_content","_acfe_flexible_toggle":"","left_image_right_content_single_cta_landing":{"module_options":{"":null,"module_id":"n651532304d080","module_class":"","module_background_type":"color","module_background_color":"","module_background_image":false,"module_background_video":"","activate_custom_padding":false,"padding_top_desktop":"0","padding_top_tablet":"0","padding_top_mobile":"0","padding_bottom_desktop":"0","padding_bottom_tablet":"0","padding_bottom_mobile":"0","activate_custom_margin":false,"margin_top_desktop":"0","margin_top_tablet":"0","margin_top_mobile":"0","margin_bottom_desktop":"0","margin_bottom_tablet":"0","margin_bottom_mobile":"0","disable_on":[],"content_alignment_desktop":"left","content_alignment_tablet":"left","content_alignment_mobile":"left"},"image":{"ID":6275,"id":6275,"title":"Retcam-Envision_DataLink_spot","filename":"Retcam-Envision_DataLink_spot.jpg","filesize":150028,"url":"https:\/\/natussensory.com\/wp-content\/uploads\/Retcam-Envision_DataLink_spot.jpg","link":"https:\/\/natussensory.com\/es\/productos\/retcam-envision\/retcam-envision_datalink_spot-2\/","alt":"Physician using a laptop to review retinal imaging and screening data via DataLink and RetCam Envision, enabling cloud-based remote diagnostics and reporting.","author":"4","description":"","caption":"","name":"retcam-envision_datalink_spot-2","status":"inherit","uploaded_to":12404,"date":"2023-09-21 20:36:35","modified":"2025-05-22 13:23:56","menu_order":0,"mime_type":"image\/jpeg","type":"image","subtype":"jpeg","icon":"https:\/\/natussensory.com\/wp-includes\/images\/media\/default.png","width":800,"height":450,"sizes":{"thumbnail":"https:\/\/natussensory.com\/wp-content\/uploads\/Retcam-Envision_DataLink_spot.jpg","thumbnail-width":128,"thumbnail-height":72,"medium":"https:\/\/natussensory.com\/wp-content\/uploads\/Retcam-Envision_DataLink_spot.jpg","medium-width":800,"medium-height":450,"medium_large":"https:\/\/natussensory.com\/wp-content\/uploads\/Retcam-Envision_DataLink_spot-768x432.jpg","medium_large-width":768,"medium_large-height":432,"large":"https:\/\/natussensory.com\/wp-content\/uploads\/Retcam-Envision_DataLink_spot.jpg","large-width":800,"large-height":450,"1536x1536":"https:\/\/natussensory.com\/wp-content\/uploads\/Retcam-Envision_DataLink_spot.jpg","1536x1536-width":800,"1536x1536-height":450,"2048x2048":"https:\/\/natussensory.com\/wp-content\/uploads\/Retcam-Envision_DataLink_spot.jpg","2048x2048-width":800,"2048x2048-height":450}},"label":"","title":"Gesti\u00f3n de datos integrada en la Google Cloud Platform","description":"<p>DataLink le permite monitorizar de manera segura los ex\u00e1menes de diagn\u00f3stico por imagen a medida que se avanza en el proceso de evaluaci\u00f3n. Las im\u00e1genes capturadas se transfieren, visualizan y almacenan de manera segura con un entorno de trabajo digital plenamente gestionable. Simplifique los informes, seleccione vistas personalizadas y recupere los datos cuando sea necesario. Disfrute de una integraci\u00f3n sin contratiempos y del intercambio de datos estandarizados.<\/p>\n","link":null}},{"acf_fc_layout":"simple_content","_acfe_flexible_toggle":"","content_full_width_landing":{"module_options":{"":null,"module_id":"n6515323055bfb","module_class":"","module_background_type":"color","module_background_color":"","module_background_image":false,"module_background_video":"","activate_custom_padding":false,"padding_top_desktop":"0","padding_top_tablet":"0","padding_top_mobile":"0","padding_bottom_desktop":"0","padding_bottom_tablet":"0","padding_bottom_mobile":"0","activate_custom_margin":false,"margin_top_desktop":"0","margin_top_tablet":"0","margin_top_mobile":"0","margin_bottom_desktop":"0","margin_bottom_tablet":"0","margin_bottom_mobile":"0","disable_on":[],"content_alignment_desktop":"left","content_alignment_tablet":"left","content_alignment_mobile":"left"},"activate_custom_container_width":false,"container_width":"","content":"<h4>Gestione los pacientes con puntualidad y de una manera eficaz mediante el uso de un flujo de trabajo cl\u00ednico optimizado<\/h4>\n<p>Integre la gesti\u00f3n de datos y disfrute de funciones de visualizaci\u00f3n remota sofisticadas, todo ello desde una \u00fanica ubicaci\u00f3n y sin la necesidad de trasladar al paciente. El oftalm\u00f3logo puede acceder f\u00e1cilmente a las im\u00e1genes para evaluarlas y confeccionar informes. Su RetCam Envision recibir\u00e1 autom\u00e1ticamente la informaci\u00f3n de los ex\u00e1menes desde una lista de trabajo de modalidad, lo que a su vez permitir\u00e1 simplificar el flujo de trabajo. DataLink facilita transformar el modo en el que usted se comunica en el \u00e1mbito de la atenci\u00f3n al paciente.<\/p>\n"}},{"acf_fc_layout":"related_products","_acfe_flexible_layout_title":"Resources and Support","_acfe_flexible_toggle":"","tiles_3_columns_landing":{"module_options":{"":null,"module_id":"info","module_class":"","module_background_type":"color","module_background_color":"","module_background_image":false,"module_background_video":"","activate_custom_padding":false,"padding_top_desktop":"0","padding_top_tablet":"0","padding_top_mobile":"0","padding_bottom_desktop":"0","padding_bottom_tablet":"0","padding_bottom_mobile":"0","activate_custom_margin":false,"margin_top_desktop":"0","margin_top_tablet":"0","margin_top_mobile":"0","margin_bottom_desktop":"0","margin_bottom_tablet":"0","margin_bottom_mobile":"0","disable_on":[],"content_alignment_desktop":"left","content_alignment_tablet":"left","content_alignment_mobile":"left"},"intro_text":"Recursos y Soporte","intro_text_color":"","intro_link":null,"tiles":[{"label":"Recursos","label_background_color":"#154284","image":false,"title":"Folleto, Flyer, Ficha T\u00e9cnica y m\u00e1s","link":{"type":"url","value":"https:\/\/natus.bynder.com\/web\/38a8136fcd90493e\/resource-library-retcam-envision\/","url":"https:\/\/natus.bynder.com\/web\/38a8136fcd90493e\/resource-library-retcam-envision\/","name":"https:\/\/natus.bynder.com\/web\/38a8136fcd90493e\/resource-library-retcam-envision\/","title":"Retcam Recursos","target":"_blank"}},{"label":"Soporte","label_background_color":"#154284","image":false,"title":"Gu\u00edas De Usario y Manuales (eIFUs)","link":{"type":"post","value":"883","url":"https:\/\/natussensory.com\/support\/","name":"Service &#038; Support","title":"Servicio y Soporte","target":""}}]}},{"acf_fc_layout":"related_products","_acfe_flexible_toggle":"","tiles_3_columns_landing":{"module_options":{"":null,"module_id":"n651532306d5d4","module_class":"","module_background_type":"color","module_background_color":"","module_background_image":false,"module_background_video":"","activate_custom_padding":false,"padding_top_desktop":"0","padding_top_tablet":"0","padding_top_mobile":"0","padding_bottom_desktop":"0","padding_bottom_tablet":"0","padding_bottom_mobile":"0","activate_custom_margin":false,"margin_top_desktop":"0","margin_top_tablet":"0","margin_top_mobile":"0","margin_bottom_desktop":"0","margin_bottom_tablet":"0","margin_bottom_mobile":"0","disable_on":[],"content_alignment_desktop":"left","content_alignment_tablet":"left","content_alignment_mobile":"left"},"intro_text":"Productos Relacionados","intro_text_color":"","intro_link":null,"tiles":[{"label":"","label_background_color":"","image":{"ID":6476,"id":6476,"title":"RetCam Envision_linkspot","filename":"RetCam-Envision_linkspot2.jpg","filesize":113519,"url":"https:\/\/natussensory.com\/wp-content\/uploads\/RetCam-Envision_linkspot2.jpg","link":"https:\/\/natussensory.com\/es\/productos\/datalink-para-retcam-envision\/retcam-envision_linkspot-2\/","alt":"","author":"4","description":"","caption":"","name":"retcam-envision_linkspot-2","status":"inherit","uploaded_to":12408,"date":"2023-09-22 08:55:27","modified":"2023-09-22 08:55:27","menu_order":0,"mime_type":"image\/jpeg","type":"image","subtype":"jpeg","icon":"https:\/\/natussensory.com\/wp-includes\/images\/media\/default.png","width":600,"height":300,"sizes":{"thumbnail":"https:\/\/natussensory.com\/wp-content\/uploads\/RetCam-Envision_linkspot2.jpg","thumbnail-width":128,"thumbnail-height":64,"medium":"https:\/\/natussensory.com\/wp-content\/uploads\/RetCam-Envision_linkspot2.jpg","medium-width":600,"medium-height":300,"medium_large":"https:\/\/natussensory.com\/wp-content\/uploads\/RetCam-Envision_linkspot2.jpg","medium_large-width":600,"medium_large-height":300,"large":"https:\/\/natussensory.com\/wp-content\/uploads\/RetCam-Envision_linkspot2.jpg","large-width":600,"large-height":300,"1536x1536":"https:\/\/natussensory.com\/wp-content\/uploads\/RetCam-Envision_linkspot2.jpg","1536x1536-width":600,"1536x1536-height":300,"2048x2048":"https:\/\/natussensory.com\/wp-content\/uploads\/RetCam-Envision_linkspot2.jpg","2048x2048-width":600,"2048x2048-height":300}},"title":"Sistema de obtenci\u00f3n de im\u00e1genes oftalmol\u00f3gicas RetCam Envision\u2122","link":{"type":"post","value":"6257","url":"https:\/\/natussensory.com\/products\/retcam-envision\/","name":"RetCam\u00ae &#8211; Envision ophthalmic imaging system","title":"Aprenda M\u00e1s","target":""}},{"label":"","label_background_color":"","image":false,"title":"\u00bfYa es usuario de DataLink para RetCam Envision?","link":{"type":"url","value":"https:\/\/natus.ambrahealth.com\/","url":"https:\/\/natus.ambrahealth.com\/","name":"https:\/\/natus.ambrahealth.com\/","title":"Haga clic aqu\u00ed para iniciar se\u2026","target":"_blank"}}]}},{"acf_fc_layout":"contact_form","_acfe_flexible_toggle":"","contact_form_landing":{"module_options":{"":null,"module_id":"contact","module_class":"","module_background_type":"color","module_background_color":"","module_background_image":false,"module_background_video":"","activate_custom_padding":false,"padding_top_desktop":"0","padding_top_tablet":"0","padding_top_mobile":"0","padding_bottom_desktop":"0","padding_bottom_tablet":"0","padding_bottom_mobile":"0","activate_custom_margin":false,"margin_top_desktop":"0","margin_top_tablet":"0","margin_top_mobile":"0","margin_bottom_desktop":"0","margin_bottom_tablet":"0","margin_bottom_mobile":"0","disable_on":[],"content_alignment_desktop":"left","content_alignment_tablet":"left","content_alignment_mobile":"left"},"":null,"activate_intro":false,"intro_text":"","intro_text_color":"","intro_link":null,"activate_description":true,"description_title":"Contacto","description_copy":"","embed_code":"<script charset=\"utf-8\" type=\"text\/javascript\" src=\"\/\/js.hsforms.net\/forms\/embed\/v2.js\"><\/script>\r\n<script>\r\n  hbspt.forms.create({\r\n    region: \"na1\",\r\n    portalId: \"3002890\",\r\n    formId: \"1880a511-57f2-43f8-ad33-1076e22f5f14\"\r\n  });\r\n<\/script>"}},{"acf_fc_layout":"simple_content","_acfe_flexible_layout_title":"Part Number","_acfe_flexible_toggle":"","content_full_width_landing":{"module_options":{"":null,"module_id":"n6515323081d9b","module_class":"","module_background_type":"color","module_background_color":"","module_background_image":false,"module_background_video":"","activate_custom_padding":false,"padding_top_desktop":"0","padding_top_tablet":"0","padding_top_mobile":"0","padding_bottom_desktop":"0","padding_bottom_tablet":"0","padding_bottom_mobile":"0","activate_custom_margin":false,"margin_top_desktop":"0","margin_top_tablet":"0","margin_top_mobile":"0","margin_bottom_desktop":"0","margin_bottom_tablet":"0","margin_bottom_mobile":"0","disable_on":[],"content_alignment_desktop":"left","content_alignment_tablet":"left","content_alignment_mobile":"left"},"activate_custom_container_width":false,"container_width":"","content":"<p><span style=\"font-size: 11px;\">036870 RevA<\/span><\/p>\n"}}]},"_links":{"self":[{"href":"https:\/\/natussensory.com\/es\/wp-json\/wp\/v2\/pages\/12408","targetHints":{"allow":["GET"]}}],"collection":[{"href":"https:\/\/natussensory.com\/es\/wp-json\/wp\/v2\/pages"}],"about":[{"href":"https:\/\/natussensory.com\/es\/wp-json\/wp\/v2\/types\/page"}],"author":[{"embeddable":true,"href":"https:\/\/natussensory.com\/es\/wp-json\/wp\/v2\/users\/4"}],"replies":[{"embeddable":true,"href":"https:\/\/natussensory.com\/es\/wp-json\/wp\/v2\/comments?post=12408"}],"version-history":[{"count":10,"href":"https:\/\/natussensory.com\/es\/wp-json\/wp\/v2\/pages\/12408\/revisions"}],"predecessor-version":[{"id":27778,"href":"https:\/\/natussensory.com\/es\/wp-json\/wp\/v2\/pages\/12408\/revisions\/27778"}],"up":[{"embeddable":true,"href":"https:\/\/natussensory.com\/es\/wp-json\/wp\/v2\/pages\/11803"}],"wp:attachment":[{"href":"https:\/\/natussensory.com\/es\/wp-json\/wp\/v2\/media?parent=12408"}],"wp:term":[{"taxonomy":"category","embeddable":true,"href":"https:\/\/natussensory.com\/es\/wp-json\/wp\/v2\/categories?post=12408"},{"taxonomy":"post_tag","embeddable":true,"href":"https:\/\/natussensory.com\/es\/wp-json\/wp\/v2\/tags?post=12408"}],"curies":[{"name":"wp","href":"https:\/\/api.w.org\/{rel}","templated":true}]}}