{"id":12396,"date":"2023-09-20T11:07:26","date_gmt":"2023-09-20T11:07:26","guid":{"rendered":"https:\/\/natussensory.com\/sensory\/ics-aircal\/"},"modified":"2025-10-22T12:18:08","modified_gmt":"2025-10-22T12:18:08","slug":"ics-aircal","status":"publish","type":"page","link":"https:\/\/natussensory.com\/es\/productos\/ics-aircal\/","title":{"rendered":"ICS\u00ae Aircal &#8211; Irrigador cal\u00f3rico"},"content":{"rendered":"","protected":false},"excerpt":{"rendered":"","protected":false},"author":4,"featured_media":0,"parent":11803,"menu_order":0,"comment_status":"closed","ping_status":"closed","template":"templates\/page-sensory-solutions-product-landing.php","meta":{"_acf_changed":false,"inline_featured_image":false,"footnotes":""},"categories":[313],"tags":[],"class_list":["post-12396","page","type-page","status-publish","hentry","category-exploracion-vestibular"],"acf":{"content_blocks":[{"acf_fc_layout":"spacer","_acfe_flexible_toggle":"","spacer":{"module_options":{"":null,"module_id":"n6515300f377ca","module_class":"","module_background_type":"color","module_background_color":"#473089","module_background_image":false,"module_background_video":"","activate_custom_padding":false,"padding_top_desktop":"0","padding_top_tablet":"0","padding_top_mobile":"0","padding_bottom_desktop":"0","padding_bottom_tablet":"0","padding_bottom_mobile":"0","activate_custom_margin":false,"margin_top_desktop":"0","margin_top_tablet":"0","margin_top_mobile":"0","margin_bottom_desktop":"0","margin_bottom_tablet":"0","margin_bottom_mobile":"0","disable_on":[],"content_alignment_desktop":"left","content_alignment_tablet":"left","content_alignment_mobile":"left"},"height":"160"}},{"acf_fc_layout":"intro_with_sticky_image","_acfe_flexible_toggle":"","left_content_right_image_sticky":{"module_options":{"":null,"module_id":"n6515300f3f908","module_class":"","module_background_type":"color","module_background_color":"","module_background_image":false,"module_background_video":"","activate_custom_padding":false,"padding_top_desktop":"0","padding_top_tablet":"0","padding_top_mobile":"0","padding_bottom_desktop":"0","padding_bottom_tablet":"0","padding_bottom_mobile":"0","activate_custom_margin":false,"margin_top_desktop":"0","margin_top_tablet":"0","margin_top_mobile":"0","margin_bottom_desktop":"0","margin_bottom_tablet":"0","margin_bottom_mobile":"0","disable_on":[],"content_alignment_desktop":"left","content_alignment_tablet":"left","content_alignment_mobile":"left"},"":null,"title":"ICS<sup>\u00ae<\/sup> Aircal - Pruebas cal\u00f3ricas con aire","subheader":"<p>El ICS Aircal es una soluci\u00f3n moderna para realizar estimulaci\u00f3n cal\u00f3rica con aire. Combina la comodidad y el confort del aire para el paciente con la precisi\u00f3n de la irrigaci\u00f3n con agua lo que permite realizar pruebas cal\u00f3ricas con confianza. Como no es necesario usar agua, el proceso es m\u00e1s f\u00e1cil para el m\u00e9dico y m\u00e1s agradable para el paciente.<\/p>\n<p>&nbsp;<\/p>\n<p>Realice pruebas cal\u00f3ricas con confianza con el ICS Aircal.<\/p>\n","icons":false,"quick_navigation":[{"quick_link":{"type":"url","value":"#contact","url":"#contact","name":"#contact","title":"solicitar un presupuesto","target":""}},{"quick_link":{"type":"url","value":"#info","url":"#info","name":"#info","title":"Explora m\u00e1s detalles","target":""}}],"description":"","message_label":" ","message_title":"\u00bfBusca un servicio productos o asistencia t\u00e9cnica?","message_link":{"type":"post","value":"883","url":"https:\/\/natussensory.com\/support\/","name":"Service &#038; Support","title":"Servicio y soporte  ","target":""},"right_sticky_image":{"ID":5664,"id":5664,"title":"Aircal_product thumbnail","filename":"Aircal_product-thumbnail.png","filesize":130518,"url":"https:\/\/natussensory.com\/wp-content\/uploads\/Aircal_product-thumbnail.png","link":"https:\/\/natussensory.com\/es\/productos\/ics-aircal\/aircal_product-thumbnail-2\/","alt":"Natus ICS AirCal caloric irrigation device with attached handpiece, used for vestibular testing and balance assessment.","author":"4","description":"Calloric Irrigator","caption":"","name":"aircal_product-thumbnail-2","status":"inherit","uploaded_to":12396,"date":"2023-09-20 11:54:50","modified":"2025-05-27 08:13:34","menu_order":0,"mime_type":"image\/png","type":"image","subtype":"png","icon":"https:\/\/natussensory.com\/wp-includes\/images\/media\/default.png","width":500,"height":338,"sizes":{"thumbnail":"https:\/\/natussensory.com\/wp-content\/uploads\/Aircal_product-thumbnail.png","thumbnail-width":128,"thumbnail-height":87,"medium":"https:\/\/natussensory.com\/wp-content\/uploads\/Aircal_product-thumbnail.png","medium-width":500,"medium-height":338,"medium_large":"https:\/\/natussensory.com\/wp-content\/uploads\/Aircal_product-thumbnail.png","medium_large-width":500,"medium_large-height":338,"large":"https:\/\/natussensory.com\/wp-content\/uploads\/Aircal_product-thumbnail.png","large-width":500,"large-height":338,"1536x1536":"https:\/\/natussensory.com\/wp-content\/uploads\/Aircal_product-thumbnail.png","1536x1536-width":500,"1536x1536-height":338,"2048x2048":"https:\/\/natussensory.com\/wp-content\/uploads\/Aircal_product-thumbnail.png","2048x2048-width":500,"2048x2048-height":338}}}},{"acf_fc_layout":"simple_content","_acfe_flexible_toggle":"","content_full_width_landing":{"module_options":{"":null,"module_id":"n6515300f4bd3e","module_class":"","module_background_type":"color","module_background_color":"","module_background_image":false,"module_background_video":"","activate_custom_padding":false,"padding_top_desktop":"0","padding_top_tablet":"0","padding_top_mobile":"0","padding_bottom_desktop":"0","padding_bottom_tablet":"0","padding_bottom_mobile":"0","activate_custom_margin":false,"margin_top_desktop":"0","margin_top_tablet":"0","margin_top_mobile":"0","margin_bottom_desktop":"0","margin_bottom_tablet":"0","margin_bottom_mobile":"0","disable_on":[],"content_alignment_desktop":"left","content_alignment_tablet":"left","content_alignment_mobile":"left"},"activate_custom_container_width":false,"container_width":"","content":"<h2>Pruebas cal\u00f3ricas con aire confiables<\/h2>\n<p><img loading=\"lazy\" decoding=\"async\" class=\"aligncenter size-full wp-image-5665\" src=\"https:\/\/natussensory.com\/wp-content\/uploads\/Aircal_banner.jpg\" alt=\"\" width=\"1733\" height=\"800\" srcset=\"https:\/\/natussensory.com\/wp-content\/uploads\/Aircal_banner.jpg 1733w, https:\/\/natussensory.com\/wp-content\/uploads\/Aircal_banner-768x355.jpg 768w, https:\/\/natussensory.com\/wp-content\/uploads\/Aircal_banner-1536x709.jpg 1536w\" sizes=\"auto, (max-width: 1733px) 100vw, 1733px\" \/><\/p>\n"}},{"acf_fc_layout":"product_details_right_image_and_left_content","_acfe_flexible_toggle":"","right_image_left_content_single_cta_landing":{"module_options":{"":null,"module_id":"n6515300f53708","module_class":"","module_background_type":"color","module_background_color":"","module_background_image":false,"module_background_video":"","activate_custom_padding":false,"padding_top_desktop":"0","padding_top_tablet":"0","padding_top_mobile":"0","padding_bottom_desktop":"0","padding_bottom_tablet":"0","padding_bottom_mobile":"0","activate_custom_margin":false,"margin_top_desktop":"0","margin_top_tablet":"0","margin_top_mobile":"0","margin_bottom_desktop":"0","margin_bottom_tablet":"0","margin_bottom_mobile":"0","disable_on":[],"content_alignment_desktop":"left","content_alignment_tablet":"left","content_alignment_mobile":"left"},"":null,"label":"","title":"Estimulaci\u00f3n cal\u00f3rica con aire con ICS Aircal: est\u00edmulos precisos sin necesidad de utilizar agua","description":"<p>Las pruebas cal\u00f3ricas son un elemento clave en la evaluaci\u00f3n vestibular y es importante que el est\u00edmulo aplicado en cada o\u00eddo sea exactamente el mismo. Investigaciones han demostrado que usar aire a temperaturas ajustadas entre 24 \u00b0C y 50 \u00b0C crea una respuesta comparable a la de la irrigaci\u00f3n con agua.<\/p>\n<p>&nbsp;<\/p>\n<p>Para mayor precisi\u00f3n, la temperatura del aire puede ser controlada desde la punta del tubo de suministro, lo que asegura que sea la correcta durante todo el proceso.<\/p>\n<p>&nbsp;<\/p>\n<p>Su cabezal de suministro de primera clase permite que el examinador vea la membrana timp\u00e1nica y pueda aplicar los est\u00edmulos con precisi\u00f3n. Su dise\u00f1o \u00fanico facilita el aprendizaje para aquellos m\u00e9dicos que est\u00e9n acostumbrados a trabajar con irrigadores de agua.<\/p>\n","link":null,"image":{"ID":5684,"id":5684,"title":"Aircal_probe_spot","filename":"Aircal_probe_spot.png","filesize":146648,"url":"https:\/\/natussensory.com\/wp-content\/uploads\/Aircal_probe_spot.png","link":"https:\/\/natussensory.com\/es\/productos\/ics-aircal\/aircal_probe_spot-2\/","alt":"Front, side, and rear views of the Natus ICS Aircal handpiece used for controlled air caloric stimulation in vestibular assessments.","author":"4","description":"","caption":"","name":"aircal_probe_spot-2","status":"inherit","uploaded_to":12396,"date":"2023-09-20 11:56:18","modified":"2025-05-27 08:14:56","menu_order":0,"mime_type":"image\/png","type":"image","subtype":"png","icon":"https:\/\/natussensory.com\/wp-includes\/images\/media\/default.png","width":800,"height":450,"sizes":{"thumbnail":"https:\/\/natussensory.com\/wp-content\/uploads\/Aircal_probe_spot.png","thumbnail-width":128,"thumbnail-height":72,"medium":"https:\/\/natussensory.com\/wp-content\/uploads\/Aircal_probe_spot.png","medium-width":800,"medium-height":450,"medium_large":"https:\/\/natussensory.com\/wp-content\/uploads\/Aircal_probe_spot-768x432.png","medium_large-width":768,"medium_large-height":432,"large":"https:\/\/natussensory.com\/wp-content\/uploads\/Aircal_probe_spot.png","large-width":800,"large-height":450,"1536x1536":"https:\/\/natussensory.com\/wp-content\/uploads\/Aircal_probe_spot.png","1536x1536-width":800,"1536x1536-height":450,"2048x2048":"https:\/\/natussensory.com\/wp-content\/uploads\/Aircal_probe_spot.png","2048x2048-width":800,"2048x2048-height":450}}}},{"acf_fc_layout":"product_details_left_image_and_right_content","_acfe_flexible_toggle":"","left_image_right_content_single_cta_landing":{"module_options":{"":null,"module_id":"n6515300f5cd67","module_class":"","module_background_type":"color","module_background_color":"","module_background_image":false,"module_background_video":"","activate_custom_padding":false,"padding_top_desktop":"0","padding_top_tablet":"0","padding_top_mobile":"0","padding_bottom_desktop":"0","padding_bottom_tablet":"0","padding_bottom_mobile":"0","activate_custom_margin":false,"margin_top_desktop":"0","margin_top_tablet":"0","margin_top_mobile":"0","margin_bottom_desktop":"0","margin_bottom_tablet":"0","margin_bottom_mobile":"0","disable_on":[],"content_alignment_desktop":"left","content_alignment_tablet":"left","content_alignment_mobile":"left"},"image":{"ID":5679,"id":5679,"title":"Aircal_air-caloric-testing_spot","filename":"Aircal_air-caloric-testing_spot.jpg","filesize":136419,"url":"https:\/\/natussensory.com\/wp-content\/uploads\/Aircal_air-caloric-testing_spot.jpg","link":"https:\/\/natussensory.com\/es\/productos\/ics-aircal\/aircal_air-caloric-testing_spot-2\/","alt":"Clinician performing caloric irrigation with the Natus ICS Aircal on a reclining male patient wearing VNG goggles, with test results displayed on a connected laptop.","author":"4","description":"","caption":"","name":"aircal_air-caloric-testing_spot-2","status":"inherit","uploaded_to":12396,"date":"2023-09-20 11:56:16","modified":"2025-05-27 08:15:08","menu_order":0,"mime_type":"image\/jpeg","type":"image","subtype":"jpeg","icon":"https:\/\/natussensory.com\/wp-includes\/images\/media\/default.png","width":800,"height":450,"sizes":{"thumbnail":"https:\/\/natussensory.com\/wp-content\/uploads\/Aircal_air-caloric-testing_spot.jpg","thumbnail-width":128,"thumbnail-height":72,"medium":"https:\/\/natussensory.com\/wp-content\/uploads\/Aircal_air-caloric-testing_spot.jpg","medium-width":800,"medium-height":450,"medium_large":"https:\/\/natussensory.com\/wp-content\/uploads\/Aircal_air-caloric-testing_spot-768x432.jpg","medium_large-width":768,"medium_large-height":432,"large":"https:\/\/natussensory.com\/wp-content\/uploads\/Aircal_air-caloric-testing_spot.jpg","large-width":800,"large-height":450,"1536x1536":"https:\/\/natussensory.com\/wp-content\/uploads\/Aircal_air-caloric-testing_spot.jpg","1536x1536-width":800,"1536x1536-height":450,"2048x2048":"https:\/\/natussensory.com\/wp-content\/uploads\/Aircal_air-caloric-testing_spot.jpg","2048x2048-width":800,"2048x2048-height":450}},"label":"","title":"Pruebas eficientes y precisas gracias al ICS Aircal","description":"<p>El ICS Aircal ofrece las siguientes funciones \u00fanicas que potencian la eficiencia del flujo de trabajo y aseguran pruebas precisas y confiables:<\/p>\n<p>&nbsp;<\/p>\n<p>Intuitiva pantalla digital con botones grandes que facilitan el manejo del equipo en la oscuridad.<br \/>\nLa pantalla LED exhibe n\u00fameros grandes y brillantes y est\u00e1 orientada en un \u00e1ngulo tal que \u00e9stos puedan verse desde varias posiciones en la sala.<\/p>\n<p>&nbsp;<\/p>\n<p>La funci\u00f3n de irrigaci\u00f3n es compatible con los sistemas VNG\/ENG de Natus, lo que le permite permanecer junto al paciente mientras realiza las pruebas cal\u00f3ricas con precisi\u00f3n.<\/p>\n","link":null}},{"acf_fc_layout":"product_details_right_image_and_left_content","_acfe_flexible_toggle":"","right_image_left_content_single_cta_landing":{"module_options":{"":null,"module_id":"n6515300f6a9be","module_class":"","module_background_type":"color","module_background_color":"","module_background_image":false,"module_background_video":"","activate_custom_padding":false,"padding_top_desktop":"0","padding_top_tablet":"0","padding_top_mobile":"0","padding_bottom_desktop":"0","padding_bottom_tablet":"0","padding_bottom_mobile":"0","activate_custom_margin":false,"margin_top_desktop":"0","margin_top_tablet":"0","margin_top_mobile":"0","margin_bottom_desktop":"0","margin_bottom_tablet":"0","margin_bottom_mobile":"0","disable_on":[],"content_alignment_desktop":"left","content_alignment_tablet":"left","content_alignment_mobile":"left"},"":null,"label":"","title":"Descubra una soluci\u00f3n de estimulaci\u00f3n cal\u00f3rica flexible, silenciosa y port\u00e1til","description":"<p>El ICS Aircal es un irrigador cal\u00f3rico flexible, silencioso y port\u00e1til. Le permite ajustar la temperatura, el caudal del aire y la duraci\u00f3n de los est\u00edmulos seg\u00fan las necesidades de su cl\u00ednica.<\/p>\n<p>&nbsp;<\/p>\n<p>Adem\u00e1s, le permite ajustar la intensidad de la se\u00f1al sonora que indica que se ha alcanzado el tiempo de est\u00edmulo. El ICS Aircal es silencioso, de dimensiones reducidas y liviano (8 kg), por lo que es muy f\u00e1cil de transportar.<\/p>\n<p>&nbsp;<\/p>\n<p>Realice estimulaciones cal\u00f3ricas eficientes con ICS Aircal.<\/p>\n","link":null,"image":{"ID":5674,"id":5674,"title":"Aircal_product_spot","filename":"Aircal_product_spot.png","filesize":327020,"url":"https:\/\/natussensory.com\/wp-content\/uploads\/Aircal_product_spot.png","link":"https:\/\/natussensory.com\/es\/productos\/ics-aircal\/aircal_product_spot-2\/","alt":"Natus ICS Aircal caloric irrigation device with attached handpiece and digital touchscreen interface for vestibular testing.","author":"4","description":"","caption":"","name":"aircal_product_spot-2","status":"inherit","uploaded_to":12396,"date":"2023-09-20 11:56:13","modified":"2025-05-27 08:15:21","menu_order":0,"mime_type":"image\/png","type":"image","subtype":"png","icon":"https:\/\/natussensory.com\/wp-includes\/images\/media\/default.png","width":800,"height":450,"sizes":{"thumbnail":"https:\/\/natussensory.com\/wp-content\/uploads\/Aircal_product_spot.png","thumbnail-width":128,"thumbnail-height":72,"medium":"https:\/\/natussensory.com\/wp-content\/uploads\/Aircal_product_spot.png","medium-width":800,"medium-height":450,"medium_large":"https:\/\/natussensory.com\/wp-content\/uploads\/Aircal_product_spot-768x432.png","medium_large-width":768,"medium_large-height":432,"large":"https:\/\/natussensory.com\/wp-content\/uploads\/Aircal_product_spot.png","large-width":800,"large-height":450,"1536x1536":"https:\/\/natussensory.com\/wp-content\/uploads\/Aircal_product_spot.png","1536x1536-width":800,"1536x1536-height":450,"2048x2048":"https:\/\/natussensory.com\/wp-content\/uploads\/Aircal_product_spot.png","2048x2048-width":800,"2048x2048-height":450}}}},{"acf_fc_layout":"related_products","_acfe_flexible_layout_title":"Resources and Support","_acfe_flexible_toggle":"","tiles_3_columns_landing":{"module_options":{"":null,"module_id":"info","module_class":"","module_background_type":"color","module_background_color":"","module_background_image":false,"module_background_video":"","activate_custom_padding":false,"padding_top_desktop":"0","padding_top_tablet":"0","padding_top_mobile":"0","padding_bottom_desktop":"0","padding_bottom_tablet":"0","padding_bottom_mobile":"0","activate_custom_margin":false,"margin_top_desktop":"0","margin_top_tablet":"0","margin_top_mobile":"0","margin_bottom_desktop":"0","margin_bottom_tablet":"0","margin_bottom_mobile":"0","disable_on":[],"content_alignment_desktop":"left","content_alignment_tablet":"left","content_alignment_mobile":"left"},"intro_text":"Recursos y Soporte","intro_text_color":"","intro_link":null,"tiles":[{"label":"Recursos ","label_background_color":"#154284","image":false,"title":"Folleto, Flyer, Ficha T\u00e9cnica y m\u00e1s","link":{"type":"url","value":"https:\/\/natus.bynder.com\/web\/6ef81347e20ef78a\/resource-library-ics-aircal\/","url":"https:\/\/natus.bynder.com\/web\/6ef81347e20ef78a\/resource-library-ics-aircal\/","name":"https:\/\/natus.bynder.com\/web\/6ef81347e20ef78a\/resource-library-ics-aircal\/","title":"ICS Aircal Recursos","target":"_blank"}},{"label":"Soporte","label_background_color":"#154284","image":false,"title":"Gu\u00edas De Usario y Manuales (eIFUs)","link":{"type":"post","value":"883","url":"https:\/\/natussensory.com\/support\/","name":"Service &#038; Support","title":"Servicio y Soporte","target":""}}]}},{"acf_fc_layout":"related_products","_acfe_flexible_toggle":"","tiles_3_columns_landing":{"module_options":{"":null,"module_id":"n65152ea331bb9","module_class":"","module_background_type":"color","module_background_color":"","module_background_image":false,"module_background_video":"","activate_custom_padding":false,"padding_top_desktop":"0","padding_top_tablet":"0","padding_top_mobile":"0","padding_bottom_desktop":"0","padding_bottom_tablet":"0","padding_bottom_mobile":"0","activate_custom_margin":false,"margin_top_desktop":"0","margin_top_tablet":"0","margin_top_mobile":"0","margin_bottom_desktop":"0","margin_bottom_tablet":"0","margin_bottom_mobile":"0","disable_on":[],"content_alignment_desktop":"left","content_alignment_tablet":"left","content_alignment_mobile":"left"},"intro_text":"Productos Relacionados","intro_text_color":"#005e63","intro_link":{"type":"post","value":"1518","url":"https:\/\/natussensory.com\/products\/","name":"Products","title":"Ver todos los productos","target":""},"tiles":[{"label":"ICS Impulse","label_background_color":"#154284","image":{"ID":8989,"id":8989,"title":"Impulse_linkspot","filename":"Impulse_linkspot.jpg","filesize":74043,"url":"https:\/\/natussensory.com\/wp-content\/uploads\/Impulse_linkspot.jpg","link":"https:\/\/natussensory.com\/es\/productos\/ics-impulse\/impulse_linkspot-2\/","alt":"Natus Sensory ICS Impulse.","author":"4","description":"","caption":"","name":"impulse_linkspot-2","status":"inherit","uploaded_to":12359,"date":"2023-10-01 19:50:03","modified":"2025-05-06 13:12:14","menu_order":0,"mime_type":"image\/jpeg","type":"image","subtype":"jpeg","icon":"https:\/\/natussensory.com\/wp-includes\/images\/media\/default.png","width":600,"height":300,"sizes":{"thumbnail":"https:\/\/natussensory.com\/wp-content\/uploads\/Impulse_linkspot.jpg","thumbnail-width":128,"thumbnail-height":64,"medium":"https:\/\/natussensory.com\/wp-content\/uploads\/Impulse_linkspot.jpg","medium-width":600,"medium-height":300,"medium_large":"https:\/\/natussensory.com\/wp-content\/uploads\/Impulse_linkspot.jpg","medium_large-width":600,"medium_large-height":300,"large":"https:\/\/natussensory.com\/wp-content\/uploads\/Impulse_linkspot.jpg","large-width":600,"large-height":300,"1536x1536":"https:\/\/natussensory.com\/wp-content\/uploads\/Impulse_linkspot.jpg","1536x1536-width":600,"1536x1536-height":300,"2048x2048":"https:\/\/natussensory.com\/wp-content\/uploads\/Impulse_linkspot.jpg","2048x2048-width":600,"2048x2048-height":300}},"title":"Pruebas vestibulares","link":{"type":"post","value":"1918","url":"https:\/\/natussensory.com\/products\/ics-impulse\/","name":"ICS\u00ae Impulse &#8211; Vestibular Testing","title":"Aprenda M\u00e1s","target":""}}]}},{"acf_fc_layout":"contact_form","_acfe_flexible_toggle":"","contact_form_landing":{"module_options":{"":null,"module_id":"contact","module_class":"","module_background_type":"color","module_background_color":"","module_background_image":false,"module_background_video":"","activate_custom_padding":false,"padding_top_desktop":0,"padding_top_tablet":"","padding_top_mobile":"","padding_bottom_desktop":"","padding_bottom_tablet":"","padding_bottom_mobile":"","activate_custom_margin":false,"margin_top_desktop":"","margin_top_tablet":"","margin_top_mobile":"","margin_bottom_desktop":"","margin_bottom_tablet":"","margin_bottom_mobile":"","disable_on":[],"content_alignment_desktop":"left","content_alignment_tablet":"left","content_alignment_mobile":"left"},"":null,"activate_intro":false,"intro_text":"","intro_text_color":"","intro_link":null,"activate_description":true,"description_title":"Contacto","description_copy":"","embed_code":"<script charset=\"utf-8\" type=\"text\/javascript\" src=\"\/\/js.hsforms.net\/forms\/embed\/v2.js\"><\/script>\r\n<script>\r\n  hbspt.forms.create({\r\n    region: \"na1\",\r\n    portalId: \"3002890\",\r\n    formId: \"7258b981-6fa4-4b12-8578-4fc39998a756\"\r\n  });\r\n<\/script>"}},{"acf_fc_layout":"simple_content","_acfe_flexible_layout_title":"Part number","_acfe_flexible_toggle":"","content_full_width_landing":{"module_options":{"":null,"module_id":"n6515300fdaa3d","module_class":"","module_background_type":"color","module_background_color":"","module_background_image":false,"module_background_video":"","activate_custom_padding":false,"padding_top_desktop":0,"padding_top_tablet":"","padding_top_mobile":"","padding_bottom_desktop":"","padding_bottom_tablet":"","padding_bottom_mobile":"","activate_custom_margin":false,"margin_top_desktop":"","margin_top_tablet":"","margin_top_mobile":"","margin_bottom_desktop":"","margin_bottom_tablet":"","margin_bottom_mobile":"","disable_on":[],"content_alignment_desktop":"left","content_alignment_tablet":"left","content_alignment_mobile":"left"},"activate_custom_container_width":false,"container_width":"","content":"<p><span style=\"font-size: 11px;\">7-36-7290-ES_01<\/span><\/p>\n"}}]},"_links":{"self":[{"href":"https:\/\/natussensory.com\/es\/wp-json\/wp\/v2\/pages\/12396","targetHints":{"allow":["GET"]}}],"collection":[{"href":"https:\/\/natussensory.com\/es\/wp-json\/wp\/v2\/pages"}],"about":[{"href":"https:\/\/natussensory.com\/es\/wp-json\/wp\/v2\/types\/page"}],"author":[{"embeddable":true,"href":"https:\/\/natussensory.com\/es\/wp-json\/wp\/v2\/users\/4"}],"replies":[{"embeddable":true,"href":"https:\/\/natussensory.com\/es\/wp-json\/wp\/v2\/comments?post=12396"}],"version-history":[{"count":8,"href":"https:\/\/natussensory.com\/es\/wp-json\/wp\/v2\/pages\/12396\/revisions"}],"predecessor-version":[{"id":27656,"href":"https:\/\/natussensory.com\/es\/wp-json\/wp\/v2\/pages\/12396\/revisions\/27656"}],"up":[{"embeddable":true,"href":"https:\/\/natussensory.com\/es\/wp-json\/wp\/v2\/pages\/11803"}],"wp:attachment":[{"href":"https:\/\/natussensory.com\/es\/wp-json\/wp\/v2\/media?parent=12396"}],"wp:term":[{"taxonomy":"category","embeddable":true,"href":"https:\/\/natussensory.com\/es\/wp-json\/wp\/v2\/categories?post=12396"},{"taxonomy":"post_tag","embeddable":true,"href":"https:\/\/natussensory.com\/es\/wp-json\/wp\/v2\/tags?post=12396"}],"curies":[{"name":"wp","href":"https:\/\/api.w.org\/{rel}","templated":true}]}}