{"id":12042,"date":"2023-09-15T06:26:44","date_gmt":"2023-09-15T06:26:44","guid":{"rendered":"https:\/\/natussensory.com\/sensory\/algo-7i\/"},"modified":"2025-10-22T10:58:45","modified_gmt":"2025-10-22T10:58:45","slug":"algo-7i","status":"publish","type":"page","link":"https:\/\/natussensory.com\/es\/productos\/algo-7i\/","title":{"rendered":"ALGO\u00ae 7i Tamizaje Auditivo Neonatal"},"content":{"rendered":"","protected":false},"excerpt":{"rendered":"","protected":false},"author":4,"featured_media":0,"parent":11803,"menu_order":0,"comment_status":"closed","ping_status":"closed","template":"templates\/page-sensory-solutions-product-landing.php","meta":{"_acf_changed":false,"inline_featured_image":false,"footnotes":""},"categories":[312],"tags":[],"class_list":["post-12042","page","type-page","status-publish","hentry","category-tamizaje-auditivo"],"acf":{"content_blocks":[{"acf_fc_layout":"spacer","_acfe_flexible_toggle":"","spacer":{"module_options":{"":null,"module_id":"n6514af331e957","module_class":"","module_background_type":"color","module_background_color":"#473089","module_background_image":false,"module_background_video":"","activate_custom_padding":false,"padding_top_desktop":"0","padding_top_tablet":"0","padding_top_mobile":"0","padding_bottom_desktop":"0","padding_bottom_tablet":"0","padding_bottom_mobile":"0","activate_custom_margin":false,"margin_top_desktop":"0","margin_top_tablet":"0","margin_top_mobile":"0","margin_bottom_desktop":"0","margin_bottom_tablet":"0","margin_bottom_mobile":"0","disable_on":[],"content_alignment_desktop":"left","content_alignment_tablet":"left","content_alignment_mobile":"left"},"height":"160"}},{"acf_fc_layout":"intro_with_sticky_image","_acfe_flexible_toggle":"","left_content_right_image_sticky":{"module_options":{"":null,"module_id":"n6514af3325a7a","module_class":"","module_background_type":"color","module_background_color":"","module_background_image":false,"module_background_video":"","activate_custom_padding":false,"padding_top_desktop":"0","padding_top_tablet":"0","padding_top_mobile":"0","padding_bottom_desktop":"0","padding_bottom_tablet":"0","padding_bottom_mobile":"0","activate_custom_margin":false,"margin_top_desktop":"0","margin_top_tablet":"0","margin_top_mobile":"0","margin_bottom_desktop":"0","margin_bottom_tablet":"0","margin_bottom_mobile":"0","disable_on":[],"content_alignment_desktop":"left","content_alignment_tablet":"left","content_alignment_mobile":"left"},"":null,"title":"Sistema de cribado auditivo para reci\u00e9n nacidos ALGO<sup>\u00ae<\/sup> 7i","subheader":"<p>ALGO 7i contin\u00faa con la tradici\u00f3n de Natus de elevar el nivel de los cuidados que se proporcionan a los pacientes. La combinaci\u00f3n del rendimiento l\u00edder del sector junto con una mayor capacidad de uso ha permitido a Natus llevar el sistema de cribado auditivo de respuesta auditiva automatizada del tronco encef\u00e1lico (AABR<sup>\u00ae<\/sup>) a un nivel superior. Sistema cl\u00ednicamente probado y f\u00e1cil de usar con flujo de trabajo inteligente al alcance de su mano.<\/p>\n<p>&nbsp;<\/p>\n<p>El cribado auditivo de los reci\u00e9n nacidos es un cuidado que se ha convertido en un protocolo est\u00e1ndar en todo el mundo. El hecho de que los trastornos auditivos cong\u00e9nitos sean invisibles hace que el cribado auditivo en los reci\u00e9n nacidos, junto con AABR, sea esencial para la detecci\u00f3n temprana de p\u00e9rdida de audici\u00f3n y su prevenci\u00f3n.<\/p>\n","icons":false,"quick_navigation":[{"quick_link":{"type":"url","value":"#contact","url":"#contact","name":"#contact","title":"solicitar un presupuesto","target":""}},{"quick_link":{"type":"url","value":"#info","url":"#info","name":"#info","title":"Explora m\u00e1s detalles","target":""}}],"description":"","message_label":" ","message_title":"\u00bfBusca un servicio productos o asistencia t\u00e9cnica?","message_link":{"type":"post","value":"883","url":"https:\/\/natussensory.com\/support\/","name":"Service &#038; Support","title":"Servicio y soporte ","target":""},"right_sticky_image":{"ID":4578,"id":4578,"title":"Algo7i_product_thumbnail","filename":"Algo7i_product-thumbnail.png","filesize":93225,"url":"https:\/\/natussensory.com\/wp-content\/uploads\/Algo7i_product-thumbnail.png","link":"https:\/\/natussensory.com\/es\/productos\/algo-7i\/algo7i_product_thumbnail-2\/","alt":"ALGO 7i Infant Hearing Screening Device featuring Automated Auditory Brainstem Response (AABR) technology for newborn hearing assessments.","author":"4","description":"","caption":"","name":"algo7i_product_thumbnail-2","status":"inherit","uploaded_to":12042,"date":"2023-09-15 06:28:03","modified":"2025-05-20 12:07:24","menu_order":0,"mime_type":"image\/jpeg","type":"image","subtype":"jpeg","icon":"https:\/\/natussensory.com\/wp-includes\/images\/media\/default.png","width":500,"height":602,"sizes":{"thumbnail":"https:\/\/natussensory.com\/wp-content\/uploads\/Algo7i_product-thumbnail.png","thumbnail-width":80,"thumbnail-height":96,"medium":"https:\/\/natussensory.com\/wp-content\/uploads\/Algo7i_product-thumbnail.png","medium-width":500,"medium-height":602,"medium_large":"https:\/\/natussensory.com\/wp-content\/uploads\/Algo7i_product-thumbnail.png","medium_large-width":500,"medium_large-height":602,"large":"https:\/\/natussensory.com\/wp-content\/uploads\/Algo7i_product-thumbnail.png","large-width":500,"large-height":602,"1536x1536":"https:\/\/natussensory.com\/wp-content\/uploads\/Algo7i_product-thumbnail.png","1536x1536-width":500,"1536x1536-height":602,"2048x2048":"https:\/\/natussensory.com\/wp-content\/uploads\/Algo7i_product-thumbnail.png","2048x2048-width":500,"2048x2048-height":602}}}},{"acf_fc_layout":"simple_content","_acfe_flexible_toggle":"","content_full_width_landing":{"module_options":{"":null,"module_id":"n64bd7717af7ca","module_class":"","module_background_type":"color","module_background_color":"#f1f1f1","module_background_image":false,"module_background_video":"","activate_custom_padding":false,"padding_top_desktop":"0","padding_top_tablet":"0","padding_top_mobile":"0","padding_bottom_desktop":"0","padding_bottom_tablet":"0","padding_bottom_mobile":"0","activate_custom_margin":false,"margin_top_desktop":"0","margin_top_tablet":"0","margin_top_mobile":"0","margin_bottom_desktop":"0","margin_bottom_tablet":"0","margin_bottom_mobile":"0","disable_on":[],"content_alignment_desktop":"left","content_alignment_tablet":"left","content_alignment_mobile":"left"},"activate_custom_container_width":false,"container_width":"","content":"<h2>Y lo mejor ha mejorado a\u00fan m\u00e1s<\/h2>\n<p><img loading=\"lazy\" decoding=\"async\" class=\"aligncenter size-full wp-image-4579\" src=\"https:\/\/natussensory.com\/wp-content\/uploads\/Algo7i_banner.jpg\" alt=\"\" width=\"1300\" height=\"600\" srcset=\"https:\/\/natussensory.com\/wp-content\/uploads\/Algo7i_banner.jpg 1300w, https:\/\/natussensory.com\/wp-content\/uploads\/Algo7i_banner-768x354.jpg 768w\" sizes=\"auto, (max-width: 1300px) 100vw, 1300px\" \/><\/p>\n<p>&nbsp;<\/p>\n"}},{"acf_fc_layout":"product_details_right_image_and_left_content","_acfe_flexible_toggle":"","right_image_left_content_single_cta_landing":{"module_options":{"":null,"module_id":"n6514af333bdfe","module_class":"","module_background_type":"color","module_background_color":"","module_background_image":false,"module_background_video":"","activate_custom_padding":false,"padding_top_desktop":0,"padding_top_tablet":"","padding_top_mobile":"","padding_bottom_desktop":"","padding_bottom_tablet":"","padding_bottom_mobile":"","activate_custom_margin":false,"margin_top_desktop":"","margin_top_tablet":"","margin_top_mobile":"","margin_bottom_desktop":"","margin_bottom_tablet":"","margin_bottom_mobile":"","disable_on":[],"content_alignment_desktop":"left","content_alignment_tablet":"left","content_alignment_mobile":"left"},"":null,"label":"","title":"Cl\u00ednicamente probado: el est\u00e1ndar de excelencia de la tecnolog\u00eda ALGO AABR en la que conf\u00eda","description":"<p>ALGO 7i incorpora la tecnolog\u00eda ALGO AABR en el cribado auditivo para reci\u00e9n nacidos, que es ampliamente reconocida por su precisi\u00f3n y especificidad. Avalada por m\u00e1s de 30 a\u00f1os de datos cl\u00ednicos y publicaciones revisadas por especialistas, ALGO AABR ha permitido evaluar la capacidad auditiva de 40 millones de reci\u00e9n nacidos en todo el mundo.<\/p>\n","link":null,"image":{"ID":4604,"id":4604,"title":"Algo7i_product-screen_spot","filename":"Algo7i_product-screen_spot.jpg","filesize":289617,"url":"https:\/\/natussensory.com\/wp-content\/uploads\/Algo7i_product-screen_spot.jpg","link":"https:\/\/natussensory.com\/es\/productos\/algo-7i\/algo7i_product-screen_spot-2\/","alt":"Close-up of ALGO 7i screen showing AABR results during infant hearing screening.","author":"4","description":"","caption":"","name":"algo7i_product-screen_spot-2","status":"inherit","uploaded_to":12042,"date":"2023-09-15 06:49:38","modified":"2025-05-22 08:10:15","menu_order":0,"mime_type":"image\/jpeg","type":"image","subtype":"jpeg","icon":"https:\/\/natussensory.com\/wp-includes\/images\/media\/default.png","width":800,"height":450,"sizes":{"thumbnail":"https:\/\/natussensory.com\/wp-content\/uploads\/Algo7i_product-screen_spot.jpg","thumbnail-width":128,"thumbnail-height":72,"medium":"https:\/\/natussensory.com\/wp-content\/uploads\/Algo7i_product-screen_spot.jpg","medium-width":800,"medium-height":450,"medium_large":"https:\/\/natussensory.com\/wp-content\/uploads\/Algo7i_product-screen_spot-768x432.jpg","medium_large-width":768,"medium_large-height":432,"large":"https:\/\/natussensory.com\/wp-content\/uploads\/Algo7i_product-screen_spot.jpg","large-width":800,"large-height":450,"1536x1536":"https:\/\/natussensory.com\/wp-content\/uploads\/Algo7i_product-screen_spot.jpg","1536x1536-width":800,"1536x1536-height":450,"2048x2048":"https:\/\/natussensory.com\/wp-content\/uploads\/Algo7i_product-screen_spot.jpg","2048x2048-width":800,"2048x2048-height":450}}}},{"acf_fc_layout":"product_details_left_image_and_right_content","_acfe_flexible_toggle":"","left_image_right_content_single_cta_landing":{"module_options":{"":null,"module_id":"n6514af334433d","module_class":"","module_background_type":"color","module_background_color":"","module_background_image":false,"module_background_video":"","activate_custom_padding":false,"padding_top_desktop":0,"padding_top_tablet":"","padding_top_mobile":"","padding_bottom_desktop":"","padding_bottom_tablet":"","padding_bottom_mobile":"","activate_custom_margin":false,"margin_top_desktop":"","margin_top_tablet":"","margin_top_mobile":"","margin_bottom_desktop":"","margin_bottom_tablet":"","margin_bottom_mobile":"","disable_on":[],"content_alignment_desktop":"left","content_alignment_tablet":"left","content_alignment_mobile":"left"},"image":{"ID":4599,"id":4599,"title":"Algo7i_product_spot","filename":"Algo7i_product_spot.jpg","filesize":274902,"url":"https:\/\/natussensory.com\/wp-content\/uploads\/Algo7i_product_spot.jpg","link":"https:\/\/natussensory.com\/es\/productos\/algo-7i\/algo7i_product_spot-2\/","alt":"Clinician performing AABR test on a newborn using the ALGO 7i Newborn Hearing Screener.","author":"4","description":"","caption":"","name":"algo7i_product_spot-2","status":"inherit","uploaded_to":12042,"date":"2023-09-15 06:49:35","modified":"2025-05-20 12:11:15","menu_order":0,"mime_type":"image\/jpeg","type":"image","subtype":"jpeg","icon":"https:\/\/natussensory.com\/wp-includes\/images\/media\/default.png","width":800,"height":450,"sizes":{"thumbnail":"https:\/\/natussensory.com\/wp-content\/uploads\/Algo7i_product_spot.jpg","thumbnail-width":128,"thumbnail-height":72,"medium":"https:\/\/natussensory.com\/wp-content\/uploads\/Algo7i_product_spot.jpg","medium-width":800,"medium-height":450,"medium_large":"https:\/\/natussensory.com\/wp-content\/uploads\/Algo7i_product_spot-768x432.jpg","medium_large-width":768,"medium_large-height":432,"large":"https:\/\/natussensory.com\/wp-content\/uploads\/Algo7i_product_spot.jpg","large-width":800,"large-height":450,"1536x1536":"https:\/\/natussensory.com\/wp-content\/uploads\/Algo7i_product_spot.jpg","1536x1536-width":800,"1536x1536-height":450,"2048x2048":"https:\/\/natussensory.com\/wp-content\/uploads\/Algo7i_product_spot.jpg","2048x2048-width":800,"2048x2048-height":450}},"label":"","title":"F\u00e1cil de usar: usted tiene el control del proceso de evaluaci\u00f3n ","description":"<p>Dise\u00f1ado para caber en la palma de su mano, con adaptadores opcionales en caso de que desee montarlo sobre un mois\u00e9s est\u00e1ndar o un soporte con ruedas, ALGO 7i se adapta a cualquier entorno de cribado. Los par\u00e1metros de prueba preestablecidos y unos pasos sencillos para realizar el cribado generan unos resultados uniformes y objetivos que no requieren ning\u00fan tipo de interpretaci\u00f3n.<\/p>\n","link":null}},{"acf_fc_layout":"product_details_right_image_and_left_content","_acfe_flexible_toggle":"","right_image_left_content_single_cta_landing":{"module_options":{"":null,"module_id":"n6514af334e86f","module_class":"","module_background_type":"color","module_background_color":"","module_background_image":false,"module_background_video":"","activate_custom_padding":false,"padding_top_desktop":0,"padding_top_tablet":"","padding_top_mobile":"","padding_bottom_desktop":"","padding_bottom_tablet":"","padding_bottom_mobile":"","activate_custom_margin":false,"margin_top_desktop":"","margin_top_tablet":"","margin_top_mobile":"","margin_bottom_desktop":"","margin_bottom_tablet":"","margin_bottom_mobile":"","disable_on":[],"content_alignment_desktop":"left","content_alignment_tablet":"left","content_alignment_mobile":"left"},"":null,"label":"","title":"Flujo de trabajo inteligente: orientaci\u00f3n clara y gesti\u00f3n inteligente del programa","description":"<p>La interfaz basada en iconos gu\u00eda a los usuarios de un modo intuitivo por cada uno de los pasos del proceso de cribado. La transferencia bidireccional de datos de pacientes, usuarios y dispositivos le permite tener a mano toda la informaci\u00f3n que necesita. Su software m\u00e1s avanzado propicia una integraci\u00f3n sencilla con los flujos de trabajo de cribado existentes.<\/p>\n","link":null,"image":{"ID":4594,"id":4594,"title":"Algo7i_software_spot","filename":"Algo7i_software_spot.jpg","filesize":290633,"url":"https:\/\/natussensory.com\/wp-content\/uploads\/Algo7i_software_spot.jpg","link":"https:\/\/natussensory.com\/es\/productos\/algo-7i\/algo7i_software_spot-2\/","alt":"Clinician reviewing newborn hearing screening results from the Infant Hearing Screening Device ALGO 7i using desktop software.","author":"4","description":"","caption":"","name":"algo7i_software_spot-2","status":"inherit","uploaded_to":12042,"date":"2023-09-15 06:49:33","modified":"2025-05-20 12:12:56","menu_order":0,"mime_type":"image\/jpeg","type":"image","subtype":"jpeg","icon":"https:\/\/natussensory.com\/wp-includes\/images\/media\/default.png","width":800,"height":450,"sizes":{"thumbnail":"https:\/\/natussensory.com\/wp-content\/uploads\/Algo7i_software_spot.jpg","thumbnail-width":128,"thumbnail-height":72,"medium":"https:\/\/natussensory.com\/wp-content\/uploads\/Algo7i_software_spot.jpg","medium-width":800,"medium-height":450,"medium_large":"https:\/\/natussensory.com\/wp-content\/uploads\/Algo7i_software_spot-768x432.jpg","medium_large-width":768,"medium_large-height":432,"large":"https:\/\/natussensory.com\/wp-content\/uploads\/Algo7i_software_spot.jpg","large-width":800,"large-height":450,"1536x1536":"https:\/\/natussensory.com\/wp-content\/uploads\/Algo7i_software_spot.jpg","1536x1536-width":800,"1536x1536-height":450,"2048x2048":"https:\/\/natussensory.com\/wp-content\/uploads\/Algo7i_software_spot.jpg","2048x2048-width":800,"2048x2048-height":450}}}},{"acf_fc_layout":"related_products","_acfe_flexible_layout_title":"Resources and Support","_acfe_flexible_toggle":"","tiles_3_columns_landing":{"module_options":{"":null,"module_id":"info","module_class":"","module_background_type":"color","module_background_color":"","module_background_image":false,"module_background_video":"","activate_custom_padding":false,"padding_top_desktop":0,"padding_top_tablet":"","padding_top_mobile":"","padding_bottom_desktop":"","padding_bottom_tablet":"","padding_bottom_mobile":"","activate_custom_margin":false,"margin_top_desktop":"","margin_top_tablet":"","margin_top_mobile":"","margin_bottom_desktop":"","margin_bottom_tablet":"","margin_bottom_mobile":"","disable_on":[],"content_alignment_desktop":"left","content_alignment_tablet":"left","content_alignment_mobile":"left"},"intro_text":"Recursos y Soporte","intro_text_color":"","intro_link":null,"tiles":[{"label":"Recursos","label_background_color":"#154284","image":false,"title":"Folleto, Flyer, Ficha T\u00e9cnica y m\u00e1s","link":{"type":"url","value":"https:\/\/natus.bynder.com\/web\/16cd99a187b74cdd\/resource-library-algo-7i\/","url":"https:\/\/natus.bynder.com\/web\/16cd99a187b74cdd\/resource-library-algo-7i\/","name":"https:\/\/natus.bynder.com\/web\/16cd99a187b74cdd\/resource-library-algo-7i\/","title":"ALGO 7i Recursos","target":"_blank"}},{"label":"Soporte","label_background_color":"#154284","image":false,"title":"Gu\u00edas De Usario y Manuales (eIFUs)","link":{"type":"post","value":"883","url":"https:\/\/natussensory.com\/support\/","name":"Service &#038; Support","title":"Servicio y Soporte","target":""}}]}},{"acf_fc_layout":"related_products","_acfe_flexible_toggle":"","tiles_3_columns_landing":{"module_options":{"":null,"module_id":"n6514af3363d37","module_class":"","module_background_type":"color","module_background_color":"","module_background_image":false,"module_background_video":"","activate_custom_padding":false,"padding_top_desktop":"0","padding_top_tablet":"0","padding_top_mobile":"0","padding_bottom_desktop":"0","padding_bottom_tablet":"0","padding_bottom_mobile":"0","activate_custom_margin":false,"margin_top_desktop":"0","margin_top_tablet":"0","margin_top_mobile":"0","margin_bottom_desktop":"0","margin_bottom_tablet":"0","margin_bottom_mobile":"0","disable_on":[],"content_alignment_desktop":"left","content_alignment_tablet":"left","content_alignment_mobile":"left"},"intro_text":"Productos Relacionados","intro_text_color":"#005e63","intro_link":{"type":"post","value":"1518","url":"https:\/\/natussensory.com\/products\/","name":"Products","title":"Ver todos los productos","target":""},"tiles":[{"label":"ALGO Supplies","label_background_color":"#154284","image":{"ID":11507,"id":11507,"title":"Algo-Supplies_linkspot","filename":"Algo-Supplies_linkspot.jpg","filesize":55147,"url":"https:\/\/natussensory.com\/wp-content\/uploads\/Algo-Supplies_linkspot.jpg","link":"https:\/\/natussensory.com\/es\/productos\/accuscreen\/algo-supplies_linkspot-2\/","alt":"Algo-Supplies","author":"4","description":"","caption":"","name":"algo-supplies_linkspot-2","status":"inherit","uploaded_to":12400,"date":"2023-10-05 08:54:51","modified":"2025-08-06 14:13:33","menu_order":0,"mime_type":"image\/jpeg","type":"image","subtype":"jpeg","icon":"https:\/\/natussensory.com\/wp-includes\/images\/media\/default.png","width":600,"height":300,"sizes":{"thumbnail":"https:\/\/natussensory.com\/wp-content\/uploads\/Algo-Supplies_linkspot.jpg","thumbnail-width":128,"thumbnail-height":64,"medium":"https:\/\/natussensory.com\/wp-content\/uploads\/Algo-Supplies_linkspot.jpg","medium-width":600,"medium-height":300,"medium_large":"https:\/\/natussensory.com\/wp-content\/uploads\/Algo-Supplies_linkspot.jpg","medium_large-width":600,"medium_large-height":300,"large":"https:\/\/natussensory.com\/wp-content\/uploads\/Algo-Supplies_linkspot.jpg","large-width":600,"large-height":300,"1536x1536":"https:\/\/natussensory.com\/wp-content\/uploads\/Algo-Supplies_linkspot.jpg","1536x1536-width":600,"1536x1536-height":300,"2048x2048":"https:\/\/natussensory.com\/wp-content\/uploads\/Algo-Supplies_linkspot.jpg","2048x2048-width":600,"2048x2048-height":300}},"title":"Accesorios para el equipo de cribado auditivo ALGO","link":{"type":"post","value":"11495","url":"https:\/\/natussensory.com\/products\/algo-supplies\/","name":"ALGO\u00ae Hearing Screener Supplies","title":"Aprenda M\u00e1s","target":""}},{"label":"Bio-logic\u00ae AuDX\u00ae","label_background_color":"#154284","image":{"ID":8260,"id":8260,"title":"AuDX_linkspot","filename":"AuDX_linkspot.jpg","filesize":34580,"url":"https:\/\/natussensory.com\/wp-content\/uploads\/AuDX_linkspot.jpg","link":"https:\/\/natussensory.com\/es\/bio-logic\/audx_linkspot-2\/","alt":"AuDX","author":"4","description":"","caption":"","name":"audx_linkspot-2","status":"inherit","uploaded_to":18569,"date":"2023-09-28 13:15:20","modified":"2025-08-06 14:18:56","menu_order":0,"mime_type":"image\/jpeg","type":"image","subtype":"jpeg","icon":"https:\/\/natussensory.com\/wp-includes\/images\/media\/default.png","width":600,"height":300,"sizes":{"thumbnail":"https:\/\/natussensory.com\/wp-content\/uploads\/AuDX_linkspot.jpg","thumbnail-width":128,"thumbnail-height":64,"medium":"https:\/\/natussensory.com\/wp-content\/uploads\/AuDX_linkspot.jpg","medium-width":600,"medium-height":300,"medium_large":"https:\/\/natussensory.com\/wp-content\/uploads\/AuDX_linkspot.jpg","medium_large-width":600,"medium_large-height":300,"large":"https:\/\/natussensory.com\/wp-content\/uploads\/AuDX_linkspot.jpg","large-width":600,"large-height":300,"1536x1536":"https:\/\/natussensory.com\/wp-content\/uploads\/AuDX_linkspot.jpg","1536x1536-width":600,"1536x1536-height":300,"2048x2048":"https:\/\/natussensory.com\/wp-content\/uploads\/AuDX_linkspot.jpg","2048x2048-width":600,"2048x2048-height":300}},"title":"Evaluador de Audici\u00f3n OEA","link":{"type":"post","value":"12047","url":"https:\/\/natussensory.com\/es\/productos\/audx\/","name":"Bio-logic\u00ae AuDX\u00ae &#8211; AABR Tamizaje Auditivo Neonatal","title":"Aprenda M\u00e1s","target":""}},{"label":"Accuscreen","label_background_color":"#154284","image":{"ID":8890,"id":8890,"title":"Accuscreen_linkspot","filename":"Accuscreen_linkspot.jpg","filesize":34234,"url":"https:\/\/natussensory.com\/wp-content\/uploads\/Accuscreen_linkspot.jpg","link":"https:\/\/natussensory.com\/es\/productos\/algo-7i\/accuscreen_linkspot-2\/","alt":"Accuscreen","author":"4","description":"","caption":"","name":"accuscreen_linkspot-2","status":"inherit","uploaded_to":12042,"date":"2023-10-01 14:24:14","modified":"2025-08-06 14:23:23","menu_order":0,"mime_type":"image\/jpeg","type":"image","subtype":"jpeg","icon":"https:\/\/natussensory.com\/wp-includes\/images\/media\/default.png","width":600,"height":300,"sizes":{"thumbnail":"https:\/\/natussensory.com\/wp-content\/uploads\/Accuscreen_linkspot.jpg","thumbnail-width":128,"thumbnail-height":64,"medium":"https:\/\/natussensory.com\/wp-content\/uploads\/Accuscreen_linkspot.jpg","medium-width":600,"medium-height":300,"medium_large":"https:\/\/natussensory.com\/wp-content\/uploads\/Accuscreen_linkspot.jpg","medium_large-width":600,"medium_large-height":300,"large":"https:\/\/natussensory.com\/wp-content\/uploads\/Accuscreen_linkspot.jpg","large-width":600,"large-height":300,"1536x1536":"https:\/\/natussensory.com\/wp-content\/uploads\/Accuscreen_linkspot.jpg","1536x1536-width":600,"1536x1536-height":300,"2048x2048":"https:\/\/natussensory.com\/wp-content\/uploads\/Accuscreen_linkspot.jpg","2048x2048-width":600,"2048x2048-height":300}},"title":"Dispositivo port\u00e1til y liviano para el tamizaje auditivo (EOA\/ABR)","link":{"type":"post","value":"4633","url":"https:\/\/natussensory.com\/products\/madsen-accuscreen\/","name":"Madsen\u00ae Accuscreen\u00ae &#8211; Newborn Hearing Screener","title":"Aprenda M\u00e1s","target":""}}]}},{"acf_fc_layout":"contact_form","_acfe_flexible_toggle":"","contact_form_landing":{"module_options":{"":null,"module_id":"contact","module_class":"","module_background_type":"color","module_background_color":"","module_background_image":false,"module_background_video":"","activate_custom_padding":false,"padding_top_desktop":0,"padding_top_tablet":"","padding_top_mobile":"","padding_bottom_desktop":"","padding_bottom_tablet":"","padding_bottom_mobile":"","activate_custom_margin":false,"margin_top_desktop":"","margin_top_tablet":"","margin_top_mobile":"","margin_bottom_desktop":"","margin_bottom_tablet":"","margin_bottom_mobile":"","disable_on":[],"content_alignment_desktop":"left","content_alignment_tablet":"left","content_alignment_mobile":"left"},"":null,"activate_intro":false,"intro_text":"","intro_text_color":"","intro_link":null,"activate_description":true,"description_title":"Contacto","description_copy":"","embed_code":"<script charset=\"utf-8\" type=\"text\/javascript\" src=\"\/\/js.hsforms.net\/forms\/embed\/v2.js\"><\/script>\r\n<script>\r\n  hbspt.forms.create({\r\n    region: \"na1\",\r\n    portalId: \"3002890\",\r\n    formId: \"f90c9930-3159-41fb-9c4a-4655d9062123\"\r\n  });\r\n<\/script>"}},{"acf_fc_layout":"simple_content","_acfe_flexible_layout_title":"Part number","_acfe_flexible_toggle":"","content_full_width_landing":{"module_options":{"":null,"module_id":"n6514af337a3e9","module_class":"","module_background_type":"color","module_background_color":"","module_background_image":false,"module_background_video":"","activate_custom_padding":false,"padding_top_desktop":0,"padding_top_tablet":"","padding_top_mobile":"","padding_bottom_desktop":"","padding_bottom_tablet":"","padding_bottom_mobile":"","activate_custom_margin":false,"margin_top_desktop":"","margin_top_tablet":"","margin_top_mobile":"","margin_bottom_desktop":"","margin_bottom_tablet":"","margin_bottom_mobile":"","disable_on":[],"content_alignment_desktop":"left","content_alignment_tablet":"left","content_alignment_mobile":"left"},"activate_custom_container_width":false,"container_width":"","content":"<p><span style=\"font-size: 11px;\">035294 RevA<\/span><\/p>\n"}}]},"_links":{"self":[{"href":"https:\/\/natussensory.com\/es\/wp-json\/wp\/v2\/pages\/12042","targetHints":{"allow":["GET"]}}],"collection":[{"href":"https:\/\/natussensory.com\/es\/wp-json\/wp\/v2\/pages"}],"about":[{"href":"https:\/\/natussensory.com\/es\/wp-json\/wp\/v2\/types\/page"}],"author":[{"embeddable":true,"href":"https:\/\/natussensory.com\/es\/wp-json\/wp\/v2\/users\/4"}],"replies":[{"embeddable":true,"href":"https:\/\/natussensory.com\/es\/wp-json\/wp\/v2\/comments?post=12042"}],"version-history":[{"count":9,"href":"https:\/\/natussensory.com\/es\/wp-json\/wp\/v2\/pages\/12042\/revisions"}],"predecessor-version":[{"id":27569,"href":"https:\/\/natussensory.com\/es\/wp-json\/wp\/v2\/pages\/12042\/revisions\/27569"}],"up":[{"embeddable":true,"href":"https:\/\/natussensory.com\/es\/wp-json\/wp\/v2\/pages\/11803"}],"wp:attachment":[{"href":"https:\/\/natussensory.com\/es\/wp-json\/wp\/v2\/media?parent=12042"}],"wp:term":[{"taxonomy":"category","embeddable":true,"href":"https:\/\/natussensory.com\/es\/wp-json\/wp\/v2\/categories?post=12042"},{"taxonomy":"post_tag","embeddable":true,"href":"https:\/\/natussensory.com\/es\/wp-json\/wp\/v2\/tags?post=12042"}],"curies":[{"name":"wp","href":"https:\/\/api.w.org\/{rel}","templated":true}]}}