{"id":12034,"date":"2023-09-14T12:24:21","date_gmt":"2023-09-14T12:24:21","guid":{"rendered":"https:\/\/natussensory.com\/sensory\/otobase\/"},"modified":"2025-10-23T08:14:25","modified_gmt":"2025-10-23T08:14:25","slug":"otobase","status":"publish","type":"page","link":"https:\/\/natussensory.com\/es\/productos\/otobase\/","title":{"rendered":"Otobase\u00ae &#8211; Integraci\u00f3n con EMR"},"content":{"rendered":"","protected":false},"excerpt":{"rendered":"","protected":false},"author":4,"featured_media":0,"parent":11803,"menu_order":0,"comment_status":"closed","ping_status":"closed","template":"templates\/page-sensory-solutions-product-landing.php","meta":{"_acf_changed":false,"inline_featured_image":false,"footnotes":""},"categories":[315],"tags":[],"class_list":["post-12034","page","type-page","status-publish","hentry","category-software-es"],"acf":{"content_blocks":[{"acf_fc_layout":"spacer","_acfe_flexible_toggle":"","spacer":{"module_options":{"":null,"module_id":"n6514aa53e5cd8","module_class":"","module_background_type":"color","module_background_color":"#473089","module_background_image":false,"module_background_video":"","activate_custom_padding":false,"padding_top_desktop":"0","padding_top_tablet":"0","padding_top_mobile":"0","padding_bottom_desktop":"0","padding_bottom_tablet":"0","padding_bottom_mobile":"0","activate_custom_margin":false,"margin_top_desktop":"0","margin_top_tablet":"0","margin_top_mobile":"0","margin_bottom_desktop":"0","margin_bottom_tablet":"0","margin_bottom_mobile":"0","disable_on":[],"content_alignment_desktop":"left","content_alignment_tablet":"left","content_alignment_mobile":"left"},"height":"160"}},{"acf_fc_layout":"intro_with_sticky_image","_acfe_flexible_toggle":"","left_content_right_image_sticky":{"module_options":{"":null,"module_id":"n6514aa53ee866","module_class":"","module_background_type":"color","module_background_color":"","module_background_image":false,"module_background_video":"","activate_custom_padding":false,"padding_top_desktop":"0","padding_top_tablet":"0","padding_top_mobile":"0","padding_bottom_desktop":"0","padding_bottom_tablet":"0","padding_bottom_mobile":"0","activate_custom_margin":false,"margin_top_desktop":"0","margin_top_tablet":"0","margin_top_mobile":"0","margin_bottom_desktop":"0","margin_bottom_tablet":"0","margin_bottom_mobile":"0","disable_on":[],"content_alignment_desktop":"left","content_alignment_tablet":"left","content_alignment_mobile":"left"},"":null,"title":"Otobase<sup>\u00ae<\/sup> - Integraci\u00f3n con EMR","subheader":"<h4>Transforme la manera en la que ofrece cuidados a sus pacientes<\/h4>\n<p>Es todo cuesti\u00f3n de integraci\u00f3n. Otobase es una soluci\u00f3n de m\u00f3dulos de gesti\u00f3n de datos del tipo \u00abtodo en uno\u00bb que integra de manera sencilla los datos audiol\u00f3gicos de los pacientes en los sistemas de expedientes m\u00e9dicos electr\u00f3nicos (EMR). La interfaz de usuario, sencilla y f\u00e1cil de utilizar le ahorrar\u00e1 tiempo, lo que le permitir\u00e1 centrarse en ofrecer una atenci\u00f3n orientada al paciente.<\/p>\n","icons":false,"quick_navigation":[{"quick_link":{"type":"post","value":"883","url":"https:\/\/natussensory.com\/support\/","name":"Service &#038; Support","title":"Descargar Otobase","target":""}},{"quick_link":{"type":"url","value":"#contact","url":"#contact","name":"#contact","title":"solicitar un presupuesto","target":""}},{"quick_link":{"type":"url","value":"#info","url":"#info","name":"#info","title":"Explora m\u00e1s detalles","target":""}}],"description":"","message_label":" ","message_title":"\u00bfBusca un servicio productos o asistencia t\u00e9cnica?","message_link":{"type":"post","value":"883","url":"https:\/\/natussensory.com\/support\/","name":"Service &#038; Support","title":"Servicio y soporte ","target":""},"right_sticky_image":{"ID":4124,"id":4124,"title":"Otobase_product thumbnail","filename":"Otobase_product-thumbnail.png","filesize":175671,"url":"https:\/\/natussensory.com\/wp-content\/uploads\/Otobase_product-thumbnail.png","link":"https:\/\/natussensory.com\/es\/productos\/otobase\/otobase_product-thumbnail-2\/","alt":"Otobase logo representing audiology EMR integration software by Natus.","author":"4","description":"","caption":"","name":"otobase_product-thumbnail-2","status":"inherit","uploaded_to":12034,"date":"2023-09-14 12:16:22","modified":"2025-05-21 12:18:58","menu_order":0,"mime_type":"image\/png","type":"image","subtype":"png","icon":"https:\/\/natussensory.com\/wp-includes\/images\/media\/default.png","width":500,"height":528,"sizes":{"thumbnail":"https:\/\/natussensory.com\/wp-content\/uploads\/Otobase_product-thumbnail.png","thumbnail-width":91,"thumbnail-height":96,"medium":"https:\/\/natussensory.com\/wp-content\/uploads\/Otobase_product-thumbnail.png","medium-width":500,"medium-height":528,"medium_large":"https:\/\/natussensory.com\/wp-content\/uploads\/Otobase_product-thumbnail.png","medium_large-width":500,"medium_large-height":528,"large":"https:\/\/natussensory.com\/wp-content\/uploads\/Otobase_product-thumbnail.png","large-width":500,"large-height":528,"1536x1536":"https:\/\/natussensory.com\/wp-content\/uploads\/Otobase_product-thumbnail.png","1536x1536-width":500,"1536x1536-height":528,"2048x2048":"https:\/\/natussensory.com\/wp-content\/uploads\/Otobase_product-thumbnail.png","2048x2048-width":500,"2048x2048-height":528}}}},{"acf_fc_layout":"simple_content","_acfe_flexible_toggle":"","content_full_width_landing":{"module_options":{"":null,"module_id":"n6514aa5406663","module_class":"","module_background_type":"color","module_background_color":"","module_background_image":false,"module_background_video":"","activate_custom_padding":false,"padding_top_desktop":"0","padding_top_tablet":"0","padding_top_mobile":"0","padding_bottom_desktop":"0","padding_bottom_tablet":"0","padding_bottom_mobile":"0","activate_custom_margin":false,"margin_top_desktop":"0","margin_top_tablet":"0","margin_top_mobile":"0","margin_bottom_desktop":"0","margin_bottom_tablet":"0","margin_bottom_mobile":"0","disable_on":[],"content_alignment_desktop":"left","content_alignment_tablet":"left","content_alignment_mobile":"left"},"activate_custom_container_width":false,"container_width":"","content":"<h2>Historias cl\u00ednicas electr\u00f3nicas: conectividad y simplicidad<\/h2>\n<p><img loading=\"lazy\" decoding=\"async\" class=\"aligncenter size-full wp-image-4125\" src=\"https:\/\/natussensory.com\/wp-content\/uploads\/Otobase_banner.jpg\" alt=\"\" width=\"1300\" height=\"600\" srcset=\"https:\/\/natussensory.com\/wp-content\/uploads\/Otobase_banner.jpg 1300w, https:\/\/natussensory.com\/wp-content\/uploads\/Otobase_banner-768x354.jpg 768w\" sizes=\"auto, (max-width: 1300px) 100vw, 1300px\" \/><\/p>\n"}},{"acf_fc_layout":"product_details_right_image_and_left_content","_acfe_flexible_toggle":"","right_image_left_content_single_cta_landing":{"module_options":{"":null,"module_id":"n6514aa541002c","module_class":"","module_background_type":"color","module_background_color":"","module_background_image":false,"module_background_video":"","activate_custom_padding":false,"padding_top_desktop":"0","padding_top_tablet":"0","padding_top_mobile":"0","padding_bottom_desktop":"0","padding_bottom_tablet":"0","padding_bottom_mobile":"0","activate_custom_margin":false,"margin_top_desktop":"0","margin_top_tablet":"0","margin_top_mobile":"0","margin_bottom_desktop":"0","margin_bottom_tablet":"0","margin_bottom_mobile":"0","disable_on":[],"content_alignment_desktop":"left","content_alignment_tablet":"left","content_alignment_mobile":"left"},"":null,"label":"","title":"\u00bfPor qu\u00e9 es importante contar con un sistema electr\u00f3nico de informaci\u00f3n cl\u00ednica integrado?","description":"<p>La integraci\u00f3n de datos electr\u00f3nicos es una de las tendencias m\u00e1s consistentes hoy en d\u00eda en el \u00e1mbito de la audiolog\u00eda. Esto se debe a nuevas reglamentaciones en hospitales, consultorios m\u00e9dicos y centros m\u00e9dicos que requieren que el almacenamiento de la informaci\u00f3n sea electr\u00f3nico.<\/p>\n<p>&nbsp;<\/p>\n<p>Si bien el cumplimiento con estas nuevas regulaciones es clave, tambi\u00e9n hay un deseo de aumentar la eficiencia y eficacia de todos los procesos para poder disponer de m\u00e1s tiempo para dedicar a los pacientes.<\/p>\n<p>&nbsp;<\/p>\n<p>Otobase ofrece una manera simple de almacenar e integrar la informaci\u00f3n de manera electr\u00f3nica ayudando as\u00ed a optimizar el flujo de trabajo y eficiencia en hospitales y cl\u00ednicas.<\/p>\n","link":null,"image":{"ID":4139,"id":4139,"title":"Otobase_EMR_spot","filename":"Otobase_EMR_spot.jpg","filesize":87747,"url":"https:\/\/natussensory.com\/wp-content\/uploads\/Otobase_EMR_spot.jpg","link":"https:\/\/natussensory.com\/es\/productos\/otobase\/otobase_emr_spot-2\/","alt":"\"Otobase audiology data types including audiometry, OAE, video otoscopy, and immittance integrated into EMR system.","author":"4","description":"","caption":"","name":"otobase_emr_spot-2","status":"inherit","uploaded_to":12034,"date":"2023-09-14 12:18:40","modified":"2025-05-21 12:21:34","menu_order":0,"mime_type":"image\/jpeg","type":"image","subtype":"jpeg","icon":"https:\/\/natussensory.com\/wp-includes\/images\/media\/default.png","width":800,"height":450,"sizes":{"thumbnail":"https:\/\/natussensory.com\/wp-content\/uploads\/Otobase_EMR_spot.jpg","thumbnail-width":128,"thumbnail-height":72,"medium":"https:\/\/natussensory.com\/wp-content\/uploads\/Otobase_EMR_spot.jpg","medium-width":800,"medium-height":450,"medium_large":"https:\/\/natussensory.com\/wp-content\/uploads\/Otobase_EMR_spot-768x432.jpg","medium_large-width":768,"medium_large-height":432,"large":"https:\/\/natussensory.com\/wp-content\/uploads\/Otobase_EMR_spot.jpg","large-width":800,"large-height":450,"1536x1536":"https:\/\/natussensory.com\/wp-content\/uploads\/Otobase_EMR_spot.jpg","1536x1536-width":800,"1536x1536-height":450,"2048x2048":"https:\/\/natussensory.com\/wp-content\/uploads\/Otobase_EMR_spot.jpg","2048x2048-width":800,"2048x2048-height":450}}}},{"acf_fc_layout":"product_details_left_image_and_right_content","_acfe_flexible_toggle":"","left_image_right_content_single_cta_landing":{"module_options":{"":null,"module_id":"n6514aa541ae8d","module_class":"","module_background_type":"color","module_background_color":"","module_background_image":false,"module_background_video":"","activate_custom_padding":false,"padding_top_desktop":"0","padding_top_tablet":"0","padding_top_mobile":"0","padding_bottom_desktop":"0","padding_bottom_tablet":"0","padding_bottom_mobile":"0","activate_custom_margin":false,"margin_top_desktop":"0","margin_top_tablet":"0","margin_top_mobile":"0","margin_bottom_desktop":"0","margin_bottom_tablet":"0","margin_bottom_mobile":"0","disable_on":[],"content_alignment_desktop":"left","content_alignment_tablet":"left","content_alignment_mobile":"left"},"image":{"ID":4144,"id":4144,"title":"Otobase_PC_spot","filename":"Otobase_PC_spot.png","filesize":172481,"url":"https:\/\/natussensory.com\/wp-content\/uploads\/Otobase_PC_spot.png","link":"https:\/\/natussensory.com\/es\/productos\/otobase\/otobase_pc_spot-2\/","alt":"Otobase software displaying patient audiogram and session data for audiology EMR integration.","author":"4","description":"","caption":"","name":"otobase_pc_spot-2","status":"inherit","uploaded_to":12034,"date":"2023-09-14 12:18:42","modified":"2025-05-21 12:22:09","menu_order":0,"mime_type":"image\/png","type":"image","subtype":"png","icon":"https:\/\/natussensory.com\/wp-includes\/images\/media\/default.png","width":800,"height":450,"sizes":{"thumbnail":"https:\/\/natussensory.com\/wp-content\/uploads\/Otobase_PC_spot.png","thumbnail-width":128,"thumbnail-height":72,"medium":"https:\/\/natussensory.com\/wp-content\/uploads\/Otobase_PC_spot.png","medium-width":800,"medium-height":450,"medium_large":"https:\/\/natussensory.com\/wp-content\/uploads\/Otobase_PC_spot-768x432.png","medium_large-width":768,"medium_large-height":432,"large":"https:\/\/natussensory.com\/wp-content\/uploads\/Otobase_PC_spot.png","large-width":800,"large-height":450,"1536x1536":"https:\/\/natussensory.com\/wp-content\/uploads\/Otobase_PC_spot.png","1536x1536-width":800,"1536x1536-height":450,"2048x2048":"https:\/\/natussensory.com\/wp-content\/uploads\/Otobase_PC_spot.png","2048x2048-width":800,"2048x2048-height":450}},"label":"","title":"F\u00e1cil de integrar con las historias cl\u00ednicas electr\u00f3nicas, otras plataformas y equipos","description":"<p>Otobase es compatible con la mayor\u00eda de los equipos y sistemas audiol\u00f3gicos, por lo que podr\u00e1 integrar esta herramienta con los instrumentos de su cl\u00ednica.<\/p>\n<p>Conecte todos sus equipos a una \u00fanica base de datos electr\u00f3nica de forma f\u00e1cil.<\/p>\n","link":null}},{"acf_fc_layout":"product_details_right_image_and_left_content","_acfe_flexible_toggle":"","right_image_left_content_single_cta_landing":{"module_options":{"":null,"module_id":"n6514aa542e91e","module_class":"","module_background_type":"color","module_background_color":"","module_background_image":false,"module_background_video":"","activate_custom_padding":false,"padding_top_desktop":"0","padding_top_tablet":"0","padding_top_mobile":"0","padding_bottom_desktop":"0","padding_bottom_tablet":"0","padding_bottom_mobile":"0","activate_custom_margin":false,"margin_top_desktop":"0","margin_top_tablet":"0","margin_top_mobile":"0","margin_bottom_desktop":"0","margin_bottom_tablet":"0","margin_bottom_mobile":"0","disable_on":[],"content_alignment_desktop":"left","content_alignment_tablet":"left","content_alignment_mobile":"left"},"":null,"label":"","title":"5 razones para elegir Otobase ","description":"<ul>\n<li>Es un sistema simple y f\u00e1cil de usar. Funciona igual que Noah.<\/li>\n<li>Es compatible con todo tipo de equipamiento audiol\u00f3gico de cualquier marca.<\/li>\n<li>Es compatible con la mayor\u00eda de los sistemas de historias cl\u00ednicas electr\u00f3nicas: \u00a0como por ejemplo EPIC, AllScripts y AllMeds.<\/li>\n<li>Es compatible con las plataformas HL7 y Noah 4.<\/li>\n<li>Cumple con los requisitos de seguridad de la Ley HIPPA.<\/li>\n<\/ul>\n","link":null,"image":{"ID":4134,"id":4134,"title":"Otobase_woman_spot","filename":"Otobase_woman_spot.jpg","filesize":104770,"url":"https:\/\/natussensory.com\/wp-content\/uploads\/Otobase_woman_spot.jpg","link":"https:\/\/natussensory.com\/es\/productos\/otobase\/otobase_woman_spot-2\/","alt":"Happy user celebrating successful audiology data integration using Otobase software.","author":"4","description":"","caption":"","name":"otobase_woman_spot-2","status":"inherit","uploaded_to":12034,"date":"2023-09-14 12:18:38","modified":"2025-05-21 12:22:44","menu_order":0,"mime_type":"image\/jpeg","type":"image","subtype":"jpeg","icon":"https:\/\/natussensory.com\/wp-includes\/images\/media\/default.png","width":800,"height":450,"sizes":{"thumbnail":"https:\/\/natussensory.com\/wp-content\/uploads\/Otobase_woman_spot.jpg","thumbnail-width":128,"thumbnail-height":72,"medium":"https:\/\/natussensory.com\/wp-content\/uploads\/Otobase_woman_spot.jpg","medium-width":800,"medium-height":450,"medium_large":"https:\/\/natussensory.com\/wp-content\/uploads\/Otobase_woman_spot-768x432.jpg","medium_large-width":768,"medium_large-height":432,"large":"https:\/\/natussensory.com\/wp-content\/uploads\/Otobase_woman_spot.jpg","large-width":800,"large-height":450,"1536x1536":"https:\/\/natussensory.com\/wp-content\/uploads\/Otobase_woman_spot.jpg","1536x1536-width":800,"1536x1536-height":450,"2048x2048":"https:\/\/natussensory.com\/wp-content\/uploads\/Otobase_woman_spot.jpg","2048x2048-width":800,"2048x2048-height":450}}}},{"acf_fc_layout":"related_products","_acfe_flexible_layout_title":"Resources and Support","_acfe_flexible_toggle":"","tiles_3_columns_landing":{"module_options":{"":null,"module_id":"info","module_class":"","module_background_type":"color","module_background_color":"","module_background_image":false,"module_background_video":"","activate_custom_padding":false,"padding_top_desktop":0,"padding_top_tablet":"","padding_top_mobile":"","padding_bottom_desktop":"","padding_bottom_tablet":"","padding_bottom_mobile":"","activate_custom_margin":false,"margin_top_desktop":"","margin_top_tablet":"","margin_top_mobile":"","margin_bottom_desktop":"","margin_bottom_tablet":"","margin_bottom_mobile":"","disable_on":[],"content_alignment_desktop":"left","content_alignment_tablet":"left","content_alignment_mobile":"left"},"intro_text":"Recursos y Soporte","intro_text_color":"","intro_link":null,"tiles":[{"label":"Recursos","label_background_color":"#154284","image":false,"title":"Folleto, Flyer, Ficha T\u00e9cnica y m\u00e1s","link":{"type":"url","value":"https:\/\/natus.bynder.com\/web\/29aeb854ffdf5230\/resource-library-otobase\/","url":"https:\/\/natus.bynder.com\/web\/29aeb854ffdf5230\/resource-library-otobase\/","name":"https:\/\/natus.bynder.com\/web\/29aeb854ffdf5230\/resource-library-otobase\/","title":"Otobase Recursos","target":"_blank"}},{"label":"Soporte","label_background_color":"#154284","image":false,"title":"Gu\u00edas De Usario y Manuales (eIFUs)","link":{"type":"post","value":"883","url":"https:\/\/natussensory.com\/support\/","name":"Service &#038; Support","title":"Servicio y Soporte","target":""}},{"label":"Otobase","label_background_color":"#154284","image":false,"title":"Descargar Otobase","link":{"type":"post","value":"883","url":"https:\/\/natussensory.com\/support\/","name":"Service &#038; Support","title":" CENTRO DE DESCARGAS","target":""}}]}},{"acf_fc_layout":"related_products","_acfe_flexible_toggle":"","tiles_3_columns_landing":{"module_options":{"":null,"module_id":"n6514140274759","module_class":"","module_background_type":"color","module_background_color":"","module_background_image":false,"module_background_video":"","activate_custom_padding":false,"padding_top_desktop":"0","padding_top_tablet":"0","padding_top_mobile":"0","padding_bottom_desktop":"0","padding_bottom_tablet":"0","padding_bottom_mobile":"0","activate_custom_margin":false,"margin_top_desktop":"0","margin_top_tablet":"0","margin_top_mobile":"0","margin_bottom_desktop":"0","margin_bottom_tablet":"0","margin_bottom_mobile":"0","disable_on":[],"content_alignment_desktop":"left","content_alignment_tablet":"left","content_alignment_mobile":"left"},"intro_text":"Productos Relacionados","intro_text_color":"#005e63","intro_link":{"type":"post","value":"1518","url":"https:\/\/natussensory.com\/products\/","name":"Products","title":"Ver todos los productos","target":""},"tiles":[{"label":"Otosuite","label_background_color":"#154284","image":{"ID":9135,"id":9135,"title":"Otosuite_linkspot","filename":"Otosuite_linkspot.jpg","filesize":95359,"url":"https:\/\/natussensory.com\/wp-content\/uploads\/Otosuite_linkspot.jpg","link":"https:\/\/natussensory.com\/es\/productos\/otosuite\/otosuite_linkspot-2-2\/","alt":"Otosuite","author":"4","description":"","caption":"","name":"otosuite_linkspot-2-2","status":"inherit","uploaded_to":12030,"date":"2023-10-02 07:31:32","modified":"2025-08-07 07:52:00","menu_order":0,"mime_type":"image\/jpeg","type":"image","subtype":"jpeg","icon":"https:\/\/natussensory.com\/wp-includes\/images\/media\/default.png","width":600,"height":300,"sizes":{"thumbnail":"https:\/\/natussensory.com\/wp-content\/uploads\/Otosuite_linkspot.jpg","thumbnail-width":128,"thumbnail-height":64,"medium":"https:\/\/natussensory.com\/wp-content\/uploads\/Otosuite_linkspot.jpg","medium-width":600,"medium-height":300,"medium_large":"https:\/\/natussensory.com\/wp-content\/uploads\/Otosuite_linkspot.jpg","medium_large-width":600,"medium_large-height":300,"large":"https:\/\/natussensory.com\/wp-content\/uploads\/Otosuite_linkspot.jpg","large-width":600,"large-height":300,"1536x1536":"https:\/\/natussensory.com\/wp-content\/uploads\/Otosuite_linkspot.jpg","1536x1536-width":600,"1536x1536-height":300,"2048x2048":"https:\/\/natussensory.com\/wp-content\/uploads\/Otosuite_linkspot.jpg","2048x2048-width":600,"2048x2048-height":300}},"title":"Software de audiometr\u00eda","link":{"type":"post","value":"4085","url":"https:\/\/natussensory.com\/products\/otosuite\/","name":"Otosuite\u00ae &#8211; Audiometry Software","title":"Aprenda M\u00e1s","target":""}},{"label":"audble","label_background_color":"#154284","image":{"ID":9125,"id":9125,"title":"audble_linkspot","filename":"audble_linkspot-1.jpg","filesize":69678,"url":"https:\/\/natussensory.com\/wp-content\/uploads\/audble_linkspot-1.jpg","link":"https:\/\/natussensory.com\/es\/productos\/otosuite\/audble_linkspot-2-2\/","alt":"","author":"4","description":"","caption":"","name":"audble_linkspot-2-2","status":"inherit","uploaded_to":12030,"date":"2023-10-02 07:31:28","modified":"2023-10-02 07:31:28","menu_order":0,"mime_type":"image\/jpeg","type":"image","subtype":"jpeg","icon":"https:\/\/natussensory.com\/wp-includes\/images\/media\/default.png","width":600,"height":300,"sizes":{"thumbnail":"https:\/\/natussensory.com\/wp-content\/uploads\/audble_linkspot-1.jpg","thumbnail-width":128,"thumbnail-height":64,"medium":"https:\/\/natussensory.com\/wp-content\/uploads\/audble_linkspot-1.jpg","medium-width":600,"medium-height":300,"medium_large":"https:\/\/natussensory.com\/wp-content\/uploads\/audble_linkspot-1.jpg","medium_large-width":600,"medium_large-height":300,"large":"https:\/\/natussensory.com\/wp-content\/uploads\/audble_linkspot-1.jpg","large-width":600,"large-height":300,"1536x1536":"https:\/\/natussensory.com\/wp-content\/uploads\/audble_linkspot-1.jpg","1536x1536-width":600,"1536x1536-height":300,"2048x2048":"https:\/\/natussensory.com\/wp-content\/uploads\/audble_linkspot-1.jpg","2048x2048-width":600,"2048x2048-height":300}},"title":"Software para la gesti\u00f3n de datos","link":{"type":"post","value":"4717","url":"https:\/\/natussensory.com\/products\/audble-litedesktop\/","name":"audble\u00ae Desktop &#8211; Hearing Screening Data Management","title":"Aprenda M\u00e1s","target":""}}]}},{"acf_fc_layout":"contact_form","_acfe_flexible_toggle":"","contact_form_landing":{"module_options":{"":null,"module_id":"contact","module_class":"","module_background_type":"color","module_background_color":"","module_background_image":false,"module_background_video":"","activate_custom_padding":false,"padding_top_desktop":0,"padding_top_tablet":"","padding_top_mobile":"","padding_bottom_desktop":"","padding_bottom_tablet":"","padding_bottom_mobile":"","activate_custom_margin":false,"margin_top_desktop":"","margin_top_tablet":"","margin_top_mobile":"","margin_bottom_desktop":"","margin_bottom_tablet":"","margin_bottom_mobile":"","disable_on":[],"content_alignment_desktop":"left","content_alignment_tablet":"left","content_alignment_mobile":"left"},"":null,"activate_intro":false,"intro_text":"","intro_text_color":"","intro_link":null,"activate_description":true,"description_title":"Contacto","description_copy":"","embed_code":"<script charset=\"utf-8\" type=\"text\/javascript\" src=\"\/\/js.hsforms.net\/forms\/embed\/v2.js\"><\/script>\r\n<script>\r\n  hbspt.forms.create({\r\n    region: \"na1\",\r\n    portalId: \"3002890\",\r\n    formId: \"76c69269-0473-497b-b4e3-2a1040458afa\"\r\n  });\r\n<\/script>"}},{"acf_fc_layout":"simple_content","_acfe_flexible_layout_title":"Part number","_acfe_flexible_toggle":"","content_full_width_landing":{"module_options":{"":null,"module_id":"n6514aae337064","module_class":"","module_background_type":"color","module_background_color":"","module_background_image":false,"module_background_video":"","activate_custom_padding":false,"padding_top_desktop":0,"padding_top_tablet":"","padding_top_mobile":"","padding_bottom_desktop":"","padding_bottom_tablet":"","padding_bottom_mobile":"","activate_custom_margin":false,"margin_top_desktop":"","margin_top_tablet":"","margin_top_mobile":"","margin_bottom_desktop":"","margin_bottom_tablet":"","margin_bottom_mobile":"","disable_on":[],"content_alignment_desktop":"left","content_alignment_tablet":"left","content_alignment_mobile":"left"},"activate_custom_container_width":false,"container_width":"","content":"<p><span style=\"font-size: 11px;\">7-36-0400-ES Rev01<\/span><\/p>\n"}}]},"_links":{"self":[{"href":"https:\/\/natussensory.com\/es\/wp-json\/wp\/v2\/pages\/12034","targetHints":{"allow":["GET"]}}],"collection":[{"href":"https:\/\/natussensory.com\/es\/wp-json\/wp\/v2\/pages"}],"about":[{"href":"https:\/\/natussensory.com\/es\/wp-json\/wp\/v2\/types\/page"}],"author":[{"embeddable":true,"href":"https:\/\/natussensory.com\/es\/wp-json\/wp\/v2\/users\/4"}],"replies":[{"embeddable":true,"href":"https:\/\/natussensory.com\/es\/wp-json\/wp\/v2\/comments?post=12034"}],"version-history":[{"count":9,"href":"https:\/\/natussensory.com\/es\/wp-json\/wp\/v2\/pages\/12034\/revisions"}],"predecessor-version":[{"id":27740,"href":"https:\/\/natussensory.com\/es\/wp-json\/wp\/v2\/pages\/12034\/revisions\/27740"}],"up":[{"embeddable":true,"href":"https:\/\/natussensory.com\/es\/wp-json\/wp\/v2\/pages\/11803"}],"wp:attachment":[{"href":"https:\/\/natussensory.com\/es\/wp-json\/wp\/v2\/media?parent=12034"}],"wp:term":[{"taxonomy":"category","embeddable":true,"href":"https:\/\/natussensory.com\/es\/wp-json\/wp\/v2\/categories?post=12034"},{"taxonomy":"post_tag","embeddable":true,"href":"https:\/\/natussensory.com\/es\/wp-json\/wp\/v2\/tags?post=12034"}],"curies":[{"name":"wp","href":"https:\/\/api.w.org\/{rel}","templated":true}]}}