{"id":12016,"date":"2023-09-11T14:11:54","date_gmt":"2023-09-11T14:11:54","guid":{"rendered":"https:\/\/natussensory.com\/sensory\/navpro-one\/"},"modified":"2025-10-22T12:03:19","modified_gmt":"2025-10-22T12:03:19","slug":"navpro-one","status":"publish","type":"page","link":"https:\/\/natussensory.com\/es\/productos\/navpro-one\/","title":{"rendered":"Bio-logic\u00ae NavPRO ONE\u00ae &#8211; Potenciales Evocados Auditivos"},"content":{"rendered":"","protected":false},"excerpt":{"rendered":"","protected":false},"author":4,"featured_media":0,"parent":11803,"menu_order":0,"comment_status":"closed","ping_status":"closed","template":"templates\/page-sensory-solutions-product-landing.php","meta":{"_acf_changed":false,"inline_featured_image":false,"footnotes":""},"categories":[310],"tags":[],"class_list":["post-12016","page","type-page","status-publish","hentry","category-evaluacion-auditiva"],"acf":{"content_blocks":[{"acf_fc_layout":"spacer","_acfe_flexible_toggle":"","spacer":{"module_options":{"":null,"module_id":"n6514a01dd991d","module_class":"","module_background_type":"color","module_background_color":"#473089","module_background_image":false,"module_background_video":"","activate_custom_padding":false,"padding_top_desktop":"0","padding_top_tablet":"0","padding_top_mobile":"0","padding_bottom_desktop":"0","padding_bottom_tablet":"0","padding_bottom_mobile":"0","activate_custom_margin":false,"margin_top_desktop":"0","margin_top_tablet":"0","margin_top_mobile":"0","margin_bottom_desktop":"0","margin_bottom_tablet":"0","margin_bottom_mobile":"0","disable_on":[],"content_alignment_desktop":"left","content_alignment_tablet":"left","content_alignment_mobile":"left"},"height":"160"}},{"acf_fc_layout":"intro_with_sticky_image","_acfe_flexible_toggle":"","left_content_right_image_sticky":{"module_options":{"":null,"module_id":"n6514a01de0ee5","module_class":"","module_background_type":"color","module_background_color":"","module_background_image":false,"module_background_video":"","activate_custom_padding":false,"padding_top_desktop":"0","padding_top_tablet":"0","padding_top_mobile":"0","padding_bottom_desktop":"0","padding_bottom_tablet":"0","padding_bottom_mobile":"0","activate_custom_margin":false,"margin_top_desktop":"0","margin_top_tablet":"0","margin_top_mobile":"0","margin_bottom_desktop":"0","margin_bottom_tablet":"0","margin_bottom_mobile":"0","disable_on":[],"content_alignment_desktop":"left","content_alignment_tablet":"left","content_alignment_mobile":"left"},"":null,"title":"Bio-logic<sup>\u00ae<\/sup> NavPRO ONE<sup>\u00ae<\/sup>","subheader":"<h4>Aut\u00e9ntica fiabilidad en un dispositivo port\u00e1til<\/h4>\n<p>Bio-logic<sup>\u00ae<\/sup>\u00a0NavPRO ONE<sup>\u00ae<\/sup>\u00a0es un sistema de Potencial Evocado Auditivo (AEP) flexible y compacto que proporciona resultados en los que podr\u00e1 confiar. Este dispositivo AEP de un canal es potente, con capacidades similares a dispositivos m\u00e1s grandes basados en un PC. Independiente de un PC, de mano o port\u00e1til, le permite transportar f\u00e1cilmente su equipo al paciente o a otras ubicaciones. Es ideal para el cribado de ABR, la estimaci\u00f3n del umbral mediante el tono de r\u00e1faga o Nav-chirps, respuesta auditiva de estado estable (ASSR), electrococleaograf\u00eda (EcochG), y la respuesta del tronco cerebral auditivo el\u00e9ctrico (E-ABR).<\/p>\n","icons":false,"quick_navigation":[{"quick_link":{"type":"url","value":"#contact","url":"#contact","name":"#contact","title":"solicitar un presupuesto","target":""}},{"quick_link":{"type":"url","value":"#info","url":"#info","name":"#info","title":"Explora m\u00e1s detalles","target":""}}],"description":"","message_label":" ","message_title":"\u00bfBusca un servicio productos o asistencia t\u00e9cnica?","message_link":{"type":"post","value":"883","url":"https:\/\/natussensory.com\/support\/","name":"Service &#038; Support","title":" ","target":""},"right_sticky_image":{"ID":4036,"id":4036,"title":"NavPro One_product thumbnail","filename":"NavPro-One_product-thumbnail.png","filesize":261887,"url":"https:\/\/natussensory.com\/wp-content\/uploads\/NavPro-One_product-thumbnail.png","link":"https:\/\/natussensory.com\/es\/productos\/navpro-one\/navpro-one_product-thumbnail-2\/","alt":"Bio-logic NavPRO ONE handheld auditory evoked potential system with touchscreen interface.","author":"4","description":"","caption":"","name":"navpro-one_product-thumbnail-2","status":"inherit","uploaded_to":12016,"date":"2023-09-14 08:16:33","modified":"2025-05-14 12:12:48","menu_order":0,"mime_type":"image\/png","type":"image","subtype":"png","icon":"https:\/\/natussensory.com\/wp-includes\/images\/media\/default.png","width":500,"height":664,"sizes":{"thumbnail":"https:\/\/natussensory.com\/wp-content\/uploads\/NavPro-One_product-thumbnail.png","thumbnail-width":72,"thumbnail-height":96,"medium":"https:\/\/natussensory.com\/wp-content\/uploads\/NavPro-One_product-thumbnail.png","medium-width":500,"medium-height":664,"medium_large":"https:\/\/natussensory.com\/wp-content\/uploads\/NavPro-One_product-thumbnail.png","medium_large-width":500,"medium_large-height":664,"large":"https:\/\/natussensory.com\/wp-content\/uploads\/NavPro-One_product-thumbnail.png","large-width":500,"large-height":664,"1536x1536":"https:\/\/natussensory.com\/wp-content\/uploads\/NavPro-One_product-thumbnail.png","1536x1536-width":500,"1536x1536-height":664,"2048x2048":"https:\/\/natussensory.com\/wp-content\/uploads\/NavPro-One_product-thumbnail.png","2048x2048-width":500,"2048x2048-height":664}}}},{"acf_fc_layout":"simple_content","_acfe_flexible_toggle":"","content_full_width_landing":{"module_options":{"":null,"module_id":"n6514a01deb2bf","module_class":"","module_background_type":"color","module_background_color":"","module_background_image":false,"module_background_video":"","activate_custom_padding":false,"padding_top_desktop":"0","padding_top_tablet":"0","padding_top_mobile":"0","padding_bottom_desktop":"0","padding_bottom_tablet":"0","padding_bottom_mobile":"0","activate_custom_margin":false,"margin_top_desktop":"0","margin_top_tablet":"0","margin_top_mobile":"0","margin_bottom_desktop":"0","margin_bottom_tablet":"0","margin_bottom_mobile":"0","disable_on":[],"content_alignment_desktop":"left","content_alignment_tablet":"left","content_alignment_mobile":"left"},"activate_custom_container_width":false,"container_width":"","content":"<h2>Una nueva soluci\u00f3n \u201ctodo en uno\u201d EAP de su marca de confianza<\/h2>\n<p><img loading=\"lazy\" decoding=\"async\" class=\"aligncenter size-full wp-image-4037\" src=\"https:\/\/natussensory.com\/wp-content\/uploads\/NavPro-One_banner.jpg\" alt=\"\" width=\"1733\" height=\"800\" srcset=\"https:\/\/natussensory.com\/wp-content\/uploads\/NavPro-One_banner.jpg 1733w, https:\/\/natussensory.com\/wp-content\/uploads\/NavPro-One_banner-768x355.jpg 768w, https:\/\/natussensory.com\/wp-content\/uploads\/NavPro-One_banner-1536x709.jpg 1536w\" sizes=\"auto, (max-width: 1733px) 100vw, 1733px\" \/><\/p>\n"}},{"acf_fc_layout":"product_details_left_image_and_right_content","_acfe_flexible_toggle":"","left_image_right_content_single_cta_landing":{"module_options":{"":null,"module_id":"n6514a01df1feb","module_class":"","module_background_type":"color","module_background_color":"","module_background_image":false,"module_background_video":"","activate_custom_padding":false,"padding_top_desktop":"0","padding_top_tablet":"0","padding_top_mobile":"0","padding_bottom_desktop":"0","padding_bottom_tablet":"0","padding_bottom_mobile":"0","activate_custom_margin":false,"margin_top_desktop":"0","margin_top_tablet":"0","margin_top_mobile":"0","margin_bottom_desktop":"0","margin_bottom_tablet":"0","margin_bottom_mobile":"0","disable_on":[],"content_alignment_desktop":"left","content_alignment_tablet":"left","content_alignment_mobile":"left"},"image":{"ID":4046,"id":4046,"title":"NavPro-One-spot-clinician","filename":"NavPro-One-spot-clinician.jpg","filesize":137483,"url":"https:\/\/natussensory.com\/wp-content\/uploads\/NavPro-One-spot-clinician.jpg","link":"https:\/\/natussensory.com\/es\/productos\/navpro-one\/navpro-one-spot-clinician-2\/","alt":"Clinician performing ABR test using Bio-logic NavPRO ONE portable AEP device.","author":"4","description":"","caption":"","name":"navpro-one-spot-clinician-2","status":"inherit","uploaded_to":12016,"date":"2023-09-14 08:39:51","modified":"2025-05-22 08:22:27","menu_order":0,"mime_type":"image\/jpeg","type":"image","subtype":"jpeg","icon":"https:\/\/natussensory.com\/wp-includes\/images\/media\/default.png","width":800,"height":450,"sizes":{"thumbnail":"https:\/\/natussensory.com\/wp-content\/uploads\/NavPro-One-spot-clinician.jpg","thumbnail-width":128,"thumbnail-height":72,"medium":"https:\/\/natussensory.com\/wp-content\/uploads\/NavPro-One-spot-clinician.jpg","medium-width":800,"medium-height":450,"medium_large":"https:\/\/natussensory.com\/wp-content\/uploads\/NavPro-One-spot-clinician-768x432.jpg","medium_large-width":768,"medium_large-height":432,"large":"https:\/\/natussensory.com\/wp-content\/uploads\/NavPro-One-spot-clinician.jpg","large-width":800,"large-height":450,"1536x1536":"https:\/\/natussensory.com\/wp-content\/uploads\/NavPro-One-spot-clinician.jpg","1536x1536-width":800,"1536x1536-height":450,"2048x2048":"https:\/\/natussensory.com\/wp-content\/uploads\/NavPro-One-spot-clinician.jpg","2048x2048-width":800,"2048x2048-height":450}},"label":"","title":"El legado de Bio-logic sigue vivo","description":"<p>El Bio-logic NavPRO ONE es la soluci\u00f3n AEP de nueva generaci\u00f3n de Natus. Es una plataforma de diagn\u00f3stico segura y precisa, con un dise\u00f1o port\u00e1til y adaptable para satisfacer sus necesidades actuales y futuras. Bio-logic NavPRO ONE es un dispositivo EP de un solo canal de Otometrics compacto y potente-. La capacidad de combinar resultados de m\u00faltiples pruebas en un solo dispositivo optimiza la recopilaci\u00f3n de datos y simplifica el flujo de trabajo cl\u00ednico.<\/p>\n<p>Personalice las pruebas para satisfacer sus necesidades con estas combinaciones modulares:<\/p>\n<ul>\n<li>Evaluaci\u00f3n ABR<\/li>\n<li>Diagn\u00f3stico ABR<\/li>\n<li>ABR el\u00e9ctrico<\/li>\n<li>ASSR<\/li>\n<li>Screening<\/li>\n<li>Audiometr\u00eda<\/li>\n<li>Cribado neonatal OAE<\/li>\n<li>OAE Diagn\u00f3stico<\/li>\n<li>DP i\/O<\/li>\n<\/ul>\n","link":null}},{"acf_fc_layout":"related_products","_acfe_flexible_layout_title":"Resources and Support","_acfe_flexible_toggle":"","tiles_3_columns_landing":{"module_options":{"":null,"module_id":"info","module_class":"","module_background_type":"color","module_background_color":"","module_background_image":false,"module_background_video":"","activate_custom_padding":false,"padding_top_desktop":"0","padding_top_tablet":"0","padding_top_mobile":"0","padding_bottom_desktop":"0","padding_bottom_tablet":"0","padding_bottom_mobile":"0","activate_custom_margin":false,"margin_top_desktop":"0","margin_top_tablet":"0","margin_top_mobile":"0","margin_bottom_desktop":"0","margin_bottom_tablet":"0","margin_bottom_mobile":"0","disable_on":[],"content_alignment_desktop":"left","content_alignment_tablet":"left","content_alignment_mobile":"left"},"intro_text":"Recursos y Soporte","intro_text_color":"","intro_link":null,"tiles":[{"label":"Recursos","label_background_color":"#154284","image":false,"title":"Folleto, Flyer, Ficha T\u00e9cnica y m\u00e1s","link":{"type":"url","value":"https:\/\/natus.bynder.com\/web\/4fdcfce4cb235bd5\/resource-library-bio-logic-navpro-one\/","url":"https:\/\/natus.bynder.com\/web\/4fdcfce4cb235bd5\/resource-library-bio-logic-navpro-one\/","name":"https:\/\/natus.bynder.com\/web\/4fdcfce4cb235bd5\/resource-library-bio-logic-navpro-one\/","title":"NavPro ONE Recursos","target":"_blank"}},{"label":"Soporte","label_background_color":"#154284","image":false,"title":"Gu\u00edas De Usario y Manuales (eIFUs)","link":{"type":"post","value":"883","url":"https:\/\/natussensory.com\/support\/","name":"Service &#038; Support","title":"Servicio y Soporte","target":""}}]}},{"acf_fc_layout":"related_products","_acfe_flexible_toggle":"","tiles_3_columns_landing":{"module_options":{"":null,"module_id":"n6514a01e126d0","module_class":"","module_background_type":"color","module_background_color":"","module_background_image":false,"module_background_video":"","activate_custom_padding":false,"padding_top_desktop":"0","padding_top_tablet":"0","padding_top_mobile":"0","padding_bottom_desktop":"0","padding_bottom_tablet":"0","padding_bottom_mobile":"0","activate_custom_margin":false,"margin_top_desktop":"0","margin_top_tablet":"0","margin_top_mobile":"0","margin_bottom_desktop":"0","margin_bottom_tablet":"0","margin_bottom_mobile":"0","disable_on":[],"content_alignment_desktop":"left","content_alignment_tablet":"left","content_alignment_mobile":"left"},"intro_text":"Productos Relacionados","intro_text_color":"#005e63","intro_link":{"type":"post","value":"1518","url":"https:\/\/natussensory.com\/products\/","name":"Products","title":"Ver todos los productos","target":""},"tiles":[{"label":"BioLink software","label_background_color":"#154284","image":false,"title":"Download","link":{"type":"post","value":"883","url":"https:\/\/natussensory.com\/support\/","name":"Service &#038; Support","title":"Download Center","target":""}},{"label":"Bio-logic AuDX PRO FLEX","label_background_color":"#154284","image":{"ID":7989,"id":7989,"title":"AuDX-Pro-Flex_linkspot","filename":"AuDX-Pro-Flex_linkspot.jpg","filesize":61403,"url":"https:\/\/natussensory.com\/wp-content\/uploads\/AuDX-Pro-Flex_linkspot.jpg","link":"https:\/\/natussensory.com\/es\/productos\/navpro-one\/audx-pro-flex_linkspot-2\/","alt":"AuDX-Pro-Flex","author":"4","description":"","caption":"","name":"audx-pro-flex_linkspot-2","status":"inherit","uploaded_to":12016,"date":"2023-09-27 21:33:55","modified":"2025-08-06 13:38:04","menu_order":0,"mime_type":"image\/jpeg","type":"image","subtype":"jpeg","icon":"https:\/\/natussensory.com\/wp-includes\/images\/media\/default.png","width":600,"height":300,"sizes":{"thumbnail":"https:\/\/natussensory.com\/wp-content\/uploads\/AuDX-Pro-Flex_linkspot.jpg","thumbnail-width":128,"thumbnail-height":64,"medium":"https:\/\/natussensory.com\/wp-content\/uploads\/AuDX-Pro-Flex_linkspot.jpg","medium-width":600,"medium-height":300,"medium_large":"https:\/\/natussensory.com\/wp-content\/uploads\/AuDX-Pro-Flex_linkspot.jpg","medium_large-width":600,"medium_large-height":300,"large":"https:\/\/natussensory.com\/wp-content\/uploads\/AuDX-Pro-Flex_linkspot.jpg","large-width":600,"large-height":300,"1536x1536":"https:\/\/natussensory.com\/wp-content\/uploads\/AuDX-Pro-Flex_linkspot.jpg","1536x1536-width":600,"1536x1536-height":300,"2048x2048":"https:\/\/natussensory.com\/wp-content\/uploads\/AuDX-Pro-Flex_linkspot.jpg","2048x2048-width":600,"2048x2048-height":300}},"title":"Diagn\u00f3stico OAE","link":{"type":"post","value":"4049","url":"https:\/\/natussensory.com\/products\/audx-pro-flex\/","name":"Bio-logic\u00ae AuDX PRO FLEX\u00ae &#8211; Diagnostic OAE","title":"Aprenda M\u00e1s","target":""}},{"label":"Bio-logic AuDX PRO","label_background_color":"#154284","image":{"ID":7999,"id":7999,"title":"AuDX-Pro_linkspot","filename":"AuDX-Pro_linkspot.jpg","filesize":38101,"url":"https:\/\/natussensory.com\/wp-content\/uploads\/AuDX-Pro_linkspot.jpg","link":"https:\/\/natussensory.com\/es\/productos\/navpro-one\/audx-pro_linkspot-2\/","alt":"AuDX-Pro","author":"4","description":"","caption":"","name":"audx-pro_linkspot-2","status":"inherit","uploaded_to":12016,"date":"2023-09-27 21:33:59","modified":"2025-08-06 13:41:24","menu_order":0,"mime_type":"image\/jpeg","type":"image","subtype":"jpeg","icon":"https:\/\/natussensory.com\/wp-includes\/images\/media\/default.png","width":600,"height":300,"sizes":{"thumbnail":"https:\/\/natussensory.com\/wp-content\/uploads\/AuDX-Pro_linkspot.jpg","thumbnail-width":128,"thumbnail-height":64,"medium":"https:\/\/natussensory.com\/wp-content\/uploads\/AuDX-Pro_linkspot.jpg","medium-width":600,"medium-height":300,"medium_large":"https:\/\/natussensory.com\/wp-content\/uploads\/AuDX-Pro_linkspot.jpg","medium_large-width":600,"medium_large-height":300,"large":"https:\/\/natussensory.com\/wp-content\/uploads\/AuDX-Pro_linkspot.jpg","large-width":600,"large-height":300,"1536x1536":"https:\/\/natussensory.com\/wp-content\/uploads\/AuDX-Pro_linkspot.jpg","1536x1536-width":600,"1536x1536-height":300,"2048x2048":"https:\/\/natussensory.com\/wp-content\/uploads\/AuDX-Pro_linkspot.jpg","2048x2048-width":600,"2048x2048-height":300}},"title":"Dispositivo OAE para el diagn\u00f3stico modular y port\u00e1til","link":{"type":"post","value":"4068","url":"https:\/\/natussensory.com\/products\/audx-pro\/","name":"Bio-logic\u00ae AuDX\u00ae PRO &#8211; Diagnostic OAE","title":"Aprenda M\u00e1s","target":""}}]}},{"acf_fc_layout":"contact_form","_acfe_flexible_toggle":"","contact_form_landing":{"module_options":{"":null,"module_id":"contact","module_class":"","module_background_type":"color","module_background_color":"","module_background_image":false,"module_background_video":"","activate_custom_padding":false,"padding_top_desktop":"0","padding_top_tablet":"0","padding_top_mobile":"0","padding_bottom_desktop":"0","padding_bottom_tablet":"0","padding_bottom_mobile":"0","activate_custom_margin":false,"margin_top_desktop":"0","margin_top_tablet":"0","margin_top_mobile":"0","margin_bottom_desktop":"0","margin_bottom_tablet":"0","margin_bottom_mobile":"0","disable_on":[],"content_alignment_desktop":"left","content_alignment_tablet":"left","content_alignment_mobile":"left"},"":null,"activate_intro":false,"intro_text":"","intro_text_color":"","intro_link":null,"activate_description":true,"description_title":"Contacto","description_copy":"","embed_code":"<script charset=\"utf-8\" type=\"text\/javascript\" src=\"\/\/js.hsforms.net\/forms\/embed\/v2.js\"><\/script>\r\n<script>\r\n  hbspt.forms.create({\r\n    region: \"na1\",\r\n    portalId: \"3002890\",\r\n    formId: \"deda9331-a0ce-408b-b316-ea20acd6d3e7\"\r\n  });\r\n<\/script>"}},{"acf_fc_layout":"simple_content","_acfe_flexible_layout_title":"Part number","_acfe_flexible_toggle":"","content_full_width_landing":{"module_options":{"":null,"module_id":"n6514a01e327a5","module_class":"","module_background_type":"color","module_background_color":"","module_background_image":false,"module_background_video":"","activate_custom_padding":false,"padding_top_desktop":"0","padding_top_tablet":"0","padding_top_mobile":"0","padding_bottom_desktop":"0","padding_bottom_tablet":"0","padding_bottom_mobile":"0","activate_custom_margin":false,"margin_top_desktop":"0","margin_top_tablet":"0","margin_top_mobile":"0","margin_bottom_desktop":"0","margin_bottom_tablet":"0","margin_bottom_mobile":"0","disable_on":[],"content_alignment_desktop":"left","content_alignment_tablet":"left","content_alignment_mobile":"left"},"activate_custom_container_width":false,"container_width":"","content":"<p><span style=\"font-size: 11px;\">7-36-1340-ES_01<\/span><\/p>\n"}}]},"_links":{"self":[{"href":"https:\/\/natussensory.com\/es\/wp-json\/wp\/v2\/pages\/12016","targetHints":{"allow":["GET"]}}],"collection":[{"href":"https:\/\/natussensory.com\/es\/wp-json\/wp\/v2\/pages"}],"about":[{"href":"https:\/\/natussensory.com\/es\/wp-json\/wp\/v2\/types\/page"}],"author":[{"embeddable":true,"href":"https:\/\/natussensory.com\/es\/wp-json\/wp\/v2\/users\/4"}],"replies":[{"embeddable":true,"href":"https:\/\/natussensory.com\/es\/wp-json\/wp\/v2\/comments?post=12016"}],"version-history":[{"count":8,"href":"https:\/\/natussensory.com\/es\/wp-json\/wp\/v2\/pages\/12016\/revisions"}],"predecessor-version":[{"id":27643,"href":"https:\/\/natussensory.com\/es\/wp-json\/wp\/v2\/pages\/12016\/revisions\/27643"}],"up":[{"embeddable":true,"href":"https:\/\/natussensory.com\/es\/wp-json\/wp\/v2\/pages\/11803"}],"wp:attachment":[{"href":"https:\/\/natussensory.com\/es\/wp-json\/wp\/v2\/media?parent=12016"}],"wp:term":[{"taxonomy":"category","embeddable":true,"href":"https:\/\/natussensory.com\/es\/wp-json\/wp\/v2\/categories?post=12016"},{"taxonomy":"post_tag","embeddable":true,"href":"https:\/\/natussensory.com\/es\/wp-json\/wp\/v2\/tags?post=12016"}],"curies":[{"name":"wp","href":"https:\/\/api.w.org\/{rel}","templated":true}]}}