{"id":12004,"date":"2023-09-11T10:22:28","date_gmt":"2023-09-11T10:22:28","guid":{"rendered":"https:\/\/natussensory.com\/sensory\/aurical-aud\/"},"modified":"2025-10-22T11:14:44","modified_gmt":"2025-10-22T11:14:44","slug":"aurical-aud","status":"publish","type":"page","link":"https:\/\/natussensory.com\/es\/productos\/aurical-aud\/","title":{"rendered":"Aurical\u00ae Aud &#8211; Audi\u00f3metro"},"content":{"rendered":"","protected":false},"excerpt":{"rendered":"","protected":false},"author":4,"featured_media":0,"parent":11803,"menu_order":0,"comment_status":"closed","ping_status":"closed","template":"templates\/page-sensory-solutions-product-landing.php","meta":{"_acf_changed":false,"inline_featured_image":false,"footnotes":""},"categories":[310],"tags":[],"class_list":["post-12004","page","type-page","status-publish","hentry","category-evaluacion-auditiva"],"acf":{"content_blocks":[{"acf_fc_layout":"spacer","_acfe_flexible_toggle":"","spacer":{"module_options":{"":null,"module_id":"n64babb6de86c1","module_class":"","module_background_type":"color","module_background_color":"#473089","module_background_image":false,"module_background_video":"","activate_custom_padding":false,"padding_top_desktop":"0","padding_top_tablet":"0","padding_top_mobile":"0","padding_bottom_desktop":"0","padding_bottom_tablet":"0","padding_bottom_mobile":"0","activate_custom_margin":false,"margin_top_desktop":"0","margin_top_tablet":"0","margin_top_mobile":"0","margin_bottom_desktop":"0","margin_bottom_tablet":"0","margin_bottom_mobile":"0","disable_on":[],"content_alignment_desktop":"left","content_alignment_tablet":"left","content_alignment_mobile":"left"},"height":"160"}},{"acf_fc_layout":"intro_with_sticky_image","_acfe_flexible_toggle":"","left_content_right_image_sticky":{"module_options":{"":null,"module_id":"n65142e9c3a22f","module_class":"","module_background_type":"color","module_background_color":"","module_background_image":false,"module_background_video":"","activate_custom_padding":false,"padding_top_desktop":"0","padding_top_tablet":"0","padding_top_mobile":"0","padding_bottom_desktop":"0","padding_bottom_tablet":"0","padding_bottom_mobile":"0","activate_custom_margin":false,"margin_top_desktop":"0","margin_top_tablet":"0","margin_top_mobile":"0","margin_bottom_desktop":"0","margin_bottom_tablet":"0","margin_bottom_mobile":"0","disable_on":[],"content_alignment_desktop":"left","content_alignment_tablet":"left","content_alignment_mobile":"left"},"":null,"title":"Aurical<sup>\u00ae<\/sup> Aud","subheader":"<h4>Elija un audi\u00f3metro port\u00e1til y flexible<\/h4>\n<p>Aurical Aud es un potente audi\u00f3metro dise\u00f1ado especialmente para la adaptaci\u00f3n de pr\u00f3tesis auditivas. Pesa tan s\u00f3lo 655 gramos (23 onzas), pero no se deje enga\u00f1ar por las apariencias \u00a1es peque\u00f1o pero muy potente!<\/p>\n<p>&nbsp;<\/p>\n<p>Aurical Aud cuenta con todas las herramientas que usted necesita para llevar a cabo el proceso de adaptaci\u00f3n de aud\u00edfonos de forma eficiente y precisa. Aurical Aud es mucho m\u00e1s que un simple audi\u00f3metro ya que tambi\u00e9n ofrece herramientas de asesoramiento, un amplificador de potencia, puerto USB y la posibilidad de integrar la interfaz de programaci\u00f3n HI-Pro 2. Todo esto concentrado en una carcasa ultracompacta y moderna.<\/p>\n","icons":false,"quick_navigation":[{"quick_link":{"type":"url","value":"#contact","url":"#contact","name":"#contact","title":"solicitar un presupuesto","target":""}},{"quick_link":{"type":"url","value":"#info","url":"#info","name":"#info","title":"Explora m\u00e1s detalles","target":""}}],"description":"","message_label":" ","message_title":"\u00bfBusca un servicio productos o asistencia t\u00e9cnica?","message_link":{"type":"post","value":"883","url":"https:\/\/natussensory.com\/support\/","name":"Service &#038; Support","title":"Servicio y soporte  ","target":""},"right_sticky_image":{"ID":2878,"id":2878,"title":"Aurical Aud_product thumbnail","filename":"Aurical-Aud_product-thumbnail.png","filesize":110754,"url":"https:\/\/natussensory.com\/wp-content\/uploads\/Aurical-Aud_product-thumbnail.png","link":"https:\/\/natussensory.com\/es\/productos\/aurical-aud\/aurical-aud_product-thumbnail-2\/","alt":"View of the Aurical Aud fitting audiometer showing multiple connectivity ports for hearing aid fitting and audiometric testing.","author":"4","description":"","caption":"","name":"aurical-aud_product-thumbnail-2","status":"inherit","uploaded_to":12004,"date":"2023-09-11 10:23:52","modified":"2025-05-07 11:41:19","menu_order":0,"mime_type":"image\/png","type":"image","subtype":"png","icon":"https:\/\/natussensory.com\/wp-includes\/images\/media\/default.png","width":500,"height":304,"sizes":{"thumbnail":"https:\/\/natussensory.com\/wp-content\/uploads\/Aurical-Aud_product-thumbnail.png","thumbnail-width":128,"thumbnail-height":78,"medium":"https:\/\/natussensory.com\/wp-content\/uploads\/Aurical-Aud_product-thumbnail.png","medium-width":500,"medium-height":304,"medium_large":"https:\/\/natussensory.com\/wp-content\/uploads\/Aurical-Aud_product-thumbnail.png","medium_large-width":500,"medium_large-height":304,"large":"https:\/\/natussensory.com\/wp-content\/uploads\/Aurical-Aud_product-thumbnail.png","large-width":500,"large-height":304,"1536x1536":"https:\/\/natussensory.com\/wp-content\/uploads\/Aurical-Aud_product-thumbnail.png","1536x1536-width":500,"1536x1536-height":304,"2048x2048":"https:\/\/natussensory.com\/wp-content\/uploads\/Aurical-Aud_product-thumbnail.png","2048x2048-width":500,"2048x2048-height":304}}}},{"acf_fc_layout":"simple_content","_acfe_flexible_toggle":"","content_full_width_landing":{"module_options":{"":null,"module_id":"n65142e9c4303b","module_class":"","module_background_type":"color","module_background_color":"","module_background_image":false,"module_background_video":"","activate_custom_padding":false,"padding_top_desktop":"0","padding_top_tablet":"0","padding_top_mobile":"0","padding_bottom_desktop":"0","padding_bottom_tablet":"0","padding_bottom_mobile":"0","activate_custom_margin":false,"margin_top_desktop":"0","margin_top_tablet":"0","margin_top_mobile":"0","margin_bottom_desktop":"0","margin_bottom_tablet":"0","margin_bottom_mobile":"0","disable_on":[],"content_alignment_desktop":"left","content_alignment_tablet":"left","content_alignment_mobile":"left"},"activate_custom_container_width":false,"container_width":"","content":"<h2>Un potente audi\u00f3metro para satisfacer las necesidades de sus pacientes<\/h2>\n<p>&nbsp;<\/p>\n"}},{"acf_fc_layout":"product_details_right_image_and_left_content","_acfe_flexible_toggle":"","right_image_left_content_single_cta_landing":{"module_options":{"":null,"module_id":"n65142e9c4982c","module_class":"","module_background_type":"color","module_background_color":"","module_background_image":false,"module_background_video":"","activate_custom_padding":false,"padding_top_desktop":"0","padding_top_tablet":"0","padding_top_mobile":"0","padding_bottom_desktop":"0","padding_bottom_tablet":"0","padding_bottom_mobile":"0","activate_custom_margin":false,"margin_top_desktop":"0","margin_top_tablet":"0","margin_top_mobile":"0","margin_bottom_desktop":"0","margin_bottom_tablet":"0","margin_bottom_mobile":"0","disable_on":[],"content_alignment_desktop":"left","content_alignment_tablet":"left","content_alignment_mobile":"left"},"":null,"label":"","title":"Un audi\u00f3metro de adaptaci\u00f3n que se adapta a su lugar de trabajo","description":"<p>Ya sea debajo de su escritorio, en la pared o sobre una mesa, el Aurical Aud luce bien donde quiera que usted lo instale. El Aurical Aud har\u00e1 que su cl\u00ednica se vea profesional gracias a su dise\u00f1o discreto y elegante.<\/p>\n<p>&nbsp;<\/p>\n<p>Aurical Aud fue especialmente dise\u00f1ado para ser colocado en cualquier espacio, sin que los cables sean una molestia y proporcionando siempre un f\u00e1cil acceso a todos los puertos de conexi\u00f3n, inclusive al de la interfaz HI-Pro\u00a02. Moderno,<br \/>\nultracompacto y liviano, es el audi\u00f3metro m\u00e1s c\u00f3modo y trasladable del mercado. Podr\u00e1 llevarlo con usted a donde vaya.<\/p>\n","link":null,"image":{"ID":2883,"id":2883,"title":"Aurical Aud_product_spot","filename":"Aurical-Aud_product_spot.jpg","filesize":58520,"url":"https:\/\/natussensory.com\/wp-content\/uploads\/Aurical-Aud_product_spot.jpg","link":"https:\/\/natussensory.com\/es\/productos\/aurical-aud\/aurical-aud_product_spot-2\/","alt":"Aurical Aud hearing aid fitting audiometer with cables connected.","author":"4","description":"","caption":"","name":"aurical-aud_product_spot-2","status":"inherit","uploaded_to":12004,"date":"2023-09-11 10:25:09","modified":"2025-05-07 11:42:54","menu_order":0,"mime_type":"image\/jpeg","type":"image","subtype":"jpeg","icon":"https:\/\/natussensory.com\/wp-includes\/images\/media\/default.png","width":800,"height":450,"sizes":{"thumbnail":"https:\/\/natussensory.com\/wp-content\/uploads\/Aurical-Aud_product_spot.jpg","thumbnail-width":128,"thumbnail-height":72,"medium":"https:\/\/natussensory.com\/wp-content\/uploads\/Aurical-Aud_product_spot.jpg","medium-width":800,"medium-height":450,"medium_large":"https:\/\/natussensory.com\/wp-content\/uploads\/Aurical-Aud_product_spot-768x432.jpg","medium_large-width":768,"medium_large-height":432,"large":"https:\/\/natussensory.com\/wp-content\/uploads\/Aurical-Aud_product_spot.jpg","large-width":800,"large-height":450,"1536x1536":"https:\/\/natussensory.com\/wp-content\/uploads\/Aurical-Aud_product_spot.jpg","1536x1536-width":800,"1536x1536-height":450,"2048x2048":"https:\/\/natussensory.com\/wp-content\/uploads\/Aurical-Aud_product_spot.jpg","2048x2048-width":800,"2048x2048-height":450}}}},{"acf_fc_layout":"product_details_left_image_and_right_content","_acfe_flexible_toggle":"","left_image_right_content_single_cta_landing":{"module_options":{"":null,"module_id":"n65142e9c53879","module_class":"","module_background_type":"color","module_background_color":"","module_background_image":false,"module_background_video":"","activate_custom_padding":false,"padding_top_desktop":"0","padding_top_tablet":"0","padding_top_mobile":"0","padding_bottom_desktop":"0","padding_bottom_tablet":"0","padding_bottom_mobile":"0","activate_custom_margin":false,"margin_top_desktop":"0","margin_top_tablet":"0","margin_top_mobile":"0","margin_bottom_desktop":"0","margin_bottom_tablet":"0","margin_bottom_mobile":"0","disable_on":[],"content_alignment_desktop":"left","content_alignment_tablet":"left","content_alignment_mobile":"left"},"image":{"ID":2888,"id":2888,"title":"Aurical Aud_software_spot","filename":"Aurical-Aud_software_spot.jpg","filesize":198902,"url":"https:\/\/natussensory.com\/wp-content\/uploads\/Aurical-Aud_software_spot.jpg","link":"https:\/\/natussensory.com\/es\/productos\/aurical-aud\/aurical-aud_software_spot-2\/","alt":"Audiologist using fitting audiometer software on a laptop to analyze hearing aid fitting data.","author":"4","description":"","caption":"","name":"aurical-aud_software_spot-2","status":"inherit","uploaded_to":12004,"date":"2023-09-11 10:25:11","modified":"2025-05-07 11:43:43","menu_order":0,"mime_type":"image\/jpeg","type":"image","subtype":"jpeg","icon":"https:\/\/natussensory.com\/wp-includes\/images\/media\/default.png","width":800,"height":450,"sizes":{"thumbnail":"https:\/\/natussensory.com\/wp-content\/uploads\/Aurical-Aud_software_spot.jpg","thumbnail-width":128,"thumbnail-height":72,"medium":"https:\/\/natussensory.com\/wp-content\/uploads\/Aurical-Aud_software_spot.jpg","medium-width":800,"medium-height":450,"medium_large":"https:\/\/natussensory.com\/wp-content\/uploads\/Aurical-Aud_software_spot-768x432.jpg","medium_large-width":768,"medium_large-height":432,"large":"https:\/\/natussensory.com\/wp-content\/uploads\/Aurical-Aud_software_spot.jpg","large-width":800,"large-height":450,"1536x1536":"https:\/\/natussensory.com\/wp-content\/uploads\/Aurical-Aud_software_spot.jpg","1536x1536-width":800,"1536x1536-height":450,"2048x2048":"https:\/\/natussensory.com\/wp-content\/uploads\/Aurical-Aud_software_spot.jpg","2048x2048-width":800,"2048x2048-height":450}},"label":"","title":"Un audi\u00f3metro f\u00e1cil de usar y compatible con Noah y EMR","description":"<p>Aurical Aud es muy f\u00e1cil de usar gracias a Otosuite, nuestro sistema integral de informaci\u00f3n para la evaluaci\u00f3n, adaptaci\u00f3n y verificaci\u00f3n auditiva.<\/p>\n<p>&nbsp;<\/p>\n<p>Su panel de control ofrece f\u00e1cil acceso a todas las funciones, lo que garantiza flujos de trabajo fluidos, uniformes y configurables que pueden ser personalizados para adaptarse a necesidades individuales. Adem\u00e1s, la exclusiva funcionalidad RoomTune permite convertir el Aurical AUD en un sistema de sonido compensado, permiti\u00e9ndole de esta manera presentar un sonido preciso y adecuado para el ajuste de los m\u00f3dulos de programaci\u00f3n.<\/p>\n<p>&nbsp;<\/p>\n<p>Otosuite garantiza tambi\u00e9n un f\u00e1cil manejo de datos, una amplia gama de plantillas de informe y es compatible con Noah y EMR (historias cl\u00ednicas electr\u00f3nicas).<\/p>\n","link":null}},{"acf_fc_layout":"product_information","_acfe_flexible_toggle":"","left_accordion_right_image_landing":{"module_options":{"":null,"module_id":"info","module_class":"","module_background_type":"color","module_background_color":"","module_background_image":false,"module_background_video":"","activate_custom_padding":false,"padding_top_desktop":"0","padding_top_tablet":"0","padding_top_mobile":"0","padding_bottom_desktop":"0","padding_bottom_tablet":"0","padding_bottom_mobile":"0","activate_custom_margin":false,"margin_top_desktop":"0","margin_top_tablet":"0","margin_top_mobile":"0","margin_bottom_desktop":"0","margin_bottom_tablet":"0","margin_bottom_mobile":"0","disable_on":[],"content_alignment_desktop":"left","content_alignment_tablet":"left","content_alignment_mobile":"left"},"intro":"Informaci\u00f3n del Producto","description":"","accordion":[{"title":"Especificaciones","accordion_content":[{"acf_fc_layout":"full_content","accordion_description":"<ul>\n<li>Panel de control intuituvo<\/li>\n<li>Prueba de audiometr\u00eda tonal hasta 12,5 kHz, con FRESH noise<sup>\u2122<\/sup><\/li>\n<li>Material de habla integrado<\/li>\n<li>Altavoz de campo libre con amplificador incorporado<\/li>\n<li>Puertos de conexi\u00f3n independientes para aud\u00edfonos y otros<\/li>\n<li>Ajuste de sonido con RoomTune<sup>\u2122<\/sup><\/li>\n<li>Varias opciones de montaje<\/li>\n<li>Posibilidad de incorporar la interfaz de programaci\u00f3n HI-PRO2<\/li>\n<\/ul>\n"}]},{"title":"Pruebas disponibles","accordion_content":[{"acf_fc_layout":"full_content","accordion_description":"<ul>\n<li>Audiometr\u00eda tonal<\/li>\n<li>FRESH noise<\/li>\n<li>Pruebas SAL, TEN, QuickSIN<\/li>\n<li>Enmascaramiento<\/li>\n<li>Medici\u00f3n de la sensaci\u00f3n sonora<\/li>\n<\/ul>\n"}]}],"image_left":false}},{"acf_fc_layout":"related_products","_acfe_flexible_layout_title":"Resources and Support","_acfe_flexible_toggle":"","tiles_3_columns_landing":{"module_options":{"":null,"module_id":"n6514389e9cd0e","module_class":"","module_background_type":"color","module_background_color":"","module_background_image":false,"module_background_video":"","activate_custom_padding":false,"padding_top_desktop":"0","padding_top_tablet":"0","padding_top_mobile":"0","padding_bottom_desktop":"0","padding_bottom_tablet":"0","padding_bottom_mobile":"0","activate_custom_margin":false,"margin_top_desktop":"0","margin_top_tablet":"0","margin_top_mobile":"0","margin_bottom_desktop":"0","margin_bottom_tablet":"0","margin_bottom_mobile":"0","disable_on":[],"content_alignment_desktop":"left","content_alignment_tablet":"left","content_alignment_mobile":"left"},"intro_text":"Recursos y Soporte","intro_text_color":"","intro_link":null,"tiles":[{"label":"Recursos","label_background_color":"#154284","image":false,"title":"Folleto, Flyer, Ficha T\u00e9cnica y m\u00e1s","link":{"type":"url","value":"https:\/\/natus.bynder.com\/web\/7aaf126f4761070f\/resource-library-aurical-aud\/","url":"https:\/\/natus.bynder.com\/web\/7aaf126f4761070f\/resource-library-aurical-aud\/","name":"https:\/\/natus.bynder.com\/web\/7aaf126f4761070f\/resource-library-aurical-aud\/","title":"Aurical Aud Recursos","target":"_blank"}},{"label":"Soporte","label_background_color":"#154284","image":false,"title":"Gu\u00edas De Usario y Manuales (eIFUs)","link":{"type":"post","value":"883","url":"https:\/\/natussensory.com\/support\/","name":"Service &#038; Support","title":"Servicio y Soporte","target":""}}]}},{"acf_fc_layout":"related_products","_acfe_flexible_toggle":"","tiles_3_columns_landing":{"module_options":{"":null,"module_id":"n65142e9e186ad","module_class":"","module_background_type":"color","module_background_color":"","module_background_image":false,"module_background_video":"","activate_custom_padding":false,"padding_top_desktop":"0","padding_top_tablet":"0","padding_top_mobile":"0","padding_bottom_desktop":"0","padding_bottom_tablet":"0","padding_bottom_mobile":"0","activate_custom_margin":false,"margin_top_desktop":"0","margin_top_tablet":"0","margin_top_mobile":"0","margin_bottom_desktop":"0","margin_bottom_tablet":"0","margin_bottom_mobile":"0","disable_on":[],"content_alignment_desktop":"left","content_alignment_tablet":"left","content_alignment_mobile":"left"},"intro_text":" Productos Relacionados","intro_text_color":"#005e63","intro_link":{"type":"post","value":"1518","url":"https:\/\/natussensory.com\/products\/","name":"Products","title":"Ver todos los productos","target":""},"tiles":[{"label":"Madsen Astera2","label_background_color":"#154284","image":{"ID":7760,"id":7760,"title":"Astera2_linkspot","filename":"Astera2_linkspot.jpg","filesize":101402,"url":"https:\/\/natussensory.com\/wp-content\/uploads\/Astera2_linkspot.jpg","link":"https:\/\/natussensory.com\/es\/productos\/aurical-aud\/astera2_linkspot-2\/","alt":"Astera2","author":"4","description":"","caption":"","name":"astera2_linkspot-2","status":"inherit","uploaded_to":12004,"date":"2023-09-27 13:42:29","modified":"2025-08-06 13:49:40","menu_order":0,"mime_type":"image\/jpeg","type":"image","subtype":"jpeg","icon":"https:\/\/natussensory.com\/wp-includes\/images\/media\/default.png","width":600,"height":300,"sizes":{"thumbnail":"https:\/\/natussensory.com\/wp-content\/uploads\/Astera2_linkspot.jpg","thumbnail-width":128,"thumbnail-height":64,"medium":"https:\/\/natussensory.com\/wp-content\/uploads\/Astera2_linkspot.jpg","medium-width":600,"medium-height":300,"medium_large":"https:\/\/natussensory.com\/wp-content\/uploads\/Astera2_linkspot.jpg","medium_large-width":600,"medium_large-height":300,"large":"https:\/\/natussensory.com\/wp-content\/uploads\/Astera2_linkspot.jpg","large-width":600,"large-height":300,"1536x1536":"https:\/\/natussensory.com\/wp-content\/uploads\/Astera2_linkspot.jpg","1536x1536-width":600,"1536x1536-height":300,"2048x2048":"https:\/\/natussensory.com\/wp-content\/uploads\/Astera2_linkspot.jpg","2048x2048-width":600,"2048x2048-height":300}},"title":"Refinado audi\u00f3metro que garantiza precisi\u00f3n, flexibilidad y eficiencia","link":{"type":"post","value":"2258","url":"https:\/\/natussensory.com\/products\/madsen-astera2\/","name":"Madsen\u00aeAstera<sup>2<\/sup> &#8211; Clinical Audiometer","title":"Aprenda M\u00e1s","target":""}},{"label":"Madsen Zodiac","label_background_color":"#154284","image":{"ID":7666,"id":7666,"title":"Zodiac_linkspot","filename":"Zodiac_linkspot.jpg","filesize":58846,"url":"https:\/\/natussensory.com\/wp-content\/uploads\/Zodiac_linkspot.jpg","link":"https:\/\/natussensory.com\/es\/productos\/madsen-astera2\/zodiac_linkspot-2\/","alt":"Zodiac","author":"4","description":"","caption":"","name":"zodiac_linkspot-2","status":"inherit","uploaded_to":11985,"date":"2023-09-27 12:14:04","modified":"2025-08-06 13:56:54","menu_order":0,"mime_type":"image\/jpeg","type":"image","subtype":"jpeg","icon":"https:\/\/natussensory.com\/wp-includes\/images\/media\/default.png","width":600,"height":300,"sizes":{"thumbnail":"https:\/\/natussensory.com\/wp-content\/uploads\/Zodiac_linkspot.jpg","thumbnail-width":128,"thumbnail-height":64,"medium":"https:\/\/natussensory.com\/wp-content\/uploads\/Zodiac_linkspot.jpg","medium-width":600,"medium-height":300,"medium_large":"https:\/\/natussensory.com\/wp-content\/uploads\/Zodiac_linkspot.jpg","medium_large-width":600,"medium_large-height":300,"large":"https:\/\/natussensory.com\/wp-content\/uploads\/Zodiac_linkspot.jpg","large-width":600,"large-height":300,"1536x1536":"https:\/\/natussensory.com\/wp-content\/uploads\/Zodiac_linkspot.jpg","1536x1536-width":600,"1536x1536-height":300,"2048x2048":"https:\/\/natussensory.com\/wp-content\/uploads\/Zodiac_linkspot.jpg","2048x2048-width":600,"2048x2048-height":300}},"title":"Diagn\u00f3stico y Quick Check con las sondas Gen 2 y Quick Check","link":{"type":"post","value":"1992","url":"https:\/\/natussensory.com\/products\/madsen-zodiac\/","name":"Madsen\u00ae Zodiac &#8211; Tympanometer","title":"Aprenda M\u00e1s","target":""}},{"label":"Oscilla","label_background_color":"#154284","image":{"ID":7951,"id":7951,"title":"Oscilla_linkspot","filename":"Oscilla_linkspot.jpg","filesize":50521,"url":"https:\/\/natussensory.com\/wp-content\/uploads\/Oscilla_linkspot.jpg","link":"https:\/\/natussensory.com\/es\/productos\/madsen-capella2\/oscilla_linkspot-2\/","alt":"Oscilla","author":"4","description":"","caption":"","name":"oscilla_linkspot-2","status":"inherit","uploaded_to":12008,"date":"2023-09-27 20:46:14","modified":"2025-08-06 14:00:38","menu_order":0,"mime_type":"image\/jpeg","type":"image","subtype":"jpeg","icon":"https:\/\/natussensory.com\/wp-includes\/images\/media\/default.png","width":600,"height":300,"sizes":{"thumbnail":"https:\/\/natussensory.com\/wp-content\/uploads\/Oscilla_linkspot.jpg","thumbnail-width":128,"thumbnail-height":64,"medium":"https:\/\/natussensory.com\/wp-content\/uploads\/Oscilla_linkspot.jpg","medium-width":600,"medium-height":300,"medium_large":"https:\/\/natussensory.com\/wp-content\/uploads\/Oscilla_linkspot.jpg","medium_large-width":600,"medium_large-height":300,"large":"https:\/\/natussensory.com\/wp-content\/uploads\/Oscilla_linkspot.jpg","large-width":600,"large-height":300,"1536x1536":"https:\/\/natussensory.com\/wp-content\/uploads\/Oscilla_linkspot.jpg","1536x1536-width":600,"1536x1536-height":300,"2048x2048":"https:\/\/natussensory.com\/wp-content\/uploads\/Oscilla_linkspot.jpg","2048x2048-width":600,"2048x2048-height":300}},"title":"Cribado auditivo port\u00e1til para uso en salud laboral y en la escuela","link":{"type":"post","value":"12012","url":"https:\/\/natussensory.com\/es\/productos\/oscilla\/","name":"Oscilla\u00ae &#8211; Cribado auditivo port\u00e1til","title":"Aprenda M\u00e1s","target":""}}]}},{"acf_fc_layout":"contact_form","_acfe_flexible_toggle":"","contact_form_landing":{"module_options":{"":null,"module_id":"contact","module_class":"","module_background_type":"color","module_background_color":"","module_background_image":false,"module_background_video":"","activate_custom_padding":false,"padding_top_desktop":"0","padding_top_tablet":"0","padding_top_mobile":"0","padding_bottom_desktop":"0","padding_bottom_tablet":"0","padding_bottom_mobile":"0","activate_custom_margin":false,"margin_top_desktop":"0","margin_top_tablet":"0","margin_top_mobile":"0","margin_bottom_desktop":"0","margin_bottom_tablet":"0","margin_bottom_mobile":"0","disable_on":[],"content_alignment_desktop":"left","content_alignment_tablet":"left","content_alignment_mobile":"left"},"":null,"activate_intro":false,"intro_text":"","intro_text_color":"","intro_link":null,"activate_description":true,"description_title":"Contacto","description_copy":"","embed_code":"<script charset=\"utf-8\" type=\"text\/javascript\" src=\"\/\/js.hsforms.net\/forms\/embed\/v2.js\"><\/script>\r\n<script>\r\n  hbspt.forms.create({\r\n    region: \"na1\",\r\n    portalId: \"3002890\",\r\n    formId: \"deda9331-a0ce-408b-b316-ea20acd6d3e7\"\r\n  });\r\n<\/script>"}},{"acf_fc_layout":"simple_content","_acfe_flexible_toggle":"","content_full_width_landing":{"module_options":{"":null,"module_id":"n65142ece4c499","module_class":"","module_background_type":"color","module_background_color":"","module_background_image":false,"module_background_video":"","activate_custom_padding":false,"padding_top_desktop":"0","padding_top_tablet":"0","padding_top_mobile":"0","padding_bottom_desktop":"0","padding_bottom_tablet":"0","padding_bottom_mobile":"0","activate_custom_margin":false,"margin_top_desktop":"0","margin_top_tablet":"0","margin_top_mobile":"0","margin_bottom_desktop":"0","margin_bottom_tablet":"0","margin_bottom_mobile":"0","disable_on":[],"content_alignment_desktop":"left","content_alignment_tablet":"left","content_alignment_mobile":"left"},"activate_custom_container_width":false,"container_width":"","content":"<p><span style=\"font-size: 11px;\">7-36-8401-ES_00<\/span><\/p>\n"}}]},"_links":{"self":[{"href":"https:\/\/natussensory.com\/es\/wp-json\/wp\/v2\/pages\/12004","targetHints":{"allow":["GET"]}}],"collection":[{"href":"https:\/\/natussensory.com\/es\/wp-json\/wp\/v2\/pages"}],"about":[{"href":"https:\/\/natussensory.com\/es\/wp-json\/wp\/v2\/types\/page"}],"author":[{"embeddable":true,"href":"https:\/\/natussensory.com\/es\/wp-json\/wp\/v2\/users\/4"}],"replies":[{"embeddable":true,"href":"https:\/\/natussensory.com\/es\/wp-json\/wp\/v2\/comments?post=12004"}],"version-history":[{"count":10,"href":"https:\/\/natussensory.com\/es\/wp-json\/wp\/v2\/pages\/12004\/revisions"}],"predecessor-version":[{"id":27585,"href":"https:\/\/natussensory.com\/es\/wp-json\/wp\/v2\/pages\/12004\/revisions\/27585"}],"up":[{"embeddable":true,"href":"https:\/\/natussensory.com\/es\/wp-json\/wp\/v2\/pages\/11803"}],"wp:attachment":[{"href":"https:\/\/natussensory.com\/es\/wp-json\/wp\/v2\/media?parent=12004"}],"wp:term":[{"taxonomy":"category","embeddable":true,"href":"https:\/\/natussensory.com\/es\/wp-json\/wp\/v2\/categories?post=12004"},{"taxonomy":"post_tag","embeddable":true,"href":"https:\/\/natussensory.com\/es\/wp-json\/wp\/v2\/tags?post=12004"}],"curies":[{"name":"wp","href":"https:\/\/api.w.org\/{rel}","templated":true}]}}