{"id":11960,"date":"2023-09-22T20:20:12","date_gmt":"2023-09-22T20:20:12","guid":{"rendered":"https:\/\/natussensory.com\/legal-notice\/"},"modified":"2025-09-24T09:11:59","modified_gmt":"2025-09-24T09:11:59","slug":"aviso-legal","status":"publish","type":"page","link":"https:\/\/natussensory.com\/es\/aviso-legal\/","title":{"rendered":"Aviso legal"},"content":{"rendered":"","protected":false},"excerpt":{"rendered":"","protected":false},"author":4,"featured_media":0,"parent":0,"menu_order":0,"comment_status":"closed","ping_status":"closed","template":"","meta":{"_acf_changed":false,"inline_featured_image":false,"footnotes":""},"categories":[],"tags":[],"class_list":["post-11960","page","type-page","status-publish","hentry"],"acf":{"content_blocks":[{"acf_fc_layout":"spacer","_acfe_flexible_toggle":"","spacer":{"module_options":{"":null,"module_id":"n6514c945ac306","module_class":"","module_background_type":"color","module_background_color":"#473089","module_background_image":false,"module_background_video":"","activate_custom_padding":false,"padding_top_desktop":"0","padding_top_tablet":"0","padding_top_mobile":"0","padding_bottom_desktop":"0","padding_bottom_tablet":"0","padding_bottom_mobile":"0","activate_custom_margin":false,"margin_top_desktop":"0","margin_top_tablet":"0","margin_top_mobile":"0","margin_bottom_desktop":"0","margin_bottom_tablet":"0","margin_bottom_mobile":"0","disable_on":[],"content_alignment_desktop":"left","content_alignment_tablet":"left","content_alignment_mobile":"left"},"height":"160"}},{"acf_fc_layout":"simple_content","_acfe_flexible_toggle":"","content_full_width_landing":{"module_options":{"":null,"module_id":"n68481ff96f7b3","module_class":"","module_background_type":"color","module_background_color":"#d4e9f9","module_background_image":false,"module_background_video":"","activate_custom_padding":false,"padding_top_desktop":"0","padding_top_tablet":"0","padding_top_mobile":"0","padding_bottom_desktop":"0","padding_bottom_tablet":"0","padding_bottom_mobile":"0","activate_custom_margin":false,"margin_top_desktop":"0","margin_top_tablet":"0","margin_top_mobile":"0","margin_bottom_desktop":"0","margin_bottom_tablet":"0","margin_bottom_mobile":"0","disable_on":[],"content_alignment_desktop":"left","content_alignment_tablet":"left","content_alignment_mobile":"left"},"activate_custom_container_width":false,"container_width":"","content":"<h1 style=\"text-align: center;\">Aviso legal<\/h1>\n"}},{"acf_fc_layout":"simple_content","_acfe_flexible_toggle":"","content_full_width_landing":{"module_options":{"":null,"module_id":"n6514c8b74eda8","module_class":"","module_background_type":"color","module_background_color":"","module_background_image":false,"module_background_video":"","activate_custom_padding":false,"padding_top_desktop":0,"padding_top_tablet":"","padding_top_mobile":"","padding_bottom_desktop":"","padding_bottom_tablet":"","padding_bottom_mobile":"","activate_custom_margin":false,"margin_top_desktop":"","margin_top_tablet":"","margin_top_mobile":"","margin_bottom_desktop":"","margin_bottom_tablet":"","margin_bottom_mobile":"","disable_on":[],"content_alignment_desktop":"left","content_alignment_tablet":"left","content_alignment_mobile":"left"},"activate_custom_container_width":false,"container_width":"","content":"<p>Todo el contenido que incluye este sitio web es propiedad y est\u00e1 controlado por Natus\u00a0Sensory Inc., y est\u00e1 protegido por leyes de derechos de autor en todo el mundo. La descarga de contenido desde este sitio web \u00fanicamente podr\u00e1 realizarse para fines personales no comerciales, sin modificar ni reproducir en mayor grado el contenido que se haya permitido. De otro modo, el contenido no podr\u00e1 copiarse ni utilizarse de ninguna otra manera.<\/p>\n<p>&nbsp;<\/p>\n<p>Natus Sensory Inc. har\u00e1 todo lo posible para incluir informaci\u00f3n actualizada y precisa en este sitio web. Sin embargo, no hace declaraciones ni ofrece garant\u00eda alguna por lo que respecta a la precisi\u00f3n, puntualidad o integridad de la informaci\u00f3n que se proporciona en dicho sitio web. Natus\u00a0Sensory Inc. no ser\u00e1 responsable de ning\u00fan da\u00f1o o lesi\u00f3n que sean consecuencia de su acceso, o su incapacidad para acceder, a este sitio web, o de haber confiado en cualquier informaci\u00f3n que se proporcione en este sitio de Internet.<\/p>\n<p>&nbsp;<\/p>\n<p>En el sitio web puede haber enlaces o referencias a otros sitios, pero Natus\u00a0Sensory Inc. no se hace responsable del contenido de ning\u00fan otro sitio y no ser\u00e1 responsable legal de ning\u00fan da\u00f1o o lesi\u00f3n que pueda producirse como consecuencia de dicho contenido. Cualquier enlace a otro sitio se proporciona \u00fanicamente para facilitar la comodidad de los usuarios de este sitio de Internet.<\/p>\n<p>&nbsp;<\/p>\n<p>Este sitio de Internet contiene declaraciones sobre expectativas, que se contemplan en la secci\u00f3n 27A de la Ley del Mercado de Valores de 1933 y la Secci\u00f3n 21E de la Ley de Valores y Bolsa de 1934, sobre Natus Sensory Inc. Estas declaraciones, incluyen, entre otras, declaraciones sobre nuestras expectativas, creencias, planes, intenciones, futuras operaciones, estados financieros y perspectivas, y estrategias empresariales. Las palabras \u00abpuede\u00bb, \u00abhar\u00e1\u00bb, \u00abcontinuar\u00e1\u00bb, \u00abse estima\u00bb, \u00abproyecta\u00bb, \u00abtiene previsto\u00bb, \u00abcree\u00bb, \u00abespera\u00bb, \u00abprev\u00e9\u00bb y otras expresiones similares normalmente identifican declaraciones sobre expectativas. Las declaraciones sobre expectativas en nuestro sitio web incluyen, entre otras, declaraciones sobre lo siguiente: nuestra capacidad para pagar nuestra deuda; nuestra tasa de inter\u00e9s efectiva en 2006; el coste de la remuneraci\u00f3n en acciones de conformidad con SFAS 123R, nuestras expectativas de futura rentabilidad y la generaci\u00f3n de flujos de efectivo operativo positivos, la eficacia y las ventajas de nuestros productos, factores relacionados con la demanda y ventajas econ\u00f3micas de nuestros productos, nuestro plan para desarrollar y adquirir tecnolog\u00edas, productos o negocios adicionales; nuestra expectativa en t\u00e9rminos del crecimiento de las ventas internacionales; nuestras estrategias para desarrollar productos y mejorar nuestro marketing y nuestra tecnolog\u00eda; nuestra intenci\u00f3n de presentar nuevos productos y ampliar nuestra l\u00ednea de productos actual; nuestra intenci\u00f3n de buscar socios estrat\u00e9gicos; nuestra creencia de que aportamos productos al mercado de un modo eficiente; desarrollo de tecnolog\u00edas en productos de \u00e9xito; nuestra estimaci\u00f3n de la duraci\u00f3n de patentes para su emisi\u00f3n; identificar nuestra competencia y factores para competir; nuestro cumplimiento de los requisitos y las leyes regulatorias; y nuestro plan para buscar la aprobaci\u00f3n para vender nuestros productos en pa\u00edses adicionales.<\/p>\n<p>&nbsp;<\/p>\n<p>Las declaraciones sobre expectativas no son garant\u00edas de rendimientos futuros y est\u00e1n sujetas a riesgos e incertidumbres importantes que pueden hacer que los resultados previstos reales en dichas declaraciones, as\u00ed como el estado y los resultados financieros futuros de las operaciones, difieran materialmente de nuestros resultados hist\u00f3ricos o los resultados actualmente previstos. Los inversores deben revisar cuidadosamente la informaci\u00f3n incluida en la secci\u00f3n \u00abFactores de riesgo\u00bb incluida en nuestro informe anual en el Formulario 10-k del a\u00f1o que finaliza el 31 de diciembre de 2005 y en nuestros informes trimestrales en el Formulario 10-Q, as\u00ed como en otros informes que Natus Sensory presente ante la SEC (Comisi\u00f3n de Valores y Bolsa). Todas las declaraciones sobre expectativas se basan en informaci\u00f3n de la que disponemos en la fecha en la que se hicieron dichas declaraciones, y no asumimos ninguna obligaci\u00f3n para actualizar dichas declaraciones.<\/p>\n<p>&nbsp;<\/p>\n<p>Las marcas comerciales, logotipos y marcas de servicios que se muestran en este sitio web son marcas comerciales registradas y no registradas de Natus \u00a0Sensory Inc., sus licenciadores o proveedores de contenido, u otros terceros. Todas estas marcas comerciales, logotipos y marcas de servicios son propiedad de sus respectivos propietarios. Nada de lo contenido en este sitio web ser\u00e1 interpretado como una concesi\u00f3n, por implicaci\u00f3n, impedimento legal u otro medio, de ninguna licencia o derecho sobre los derechos de autor, el logotipo o la marca de servicio que puede verse en el sitio sin el permiso previo por escrito del propietario, salvo por lo especificado en dicho sitio. Natus Sensory se reserva todos los derechos no otorgados de manera expresa as\u00ed como para el sitio y su contenido. Este sitio y todo su contenido, incluido pero sin limitarse al texto, el dise\u00f1o, los gr\u00e1ficos, las interfaces y el c\u00f3digo, y la secci\u00f3n y la disposici\u00f3n del mismo, est\u00e1 protegido como una compilaci\u00f3n por leyes de derechos de autor de Estados Unidos y otros pa\u00edses.<\/p>\n<p>&nbsp;<\/p>\n<p>Cualquier informaci\u00f3n personalmente identificable que contengan las comunicaciones electr\u00f3nicas dirigidas a este sitio web se rige por la Pol\u00edtica de Privacidad del sitio. Natus\u00a0Sensory Inc. tendr\u00e1 libertad para utilizar el resto de informaci\u00f3n en dichas comunicaciones, incluidas cualquier idea, invenci\u00f3n, concepto, t\u00e9cnica o pr\u00e1ctica que se d\u00e9 a conocer en dicho sitio, para cualquier fin. Dichos fines podr\u00e1n incluir la divulgaci\u00f3n a terceros y\/o el desarrollo, la fabricaci\u00f3n y\/o el marketing de bienes o servicios.<\/p>\n<p>&nbsp;<\/p>\n<p>El remitente de cualquier comunicaci\u00f3n dirigida a Natus Sensory Inc., a trav\u00e9s de este sitio web o de cualquier otro modo, ser\u00e1 el \u00fanico responsable del contenido y la informaci\u00f3n que se incluya en la misma, incluida su veracidad y exactitud.<\/p>\n"}}]},"_links":{"self":[{"href":"https:\/\/natussensory.com\/es\/wp-json\/wp\/v2\/pages\/11960","targetHints":{"allow":["GET"]}}],"collection":[{"href":"https:\/\/natussensory.com\/es\/wp-json\/wp\/v2\/pages"}],"about":[{"href":"https:\/\/natussensory.com\/es\/wp-json\/wp\/v2\/types\/page"}],"author":[{"embeddable":true,"href":"https:\/\/natussensory.com\/es\/wp-json\/wp\/v2\/users\/4"}],"replies":[{"embeddable":true,"href":"https:\/\/natussensory.com\/es\/wp-json\/wp\/v2\/comments?post=11960"}],"version-history":[{"count":4,"href":"https:\/\/natussensory.com\/es\/wp-json\/wp\/v2\/pages\/11960\/revisions"}],"predecessor-version":[{"id":27166,"href":"https:\/\/natussensory.com\/es\/wp-json\/wp\/v2\/pages\/11960\/revisions\/27166"}],"wp:attachment":[{"href":"https:\/\/natussensory.com\/es\/wp-json\/wp\/v2\/media?parent=11960"}],"wp:term":[{"taxonomy":"category","embeddable":true,"href":"https:\/\/natussensory.com\/es\/wp-json\/wp\/v2\/categories?post=11960"},{"taxonomy":"post_tag","embeddable":true,"href":"https:\/\/natussensory.com\/es\/wp-json\/wp\/v2\/tags?post=11960"}],"curies":[{"name":"wp","href":"https:\/\/api.w.org\/{rel}","templated":true}]}}