{"id":11799,"date":"2023-08-07T16:46:00","date_gmt":"2023-08-07T16:46:00","guid":{"rendered":"https:\/\/natussensory.com\/servicio-y-soporte\/natus-trust-center\/"},"modified":"2025-09-18T13:30:27","modified_gmt":"2025-09-18T13:30:27","slug":"centro-confianza","status":"publish","type":"page","link":"https:\/\/natussensory.com\/es\/soporte\/centro-confianza\/","title":{"rendered":"Centro de confianza"},"content":{"rendered":"","protected":false},"excerpt":{"rendered":"","protected":false},"author":1,"featured_media":0,"parent":8369,"menu_order":0,"comment_status":"closed","ping_status":"closed","template":"","meta":{"_acf_changed":false,"inline_featured_image":false,"footnotes":""},"categories":[],"tags":[],"class_list":["post-11799","page","type-page","status-publish","hentry"],"acf":{"content_blocks":[{"acf_fc_layout":"spacer","_acfe_flexible_toggle":"","spacer":{"module_options":{"":null,"module_id":"n6514b0ebcb99d","module_class":"","module_background_type":"color","module_background_color":"#473089","module_background_image":false,"module_background_video":"","activate_custom_padding":false,"padding_top_desktop":0,"padding_top_tablet":"","padding_top_mobile":"","padding_bottom_desktop":"","padding_bottom_tablet":"","padding_bottom_mobile":"","activate_custom_margin":false,"margin_top_desktop":"","margin_top_tablet":"","margin_top_mobile":"","margin_bottom_desktop":"","margin_bottom_tablet":"","margin_bottom_mobile":"","disable_on":[],"content_alignment_desktop":"left","content_alignment_tablet":"left","content_alignment_mobile":"left"},"height":"160"}},{"acf_fc_layout":"simple_content","_acfe_flexible_toggle":"","content_full_width_landing":{"module_options":{"":null,"module_id":"n6514b0ebd5a4d","module_class":"","module_background_type":"color","module_background_color":"","module_background_image":false,"module_background_video":"","activate_custom_padding":true,"padding_top_desktop":"100","padding_top_tablet":"0","padding_top_mobile":"0","padding_bottom_desktop":"20","padding_bottom_tablet":"0","padding_bottom_mobile":"0","activate_custom_margin":false,"margin_top_desktop":"","margin_top_tablet":"","margin_top_mobile":"","margin_bottom_desktop":"","margin_bottom_tablet":"","margin_bottom_mobile":"","disable_on":[],"content_alignment_desktop":"left","content_alignment_tablet":"left","content_alignment_mobile":"left"},"activate_custom_container_width":false,"container_width":"","content":"<h4><img loading=\"lazy\" decoding=\"async\" class=\"alignleft wp-image-6248\" src=\"https:\/\/natussensory.com\/wp-content\/uploads\/Security-Icon.png\" alt=\"\" width=\"97\" height=\"135\" \/><\/h4>\n<h1>Programa de seguridad de productos Natus Sensory<\/h1>\n<h5>Seguridad de productos en evoluci\u00f3n para amenazas en evoluci\u00f3n.<\/h5>\n"}},{"acf_fc_layout":"divider","_acfe_flexible_toggle":"","divider":{"module_options":{"":null,"module_id":"n6514b0ebd0694","module_class":"","module_background_type":"color","module_background_color":"","module_background_image":false,"module_background_video":"","activate_custom_padding":false,"padding_top_desktop":0,"padding_top_tablet":"","padding_top_mobile":"","padding_bottom_desktop":"","padding_bottom_tablet":"","padding_bottom_mobile":"","activate_custom_margin":false,"margin_top_desktop":"","margin_top_tablet":"","margin_top_mobile":"","margin_bottom_desktop":"","margin_bottom_tablet":"","margin_bottom_mobile":"","disable_on":[],"content_alignment_desktop":"left","content_alignment_tablet":"left","content_alignment_mobile":"left"},"color":"#d4e9f9","height":"12"}},{"acf_fc_layout":"simple_content","_acfe_flexible_toggle":"","content_full_width_landing":{"module_options":{"":null,"module_id":"n6520a3f6c29b1","module_class":"","module_background_type":"color","module_background_color":"","module_background_image":false,"module_background_video":"","activate_custom_padding":true,"padding_top_desktop":"60","padding_top_tablet":"0","padding_top_mobile":"0","padding_bottom_desktop":"60","padding_bottom_tablet":"0","padding_bottom_mobile":"0","activate_custom_margin":false,"margin_top_desktop":"","margin_top_tablet":"","margin_top_mobile":"","margin_bottom_desktop":"","margin_bottom_tablet":"","margin_bottom_mobile":"","disable_on":[],"content_alignment_desktop":"left","content_alignment_tablet":"left","content_alignment_mobile":"left"},"activate_custom_container_width":false,"container_width":"","content":"<h4>En Natus Sensory, nos tomamos muy en serio nuestra responsabilidad con la seguridad del paciente y la seguridad digital.<\/h4>\n<h5>Creemos que un programa s\u00f3lido y robusto de seguridad de productos para la ciberseguridad es esencial para garantizar que nuestros productos sanitarios sean seguros y eficaces durante todo su ciclo de vida.<\/h5>\n"}},{"acf_fc_layout":"content_multiple_columns","_acfe_flexible_toggle":"","content_multiple_columns":{"module_options":{"":null,"module_id":"n6520a3f6c8085","module_class":"","module_background_type":"color","module_background_color":"","module_background_image":false,"module_background_video":"","activate_custom_padding":false,"padding_top_desktop":0,"padding_top_tablet":"","padding_top_mobile":"","padding_bottom_desktop":"","padding_bottom_tablet":"","padding_bottom_mobile":"","activate_custom_margin":false,"margin_top_desktop":"","margin_top_tablet":"","margin_top_mobile":"","margin_bottom_desktop":"","margin_bottom_tablet":"","margin_bottom_mobile":"","disable_on":[],"content_alignment_desktop":"left","content_alignment_tablet":"left","content_alignment_mobile":"left"},"columns_per_rows_desktop":"3","columns_per_rows_tablet":"2","columns_per_rows_mobile":"2","columns":[{"column_background":"#ffffff","column_size":"one-third","column_alignment":"align-left","activate_top_right_border_radius":true,"content_type":[{"acf_fc_layout":"simple_content","content":"<p><img loading=\"lazy\" decoding=\"async\" class=\"alignleft wp-image-12241\" src=\"https:\/\/natussensory.com\/wp-content\/uploads\/Product-Security-Feature-Image_800x450.png\" alt=\"\" width=\"680\" height=\"383\" srcset=\"https:\/\/natussensory.com\/wp-content\/uploads\/Product-Security-Feature-Image_800x450.png 800w, https:\/\/natussensory.com\/wp-content\/uploads\/Product-Security-Feature-Image_800x450-768x432.png 768w\" sizes=\"auto, (max-width: 680px) 100vw, 680px\" \/><\/p>\n"}]},{"column_background":"","column_size":"two-thirds","column_alignment":"align-left","activate_top_right_border_radius":false,"content_type":[{"acf_fc_layout":"simple_content","content":"<h5><strong>Somos conscientes de los riesgos potenciales que las amenazas a la ciberseguridad pueden suponer para nuestros dispositivos y reconocemos que estas amenazas est\u00e1n en constante evoluci\u00f3n<\/strong><\/h5>\n<p>Natus se compromete a desarrollar de forma continua nuestro programa de seguridad de productos para mantenernos al d\u00eda frente al panorama de amenazas en constante evoluci\u00f3n.<\/p>\n"}]}]}},{"acf_fc_layout":"left_image_right_content_single_cta","_acfe_flexible_toggle":"","left_image_right_content_single_cta_landing":{"module_options":{"":null,"module_id":"n6520a3f6cfc63","module_class":"","module_background_type":"color","module_background_color":"","module_background_image":false,"module_background_video":"","activate_custom_padding":false,"padding_top_desktop":0,"padding_top_tablet":"","padding_top_mobile":"","padding_bottom_desktop":"","padding_bottom_tablet":"","padding_bottom_mobile":"","activate_custom_margin":false,"margin_top_desktop":"","margin_top_tablet":"","margin_top_mobile":"","margin_bottom_desktop":"","margin_bottom_tablet":"","margin_bottom_mobile":"","disable_on":[],"content_alignment_desktop":"left","content_alignment_tablet":"left","content_alignment_mobile":"left"},"image":{"ID":12250,"id":12250,"title":"IT Product Feature 2_800x450","filename":"IT-Product-Feature-2_800x450.png","filesize":501068,"url":"https:\/\/natussensory.com\/wp-content\/uploads\/IT-Product-Feature-2_800x450.png","link":"https:\/\/natussensory.com\/es\/soporte\/centro-confianza\/it-product-feature-2_800x450-2\/","alt":"IT Security","author":"4","description":"","caption":"","name":"it-product-feature-2_800x450-2","status":"inherit","uploaded_to":11799,"date":"2023-10-06 23:45:18","modified":"2024-07-30 16:35:57","menu_order":0,"mime_type":"image\/png","type":"image","subtype":"png","icon":"https:\/\/natussensory.com\/wp-includes\/images\/media\/default.png","width":800,"height":450,"sizes":{"thumbnail":"https:\/\/natussensory.com\/wp-content\/uploads\/IT-Product-Feature-2_800x450.png","thumbnail-width":128,"thumbnail-height":72,"medium":"https:\/\/natussensory.com\/wp-content\/uploads\/IT-Product-Feature-2_800x450.png","medium-width":800,"medium-height":450,"medium_large":"https:\/\/natussensory.com\/wp-content\/uploads\/IT-Product-Feature-2_800x450-768x432.png","medium_large-width":768,"medium_large-height":432,"large":"https:\/\/natussensory.com\/wp-content\/uploads\/IT-Product-Feature-2_800x450.png","large-width":800,"large-height":450,"1536x1536":"https:\/\/natussensory.com\/wp-content\/uploads\/IT-Product-Feature-2_800x450.png","1536x1536-width":800,"1536x1536-height":450,"2048x2048":"https:\/\/natussensory.com\/wp-content\/uploads\/IT-Product-Feature-2_800x450.png","2048x2048-width":800,"2048x2048-height":450}},"label":"","title":"","description":"<h5><strong>Nuestro enfoque se basa en un marco basado en el riesgo que nos permite identificar y priorizar los riesgos potenciales en funci\u00f3n de su probabilidad e impacto.\u00a0<\/strong><\/h5>\n<p>Este marco gu\u00eda nuestros procesos de desarrollo y pruebas, y supervisamos y evaluamos continuamente nuestros dispositivos a lo largo de su ciclo de vida para garantizar que siguen siendo seguros. Nuestro programa est\u00e1 dise\u00f1ado para garantizar que la seguridad se tiene en cuenta desde la fase de dise\u00f1o de nuestros dispositivos hasta el desechado al final de su vida \u00fatil.<\/p>\n","link":null}},{"acf_fc_layout":"left_image_right_content_single_cta","_acfe_flexible_toggle":"","left_image_right_content_single_cta_landing":{"module_options":{"":null,"module_id":"n6520a3f6deedf","module_class":"","module_background_type":"color","module_background_color":"","module_background_image":false,"module_background_video":"","activate_custom_padding":false,"padding_top_desktop":0,"padding_top_tablet":"","padding_top_mobile":"","padding_bottom_desktop":"","padding_bottom_tablet":"","padding_bottom_mobile":"","activate_custom_margin":false,"margin_top_desktop":"","margin_top_tablet":"","margin_top_mobile":"","margin_bottom_desktop":"","margin_bottom_tablet":"","margin_bottom_mobile":"","disable_on":[],"content_alignment_desktop":"left","content_alignment_tablet":"left","content_alignment_mobile":"left"},"image":{"ID":12255,"id":12255,"title":"IT Professional_Product Feature 800x450","filename":"IT-Professional_Product-Feature-800x450-1.png","filesize":474440,"url":"https:\/\/natussensory.com\/wp-content\/uploads\/IT-Professional_Product-Feature-800x450-1.png","link":"https:\/\/natussensory.com\/es\/soporte\/centro-confianza\/it-professional_product-feature-800x450-2\/","alt":"IT Professional","author":"4","description":"","caption":"","name":"it-professional_product-feature-800x450-2","status":"inherit","uploaded_to":11799,"date":"2023-10-06 23:51:55","modified":"2024-07-30 16:34:35","menu_order":0,"mime_type":"image\/png","type":"image","subtype":"png","icon":"https:\/\/natussensory.com\/wp-includes\/images\/media\/default.png","width":800,"height":450,"sizes":{"thumbnail":"https:\/\/natussensory.com\/wp-content\/uploads\/IT-Professional_Product-Feature-800x450-1.png","thumbnail-width":128,"thumbnail-height":72,"medium":"https:\/\/natussensory.com\/wp-content\/uploads\/IT-Professional_Product-Feature-800x450-1.png","medium-width":800,"medium-height":450,"medium_large":"https:\/\/natussensory.com\/wp-content\/uploads\/IT-Professional_Product-Feature-800x450-1-768x432.png","medium_large-width":768,"medium_large-height":432,"large":"https:\/\/natussensory.com\/wp-content\/uploads\/IT-Professional_Product-Feature-800x450-1.png","large-width":800,"large-height":450,"1536x1536":"https:\/\/natussensory.com\/wp-content\/uploads\/IT-Professional_Product-Feature-800x450-1.png","1536x1536-width":800,"1536x1536-height":450,"2048x2048":"https:\/\/natussensory.com\/wp-content\/uploads\/IT-Professional_Product-Feature-800x450-1.png","2048x2048-width":800,"2048x2048-height":450}},"label":"","title":"","description":"<p><strong>Natus Sensory contin\u00faa aplicando salvaguardias administrativas, t\u00e9cnicas, y f\u00edsicas razonables<\/strong> para proteger contra incidentes de seguridad y violaciones de datos relacionados con un producto Natus, siempre que esos productos se utilicen de acuerdo con las instrucciones de uso del producto y los libros blancos de seguridad del producto aplicables para el entorno de uso previsto. Sin embargo, a medida que evolucionan los sistemas y las amenazas, ning\u00fan sistema puede estar protegido contra todas las vulnerabilidades, y consideramos a nuestros clientes el colaborador m\u00e1s importante para mantener las salvaguardias de seguridad y privacidad. Si tiene alguna duda, le rogamos que nos la comunique y la estudiaremos. Cuando proceda, abordaremos el problema con cambios en los productos, boletines de seguridad de los productos, avisos de seguridad de los productos y\/o divulgaciones responsables a clientes y reguladores.<\/p>\n<p>&nbsp;<\/p>\n<p>Natus Sensory se esfuerza continuamente por mejorar la seguridad a lo largo del ciclo de vida del producto mediante pr\u00e1cticas como:<\/p>\n<ul>\n<li>Seguridad desde el dise\u00f1o y modernizaci\u00f3n de seguridad<\/li>\n<li>Gesti\u00f3n de riesgos de seguridad del producto<\/li>\n<li>Security Controls appropriate to Data Types<\/li>\n<li>Controles de seguridad apropiados para los tipos de datos<\/li>\n<li>Robustness Testing, Vulnerability Scanning and Third-Party Testing<\/li>\n<li>Pruebas de robustez, escaneo de vulnerabilidades y pruebas de terceros<\/li>\n<li>Actualizaciones oportunas y gesti\u00f3n de parches<\/li>\n<li>Comunicaci\u00f3n transparente con el cliente<\/li>\n<\/ul>\n<p>&nbsp;<\/p>\n<p><strong>Nuestro compromiso de crear un programa de seguridad de productos s\u00f3lido y s\u00f3lido para la ciberseguridad es una parte fundamental de nuestra misi\u00f3n de entregar dispositivos m\u00e9dicos seguros y eficaces a los pacientes.<\/strong><\/p>\n","link":null}},{"acf_fc_layout":"tabs","_acfe_flexible_toggle":"","tabs_desktop_accordions_mobile":{"module_options":{"":null,"module_id":"n6514b0ebdaf8d","module_class":"","module_background_type":"color","module_background_color":"","module_background_image":false,"module_background_video":"","activate_custom_padding":false,"padding_top_desktop":0,"padding_top_tablet":"","padding_top_mobile":"","padding_bottom_desktop":"","padding_bottom_tablet":"","padding_bottom_mobile":"","activate_custom_margin":false,"margin_top_desktop":"","margin_top_tablet":"","margin_top_mobile":"","margin_bottom_desktop":"","margin_bottom_tablet":"","margin_bottom_mobile":"","disable_on":[],"content_alignment_desktop":"left","content_alignment_tablet":"left","content_alignment_mobile":"left"},"title":"Boletines de Seguridad y Divulgaciones ","tabs":[{"tab_title":"Pol\u00edticas","tab_column":[{"column_title":"","links":[{"link":{"type":"post","value":"21933","url":"https:\/\/natussensory.com\/es\/politica-coordinada-de-divulgacion-de-vulnerabilidades\/","name":"Pol\u00edtica de divulgaci\u00f3n de vulnerabilidades","title":"Pol\u00edtica coordinada de divulgaci\u00f3n de vulnerabilidades","target":"_blank"}}]}]},{"tab_title":"BOLETINES DE SEGURIDAD ","tab_column":[{"column_title":"","links":[{"link":{"type":"post","value":"22861","url":"https:\/\/natussensory.com\/support\/trust-center\/holding-statement-for-the-vulnerability-disclosure\/","name":"Holding Statement for Vulnerability Disclosure","title":"Holding Statement (for the Vulnerability Disclosure - 3\/25\/25 HIMSA)","target":""}}]}]}]}}]},"_links":{"self":[{"href":"https:\/\/natussensory.com\/es\/wp-json\/wp\/v2\/pages\/11799","targetHints":{"allow":["GET"]}}],"collection":[{"href":"https:\/\/natussensory.com\/es\/wp-json\/wp\/v2\/pages"}],"about":[{"href":"https:\/\/natussensory.com\/es\/wp-json\/wp\/v2\/types\/page"}],"author":[{"embeddable":true,"href":"https:\/\/natussensory.com\/es\/wp-json\/wp\/v2\/users\/1"}],"replies":[{"embeddable":true,"href":"https:\/\/natussensory.com\/es\/wp-json\/wp\/v2\/comments?post=11799"}],"version-history":[{"count":10,"href":"https:\/\/natussensory.com\/es\/wp-json\/wp\/v2\/pages\/11799\/revisions"}],"predecessor-version":[{"id":27057,"href":"https:\/\/natussensory.com\/es\/wp-json\/wp\/v2\/pages\/11799\/revisions\/27057"}],"up":[{"embeddable":true,"href":"https:\/\/natussensory.com\/es\/wp-json\/wp\/v2\/pages\/8369"}],"wp:attachment":[{"href":"https:\/\/natussensory.com\/es\/wp-json\/wp\/v2\/media?parent=11799"}],"wp:term":[{"taxonomy":"category","embeddable":true,"href":"https:\/\/natussensory.com\/es\/wp-json\/wp\/v2\/categories?post=11799"},{"taxonomy":"post_tag","embeddable":true,"href":"https:\/\/natussensory.com\/es\/wp-json\/wp\/v2\/tags?post=11799"}],"curies":[{"name":"wp","href":"https:\/\/api.w.org\/{rel}","templated":true}]}}