{"id":11791,"date":"2023-08-07T16:44:34","date_gmt":"2023-08-07T16:44:34","guid":{"rendered":"https:\/\/natussensory.com\/servicio-y-soporte\/technical-service\/"},"modified":"2025-11-04T13:26:49","modified_gmt":"2025-11-04T13:26:49","slug":"servicio-tecnico","status":"publish","type":"page","link":"https:\/\/natussensory.com\/es\/soporte\/servicio-tecnico\/","title":{"rendered":"Servicio t\u00e9cnico"},"content":{"rendered":"","protected":false},"excerpt":{"rendered":"","protected":false},"author":1,"featured_media":0,"parent":8369,"menu_order":0,"comment_status":"closed","ping_status":"closed","template":"templates\/page-customer-support.php","meta":{"_acf_changed":false,"inline_featured_image":false,"footnotes":""},"categories":[],"tags":[],"class_list":["post-11791","page","type-page","status-publish","hentry"],"acf":{"content_blocks":[{"acf_fc_layout":"spacer","_acfe_flexible_toggle":"","spacer":{"module_options":{"":null,"module_id":"n65143c26d4d03","module_class":"","module_background_type":"color","module_background_color":"#473089","module_background_image":false,"module_background_video":"","activate_custom_padding":false,"padding_top_desktop":"0","padding_top_tablet":"0","padding_top_mobile":"0","padding_bottom_desktop":"0","padding_bottom_tablet":"0","padding_bottom_mobile":"0","activate_custom_margin":false,"margin_top_desktop":"0","margin_top_tablet":"0","margin_top_mobile":"0","margin_bottom_desktop":"0","margin_bottom_tablet":"0","margin_bottom_mobile":"0","disable_on":[],"content_alignment_desktop":"left","content_alignment_tablet":"left","content_alignment_mobile":"left"},"height":"160"}},{"acf_fc_layout":"simple_content","_acfe_flexible_toggle":"","content_full_width_landing":{"module_options":{"":null,"module_id":"n68ad7d1836288","module_class":"","module_background_type":"image","module_background_color":"","module_background_image":"https:\/\/natussensory.com\/wp-content\/uploads\/Homepage-banner.jpg","module_background_video":"","activate_custom_padding":true,"padding_top_desktop":"40","padding_top_tablet":"0","padding_top_mobile":"0","padding_bottom_desktop":"0","padding_bottom_tablet":"0","padding_bottom_mobile":"0","activate_custom_margin":false,"margin_top_desktop":"","margin_top_tablet":"","margin_top_mobile":"","margin_bottom_desktop":"","margin_bottom_tablet":"","margin_bottom_mobile":"","disable_on":[],"content_alignment_desktop":"left","content_alignment_tablet":"left","content_alignment_mobile":"left"},"activate_custom_container_width":false,"container_width":"","content":"<p>&nbsp;<\/p>\n<h2><\/h2>\n<h1 style=\"text-align: center;\">Servicio t\u00e9cnico<\/h1>\n<p>&nbsp;<\/p>\n"}},{"acf_fc_layout":"hero","_acfe_flexible_toggle":"","text_block_with_quick_navs":{"module_options":{"":null,"module_id":"n6500e85de2778","module_class":"","module_background_type":"color","module_background_color":"","module_background_image":false,"module_background_video":"","activate_custom_padding":false,"padding_top_desktop":0,"padding_top_tablet":"","padding_top_mobile":"","padding_bottom_desktop":"","padding_bottom_tablet":"","padding_bottom_mobile":"","activate_custom_margin":false,"margin_top_desktop":"","margin_top_tablet":"","margin_top_mobile":"","margin_bottom_desktop":"","margin_bottom_tablet":"","margin_bottom_mobile":"","disable_on":[],"content_alignment_desktop":"left","content_alignment_tablet":"left","content_alignment_mobile":"left"},"text_block":"<p>Soporte que le permite ir un paso por delante. Nuestra promesa de ofrecer la excelencia no se acaba despu\u00e9s de haber comprado el producto. Estamos con usted en cada paso de <strong>cualquier procedimiento relacionado con la reparaci\u00f3n de equipos, el mantenimiento del servicio y los servicios de asistencia.<\/strong><\/p>\n<p>&nbsp;<\/p>\n<p>Con las opciones del sistema de llamadas en todo el mundo y de soporte por correo electr\u00f3nico, existen m\u00faltiples opciones pr\u00e1cticas para conectarse con nuestro equipo de servicio t\u00e9cnico global para obtener asistencia.<\/p>\n","quick_nav_links":[{"link":{"type":"url","value":"#n6500e85e034c2","url":"#n6500e85e034c2","name":"#n6500e85e034c2","title":"ENVIAR CONSULTA POR CORREO ELECTR\u00d3NICO ","target":""}}]}},{"acf_fc_layout":"accordions","_acfe_flexible_layout_title":"Tabs","_acfe_flexible_toggle":"","accordions_2_columns":{"module_options":{"":null,"module_id":"n6863950f0b8fc","module_class":"","module_background_type":"color","module_background_color":"","module_background_image":false,"module_background_video":"","activate_custom_padding":false,"padding_top_desktop":"0","padding_top_tablet":"0","padding_top_mobile":"0","padding_bottom_desktop":"0","padding_bottom_tablet":"0","padding_bottom_mobile":"0","activate_custom_margin":false,"margin_top_desktop":"0","margin_top_tablet":"0","margin_top_mobile":"0","margin_bottom_desktop":"0","margin_bottom_tablet":"0","margin_bottom_mobile":"0","disable_on":[],"content_alignment_desktop":"left","content_alignment_tablet":"left","content_alignment_mobile":"left"},"title":"Contact Numbers","accordions":[{"accordion_title":" ","accordion_rows":[{"accordion_row_title":"Hearing & Balance","accordion_row":[{"title":" ","description":"<p>Tel: +1 (855) 466-8324 (US)<\/p>\n"}]},{"accordion_row_title":"RetCam Products","accordion_row":[{"title":" ","description":"<p>Tel: +1 (650) 802-0400;<br \/>\nToll Free US &amp; Canada (888) 496-2887<\/p>\n"}]},{"accordion_row_title":"NICVIEW","accordion_row":[{"title":" ","description":"<p>Tel: +1 855-NICVIEW<\/p>\n"}]},{"accordion_row_title":"Neometrics","accordion_row":[{"title":"","description":"<p>Toll Free: (800) 645-3616 (US)<br \/>\nTel: (631) 457-4430<\/p>\n<p>Fax: (631) 457-4444<br \/>\nState of CA is supported after hours (888) 496-2887 (5pm-5am PST weekdays, all weekends)<\/p>\n"}]},{"accordion_row_title":"neoBLUE \/ ALGO","accordion_row":[{"title":"","description":"<p>Tel: +1 (888) 496-2887<\/p>\n<p>&nbsp;<\/p>\n"}]}]}]}},{"acf_fc_layout":"tabs","_acfe_flexible_toggle":"","tabs_desktop_accordions_mobile":{"module_options":{"":null,"module_id":"n6500e85df1f98","module_class":"","module_background_type":"color","module_background_color":"","module_background_image":false,"module_background_video":"","activate_custom_padding":false,"padding_top_desktop":"0","padding_top_tablet":"0","padding_top_mobile":"0","padding_bottom_desktop":"0","padding_bottom_tablet":"0","padding_bottom_mobile":"0","activate_custom_margin":false,"margin_top_desktop":"0","margin_top_tablet":"0","margin_top_mobile":"0","margin_bottom_desktop":"0","margin_bottom_tablet":"0","margin_bottom_mobile":"0","disable_on":[],"content_alignment_desktop":"left","content_alignment_tablet":"left","content_alignment_mobile":"left"},"title":"Garant\u00edas de los productos y descargas","tabs":[{"tab_title":"Garant\u00edas De Los Productos","tab_column":[{"column_title":"Hearing & Balance","links":[{"link":{"type":"url","value":"https:\/\/natus.bynder.com\/m\/ab5c1185747d1e73\/original\/Natus-Hearing-Balance-Global-Terms-Conditions-Warranty.pdf","url":"https:\/\/natus.bynder.com\/m\/ab5c1185747d1e73\/original\/Natus-Hearing-Balance-Global-Terms-Conditions-Warranty.pdf","name":"https:\/\/natus.bynder.com\/m\/ab5c1185747d1e73\/original\/Natus-Hearing-Balance-Global-Terms-Conditions-Warranty.pdf","title":"Natus Hearing & Balance Global Terms & Conditions \u2013 Warranty","target":"_blank"}}]},{"column_title":"Hearing Screening","links":[{"link":{"type":"url","value":"https:\/\/natus.bynder.com\/m\/c02db4727d723dce\/original\/Bio-logic-Hearing-Diagnostics-Screening-Warranty.pdf","url":"https:\/\/natus.bynder.com\/m\/c02db4727d723dce\/original\/Bio-logic-Hearing-Diagnostics-Screening-Warranty.pdf","name":"https:\/\/natus.bynder.com\/m\/c02db4727d723dce\/original\/Bio-logic-Hearing-Diagnostics-Screening-Warranty.pdf","title":"Bio-logic Hearing Diagnostics & Screening Warranty","target":"_blank"}},{"link":{"type":"url","value":"https:\/\/natus.bynder.com\/m\/e64404f041f1832c\/original\/Bio-logic-Hearing-Diagnostics-Supplies-Warranty.pdf","url":"https:\/\/natus.bynder.com\/m\/e64404f041f1832c\/original\/Bio-logic-Hearing-Diagnostics-Supplies-Warranty.pdf","name":"https:\/\/natus.bynder.com\/m\/e64404f041f1832c\/original\/Bio-logic-Hearing-Diagnostics-Supplies-Warranty.pdf","title":"Bio-logic Hearing Diagnostic Supplies Warranty","target":"_blank"}}]},{"column_title":"Eye Imaging","links":[{"link":{"type":"url","value":"https:\/\/natus.bynder.com\/m\/1c9aafd8f62d39fd\/original\/RetCam-Envision-warranty.pdf","url":"https:\/\/natus.bynder.com\/m\/1c9aafd8f62d39fd\/original\/RetCam-Envision-warranty.pdf","name":"https:\/\/natus.bynder.com\/m\/1c9aafd8f62d39fd\/original\/RetCam-Envision-warranty.pdf","title":"Retcam Envision Warranty","target":"_blank"}}]},{"column_title":"Newborn Care","links":[{"link":{"type":"url","value":"https:\/\/partner.natus.com\/m\/f306564812bf4e2b\/original\/Newborn-Care-Supplies-Warranty.pdf","url":"https:\/\/partner.natus.com\/m\/f306564812bf4e2b\/original\/Newborn-Care-Supplies-Warranty.pdf","name":"https:\/\/partner.natus.com\/m\/f306564812bf4e2b\/original\/Newborn-Care-Supplies-Warranty.pdf","title":"Natus Newborn Care Supplies Warranty","target":""}}]},{"column_title":"Jaundice Management","links":[{"link":{"type":"url","value":"https:\/\/partner.natus.com\/m\/a202bf464add65f9\/original\/neoBLUE-Limited-Warranty.pdf","url":"https:\/\/partner.natus.com\/m\/a202bf464add65f9\/original\/neoBLUE-Limited-Warranty.pdf","name":"https:\/\/partner.natus.com\/m\/a202bf464add65f9\/original\/neoBLUE-Limited-Warranty.pdf","title":"neoBLUE LED Phototherapy Warranty","target":"_blank"}},{"link":{"type":"url","value":"https:\/\/partner.natus.com\/m\/cf2f2101f9123858\/original\/neoBLUE-Radiometer-Warranty.pdf","url":"https:\/\/partner.natus.com\/m\/cf2f2101f9123858\/original\/neoBLUE-Radiometer-Warranty.pdf","name":"https:\/\/partner.natus.com\/m\/cf2f2101f9123858\/original\/neoBLUE-Radiometer-Warranty.pdf","title":"neoBLUE Radiometer Warranty","target":"_blank"}}]}]},{"tab_title":"T\u00c9RMINOS Y CONDICIONES ","tab_column":[{"column_title":"","links":[{"link":{"type":"post","value":"6703","url":"https:\/\/natussensory.com\/terms-conditions\/","name":"Terms &#038; Conditions","title":"T\u00e9rminos y Condiciones ","target":"_blank"}}]}]},{"tab_title":"DEVOLUCIONES","tab_column":[{"column_title":"","links":[{"link":{"type":"url","value":"https:\/\/natus.bynder.com\/m\/10f2d280d7addc00\/original\/DOC-067051_Natus-Technical-Support-Return-Policy_Spanish.pdf","url":"https:\/\/natus.bynder.com\/m\/10f2d280d7addc00\/original\/DOC-067051_Natus-Technical-Support-Return-Policy_Spanish.pdf","name":"https:\/\/natus.bynder.com\/m\/10f2d280d7addc00\/original\/DOC-067051_Natus-Technical-Support-Return-Policy_Spanish.pdf","title":"Pol\u00edtica de devoluciones de asistencia t\u00e9cnica","target":"_blank"}},{"link":{"type":"url","value":"#n6500e85e034c2","url":"#n6500e85e034c2","name":"#n6500e85e034c2","title":"Env\u00eda el n\u00famero de referencia y el seguimiento de la Autorizaci\u00f3n de Devoluci\u00f3n de Mercanc\u00eda (RMA)","target":""}}]}]}]}},{"acf_fc_layout":"product_manuals_eifus","_acfe_flexible_toggle":"","left_image_right_content_single_cta_landing":{"module_options":{"":null,"module_id":"n65036b5170919","module_class":"","module_background_type":"color","module_background_color":"#ffffff","module_background_image":false,"module_background_video":"","activate_custom_padding":false,"padding_top_desktop":0,"padding_top_tablet":"","padding_top_mobile":"","padding_bottom_desktop":"","padding_bottom_tablet":"","padding_bottom_mobile":"","activate_custom_margin":false,"margin_top_desktop":"","margin_top_tablet":"","margin_top_mobile":"","margin_bottom_desktop":"","margin_bottom_tablet":"","margin_bottom_mobile":"","disable_on":[],"content_alignment_desktop":"left","content_alignment_tablet":"left","content_alignment_mobile":"left"},"image":{"ID":4339,"id":4339,"title":"Doctor on a tablet 800x450","filename":"Doctor-on-a-tablet-800x450-1.png","filesize":433489,"url":"https:\/\/natussensory.com\/wp-content\/uploads\/Doctor-on-a-tablet-800x450-1.png","link":"https:\/\/natussensory.com\/es\/soporte\/doctor-on-a-tablet-800x450-2\/","alt":"Doctor on a tablet","author":"4","description":"","caption":"","name":"doctor-on-a-tablet-800x450-2","status":"inherit","uploaded_to":8369,"date":"2023-09-14 19:11:09","modified":"2024-07-29 20:27:08","menu_order":0,"mime_type":"image\/png","type":"image","subtype":"png","icon":"https:\/\/natussensory.com\/wp-includes\/images\/media\/default.png","width":800,"height":450,"sizes":{"thumbnail":"https:\/\/natussensory.com\/wp-content\/uploads\/Doctor-on-a-tablet-800x450-1.png","thumbnail-width":128,"thumbnail-height":72,"medium":"https:\/\/natussensory.com\/wp-content\/uploads\/Doctor-on-a-tablet-800x450-1.png","medium-width":800,"medium-height":450,"medium_large":"https:\/\/natussensory.com\/wp-content\/uploads\/Doctor-on-a-tablet-800x450-1-768x432.png","medium_large-width":768,"medium_large-height":432,"large":"https:\/\/natussensory.com\/wp-content\/uploads\/Doctor-on-a-tablet-800x450-1.png","large-width":800,"large-height":450,"1536x1536":"https:\/\/natussensory.com\/wp-content\/uploads\/Doctor-on-a-tablet-800x450-1.png","1536x1536-width":800,"1536x1536-height":450,"2048x2048":"https:\/\/natussensory.com\/wp-content\/uploads\/Doctor-on-a-tablet-800x450-1.png","2048x2048-width":800,"2048x2048-height":450}},"label":"DESCARGAS","title":"Centro de Informaci\u00f3n Sobre Productos ","description":"<p>\u00bfBusca manuales de productos o instrucciones de uso electr\u00f3nicas para su producto Natus? Acceda a nuestro Centro de informaci\u00f3n sobre productos.<\/p>\n<p>&nbsp;<\/p>\n<p><a href=\"https:\/\/natus.bynder.com\/web\/6b2b59adbe92f133\/archived-product-manuals-\/\">Para consultar las revisiones anteriores de las instrucciones de uso electr\u00f3nicas (eIFU) de los productos, haga clic aqu\u00ed. <\/a><\/p>\n","link":{"type":"url","value":"https:\/\/natus.bynder.com\/web\/3109238f80bad185\/product-knowledge-center\/","url":"https:\/\/natus.bynder.com\/web\/3109238f80bad185\/product-knowledge-center\/","name":"https:\/\/natus.bynder.com\/web\/3109238f80bad185\/product-knowledge-center\/","title":"ACCESO ","target":"_blank"}}},{"acf_fc_layout":"software_downloads","_acfe_flexible_layout_title":"Service Contracts","_acfe_flexible_toggle":"","left_image_right_content_single_cta_landing":{"module_options":{"":null,"module_id":"n6509e1355a472","module_class":"","module_background_type":"color","module_background_color":"#ffffff","module_background_image":false,"module_background_video":"","activate_custom_padding":false,"padding_top_desktop":"0","padding_top_tablet":"0","padding_top_mobile":"0","padding_bottom_desktop":"0","padding_bottom_tablet":"0","padding_bottom_mobile":"0","activate_custom_margin":false,"margin_top_desktop":"0","margin_top_tablet":"0","margin_top_mobile":"0","margin_bottom_desktop":"0","margin_bottom_tablet":"0","margin_bottom_mobile":"0","disable_on":[],"content_alignment_desktop":"left","content_alignment_tablet":"left","content_alignment_mobile":"left"},"image":{"ID":5405,"id":5405,"title":"Service Contracts_800x450","filename":"Service-Contracts_800x450.png","filesize":538430,"url":"https:\/\/natussensory.com\/wp-content\/uploads\/Service-Contracts_800x450.png","link":"https:\/\/natussensory.com\/es\/soporte\/servicio-tecnico\/service-contracts_800x450-2\/","alt":"Man looking through a magnifying glass","author":"4","description":"","caption":"","name":"service-contracts_800x450-2","status":"inherit","uploaded_to":11791,"date":"2023-09-19 19:10:54","modified":"2024-07-26 17:06:58","menu_order":0,"mime_type":"image\/png","type":"image","subtype":"png","icon":"https:\/\/natussensory.com\/wp-includes\/images\/media\/default.png","width":800,"height":450,"sizes":{"thumbnail":"https:\/\/natussensory.com\/wp-content\/uploads\/Service-Contracts_800x450.png","thumbnail-width":128,"thumbnail-height":72,"medium":"https:\/\/natussensory.com\/wp-content\/uploads\/Service-Contracts_800x450.png","medium-width":800,"medium-height":450,"medium_large":"https:\/\/natussensory.com\/wp-content\/uploads\/Service-Contracts_800x450-768x432.png","medium_large-width":768,"medium_large-height":432,"large":"https:\/\/natussensory.com\/wp-content\/uploads\/Service-Contracts_800x450.png","large-width":800,"large-height":450,"1536x1536":"https:\/\/natussensory.com\/wp-content\/uploads\/Service-Contracts_800x450.png","1536x1536-width":800,"1536x1536-height":450,"2048x2048":"https:\/\/natussensory.com\/wp-content\/uploads\/Service-Contracts_800x450.png","2048x2048-width":800,"2048x2048-height":450}},"label":"DESCUBRIR M\u00c1S ","title":"Programas de Servicios ","description":"<p>Independientemente del nivel de servicio o asistencia que necesite, Natus se compromete a proporcionarle la mejor experiencia posible para ayudarle a sacar el m\u00e1ximo partido de su equipo. Explore los contratos de servicios ofrecidos por Natus.<\/p>\n","link":{"type":"post","value":"11795","url":"https:\/\/natussensory.com\/es\/programas-servicios\/","name":"Programas de Servicios","title":"M\u00c1S INFORMACI\u00d3N ","target":"_blank"}}},{"acf_fc_layout":"contact_form","_acfe_flexible_toggle":"","contact_form_landing":{"module_options":{"":null,"module_id":"n6500e85e034c2","module_class":"","module_background_type":"color","module_background_color":"","module_background_image":false,"module_background_video":"","activate_custom_padding":false,"padding_top_desktop":"0","padding_top_tablet":"0","padding_top_mobile":"0","padding_bottom_desktop":"0","padding_bottom_tablet":"0","padding_bottom_mobile":"0","activate_custom_margin":false,"margin_top_desktop":"0","margin_top_tablet":"0","margin_top_mobile":"0","margin_bottom_desktop":"0","margin_bottom_tablet":"0","margin_bottom_mobile":"0","disable_on":[],"content_alignment_desktop":"left","content_alignment_tablet":"left","content_alignment_mobile":"left"},"":null,"activate_intro":true,"intro_text":"\u00bfPrefiere enviar su pregunta de asistencia por correo electr\u00f3nico? ","intro_text_color":"#005e63","intro_link":null,"activate_description":true,"description_title":"","description_copy":"Para enviar su pregunta de asistencia por correo electr\u00f3nico, rellene este formulario. <br \/>\r\n<br \/>\r\nCuanto m\u00e1s precisa sea, m\u00e1s r\u00e1pido podremos encauzar y responder a su pregunta. \u00a1Gracias! ","embed_code":"<script charset=\"utf-8\" type=\"text\/javascript\" src=\"\/\/js.hsforms.net\/forms\/embed\/v2.js\"><\/script>\r\n<script>\r\n  hbspt.forms.create({\r\n    region: \"na1\",\r\n    portalId: \"3002890\",\r\n    formId: \"9529eb32-173f-4932-8cb8-af95fb4e9118\"\r\n  });\r\n<\/script>"}}],"activate_custom_page_js":false},"_links":{"self":[{"href":"https:\/\/natussensory.com\/es\/wp-json\/wp\/v2\/pages\/11791","targetHints":{"allow":["GET"]}}],"collection":[{"href":"https:\/\/natussensory.com\/es\/wp-json\/wp\/v2\/pages"}],"about":[{"href":"https:\/\/natussensory.com\/es\/wp-json\/wp\/v2\/types\/page"}],"author":[{"embeddable":true,"href":"https:\/\/natussensory.com\/es\/wp-json\/wp\/v2\/users\/1"}],"replies":[{"embeddable":true,"href":"https:\/\/natussensory.com\/es\/wp-json\/wp\/v2\/comments?post=11791"}],"version-history":[{"count":10,"href":"https:\/\/natussensory.com\/es\/wp-json\/wp\/v2\/pages\/11791\/revisions"}],"predecessor-version":[{"id":27933,"href":"https:\/\/natussensory.com\/es\/wp-json\/wp\/v2\/pages\/11791\/revisions\/27933"}],"up":[{"embeddable":true,"href":"https:\/\/natussensory.com\/es\/wp-json\/wp\/v2\/pages\/8369"}],"wp:attachment":[{"href":"https:\/\/natussensory.com\/es\/wp-json\/wp\/v2\/media?parent=11791"}],"wp:term":[{"taxonomy":"category","embeddable":true,"href":"https:\/\/natussensory.com\/es\/wp-json\/wp\/v2\/categories?post=11791"},{"taxonomy":"post_tag","embeddable":true,"href":"https:\/\/natussensory.com\/es\/wp-json\/wp\/v2\/tags?post=11791"}],"curies":[{"name":"wp","href":"https:\/\/api.w.org\/{rel}","templated":true}]}}