{"id":11781,"date":"2023-08-07T16:43:54","date_gmt":"2023-08-07T16:43:54","guid":{"rendered":"https:\/\/natussensory.com\/servicio-y-soporte\/customer-support\/"},"modified":"2025-09-24T08:10:27","modified_gmt":"2025-09-24T08:10:27","slug":"asistencia-cliente","status":"publish","type":"page","link":"https:\/\/natussensory.com\/es\/soporte\/asistencia-cliente\/","title":{"rendered":"Asistencia al cliente"},"content":{"rendered":"","protected":false},"excerpt":{"rendered":"","protected":false},"author":1,"featured_media":0,"parent":8369,"menu_order":0,"comment_status":"closed","ping_status":"closed","template":"templates\/page-customer-support.php","meta":{"_acf_changed":false,"inline_featured_image":false,"footnotes":""},"categories":[],"tags":[],"class_list":["post-11781","page","type-page","status-publish","hentry"],"acf":{"content_blocks":[{"acf_fc_layout":"spacer","_acfe_flexible_toggle":"","spacer":{"module_options":{"":null,"module_id":"n6514b734b603c","module_class":"","module_background_type":"color","module_background_color":"#473089","module_background_image":false,"module_background_video":"","activate_custom_padding":false,"padding_top_desktop":"0","padding_top_tablet":"0","padding_top_mobile":"0","padding_bottom_desktop":"0","padding_bottom_tablet":"0","padding_bottom_mobile":"0","activate_custom_margin":false,"margin_top_desktop":"0","margin_top_tablet":"0","margin_top_mobile":"0","margin_bottom_desktop":"0","margin_bottom_tablet":"0","margin_bottom_mobile":"0","disable_on":[],"content_alignment_desktop":"left","content_alignment_tablet":"left","content_alignment_mobile":"left"},"height":"160"}},{"acf_fc_layout":"simple_content","_acfe_flexible_toggle":"","content_full_width_landing":{"module_options":{"":null,"module_id":"n68ad7d1836288","module_class":"","module_background_type":"image","module_background_color":"","module_background_image":"https:\/\/natussensory.com\/wp-content\/uploads\/Homepage-banner.jpg","module_background_video":"","activate_custom_padding":true,"padding_top_desktop":"40","padding_top_tablet":"0","padding_top_mobile":"0","padding_bottom_desktop":"0","padding_bottom_tablet":"0","padding_bottom_mobile":"0","activate_custom_margin":false,"margin_top_desktop":"","margin_top_tablet":"","margin_top_mobile":"","margin_bottom_desktop":"","margin_bottom_tablet":"","margin_bottom_mobile":"","disable_on":[],"content_alignment_desktop":"left","content_alignment_tablet":"left","content_alignment_mobile":"left"},"activate_custom_container_width":false,"container_width":"","content":"<p>&nbsp;<\/p>\n<h2><\/h2>\n<h1 style=\"text-align: center;\">Asistencia al cliente<\/h1>\n<p>&nbsp;<\/p>\n<p>&nbsp;<\/p>\n"}},{"acf_fc_layout":"hero","_acfe_flexible_toggle":"","text_block_with_quick_navs":{"module_options":{"":null,"module_id":"n6514b734bbd5d","module_class":"","module_background_type":"color","module_background_color":"","module_background_image":false,"module_background_video":"","activate_custom_padding":false,"padding_top_desktop":0,"padding_top_tablet":"","padding_top_mobile":"","padding_bottom_desktop":"","padding_bottom_tablet":"","padding_bottom_mobile":"","activate_custom_margin":false,"margin_top_desktop":"","margin_top_tablet":"","margin_top_mobile":"","margin_bottom_desktop":"","margin_bottom_tablet":"","margin_bottom_mobile":"","disable_on":[],"content_alignment_desktop":"left","content_alignment_tablet":"left","content_alignment_mobile":"left"},"text_block":"<p>En Natus Sensory, sabemos que para nuestros clientes el funcionamiento de nuestro servicio de atenci\u00f3n al cliente es tan importante como el funcionamiento de nuestros productos. Por eso estamos a disposici\u00f3n de nuestros apreciados clientes para servirles. Si est\u00e1 interesado en obtener una oferta u obtener informaci\u00f3n adicional sobre nuestros productos, podemos ayudarle. Ll\u00e1menos, utilice este formulario en l\u00ednea o env\u00edenos un mensaje de correo electr\u00f3nico, un fax o una carta a la informaci\u00f3n de contacto incluida a continuaci\u00f3n. Estamos deseando poder ayudarle.<\/p>\n","quick_nav_links":[{"link":null},{"link":null}]}},{"acf_fc_layout":"accordions_4_columns","_acfe_flexible_layout_title":"Contact numbers 3 Columns","_acfe_flexible_toggle":"","accordions_4_columns_locations":{"module_options":{"":null,"module_id":"n6548a18353e62","module_class":"","module_background_type":"color","module_background_color":"","module_background_image":false,"module_background_video":"","activate_custom_padding":false,"padding_top_desktop":0,"padding_top_tablet":"","padding_top_mobile":"","padding_bottom_desktop":"","padding_bottom_tablet":"","padding_bottom_mobile":"","activate_custom_margin":false,"margin_top_desktop":"","margin_top_tablet":"","margin_top_mobile":"","margin_bottom_desktop":"","margin_bottom_tablet":"","margin_bottom_mobile":"","disable_on":[],"content_alignment_desktop":"left","content_alignment_tablet":"left","content_alignment_mobile":"left"},"intro_title":"Customer Service Contact Information","intro_title_color":"","intro_description":"","accordions":[{"accordion_title":"General","accordion_rows":[{"accordion_row_title":"Customer Training","accordion_row":[{"title":"","description":"<p>Tel: 800-356-0007 (US)<br \/>\ne-mail:\u00a0<a href=\"mailto:DL-madison.training@natus.com\" data-extlink=\"\">DL-madison.training@natus.com<\/a><\/p>\n"}]},{"accordion_row_title":"Service Contracts","accordion_row":[{"title":"","description":"<p>Tel: 800-356-0007 (US)<br \/>\ne-mail:\u00a0<a href=\"mailto:DL-madison.servicecontracts@natus.com\" data-extlink=\"\">DL-madison.servicecontracts@natus.com<\/a><\/p>\n"}]}]},{"accordion_title":"Region","accordion_rows":[{"accordion_row_title":"United States","accordion_row":[{"title":"","description":"<p>Tel: +1 608-829-8500<br \/>\nToll Free: 1-855-283-7978<br \/>\nEmail: <a href=\"mailto:customer.service@natus.com\">customer.service@natus.com<\/a><\/p>\n"}]},{"accordion_row_title":"Canada","accordion_row":[{"title":"","description":"<p>Tel: 1-514-856-9212<br \/>\nToll Free: 1-800-363-0793<br \/>\nEmail: <a href=\"mailto:otoinfo.ca@natus.com\">otoinfo.ca@natus.com<\/a><\/p>\n"}]},{"accordion_row_title":"Germany","accordion_row":[{"title":"","description":"<p>Tel: +49 251 203 983-0<br \/>\nFax: +49 251 203 983-999<\/p>\n<p>Email: <a href=\"mailto:hbinfo.de@natus.com\">hbinfo.de@natus.com<\/a><\/p>\n"}]},{"accordion_row_title":"France","accordion_row":[{"title":"","description":"<p>Tel: +33 1 60 13 76 66<br \/>\nFax: +33 1 60 13 76 67<\/p>\n<p>Email: <a href=\"mailto:hbinfo.fr@natus.com\">hbinfo.fr@natus.com<\/a><\/p>\n"}]},{"accordion_row_title":"UK & Ireland","accordion_row":[{"title":"","description":"<p>Tel: (UK) +44 1280 730 755<br \/>\nTel: (Ireland) +353 16 950 673<\/p>\n<p>Email: <a href=\"mailto:hearingbalanceinfo.uk@natus.com\">hearingbalanceinfo.uk@natus.com<\/a><\/p>\n"}]},{"accordion_row_title":"Italy","accordion_row":[{"title":"","description":"<p>Tel: +39 049 89 11 110<br \/>\nFax: +39 049 89 11 316<\/p>\n<p>Email: <a href=\"mailto:infoitalia@natus.com\">infoitalia@natus.com<\/a><\/p>\n"}]},{"accordion_row_title":"Spain","accordion_row":[{"title":"","description":"<p>Tel: +34 914 282 233<\/p>\n<p>Email: <a href=\"mailto:hbpedidos.es@natus.com\">hbpedidos.es@natus.com<\/a><\/p>\n"}]},{"accordion_row_title":"Australia & New Zealand","accordion_row":[{"title":"","description":"<p>Tel: (AUS) 1800 290 772<br \/>\nTel: (NZ) 0800 628 876<\/p>\n<p>Email: <a href=\"mailto:orders.anz@natus.com\">orders.anz@natus.com<\/a><\/p>\n"}]},{"accordion_row_title":"Nordics","accordion_row":[{"title":"","description":"<p>Tel: +45 32 74 11 73<\/p>\n<p>Email: <a href=\"mailto:cservice_int@natus.com\">cservice_int@natus.com<\/a><\/p>\n"}]},{"accordion_row_title":"BeNeLux","accordion_row":[{"title":"","description":"<p>Tel: +31 85 7826 478<\/p>\n<p>Email: <a href=\"mailto:otoinfo.nl@natus.com\">otoinfo.nl@natus.com<\/a><\/p>\n"}]},{"accordion_row_title":"China","accordion_row":[{"title":"","description":"<p>Tel: +86 21 61952178<\/p>\n<p>Email: <a href=\"mailto:cservice_cn@natus.com\">cservice_cn@natus.com<\/a><\/p>\n"}]},{"accordion_row_title":"Rest of World","accordion_row":[{"title":"","description":"<p>We maintain a network of representative distribution companies in countries throughout the world. For Sensory sales, service or support please contact your <a href=\"https:\/\/natussensory.com\/locations\/\">local distributor. <\/a><\/p>\n"}]}]}]}},{"acf_fc_layout":"product_manuals_eifus","_acfe_flexible_layout_title":"Technical Service","_acfe_flexible_toggle":"","left_image_right_content_single_cta_landing":{"module_options":{"":null,"module_id":"n6514b734cfb2f","module_class":"","module_background_type":"color","module_background_color":"","module_background_image":false,"module_background_video":"","activate_custom_padding":false,"padding_top_desktop":"0","padding_top_tablet":"0","padding_top_mobile":"0","padding_bottom_desktop":"0","padding_bottom_tablet":"0","padding_bottom_mobile":"0","activate_custom_margin":false,"margin_top_desktop":"0","margin_top_tablet":"0","margin_top_mobile":"0","margin_bottom_desktop":"0","margin_bottom_tablet":"0","margin_bottom_mobile":"0","disable_on":[],"content_alignment_desktop":"left","content_alignment_tablet":"left","content_alignment_mobile":"left"},"image":{"ID":5444,"id":5444,"title":"Technical Service-800x450","filename":"Technical-Service-800x450-1.jpg","filesize":265319,"url":"https:\/\/natussensory.com\/wp-content\/uploads\/Technical-Service-800x450-1.jpg","link":"https:\/\/natussensory.com\/es\/soporte\/asistencia-cliente\/technical-service-800x450-2\/","alt":"Customer service representative","author":"4","description":"","caption":"","name":"technical-service-800x450-2","status":"inherit","uploaded_to":11781,"date":"2023-09-19 20:55:53","modified":"2024-07-26 17:06:35","menu_order":0,"mime_type":"image\/jpeg","type":"image","subtype":"jpeg","icon":"https:\/\/natussensory.com\/wp-includes\/images\/media\/default.png","width":800,"height":450,"sizes":{"thumbnail":"https:\/\/natussensory.com\/wp-content\/uploads\/Technical-Service-800x450-1.jpg","thumbnail-width":128,"thumbnail-height":72,"medium":"https:\/\/natussensory.com\/wp-content\/uploads\/Technical-Service-800x450-1.jpg","medium-width":800,"medium-height":450,"medium_large":"https:\/\/natussensory.com\/wp-content\/uploads\/Technical-Service-800x450-1-768x432.jpg","medium_large-width":768,"medium_large-height":432,"large":"https:\/\/natussensory.com\/wp-content\/uploads\/Technical-Service-800x450-1.jpg","large-width":800,"large-height":450,"1536x1536":"https:\/\/natussensory.com\/wp-content\/uploads\/Technical-Service-800x450-1.jpg","1536x1536-width":800,"1536x1536-height":450,"2048x2048":"https:\/\/natussensory.com\/wp-content\/uploads\/Technical-Service-800x450-1.jpg","2048x2048-width":800,"2048x2048-height":450}},"label":"SERVICIO T\u00c9CNICO","title":"\u00bfNecesita ayuda del servicio t\u00e9cnico? ","description":"<p>Para obtener ayuda con la reparaci\u00f3n de equipos, el mantenimiento, las calibraciones y la asistencia t\u00e9cnica para su producto Natus, p\u00f3ngase en contacto con nuestro equipo de servicio t\u00e9cnico.<\/p>\n","link":{"type":"post","value":"11791","url":"https:\/\/natussensory.com\/es\/soporte\/servicio-tecnico\/","name":"Servicio t\u00e9cnico","title":"Contactar Con El Servicio T\u00e9cnico ","target":""}}},{"acf_fc_layout":"product_manuals_eifus","_acfe_flexible_toggle":"","left_image_right_content_single_cta_landing":{"module_options":{"":null,"module_id":"n6514b734d708e","module_class":"","module_background_type":"color","module_background_color":"","module_background_image":false,"module_background_video":"","activate_custom_padding":false,"padding_top_desktop":0,"padding_top_tablet":"","padding_top_mobile":"","padding_bottom_desktop":"","padding_bottom_tablet":"","padding_bottom_mobile":"","activate_custom_margin":false,"margin_top_desktop":"","margin_top_tablet":"","margin_top_mobile":"","margin_bottom_desktop":"","margin_bottom_tablet":"","margin_bottom_mobile":"","disable_on":[],"content_alignment_desktop":"left","content_alignment_tablet":"left","content_alignment_mobile":"left"},"image":{"ID":4339,"id":4339,"title":"Doctor on a tablet 800x450","filename":"Doctor-on-a-tablet-800x450-1.png","filesize":433489,"url":"https:\/\/natussensory.com\/wp-content\/uploads\/Doctor-on-a-tablet-800x450-1.png","link":"https:\/\/natussensory.com\/es\/soporte\/doctor-on-a-tablet-800x450-2\/","alt":"Doctor on a tablet","author":"4","description":"","caption":"","name":"doctor-on-a-tablet-800x450-2","status":"inherit","uploaded_to":8369,"date":"2023-09-14 19:11:09","modified":"2024-07-29 20:27:08","menu_order":0,"mime_type":"image\/png","type":"image","subtype":"png","icon":"https:\/\/natussensory.com\/wp-includes\/images\/media\/default.png","width":800,"height":450,"sizes":{"thumbnail":"https:\/\/natussensory.com\/wp-content\/uploads\/Doctor-on-a-tablet-800x450-1.png","thumbnail-width":128,"thumbnail-height":72,"medium":"https:\/\/natussensory.com\/wp-content\/uploads\/Doctor-on-a-tablet-800x450-1.png","medium-width":800,"medium-height":450,"medium_large":"https:\/\/natussensory.com\/wp-content\/uploads\/Doctor-on-a-tablet-800x450-1-768x432.png","medium_large-width":768,"medium_large-height":432,"large":"https:\/\/natussensory.com\/wp-content\/uploads\/Doctor-on-a-tablet-800x450-1.png","large-width":800,"large-height":450,"1536x1536":"https:\/\/natussensory.com\/wp-content\/uploads\/Doctor-on-a-tablet-800x450-1.png","1536x1536-width":800,"1536x1536-height":450,"2048x2048":"https:\/\/natussensory.com\/wp-content\/uploads\/Doctor-on-a-tablet-800x450-1.png","2048x2048-width":800,"2048x2048-height":450}},"label":"DESCARGAS","title":"Centro de Informaci\u00f3n Sobre Productos","description":"<p>\u00bfBusca manuales de productos o instrucciones de uso electr\u00f3nicas para su producto Natus? Acceda a nuestro Centro de informaci\u00f3n sobre productos.<\/p>\n<p>&nbsp;<\/p>\n<p>&nbsp;<\/p>\n<p><a href=\"https:\/\/natus.bynder.com\/web\/6b2b59adbe92f133\/archived-product-manuals-\/\">Para consultar las revisiones anteriores de las instrucciones de uso electr\u00f3nicas (eIFU) de los productos, haga clic aqu\u00ed. <\/a><\/p>\n","link":{"type":"url","value":"https:\/\/natus.bynder.com\/web\/3109238f80bad185\/product-knowledge-center\/","url":"https:\/\/natus.bynder.com\/web\/3109238f80bad185\/product-knowledge-center\/","name":"https:\/\/natus.bynder.com\/web\/3109238f80bad185\/product-knowledge-center\/","title":"Acceso","target":"_blank"}}},{"acf_fc_layout":"contact_form","_acfe_flexible_toggle":"","contact_form_landing":{"module_options":{"":null,"module_id":"n6514b734e78d5","module_class":"","module_background_type":"color","module_background_color":"","module_background_image":false,"module_background_video":"","activate_custom_padding":false,"padding_top_desktop":0,"padding_top_tablet":"","padding_top_mobile":"","padding_bottom_desktop":"","padding_bottom_tablet":"","padding_bottom_mobile":"","activate_custom_margin":false,"margin_top_desktop":"","margin_top_tablet":"","margin_top_mobile":"","margin_bottom_desktop":"","margin_bottom_tablet":"","margin_bottom_mobile":"","disable_on":[],"content_alignment_desktop":"left","content_alignment_tablet":"left","content_alignment_mobile":"left"},"":null,"activate_intro":true,"intro_text":"Contacto con el Servicio de atenci\u00f3n al cliente ","intro_text_color":"","intro_link":null,"activate_description":true,"description_title":"Contacto","description_copy":"\u00bfPrefiere enviarnos un correo electr\u00f3nico? Rellene el siguiente formulario y un representante de Natus se pondr\u00e1 en contacto con usted. ","embed_code":"<script charset=\"utf-8\" type=\"text\/javascript\" src=\"\/\/js.hsforms.net\/forms\/embed\/v2.js\"><\/script>\r\n<script>\r\n  hbspt.forms.create({\r\n    region: \"na1\",\r\n    portalId: \"3002890\",\r\n    formId: \"17268224-3544-48cd-8abe-63a5e0d3afcd\"\r\n  });\r\n<\/script>"}}],"activate_custom_page_js":false},"_links":{"self":[{"href":"https:\/\/natussensory.com\/es\/wp-json\/wp\/v2\/pages\/11781","targetHints":{"allow":["GET"]}}],"collection":[{"href":"https:\/\/natussensory.com\/es\/wp-json\/wp\/v2\/pages"}],"about":[{"href":"https:\/\/natussensory.com\/es\/wp-json\/wp\/v2\/types\/page"}],"author":[{"embeddable":true,"href":"https:\/\/natussensory.com\/es\/wp-json\/wp\/v2\/users\/1"}],"replies":[{"embeddable":true,"href":"https:\/\/natussensory.com\/es\/wp-json\/wp\/v2\/comments?post=11781"}],"version-history":[{"count":11,"href":"https:\/\/natussensory.com\/es\/wp-json\/wp\/v2\/pages\/11781\/revisions"}],"predecessor-version":[{"id":27114,"href":"https:\/\/natussensory.com\/es\/wp-json\/wp\/v2\/pages\/11781\/revisions\/27114"}],"up":[{"embeddable":true,"href":"https:\/\/natussensory.com\/es\/wp-json\/wp\/v2\/pages\/8369"}],"wp:attachment":[{"href":"https:\/\/natussensory.com\/es\/wp-json\/wp\/v2\/media?parent=11781"}],"wp:term":[{"taxonomy":"category","embeddable":true,"href":"https:\/\/natussensory.com\/es\/wp-json\/wp\/v2\/categories?post=11781"},{"taxonomy":"post_tag","embeddable":true,"href":"https:\/\/natussensory.com\/es\/wp-json\/wp\/v2\/tags?post=11781"}],"curies":[{"name":"wp","href":"https:\/\/api.w.org\/{rel}","templated":true}]}}