{"id":11304,"date":"2023-08-17T19:14:13","date_gmt":"2023-08-17T19:14:13","guid":{"rendered":"https:\/\/natussensory.com\/education\/"},"modified":"2025-09-24T09:38:38","modified_gmt":"2025-09-24T09:38:38","slug":"educacion","status":"publish","type":"page","link":"https:\/\/natussensory.com\/es\/educacion\/","title":{"rendered":"Educaci\u00f3n"},"content":{"rendered":"","protected":false},"excerpt":{"rendered":"","protected":false},"author":1,"featured_media":0,"parent":0,"menu_order":0,"comment_status":"closed","ping_status":"closed","template":"","meta":{"_acf_changed":false,"inline_featured_image":false,"footnotes":""},"categories":[],"tags":[],"class_list":["post-11304","page","type-page","status-publish","hentry"],"acf":{"content_blocks":[{"acf_fc_layout":"spacer","_acfe_flexible_toggle":"","spacer":{"module_options":{"":null,"module_id":"n6514d1d199838","module_class":"","module_background_type":"color","module_background_color":"#473089","module_background_image":false,"module_background_video":"","activate_custom_padding":false,"padding_top_desktop":0,"padding_top_tablet":"","padding_top_mobile":"","padding_bottom_desktop":"","padding_bottom_tablet":"","padding_bottom_mobile":"","activate_custom_margin":false,"margin_top_desktop":"","margin_top_tablet":"","margin_top_mobile":"","margin_bottom_desktop":"","margin_bottom_tablet":"","margin_bottom_mobile":"","disable_on":[],"content_alignment_desktop":"left","content_alignment_tablet":"left","content_alignment_mobile":"left"},"height":"160"}},{"acf_fc_layout":"simple_content","_acfe_flexible_toggle":"","content_full_width_landing":{"module_options":{"":null,"module_id":"n6514d1d1bceb1","module_class":"","module_background_type":"image","module_background_color":"","module_background_image":"https:\/\/natussensory.com\/wp-content\/uploads\/Homepage-banner.jpg","module_background_video":"","activate_custom_padding":true,"padding_top_desktop":"40","padding_top_tablet":"0","padding_top_mobile":"0","padding_bottom_desktop":"0","padding_bottom_tablet":"0","padding_bottom_mobile":"10","activate_custom_margin":false,"margin_top_desktop":"","margin_top_tablet":"","margin_top_mobile":"","margin_bottom_desktop":"","margin_bottom_tablet":"","margin_bottom_mobile":"","disable_on":[],"content_alignment_desktop":"left","content_alignment_tablet":"left","content_alignment_mobile":"left"},"activate_custom_container_width":false,"container_width":"","content":"<h2><\/h2>\n<h2><\/h2>\n<h1 style=\"text-align: center;\">Educaci\u00f3n<\/h1>\n<p>&nbsp;<\/p>\n<p>&nbsp;<\/p>\n"}},{"acf_fc_layout":"content_multiple_columns","_acfe_flexible_toggle":"","content_multiple_columns":{"module_options":{"":null,"module_id":"n6511b0fddb3e1","module_class":"","module_background_type":"color","module_background_color":"","module_background_image":false,"module_background_video":"","activate_custom_padding":true,"padding_top_desktop":"0","padding_top_tablet":"0","padding_top_mobile":"0","padding_bottom_desktop":"0","padding_bottom_tablet":"0","padding_bottom_mobile":"0","activate_custom_margin":false,"margin_top_desktop":"","margin_top_tablet":"","margin_top_mobile":"","margin_bottom_desktop":"","margin_bottom_tablet":"","margin_bottom_mobile":"","disable_on":[],"content_alignment_desktop":"left","content_alignment_tablet":"left","content_alignment_mobile":"left"},"columns_per_rows_desktop":"3","columns_per_rows_tablet":"3","columns_per_rows_mobile":"1","columns":[{"column_background":"","column_size":"one-third","column_alignment":"align-left","activate_top_right_border_radius":false,"content_type":[{"acf_fc_layout":"simple_content","content":"<p><img loading=\"lazy\" decoding=\"async\" class=\"size-full wp-image-7038 alignleft\" src=\"\/wp-content\/uploads\/registered_members_icon_teal.png\" alt=\"\" width=\"100\" height=\"100\" \/><\/p>\n<p>&nbsp;<\/p>\n<p><span style=\"font-size: 22px;\"><strong>18,000+ miembros registrados<\/strong><\/span><\/p>\n"}]},{"column_background":"","column_size":"one-third","column_alignment":"align-left","activate_top_right_border_radius":false,"content_type":[{"acf_fc_layout":"simple_content","content":"<p><img loading=\"lazy\" decoding=\"async\" class=\"size-full wp-image-7033 alignleft\" src=\"\/wp-content\/uploads\/500_courses_icon_teal.png\" alt=\"\" width=\"100\" height=\"100\" \/><\/p>\n<p>&nbsp;<\/p>\n<p><span style=\"font-size: 22px;\"><strong>Oportunidades de formaci\u00f3n acreditada<\/strong><\/span><\/p>\n"}]},{"column_background":"","column_size":"one-third","column_alignment":"align-left","activate_top_right_border_radius":false,"content_type":[{"acf_fc_layout":"simple_content","content":"<p><img loading=\"lazy\" decoding=\"async\" class=\"size-full wp-image-7043 alignleft\" src=\"\/wp-content\/uploads\/product_training_icon_teal.png\" alt=\"\" width=\"100\" height=\"100\" \/><\/p>\n<p>&nbsp;<\/p>\n<p><span style=\"font-size: 22px;\"><strong>M\u00e1s de 500 cursos cl\u00ednicos y de productos<\/strong><\/span><\/p>\n"}]}]}},{"acf_fc_layout":"content_multiple_columns","_acfe_flexible_toggle":"","content_multiple_columns":{"module_options":{"":null,"module_id":"n6511b0fdddaa0","module_class":"","module_background_type":"color","module_background_color":"","module_background_image":false,"module_background_video":"","activate_custom_padding":true,"padding_top_desktop":"40","padding_top_tablet":"0","padding_top_mobile":"0","padding_bottom_desktop":"0","padding_bottom_tablet":"0","padding_bottom_mobile":"0","activate_custom_margin":false,"margin_top_desktop":"","margin_top_tablet":"","margin_top_mobile":"","margin_bottom_desktop":"","margin_bottom_tablet":"","margin_bottom_mobile":"","disable_on":[],"content_alignment_desktop":"left","content_alignment_tablet":"left","content_alignment_mobile":"left"},"columns_per_rows_desktop":"2","columns_per_rows_tablet":"1","columns_per_rows_mobile":"1","columns":[{"column_background":"#f1f1f1","column_size":"one-third","column_alignment":"align-left","activate_top_right_border_radius":false,"content_type":[{"acf_fc_layout":"simple_content","content":"<h4>Proporcionar conocimiento experto, experiencia cl\u00ednica y educaci\u00f3n avanzada, sea cual sea su funci\u00f3n, donde sea que trabaje.<\/h4>\n<p>Basado en nuestro fuerte compromiso con la formaci\u00f3n continua, la oferta de Natus Academy est\u00e1 dise\u00f1ada espec\u00edficamente para brindar acceso exclusivo sus miembros a los \u00faltimos avances cient\u00edficos en el campo. Esta exclusiva comunidad interactiva ayuda a sus miembros a explorar las \u00faltimas tendencias, ofrece recursos educativos en l\u00ednea y capacitaci\u00f3n\/formaci\u00f3n detallada sobre productos.<\/p>\n<p>Ofrecemos cursos de capacitaci\u00f3n\/formaci\u00f3n pr\u00e1cticas, dirigidas por expertos de la industria. Descubra todo el potencial que cada producto tiene para ofrecer.<\/p>\n"}]},{"column_background":"#d4e9f9","column_size":"one-third","column_alignment":"align-left","activate_top_right_border_radius":true,"content_type":[{"acf_fc_layout":"simple_content","content":"<p>&nbsp;<\/p>\n<h5><strong>Nuestra misi\u00f3n: <\/strong> Crear, presentar y difundir conocimiento cl\u00ednico y experiencia en productos para educar a nuestros clientes y empoderarlos para mejorar y avanzar a\u00fan m\u00e1s en la atenci\u00f3n al paciente y el flujo de trabajo cl\u00ednico.<\/h5>\n"}]}]}},{"acf_fc_layout":"simple_content","_acfe_flexible_toggle":"","content_full_width_landing":{"module_options":{"":null,"module_id":"n651464d5779e5","module_class":"","module_background_type":"color","module_background_color":"","module_background_image":false,"module_background_video":"","activate_custom_padding":false,"padding_top_desktop":0,"padding_top_tablet":"","padding_top_mobile":"","padding_bottom_desktop":"","padding_bottom_tablet":"","padding_bottom_mobile":"","activate_custom_margin":false,"margin_top_desktop":"","margin_top_tablet":"","margin_top_mobile":"","margin_bottom_desktop":"","margin_bottom_tablet":"","margin_bottom_mobile":"","disable_on":[],"content_alignment_desktop":"left","content_alignment_tablet":"left","content_alignment_mobile":"left"},"activate_custom_container_width":false,"container_width":"","content":"<p><img loading=\"lazy\" decoding=\"async\" class=\" wp-image-7141 alignleft\" src=\"https:\/\/natussensory.com\/wp-content\/uploads\/hba-logo.png\" alt=\"\" width=\"456\" height=\"228\" \/>La Academia de Audici\u00f3n y Equilibrio explora los \u00faltimos avances tecnol\u00f3gicos y cient\u00edficos en evaluaci\u00f3n y detecci\u00f3n auditiva, adaptaci\u00f3n de aud\u00edfonos y evaluaci\u00f3n del equilibrio.<\/p>\n<p>&nbsp;<\/p>\n<p>La membres\u00eda es GRATUITA e incluye acceso a seminarios electr\u00f3nicos en vivo, oportunidades de aprendizaje on-demand y recursos expertos de Lideres de Opini\u00f3n.<\/p>\n<p><span style=\"font-size: 18px;\"><a href=\"https:\/\/hearing-balance.academy\/\" target=\"_blank\" rel=\"noopener\"><strong>Visite la Academia de Audicion &amp; Balance<\/strong><\/a><\/span><\/p>\n<p>&nbsp;<\/p>\n<p>&nbsp;<\/p>\n<p>&nbsp;<\/p>\n<p>&nbsp;<\/p>\n<p><img loading=\"lazy\" decoding=\"async\" class=\"size-full wp-image-7136 alignleft\" src=\"https:\/\/natussensory.com\/wp-content\/uploads\/nca-logo.png\" alt=\"\" width=\"456\" height=\"228\" \/><\/p>\n<p>La Academia de Cuidado Neonatal es nuestro programa educativo para neonatolog\u00eda y atenci\u00f3n neonatal, dise\u00f1ado para ayudar a los m\u00e9dicos y profesionales a mantenerse a la vanguardia de su profesi\u00f3n.<\/p>\n<p>&nbsp;<\/p>\n<p>La membres\u00eda es GRATUITA para todos e incluye programas de formaci\u00f3n en l\u00ednea acreditados dirigidos por profesores l\u00edderes de opini\u00f3n, eventos regulares de seminarios electr\u00f3nicos y programas de capacitaci\u00f3n on-demand.<\/p>\n<p><a href=\"https:\/\/neonatalcareacademy.com\/\" target=\"_blank\" rel=\"noopener\"><span style=\"font-size: 18px;\"><strong>Visite la Academia de Cuidado Neonatal<\/strong><\/span><\/a><\/p>\n<p>&nbsp;<\/p>\n<p>&nbsp;<\/p>\n<p>&nbsp;<\/p>\n<p><img loading=\"lazy\" decoding=\"async\" class=\"size-full wp-image-7151 alignleft\" src=\"https:\/\/natussensory.com\/wp-content\/uploads\/vca-logo.png\" alt=\"\" width=\"456\" height=\"228\" \/><\/p>\n<p>La VCA es nuestra plataforma de formaci\u00f3n para profesionales de im\u00e1genes neonatales y pedi\u00e1tricas de todo el mundo, para ayudarlos a mantenerse a la vanguardia en este campo. La membres\u00eda es GRATUITA y brinda acceso a cursos certificados de estilo modular, descargas cl\u00ednicas y programas de seminarios electr\u00f3nicos.<\/p>\n<p>&nbsp;<\/p>\n<p>Adem\u00e1s, hay un \u00e1rea exclusiva dedicada para que los usuarios de RetCam accedan a programas detallados dirigidos por L\u00edderes de opini\u00f3n y programas de capacitaci\u00f3n on- demand.<\/p>\n<p><a href=\"https:\/\/vision-care.academy\/\" target=\"_blank\" rel=\"noopener\"><span style=\"font-size: 18px;\"><strong>Visite la Academia de Cuidados de la Vision<\/strong><\/span><\/a><\/p>\n<p>&nbsp;<\/p>\n<p>&nbsp;<\/p>\n<p>&nbsp;<\/p>\n"}}]},"_links":{"self":[{"href":"https:\/\/natussensory.com\/es\/wp-json\/wp\/v2\/pages\/11304","targetHints":{"allow":["GET"]}}],"collection":[{"href":"https:\/\/natussensory.com\/es\/wp-json\/wp\/v2\/pages"}],"about":[{"href":"https:\/\/natussensory.com\/es\/wp-json\/wp\/v2\/types\/page"}],"author":[{"embeddable":true,"href":"https:\/\/natussensory.com\/es\/wp-json\/wp\/v2\/users\/1"}],"replies":[{"embeddable":true,"href":"https:\/\/natussensory.com\/es\/wp-json\/wp\/v2\/comments?post=11304"}],"version-history":[{"count":8,"href":"https:\/\/natussensory.com\/es\/wp-json\/wp\/v2\/pages\/11304\/revisions"}],"predecessor-version":[{"id":27197,"href":"https:\/\/natussensory.com\/es\/wp-json\/wp\/v2\/pages\/11304\/revisions\/27197"}],"wp:attachment":[{"href":"https:\/\/natussensory.com\/es\/wp-json\/wp\/v2\/media?parent=11304"}],"wp:term":[{"taxonomy":"category","embeddable":true,"href":"https:\/\/natussensory.com\/es\/wp-json\/wp\/v2\/categories?post=11304"},{"taxonomy":"post_tag","embeddable":true,"href":"https:\/\/natussensory.com\/es\/wp-json\/wp\/v2\/tags?post=11304"}],"curies":[{"name":"wp","href":"https:\/\/api.w.org\/{rel}","templated":true}]}}