{"id":11270,"date":"2023-05-22T10:39:02","date_gmt":"2023-05-22T10:39:02","guid":{"rendered":"https:\/\/natussensory.com\/careers\/"},"modified":"2025-09-18T12:50:38","modified_gmt":"2025-09-18T12:50:38","slug":"carreras","status":"publish","type":"page","link":"https:\/\/natussensory.com\/es\/carreras\/","title":{"rendered":"Carreras"},"content":{"rendered":"","protected":false},"excerpt":{"rendered":"","protected":false},"author":1,"featured_media":0,"parent":0,"menu_order":0,"comment_status":"closed","ping_status":"closed","template":"","meta":{"_acf_changed":false,"inline_featured_image":false,"footnotes":""},"categories":[],"tags":[],"class_list":["post-11270","page","type-page","status-publish","hentry"],"acf":{"content_blocks":[{"acf_fc_layout":"spacer","_acfe_flexible_toggle":"","spacer":{"module_options":{"":null,"module_id":"n6514d1d199838","module_class":"","module_background_type":"color","module_background_color":"#473089","module_background_image":false,"module_background_video":"","activate_custom_padding":false,"padding_top_desktop":0,"padding_top_tablet":"","padding_top_mobile":"","padding_bottom_desktop":"","padding_bottom_tablet":"","padding_bottom_mobile":"","activate_custom_margin":false,"margin_top_desktop":"","margin_top_tablet":"","margin_top_mobile":"","margin_bottom_desktop":"","margin_bottom_tablet":"","margin_bottom_mobile":"","disable_on":[],"content_alignment_desktop":"left","content_alignment_tablet":"left","content_alignment_mobile":"left"},"height":"160"}},{"acf_fc_layout":"simple_content","_acfe_flexible_toggle":"","content_full_width_landing":{"module_options":{"":null,"module_id":"n6514d1d1bceb1","module_class":"","module_background_type":"image","module_background_color":"","module_background_image":"https:\/\/natussensory.com\/wp-content\/uploads\/Homepage-banner.jpg","module_background_video":"","activate_custom_padding":true,"padding_top_desktop":"40","padding_top_tablet":"0","padding_top_mobile":"0","padding_bottom_desktop":"0","padding_bottom_tablet":"0","padding_bottom_mobile":"10","activate_custom_margin":false,"margin_top_desktop":"","margin_top_tablet":"","margin_top_mobile":"","margin_bottom_desktop":"","margin_bottom_tablet":"","margin_bottom_mobile":"","disable_on":[],"content_alignment_desktop":"left","content_alignment_tablet":"left","content_alignment_mobile":"left"},"activate_custom_container_width":false,"container_width":"","content":"<p>&nbsp;<\/p>\n<p>&nbsp;<\/p>\n<h1 style=\"text-align: center;\">Carreras<\/h1>\n<p>&nbsp;<\/p>\n<p>&nbsp;<\/p>\n"}},{"acf_fc_layout":"simple_content","_acfe_flexible_toggle":"","content_full_width_landing":{"module_options":{"":null,"module_id":"n651464117b026","module_class":"","module_background_type":"color","module_background_color":"","module_background_image":false,"module_background_video":"","activate_custom_padding":true,"padding_top_desktop":"5","padding_top_tablet":"5","padding_top_mobile":"5","padding_bottom_desktop":"0","padding_bottom_tablet":"0","padding_bottom_mobile":"0","activate_custom_margin":false,"margin_top_desktop":"","margin_top_tablet":"","margin_top_mobile":"","margin_bottom_desktop":"","margin_bottom_tablet":"","margin_bottom_mobile":"","disable_on":[],"content_alignment_desktop":"left","content_alignment_tablet":"left","content_alignment_mobile":"left"},"activate_custom_container_width":false,"container_width":"","content":"<p>&nbsp;<\/p>\n<p class=\"text-align-center\" style=\"text-align: center;\"><span style=\"font-size: 36px;\">\u00bfQuieres trabajar con nosotros?<\/span><\/p>\n<h5 style=\"text-align: center;\">Ofrecemos salarios competitivos, compa\u00f1eros amables y la oportunidad de ascender internamente<\/h5>\n"}},{"acf_fc_layout":"left_image_right_content_single_cta","_acfe_flexible_toggle":"","left_image_right_content_single_cta_landing":{"module_options":{"":null,"module_id":"n68a467a537314","module_class":"","module_background_type":"color","module_background_color":"","module_background_image":false,"module_background_video":"","activate_custom_padding":false,"padding_top_desktop":0,"padding_top_tablet":"","padding_top_mobile":"","padding_bottom_desktop":"","padding_bottom_tablet":"","padding_bottom_mobile":"","activate_custom_margin":false,"margin_top_desktop":"","margin_top_tablet":"","margin_top_mobile":"","margin_bottom_desktop":"","margin_bottom_tablet":"","margin_bottom_mobile":"","disable_on":[],"content_alignment_desktop":"left","content_alignment_tablet":"left","content_alignment_mobile":"left"},"image":{"ID":24956,"id":24956,"title":"About-us_spot","filename":"About-us_spot.jpg","filesize":194870,"url":"https:\/\/natussensory.com\/wp-content\/uploads\/About-us_spot.jpg","link":"https:\/\/natussensory.com\/es\/quienes-somos\/about-us_spot-2\/","alt":"","author":"4","description":"","caption":"","name":"about-us_spot-2","status":"inherit","uploaded_to":11252,"date":"2025-06-27 14:16:12","modified":"2025-06-27 14:16:12","menu_order":0,"mime_type":"image\/jpeg","type":"image","subtype":"jpeg","icon":"https:\/\/natussensory.com\/wp-includes\/images\/media\/default.png","width":800,"height":450,"sizes":{"thumbnail":"https:\/\/natussensory.com\/wp-content\/uploads\/About-us_spot.jpg","thumbnail-width":128,"thumbnail-height":72,"medium":"https:\/\/natussensory.com\/wp-content\/uploads\/About-us_spot.jpg","medium-width":800,"medium-height":450,"medium_large":"https:\/\/natussensory.com\/wp-content\/uploads\/About-us_spot-768x432.jpg","medium_large-width":768,"medium_large-height":432,"large":"https:\/\/natussensory.com\/wp-content\/uploads\/About-us_spot.jpg","large-width":800,"large-height":450,"1536x1536":"https:\/\/natussensory.com\/wp-content\/uploads\/About-us_spot.jpg","1536x1536-width":800,"1536x1536-height":450,"2048x2048":"https:\/\/natussensory.com\/wp-content\/uploads\/About-us_spot.jpg","2048x2048-width":800,"2048x2048-height":450}},"label":"","title":"Carreras que cambian la vida, construidas sobre la pasi\u00f3n y la innovaci\u00f3n","description":"<p>Las personas de Natus Sensory comparten una misi\u00f3n: avanzar en la atenci\u00f3n al paciente. Natus Sensory es un lugar donde personas de todos los \u00e1mbitos combinan sus habilidades para ayudar a mejorar la calidad de vida de los pacientes de todo el mundo. Somos una organizaci\u00f3n que adopta un enfoque integral: equipos, apoyo y educaci\u00f3n. Estamos comprometidos con la calidad, tanto en nuestros productos como en nuestra gente. Por eso siempre estamos buscando nuevos talentos para unirse a nuestro equipo. Si te apasiona ayudar a las personas, \u00a1Podr\u00edas ser nuestro nuevo compa\u00f1ero de equipo!<\/p>\n","link":{"type":"url","value":"https:\/\/jobs.dayforcehcm.com\/es-MX\/natus\/CANDIDATEPORTALSENSORY","url":"https:\/\/jobs.dayforcehcm.com\/es-MX\/natus\/CANDIDATEPORTALSENSORY","name":"https:\/\/jobs.dayforcehcm.com\/es-MX\/natus\/CANDIDATEPORTALSENSORY","title":"ESTOY INTERESADO","target":"_blank"}}},{"acf_fc_layout":"content_multiple_columns","_acfe_flexible_toggle":"","content_multiple_columns":{"module_options":{"":null,"module_id":"n6511b6c112eda","module_class":"","module_background_type":"color","module_background_color":"","module_background_image":false,"module_background_video":"","activate_custom_padding":true,"padding_top_desktop":"0","padding_top_tablet":"0","padding_top_mobile":"0","padding_bottom_desktop":"0","padding_bottom_tablet":"0","padding_bottom_mobile":"0","activate_custom_margin":false,"margin_top_desktop":"","margin_top_tablet":"","margin_top_mobile":"","margin_bottom_desktop":"","margin_bottom_tablet":"","margin_bottom_mobile":"","disable_on":[],"content_alignment_desktop":"left","content_alignment_tablet":"left","content_alignment_mobile":"left"},"columns_per_rows_desktop":"3","columns_per_rows_tablet":"1","columns_per_rows_mobile":"1","columns":[{"column_background":"#f1f1f1","column_size":"one-third","column_alignment":"align-left","activate_top_right_border_radius":false,"content_type":[{"acf_fc_layout":"simple_content","content":"<p><img loading=\"lazy\" decoding=\"async\" class=\"size-full wp-image-6599 alignleft\" src=\"\/wp-content\/uploads\/Global.png\" alt=\"\" width=\"150\" height=\"150\" \/><\/p>\n<p class=\"text-align-center\" style=\"text-align: left;\"><span style=\"font-size: 24px;\">Piensa globalmente<\/span><\/p>\n<p class=\"text-align-center\" style=\"text-align: left;\">Atendemos a pacientes de todo el mundo con trabajadores ubicados en todos los continentes excepto en la Ant\u00e1rtida<\/p>\n"}]},{"column_background":"#f1f1f1","column_size":"one-third","column_alignment":"align-left","activate_top_right_border_radius":false,"content_type":[{"acf_fc_layout":"simple_content","content":"<p>&nbsp;<\/p>\n<p><img loading=\"lazy\" decoding=\"async\" class=\"size-full wp-image-6594 alignleft\" src=\"\/wp-content\/uploads\/Competitive.png\" alt=\"\" width=\"150\" height=\"150\" \/><\/p>\n<p class=\"text-align-center\" style=\"text-align: left;\"><span style=\"font-size: 24px;\"> Somos competitivos<\/span><\/p>\n<p class=\"text-align-center\" style=\"text-align: left;\">Pagamos igual o m\u00e1s que los est\u00e1ndares de la industria<\/p>\n"}]},{"column_background":"#f1f1f1","column_size":"one-third","column_alignment":"align-left","activate_top_right_border_radius":false,"content_type":[{"acf_fc_layout":"simple_content","content":"<p>&nbsp;<\/p>\n<p><img loading=\"lazy\" decoding=\"async\" class=\"size-full wp-image-6589 alignleft\" src=\"\/wp-content\/uploads\/Supporting-hands.png\" alt=\"\" width=\"150\" height=\"150\" \/><\/p>\n<p class=\"text-align-center\" style=\"text-align: left;\"><span style=\"font-size: 24px;\"> Marcamos la diferencia<\/span><\/p>\n<p class=\"text-align-center\" style=\"text-align: left;\">En la vida de los pacientes cada d\u00eda<\/p>\n"}]},{"column_background":"#f1f1f1","column_size":"one-third","column_alignment":"align-left","activate_top_right_border_radius":false,"content_type":[{"acf_fc_layout":"simple_content","content":"<p style=\"text-align: left;\"><img loading=\"lazy\" decoding=\"async\" class=\"size-full wp-image-6619 alignleft\" src=\"\/wp-content\/uploads\/Flexible-work-environment.png\" alt=\"\" width=\"150\" height=\"150\" \/><\/p>\n<p class=\"text-align-center\" style=\"text-align: left;\"><span style=\"font-size: 24px;\">Entorno de trabajo flexible<\/span><\/p>\n<p class=\"text-align-center\" style=\"text-align: left;\">Opciones remotas, h\u00edbridas y presenciales<\/p>\n"}]},{"column_background":"#f1f1f1","column_size":"one-third","column_alignment":"align-left","activate_top_right_border_radius":false,"content_type":[{"acf_fc_layout":"simple_content","content":"<p style=\"text-align: left;\"><img loading=\"lazy\" decoding=\"async\" class=\"size-full wp-image-6614 alignleft\" src=\"\/wp-content\/uploads\/Merit.png\" alt=\"\" width=\"150\" height=\"150\" \/><\/p>\n<p class=\"text-align-center\" style=\"text-align: left;\"><span style=\"font-size: 24px;\">Pago de bonificaci\u00f3n por m\u00e9ritos<\/span><\/p>\n<p class=\"text-align-center\" style=\"text-align: left;\">Es beneficioso para todos, en funci\u00f3n de los objetivos y el rendimiento<\/p>\n"}]},{"column_background":"#f1f1f1","column_size":"one-third","column_alignment":"align-left","activate_top_right_border_radius":false,"content_type":[{"acf_fc_layout":"simple_content","content":"<p style=\"text-align: left;\"><img loading=\"lazy\" decoding=\"async\" class=\"size-full wp-image-6609 alignleft\" src=\"\/wp-content\/uploads\/Chance-to-grow.png\" alt=\"\" width=\"150\" height=\"150\" \/><\/p>\n<p class=\"text-align-center\" style=\"text-align: left;\"><span style=\"font-size: 24px;\">Oportunidad de crecer<\/span><\/p>\n<p style=\"text-align: left;\">Oportunidades de promoci\u00f3n profesional desde dentro<\/p>\n"}]}]}},{"acf_fc_layout":"left_image_right_content_single_cta","_acfe_flexible_toggle":"","left_image_right_content_single_cta_landing":{"module_options":{"":null,"module_id":"n651464161fb49","module_class":"","module_background_type":"color","module_background_color":"","module_background_image":false,"module_background_video":"","activate_custom_padding":false,"padding_top_desktop":0,"padding_top_tablet":"","padding_top_mobile":"","padding_bottom_desktop":"","padding_bottom_tablet":"","padding_bottom_mobile":"","activate_custom_margin":false,"margin_top_desktop":"","margin_top_tablet":"","margin_top_mobile":"","margin_bottom_desktop":"","margin_bottom_tablet":"","margin_bottom_mobile":"","disable_on":[],"content_alignment_desktop":"left","content_alignment_tablet":"left","content_alignment_mobile":"left"},"image":{"ID":6634,"id":6634,"title":"We are Innovators","filename":"We-are-Innovators.png","filesize":598273,"url":"https:\/\/natussensory.com\/wp-content\/uploads\/We-are-Innovators.png","link":"https:\/\/natussensory.com\/es\/carreras\/we-are-innovators-2\/","alt":"Natus R&D team member hard at work","author":"4","description":"","caption":"","name":"we-are-innovators-2","status":"inherit","uploaded_to":11270,"date":"2023-09-22 19:15:43","modified":"2024-07-26 15:46:51","menu_order":0,"mime_type":"image\/png","type":"image","subtype":"png","icon":"https:\/\/natussensory.com\/wp-includes\/images\/media\/default.png","width":800,"height":450,"sizes":{"thumbnail":"https:\/\/natussensory.com\/wp-content\/uploads\/We-are-Innovators.png","thumbnail-width":128,"thumbnail-height":72,"medium":"https:\/\/natussensory.com\/wp-content\/uploads\/We-are-Innovators.png","medium-width":800,"medium-height":450,"medium_large":"https:\/\/natussensory.com\/wp-content\/uploads\/We-are-Innovators-768x432.png","medium_large-width":768,"medium_large-height":432,"large":"https:\/\/natussensory.com\/wp-content\/uploads\/We-are-Innovators.png","large-width":800,"large-height":450,"1536x1536":"https:\/\/natussensory.com\/wp-content\/uploads\/We-are-Innovators.png","1536x1536-width":800,"1536x1536-height":450,"2048x2048":"https:\/\/natussensory.com\/wp-content\/uploads\/We-are-Innovators.png","2048x2048-width":800,"2048x2048-height":450}},"label":"","title":"Somos innovadores","description":"<p>Como especialistas en nuestro campo, buscamos personas altamente cualificadas a las que les guste desafiar la norma y explorar nuevas formas de pensar (\u00a1Tenemos m\u00e1s de 150 patentes en todo el mundo!). Con el apoyo de nuestro propio programa de recompensas y los objetivos e iniciativas anuales de innovaci\u00f3n, animamos a nuestro equipo a superar los l\u00edmites de la tecnolog\u00eda y a seguir ofreciendo soluciones innovadoras a nuestros clientes, desde el concepto hasta la producci\u00f3n.<\/p>\n","link":null}},{"acf_fc_layout":"right_image_left_content_single_cta","_acfe_flexible_toggle":"","right_image_left_content_single_cta_landing":{"module_options":{"":null,"module_id":"n651464167fdd6","module_class":"","module_background_type":"color","module_background_color":"","module_background_image":false,"module_background_video":"","activate_custom_padding":false,"padding_top_desktop":0,"padding_top_tablet":"","padding_top_mobile":"","padding_bottom_desktop":"","padding_bottom_tablet":"","padding_bottom_mobile":"","activate_custom_margin":false,"margin_top_desktop":"","margin_top_tablet":"","margin_top_mobile":"","margin_bottom_desktop":"","margin_bottom_tablet":"","margin_bottom_mobile":"","disable_on":[],"content_alignment_desktop":"left","content_alignment_tablet":"left","content_alignment_mobile":"left"},"":null,"label":"","title":"Somos flexibles","description":"<p>Trabajamos de forma m\u00e1s inteligente, no m\u00e1s estricta. Al proporcionar las condiciones de trabajo adecuadas, nuestros empleados pueden prosperar. Muchos de nuestros puestos son remotos o h\u00edbridos, lo que le da la libertad que necesita y le mantiene conectado con sus colegas de todo el mundo.<\/p>\n","link":null,"image":{"ID":6639,"id":6639,"title":"We are Flexible","filename":"We-are-Flexible.png","filesize":502632,"url":"https:\/\/natussensory.com\/wp-content\/uploads\/We-are-Flexible.png","link":"https:\/\/natussensory.com\/es\/carreras\/we-are-flexible-2\/","alt":"Working from home is a benefit with many Natus careers","author":"4","description":"","caption":"","name":"we-are-flexible-2","status":"inherit","uploaded_to":11270,"date":"2023-09-22 19:19:15","modified":"2024-07-26 15:46:30","menu_order":0,"mime_type":"image\/png","type":"image","subtype":"png","icon":"https:\/\/natussensory.com\/wp-includes\/images\/media\/default.png","width":800,"height":450,"sizes":{"thumbnail":"https:\/\/natussensory.com\/wp-content\/uploads\/We-are-Flexible.png","thumbnail-width":128,"thumbnail-height":72,"medium":"https:\/\/natussensory.com\/wp-content\/uploads\/We-are-Flexible.png","medium-width":800,"medium-height":450,"medium_large":"https:\/\/natussensory.com\/wp-content\/uploads\/We-are-Flexible-768x432.png","medium_large-width":768,"medium_large-height":432,"large":"https:\/\/natussensory.com\/wp-content\/uploads\/We-are-Flexible.png","large-width":800,"large-height":450,"1536x1536":"https:\/\/natussensory.com\/wp-content\/uploads\/We-are-Flexible.png","1536x1536-width":800,"1536x1536-height":450,"2048x2048":"https:\/\/natussensory.com\/wp-content\/uploads\/We-are-Flexible.png","2048x2048-width":800,"2048x2048-height":450}}}},{"acf_fc_layout":"left_image_right_content_single_cta","_acfe_flexible_toggle":"","left_image_right_content_single_cta_landing":{"module_options":{"":null,"module_id":"n65146416de270","module_class":"","module_background_type":"color","module_background_color":"","module_background_image":false,"module_background_video":"","activate_custom_padding":true,"padding_top_desktop":"50","padding_top_tablet":"0","padding_top_mobile":"0","padding_bottom_desktop":"50","padding_bottom_tablet":"0","padding_bottom_mobile":"0","activate_custom_margin":false,"margin_top_desktop":"","margin_top_tablet":"","margin_top_mobile":"","margin_bottom_desktop":"","margin_bottom_tablet":"","margin_bottom_mobile":"","disable_on":[],"content_alignment_desktop":"left","content_alignment_tablet":"left","content_alignment_mobile":"left"},"image":{"ID":6644,"id":6644,"title":"We are Supportive","filename":"We-are-Supportive.png","filesize":638968,"url":"https:\/\/natussensory.com\/wp-content\/uploads\/We-are-Supportive.png","link":"https:\/\/natussensory.com\/es\/carreras\/we-are-supportive-2\/","alt":"Natus employees running in a race","author":"4","description":"","caption":"","name":"we-are-supportive-2","status":"inherit","uploaded_to":11270,"date":"2023-09-22 19:20:49","modified":"2024-07-26 15:46:12","menu_order":0,"mime_type":"image\/png","type":"image","subtype":"png","icon":"https:\/\/natussensory.com\/wp-includes\/images\/media\/default.png","width":800,"height":450,"sizes":{"thumbnail":"https:\/\/natussensory.com\/wp-content\/uploads\/We-are-Supportive.png","thumbnail-width":128,"thumbnail-height":72,"medium":"https:\/\/natussensory.com\/wp-content\/uploads\/We-are-Supportive.png","medium-width":800,"medium-height":450,"medium_large":"https:\/\/natussensory.com\/wp-content\/uploads\/We-are-Supportive-768x432.png","medium_large-width":768,"medium_large-height":432,"large":"https:\/\/natussensory.com\/wp-content\/uploads\/We-are-Supportive.png","large-width":800,"large-height":450,"1536x1536":"https:\/\/natussensory.com\/wp-content\/uploads\/We-are-Supportive.png","1536x1536-width":800,"1536x1536-height":450,"2048x2048":"https:\/\/natussensory.com\/wp-content\/uploads\/We-are-Supportive.png","2048x2048-width":800,"2048x2048-height":450}},"label":"","title":"Somos solidarios","description":"<p>El sentido de comunidad es importante para nosotros, tanto en la oficina como en nuestro entorno local. Nuestro equipo disfruta participando en actividades que nos hacen acelerar el ritmo card\u00edaco y nos calientan el coraz\u00f3n. Esto incluye desde caminatas y carreras hasta eventos ben\u00e9ficos.<\/p>\n","link":null}},{"acf_fc_layout":"right_image_left_content_single_cta","_acfe_flexible_toggle":"","right_image_left_content_single_cta_landing":{"module_options":{"":null,"module_id":"n6514641737d8a","module_class":"","module_background_type":"color","module_background_color":"","module_background_image":false,"module_background_video":"","activate_custom_padding":false,"padding_top_desktop":0,"padding_top_tablet":"","padding_top_mobile":"","padding_bottom_desktop":"","padding_bottom_tablet":"","padding_bottom_mobile":"","activate_custom_margin":false,"margin_top_desktop":"","margin_top_tablet":"","margin_top_mobile":"","margin_bottom_desktop":"","margin_bottom_tablet":"","margin_bottom_mobile":"","disable_on":[],"content_alignment_desktop":"left","content_alignment_tablet":"left","content_alignment_mobile":"left"},"":null,"label":"","title":"Somos comprometidos con el medio ambiente","description":"<p>&nbsp;<\/p>\n<p>Tenemos grandes planes para nuestro futuro como empresa, y la sostenibilidad es una parte importante de ellos. La forma en que llevamos a cabo nuestro negocio est\u00e1 determinada por nuestro compromiso de mantener altos est\u00e1ndares de funcionamiento, incluyendo nuestro impacto en la comunidad y el medio ambiente.<\/p>\n","link":null,"image":{"ID":6680,"id":6680,"title":"ESG Graphic new","filename":"ESG-Graphic-new-scaled.png","filesize":49406,"url":"https:\/\/natussensory.com\/wp-content\/uploads\/ESG-Graphic-new-scaled.png","link":"https:\/\/natussensory.com\/es\/carreras\/esg-graphic-new-2\/","alt":"ESG - Environmental Social Governance Icon","author":"4","description":"","caption":"","name":"esg-graphic-new-2","status":"inherit","uploaded_to":11270,"date":"2023-09-22 19:53:02","modified":"2024-07-26 15:44:32","menu_order":0,"mime_type":"image\/png","type":"image","subtype":"png","icon":"https:\/\/natussensory.com\/wp-includes\/images\/media\/default.png","width":800,"height":450,"sizes":{"thumbnail":"https:\/\/natussensory.com\/wp-content\/uploads\/ESG-Graphic-new-scaled.png","thumbnail-width":128,"thumbnail-height":72,"medium":"https:\/\/natussensory.com\/wp-content\/uploads\/ESG-Graphic-new-scaled.png","medium-width":800,"medium-height":450,"medium_large":"https:\/\/natussensory.com\/wp-content\/uploads\/ESG-Graphic-new-768x432.png","medium_large-width":768,"medium_large-height":432,"large":"https:\/\/natussensory.com\/wp-content\/uploads\/ESG-Graphic-new-scaled.png","large-width":800,"large-height":450,"1536x1536":"https:\/\/natussensory.com\/wp-content\/uploads\/ESG-Graphic-new-scaled.png","1536x1536-width":800,"1536x1536-height":450,"2048x2048":"https:\/\/natussensory.com\/wp-content\/uploads\/ESG-Graphic-new-scaled.png","2048x2048-width":800,"2048x2048-height":450}}}},{"acf_fc_layout":"simple_content","_acfe_flexible_toggle":"","content_full_width_landing":{"module_options":{"":null,"module_id":"n6514641ba1d9a","module_class":"","module_background_type":"color","module_background_color":"","module_background_image":false,"module_background_video":"","activate_custom_padding":false,"padding_top_desktop":0,"padding_top_tablet":"","padding_top_mobile":"","padding_bottom_desktop":"","padding_bottom_tablet":"","padding_bottom_mobile":"","activate_custom_margin":false,"margin_top_desktop":"","margin_top_tablet":"","margin_top_mobile":"","margin_bottom_desktop":"","margin_bottom_tablet":"","margin_bottom_mobile":"","disable_on":[],"content_alignment_desktop":"left","content_alignment_tablet":"left","content_alignment_mobile":"left"},"activate_custom_container_width":false,"container_width":"","content":"<p style=\"text-align: center;\"><span style=\"font-size: 36px;\">\u00bfListo para formar parte de nuestro equipo? <\/span><\/p>\n<p>&nbsp;<\/p>\n<p style=\"text-align: center;\"><span style=\"font-size: 24px;\">Encuentre el puesto adecuado para usted. <\/span><\/p>\n<p style=\"text-align: center;\"><a class=\"btn-v1\" href=\"https:\/\/jobs.dayforcehcm.com\/es-MX\/natus\/CANDIDATEPORTALSENSORY\" target=\"_blank\" rel=\"noopener\">EXPLORE LOS PUESTOS VACANTES<\/a><\/p>\n<p>&nbsp;<\/p>\n<p>&nbsp;<\/p>\n<p><a title=\"Aviso de privacidad para solicitantes de empleo\" href=\"https:\/\/natussensory.com\/es\/aviso-privacidad-dirigido-solicitantes-empleo\/\" target=\"_blank\" rel=\"noopener\" data-entity-substitution=\"canonical\" data-entity-type=\"node\" data-entity-uuid=\"ceff93f1-3e2a-4d5f-8715-e6e4d62d8fe9\">Aviso de privacidad para solicitantes de empleo<\/a><\/p>\n<p>Natus Medical es un empleador con igualdad de oportunidades. Todos los solicitantes cualificados ser\u00e1n considerados para el empleo sin tener en cuenta la raza, el color, la religi\u00f3n, el sexo, el origen nacional, la condici\u00f3n de veterano, la discapacidad, la orientaci\u00f3n sexual, la identidad de g\u00e9nero o cualquier otra condici\u00f3n protegida.<\/p>\n<p>Reclutadores y agencias de personal: Natus no acepta curr\u00edculos o solicitudes no solicitadas de agencias de personal o de reclutamiento. Natus no es responsable y no pagar\u00e1 ning\u00fan honorario relacionado con curr\u00edculos o solicitudes no solicitadas, independientemente de si Natus persigue a dichos candidatos no solicitados. Si no tiene un contrato firmado con nuestros Departamento de Recursos Humanos, no se le pagar\u00e1.<\/p>\n<p><strong>Aviso de Inmigraci\u00f3n:\u00a0<\/strong>Para\u00a0<a href=\"https:\/\/www.laborless.io\/public\/petitioner\/EWy2Qvg8\/\" target=\"_blank\" rel=\"noopener nofollow\">las Aplicaciones de Condici\u00f3n Laboral (LCAs)<\/a>\u00a0de Natus Medical Incorporated.<\/p>\n"}}]},"_links":{"self":[{"href":"https:\/\/natussensory.com\/es\/wp-json\/wp\/v2\/pages\/11270","targetHints":{"allow":["GET"]}}],"collection":[{"href":"https:\/\/natussensory.com\/es\/wp-json\/wp\/v2\/pages"}],"about":[{"href":"https:\/\/natussensory.com\/es\/wp-json\/wp\/v2\/types\/page"}],"author":[{"embeddable":true,"href":"https:\/\/natussensory.com\/es\/wp-json\/wp\/v2\/users\/1"}],"replies":[{"embeddable":true,"href":"https:\/\/natussensory.com\/es\/wp-json\/wp\/v2\/comments?post=11270"}],"version-history":[{"count":12,"href":"https:\/\/natussensory.com\/es\/wp-json\/wp\/v2\/pages\/11270\/revisions"}],"predecessor-version":[{"id":27027,"href":"https:\/\/natussensory.com\/es\/wp-json\/wp\/v2\/pages\/11270\/revisions\/27027"}],"wp:attachment":[{"href":"https:\/\/natussensory.com\/es\/wp-json\/wp\/v2\/media?parent=11270"}],"wp:term":[{"taxonomy":"category","embeddable":true,"href":"https:\/\/natussensory.com\/es\/wp-json\/wp\/v2\/categories?post=11270"},{"taxonomy":"post_tag","embeddable":true,"href":"https:\/\/natussensory.com\/es\/wp-json\/wp\/v2\/tags?post=11270"}],"curies":[{"name":"wp","href":"https:\/\/api.w.org\/{rel}","templated":true}]}}