{"id":11252,"date":"2023-08-16T21:23:20","date_gmt":"2023-08-16T21:23:20","guid":{"rendered":"https:\/\/natussensory.com\/about-us\/"},"modified":"2025-09-18T12:25:01","modified_gmt":"2025-09-18T12:25:01","slug":"quienes-somos","status":"publish","type":"page","link":"https:\/\/natussensory.com\/es\/quienes-somos\/","title":{"rendered":"Qui\u00e9nes Somos"},"content":{"rendered":"","protected":false},"excerpt":{"rendered":"","protected":false},"author":1,"featured_media":0,"parent":0,"menu_order":0,"comment_status":"closed","ping_status":"closed","template":"","meta":{"_acf_changed":false,"inline_featured_image":false,"footnotes":""},"categories":[],"tags":[],"class_list":["post-11252","page","type-page","status-publish","hentry"],"acf":{"content_blocks":[{"acf_fc_layout":"spacer","_acfe_flexible_toggle":"","spacer":{"module_options":{"":null,"module_id":"n651dd10f6d680","module_class":"","module_background_type":"color","module_background_color":"#473089","module_background_image":false,"module_background_video":"","activate_custom_padding":false,"padding_top_desktop":0,"padding_top_tablet":"","padding_top_mobile":"","padding_bottom_desktop":"","padding_bottom_tablet":"","padding_bottom_mobile":"","activate_custom_margin":false,"margin_top_desktop":"","margin_top_tablet":"","margin_top_mobile":"","margin_bottom_desktop":"","margin_bottom_tablet":"","margin_bottom_mobile":"","disable_on":[],"content_alignment_desktop":"left","content_alignment_tablet":"left","content_alignment_mobile":"left"},"height":"160"}},{"acf_fc_layout":"simple_content","_acfe_flexible_toggle":"","content_full_width_landing":{"module_options":{"":null,"module_id":"n6514d1d1bceb1","module_class":"","module_background_type":"image","module_background_color":"","module_background_image":"https:\/\/natussensory.com\/wp-content\/uploads\/Homepage-banner.jpg","module_background_video":"","activate_custom_padding":true,"padding_top_desktop":"40","padding_top_tablet":"0","padding_top_mobile":"0","padding_bottom_desktop":"0","padding_bottom_tablet":"0","padding_bottom_mobile":"10","activate_custom_margin":false,"margin_top_desktop":"","margin_top_tablet":"","margin_top_mobile":"","margin_bottom_desktop":"","margin_bottom_tablet":"","margin_bottom_mobile":"","disable_on":[],"content_alignment_desktop":"left","content_alignment_tablet":"left","content_alignment_mobile":"left"},"activate_custom_container_width":false,"container_width":"","content":"<p>&nbsp;<\/p>\n<h1><\/h1>\n<h1 style=\"text-align: center;\">Qui\u00e9nes Somos<\/h1>\n<p>&nbsp;<\/p>\n<p>&nbsp;<\/p>\n"}},{"acf_fc_layout":"right_image_left_content_single_cta","_acfe_flexible_toggle":"","right_image_left_content_single_cta_landing":{"module_options":{"":null,"module_id":"n685ea7bfb8d52","module_class":"","module_background_type":"color","module_background_color":"","module_background_image":false,"module_background_video":"","activate_custom_padding":false,"padding_top_desktop":0,"padding_top_tablet":"","padding_top_mobile":"","padding_bottom_desktop":"","padding_bottom_tablet":"","padding_bottom_mobile":"","activate_custom_margin":false,"margin_top_desktop":"","margin_top_tablet":"","margin_top_mobile":"","margin_bottom_desktop":"","margin_bottom_tablet":"","margin_bottom_mobile":"","disable_on":[],"content_alignment_desktop":"left","content_alignment_tablet":"left","content_alignment_mobile":"left"},"":null,"label":"","title":"Confidence in every sense","description":"<p>Natus Sensory is a global leader in solutions for screening and assessing hearing, balance, and vision, making a real difference in patient care. With a long history of groundbreaking innovations, the company is driven by a commitment to improving outcomes for patients and enhancing the daily work of healthcare professionals.<\/p>\n<p>At the core of Natus Sensory&#8217;s innovation process is a deep dedication to listening to the needs of clinicians, ensuring that every product is designed with real-world clinical challenges in mind. The company\u2019s premium solutions are recognized for their ease of use, stability, and demonstrated safety. In addition to high-quality products, Natus Sensory provides comprehensive training and ongoing education, empowering healthcare professionals with the knowledge and support they need.<\/p>\n<p>With a strong focus on service and support, Natus Sensory ensures low lifetime costs and reliable equipment performance, delivering value when it matters most\u2014for both clinicians and their patients.<\/p>\n","link":null,"image":{"ID":24956,"id":24956,"title":"About-us_spot","filename":"About-us_spot.jpg","filesize":194870,"url":"https:\/\/natussensory.com\/wp-content\/uploads\/About-us_spot.jpg","link":"https:\/\/natussensory.com\/es\/quienes-somos\/about-us_spot-2\/","alt":"","author":"4","description":"","caption":"","name":"about-us_spot-2","status":"inherit","uploaded_to":11252,"date":"2025-06-27 14:16:12","modified":"2025-06-27 14:16:12","menu_order":0,"mime_type":"image\/jpeg","type":"image","subtype":"jpeg","icon":"https:\/\/natussensory.com\/wp-includes\/images\/media\/default.png","width":800,"height":450,"sizes":{"thumbnail":"https:\/\/natussensory.com\/wp-content\/uploads\/About-us_spot.jpg","thumbnail-width":128,"thumbnail-height":72,"medium":"https:\/\/natussensory.com\/wp-content\/uploads\/About-us_spot.jpg","medium-width":800,"medium-height":450,"medium_large":"https:\/\/natussensory.com\/wp-content\/uploads\/About-us_spot-768x432.jpg","medium_large-width":768,"medium_large-height":432,"large":"https:\/\/natussensory.com\/wp-content\/uploads\/About-us_spot.jpg","large-width":800,"large-height":450,"1536x1536":"https:\/\/natussensory.com\/wp-content\/uploads\/About-us_spot.jpg","1536x1536-width":800,"1536x1536-height":450,"2048x2048":"https:\/\/natussensory.com\/wp-content\/uploads\/About-us_spot.jpg","2048x2048-width":800,"2048x2048-height":450}}}},{"acf_fc_layout":"simple_content","_acfe_flexible_toggle":"","content_full_width_landing":{"module_options":{"":null,"module_id":"n6508deb760846","module_class":"","module_background_type":"color","module_background_color":"","module_background_image":false,"module_background_video":"","activate_custom_padding":false,"padding_top_desktop":0,"padding_top_tablet":"","padding_top_mobile":"","padding_bottom_desktop":"","padding_bottom_tablet":"","padding_bottom_mobile":"","activate_custom_margin":false,"margin_top_desktop":"","margin_top_tablet":"","margin_top_mobile":"","margin_bottom_desktop":"","margin_bottom_tablet":"","margin_bottom_mobile":"","disable_on":[],"content_alignment_desktop":"left","content_alignment_tablet":"left","content_alignment_mobile":"left"},"activate_custom_container_width":false,"container_width":"","content":"<p><strong>Marcar la diferencia para pacientes y proveedores<\/strong><\/p>\n<p>Nos inspiran los resultados positivos en los pacientes y nos comprometemos a ayudar a los profesionales sanitarios de todo el mundo a confiar en su capacidad para lograr esos resultados. Por eso ponemos a los m\u00e9dicos en primer lugar a la hora de considerar y desarrollar cada una de las soluciones que ofrecemos.<\/p>\n<p>Los comentarios de los m\u00e9dicos reales nos ayudan a innovar para superar los retos sanitarios actuales y anticiparnos a las necesidades de los profesionales en los pr\u00f3ximos a\u00f1os. Fomentando las relaciones a largo plazo y una mejor educaci\u00f3n en nuestros campos, podemos compartir conocimientos y crear avances significativos.<\/p>\n"}},{"acf_fc_layout":"simple_content","_acfe_flexible_toggle":"","content_full_width_landing":{"module_options":{"":null,"module_id":"n6508deb77388e","module_class":"","module_background_type":"color","module_background_color":"","module_background_image":false,"module_background_video":"","activate_custom_padding":false,"padding_top_desktop":"60","padding_top_tablet":"50","padding_top_mobile":"50","padding_bottom_desktop":"60","padding_bottom_tablet":"50","padding_bottom_mobile":"50","activate_custom_margin":false,"margin_top_desktop":"","margin_top_tablet":"","margin_top_mobile":"","margin_bottom_desktop":"","margin_bottom_tablet":"","margin_bottom_mobile":"","disable_on":[],"content_alignment_desktop":"left","content_alignment_tablet":"left","content_alignment_mobile":"left"},"activate_custom_container_width":false,"container_width":"","content":"<p><strong>Nuestro legado ha logrado avances en la atenci\u00f3n\u00a0<\/strong><\/p>\n<p>Natus Sensory ha sido l\u00edder y pionera en tecnolog\u00eda, comprometida con elevar el nivel de la atenci\u00f3n al paciente.<\/p>\n<p>Durante m\u00e1s de 80 a\u00f1os, hemos seguido buscando e innovando en las tecnolog\u00edas m\u00e1s avanzadas para cumplir nuestra misi\u00f3n, creando las mejores soluciones para los m\u00e9dicos de todo el mundo.<\/p>\n<p><img loading=\"lazy\" decoding=\"async\" class=\"alignnone wp-image-26557 size-full\" src=\"https:\/\/natussensory.com\/wp-content\/uploads\/Sensory_Heritage.jpg\" alt=\"Natus Sensory heritage\" width=\"2083\" height=\"1042\" srcset=\"https:\/\/natussensory.com\/wp-content\/uploads\/Sensory_Heritage.jpg 2083w, https:\/\/natussensory.com\/wp-content\/uploads\/Sensory_Heritage-768x384.jpg 768w, https:\/\/natussensory.com\/wp-content\/uploads\/Sensory_Heritage-1536x768.jpg 1536w, https:\/\/natussensory.com\/wp-content\/uploads\/Sensory_Heritage-2048x1024.jpg 2048w\" sizes=\"auto, (max-width: 2083px) 100vw, 2083px\" \/><\/p>\n<p>&nbsp;<\/p>\n"}},{"acf_fc_layout":"right_image_left_content_single_cta","_acfe_flexible_toggle":"","right_image_left_content_single_cta_landing":{"module_options":{"":null,"module_id":"n650e1771a800b","module_class":"","module_background_type":"color","module_background_color":"","module_background_image":false,"module_background_video":"","activate_custom_padding":false,"padding_top_desktop":0,"padding_top_tablet":"","padding_top_mobile":"","padding_bottom_desktop":"","padding_bottom_tablet":"","padding_bottom_mobile":"","activate_custom_margin":false,"margin_top_desktop":"","margin_top_tablet":"","margin_top_mobile":"","margin_bottom_desktop":"","margin_bottom_tablet":"","margin_bottom_mobile":"","disable_on":[],"content_alignment_desktop":"left","content_alignment_tablet":"left","content_alignment_mobile":"left"},"":null,"label":"","title":"","description":"<p><strong>Trabajar juntos para marcar la diferencia<\/strong><\/p>\n<p>Nos apasiona marcar la diferencia en la vida de las personas. No solo los pacientes y los profesionales sanitarios, sino tambi\u00e9n nuestros compa\u00f1eros de todo el mundo, cuya dedicaci\u00f3n impulsa nuestro \u00e9xito.<\/p>\n<p><a class=\"btn-v1\" href=\"https:\/\/natussensory.com\/careers\/\">Explorar las carreras profesionales en Natus Sensory<\/a><\/p>\n","link":null,"image":{"ID":6634,"id":6634,"title":"We are Innovators","filename":"We-are-Innovators.png","filesize":598273,"url":"https:\/\/natussensory.com\/wp-content\/uploads\/We-are-Innovators.png","link":"https:\/\/natussensory.com\/es\/carreras\/we-are-innovators-2\/","alt":"Natus R&D team member hard at work","author":"4","description":"","caption":"","name":"we-are-innovators-2","status":"inherit","uploaded_to":11270,"date":"2023-09-22 19:15:43","modified":"2024-07-26 15:46:51","menu_order":0,"mime_type":"image\/png","type":"image","subtype":"png","icon":"https:\/\/natussensory.com\/wp-includes\/images\/media\/default.png","width":800,"height":450,"sizes":{"thumbnail":"https:\/\/natussensory.com\/wp-content\/uploads\/We-are-Innovators.png","thumbnail-width":128,"thumbnail-height":72,"medium":"https:\/\/natussensory.com\/wp-content\/uploads\/We-are-Innovators.png","medium-width":800,"medium-height":450,"medium_large":"https:\/\/natussensory.com\/wp-content\/uploads\/We-are-Innovators-768x432.png","medium_large-width":768,"medium_large-height":432,"large":"https:\/\/natussensory.com\/wp-content\/uploads\/We-are-Innovators.png","large-width":800,"large-height":450,"1536x1536":"https:\/\/natussensory.com\/wp-content\/uploads\/We-are-Innovators.png","1536x1536-width":800,"1536x1536-height":450,"2048x2048":"https:\/\/natussensory.com\/wp-content\/uploads\/We-are-Innovators.png","2048x2048-width":800,"2048x2048-height":450}}}},{"acf_fc_layout":"left_image_right_content_single_cta","_acfe_flexible_toggle":"","left_image_right_content_single_cta_landing":{"module_options":{"":null,"module_id":"n6508deb784c41","module_class":"","module_background_type":"color","module_background_color":"","module_background_image":false,"module_background_video":"","activate_custom_padding":false,"padding_top_desktop":0,"padding_top_tablet":"","padding_top_mobile":"","padding_bottom_desktop":"","padding_bottom_tablet":"","padding_bottom_mobile":"","activate_custom_margin":false,"margin_top_desktop":"","margin_top_tablet":"","margin_top_mobile":"","margin_bottom_desktop":"","margin_bottom_tablet":"","margin_bottom_mobile":"","disable_on":[],"content_alignment_desktop":"left","content_alignment_tablet":"left","content_alignment_mobile":"left"},"image":{"ID":26025,"id":26025,"title":"Contact-us_spot","filename":"Contact-us_spot.jpg","filesize":394645,"url":"https:\/\/natussensory.com\/wp-content\/uploads\/Contact-us_spot.jpg","link":"https:\/\/natussensory.com\/es\/natus-medical\/contact-us_spot-2\/","alt":"Contact us","author":"4","description":"","caption":"","name":"contact-us_spot-2","status":"inherit","uploaded_to":1585,"date":"2025-08-21 14:34:27","modified":"2025-08-21 14:34:44","menu_order":0,"mime_type":"image\/jpeg","type":"image","subtype":"jpeg","icon":"https:\/\/natussensory.com\/wp-includes\/images\/media\/default.png","width":800,"height":450,"sizes":{"thumbnail":"https:\/\/natussensory.com\/wp-content\/uploads\/Contact-us_spot.jpg","thumbnail-width":128,"thumbnail-height":72,"medium":"https:\/\/natussensory.com\/wp-content\/uploads\/Contact-us_spot.jpg","medium-width":800,"medium-height":450,"medium_large":"https:\/\/natussensory.com\/wp-content\/uploads\/Contact-us_spot-768x432.jpg","medium_large-width":768,"medium_large-height":432,"large":"https:\/\/natussensory.com\/wp-content\/uploads\/Contact-us_spot.jpg","large-width":800,"large-height":450,"1536x1536":"https:\/\/natussensory.com\/wp-content\/uploads\/Contact-us_spot.jpg","1536x1536-width":800,"1536x1536-height":450,"2048x2048":"https:\/\/natussensory.com\/wp-content\/uploads\/Contact-us_spot.jpg","2048x2048-width":800,"2048x2048-height":450}},"label":"Contacto","title":"Marquemos la diferencia para los pacientes. ","description":"<p>Estamos aqu\u00ed para ayudar. P\u00f3ngase en contacto con un representante de Natus Sensory para obtener un c\u00f3modo servicio de atenci\u00f3n al cliente o para obtener m\u00e1s informaci\u00f3n sobre c\u00f3mo mejorar sus capacidades con nuestras soluciones l\u00edderes en la industria.<\/p>\n","link":{"type":"post","value":"8346","url":"https:\/\/natussensory.com\/es\/contacto\/","name":"Contacto","title":"P\u00f3ngase Contacto Con Nosotros","target":""}}}]},"_links":{"self":[{"href":"https:\/\/natussensory.com\/es\/wp-json\/wp\/v2\/pages\/11252","targetHints":{"allow":["GET"]}}],"collection":[{"href":"https:\/\/natussensory.com\/es\/wp-json\/wp\/v2\/pages"}],"about":[{"href":"https:\/\/natussensory.com\/es\/wp-json\/wp\/v2\/types\/page"}],"author":[{"embeddable":true,"href":"https:\/\/natussensory.com\/es\/wp-json\/wp\/v2\/users\/1"}],"replies":[{"embeddable":true,"href":"https:\/\/natussensory.com\/es\/wp-json\/wp\/v2\/comments?post=11252"}],"version-history":[{"count":11,"href":"https:\/\/natussensory.com\/es\/wp-json\/wp\/v2\/pages\/11252\/revisions"}],"predecessor-version":[{"id":27002,"href":"https:\/\/natussensory.com\/es\/wp-json\/wp\/v2\/pages\/11252\/revisions\/27002"}],"wp:attachment":[{"href":"https:\/\/natussensory.com\/es\/wp-json\/wp\/v2\/media?parent=11252"}],"wp:term":[{"taxonomy":"category","embeddable":true,"href":"https:\/\/natussensory.com\/es\/wp-json\/wp\/v2\/categories?post=11252"},{"taxonomy":"post_tag","embeddable":true,"href":"https:\/\/natussensory.com\/es\/wp-json\/wp\/v2\/tags?post=11252"}],"curies":[{"name":"wp","href":"https:\/\/api.w.org\/{rel}","templated":true}]}}