{"id":8476,"date":"2023-08-22T00:12:35","date_gmt":"2023-08-22T00:12:35","guid":{"rendered":"https:\/\/natussensory.com\/hearing-aid-fitting\/"},"modified":"2026-04-13T12:36:24","modified_gmt":"2026-04-13T12:36:24","slug":"anpasssysteme","status":"publish","type":"page","link":"https:\/\/natussensory.com\/de\/produkte\/anpasssysteme\/","title":{"rendered":"Anpasssysteme"},"content":{"rendered":"","protected":false},"excerpt":{"rendered":"","protected":false},"author":4,"featured_media":0,"parent":11016,"menu_order":0,"comment_status":"closed","ping_status":"closed","template":"templates\/page-sensory-solutions-category-landing.php","meta":{"_acf_changed":false,"inline_featured_image":false,"footnotes":""},"categories":[304],"tags":[],"class_list":["post-8476","page","type-page","status-publish","hentry","category-anpasssysteme"],"acf":{"content_blocks":[{"acf_fc_layout":"spacer","_acfe_flexible_layout_title":null,"_acfe_flexible_toggle":null,"spacer":{"module_options":{"":null,"module_id":"n68592ab6c65d3","module_class":"","module_background_type":"color","module_background_color":"#473089","module_background_image":false,"module_background_video":"","activate_custom_padding":false,"padding_top_desktop":0,"padding_top_tablet":"","padding_top_mobile":"","padding_bottom_desktop":"","padding_bottom_tablet":"","padding_bottom_mobile":"","activate_custom_margin":false,"margin_top_desktop":"","margin_top_tablet":"","margin_top_mobile":"","margin_bottom_desktop":"","margin_bottom_tablet":"","margin_bottom_mobile":"","disable_on":[],"content_alignment_desktop":"left","content_alignment_tablet":"left","content_alignment_mobile":"left"},"height":"160"}},{"acf_fc_layout":"full_width_content","_acfe_flexible_layout_title":null,"_acfe_flexible_toggle":null,"content_full_width_landing":{"module_options":{"":null,"module_id":"n68a820c66a724","module_class":"","module_background_type":"image","module_background_color":"","module_background_image":"https:\/\/natussensory.com\/wp-content\/uploads\/Category_Fitting.jpg","module_background_video":"","activate_custom_padding":false,"padding_top_desktop":"30","padding_top_tablet":"20","padding_top_mobile":"20","padding_bottom_desktop":"0","padding_bottom_tablet":"0","padding_bottom_mobile":"0","activate_custom_margin":false,"margin_top_desktop":"","margin_top_tablet":"","margin_top_mobile":"","margin_bottom_desktop":"","margin_bottom_tablet":"","margin_bottom_mobile":"","disable_on":[],"content_alignment_desktop":"left","content_alignment_tablet":"left","content_alignment_mobile":"left"},"activate_custom_container_width":false,"container_width":"","content":"<p>&nbsp;<\/p>\n<p>&nbsp;<\/p>\n<p>&nbsp;<\/p>\n<p>&nbsp;<\/p>\n<p>&nbsp;<\/p>\n<p>&nbsp;<\/p>\n<p>&nbsp;<\/p>\n<p>&nbsp;<\/p>\n<p>&nbsp;<\/p>\n<p>&nbsp;<\/p>\n<p>&nbsp;<\/p>\n<p>&nbsp;<\/p>\n"}},{"acf_fc_layout":"full_width_content","_acfe_flexible_layout_title":null,"_acfe_flexible_toggle":null,"content_full_width_landing":{"module_options":{"":null,"module_id":"n689dc1510fd9c","module_class":"","module_background_type":"color","module_background_color":"","module_background_image":false,"module_background_video":"","activate_custom_padding":true,"padding_top_desktop":"30","padding_top_tablet":"20","padding_top_mobile":"20","padding_bottom_desktop":"0","padding_bottom_tablet":"0","padding_bottom_mobile":"0","activate_custom_margin":false,"margin_top_desktop":"","margin_top_tablet":"","margin_top_mobile":"","margin_bottom_desktop":"","margin_bottom_tablet":"","margin_bottom_mobile":"","disable_on":[],"content_alignment_desktop":"left","content_alignment_tablet":"left","content_alignment_mobile":"left"},"activate_custom_container_width":false,"container_width":"","content":"<h1>Anpasssysteme<\/h1>\n<p>&nbsp;<\/p>\n"}},{"acf_fc_layout":"products_filter","_acfe_flexible_layout_title":null,"_acfe_flexible_toggle":null,"neuro_products_filter":{"module_options":{"":null,"module_id":"n65154750a5d8a","module_class":"","module_background_type":"color","module_background_color":"","module_background_image":false,"module_background_video":"","activate_custom_padding":false,"padding_top_desktop":0,"padding_top_tablet":"","padding_top_mobile":"","padding_bottom_desktop":"","padding_bottom_tablet":"","padding_bottom_mobile":"","activate_custom_margin":false,"margin_top_desktop":"","margin_top_tablet":"","margin_top_mobile":"","margin_bottom_desktop":"","margin_bottom_tablet":"","margin_bottom_mobile":"","disable_on":[],"content_alignment_desktop":"left","content_alignment_tablet":"left","content_alignment_mobile":"left"},"products":[{"category_title":"Anpasssysteme","subcategories":[{"subcategory_title":"Digitaler Ohrscan","subcategory_products":[{"label":"Digitaler Ohrscan","image":{"ID":7218,"id":7218,"title":"Otoscan_all-products-link","filename":"Otoscan_all-products-link.jpg","filesize":72101,"url":"https:\/\/natussensory.com\/wp-content\/uploads\/Otoscan_all-products-link.jpg","link":"https:\/\/natussensory.com\/de\/produkte\/otoscan_all-products-link-2\/","alt":"Otoscan digital ear scanning","author":"4","description":"","caption":"","name":"otoscan_all-products-link-2","status":"inherit","uploaded_to":11016,"date":"2023-09-26 07:35:51","modified":"2026-04-09 08:22:50","menu_order":0,"mime_type":"image\/jpeg","type":"image","subtype":"jpeg","icon":"https:\/\/natussensory.com\/wp-includes\/images\/media\/default.png","width":500,"height":400,"sizes":{"thumbnail":"https:\/\/natussensory.com\/wp-content\/uploads\/Otoscan_all-products-link.jpg","thumbnail-width":120,"thumbnail-height":96,"medium":"https:\/\/natussensory.com\/wp-content\/uploads\/Otoscan_all-products-link.jpg","medium-width":500,"medium-height":400,"medium_large":"https:\/\/natussensory.com\/wp-content\/uploads\/Otoscan_all-products-link.jpg","medium_large-width":500,"medium_large-height":400,"large":"https:\/\/natussensory.com\/wp-content\/uploads\/Otoscan_all-products-link.jpg","large-width":500,"large-height":400,"1536x1536":"https:\/\/natussensory.com\/wp-content\/uploads\/Otoscan_all-products-link.jpg","1536x1536-width":500,"1536x1536-height":400,"2048x2048":"https:\/\/natussensory.com\/wp-content\/uploads\/Otoscan_all-products-link.jpg","2048x2048-width":500,"2048x2048-height":400}},"title":"Digitaler 3D-Ohrscan-L\u00f6sung f\u00fcr pr\u00e4zise Abformungen, weniger Neuanfertigungen und effiziente Workflows in der individuellen H\u00f6rsystemversorgung.","link":{"type":"post","value":"4942","url":"https:\/\/natussensory.com\/products\/otoscan\/","name":"Otoscan\u00ae \u2013 3D Ear Scanning Solution","title":"Otoscan<sup>\u00ae<\/sup>","target":""}}]},{"subcategory_title":"H\u00f6rger\u00e4te-Anpasssystem","subcategory_products":[{"label":"H\u00f6rger\u00e4te-Anpasssystem","image":{"ID":7223,"id":7223,"title":"Aurical_all-products-link","filename":"Aurical_all-products-link.jpg","filesize":93953,"url":"https:\/\/natussensory.com\/wp-content\/uploads\/Aurical_all-products-link.jpg","link":"https:\/\/natussensory.com\/de\/produkte\/aurical_all-products-link-2\/","alt":"","author":"4","description":"","caption":"","name":"aurical_all-products-link-2","status":"inherit","uploaded_to":11016,"date":"2023-09-26 07:35:53","modified":"2023-09-29 10:39:11","menu_order":0,"mime_type":"image\/jpeg","type":"image","subtype":"jpeg","icon":"https:\/\/natussensory.com\/wp-includes\/images\/media\/default.png","width":500,"height":400,"sizes":{"thumbnail":"https:\/\/natussensory.com\/wp-content\/uploads\/Aurical_all-products-link.jpg","thumbnail-width":120,"thumbnail-height":96,"medium":"https:\/\/natussensory.com\/wp-content\/uploads\/Aurical_all-products-link.jpg","medium-width":500,"medium-height":400,"medium_large":"https:\/\/natussensory.com\/wp-content\/uploads\/Aurical_all-products-link.jpg","medium_large-width":500,"medium_large-height":400,"large":"https:\/\/natussensory.com\/wp-content\/uploads\/Aurical_all-products-link.jpg","large-width":500,"large-height":400,"1536x1536":"https:\/\/natussensory.com\/wp-content\/uploads\/Aurical_all-products-link.jpg","1536x1536-width":500,"1536x1536-height":400,"2048x2048":"https:\/\/natussensory.com\/wp-content\/uploads\/Aurical_all-products-link.jpg","2048x2048-width":500,"2048x2048-height":400}},"title":"Modulares H\u00f6rger\u00e4te-Anpasssystem mit kabelloser binauraler PMM, integriertem Audiometer, HIT-Messkammer und eingebautem Hi-Pro\u00ae 2.","link":{"type":"post","value":"9508","url":"https:\/\/natussensory.com\/fr\/produits\/aurical\/","name":"Aurical &#8211; Syst\u00e8me d\u2019adaptation auditive","title":"Aurical<sup>\u00ae<\/sup>","target":""}},{"label":"H\u00f6rger\u00e4te-Anpasssystem","image":{"ID":7198,"id":7198,"title":"Aurical-freefit_all-products-link","filename":"Aurical-freefit_all-products-link.jpg","filesize":160752,"url":"https:\/\/natussensory.com\/wp-content\/uploads\/Aurical-freefit_all-products-link.jpg","link":"https:\/\/natussensory.com\/de\/produkte\/aurical-freefit_all-products-link-2\/","alt":"","author":"4","description":"","caption":"","name":"aurical-freefit_all-products-link-2","status":"inherit","uploaded_to":11016,"date":"2023-09-26 07:35:42","modified":"2023-09-29 10:39:11","menu_order":0,"mime_type":"image\/jpeg","type":"image","subtype":"jpeg","icon":"https:\/\/natussensory.com\/wp-includes\/images\/media\/default.png","width":500,"height":400,"sizes":{"thumbnail":"https:\/\/natussensory.com\/wp-content\/uploads\/Aurical-freefit_all-products-link.jpg","thumbnail-width":120,"thumbnail-height":96,"medium":"https:\/\/natussensory.com\/wp-content\/uploads\/Aurical-freefit_all-products-link.jpg","medium-width":500,"medium-height":400,"medium_large":"https:\/\/natussensory.com\/wp-content\/uploads\/Aurical-freefit_all-products-link.jpg","medium_large-width":500,"medium_large-height":400,"large":"https:\/\/natussensory.com\/wp-content\/uploads\/Aurical-freefit_all-products-link.jpg","large-width":500,"large-height":400,"1536x1536":"https:\/\/natussensory.com\/wp-content\/uploads\/Aurical-freefit_all-products-link.jpg","1536x1536-width":500,"1536x1536-height":400,"2048x2048":"https:\/\/natussensory.com\/wp-content\/uploads\/Aurical-freefit_all-products-link.jpg","2048x2048-width":500,"2048x2048-height":400}},"title":"Kabelloses REM-System mit binauraler PMM, gef\u00fchrter Sondenschlauchplatzierung und automatischer Integration in die Anpasssoftware.","link":{"type":"post","value":"4904","url":"https:\/\/natussensory.com\/products\/aurical-freefit\/","name":"Aurical\u00ae Freefit &#8211; Real ear measurement","title":"Aurical<sup>\u00ae<\/sup> Freefit","target":""}},{"label":"H\u00f6rger\u00e4te-Anpasssystem","image":{"ID":7203,"id":7203,"title":"Aurical-HIT_all-products-link","filename":"Aurical-HIT_all-products-link.jpg","filesize":62839,"url":"https:\/\/natussensory.com\/wp-content\/uploads\/Aurical-HIT_all-products-link.jpg","link":"https:\/\/natussensory.com\/de\/produkte\/aurical-hit_all-products-link-2\/","alt":"","author":"4","description":"","caption":"","name":"aurical-hit_all-products-link-2","status":"inherit","uploaded_to":11016,"date":"2023-09-26 07:35:45","modified":"2023-09-29 10:39:12","menu_order":0,"mime_type":"image\/jpeg","type":"image","subtype":"jpeg","icon":"https:\/\/natussensory.com\/wp-includes\/images\/media\/default.png","width":500,"height":400,"sizes":{"thumbnail":"https:\/\/natussensory.com\/wp-content\/uploads\/Aurical-HIT_all-products-link.jpg","thumbnail-width":120,"thumbnail-height":96,"medium":"https:\/\/natussensory.com\/wp-content\/uploads\/Aurical-HIT_all-products-link.jpg","medium-width":500,"medium-height":400,"medium_large":"https:\/\/natussensory.com\/wp-content\/uploads\/Aurical-HIT_all-products-link.jpg","medium_large-width":500,"medium_large-height":400,"large":"https:\/\/natussensory.com\/wp-content\/uploads\/Aurical-HIT_all-products-link.jpg","large-width":500,"large-height":400,"1536x1536":"https:\/\/natussensory.com\/wp-content\/uploads\/Aurical-HIT_all-products-link.jpg","1536x1536-width":500,"1536x1536-height":400,"2048x2048":"https:\/\/natussensory.com\/wp-content\/uploads\/Aurical-HIT_all-products-link.jpg","2048x2048-width":500,"2048x2048-height":400}},"title":"Messkammer f\u00fcr kupplerbasierte Anpassung mit RECD, kabelloser Feature-\u00dcberpr\u00fcfung und fester OnePosition-Platzierung f\u00fcr pr\u00e4zise H\u00f6rger\u00e4temessungen.","link":{"type":"post","value":"5285","url":"https:\/\/natussensory.com\/products\/aurical-hit\/","name":"Aurical\u00ae HIT \u2013 Coupler Based Fitting","title":"Aurical<sup>\u00ae<\/sup> HIT","target":""}},{"label":"H\u00f6rger\u00e4te-Anpasssystem","image":{"ID":27546,"id":27546,"title":"Measure_all-products-link","filename":"Measure_all-products-link.jpg","filesize":57405,"url":"https:\/\/natussensory.com\/wp-content\/uploads\/Measure_all-products-link.jpg","link":"https:\/\/natussensory.com\/de\/produkte\/anpasssysteme\/measure_all-products-link-2\/","alt":"Otometrics Measure REM module with binaural fitting headset and free-field speaker, designed for accurate hearing aid verification and fitting.","author":"4","description":"","caption":"","name":"measure_all-products-link-2","status":"inherit","uploaded_to":8476,"date":"2025-10-20 13:47:32","modified":"2025-11-19 12:02:32","menu_order":0,"mime_type":"image\/jpeg","type":"image","subtype":"jpeg","icon":"https:\/\/natussensory.com\/wp-includes\/images\/media\/default.png","width":500,"height":400,"sizes":{"thumbnail":"https:\/\/natussensory.com\/wp-content\/uploads\/Measure_all-products-link.jpg","thumbnail-width":120,"thumbnail-height":96,"medium":"https:\/\/natussensory.com\/wp-content\/uploads\/Measure_all-products-link.jpg","medium-width":500,"medium-height":400,"medium_large":"https:\/\/natussensory.com\/wp-content\/uploads\/Measure_all-products-link.jpg","medium_large-width":500,"medium_large-height":400,"large":"https:\/\/natussensory.com\/wp-content\/uploads\/Measure_all-products-link.jpg","large-width":500,"large-height":400,"1536x1536":"https:\/\/natussensory.com\/wp-content\/uploads\/Measure_all-products-link.jpg","1536x1536-width":500,"1536x1536-height":400,"2048x2048":"https:\/\/natussensory.com\/wp-content\/uploads\/Measure_all-products-link.jpg","2048x2048-width":500,"2048x2048-height":400}},"title":"Tragbares Audiometer in einer kompakten Einheit mit optionaler H\u00f6rger\u00e4te-Testbox.","link":{"type":"post","value":"28386","url":"https:\/\/natussensory.com\/de\/produkte\/otometrics-measure\/","name":"Otometrics Measure \u2013 tragbares System zur H\u00f6rpr\u00fcfung und H\u00f6rsystemanpassung","title":"Otometrics<sup>\u00ae<\/sup> Measure","target":""}},{"label":"H\u00f6rger\u00e4te-Anpasssystem","image":{"ID":7208,"id":7208,"title":"Hi-pro2_all-products-link","filename":"Hi-pro2_all-products-link.jpg","filesize":70818,"url":"https:\/\/natussensory.com\/wp-content\/uploads\/Hi-pro2_all-products-link.jpg","link":"https:\/\/natussensory.com\/de\/produkte\/hi-pro2_all-products-link-2\/","alt":"","author":"4","description":"","caption":"","name":"hi-pro2_all-products-link-2","status":"inherit","uploaded_to":11016,"date":"2023-09-26 07:35:47","modified":"2023-09-29 10:39:12","menu_order":0,"mime_type":"image\/jpeg","type":"image","subtype":"jpeg","icon":"https:\/\/natussensory.com\/wp-includes\/images\/media\/default.png","width":500,"height":400,"sizes":{"thumbnail":"https:\/\/natussensory.com\/wp-content\/uploads\/Hi-pro2_all-products-link.jpg","thumbnail-width":120,"thumbnail-height":96,"medium":"https:\/\/natussensory.com\/wp-content\/uploads\/Hi-pro2_all-products-link.jpg","medium-width":500,"medium-height":400,"medium_large":"https:\/\/natussensory.com\/wp-content\/uploads\/Hi-pro2_all-products-link.jpg","medium_large-width":500,"medium_large-height":400,"large":"https:\/\/natussensory.com\/wp-content\/uploads\/Hi-pro2_all-products-link.jpg","large-width":500,"large-height":400,"1536x1536":"https:\/\/natussensory.com\/wp-content\/uploads\/Hi-pro2_all-products-link.jpg","1536x1536-width":500,"1536x1536-height":400,"2048x2048":"https:\/\/natussensory.com\/wp-content\/uploads\/Hi-pro2_all-products-link.jpg","2048x2048-width":500,"2048x2048-height":400}},"title":"Universelle H\u00f6rger\u00e4te-Programmierschnittstelle mit High-Speed-Daten\u00fcbertragung \u2013 einzeln oder im Audiometer integriert.","link":{"type":"post","value":"5361","url":"https:\/\/natussensory.com\/products\/hi-pro-2\/","name":"Hi-Pro\u00ae 2 &#8211; Hearing Aid Programming","title":"Hi-Pro<sup>\u00ae<\/sup> 2","target":""}}]},{"subcategory_title":"Video-Otoskop","subcategory_products":[{"label":"Video-Otoskop","image":{"ID":7213,"id":7213,"title":"Otocam300_all-products-link","filename":"Otocam300_all-products-link.jpg","filesize":55822,"url":"https:\/\/natussensory.com\/wp-content\/uploads\/Otocam300_all-products-link.jpg","link":"https:\/\/natussensory.com\/de\/produkte\/otocam300_all-products-link-2\/","alt":"Aurical Otocam 300 video otoscope","author":"4","description":"","caption":"","name":"otocam300_all-products-link-2","status":"inherit","uploaded_to":11016,"date":"2023-09-26 07:35:49","modified":"2026-04-09 08:25:27","menu_order":0,"mime_type":"image\/jpeg","type":"image","subtype":"jpeg","icon":"https:\/\/natussensory.com\/wp-includes\/images\/media\/default.png","width":500,"height":400,"sizes":{"thumbnail":"https:\/\/natussensory.com\/wp-content\/uploads\/Otocam300_all-products-link.jpg","thumbnail-width":120,"thumbnail-height":96,"medium":"https:\/\/natussensory.com\/wp-content\/uploads\/Otocam300_all-products-link.jpg","medium-width":500,"medium-height":400,"medium_large":"https:\/\/natussensory.com\/wp-content\/uploads\/Otocam300_all-products-link.jpg","medium_large-width":500,"medium_large-height":400,"large":"https:\/\/natussensory.com\/wp-content\/uploads\/Otocam300_all-products-link.jpg","large-width":500,"large-height":400,"1536x1536":"https:\/\/natussensory.com\/wp-content\/uploads\/Otocam300_all-products-link.jpg","1536x1536-width":500,"1536x1536-height":400,"2048x2048":"https:\/\/natussensory.com\/wp-content\/uploads\/Otocam300_all-products-link.jpg","2048x2048-width":500,"2048x2048-height":400}},"title":"Kompaktes, leichtes Video-Otoskop mit direkter Softwareintegration, Echtzeit-Bilderfassung und integrierter Kondensationskontrolle \u2013 f\u00fcr zuverl\u00e4ssige, hochaufl\u00f6sende Ohruntersuchungen.","link":{"type":"post","value":"5313","url":"https:\/\/natussensory.com\/products\/aurical-otocam-300\/","name":"Aurical\u00ae Otocam 300 &#8211; Video Otoscope","title":"Aurical<sup>\u00ae<\/sup>  Otocam 300","target":""}}]}]}]}},{"acf_fc_layout":"contact","_acfe_flexible_layout_title":null,"_acfe_flexible_toggle":null,"contact_form_landing":{"module_options":{"":null,"module_id":null,"module_class":"","module_background_type":"","module_background_color":"","module_background_image":false,"module_background_video":"","activate_custom_padding":false,"padding_top_desktop":0,"padding_top_tablet":"","padding_top_mobile":"","padding_bottom_desktop":"","padding_bottom_tablet":"","padding_bottom_mobile":"","activate_custom_margin":false,"margin_top_desktop":"","margin_top_tablet":"","margin_top_mobile":"","margin_bottom_desktop":"","margin_bottom_tablet":"","margin_bottom_mobile":"","disable_on":[],"content_alignment_desktop":false,"content_alignment_tablet":false,"content_alignment_mobile":false},"":null,"activate_intro":false,"intro_text":"","intro_text_color":"","intro_link":null,"activate_description":false,"description_title":"","description_copy":"","embed_code":""}},{"acf_fc_layout":"education","_acfe_flexible_layout_title":null,"_acfe_flexible_toggle":null,"left_image_right_content_multi_ctas_landing":{"module_options":{"":null,"module_id":"n6514ac9bc497a","module_class":"","module_background_type":"color","module_background_color":"","module_background_image":false,"module_background_video":"","activate_custom_padding":false,"padding_top_desktop":0,"padding_top_tablet":"","padding_top_mobile":"","padding_bottom_desktop":"","padding_bottom_tablet":"","padding_bottom_mobile":"","activate_custom_margin":false,"margin_top_desktop":"","margin_top_tablet":"","margin_top_mobile":"","margin_bottom_desktop":"","margin_bottom_tablet":"","margin_bottom_mobile":"","disable_on":[],"content_alignment_desktop":"left","content_alignment_tablet":"left","content_alignment_mobile":"left"},"image":{"ID":7366,"id":7366,"title":"HBA_spot","filename":"HBA_spot-e1710924648547.jpg","filesize":216983,"url":"https:\/\/natussensory.com\/wp-content\/uploads\/HBA_spot-e1710924648547.jpg","link":"https:\/\/natussensory.com\/de\/produkte\/hoerpruefung\/hba_spot-2\/","alt":"","author":"4","description":"","caption":"","name":"hba_spot-2","status":"inherit","uploaded_to":11022,"date":"2023-09-26 12:33:06","modified":"2023-09-29 10:39:12","menu_order":0,"mime_type":"image\/jpeg","type":"image","subtype":"jpeg","icon":"https:\/\/natussensory.com\/wp-includes\/images\/media\/default.png","width":800,"height":450,"sizes":{"thumbnail":"https:\/\/natussensory.com\/wp-content\/uploads\/HBA_spot-e1710924648547.jpg","thumbnail-width":128,"thumbnail-height":72,"medium":"https:\/\/natussensory.com\/wp-content\/uploads\/HBA_spot-e1710924648547.jpg","medium-width":800,"medium-height":450,"medium_large":"https:\/\/natussensory.com\/wp-content\/uploads\/HBA_spot-768x432.jpg","medium_large-width":768,"medium_large-height":432,"large":"https:\/\/natussensory.com\/wp-content\/uploads\/HBA_spot-e1710924648547.jpg","large-width":800,"large-height":450,"1536x1536":"https:\/\/natussensory.com\/wp-content\/uploads\/HBA_spot-e1710924648547.jpg","1536x1536-width":800,"1536x1536-height":450,"2048x2048":"https:\/\/natussensory.com\/wp-content\/uploads\/HBA_spot-e1710924648547.jpg","2048x2048-width":800,"2048x2048-height":450}},"label":"Wissen","title":"Hearing & Balance Academy","description":"Die Natus Hearing & Balance Academy erforscht die neuesten technologischen und wissenschaftlichen Entwicklungen in den Bereichen H\u00f6rpr\u00fcfung und -screening, H\u00f6rger\u00e4teanpassung und Gleichgewichtsdiagnostik.<br \/>\r\n<br \/>\r\nDie Mitgliedschaft ist KOSTENLOS und beinhaltet den Zugang zu Live-eSeminaren, On-Demand-Lernm\u00f6glichkeiten und Ressourcen von Key Opinion Leadern.","links":[{"link":{"type":"url","value":"https:\/\/hearing-balance.academy\/","url":"https:\/\/hearing-balance.academy\/","name":"https:\/\/hearing-balance.academy\/","title":"Mehr Erfahren","target":"_blank"}}]}}]},"_links":{"self":[{"href":"https:\/\/natussensory.com\/de\/wp-json\/wp\/v2\/pages\/8476","targetHints":{"allow":["GET"]}}],"collection":[{"href":"https:\/\/natussensory.com\/de\/wp-json\/wp\/v2\/pages"}],"about":[{"href":"https:\/\/natussensory.com\/de\/wp-json\/wp\/v2\/types\/page"}],"author":[{"embeddable":true,"href":"https:\/\/natussensory.com\/de\/wp-json\/wp\/v2\/users\/4"}],"replies":[{"embeddable":true,"href":"https:\/\/natussensory.com\/de\/wp-json\/wp\/v2\/comments?post=8476"}],"version-history":[{"count":10,"href":"https:\/\/natussensory.com\/de\/wp-json\/wp\/v2\/pages\/8476\/revisions"}],"predecessor-version":[{"id":28867,"href":"https:\/\/natussensory.com\/de\/wp-json\/wp\/v2\/pages\/8476\/revisions\/28867"}],"up":[{"embeddable":true,"href":"https:\/\/natussensory.com\/de\/wp-json\/wp\/v2\/pages\/11016"}],"wp:attachment":[{"href":"https:\/\/natussensory.com\/de\/wp-json\/wp\/v2\/media?parent=8476"}],"wp:term":[{"taxonomy":"category","embeddable":true,"href":"https:\/\/natussensory.com\/de\/wp-json\/wp\/v2\/categories?post=8476"},{"taxonomy":"post_tag","embeddable":true,"href":"https:\/\/natussensory.com\/de\/wp-json\/wp\/v2\/tags?post=8476"}],"curies":[{"name":"wp","href":"https:\/\/api.w.org\/{rel}","templated":true}]}}