{"id":27939,"date":"2025-11-03T11:29:00","date_gmt":"2025-11-03T11:29:00","guid":{"rendered":"https:\/\/natussensory.com\/otoscan-bundle\/"},"modified":"2025-11-05T14:43:06","modified_gmt":"2025-11-05T14:43:06","slug":"otoscan-bundle","status":"publish","type":"page","link":"https:\/\/natussensory.com\/de\/otoscan-bundle\/","title":{"rendered":"Otoscan\u00ae All-in-One Bundle"},"content":{"rendered":"","protected":false},"excerpt":{"rendered":"","protected":false},"author":4,"featured_media":0,"parent":0,"menu_order":0,"comment_status":"closed","ping_status":"closed","template":"","meta":{"_acf_changed":false,"inline_featured_image":false,"footnotes":""},"categories":[],"tags":[],"class_list":["post-27939","page","type-page","status-publish","hentry"],"acf":{"content_blocks":[{"acf_fc_layout":"spacer","_acfe_flexible_toggle":"","spacer":{"module_options":{"":null,"module_id":"n68fb6dd2444dd","module_class":"","module_background_type":"color","module_background_color":"#473089","module_background_image":false,"module_background_video":"","activate_custom_padding":false,"padding_top_desktop":0,"padding_top_tablet":"","padding_top_mobile":"","padding_bottom_desktop":"","padding_bottom_tablet":"","padding_bottom_mobile":"","activate_custom_margin":false,"margin_top_desktop":"","margin_top_tablet":"","margin_top_mobile":"","margin_bottom_desktop":"","margin_bottom_tablet":"","margin_bottom_mobile":"","disable_on":[],"content_alignment_desktop":"left","content_alignment_tablet":"left","content_alignment_mobile":"left"},"height":"160"}},{"acf_fc_layout":"simple_content","_acfe_flexible_layout_title":"Banner","_acfe_flexible_toggle":"","content_full_width_landing":{"module_options":{"":null,"module_id":"n68f64680f0d2f","module_class":"","module_background_type":"image","module_background_color":"#d4e9f9","module_background_image":"https:\/\/natussensory.com\/wp-content\/uploads\/otoscan_bundle_banner.jpg","module_background_video":"","activate_custom_padding":true,"padding_top_desktop":"15","padding_top_tablet":"0","padding_top_mobile":"0","padding_bottom_desktop":"15","padding_bottom_tablet":"0","padding_bottom_mobile":"0","activate_custom_margin":false,"margin_top_desktop":"","margin_top_tablet":"","margin_top_mobile":"","margin_bottom_desktop":"","margin_bottom_tablet":"","margin_bottom_mobile":"","disable_on":[],"content_alignment_desktop":"left","content_alignment_tablet":"left","content_alignment_mobile":"left"},"activate_custom_container_width":false,"container_width":"","content":"<p>&nbsp;<\/p>\n<p>&nbsp;<\/p>\n<p><span style=\"font-size: 25px; color: #ffffff;\"><strong>Otoscan<sup>\u00ae<\/sup> All-in-One Bundle<\/strong><\/span><\/p>\n<p>&nbsp;<\/p>\n<p>&nbsp;<\/p>\n<p>&nbsp;<\/p>\n<p>&nbsp;<\/p>\n<p>&nbsp;<\/p>\n<p>&nbsp;<\/p>\n<p style=\"text-align: center;\"><span style=\"color: #ffffff;\"><a class=\"btn-v1\" style=\"color: #ffffff;\" href=\"https:\/\/natussensory.com\/otoscan-bundle\/#contact\" rel=\"noopener\">Angebot anfragen<\/a><\/span><\/p>\n<p>&nbsp;<\/p>\n"}},{"acf_fc_layout":"simple_content","_acfe_flexible_layout_title":"Under banner","_acfe_flexible_toggle":"","content_full_width_landing":{"module_options":{"":null,"module_id":"n68481ff96f7b3","module_class":"","module_background_type":"color","module_background_color":"#d4e9f9","module_background_image":false,"module_background_video":"","activate_custom_padding":true,"padding_top_desktop":"15","padding_top_tablet":"0","padding_top_mobile":"0","padding_bottom_desktop":"15","padding_bottom_tablet":"0","padding_bottom_mobile":"0","activate_custom_margin":false,"margin_top_desktop":"","margin_top_tablet":"","margin_top_mobile":"","margin_bottom_desktop":"","margin_bottom_tablet":"","margin_bottom_mobile":"","disable_on":[],"content_alignment_desktop":"left","content_alignment_tablet":"left","content_alignment_mobile":"left"},"activate_custom_container_width":false,"container_width":"","content":"<h2>Ihr smarter Einstieg in die Zukunft individueller H\u00f6rl\u00f6sungen<\/h2>\n<p style=\"text-align: left;\"><span style=\"font-size: 23px;\"><strong>Das Otoscan-Bundle bietet Ihnen das Otoscan-Ger\u00e4t, eine lebenslange Otocloud<sup>\u00ae<\/sup>-Lizenz* sowie 500 Ohrscan-Downloads pro Jahr.<\/strong><\/span><\/p>\n<p>&nbsp;<\/p>\n"}},{"acf_fc_layout":"left_image_right_content_single_cta","_acfe_flexible_toggle":"","left_image_right_content_single_cta_landing":{"module_options":{"":null,"module_id":"n68b591830797f","module_class":"","module_background_type":"color","module_background_color":"","module_background_image":false,"module_background_video":"","activate_custom_padding":false,"padding_top_desktop":0,"padding_top_tablet":"","padding_top_mobile":"","padding_bottom_desktop":"","padding_bottom_tablet":"","padding_bottom_mobile":"","activate_custom_margin":false,"margin_top_desktop":"","margin_top_tablet":"","margin_top_mobile":"","margin_bottom_desktop":"","margin_bottom_tablet":"","margin_bottom_mobile":"","disable_on":[],"content_alignment_desktop":"left","content_alignment_tablet":"left","content_alignment_mobile":"left"},"image":{"ID":26581,"id":26581,"title":"Otoscan-cradle-headset_spot","filename":"Otoscan-cradle-headset_spot.png","filesize":383157,"url":"https:\/\/natussensory.com\/wp-content\/uploads\/Otoscan-cradle-headset_spot.png","link":"https:\/\/natussensory.com\/de\/produkte\/otoscan\/demo\/otoscan-cradle-headset_spot-2\/","alt":"Otoscan cradle with headset","author":"4","description":"","caption":"","name":"otoscan-cradle-headset_spot-2","status":"inherit","uploaded_to":28556,"date":"2025-09-01 12:27:47","modified":"2025-11-04 15:11:45","menu_order":0,"mime_type":"image\/png","type":"image","subtype":"png","icon":"https:\/\/natussensory.com\/wp-includes\/images\/media\/default.png","width":800,"height":450,"sizes":{"thumbnail":"https:\/\/natussensory.com\/wp-content\/uploads\/Otoscan-cradle-headset_spot.png","thumbnail-width":128,"thumbnail-height":72,"medium":"https:\/\/natussensory.com\/wp-content\/uploads\/Otoscan-cradle-headset_spot.png","medium-width":800,"medium-height":450,"medium_large":"https:\/\/natussensory.com\/wp-content\/uploads\/Otoscan-cradle-headset_spot-768x432.png","medium_large-width":768,"medium_large-height":432,"large":"https:\/\/natussensory.com\/wp-content\/uploads\/Otoscan-cradle-headset_spot.png","large-width":800,"large-height":450,"1536x1536":"https:\/\/natussensory.com\/wp-content\/uploads\/Otoscan-cradle-headset_spot.png","1536x1536-width":800,"1536x1536-height":450,"2048x2048":"https:\/\/natussensory.com\/wp-content\/uploads\/Otoscan-cradle-headset_spot.png","2048x2048-width":800,"2048x2048-height":450}},"label":"","title":"Warum Otoscan?","description":"<ul>\n<li><strong>Bew\u00e4hrt und zuverl\u00e4ssig:<\/strong> Eine etablierte L\u00f6sung, der H\u00f6rakustikbetriebe weltweit vertrauen.<\/li>\n<\/ul>\n<ul>\n<li><strong>Ideal f\u00fcr IIC- &amp; CIC-Anpassungen:<\/strong> Erzielen Sie un\u00fcbertroffene Pr\u00e4zision bei den kleinsten ma\u00dfgefertigten H\u00f6rsystemen.<\/li>\n<\/ul>\n<ul>\n<li><strong>Besser f\u00fcr Ihre Kunden:<\/strong> Schnellere, komfortablere und interaktivere Anpasserlebnisse.<\/li>\n<\/ul>\n<ul>\n<li><strong>Besser f\u00fcr Ihr Unternehmen:<\/strong> Reduzieren Sie Korrekturen, senken Sie Versandkosten und gewinnen Sie mehr Zeit f\u00fcr Ihre Kunden.<\/li>\n<\/ul>\n<ul>\n<li><strong>Besser f\u00fcr die Umwelt:<\/strong> Keine physischen Abformungen \u2013 weniger Materialverbrauch und Abfall.<\/li>\n<\/ul>\n<ul>\n<li><strong>Setzen Sie sich ab:<\/strong> Das Ger\u00e4t f\u00fcr Fachleute, die die Zukunft der H\u00f6rakustik gestalten \u2013 nicht nur begleiten.<\/li>\n<\/ul>\n<p>&nbsp;<\/p>\n<p><span style=\"font-size: 18px;\"><strong>Ihr Mehrwert:<\/strong><\/span><\/p>\n<ul>\n<li>Einfaches Einmalkauf-Modell **<\/li>\n<\/ul>\n<ul>\n<li>Geringere langfristige Kosten<\/li>\n<\/ul>\n<ul>\n<li>Ein komplettes \u00d6kosystem, unterst\u00fctzt von Natus Sensory \u2013 ein Partner, dem Sie vertrauen k\u00f6nnen<\/li>\n<\/ul>\n","link":null}},{"acf_fc_layout":"contact","_acfe_flexible_toggle":"","contact_form_landing":{"module_options":{"":null,"module_id":"contact","module_class":"","module_background_type":"color","module_background_color":"","module_background_image":false,"module_background_video":"","activate_custom_padding":false,"padding_top_desktop":0,"padding_top_tablet":"","padding_top_mobile":"","padding_bottom_desktop":"","padding_bottom_tablet":"","padding_bottom_mobile":"","activate_custom_margin":false,"margin_top_desktop":"","margin_top_tablet":"","margin_top_mobile":"","margin_bottom_desktop":"","margin_bottom_tablet":"","margin_bottom_mobile":"","disable_on":[],"content_alignment_desktop":"left","content_alignment_tablet":"left","content_alignment_mobile":"left"},"":null,"activate_intro":true,"intro_text":"Angebot anfragen","intro_text_color":"","intro_link":null,"activate_description":false,"description_title":"","description_copy":"","embed_code":"<script charset=\"utf-8\" type=\"text\/javascript\" src=\"\/\/js.hsforms.net\/forms\/embed\/v2.js\"><\/script>\r\n<script>\r\n  hbspt.forms.create({\r\n    portalId: \"3002890\",\r\n    formId: \"005fa42c-a093-4e86-9fb6-d5cc94b7536c\",\r\n    region: \"na1\"\r\n  });\r\n<\/script>"}},{"acf_fc_layout":"simple_content","_acfe_flexible_layout_title":"Terms and conditions","_acfe_flexible_toggle":"","content_full_width_landing":{"module_options":{"":null,"module_id":"n68b58e9b96c73","module_class":"","module_background_type":"color","module_background_color":"","module_background_image":false,"module_background_video":"","activate_custom_padding":true,"padding_top_desktop":"0","padding_top_tablet":"0","padding_top_mobile":"0","padding_bottom_desktop":"0","padding_bottom_tablet":"0","padding_bottom_mobile":"0","activate_custom_margin":false,"margin_top_desktop":"","margin_top_tablet":"","margin_top_mobile":"","margin_bottom_desktop":"","margin_bottom_tablet":"","margin_bottom_mobile":"","disable_on":[],"content_alignment_desktop":"left","content_alignment_tablet":"left","content_alignment_mobile":"left"},"activate_custom_container_width":false,"container_width":"","content":"<p>&nbsp;<\/p>\n<p>&nbsp;<\/p>\n<p style=\"font-weight: bold;\">Allgemeine Gesch\u00e4ftsbedingungen:<\/p>\n<p><span style=\"font-size: 14px;\">* Gilt f\u00fcr die Lebensdauer des Otoscan-Ger\u00e4ts anhand der Seriennummer.<\/span><\/p>\n<p><span style=\"font-size: 14px;\">** \u00dcberschreitung der j\u00e4hrlichen 500 Scan-Downloads f\u00fchrt zu zus\u00e4tzlichen Kosten.<\/span><\/p>\n<p>&nbsp;<\/p>\n"}}]},"_links":{"self":[{"href":"https:\/\/natussensory.com\/de\/wp-json\/wp\/v2\/pages\/27939","targetHints":{"allow":["GET"]}}],"collection":[{"href":"https:\/\/natussensory.com\/de\/wp-json\/wp\/v2\/pages"}],"about":[{"href":"https:\/\/natussensory.com\/de\/wp-json\/wp\/v2\/types\/page"}],"author":[{"embeddable":true,"href":"https:\/\/natussensory.com\/de\/wp-json\/wp\/v2\/users\/4"}],"replies":[{"embeddable":true,"href":"https:\/\/natussensory.com\/de\/wp-json\/wp\/v2\/comments?post=27939"}],"version-history":[{"count":6,"href":"https:\/\/natussensory.com\/de\/wp-json\/wp\/v2\/pages\/27939\/revisions"}],"predecessor-version":[{"id":27974,"href":"https:\/\/natussensory.com\/de\/wp-json\/wp\/v2\/pages\/27939\/revisions\/27974"}],"wp:attachment":[{"href":"https:\/\/natussensory.com\/de\/wp-json\/wp\/v2\/media?parent=27939"}],"wp:term":[{"taxonomy":"category","embeddable":true,"href":"https:\/\/natussensory.com\/de\/wp-json\/wp\/v2\/categories?post=27939"},{"taxonomy":"post_tag","embeddable":true,"href":"https:\/\/natussensory.com\/de\/wp-json\/wp\/v2\/tags?post=27939"}],"curies":[{"name":"wp","href":"https:\/\/api.w.org\/{rel}","templated":true}]}}