{"id":24887,"date":"2025-06-25T14:10:45","date_gmt":"2025-06-25T14:10:45","guid":{"rendered":"https:\/\/natussensory.com\/produkte\/oae-abr-screeners\/"},"modified":"2025-10-23T12:04:50","modified_gmt":"2025-10-23T12:04:50","slug":"oae-abr-screener","status":"publish","type":"page","link":"https:\/\/natussensory.com\/de\/produkte\/oae-abr-screener\/","title":{"rendered":"OAE\/ABR Screener"},"content":{"rendered":"","protected":false},"excerpt":{"rendered":"","protected":false},"author":4,"featured_media":0,"parent":11016,"menu_order":0,"comment_status":"closed","ping_status":"closed","template":"","meta":{"_acf_changed":false,"inline_featured_image":false,"footnotes":""},"categories":[307],"tags":[],"class_list":["post-24887","page","type-page","status-publish","hentry","category-hoerscreening"],"acf":{"content_blocks":[{"acf_fc_layout":"spacer","_acfe_flexible_toggle":"","spacer":{"module_options":{"":null,"module_id":"n682c85f324428","module_class":"","module_background_type":"color","module_background_color":"#473089","module_background_image":false,"module_background_video":"","activate_custom_padding":false,"padding_top_desktop":0,"padding_top_tablet":"","padding_top_mobile":"","padding_bottom_desktop":"","padding_bottom_tablet":"","padding_bottom_mobile":"","activate_custom_margin":false,"margin_top_desktop":"","margin_top_tablet":"","margin_top_mobile":"","margin_bottom_desktop":"","margin_bottom_tablet":"","margin_bottom_mobile":"","disable_on":[],"content_alignment_desktop":"left","content_alignment_tablet":"left","content_alignment_mobile":"left"},"height":"160"}},{"acf_fc_layout":"simple_content","_acfe_flexible_toggle":"","content_full_width_landing":{"module_options":{"":null,"module_id":"n68481ff96f7b3","module_class":"","module_background_type":"color","module_background_color":"#d4e9f9","module_background_image":false,"module_background_video":"","activate_custom_padding":false,"padding_top_desktop":0,"padding_top_tablet":"","padding_top_mobile":"","padding_bottom_desktop":"","padding_bottom_tablet":"","padding_bottom_mobile":"","activate_custom_margin":false,"margin_top_desktop":"","margin_top_tablet":"","margin_top_mobile":"","margin_bottom_desktop":"","margin_bottom_tablet":"","margin_bottom_mobile":"","disable_on":[],"content_alignment_desktop":"left","content_alignment_tablet":"left","content_alignment_mobile":"left"},"activate_custom_container_width":false,"container_width":"","content":"<h1 style=\"text-align: center;\"><span class=\"TextRun SCXW154935587 BCX0\" lang=\"EN-US\" xml:lang=\"EN-US\" data-contrast=\"none\"><span class=\"NormalTextRun SCXW154935587 BCX0\">OAE\/ABR Screener<\/span><\/span><span class=\"EOP SCXW154935587 BCX0\" data-ccp-props=\"{&quot;335551550&quot;:2,&quot;335551620&quot;:2}\">\u00a0<\/span><\/h1>\n<p style=\"text-align: center;\"><span style=\"font-size: 18px;\"><span class=\"TextRun SCXW250077597 BCX0\" lang=\"DE-DE\" xml:lang=\"DE-DE\" data-contrast=\"auto\"><span class=\"NormalTextRun SCXW250077597 BCX0\">Unsere<\/span><span class=\"NormalTextRun SCXW250077597 BCX0\"> OAE- und AABR-<\/span><span class=\"NormalTextRun SpellingErrorV2Themed SCXW250077597 BCX0\">Screener<\/span> <span class=\"NormalTextRun SCXW250077597 BCX0\">vereinen<\/span> <span class=\"NormalTextRun SCXW250077597 BCX0\">hohe<\/span> <span class=\"NormalTextRun SCXW250077597 BCX0\">Mobilit\u00e4t<\/span> <span class=\"NormalTextRun SCXW250077597 BCX0\">mit<\/span> <span class=\"NormalTextRun SCXW250077597 BCX0\">fortschrittlichen<\/span> <span class=\"NormalTextRun SCXW250077597 BCX0\">Testfunktionen<\/span><span class=\"NormalTextRun SCXW250077597 BCX0\"> f\u00fcr <\/span><span class=\"NormalTextRun SCXW250077597 BCX0\">effiziente<\/span> <span class=\"NormalTextRun SCXW250077597 BCX0\">H\u00f6rscreenings<\/span> <span class=\"NormalTextRun SCXW250077597 BCX0\">bei<\/span> <span class=\"NormalTextRun SCXW250077597 BCX0\">allen<\/span> <span class=\"NormalTextRun SCXW250077597 BCX0\">Altersgruppen<\/span><span class=\"NormalTextRun SCXW250077597 BCX0\">. Dank <\/span><span class=\"NormalTextRun SCXW250077597 BCX0\">handlicher<\/span><span class=\"NormalTextRun SCXW250077597 BCX0\"> Designs <\/span><span class=\"NormalTextRun SCXW250077597 BCX0\">mit<\/span><span class=\"NormalTextRun SCXW250077597 BCX0\"> Touchscreen-<\/span><span class=\"NormalTextRun SCXW250077597 BCX0\">Bedienung<\/span><span class=\"NormalTextRun SCXW250077597 BCX0\">, <\/span><span class=\"NormalTextRun SCXW250077597 BCX0\">integrierter<\/span> <span class=\"NormalTextRun SpellingErrorV2Themed SCXW250077597 BCX0\">Sonden\u00fcberpr\u00fcfung<\/span><span class=\"NormalTextRun SCXW250077597 BCX0\"> und <\/span><span class=\"NormalTextRun SCXW250077597 BCX0\">kinderfreundlichen<\/span> <span class=\"NormalTextRun SCXW250077597 BCX0\">Ablenkungsmodi<\/span> <span class=\"NormalTextRun SCXW250077597 BCX0\">erm\u00f6glichen<\/span> <span class=\"NormalTextRun SCXW250077597 BCX0\">diese<\/span> <span class=\"NormalTextRun SCXW250077597 BCX0\">Ger\u00e4te<\/span> <span class=\"NormalTextRun SCXW250077597 BCX0\">schnelle<\/span><span class=\"NormalTextRun SCXW250077597 BCX0\">, <\/span><span class=\"NormalTextRun SCXW250077597 BCX0\">simultane<\/span> <span class=\"NormalTextRun SCXW250077597 BCX0\">binaurale<\/span><span class=\"NormalTextRun SCXW250077597 BCX0\"> Tests und <\/span><span class=\"NormalTextRun SCXW250077597 BCX0\">anpassbare<\/span> <span class=\"NormalTextRun SCXW250077597 BCX0\">Testprotokolle<\/span><span class=\"NormalTextRun SCXW250077597 BCX0\">. <\/span><span class=\"NormalTextRun SCXW250077597 BCX0\">Integriertes<\/span> <span class=\"NormalTextRun SCXW250077597 BCX0\">Datenmanagement<\/span><span class=\"NormalTextRun SCXW250077597 BCX0\"> und flexible <\/span><span class=\"NormalTextRun SCXW250077597 BCX0\">Konfigurationsm\u00f6glichkeiten<\/span> <span class=\"NormalTextRun SCXW250077597 BCX0\">unterst\u00fctzen<\/span> <span class=\"NormalTextRun SCXW250077597 BCX0\">optimierte<\/span> <span class=\"NormalTextRun SCXW250077597 BCX0\">Arbeitsabl\u00e4ufe<\/span><span class=\"NormalTextRun SCXW250077597 BCX0\"> und <\/span><span class=\"NormalTextRun SCXW250077597 BCX0\">ein<\/span> <span class=\"NormalTextRun SCXW250077597 BCX0\">umfassendes<\/span> <span class=\"NormalTextRun SCXW250077597 BCX0\">H\u00f6rscreening<\/span><span class=\"NormalTextRun SCXW250077597 BCX0\"> in <\/span><span class=\"NormalTextRun SCXW250077597 BCX0\">klinischen<\/span><span class=\"NormalTextRun SCXW250077597 BCX0\"> und <\/span><span class=\"NormalTextRun SCXW250077597 BCX0\">gemeindenahen<\/span> <span class=\"NormalTextRun SCXW250077597 BCX0\">Umgebungen<\/span><span class=\"NormalTextRun SCXW250077597 BCX0\">.<\/span><\/span><span class=\"EOP SCXW250077597 BCX0\" data-ccp-props=\"{&quot;134233117&quot;:false,&quot;134233118&quot;:false,&quot;335551550&quot;:2,&quot;335551620&quot;:2,&quot;335559738&quot;:240,&quot;335559739&quot;:240}\">\u00a0<\/span><\/span><\/p>\n"}},{"acf_fc_layout":"related_products","_acfe_flexible_toggle":"","tiles_3_columns_landing":{"module_options":{"":null,"module_id":"n682c87cfb8053","module_class":"","module_background_type":"color","module_background_color":"","module_background_image":false,"module_background_video":"","activate_custom_padding":false,"padding_top_desktop":0,"padding_top_tablet":"","padding_top_mobile":"","padding_bottom_desktop":"","padding_bottom_tablet":"","padding_bottom_mobile":"","activate_custom_margin":false,"margin_top_desktop":"","margin_top_tablet":"","margin_top_mobile":"","margin_bottom_desktop":"","margin_bottom_tablet":"","margin_bottom_mobile":"","disable_on":[],"content_alignment_desktop":"left","content_alignment_tablet":"left","content_alignment_mobile":"left"},"intro_text":"Produkte ","intro_text_color":"","intro_link":{"type":"post","value":"1518","url":"https:\/\/natussensory.com\/products\/","name":"Products","title":"Alle Produkte anzeigen ","target":""},"tiles":[{"label":"","label_background_color":"#d4e9f9","image":{"ID":8888,"id":8888,"title":"Accuscreen_linkspot","filename":"Accuscreen_linkspot.jpg","filesize":34234,"url":"https:\/\/natussensory.com\/wp-content\/uploads\/Accuscreen_linkspot.jpg","link":"https:\/\/natussensory.com\/de\/produkte\/algo-7i\/accuscreen_linkspot-2\/","alt":"Accuscreen","author":"4","description":"","caption":"","name":"accuscreen_linkspot-2","status":"inherit","uploaded_to":11548,"date":"2023-10-01 14:24:14","modified":"2025-08-06 14:23:23","menu_order":0,"mime_type":"image\/jpeg","type":"image","subtype":"jpeg","icon":"https:\/\/natussensory.com\/wp-includes\/images\/media\/default.png","width":600,"height":300,"sizes":{"thumbnail":"https:\/\/natussensory.com\/wp-content\/uploads\/Accuscreen_linkspot.jpg","thumbnail-width":128,"thumbnail-height":64,"medium":"https:\/\/natussensory.com\/wp-content\/uploads\/Accuscreen_linkspot.jpg","medium-width":600,"medium-height":300,"medium_large":"https:\/\/natussensory.com\/wp-content\/uploads\/Accuscreen_linkspot.jpg","medium_large-width":600,"medium_large-height":300,"large":"https:\/\/natussensory.com\/wp-content\/uploads\/Accuscreen_linkspot.jpg","large-width":600,"large-height":300,"1536x1536":"https:\/\/natussensory.com\/wp-content\/uploads\/Accuscreen_linkspot.jpg","1536x1536-width":600,"1536x1536-height":300,"2048x2048":"https:\/\/natussensory.com\/wp-content\/uploads\/Accuscreen_linkspot.jpg","2048x2048-width":600,"2048x2048-height":300}},"title":"Handgehaltenes OAE-\/ABR-Screeningger\u00e4t mit schneller simultaner binauraler Testung, anpassbaren Einstellungen und integriertem Datenmanagement. ","link":{"type":"post","value":"4633","url":"https:\/\/natussensory.com\/products\/madsen-accuscreen\/","name":"Madsen\u00ae Accuscreen\u00ae &#8211; Newborn Hearing Screener","title":"Madsen<sup>\u00ae<\/sup> Accuscreen<sup>\u00ae<\/sup>","target":""}}]}},{"acf_fc_layout":"left_image_right_content_single_cta","_acfe_flexible_layout_title":"Contacts us","_acfe_flexible_toggle":"","left_image_right_content_single_cta_landing":{"module_options":{"":null,"module_id":"n685a5d301dba3","module_class":"","module_background_type":"color","module_background_color":"","module_background_image":false,"module_background_video":"","activate_custom_padding":false,"padding_top_desktop":0,"padding_top_tablet":"","padding_top_mobile":"","padding_bottom_desktop":"","padding_bottom_tablet":"","padding_bottom_mobile":"","activate_custom_margin":false,"margin_top_desktop":"","margin_top_tablet":"","margin_top_mobile":"","margin_bottom_desktop":"","margin_bottom_tablet":"","margin_bottom_mobile":"","disable_on":[],"content_alignment_desktop":"left","content_alignment_tablet":"left","content_alignment_mobile":"left"},"image":{"ID":4239,"id":4239,"title":"Contact Us 800x450","filename":"Contact-Us-800x450-1.png","filesize":437541,"url":"https:\/\/natussensory.com\/wp-content\/uploads\/Contact-Us-800x450-1.png","link":"https:\/\/natussensory.com\/de\/produkte\/contact-us-800x450-2\/","alt":"Shaking Hands - Contact Us","author":"4","description":"","caption":"","name":"contact-us-800x450-2","status":"inherit","uploaded_to":11016,"date":"2023-09-14 17:35:31","modified":"2025-06-12 09:11:34","menu_order":0,"mime_type":"image\/png","type":"image","subtype":"png","icon":"https:\/\/natussensory.com\/wp-includes\/images\/media\/default.png","width":800,"height":450,"sizes":{"thumbnail":"https:\/\/natussensory.com\/wp-content\/uploads\/Contact-Us-800x450-1.png","thumbnail-width":128,"thumbnail-height":72,"medium":"https:\/\/natussensory.com\/wp-content\/uploads\/Contact-Us-800x450-1.png","medium-width":800,"medium-height":450,"medium_large":"https:\/\/natussensory.com\/wp-content\/uploads\/Contact-Us-800x450-1-768x432.png","medium_large-width":768,"medium_large-height":432,"large":"https:\/\/natussensory.com\/wp-content\/uploads\/Contact-Us-800x450-1.png","large-width":800,"large-height":450,"1536x1536":"https:\/\/natussensory.com\/wp-content\/uploads\/Contact-Us-800x450-1.png","1536x1536-width":800,"1536x1536-height":450,"2048x2048":"https:\/\/natussensory.com\/wp-content\/uploads\/Contact-Us-800x450-1.png","2048x2048-width":800,"2048x2048-height":450}},"label":"Angebot anfordern ","title":"Bereit, einen Unterschied in der Patientenversorgung zu machen? ","description":"<p><span class=\"TextRun SCXW21404167 BCX8\" data-contrast=\"auto\"><span class=\"NormalTextRun SCXW21404167 BCX8\"> Erfahren Sie mehr \u00fcber unsere branchenf\u00fchrenden L\u00f6sungen und wie wir Sie dabei unterst\u00fctzen k\u00f6nnen, die Patientenversorgung zu verbessern.<\/span><\/span><span class=\"EOP SCXW21404167 BCX8\" data-ccp-props=\"{}\">\u00a0<\/span><\/p>\n","link":{"type":"post","value":"892","url":"https:\/\/natussensory.com\/contact-us\/","name":"Contact us","title":" Kontaktieren Sie uns ","target":""}}}]},"_links":{"self":[{"href":"https:\/\/natussensory.com\/de\/wp-json\/wp\/v2\/pages\/24887","targetHints":{"allow":["GET"]}}],"collection":[{"href":"https:\/\/natussensory.com\/de\/wp-json\/wp\/v2\/pages"}],"about":[{"href":"https:\/\/natussensory.com\/de\/wp-json\/wp\/v2\/types\/page"}],"author":[{"embeddable":true,"href":"https:\/\/natussensory.com\/de\/wp-json\/wp\/v2\/users\/4"}],"replies":[{"embeddable":true,"href":"https:\/\/natussensory.com\/de\/wp-json\/wp\/v2\/comments?post=24887"}],"version-history":[{"count":5,"href":"https:\/\/natussensory.com\/de\/wp-json\/wp\/v2\/pages\/24887\/revisions"}],"predecessor-version":[{"id":25884,"href":"https:\/\/natussensory.com\/de\/wp-json\/wp\/v2\/pages\/24887\/revisions\/25884"}],"up":[{"embeddable":true,"href":"https:\/\/natussensory.com\/de\/wp-json\/wp\/v2\/pages\/11016"}],"wp:attachment":[{"href":"https:\/\/natussensory.com\/de\/wp-json\/wp\/v2\/media?parent=24887"}],"wp:term":[{"taxonomy":"category","embeddable":true,"href":"https:\/\/natussensory.com\/de\/wp-json\/wp\/v2\/categories?post=24887"},{"taxonomy":"post_tag","embeddable":true,"href":"https:\/\/natussensory.com\/de\/wp-json\/wp\/v2\/tags?post=24887"}],"curies":[{"name":"wp","href":"https:\/\/api.w.org\/{rel}","templated":true}]}}