{"id":24863,"date":"2025-06-25T08:19:19","date_gmt":"2025-06-25T08:19:19","guid":{"rendered":"https:\/\/natussensory.com\/produkte\/aabr-newborn-hearing-screeners\/"},"modified":"2025-10-31T13:52:38","modified_gmt":"2025-10-31T13:52:38","slug":"aabr-neugeborenen-hoerscreeninggeraet","status":"publish","type":"page","link":"https:\/\/natussensory.com\/de\/produkte\/aabr-neugeborenen-hoerscreeninggeraet\/","title":{"rendered":"AABR Neugeborenen-H\u00f6rscreeningger\u00e4t"},"content":{"rendered":"","protected":false},"excerpt":{"rendered":"","protected":false},"author":4,"featured_media":0,"parent":11016,"menu_order":0,"comment_status":"closed","ping_status":"closed","template":"","meta":{"_acf_changed":false,"inline_featured_image":false,"footnotes":""},"categories":[307],"tags":[],"class_list":["post-24863","page","type-page","status-publish","hentry","category-hoerscreening"],"acf":{"content_blocks":[{"acf_fc_layout":"spacer","_acfe_flexible_toggle":"","spacer":{"module_options":{"":null,"module_id":"n682c85f324428","module_class":"","module_background_type":"color","module_background_color":"#473089","module_background_image":false,"module_background_video":"","activate_custom_padding":false,"padding_top_desktop":0,"padding_top_tablet":"","padding_top_mobile":"","padding_bottom_desktop":"","padding_bottom_tablet":"","padding_bottom_mobile":"","activate_custom_margin":false,"margin_top_desktop":"","margin_top_tablet":"","margin_top_mobile":"","margin_bottom_desktop":"","margin_bottom_tablet":"","margin_bottom_mobile":"","disable_on":[],"content_alignment_desktop":"left","content_alignment_tablet":"left","content_alignment_mobile":"left"},"height":"160"}},{"acf_fc_layout":"simple_content","_acfe_flexible_toggle":"","content_full_width_landing":{"module_options":{"":null,"module_id":"n68481ff96f7b3","module_class":"","module_background_type":"color","module_background_color":"#d4e9f9","module_background_image":false,"module_background_video":"","activate_custom_padding":false,"padding_top_desktop":0,"padding_top_tablet":"","padding_top_mobile":"","padding_bottom_desktop":"","padding_bottom_tablet":"","padding_bottom_mobile":"","activate_custom_margin":false,"margin_top_desktop":"","margin_top_tablet":"","margin_top_mobile":"","margin_bottom_desktop":"","margin_bottom_tablet":"","margin_bottom_mobile":"","disable_on":[],"content_alignment_desktop":"left","content_alignment_tablet":"left","content_alignment_mobile":"left"},"activate_custom_container_width":false,"container_width":"","content":"<h1 style=\"text-align: center;\"><span class=\"TextRun SCXW31704421 BCX0\" lang=\"EN-US\" xml:lang=\"EN-US\" data-contrast=\"auto\"><span class=\"NormalTextRun SCXW31704421 BCX0\">AABR <\/span><span class=\"NormalTextRun SpellingErrorV2Themed SCXW31704421 BCX0\">Neugeborenen-H\u00f6rscreeningger\u00e4t<\/span><\/span><span class=\"EOP SCXW31704421 BCX0\" data-ccp-props=\"{&quot;335551550&quot;:2,&quot;335551620&quot;:2}\">\u00a0<\/span><\/h1>\n<p style=\"text-align: center;\"><span style=\"font-size: 18px;\"><span class=\"TextRun SCXW143196422 BCX0\" lang=\"DE-DE\" xml:lang=\"DE-DE\" data-contrast=\"auto\"><span class=\"NormalTextRun SCXW143196422 BCX0\">F\u00fcr Fachpersonal entwickelt, vereinen unsere AABR-Neugeborenen-<\/span><span class=\"NormalTextRun SpellingErrorV2Themed SCXW143196422 BCX0\">H\u00f6rscreeningger\u00e4te<\/span><span class=\"NormalTextRun SCXW143196422 BCX0\"> fortschrittliche <\/span><span class=\"NormalTextRun SpellingErrorV2Themed SCXW143196422 BCX0\">binomiale<\/span><span class=\"NormalTextRun SCXW143196422 BCX0\"> Detektion und kabellosen Betrieb mit intuitiver Touchscreen-Bedienung, flexiblen Screening-Modi und integrierten Workflow-Tools \u2013 und bieten so pr\u00e4zise, effiziente und benutzerfreundliche L\u00f6sungen f\u00fcr die fr\u00fchzeitige H\u00f6rdiagnostik in unterschiedlichen klinischen Umgebungen.<\/span><\/span><span class=\"EOP SCXW143196422 BCX0\" data-ccp-props=\"{&quot;134233117&quot;:false,&quot;134233118&quot;:false,&quot;335551550&quot;:2,&quot;335551620&quot;:2,&quot;335559738&quot;:240,&quot;335559739&quot;:240}\">\u00a0<\/span><\/span><\/p>\n"}},{"acf_fc_layout":"related_products","_acfe_flexible_toggle":"","tiles_3_columns_landing":{"module_options":{"":null,"module_id":"n682c87cfb8053","module_class":"","module_background_type":"color","module_background_color":"","module_background_image":false,"module_background_video":"","activate_custom_padding":false,"padding_top_desktop":0,"padding_top_tablet":"","padding_top_mobile":"","padding_bottom_desktop":"","padding_bottom_tablet":"","padding_bottom_mobile":"","activate_custom_margin":false,"margin_top_desktop":"","margin_top_tablet":"","margin_top_mobile":"","margin_bottom_desktop":"","margin_bottom_tablet":"","margin_bottom_mobile":"","disable_on":[],"content_alignment_desktop":"left","content_alignment_tablet":"left","content_alignment_mobile":"left"},"intro_text":"Produkte ","intro_text_color":"","intro_link":{"type":"post","value":"1518","url":"https:\/\/natussensory.com\/products\/","name":"Products","title":"Alle Produkte anzeigen ","target":""},"tiles":[{"label":"","label_background_color":"#d4e9f9","image":{"ID":8898,"id":8898,"title":"ALGO-7i_linkspot","filename":"ALGO-7i_linkspot.jpg","filesize":30220,"url":"https:\/\/natussensory.com\/wp-content\/uploads\/ALGO-7i_linkspot.jpg","link":"https:\/\/natussensory.com\/de\/produkte\/algo-7i\/algo-7i_linkspot-2\/","alt":"Algo7i","author":"4","description":"","caption":"","name":"algo-7i_linkspot-2","status":"inherit","uploaded_to":11548,"date":"2023-10-01 14:24:18","modified":"2025-08-06 14:10:09","menu_order":0,"mime_type":"image\/jpeg","type":"image","subtype":"jpeg","icon":"https:\/\/natussensory.com\/wp-includes\/images\/media\/default.png","width":600,"height":300,"sizes":{"thumbnail":"https:\/\/natussensory.com\/wp-content\/uploads\/ALGO-7i_linkspot.jpg","thumbnail-width":128,"thumbnail-height":64,"medium":"https:\/\/natussensory.com\/wp-content\/uploads\/ALGO-7i_linkspot.jpg","medium-width":600,"medium-height":300,"medium_large":"https:\/\/natussensory.com\/wp-content\/uploads\/ALGO-7i_linkspot.jpg","medium_large-width":600,"medium_large-height":300,"large":"https:\/\/natussensory.com\/wp-content\/uploads\/ALGO-7i_linkspot.jpg","large-width":600,"large-height":300,"1536x1536":"https:\/\/natussensory.com\/wp-content\/uploads\/ALGO-7i_linkspot.jpg","1536x1536-width":600,"1536x1536-height":300,"2048x2048":"https:\/\/natussensory.com\/wp-content\/uploads\/ALGO-7i_linkspot.jpg","2048x2048-width":600,"2048x2048-height":300}},"title":"Kompakter, automatisierter AABR-Screener mit binomialer Detektion, kabelloser Nutzung, Touchscreen und flexiblen Screening-Modi. ","link":{"type":"post","value":"4205","url":"https:\/\/natussensory.com\/products\/algo-7i\/","name":"ALGO\u00ae 7i Newborn Hearing Screener","title":"ALGO<sup>\u00ae<\/sup> 7i","target":""}}]}},{"acf_fc_layout":"left_image_right_content_single_cta","_acfe_flexible_layout_title":"Contacts us","_acfe_flexible_toggle":"","left_image_right_content_single_cta_landing":{"module_options":{"":null,"module_id":"n685a5d301dba3","module_class":"","module_background_type":"color","module_background_color":"","module_background_image":false,"module_background_video":"","activate_custom_padding":false,"padding_top_desktop":0,"padding_top_tablet":"","padding_top_mobile":"","padding_bottom_desktop":"","padding_bottom_tablet":"","padding_bottom_mobile":"","activate_custom_margin":false,"margin_top_desktop":"","margin_top_tablet":"","margin_top_mobile":"","margin_bottom_desktop":"","margin_bottom_tablet":"","margin_bottom_mobile":"","disable_on":[],"content_alignment_desktop":"left","content_alignment_tablet":"left","content_alignment_mobile":"left"},"image":{"ID":4239,"id":4239,"title":"Contact Us 800x450","filename":"Contact-Us-800x450-1.png","filesize":437541,"url":"https:\/\/natussensory.com\/wp-content\/uploads\/Contact-Us-800x450-1.png","link":"https:\/\/natussensory.com\/de\/produkte\/contact-us-800x450-2\/","alt":"Shaking Hands - Contact Us","author":"4","description":"","caption":"","name":"contact-us-800x450-2","status":"inherit","uploaded_to":11016,"date":"2023-09-14 17:35:31","modified":"2025-06-12 09:11:34","menu_order":0,"mime_type":"image\/png","type":"image","subtype":"png","icon":"https:\/\/natussensory.com\/wp-includes\/images\/media\/default.png","width":800,"height":450,"sizes":{"thumbnail":"https:\/\/natussensory.com\/wp-content\/uploads\/Contact-Us-800x450-1.png","thumbnail-width":128,"thumbnail-height":72,"medium":"https:\/\/natussensory.com\/wp-content\/uploads\/Contact-Us-800x450-1.png","medium-width":800,"medium-height":450,"medium_large":"https:\/\/natussensory.com\/wp-content\/uploads\/Contact-Us-800x450-1-768x432.png","medium_large-width":768,"medium_large-height":432,"large":"https:\/\/natussensory.com\/wp-content\/uploads\/Contact-Us-800x450-1.png","large-width":800,"large-height":450,"1536x1536":"https:\/\/natussensory.com\/wp-content\/uploads\/Contact-Us-800x450-1.png","1536x1536-width":800,"1536x1536-height":450,"2048x2048":"https:\/\/natussensory.com\/wp-content\/uploads\/Contact-Us-800x450-1.png","2048x2048-width":800,"2048x2048-height":450}},"label":"Angebot anfordern ","title":"Bereit, einen Unterschied in der Patientenversorgung zu machen? ","description":"<p><span class=\"TextRun SCXW262034266 BCX8\" data-contrast=\"auto\"><span class=\"NormalTextRun SCXW262034266 BCX8\">Erfahren Sie mehr \u00fcber unsere branchenf\u00fchrenden L\u00f6sungen und wie wir Sie dabei unterst\u00fctzen k\u00f6nnen, die Patientenversorgung zu verbessern.<\/span><\/span><span class=\"EOP SCXW262034266 BCX8\" data-ccp-props=\"{}\">\u00a0<\/span><\/p>\n","link":{"type":"post","value":"892","url":"https:\/\/natussensory.com\/contact-us\/","name":"Contact us","title":"Kontaktieren Sie uns ","target":""}}}]},"_links":{"self":[{"href":"https:\/\/natussensory.com\/de\/wp-json\/wp\/v2\/pages\/24863","targetHints":{"allow":["GET"]}}],"collection":[{"href":"https:\/\/natussensory.com\/de\/wp-json\/wp\/v2\/pages"}],"about":[{"href":"https:\/\/natussensory.com\/de\/wp-json\/wp\/v2\/types\/page"}],"author":[{"embeddable":true,"href":"https:\/\/natussensory.com\/de\/wp-json\/wp\/v2\/users\/4"}],"replies":[{"embeddable":true,"href":"https:\/\/natussensory.com\/de\/wp-json\/wp\/v2\/comments?post=24863"}],"version-history":[{"count":5,"href":"https:\/\/natussensory.com\/de\/wp-json\/wp\/v2\/pages\/24863\/revisions"}],"predecessor-version":[{"id":25872,"href":"https:\/\/natussensory.com\/de\/wp-json\/wp\/v2\/pages\/24863\/revisions\/25872"}],"up":[{"embeddable":true,"href":"https:\/\/natussensory.com\/de\/wp-json\/wp\/v2\/pages\/11016"}],"wp:attachment":[{"href":"https:\/\/natussensory.com\/de\/wp-json\/wp\/v2\/media?parent=24863"}],"wp:term":[{"taxonomy":"category","embeddable":true,"href":"https:\/\/natussensory.com\/de\/wp-json\/wp\/v2\/categories?post=24863"},{"taxonomy":"post_tag","embeddable":true,"href":"https:\/\/natussensory.com\/de\/wp-json\/wp\/v2\/tags?post=24863"}],"curies":[{"name":"wp","href":"https:\/\/api.w.org\/{rel}","templated":true}]}}