{"id":24638,"date":"2025-06-25T14:27:22","date_gmt":"2025-06-25T14:27:22","guid":{"rendered":"https:\/\/natussensory.com\/produkte\/ophthalmic-imaging\/"},"modified":"2025-08-20T13:05:56","modified_gmt":"2025-08-20T13:05:56","slug":"ophthalmische-bildgebung","status":"publish","type":"page","link":"https:\/\/natussensory.com\/de\/produkte\/ophthalmische-bildgebung\/","title":{"rendered":"Ophthalmische Bildgebung"},"content":{"rendered":"","protected":false},"excerpt":{"rendered":"","protected":false},"author":4,"featured_media":0,"parent":11016,"menu_order":0,"comment_status":"closed","ping_status":"closed","template":"","meta":{"_acf_changed":false,"inline_featured_image":false,"footnotes":""},"categories":[308],"tags":[],"class_list":["post-24638","page","type-page","status-publish","hentry","category-ophthalmische-bildgebung"],"acf":{"content_blocks":[{"acf_fc_layout":"spacer","_acfe_flexible_toggle":"","spacer":{"module_options":{"":null,"module_id":"n682c85f324428","module_class":"","module_background_type":"color","module_background_color":"#473089","module_background_image":false,"module_background_video":"","activate_custom_padding":false,"padding_top_desktop":0,"padding_top_tablet":"","padding_top_mobile":"","padding_bottom_desktop":"","padding_bottom_tablet":"","padding_bottom_mobile":"","activate_custom_margin":false,"margin_top_desktop":"","margin_top_tablet":"","margin_top_mobile":"","margin_bottom_desktop":"","margin_bottom_tablet":"","margin_bottom_mobile":"","disable_on":[],"content_alignment_desktop":"left","content_alignment_tablet":"left","content_alignment_mobile":"left"},"height":"160"}},{"acf_fc_layout":"simple_content","_acfe_flexible_toggle":"","content_full_width_landing":{"module_options":{"":null,"module_id":"n68481ff96f7b3","module_class":"","module_background_type":"color","module_background_color":"#d4e9f9","module_background_image":false,"module_background_video":"","activate_custom_padding":false,"padding_top_desktop":0,"padding_top_tablet":"","padding_top_mobile":"","padding_bottom_desktop":"","padding_bottom_tablet":"","padding_bottom_mobile":"","activate_custom_margin":false,"margin_top_desktop":"","margin_top_tablet":"","margin_top_mobile":"","margin_bottom_desktop":"","margin_bottom_tablet":"","margin_bottom_mobile":"","disable_on":[],"content_alignment_desktop":"left","content_alignment_tablet":"left","content_alignment_mobile":"left"},"activate_custom_container_width":false,"container_width":"","content":"<h1 style=\"text-align: center;\">Ophthalmische Bildgebung<\/h1>\n<p style=\"text-align: center;\"><span style=\"font-size: 18px;\"><span class=\"TextRun SCXW29602953 BCX0\" lang=\"DE-DE\" xml:lang=\"DE-DE\" data-contrast=\"auto\"><span class=\"NormalTextRun SCXW29602953 BCX0\">Bildgebungstechnologie f\u00fcr die Augenheilkunde, entwickelt f\u00fcr pr\u00e4zise p\u00e4diatrische Versorgung. Unsere Systeme liefern hochaufl\u00f6sende Weitfeld-Aufnahmen der Netzhaut und erm\u00f6glichen eine fr\u00fchzeitige Diagnose sowie optimierte klinische Arbeitsabl\u00e4ufe. Konzipiert zur Fr\u00fcherkennung und \u00dcberwachung p\u00e4diatrischer Augenerkrankungen.<\/span><\/span><\/span><\/p>\n"}},{"acf_fc_layout":"related_products","_acfe_flexible_toggle":"","tiles_3_columns_landing":{"module_options":{"":null,"module_id":"n682c87cfb8053","module_class":"","module_background_type":"color","module_background_color":"","module_background_image":false,"module_background_video":"","activate_custom_padding":false,"padding_top_desktop":0,"padding_top_tablet":"","padding_top_mobile":"","padding_bottom_desktop":"","padding_bottom_tablet":"","padding_bottom_mobile":"","activate_custom_margin":false,"margin_top_desktop":"","margin_top_tablet":"","margin_top_mobile":"","margin_bottom_desktop":"","margin_bottom_tablet":"","margin_bottom_mobile":"","disable_on":[],"content_alignment_desktop":"left","content_alignment_tablet":"left","content_alignment_mobile":"left"},"intro_text":"Produkte ","intro_text_color":"","intro_link":{"type":"post","value":"1518","url":"https:\/\/natussensory.com\/products\/","name":"Products","title":"Alle Produkte anzeigen ","target":""},"tiles":[{"label":"","label_background_color":"#d4e9f9","image":{"ID":7297,"id":7297,"title":"Retcam-Envision_all-products-link","filename":"Retcam-Envision_all-products-link.jpg","filesize":49217,"url":"https:\/\/natussensory.com\/wp-content\/uploads\/Retcam-Envision_all-products-link.jpg","link":"https:\/\/natussensory.com\/de\/produkte\/retcam-envision_all-products-link-2\/","alt":"Retcam-Envision","author":"4","description":"","caption":"","name":"retcam-envision_all-products-link-2","status":"inherit","uploaded_to":11016,"date":"2023-09-26 09:06:41","modified":"2025-08-06 12:53:49","menu_order":0,"mime_type":"image\/jpeg","type":"image","subtype":"jpeg","icon":"https:\/\/natussensory.com\/wp-includes\/images\/media\/default.png","width":500,"height":400,"sizes":{"thumbnail":"https:\/\/natussensory.com\/wp-content\/uploads\/Retcam-Envision_all-products-link.jpg","thumbnail-width":120,"thumbnail-height":96,"medium":"https:\/\/natussensory.com\/wp-content\/uploads\/Retcam-Envision_all-products-link.jpg","medium-width":500,"medium-height":400,"medium_large":"https:\/\/natussensory.com\/wp-content\/uploads\/Retcam-Envision_all-products-link.jpg","medium_large-width":500,"medium_large-height":400,"large":"https:\/\/natussensory.com\/wp-content\/uploads\/Retcam-Envision_all-products-link.jpg","large-width":500,"large-height":400,"1536x1536":"https:\/\/natussensory.com\/wp-content\/uploads\/Retcam-Envision_all-products-link.jpg","1536x1536-width":500,"1536x1536-height":400,"2048x2048":"https:\/\/natussensory.com\/wp-content\/uploads\/Retcam-Envision_all-products-link.jpg","2048x2048-width":500,"2048x2048-height":400}},"title":"Tragbares p\u00e4diatrisches Netzhaut-Bildgebungssystem mit ultraweitem Sichtfeld, Echtzeit-Fluoreszenzangiographie und zentralem Datenmanagement. ","link":{"type":"post","value":"6257","url":"https:\/\/natussensory.com\/products\/retcam-envision\/","name":"RetCam\u00ae &#8211; Envision ophthalmic imaging system","title":"RetCam<sup>\u00ae<\/sup> Envision","target":""}},{"label":"","label_background_color":"#d4e9f9","image":{"ID":7292,"id":7292,"title":"Retcam-Datalink_all-products-link","filename":"Retcam-Datalink_all-products-link.jpg","filesize":101420,"url":"https:\/\/natussensory.com\/wp-content\/uploads\/Retcam-Datalink_all-products-link.jpg","link":"https:\/\/natussensory.com\/de\/produkte\/retcam-datalink_all-products-link-2\/","alt":"DataLink for RetCam","author":"4","description":"","caption":"","name":"retcam-datalink_all-products-link-2","status":"inherit","uploaded_to":11016,"date":"2023-09-26 09:06:40","modified":"2025-08-06 12:48:50","menu_order":0,"mime_type":"image\/jpeg","type":"image","subtype":"jpeg","icon":"https:\/\/natussensory.com\/wp-includes\/images\/media\/default.png","width":500,"height":400,"sizes":{"thumbnail":"https:\/\/natussensory.com\/wp-content\/uploads\/Retcam-Datalink_all-products-link.jpg","thumbnail-width":120,"thumbnail-height":96,"medium":"https:\/\/natussensory.com\/wp-content\/uploads\/Retcam-Datalink_all-products-link.jpg","medium-width":500,"medium-height":400,"medium_large":"https:\/\/natussensory.com\/wp-content\/uploads\/Retcam-Datalink_all-products-link.jpg","medium_large-width":500,"medium_large-height":400,"large":"https:\/\/natussensory.com\/wp-content\/uploads\/Retcam-Datalink_all-products-link.jpg","large-width":500,"large-height":400,"1536x1536":"https:\/\/natussensory.com\/wp-content\/uploads\/Retcam-Datalink_all-products-link.jpg","1536x1536-width":500,"1536x1536-height":400,"2048x2048":"https:\/\/natussensory.com\/wp-content\/uploads\/Retcam-Datalink_all-products-link.jpg","2048x2048-width":500,"2048x2048-height":400}},"title":"DataLink f\u00fcr RetCam\u00ae Envision","link":{"type":"post","value":"11711","url":"https:\/\/natussensory.com\/de\/produkte\/datalink-fur-retcam-envision\/","name":"DataLink for RetCam\u00ae Envision &#8211; Remote-Retinographie","title":"DataLink","target":""}}]}},{"acf_fc_layout":"related_products","_acfe_flexible_toggle":"","tiles_3_columns_landing":{"module_options":{"":null,"module_id":"n68496d44383e3","module_class":"","module_background_type":"color","module_background_color":"","module_background_image":false,"module_background_video":"","activate_custom_padding":false,"padding_top_desktop":0,"padding_top_tablet":"","padding_top_mobile":"","padding_bottom_desktop":"","padding_bottom_tablet":"","padding_bottom_mobile":"","activate_custom_margin":false,"margin_top_desktop":"","margin_top_tablet":"","margin_top_mobile":"","margin_bottom_desktop":"","margin_bottom_tablet":"","margin_bottom_mobile":"","disable_on":[],"content_alignment_desktop":"left","content_alignment_tablet":"left","content_alignment_mobile":"left"},"intro_text":" Verwandte Einblicke \u2013 mehr als 50 Jahre Fachwissen und Erfahrung ","intro_text_color":"","intro_link":{"type":"post","value":"1527","url":"https:\/\/natussensory.com\/insights\/","name":"Insights","title":"Alle Einblicke anzeigen  ","target":""},"tiles":[{"label":"","label_background_color":"","image":{"ID":15145,"id":15145,"title":"Optimizing-ROP_insights-category","filename":"Optimizing-ROP_insights-category.png","filesize":168576,"url":"https:\/\/natussensory.com\/wp-content\/uploads\/Optimizing-ROP_insights-category.png","link":"https:\/\/natussensory.com\/de\/insights\/optimierung-des-screenings-von-neugeborenen-auf-rop\/optimizing-rop_insights-category-2\/","alt":" Clinician reviewing digital retinal imaging results for ROP diagnosis, supporting early detection and telemedicine-based screening in neonates.","author":"4","description":"","caption":"","name":"optimizing-rop_insights-category-2","status":"inherit","uploaded_to":16685,"date":"2023-10-13 08:54:57","modified":"2025-05-22 11:34:05","menu_order":0,"mime_type":"image\/png","type":"image","subtype":"png","icon":"https:\/\/natussensory.com\/wp-includes\/images\/media\/default.png","width":500,"height":400,"sizes":{"thumbnail":"https:\/\/natussensory.com\/wp-content\/uploads\/Optimizing-ROP_insights-category.png","thumbnail-width":120,"thumbnail-height":96,"medium":"https:\/\/natussensory.com\/wp-content\/uploads\/Optimizing-ROP_insights-category.png","medium-width":500,"medium-height":400,"medium_large":"https:\/\/natussensory.com\/wp-content\/uploads\/Optimizing-ROP_insights-category.png","medium_large-width":500,"medium_large-height":400,"large":"https:\/\/natussensory.com\/wp-content\/uploads\/Optimizing-ROP_insights-category.png","large-width":500,"large-height":400,"1536x1536":"https:\/\/natussensory.com\/wp-content\/uploads\/Optimizing-ROP_insights-category.png","1536x1536-width":500,"1536x1536-height":400,"2048x2048":"https:\/\/natussensory.com\/wp-content\/uploads\/Optimizing-ROP_insights-category.png","2048x2048-width":500,"2048x2048-height":400}},"title":"Optimierung des Screenings von Neugeborenen auf ROP","link":{"type":"post","value":"13965","url":"https:\/\/natussensory.com\/insights\/optimizing-the-rop-screening-process\/","name":"Optimizing the ROP screening process for neonates","title":"Mehr erfahren ","target":""}},{"label":"","label_background_color":"","image":{"ID":15186,"id":15186,"title":"Pediatric-retinal-diseases_insights-category","filename":"Pediatric-retinal-diseases_insights-category.jpg","filesize":113372,"url":"https:\/\/natussensory.com\/wp-content\/uploads\/Pediatric-retinal-diseases_insights-category.jpg","link":"https:\/\/natussensory.com\/de\/insights\/erkennung-paediatrischer-netzhauterkrankungen-bei-neugeborenen\/pediatric-retinal-diseases_insights-category-2\/","alt":"Close-up of a newborn\u2019s eye, illustrating the importance of early detection of pediatric retinal diseases such as retinoblastoma and congenital conditions.","author":"4","description":"","caption":"","name":"pediatric-retinal-diseases_insights-category-2","status":"inherit","uploaded_to":16679,"date":"2023-10-13 09:27:47","modified":"2025-05-22 11:09:25","menu_order":0,"mime_type":"image\/jpeg","type":"image","subtype":"jpeg","icon":"https:\/\/natussensory.com\/wp-includes\/images\/media\/default.png","width":500,"height":400,"sizes":{"thumbnail":"https:\/\/natussensory.com\/wp-content\/uploads\/Pediatric-retinal-diseases_insights-category.jpg","thumbnail-width":120,"thumbnail-height":96,"medium":"https:\/\/natussensory.com\/wp-content\/uploads\/Pediatric-retinal-diseases_insights-category.jpg","medium-width":500,"medium-height":400,"medium_large":"https:\/\/natussensory.com\/wp-content\/uploads\/Pediatric-retinal-diseases_insights-category.jpg","medium_large-width":500,"medium_large-height":400,"large":"https:\/\/natussensory.com\/wp-content\/uploads\/Pediatric-retinal-diseases_insights-category.jpg","large-width":500,"large-height":400,"1536x1536":"https:\/\/natussensory.com\/wp-content\/uploads\/Pediatric-retinal-diseases_insights-category.jpg","1536x1536-width":500,"1536x1536-height":400,"2048x2048":"https:\/\/natussensory.com\/wp-content\/uploads\/Pediatric-retinal-diseases_insights-category.jpg","2048x2048-width":500,"2048x2048-height":400}},"title":"Erkennung p\u00e4diatrischer Netzhauterkrankungen bei Neugeborenen","link":{"type":"post","value":"15183","url":"https:\/\/natussensory.com\/insights\/how-to-detect-pediatric-retinal-diseases-in-newborns\/","name":"Detect Pediatric Retinal Diseases in Newborns","title":"Mehr erfahren ","target":""}}]}},{"acf_fc_layout":"left_image_right_content_single_cta","_acfe_flexible_layout_title":"Contacts us","_acfe_flexible_toggle":"","left_image_right_content_single_cta_landing":{"module_options":{"":null,"module_id":"n685a5d301dba3","module_class":"","module_background_type":"color","module_background_color":"","module_background_image":false,"module_background_video":"","activate_custom_padding":false,"padding_top_desktop":0,"padding_top_tablet":"","padding_top_mobile":"","padding_bottom_desktop":"","padding_bottom_tablet":"","padding_bottom_mobile":"","activate_custom_margin":false,"margin_top_desktop":"","margin_top_tablet":"","margin_top_mobile":"","margin_bottom_desktop":"","margin_bottom_tablet":"","margin_bottom_mobile":"","disable_on":[],"content_alignment_desktop":"left","content_alignment_tablet":"left","content_alignment_mobile":"left"},"image":{"ID":4239,"id":4239,"title":"Contact Us 800x450","filename":"Contact-Us-800x450-1.png","filesize":437541,"url":"https:\/\/natussensory.com\/wp-content\/uploads\/Contact-Us-800x450-1.png","link":"https:\/\/natussensory.com\/de\/produkte\/contact-us-800x450-2\/","alt":"Shaking Hands - Contact Us","author":"4","description":"","caption":"","name":"contact-us-800x450-2","status":"inherit","uploaded_to":11016,"date":"2023-09-14 17:35:31","modified":"2025-06-12 09:11:34","menu_order":0,"mime_type":"image\/png","type":"image","subtype":"png","icon":"https:\/\/natussensory.com\/wp-includes\/images\/media\/default.png","width":800,"height":450,"sizes":{"thumbnail":"https:\/\/natussensory.com\/wp-content\/uploads\/Contact-Us-800x450-1.png","thumbnail-width":128,"thumbnail-height":72,"medium":"https:\/\/natussensory.com\/wp-content\/uploads\/Contact-Us-800x450-1.png","medium-width":800,"medium-height":450,"medium_large":"https:\/\/natussensory.com\/wp-content\/uploads\/Contact-Us-800x450-1-768x432.png","medium_large-width":768,"medium_large-height":432,"large":"https:\/\/natussensory.com\/wp-content\/uploads\/Contact-Us-800x450-1.png","large-width":800,"large-height":450,"1536x1536":"https:\/\/natussensory.com\/wp-content\/uploads\/Contact-Us-800x450-1.png","1536x1536-width":800,"1536x1536-height":450,"2048x2048":"https:\/\/natussensory.com\/wp-content\/uploads\/Contact-Us-800x450-1.png","2048x2048-width":800,"2048x2048-height":450}},"label":"Angebot anfordern ","title":" Bereit, einen Unterschied in der Patientenversorgung zu machen? ","description":"<p><span class=\"TextRun SCXW28619590 BCX8\" data-contrast=\"auto\"><span class=\"NormalTextRun SCXW28619590 BCX8\">Erfahren Sie mehr \u00fcber unsere branchenf\u00fchrenden L\u00f6sungen und wie wir Sie dabei unterst\u00fctzen k\u00f6nnen, die Patientenversorgung zu verbessern.<\/span><\/span><span class=\"EOP SCXW28619590 BCX8\" data-ccp-props=\"{}\">\u00a0<\/span><\/p>\n","link":{"type":"post","value":"892","url":"https:\/\/natussensory.com\/contact-us\/","name":"Contact us","title":"Kontaktieren Sie uns ","target":""}}}]},"_links":{"self":[{"href":"https:\/\/natussensory.com\/de\/wp-json\/wp\/v2\/pages\/24638","targetHints":{"allow":["GET"]}}],"collection":[{"href":"https:\/\/natussensory.com\/de\/wp-json\/wp\/v2\/pages"}],"about":[{"href":"https:\/\/natussensory.com\/de\/wp-json\/wp\/v2\/types\/page"}],"author":[{"embeddable":true,"href":"https:\/\/natussensory.com\/de\/wp-json\/wp\/v2\/users\/4"}],"replies":[{"embeddable":true,"href":"https:\/\/natussensory.com\/de\/wp-json\/wp\/v2\/comments?post=24638"}],"version-history":[{"count":7,"href":"https:\/\/natussensory.com\/de\/wp-json\/wp\/v2\/pages\/24638\/revisions"}],"predecessor-version":[{"id":25708,"href":"https:\/\/natussensory.com\/de\/wp-json\/wp\/v2\/pages\/24638\/revisions\/25708"}],"up":[{"embeddable":true,"href":"https:\/\/natussensory.com\/de\/wp-json\/wp\/v2\/pages\/11016"}],"wp:attachment":[{"href":"https:\/\/natussensory.com\/de\/wp-json\/wp\/v2\/media?parent=24638"}],"wp:term":[{"taxonomy":"category","embeddable":true,"href":"https:\/\/natussensory.com\/de\/wp-json\/wp\/v2\/categories?post=24638"},{"taxonomy":"post_tag","embeddable":true,"href":"https:\/\/natussensory.com\/de\/wp-json\/wp\/v2\/tags?post=24638"}],"curies":[{"name":"wp","href":"https:\/\/api.w.org\/{rel}","templated":true}]}}