{"id":24595,"date":"2025-06-24T15:51:31","date_gmt":"2025-06-24T15:51:31","guid":{"rendered":"https:\/\/natussensory.com\/produkte\/video-otoscope\/"},"modified":"2025-10-31T13:43:37","modified_gmt":"2025-10-31T13:43:37","slug":"video-otoskop","status":"publish","type":"page","link":"https:\/\/natussensory.com\/de\/produkte\/video-otoskop\/","title":{"rendered":"Video-Otoskop"},"content":{"rendered":"","protected":false},"excerpt":{"rendered":"","protected":false},"author":4,"featured_media":0,"parent":11016,"menu_order":0,"comment_status":"closed","ping_status":"closed","template":"","meta":{"_acf_changed":false,"inline_featured_image":false,"footnotes":""},"categories":[304],"tags":[],"class_list":["post-24595","page","type-page","status-publish","hentry","category-anpasssysteme"],"acf":{"content_blocks":[{"acf_fc_layout":"spacer","_acfe_flexible_toggle":"","spacer":{"module_options":{"":null,"module_id":"n682c85f324428","module_class":"","module_background_type":"color","module_background_color":"#473089","module_background_image":false,"module_background_video":"","activate_custom_padding":false,"padding_top_desktop":0,"padding_top_tablet":"","padding_top_mobile":"","padding_bottom_desktop":"","padding_bottom_tablet":"","padding_bottom_mobile":"","activate_custom_margin":false,"margin_top_desktop":"","margin_top_tablet":"","margin_top_mobile":"","margin_bottom_desktop":"","margin_bottom_tablet":"","margin_bottom_mobile":"","disable_on":[],"content_alignment_desktop":"left","content_alignment_tablet":"left","content_alignment_mobile":"left"},"height":"160"}},{"acf_fc_layout":"simple_content","_acfe_flexible_toggle":"","content_full_width_landing":{"module_options":{"":null,"module_id":"n68481ff96f7b3","module_class":"","module_background_type":"color","module_background_color":"#d4e9f9","module_background_image":false,"module_background_video":"","activate_custom_padding":false,"padding_top_desktop":0,"padding_top_tablet":"","padding_top_mobile":"","padding_bottom_desktop":"","padding_bottom_tablet":"","padding_bottom_mobile":"","activate_custom_margin":false,"margin_top_desktop":"","margin_top_tablet":"","margin_top_mobile":"","margin_bottom_desktop":"","margin_bottom_tablet":"","margin_bottom_mobile":"","disable_on":[],"content_alignment_desktop":"left","content_alignment_tablet":"left","content_alignment_mobile":"left"},"activate_custom_container_width":false,"container_width":"","content":"<h1 style=\"text-align: center;\"><span class=\"TextRun SCXW120428495 BCX0\" lang=\"EN-US\" xml:lang=\"EN-US\" data-contrast=\"none\"><span class=\"NormalTextRun SCXW120428495 BCX0\">Video-<\/span><span class=\"NormalTextRun SpellingErrorV2Themed SCXW120428495 BCX0\">Otoskop<\/span><\/span><span class=\"EOP SCXW120428495 BCX0\" data-ccp-props=\"{&quot;335551550&quot;:2,&quot;335551620&quot;:2}\">\u00a0<\/span><\/h1>\n<p style=\"text-align: center;\"><span style=\"font-size: 18px;\"><span class=\"TextRun SCXW33574964 BCX0\" lang=\"EN-US\" xml:lang=\"EN-US\" data-contrast=\"auto\"><span class=\"NormalTextRun SpellingErrorV2Themed SCXW33574964 BCX0\">Verbessern<\/span><span class=\"NormalTextRun SCXW33574964 BCX0\"> Sie <\/span><span class=\"NormalTextRun SpellingErrorV2Themed SCXW33574964 BCX0\">Ohruntersuchungen<\/span> <span class=\"NormalTextRun SpellingErrorV2Themed SCXW33574964 BCX0\">mit<\/span> <span class=\"NormalTextRun SpellingErrorV2Themed SCXW33574964 BCX0\">einem<\/span><span class=\"NormalTextRun SCXW33574964 BCX0\"> Video-<\/span><span class=\"NormalTextRun SpellingErrorV2Themed SCXW33574964 BCX0\">Otoskop<\/span><span class=\"NormalTextRun SCXW33574964 BCX0\">, das <\/span><span class=\"NormalTextRun SpellingErrorV2Themed SCXW33574964 BCX0\">\u00fcber<\/span> <span class=\"NormalTextRun SpellingErrorV2Themed SCXW33574964 BCX0\">herk\u00f6mmliche<\/span> <span class=\"NormalTextRun SpellingErrorV2Themed SCXW33574964 BCX0\">optische<\/span> <span class=\"NormalTextRun SpellingErrorV2Themed SCXW33574964 BCX0\">Otoskope<\/span> <span class=\"NormalTextRun SpellingErrorV2Themed SCXW33574964 BCX0\">hinausgeht<\/span><span class=\"NormalTextRun SCXW33574964 BCX0\">. Es <\/span><span class=\"NormalTextRun SpellingErrorV2Themed SCXW33574964 BCX0\">liefert<\/span> <span class=\"NormalTextRun SpellingErrorV2Themed SCXW33574964 BCX0\">hochaufl\u00f6sende<\/span> <span class=\"NormalTextRun SpellingErrorV2Themed SCXW33574964 BCX0\">Echtzeitbilder<\/span> <span class=\"NormalTextRun SpellingErrorV2Themed SCXW33574964 BCX0\">direkt<\/span><span class=\"NormalTextRun SCXW33574964 BCX0\"> auf dem <\/span><span class=\"NormalTextRun SpellingErrorV2Themed SCXW33574964 BCX0\">Bildschirm<\/span><span class=\"NormalTextRun SCXW33574964 BCX0\"> \u2013 f\u00fcr <\/span><span class=\"NormalTextRun SpellingErrorV2Themed SCXW33574964 BCX0\">eine<\/span> <span class=\"NormalTextRun SpellingErrorV2Themed SCXW33574964 BCX0\">einfachere<\/span> <span class=\"NormalTextRun SpellingErrorV2Themed SCXW33574964 BCX0\">Dokumentation<\/span><span class=\"NormalTextRun SCXW33574964 BCX0\">, <\/span><span class=\"NormalTextRun SpellingErrorV2Themed SCXW33574964 BCX0\">Beratung<\/span><span class=\"NormalTextRun SCXW33574964 BCX0\"> und <\/span><span class=\"NormalTextRun SpellingErrorV2Themed SCXW33574964 BCX0\">Fernansicht<\/span><span class=\"NormalTextRun SCXW33574964 BCX0\">. <\/span><span class=\"NormalTextRun SpellingErrorV2Themed SCXW33574964 BCX0\">Funktionen<\/span> <span class=\"NormalTextRun SpellingErrorV2Themed SCXW33574964 BCX0\">wie<\/span><span class=\"NormalTextRun SCXW33574964 BCX0\"> USB-Stromversorgung, <\/span><span class=\"NormalTextRun SpellingErrorV2Themed SCXW33574964 BCX0\">integrierte<\/span><span class=\"NormalTextRun SCXW33574964 BCX0\"> Anti-Beschlag-<\/span><span class=\"NormalTextRun SpellingErrorV2Themed SCXW33574964 BCX0\">Heizung<\/span><span class=\"NormalTextRun SCXW33574964 BCX0\"> und <\/span><span class=\"NormalTextRun SpellingErrorV2Themed SCXW33574964 BCX0\">Softwareintegration<\/span> <span class=\"NormalTextRun SpellingErrorV2Themed SCXW33574964 BCX0\">optimieren<\/span><span class=\"NormalTextRun SCXW33574964 BCX0\"> den <\/span><span class=\"NormalTextRun SpellingErrorV2Themed SCXW33574964 BCX0\">Arbeitsablauf<\/span><span class=\"NormalTextRun SCXW33574964 BCX0\"> und <\/span><span class=\"NormalTextRun SpellingErrorV2Themed SCXW33574964 BCX0\">erh\u00f6hen<\/span><span class=\"NormalTextRun SCXW33574964 BCX0\"> die <\/span><span class=\"NormalTextRun SpellingErrorV2Themed SCXW33574964 BCX0\">klinische<\/span> <span class=\"NormalTextRun SpellingErrorV2Themed SCXW33574964 BCX0\">Pr\u00e4zision<\/span><span class=\"NormalTextRun SCXW33574964 BCX0\">.<\/span><\/span><span class=\"EOP SCXW33574964 BCX0\" data-ccp-props=\"{&quot;335551550&quot;:2,&quot;335551620&quot;:2}\">\u00a0<\/span><\/span><\/p>\n"}},{"acf_fc_layout":"related_products","_acfe_flexible_toggle":"","tiles_3_columns_landing":{"module_options":{"":null,"module_id":"n682c87cfb8053","module_class":"","module_background_type":"color","module_background_color":"","module_background_image":false,"module_background_video":"","activate_custom_padding":false,"padding_top_desktop":0,"padding_top_tablet":"","padding_top_mobile":"","padding_bottom_desktop":"","padding_bottom_tablet":"","padding_bottom_mobile":"","activate_custom_margin":false,"margin_top_desktop":"","margin_top_tablet":"","margin_top_mobile":"","margin_bottom_desktop":"","margin_bottom_tablet":"","margin_bottom_mobile":"","disable_on":[],"content_alignment_desktop":"left","content_alignment_tablet":"left","content_alignment_mobile":"left"},"intro_text":"Produkte ","intro_text_color":"","intro_link":{"type":"post","value":"11016","url":"https:\/\/natussensory.com\/de\/produkte\/","name":"Produkte","title":"Alle Produkte anzeigen ","target":""},"tiles":[{"label":"","label_background_color":"#d4e9f9","image":{"ID":7717,"id":7717,"title":"Otocam300_linkspot","filename":"Otocam300_linkspot.jpg","filesize":43319,"url":"https:\/\/natussensory.com\/wp-content\/uploads\/Otocam300_linkspot.jpg","link":"https:\/\/natussensory.com\/de\/produkte\/aurical\/otocam300_linkspot-2\/","alt":"","author":"4","description":"","caption":"","name":"otocam300_linkspot-2","status":"inherit","uploaded_to":11569,"date":"2023-09-27 12:41:43","modified":"2023-09-27 12:41:43","menu_order":0,"mime_type":"image\/jpeg","type":"image","subtype":"jpeg","icon":"https:\/\/natussensory.com\/wp-includes\/images\/media\/default.png","width":600,"height":300,"sizes":{"thumbnail":"https:\/\/natussensory.com\/wp-content\/uploads\/Otocam300_linkspot.jpg","thumbnail-width":128,"thumbnail-height":64,"medium":"https:\/\/natussensory.com\/wp-content\/uploads\/Otocam300_linkspot.jpg","medium-width":600,"medium-height":300,"medium_large":"https:\/\/natussensory.com\/wp-content\/uploads\/Otocam300_linkspot.jpg","medium_large-width":600,"medium_large-height":300,"large":"https:\/\/natussensory.com\/wp-content\/uploads\/Otocam300_linkspot.jpg","large-width":600,"large-height":300,"1536x1536":"https:\/\/natussensory.com\/wp-content\/uploads\/Otocam300_linkspot.jpg","1536x1536-width":600,"1536x1536-height":300,"2048x2048":"https:\/\/natussensory.com\/wp-content\/uploads\/Otocam300_linkspot.jpg","2048x2048-width":600,"2048x2048-height":300}},"title":"Kompaktes, leichtes Video-Otoskop mit direkter Softwareintegration, Echtzeit-Bilderfassung und integrierter Kondensationskontrolle \u2013 f\u00fcr zuverl\u00e4ssige, hochaufl\u00f6sende Ohruntersuchungen. ","link":{"type":"post","value":"5313","url":"https:\/\/natussensory.com\/products\/aurical-otocam-300\/","name":"Aurical\u00ae Otocam 300 &#8211; Video Otoscope","title":"Aurical<sup>\u00ae<\/sup> Otocam 300","target":""}}]}},{"acf_fc_layout":"left_image_right_content_single_cta","_acfe_flexible_layout_title":"Contacts us","_acfe_flexible_toggle":"","left_image_right_content_single_cta_landing":{"module_options":{"":null,"module_id":"n685a5d301dba3","module_class":"","module_background_type":"color","module_background_color":"","module_background_image":false,"module_background_video":"","activate_custom_padding":false,"padding_top_desktop":0,"padding_top_tablet":"","padding_top_mobile":"","padding_bottom_desktop":"","padding_bottom_tablet":"","padding_bottom_mobile":"","activate_custom_margin":false,"margin_top_desktop":"","margin_top_tablet":"","margin_top_mobile":"","margin_bottom_desktop":"","margin_bottom_tablet":"","margin_bottom_mobile":"","disable_on":[],"content_alignment_desktop":"left","content_alignment_tablet":"left","content_alignment_mobile":"left"},"image":{"ID":4239,"id":4239,"title":"Contact Us 800x450","filename":"Contact-Us-800x450-1.png","filesize":437541,"url":"https:\/\/natussensory.com\/wp-content\/uploads\/Contact-Us-800x450-1.png","link":"https:\/\/natussensory.com\/de\/produkte\/contact-us-800x450-2\/","alt":"Shaking Hands - Contact Us","author":"4","description":"","caption":"","name":"contact-us-800x450-2","status":"inherit","uploaded_to":11016,"date":"2023-09-14 17:35:31","modified":"2025-06-12 09:11:34","menu_order":0,"mime_type":"image\/png","type":"image","subtype":"png","icon":"https:\/\/natussensory.com\/wp-includes\/images\/media\/default.png","width":800,"height":450,"sizes":{"thumbnail":"https:\/\/natussensory.com\/wp-content\/uploads\/Contact-Us-800x450-1.png","thumbnail-width":128,"thumbnail-height":72,"medium":"https:\/\/natussensory.com\/wp-content\/uploads\/Contact-Us-800x450-1.png","medium-width":800,"medium-height":450,"medium_large":"https:\/\/natussensory.com\/wp-content\/uploads\/Contact-Us-800x450-1-768x432.png","medium_large-width":768,"medium_large-height":432,"large":"https:\/\/natussensory.com\/wp-content\/uploads\/Contact-Us-800x450-1.png","large-width":800,"large-height":450,"1536x1536":"https:\/\/natussensory.com\/wp-content\/uploads\/Contact-Us-800x450-1.png","1536x1536-width":800,"1536x1536-height":450,"2048x2048":"https:\/\/natussensory.com\/wp-content\/uploads\/Contact-Us-800x450-1.png","2048x2048-width":800,"2048x2048-height":450}},"label":"Angebot anfordern ","title":"Bereit, einen Unterschied in der Patientenversorgung zu machen? ","description":"<p><span class=\"TextRun SCXW137801999 BCX8\" data-contrast=\"auto\"><span class=\"NormalTextRun SCXW137801999 BCX8\">Erfahren Sie mehr \u00fcber unsere branchenf\u00fchrenden L\u00f6sungen und wie wir Sie dabei unterst\u00fctzen k\u00f6nnen, die Patientenversorgung zu verbessern.<\/span><\/span><span class=\"EOP SCXW137801999 BCX8\" data-ccp-props=\"{}\">\u00a0<\/span><\/p>\n","link":{"type":"post","value":"892","url":"https:\/\/natussensory.com\/contact-us\/","name":"Contact us","title":"Kontaktieren Sie uns ","target":""}}}]},"_links":{"self":[{"href":"https:\/\/natussensory.com\/de\/wp-json\/wp\/v2\/pages\/24595","targetHints":{"allow":["GET"]}}],"collection":[{"href":"https:\/\/natussensory.com\/de\/wp-json\/wp\/v2\/pages"}],"about":[{"href":"https:\/\/natussensory.com\/de\/wp-json\/wp\/v2\/types\/page"}],"author":[{"embeddable":true,"href":"https:\/\/natussensory.com\/de\/wp-json\/wp\/v2\/users\/4"}],"replies":[{"embeddable":true,"href":"https:\/\/natussensory.com\/de\/wp-json\/wp\/v2\/comments?post=24595"}],"version-history":[{"count":5,"href":"https:\/\/natussensory.com\/de\/wp-json\/wp\/v2\/pages\/24595\/revisions"}],"predecessor-version":[{"id":25759,"href":"https:\/\/natussensory.com\/de\/wp-json\/wp\/v2\/pages\/24595\/revisions\/25759"}],"up":[{"embeddable":true,"href":"https:\/\/natussensory.com\/de\/wp-json\/wp\/v2\/pages\/11016"}],"wp:attachment":[{"href":"https:\/\/natussensory.com\/de\/wp-json\/wp\/v2\/media?parent=24595"}],"wp:term":[{"taxonomy":"category","embeddable":true,"href":"https:\/\/natussensory.com\/de\/wp-json\/wp\/v2\/categories?post=24595"},{"taxonomy":"post_tag","embeddable":true,"href":"https:\/\/natussensory.com\/de\/wp-json\/wp\/v2\/tags?post=24595"}],"curies":[{"name":"wp","href":"https:\/\/api.w.org\/{rel}","templated":true}]}}