{"id":24566,"date":"2025-06-24T14:23:12","date_gmt":"2025-06-24T14:23:12","guid":{"rendered":"https:\/\/natussensory.com\/produkte\/fitting-systems\/"},"modified":"2025-12-19T13:03:47","modified_gmt":"2025-12-19T13:03:47","slug":"hoergeraete-anpasssystem","status":"publish","type":"page","link":"https:\/\/natussensory.com\/de\/produkte\/hoergeraete-anpasssystem\/","title":{"rendered":"H\u00f6rger\u00e4te-Anpasssystem"},"content":{"rendered":"","protected":false},"excerpt":{"rendered":"","protected":false},"author":4,"featured_media":0,"parent":11016,"menu_order":0,"comment_status":"closed","ping_status":"closed","template":"","meta":{"_acf_changed":false,"inline_featured_image":false,"footnotes":""},"categories":[304],"tags":[],"class_list":["post-24566","page","type-page","status-publish","hentry","category-anpasssysteme"],"acf":{"content_blocks":[{"acf_fc_layout":"spacer","_acfe_flexible_toggle":null,"spacer":{"module_options":{"":null,"module_id":"n682c85f324428","module_class":"","module_background_type":"color","module_background_color":"#473089","module_background_image":false,"module_background_video":"","activate_custom_padding":false,"padding_top_desktop":0,"padding_top_tablet":"","padding_top_mobile":"","padding_bottom_desktop":"","padding_bottom_tablet":"","padding_bottom_mobile":"","activate_custom_margin":false,"margin_top_desktop":"","margin_top_tablet":"","margin_top_mobile":"","margin_bottom_desktop":"","margin_bottom_tablet":"","margin_bottom_mobile":"","disable_on":[],"content_alignment_desktop":"left","content_alignment_tablet":"left","content_alignment_mobile":"left"},"height":"160"}},{"acf_fc_layout":"simple_content","_acfe_flexible_toggle":"","content_full_width_landing":{"module_options":{"":null,"module_id":"n68481ff96f7b3","module_class":"","module_background_type":"color","module_background_color":"#d4e9f9","module_background_image":false,"module_background_video":"","activate_custom_padding":false,"padding_top_desktop":0,"padding_top_tablet":"","padding_top_mobile":"","padding_bottom_desktop":"","padding_bottom_tablet":"","padding_bottom_mobile":"","activate_custom_margin":false,"margin_top_desktop":"","margin_top_tablet":"","margin_top_mobile":"","margin_bottom_desktop":"","margin_bottom_tablet":"","margin_bottom_mobile":"","disable_on":[],"content_alignment_desktop":"left","content_alignment_tablet":"left","content_alignment_mobile":"left"},"activate_custom_container_width":false,"container_width":"","content":"<h1 style=\"text-align: center;\"><span class=\"TextRun SCXW114132184 BCX0\" lang=\"EN-US\" xml:lang=\"EN-US\" data-contrast=\"auto\"><span class=\"NormalTextRun SpellingErrorV2Themed SCXW114132184 BCX0\">H\u00f6rger\u00e4te-Anpasssystem<\/span><\/span><span class=\"EOP SCXW114132184 BCX0\" data-ccp-props=\"{&quot;335551550&quot;:2,&quot;335551620&quot;:2}\">\u00a0<\/span><\/h1>\n<p style=\"text-align: center;\"><span style=\"font-size: 18px;\"><span class=\"TextRun SCXW34597434 BCX0\" lang=\"EN-US\" xml:lang=\"EN-US\" data-contrast=\"auto\"><span class=\"NormalTextRun SpellingErrorV2Themed SCXW34597434 BCX0\">Schenken<\/span><span class=\"NormalTextRun SCXW34597434 BCX0\"> Sie <\/span><span class=\"NormalTextRun SpellingErrorV2Themed SCXW34597434 BCX0\">Vertrauen<\/span> <span class=\"NormalTextRun SpellingErrorV2Themed SCXW34597434 BCX0\">bei<\/span> <span class=\"NormalTextRun SpellingErrorV2Themed SCXW34597434 BCX0\">jeder<\/span> <span class=\"NormalTextRun SpellingErrorV2Themed SCXW34597434 BCX0\">Anpassung<\/span><span class=\"NormalTextRun SCXW34597434 BCX0\"> \u2013 <\/span><span class=\"NormalTextRun SpellingErrorV2Themed SCXW34597434 BCX0\">mit<\/span> <span class=\"NormalTextRun SpellingErrorV2Themed SCXW34597434 BCX0\">L\u00f6sungen<\/span><span class=\"NormalTextRun SCXW34597434 BCX0\">, die auf <\/span><span class=\"NormalTextRun SpellingErrorV2Themed SCXW34597434 BCX0\">Pr\u00e4zision<\/span><span class=\"NormalTextRun SCXW34597434 BCX0\">, <\/span><span class=\"NormalTextRun SpellingErrorV2Themed SCXW34597434 BCX0\">Geschwindigkeit<\/span><span class=\"NormalTextRun SCXW34597434 BCX0\"> und <\/span><span class=\"NormalTextRun SpellingErrorV2Themed SCXW34597434 BCX0\">nahtlose<\/span><span class=\"NormalTextRun SCXW34597434 BCX0\"> Integration <\/span><span class=\"NormalTextRun SpellingErrorV2Themed SCXW34597434 BCX0\">ausgelegt<\/span> <span class=\"NormalTextRun SpellingErrorV2Themed SCXW34597434 BCX0\">sind<\/span><span class=\"NormalTextRun SCXW34597434 BCX0\">. Von <\/span><span class=\"NormalTextRun SpellingErrorV2Themed SCXW34597434 BCX0\">kabellosen<\/span><span class=\"NormalTextRun SCXW34597434 BCX0\"> In-situ-<\/span><span class=\"NormalTextRun SpellingErrorV2Themed SCXW34597434 BCX0\">Messungen<\/span><span class=\"NormalTextRun SCXW34597434 BCX0\"> (REM) <\/span><span class=\"NormalTextRun SpellingErrorV2Themed SCXW34597434 BCX0\">mit<\/span> <span class=\"NormalTextRun SpellingErrorV2Themed SCXW34597434 BCX0\">Aurical<span class=\"TextRun SCXW99697929 BCX0\" lang=\"EN-US\" xml:lang=\"EN-US\" data-contrast=\"auto\"><span class=\"NormalTextRun SCXW99697929 BCX0\"><sup>\u00ae<\/sup><\/span><\/span><\/span><span class=\"NormalTextRun SCXW34597434 BCX0\">\u00a0<\/span><span class=\"NormalTextRun SpellingErrorV2Themed SCXW34597434 BCX0\">Freefit<\/span><span class=\"NormalTextRun SCXW34597434 BCX0\"> bis <\/span><span class=\"NormalTextRun SpellingErrorV2Themed SCXW34597434 BCX0\">zur<\/span> <span class=\"NormalTextRun SpellingErrorV2Themed SCXW34597434 BCX0\">zuverl\u00e4ssigen<\/span> <span class=\"NormalTextRun SpellingErrorV2Themed SCXW34597434 BCX0\">Programmierung<\/span> <span class=\"NormalTextRun SpellingErrorV2Themed SCXW34597434 BCX0\">mit<\/span><span class=\"NormalTextRun SCXW34597434 BCX0\"> Hi-Pro<span class=\"TextRun SCXW165710261 BCX0\" lang=\"FR-FR\" xml:lang=\"FR-FR\" data-contrast=\"auto\"><span class=\"NormalTextRun SpellingErrorV2Themed SCXW165710261 BCX0\"><span class=\"TextRun SCXW99697929 BCX0\" lang=\"EN-US\" xml:lang=\"EN-US\" data-contrast=\"auto\"><span class=\"NormalTextRun SCXW99697929 BCX0\"><sup>\u00ae<\/sup><\/span><\/span><\/span><\/span> 2 <\/span><span class=\"NormalTextRun SpellingErrorV2Themed SCXW34597434 BCX0\">unterst\u00fctzen<\/span> <span class=\"NormalTextRun SpellingErrorV2Themed SCXW34597434 BCX0\">unsere<\/span><span class=\"NormalTextRun SCXW34597434 BCX0\"> Systeme <\/span><span class=\"NormalTextRun SpellingErrorV2Themed SCXW34597434 BCX0\">eine<\/span> <span class=\"NormalTextRun SpellingErrorV2Themed SCXW34597434 BCX0\">pr\u00e4zise<\/span><span class=\"NormalTextRun SCXW34597434 BCX0\">, <\/span><span class=\"NormalTextRun SpellingErrorV2Themed SCXW34597434 BCX0\">patientenorientierte<\/span> <span class=\"NormalTextRun SpellingErrorV2Themed SCXW34597434 BCX0\">Versorgung<\/span><span class=\"NormalTextRun SCXW34597434 BCX0\">.<\/span><\/span><span class=\"EOP SCXW34597434 BCX0\" data-ccp-props=\"{&quot;335551550&quot;:2,&quot;335551620&quot;:2}\">\u00a0<\/span><\/span><\/p>\n"}},{"acf_fc_layout":"related_products","_acfe_flexible_toggle":"","tiles_3_columns_landing":{"module_options":{"":null,"module_id":"n6859578b6a037","module_class":"","module_background_type":"color","module_background_color":"","module_background_image":false,"module_background_video":"","activate_custom_padding":false,"padding_top_desktop":0,"padding_top_tablet":"","padding_top_mobile":"","padding_bottom_desktop":"","padding_bottom_tablet":"","padding_bottom_mobile":"","activate_custom_margin":false,"margin_top_desktop":"","margin_top_tablet":"","margin_top_mobile":"","margin_bottom_desktop":"","margin_bottom_tablet":"","margin_bottom_mobile":"","disable_on":[],"content_alignment_desktop":"left","content_alignment_tablet":"left","content_alignment_mobile":"left"},"intro_text":"Produkte","intro_text_color":"","intro_link":{"type":"post","value":"11016","url":"https:\/\/natussensory.com\/de\/produkte\/","name":"Produkte","title":"Alle Produkte anzeigen","target":""},"tiles":[{"label":"","label_background_color":"","image":{"ID":7824,"id":7824,"title":"Aurical_linkspot","filename":"Aurical_linkspot.jpg","filesize":64048,"url":"https:\/\/natussensory.com\/wp-content\/uploads\/Aurical_linkspot.jpg","link":"https:\/\/natussensory.com\/de\/produkte\/aurical-freefit\/aurical_linkspot-2\/","alt":"","author":"4","description":"","caption":"","name":"aurical_linkspot-2","status":"inherit","uploaded_to":11579,"date":"2023-09-27 14:28:07","modified":"2023-10-05 18:08:40","menu_order":0,"mime_type":"image\/jpeg","type":"image","subtype":"jpeg","icon":"https:\/\/natussensory.com\/wp-includes\/images\/media\/default.png","width":600,"height":300,"sizes":{"thumbnail":"https:\/\/natussensory.com\/wp-content\/uploads\/Aurical_linkspot.jpg","thumbnail-width":128,"thumbnail-height":64,"medium":"https:\/\/natussensory.com\/wp-content\/uploads\/Aurical_linkspot.jpg","medium-width":600,"medium-height":300,"medium_large":"https:\/\/natussensory.com\/wp-content\/uploads\/Aurical_linkspot.jpg","medium_large-width":600,"medium_large-height":300,"large":"https:\/\/natussensory.com\/wp-content\/uploads\/Aurical_linkspot.jpg","large-width":600,"large-height":300,"1536x1536":"https:\/\/natussensory.com\/wp-content\/uploads\/Aurical_linkspot.jpg","1536x1536-width":600,"1536x1536-height":300,"2048x2048":"https:\/\/natussensory.com\/wp-content\/uploads\/Aurical_linkspot.jpg","2048x2048-width":600,"2048x2048-height":300}},"title":"Modulares H\u00f6rger\u00e4te-Anpasssystem mit kabelloser binauraler PMM, integriertem Audiometer, HIT-Messkammer und eingebautem Hi-Pro<sup>\u00ae<\/sup> 2. ","link":{"type":"post","value":"4734","url":"https:\/\/natussensory.com\/products\/aurical\/","name":"Aurical\u00ae &#8211; Hearing Aid Fitting System","title":"Aurical<sup>\u00ae<\/sup>","target":""}},{"label":"","label_background_color":"","image":{"ID":7712,"id":7712,"title":"Freefit_linkspot","filename":"Freefit_linkspot.jpg","filesize":97869,"url":"https:\/\/natussensory.com\/wp-content\/uploads\/Freefit_linkspot.jpg","link":"https:\/\/natussensory.com\/de\/produkte\/aurical\/freefit_linkspot-2\/","alt":"Aurical Freefit","author":"4","description":"","caption":"","name":"freefit_linkspot-2","status":"inherit","uploaded_to":11569,"date":"2023-09-27 12:41:41","modified":"2025-10-20 09:21:38","menu_order":0,"mime_type":"image\/jpeg","type":"image","subtype":"jpeg","icon":"https:\/\/natussensory.com\/wp-includes\/images\/media\/default.png","width":600,"height":300,"sizes":{"thumbnail":"https:\/\/natussensory.com\/wp-content\/uploads\/Freefit_linkspot.jpg","thumbnail-width":128,"thumbnail-height":64,"medium":"https:\/\/natussensory.com\/wp-content\/uploads\/Freefit_linkspot.jpg","medium-width":600,"medium-height":300,"medium_large":"https:\/\/natussensory.com\/wp-content\/uploads\/Freefit_linkspot.jpg","medium_large-width":600,"medium_large-height":300,"large":"https:\/\/natussensory.com\/wp-content\/uploads\/Freefit_linkspot.jpg","large-width":600,"large-height":300,"1536x1536":"https:\/\/natussensory.com\/wp-content\/uploads\/Freefit_linkspot.jpg","1536x1536-width":600,"1536x1536-height":300,"2048x2048":"https:\/\/natussensory.com\/wp-content\/uploads\/Freefit_linkspot.jpg","2048x2048-width":600,"2048x2048-height":300}},"title":"Kabelloses REM-System mit binauraler PMM, gef\u00fchrter Sondenschlauchplatzierung und automatischer Integration in die Anpasssoftware. ","link":{"type":"post","value":"4904","url":"https:\/\/natussensory.com\/products\/aurical-freefit\/","name":"Aurical\u00ae Freefit &#8211; Real ear measurement","title":"Aurical<sup>\u00ae<\/sup> Freefit","target":""}},{"label":"","label_background_color":"","image":{"ID":7707,"id":7707,"title":"Aurical-HIT_linkspot","filename":"Aurical-HIT_linkspot.jpg","filesize":44971,"url":"https:\/\/natussensory.com\/wp-content\/uploads\/Aurical-HIT_linkspot.jpg","link":"https:\/\/natussensory.com\/de\/produkte\/aurical\/aurical-hit_linkspot-2\/","alt":"Aurical HIT","author":"4","description":"","caption":"","name":"aurical-hit_linkspot-2","status":"inherit","uploaded_to":11569,"date":"2023-09-27 12:41:39","modified":"2025-08-06 13:06:15","menu_order":0,"mime_type":"image\/jpeg","type":"image","subtype":"jpeg","icon":"https:\/\/natussensory.com\/wp-includes\/images\/media\/default.png","width":600,"height":300,"sizes":{"thumbnail":"https:\/\/natussensory.com\/wp-content\/uploads\/Aurical-HIT_linkspot.jpg","thumbnail-width":128,"thumbnail-height":64,"medium":"https:\/\/natussensory.com\/wp-content\/uploads\/Aurical-HIT_linkspot.jpg","medium-width":600,"medium-height":300,"medium_large":"https:\/\/natussensory.com\/wp-content\/uploads\/Aurical-HIT_linkspot.jpg","medium_large-width":600,"medium_large-height":300,"large":"https:\/\/natussensory.com\/wp-content\/uploads\/Aurical-HIT_linkspot.jpg","large-width":600,"large-height":300,"1536x1536":"https:\/\/natussensory.com\/wp-content\/uploads\/Aurical-HIT_linkspot.jpg","1536x1536-width":600,"1536x1536-height":300,"2048x2048":"https:\/\/natussensory.com\/wp-content\/uploads\/Aurical-HIT_linkspot.jpg","2048x2048-width":600,"2048x2048-height":300}},"title":"Messkammer f\u00fcr kupplerbasierte Anpassung mit RECD, kabelloser Feature-\u00dcberpr\u00fcfung und fester OnePosition-Platzierung f\u00fcr pr\u00e4zise H\u00f6rger\u00e4temessungen. ","link":{"type":"post","value":"5285","url":"https:\/\/natussensory.com\/products\/aurical-hit\/","name":"Aurical\u00ae HIT \u2013 Coupler Based Fitting","title":"Aurical<sup>\u00ae<\/sup> HIT","target":""}},{"label":"","label_background_color":"","image":{"ID":27555,"id":27555,"title":"Measure_linkspot","filename":"Measure_linkspot.jpg","filesize":60226,"url":"https:\/\/natussensory.com\/wp-content\/uploads\/Measure_linkspot.jpg","link":"https:\/\/natussensory.com\/de\/produkte\/hoergeraete-anpasssystem\/measure_linkspot-2\/","alt":"Portable audiometer in one compact unit with optional hearing instrument test box.","author":"4","description":"","caption":"","name":"measure_linkspot-2","status":"inherit","uploaded_to":24566,"date":"2025-10-22 07:21:05","modified":"2025-10-22 07:21:52","menu_order":0,"mime_type":"image\/jpeg","type":"image","subtype":"jpeg","icon":"https:\/\/natussensory.com\/wp-includes\/images\/media\/default.png","width":600,"height":300,"sizes":{"thumbnail":"https:\/\/natussensory.com\/wp-content\/uploads\/Measure_linkspot.jpg","thumbnail-width":128,"thumbnail-height":64,"medium":"https:\/\/natussensory.com\/wp-content\/uploads\/Measure_linkspot.jpg","medium-width":600,"medium-height":300,"medium_large":"https:\/\/natussensory.com\/wp-content\/uploads\/Measure_linkspot.jpg","medium_large-width":600,"medium_large-height":300,"large":"https:\/\/natussensory.com\/wp-content\/uploads\/Measure_linkspot.jpg","large-width":600,"large-height":300,"1536x1536":"https:\/\/natussensory.com\/wp-content\/uploads\/Measure_linkspot.jpg","1536x1536-width":600,"1536x1536-height":300,"2048x2048":"https:\/\/natussensory.com\/wp-content\/uploads\/Measure_linkspot.jpg","2048x2048-width":600,"2048x2048-height":300}},"title":"Tragbares Audiometer in einer kompakten Einheit mit optionaler H\u00f6rger\u00e4te-Testbox.","link":{"type":"post","value":"28386","url":"https:\/\/natussensory.com\/de\/produkte\/otometrics-measure\/","name":"Otometrics Measure \u2013 tragbares System zur H\u00f6rpr\u00fcfung und H\u00f6rsystemanpassung","title":"Otometrics<sup>\u00ae<\/sup> Measure","target":""}},{"label":"","label_background_color":"","image":{"ID":8868,"id":8868,"title":"Hi-Pro2_linkspot","filename":"Hi-Pro2_linkspot.jpg","filesize":71206,"url":"https:\/\/natussensory.com\/wp-content\/uploads\/Hi-Pro2_linkspot.jpg","link":"https:\/\/natussensory.com\/de\/produkte\/otoscan\/hi-pro2_linkspot-2\/","alt":"Hi-Pro2","author":"4","description":"","caption":"","name":"hi-pro2_linkspot-2","status":"inherit","uploaded_to":11565,"date":"2023-09-30 19:09:25","modified":"2025-10-20 09:23:51","menu_order":0,"mime_type":"image\/jpeg","type":"image","subtype":"jpeg","icon":"https:\/\/natussensory.com\/wp-includes\/images\/media\/default.png","width":600,"height":300,"sizes":{"thumbnail":"https:\/\/natussensory.com\/wp-content\/uploads\/Hi-Pro2_linkspot.jpg","thumbnail-width":128,"thumbnail-height":64,"medium":"https:\/\/natussensory.com\/wp-content\/uploads\/Hi-Pro2_linkspot.jpg","medium-width":600,"medium-height":300,"medium_large":"https:\/\/natussensory.com\/wp-content\/uploads\/Hi-Pro2_linkspot.jpg","medium_large-width":600,"medium_large-height":300,"large":"https:\/\/natussensory.com\/wp-content\/uploads\/Hi-Pro2_linkspot.jpg","large-width":600,"large-height":300,"1536x1536":"https:\/\/natussensory.com\/wp-content\/uploads\/Hi-Pro2_linkspot.jpg","1536x1536-width":600,"1536x1536-height":300,"2048x2048":"https:\/\/natussensory.com\/wp-content\/uploads\/Hi-Pro2_linkspot.jpg","2048x2048-width":600,"2048x2048-height":300}},"title":"Universelle H\u00f6rger\u00e4te-Programmierschnittstelle mit High-Speed-Daten\u00fcbertragung \u2013 einzeln oder im Audiometer integriert. ","link":{"type":"post","value":"5361","url":"https:\/\/natussensory.com\/products\/hi-pro-2\/","name":"Hi-Pro\u00ae 2 &#8211; Hearing Aid Programming","title":"Hi-Pro<sup>\u00ae<\/sup> 2","target":""}}]}},{"acf_fc_layout":"related_products","_acfe_flexible_toggle":"","tiles_3_columns_landing":{"module_options":{"":null,"module_id":"n68496d44383e3","module_class":"","module_background_type":"color","module_background_color":"","module_background_image":false,"module_background_video":"","activate_custom_padding":false,"padding_top_desktop":0,"padding_top_tablet":"","padding_top_mobile":"","padding_bottom_desktop":"","padding_bottom_tablet":"","padding_bottom_mobile":"","activate_custom_margin":false,"margin_top_desktop":"","margin_top_tablet":"","margin_top_mobile":"","margin_bottom_desktop":"","margin_bottom_tablet":"","margin_bottom_mobile":"","disable_on":[],"content_alignment_desktop":"left","content_alignment_tablet":"left","content_alignment_mobile":"left"},"intro_text":"Verwandte Einblicke \u2013 mehr als 50 Jahre Fachwissen und Erfahrung ","intro_text_color":"","intro_link":{"type":"post","value":"1527","url":"https:\/\/natussensory.com\/insights\/","name":"Insights","title":" Alle Einblicke anzeigen  ","target":""},"tiles":[{"label":"","label_background_color":"","image":{"ID":15485,"id":15485,"title":"5-ways-to-streamline_insights-category","filename":"5-ways-to-streamline_insights-category.jpg","filesize":54105,"url":"https:\/\/natussensory.com\/wp-content\/uploads\/5-ways-to-streamline_insights-category.jpg","link":"https:\/\/natussensory.com\/de\/insights\/funf-moglichkeiten-zur-rationalisierung-der-horgerateanpassung-und-zur-verbesserung-des-kundendurchlaufs\/5-ways-to-streamline_insights-category-2\/","alt":"Audiologist explaining hearing aid fitting best practices in a clinical setting.","author":"4","description":"","caption":"","name":"5-ways-to-streamline_insights-category-2","status":"inherit","uploaded_to":16996,"date":"2023-10-16 12:55:54","modified":"2025-05-22 09:10:06","menu_order":0,"mime_type":"image\/jpeg","type":"image","subtype":"jpeg","icon":"https:\/\/natussensory.com\/wp-includes\/images\/media\/default.png","width":500,"height":400,"sizes":{"thumbnail":"https:\/\/natussensory.com\/wp-content\/uploads\/5-ways-to-streamline_insights-category.jpg","thumbnail-width":120,"thumbnail-height":96,"medium":"https:\/\/natussensory.com\/wp-content\/uploads\/5-ways-to-streamline_insights-category.jpg","medium-width":500,"medium-height":400,"medium_large":"https:\/\/natussensory.com\/wp-content\/uploads\/5-ways-to-streamline_insights-category.jpg","medium_large-width":500,"medium_large-height":400,"large":"https:\/\/natussensory.com\/wp-content\/uploads\/5-ways-to-streamline_insights-category.jpg","large-width":500,"large-height":400,"1536x1536":"https:\/\/natussensory.com\/wp-content\/uploads\/5-ways-to-streamline_insights-category.jpg","1536x1536-width":500,"1536x1536-height":400,"2048x2048":"https:\/\/natussensory.com\/wp-content\/uploads\/5-ways-to-streamline_insights-category.jpg","2048x2048-width":500,"2048x2048-height":400}},"title":"F\u00fcnf M\u00f6glichkeiten zur Rationalisierung der H\u00f6rger\u00e4teanpassung und zur Verbesserung des Kundendurchlaufs","link":{"type":"post","value":"15482","url":"https:\/\/natussensory.com\/insights\/5-ways-to-streamline-hearing-aid-fitting-and-improve-patient-flow\/","name":"5 Ways to Streamline Hearing Aid Fitting","title":"Mehr erfahren ","target":""}},{"label":"","label_background_color":"","image":{"ID":14999,"id":14999,"title":"Integrated-verification_insights-category","filename":"Integrated-verification_insights-category.jpg","filesize":89030,"url":"https:\/\/natussensory.com\/wp-content\/uploads\/Integrated-verification_insights-category.jpg","link":"https:\/\/natussensory.com\/de\/insights\/integrierte-anpassung\/integrated-verification_insights-category-2\/","alt":" Hearing care professional explains hearing aid fitting to older adults, highlighting the value of a streamlined and verified fitting process.","author":"4","description":"","caption":"","name":"integrated-verification_insights-category-2","status":"inherit","uploaded_to":16128,"date":"2023-10-13 07:34:12","modified":"2025-05-22 13:05:35","menu_order":0,"mime_type":"image\/jpeg","type":"image","subtype":"jpeg","icon":"https:\/\/natussensory.com\/wp-includes\/images\/media\/default.png","width":500,"height":400,"sizes":{"thumbnail":"https:\/\/natussensory.com\/wp-content\/uploads\/Integrated-verification_insights-category.jpg","thumbnail-width":120,"thumbnail-height":96,"medium":"https:\/\/natussensory.com\/wp-content\/uploads\/Integrated-verification_insights-category.jpg","medium-width":500,"medium-height":400,"medium_large":"https:\/\/natussensory.com\/wp-content\/uploads\/Integrated-verification_insights-category.jpg","medium_large-width":500,"medium_large-height":400,"large":"https:\/\/natussensory.com\/wp-content\/uploads\/Integrated-verification_insights-category.jpg","large-width":500,"large-height":400,"1536x1536":"https:\/\/natussensory.com\/wp-content\/uploads\/Integrated-verification_insights-category.jpg","1536x1536-width":500,"1536x1536-height":400,"2048x2048":"https:\/\/natussensory.com\/wp-content\/uploads\/Integrated-verification_insights-category.jpg","2048x2048-width":500,"2048x2048-height":400}},"title":"Integrierte Anpassung Mehr Kundenzufriedenheit durch integrierte Anpassung","link":{"type":"post","value":"13492","url":"https:\/\/natussensory.com\/insights\/integrated-verification\/","name":"Integrated Verification","title":"Mehr erfahren ","target":""}}]}},{"acf_fc_layout":"left_image_right_content_single_cta","_acfe_flexible_layout_title":"Contacts us","_acfe_flexible_toggle":"","left_image_right_content_single_cta_landing":{"module_options":{"":null,"module_id":"n685a5d301dba3","module_class":"","module_background_type":"color","module_background_color":"","module_background_image":false,"module_background_video":"","activate_custom_padding":false,"padding_top_desktop":0,"padding_top_tablet":"","padding_top_mobile":"","padding_bottom_desktop":"","padding_bottom_tablet":"","padding_bottom_mobile":"","activate_custom_margin":false,"margin_top_desktop":"","margin_top_tablet":"","margin_top_mobile":"","margin_bottom_desktop":"","margin_bottom_tablet":"","margin_bottom_mobile":"","disable_on":[],"content_alignment_desktop":"left","content_alignment_tablet":"left","content_alignment_mobile":"left"},"image":{"ID":4239,"id":4239,"title":"Contact Us 800x450","filename":"Contact-Us-800x450-1.png","filesize":437541,"url":"https:\/\/natussensory.com\/wp-content\/uploads\/Contact-Us-800x450-1.png","link":"https:\/\/natussensory.com\/de\/produkte\/contact-us-800x450-2\/","alt":"Shaking Hands - Contact Us","author":"4","description":"","caption":"","name":"contact-us-800x450-2","status":"inherit","uploaded_to":11016,"date":"2023-09-14 17:35:31","modified":"2025-06-12 09:11:34","menu_order":0,"mime_type":"image\/png","type":"image","subtype":"png","icon":"https:\/\/natussensory.com\/wp-includes\/images\/media\/default.png","width":800,"height":450,"sizes":{"thumbnail":"https:\/\/natussensory.com\/wp-content\/uploads\/Contact-Us-800x450-1.png","thumbnail-width":128,"thumbnail-height":72,"medium":"https:\/\/natussensory.com\/wp-content\/uploads\/Contact-Us-800x450-1.png","medium-width":800,"medium-height":450,"medium_large":"https:\/\/natussensory.com\/wp-content\/uploads\/Contact-Us-800x450-1-768x432.png","medium_large-width":768,"medium_large-height":432,"large":"https:\/\/natussensory.com\/wp-content\/uploads\/Contact-Us-800x450-1.png","large-width":800,"large-height":450,"1536x1536":"https:\/\/natussensory.com\/wp-content\/uploads\/Contact-Us-800x450-1.png","1536x1536-width":800,"1536x1536-height":450,"2048x2048":"https:\/\/natussensory.com\/wp-content\/uploads\/Contact-Us-800x450-1.png","2048x2048-width":800,"2048x2048-height":450}},"label":"Angebot anfordern","title":"Bereit, einen Unterschied in der Patientenversorgung zu machen? ","description":"<p><span class=\"TextRun SCXW263343080 BCX8\" data-contrast=\"auto\"><span class=\"NormalTextRun SCXW263343080 BCX8\">Erfahren Sie mehr \u00fcber unsere branchenf\u00fchrenden L\u00f6sungen und wie wir Sie dabei unterst\u00fctzen k\u00f6nnen, die Patientenversorgung zu verbessern.<\/span><\/span><\/p>\n","link":{"type":"post","value":"892","url":"https:\/\/natussensory.com\/contact-us\/","name":"Contact us","title":"Kontaktieren Sie uns ","target":""}}}]},"_links":{"self":[{"href":"https:\/\/natussensory.com\/de\/wp-json\/wp\/v2\/pages\/24566","targetHints":{"allow":["GET"]}}],"collection":[{"href":"https:\/\/natussensory.com\/de\/wp-json\/wp\/v2\/pages"}],"about":[{"href":"https:\/\/natussensory.com\/de\/wp-json\/wp\/v2\/types\/page"}],"author":[{"embeddable":true,"href":"https:\/\/natussensory.com\/de\/wp-json\/wp\/v2\/users\/4"}],"replies":[{"embeddable":true,"href":"https:\/\/natussensory.com\/de\/wp-json\/wp\/v2\/comments?post=24566"}],"version-history":[{"count":8,"href":"https:\/\/natussensory.com\/de\/wp-json\/wp\/v2\/pages\/24566\/revisions"}],"predecessor-version":[{"id":28435,"href":"https:\/\/natussensory.com\/de\/wp-json\/wp\/v2\/pages\/24566\/revisions\/28435"}],"up":[{"embeddable":true,"href":"https:\/\/natussensory.com\/de\/wp-json\/wp\/v2\/pages\/11016"}],"wp:attachment":[{"href":"https:\/\/natussensory.com\/de\/wp-json\/wp\/v2\/media?parent=24566"}],"wp:term":[{"taxonomy":"category","embeddable":true,"href":"https:\/\/natussensory.com\/de\/wp-json\/wp\/v2\/categories?post=24566"},{"taxonomy":"post_tag","embeddable":true,"href":"https:\/\/natussensory.com\/de\/wp-json\/wp\/v2\/tags?post=24566"}],"curies":[{"name":"wp","href":"https:\/\/api.w.org\/{rel}","templated":true}]}}