{"id":24478,"date":"2025-06-24T09:13:52","date_gmt":"2025-06-24T09:13:52","guid":{"rendered":"https:\/\/natussensory.com\/produkte\/diagnostic-otoacoustic-emissions\/"},"modified":"2025-10-23T11:28:07","modified_gmt":"2025-10-23T11:28:07","slug":"diagnostische-otoakustische-emissionen","status":"publish","type":"page","link":"https:\/\/natussensory.com\/de\/produkte\/diagnostische-otoakustische-emissionen\/","title":{"rendered":"Diagnostische Otoakustische Emissionen"},"content":{"rendered":"","protected":false},"excerpt":{"rendered":"","protected":false},"author":4,"featured_media":0,"parent":11016,"menu_order":0,"comment_status":"closed","ping_status":"closed","template":"","meta":{"_acf_changed":false,"inline_featured_image":false,"footnotes":""},"categories":[300,302],"tags":[],"class_list":["post-24478","page","type-page","status-publish","hentry","category-hearing-assessment-de","category-hoerpruefung"],"acf":{"content_blocks":[{"acf_fc_layout":"spacer","_acfe_flexible_toggle":"","spacer":{"module_options":{"":null,"module_id":"n682c85f324428","module_class":"","module_background_type":"color","module_background_color":"#473089","module_background_image":false,"module_background_video":"","activate_custom_padding":false,"padding_top_desktop":0,"padding_top_tablet":"","padding_top_mobile":"","padding_bottom_desktop":"","padding_bottom_tablet":"","padding_bottom_mobile":"","activate_custom_margin":false,"margin_top_desktop":"","margin_top_tablet":"","margin_top_mobile":"","margin_bottom_desktop":"","margin_bottom_tablet":"","margin_bottom_mobile":"","disable_on":[],"content_alignment_desktop":"left","content_alignment_tablet":"left","content_alignment_mobile":"left"},"height":"160"}},{"acf_fc_layout":"simple_content","_acfe_flexible_toggle":"","content_full_width_landing":{"module_options":{"":null,"module_id":"n68481ff96f7b3","module_class":"","module_background_type":"color","module_background_color":"#d4e9f9","module_background_image":false,"module_background_video":"","activate_custom_padding":false,"padding_top_desktop":0,"padding_top_tablet":"","padding_top_mobile":"","padding_bottom_desktop":"","padding_bottom_tablet":"","padding_bottom_mobile":"","activate_custom_margin":false,"margin_top_desktop":"","margin_top_tablet":"","margin_top_mobile":"","margin_bottom_desktop":"","margin_bottom_tablet":"","margin_bottom_mobile":"","disable_on":[],"content_alignment_desktop":"left","content_alignment_tablet":"left","content_alignment_mobile":"left"},"activate_custom_container_width":false,"container_width":"","content":"<h1 style=\"text-align: center;\"><span class=\"TextRun SCXW22320358 BCX0\" lang=\"EN-US\" xml:lang=\"EN-US\" data-contrast=\"auto\"><span class=\"NormalTextRun SpellingErrorV2Themed SCXW22320358 BCX0\">Diagnostische<\/span> O<span class=\"NormalTextRun SpellingErrorV2Themed SCXW22320358 BCX0\">toakustische<\/span> <span class=\"NormalTextRun SpellingErrorV2Themed SCXW22320358 BCX0\">Emissionen<\/span><\/span><span class=\"EOP SCXW22320358 BCX0\" data-ccp-props=\"{&quot;335551550&quot;:2,&quot;335551620&quot;:2}\">\u00a0<\/span><\/h1>\n<p style=\"text-align: center;\"><span style=\"font-size: 18px;\"><span class=\"TextRun SCXW18141496 BCX0\" lang=\"EN-US\" xml:lang=\"EN-US\" data-contrast=\"auto\"><span class=\"NormalTextRun SCXW18141496 BCX0\">F\u00fcr <\/span><span class=\"NormalTextRun SpellingErrorV2Themed SCXW18141496 BCX0\">H\u00f6rakustik-Fachkr\u00e4fte<\/span> <span class=\"NormalTextRun SpellingErrorV2Themed SCXW18141496 BCX0\">entwickelt<\/span><span class=\"NormalTextRun SCXW18141496 BCX0\">, <\/span><span class=\"NormalTextRun SpellingErrorV2Themed SCXW18141496 BCX0\">liefern<\/span> <span class=\"NormalTextRun SpellingErrorV2Themed SCXW18141496 BCX0\">unsere<\/span> <span class=\"NormalTextRun SpellingErrorV2Themed SCXW18141496 BCX0\">diagnostischen<\/span><span class=\"NormalTextRun SCXW18141496 BCX0\"> OAE-Systeme <\/span><span class=\"NormalTextRun SpellingErrorV2Themed SCXW18141496 BCX0\">pr\u00e4zise<\/span><span class=\"NormalTextRun SCXW18141496 BCX0\"> und <\/span><span class=\"NormalTextRun SpellingErrorV2Themed SCXW18141496 BCX0\">reproduzierbare<\/span> <span class=\"NormalTextRun SpellingErrorV2Themed SCXW18141496 BCX0\">Messungen<\/span><span class=\"NormalTextRun SCXW18141496 BCX0\"> der Cochlea \u2013 <\/span><span class=\"NormalTextRun SpellingErrorV2Themed SCXW18141496 BCX0\">unerl\u00e4sslich<\/span><span class=\"NormalTextRun SCXW18141496 BCX0\"> f\u00fcr die <\/span><span class=\"NormalTextRun SpellingErrorV2Themed SCXW18141496 BCX0\">Fr\u00fcherkennung<\/span><span class=\"NormalTextRun SCXW18141496 BCX0\"> und die <\/span><span class=\"NormalTextRun SpellingErrorV2Themed SCXW18141496 BCX0\">kontinuierliche<\/span> <span class=\"NormalTextRun SpellingErrorV2Themed SCXW18141496 BCX0\">H\u00f6rversorgung<\/span><span class=\"NormalTextRun SCXW18141496 BCX0\">.<\/span><\/span><span class=\"EOP SCXW18141496 BCX0\" data-ccp-props=\"{&quot;335551550&quot;:2,&quot;335551620&quot;:2}\">\u00a0<\/span><\/span><\/p>\n"}},{"acf_fc_layout":"related_products","_acfe_flexible_toggle":"","tiles_3_columns_landing":{"module_options":{"":null,"module_id":"n685a6c5130bd9","module_class":"","module_background_type":"color","module_background_color":"","module_background_image":false,"module_background_video":"","activate_custom_padding":false,"padding_top_desktop":0,"padding_top_tablet":"","padding_top_mobile":"","padding_bottom_desktop":"","padding_bottom_tablet":"","padding_bottom_mobile":"","activate_custom_margin":false,"margin_top_desktop":"","margin_top_tablet":"","margin_top_mobile":"","margin_bottom_desktop":"","margin_bottom_tablet":"","margin_bottom_mobile":"","disable_on":[],"content_alignment_desktop":"left","content_alignment_tablet":"left","content_alignment_mobile":"left"},"intro_text":"Produkte","intro_text_color":"","intro_link":{"type":"post","value":"1518","url":"https:\/\/natussensory.com\/products\/","name":"Products","title":"Alle Produkte anzeigen","target":""},"tiles":[{"label":"","label_background_color":"","image":{"ID":7674,"id":7674,"title":"Capella2_linkspot","filename":"Capella2_linkspot.jpg","filesize":40024,"url":"https:\/\/natussensory.com\/wp-content\/uploads\/Capella2_linkspot.jpg","link":"https:\/\/natussensory.com\/de\/produkte\/madsen-astera2\/capella2_linkspot-2\/","alt":"Capella2","author":"4","description":"","caption":"","name":"capella2_linkspot-2","status":"inherit","uploaded_to":11087,"date":"2023-09-27 12:14:54","modified":"2025-08-06 13:53:02","menu_order":0,"mime_type":"image\/jpeg","type":"image","subtype":"jpeg","icon":"https:\/\/natussensory.com\/wp-includes\/images\/media\/default.png","width":600,"height":300,"sizes":{"thumbnail":"https:\/\/natussensory.com\/wp-content\/uploads\/Capella2_linkspot.jpg","thumbnail-width":128,"thumbnail-height":64,"medium":"https:\/\/natussensory.com\/wp-content\/uploads\/Capella2_linkspot.jpg","medium-width":600,"medium-height":300,"medium_large":"https:\/\/natussensory.com\/wp-content\/uploads\/Capella2_linkspot.jpg","medium_large-width":600,"medium_large-height":300,"large":"https:\/\/natussensory.com\/wp-content\/uploads\/Capella2_linkspot.jpg","large-width":600,"large-height":300,"1536x1536":"https:\/\/natussensory.com\/wp-content\/uploads\/Capella2_linkspot.jpg","1536x1536-width":600,"1536x1536-height":300,"2048x2048":"https:\/\/natussensory.com\/wp-content\/uploads\/Capella2_linkspot.jpg","2048x2048-width":600,"2048x2048-height":300}},"title":"Erweitertes OAE-System mit anpassbaren DPOAE-, TEOAE- und SOAE-Tests, pr\u00e4ziser Kalibrierung und flexibler Frequenzwahl zur genauen Beurteilung der Cochlea-Funktion. ","link":{"type":"post","value":"2824","url":"https:\/\/natussensory.com\/products\/madsen-capella2\/","name":"Madsen\u00ae Capella\u00b2 &#8211; Otoacoustic Emissions testing","title":"Madsen<sup>\u00ae<\/sup> Capella\u00b2","target":""}},{"label":"","label_background_color":"","image":{"ID":7997,"id":7997,"title":"AuDX-Pro_linkspot","filename":"AuDX-Pro_linkspot.jpg","filesize":38101,"url":"https:\/\/natussensory.com\/wp-content\/uploads\/AuDX-Pro_linkspot.jpg","link":"https:\/\/natussensory.com\/de\/produkte\/navpro-one\/audx-pro_linkspot-2\/","alt":"AuDX-Pro","author":"4","description":"","caption":"","name":"audx-pro_linkspot-2","status":"inherit","uploaded_to":11475,"date":"2023-09-27 21:33:59","modified":"2025-08-06 13:41:24","menu_order":0,"mime_type":"image\/jpeg","type":"image","subtype":"jpeg","icon":"https:\/\/natussensory.com\/wp-includes\/images\/media\/default.png","width":600,"height":300,"sizes":{"thumbnail":"https:\/\/natussensory.com\/wp-content\/uploads\/AuDX-Pro_linkspot.jpg","thumbnail-width":128,"thumbnail-height":64,"medium":"https:\/\/natussensory.com\/wp-content\/uploads\/AuDX-Pro_linkspot.jpg","medium-width":600,"medium-height":300,"medium_large":"https:\/\/natussensory.com\/wp-content\/uploads\/AuDX-Pro_linkspot.jpg","medium_large-width":600,"medium_large-height":300,"large":"https:\/\/natussensory.com\/wp-content\/uploads\/AuDX-Pro_linkspot.jpg","large-width":600,"large-height":300,"1536x1536":"https:\/\/natussensory.com\/wp-content\/uploads\/AuDX-Pro_linkspot.jpg","1536x1536-width":600,"1536x1536-height":300,"2048x2048":"https:\/\/natussensory.com\/wp-content\/uploads\/AuDX-Pro_linkspot.jpg","2048x2048-width":600,"2048x2048-height":300}},"title":"Ger\u00e4t f\u00fcr OAE-Tests in modularer Handheld-Ausf\u00fchrung mit erweiterten Diagnoseoptionen und integrierter Audiometrie f\u00fcr effiziente, multifunktionale Untersuchungen. ","link":{"type":"post","value":"4068","url":"https:\/\/natussensory.com\/products\/audx-pro\/","name":"Bio-logic\u00ae AuDX\u00ae PRO &#8211; Diagnostic OAE","title":"Bio-logic<sup>\u00ae<\/sup> AuDX<sup>\u00ae<\/sup> PRO","target":""}}]}},{"acf_fc_layout":"left_image_right_content_single_cta","_acfe_flexible_layout_title":"Contacts us","_acfe_flexible_toggle":"","left_image_right_content_single_cta_landing":{"module_options":{"":null,"module_id":"n685a5d301dba3","module_class":"","module_background_type":"color","module_background_color":"","module_background_image":false,"module_background_video":"","activate_custom_padding":false,"padding_top_desktop":0,"padding_top_tablet":"","padding_top_mobile":"","padding_bottom_desktop":"","padding_bottom_tablet":"","padding_bottom_mobile":"","activate_custom_margin":false,"margin_top_desktop":"","margin_top_tablet":"","margin_top_mobile":"","margin_bottom_desktop":"","margin_bottom_tablet":"","margin_bottom_mobile":"","disable_on":[],"content_alignment_desktop":"left","content_alignment_tablet":"left","content_alignment_mobile":"left"},"image":{"ID":4239,"id":4239,"title":"Contact Us 800x450","filename":"Contact-Us-800x450-1.png","filesize":437541,"url":"https:\/\/natussensory.com\/wp-content\/uploads\/Contact-Us-800x450-1.png","link":"https:\/\/natussensory.com\/de\/produkte\/contact-us-800x450-2\/","alt":"Shaking Hands - Contact Us","author":"4","description":"","caption":"","name":"contact-us-800x450-2","status":"inherit","uploaded_to":11016,"date":"2023-09-14 17:35:31","modified":"2025-06-12 09:11:34","menu_order":0,"mime_type":"image\/png","type":"image","subtype":"png","icon":"https:\/\/natussensory.com\/wp-includes\/images\/media\/default.png","width":800,"height":450,"sizes":{"thumbnail":"https:\/\/natussensory.com\/wp-content\/uploads\/Contact-Us-800x450-1.png","thumbnail-width":128,"thumbnail-height":72,"medium":"https:\/\/natussensory.com\/wp-content\/uploads\/Contact-Us-800x450-1.png","medium-width":800,"medium-height":450,"medium_large":"https:\/\/natussensory.com\/wp-content\/uploads\/Contact-Us-800x450-1-768x432.png","medium_large-width":768,"medium_large-height":432,"large":"https:\/\/natussensory.com\/wp-content\/uploads\/Contact-Us-800x450-1.png","large-width":800,"large-height":450,"1536x1536":"https:\/\/natussensory.com\/wp-content\/uploads\/Contact-Us-800x450-1.png","1536x1536-width":800,"1536x1536-height":450,"2048x2048":"https:\/\/natussensory.com\/wp-content\/uploads\/Contact-Us-800x450-1.png","2048x2048-width":800,"2048x2048-height":450}},"label":"Angebot anfordern","title":"Bereit, einen Unterschied in der Patientenversorgung zu machen? ","description":"<p><span class=\"TextRun SCXW100327917 BCX8\" data-contrast=\"auto\"><span class=\"NormalTextRun SCXW100327917 BCX8\">Erfahren Sie mehr \u00fcber unsere branchenf\u00fchrenden L\u00f6sungen und wie wir Sie dabei unterst\u00fctzen k\u00f6nnen, die Patientenversorgung zu verbessern.<\/span><\/span><\/p>\n","link":{"type":"post","value":"892","url":"https:\/\/natussensory.com\/contact-us\/","name":"Contact us","title":"Kontaktieren Sie uns","target":""}}}]},"_links":{"self":[{"href":"https:\/\/natussensory.com\/de\/wp-json\/wp\/v2\/pages\/24478","targetHints":{"allow":["GET"]}}],"collection":[{"href":"https:\/\/natussensory.com\/de\/wp-json\/wp\/v2\/pages"}],"about":[{"href":"https:\/\/natussensory.com\/de\/wp-json\/wp\/v2\/types\/page"}],"author":[{"embeddable":true,"href":"https:\/\/natussensory.com\/de\/wp-json\/wp\/v2\/users\/4"}],"replies":[{"embeddable":true,"href":"https:\/\/natussensory.com\/de\/wp-json\/wp\/v2\/comments?post=24478"}],"version-history":[{"count":5,"href":"https:\/\/natussensory.com\/de\/wp-json\/wp\/v2\/pages\/24478\/revisions"}],"predecessor-version":[{"id":25692,"href":"https:\/\/natussensory.com\/de\/wp-json\/wp\/v2\/pages\/24478\/revisions\/25692"}],"up":[{"embeddable":true,"href":"https:\/\/natussensory.com\/de\/wp-json\/wp\/v2\/pages\/11016"}],"wp:attachment":[{"href":"https:\/\/natussensory.com\/de\/wp-json\/wp\/v2\/media?parent=24478"}],"wp:term":[{"taxonomy":"category","embeddable":true,"href":"https:\/\/natussensory.com\/de\/wp-json\/wp\/v2\/categories?post=24478"},{"taxonomy":"post_tag","embeddable":true,"href":"https:\/\/natussensory.com\/de\/wp-json\/wp\/v2\/tags?post=24478"}],"curies":[{"name":"wp","href":"https:\/\/api.w.org\/{rel}","templated":true}]}}