{"id":24429,"date":"2025-06-24T08:25:17","date_gmt":"2025-06-24T08:25:17","guid":{"rendered":"https:\/\/natussensory.com\/produkte\/auditory-evoked-potentials\/"},"modified":"2025-10-31T13:39:49","modified_gmt":"2025-10-31T13:39:49","slug":"akustisch-evozierte-potenziale","status":"publish","type":"page","link":"https:\/\/natussensory.com\/de\/produkte\/akustisch-evozierte-potenziale\/","title":{"rendered":"Akustisch Evozierte Potenziale"},"content":{"rendered":"","protected":false},"excerpt":{"rendered":"","protected":false},"author":4,"featured_media":0,"parent":11016,"menu_order":0,"comment_status":"closed","ping_status":"closed","template":"","meta":{"_acf_changed":false,"inline_featured_image":false,"footnotes":""},"categories":[300,302],"tags":[],"class_list":["post-24429","page","type-page","status-publish","hentry","category-hearing-assessment-de","category-hoerpruefung"],"acf":{"content_blocks":[{"acf_fc_layout":"spacer","_acfe_flexible_toggle":"","spacer":{"module_options":{"":null,"module_id":"n682c85f324428","module_class":"","module_background_type":"color","module_background_color":"#473089","module_background_image":false,"module_background_video":"","activate_custom_padding":false,"padding_top_desktop":0,"padding_top_tablet":"","padding_top_mobile":"","padding_bottom_desktop":"","padding_bottom_tablet":"","padding_bottom_mobile":"","activate_custom_margin":false,"margin_top_desktop":"","margin_top_tablet":"","margin_top_mobile":"","margin_bottom_desktop":"","margin_bottom_tablet":"","margin_bottom_mobile":"","disable_on":[],"content_alignment_desktop":"left","content_alignment_tablet":"left","content_alignment_mobile":"left"},"height":"160"}},{"acf_fc_layout":"simple_content","_acfe_flexible_toggle":"","content_full_width_landing":{"module_options":{"":null,"module_id":"n68481ff96f7b3","module_class":"","module_background_type":"color","module_background_color":"#d4e9f9","module_background_image":false,"module_background_video":"","activate_custom_padding":false,"padding_top_desktop":0,"padding_top_tablet":"","padding_top_mobile":"","padding_bottom_desktop":"","padding_bottom_tablet":"","padding_bottom_mobile":"","activate_custom_margin":false,"margin_top_desktop":"","margin_top_tablet":"","margin_top_mobile":"","margin_bottom_desktop":"","margin_bottom_tablet":"","margin_bottom_mobile":"","disable_on":[],"content_alignment_desktop":"left","content_alignment_tablet":"left","content_alignment_mobile":"left"},"activate_custom_container_width":false,"container_width":"","content":"<h1 style=\"text-align: center;\"><span class=\"TextRun SCXW225167961 BCX0\" lang=\"EN-US\" xml:lang=\"EN-US\" data-contrast=\"auto\"><span class=\"NormalTextRun SpellingErrorV2Themed SCXW225167961 BCX0\">Akustisch<\/span> E<span class=\"NormalTextRun SpellingErrorV2Themed SCXW225167961 BCX0\">vozierte<\/span> <span class=\"NormalTextRun SpellingErrorV2Themed SCXW225167961 BCX0\">Potenziale<\/span><\/span><span class=\"EOP SCXW225167961 BCX0\" data-ccp-props=\"{&quot;335551550&quot;:2,&quot;335551620&quot;:2}\">\u00a0<\/span><\/h1>\n<p style=\"text-align: center;\"><span style=\"font-size: 18px;\"><span class=\"TextRun SCXW141014288 BCX0\" lang=\"EN-US\" xml:lang=\"EN-US\" data-contrast=\"auto\"><span class=\"NormalTextRun SpellingErrorV2Themed SCXW141014288 BCX0\">Zuverl\u00e4ssige<\/span><span class=\"NormalTextRun SCXW141014288 BCX0\"> und <\/span><span class=\"NormalTextRun SpellingErrorV2Themed SCXW141014288 BCX0\">effiziente<\/span><span class=\"NormalTextRun SCXW141014288 BCX0\"> Systeme f\u00fcr <\/span><span class=\"NormalTextRun SpellingErrorV2Themed SCXW141014288 BCX0\">auditorisch<\/span> <span class=\"NormalTextRun SpellingErrorV2Themed SCXW141014288 BCX0\">evozierte<\/span> <span class=\"NormalTextRun SpellingErrorV2Themed SCXW141014288 BCX0\">Potenziale<\/span><span class=\"NormalTextRun SCXW141014288 BCX0\"> (AEP) <\/span><span class=\"NormalTextRun SpellingErrorV2Themed SCXW141014288 BCX0\">zur<\/span> <span class=\"NormalTextRun SpellingErrorV2Themed SCXW141014288 BCX0\">objektiven<\/span> <span class=\"NormalTextRun SpellingErrorV2Themed SCXW141014288 BCX0\">H\u00f6rdiagnostik<\/span> <span class=\"NormalTextRun SpellingErrorV2Themed SCXW141014288 BCX0\">bei<\/span> <span class=\"NormalTextRun SpellingErrorV2Themed SCXW141014288 BCX0\">allen<\/span> <span class=\"NormalTextRun SpellingErrorV2Themed SCXW141014288 BCX0\">Patientengruppen<\/span><span class=\"NormalTextRun SCXW141014288 BCX0\">. <\/span><span class=\"NormalTextRun SpellingErrorV2Themed SCXW141014288 BCX0\">Entwickelt<\/span><span class=\"NormalTextRun SCXW141014288 BCX0\">, um <\/span><span class=\"NormalTextRun SpellingErrorV2Themed SCXW141014288 BCX0\">Fachkr\u00e4ften<\/span> <span class=\"NormalTextRun SpellingErrorV2Themed SCXW141014288 BCX0\">sichere<\/span><span class=\"NormalTextRun SCXW141014288 BCX0\"> und <\/span><span class=\"NormalTextRun SpellingErrorV2Themed SCXW141014288 BCX0\">pr\u00e4zise<\/span> <span class=\"NormalTextRun SpellingErrorV2Themed SCXW141014288 BCX0\">Diagnosen<\/span> <span class=\"NormalTextRun SpellingErrorV2Themed SCXW141014288 BCX0\">zu<\/span> <span class=\"NormalTextRun SpellingErrorV2Themed SCXW141014288 BCX0\">erm\u00f6glichen<\/span><span class=\"NormalTextRun SCXW141014288 BCX0\"> und <\/span><span class=\"NormalTextRun SpellingErrorV2Themed SCXW141014288 BCX0\">klinische<\/span> <span class=\"NormalTextRun SpellingErrorV2Themed SCXW141014288 BCX0\">Arbeitsabl\u00e4ufe<\/span><span class=\"NormalTextRun SCXW141014288 BCX0\"> in der <\/span><span class=\"NormalTextRun SpellingErrorV2Themed SCXW141014288 BCX0\">Audiologie<\/span><span class=\"NormalTextRun SCXW141014288 BCX0\"> und HNO-Praxis <\/span><span class=\"NormalTextRun SpellingErrorV2Themed SCXW141014288 BCX0\">zu<\/span> <span class=\"NormalTextRun SpellingErrorV2Themed SCXW141014288 BCX0\">optimieren<\/span><span class=\"NormalTextRun SCXW141014288 BCX0\">.<\/span><\/span><span class=\"EOP SCXW141014288 BCX0\" data-ccp-props=\"{&quot;335551550&quot;:2,&quot;335551620&quot;:2}\">\u00a0<\/span><\/span><\/p>\n"}},{"acf_fc_layout":"related_products","_acfe_flexible_toggle":"","tiles_3_columns_landing":{"module_options":{"":null,"module_id":"n685a60eeb2eba","module_class":"","module_background_type":"color","module_background_color":"","module_background_image":false,"module_background_video":"","activate_custom_padding":false,"padding_top_desktop":0,"padding_top_tablet":"","padding_top_mobile":"","padding_bottom_desktop":"","padding_bottom_tablet":"","padding_bottom_mobile":"","activate_custom_margin":false,"margin_top_desktop":"","margin_top_tablet":"","margin_top_mobile":"","margin_bottom_desktop":"","margin_bottom_tablet":"","margin_bottom_mobile":"","disable_on":[],"content_alignment_desktop":"left","content_alignment_tablet":"left","content_alignment_mobile":"left"},"intro_text":"Produkte","intro_text_color":"","intro_link":{"type":"post","value":"1518","url":"https:\/\/natussensory.com\/products\/","name":"Products","title":"Alle Produkte anzeigen","target":""},"tiles":[{"label":"","label_background_color":"","image":{"ID":7992,"id":7992,"title":"NavPro-One_linkspot","filename":"NavPro-One_linkspot.jpg","filesize":35805,"url":"https:\/\/natussensory.com\/wp-content\/uploads\/NavPro-One_linkspot.jpg","link":"https:\/\/natussensory.com\/de\/produkte\/navpro-one\/navpro-one_linkspot-2\/","alt":"NavPro-One","author":"4","description":"","caption":"","name":"navpro-one_linkspot-2","status":"inherit","uploaded_to":11475,"date":"2023-09-27 21:33:57","modified":"2025-08-06 13:43:31","menu_order":0,"mime_type":"image\/jpeg","type":"image","subtype":"jpeg","icon":"https:\/\/natussensory.com\/wp-includes\/images\/media\/default.png","width":600,"height":300,"sizes":{"thumbnail":"https:\/\/natussensory.com\/wp-content\/uploads\/NavPro-One_linkspot.jpg","thumbnail-width":128,"thumbnail-height":64,"medium":"https:\/\/natussensory.com\/wp-content\/uploads\/NavPro-One_linkspot.jpg","medium-width":600,"medium-height":300,"medium_large":"https:\/\/natussensory.com\/wp-content\/uploads\/NavPro-One_linkspot.jpg","medium_large-width":600,"medium_large-height":300,"large":"https:\/\/natussensory.com\/wp-content\/uploads\/NavPro-One_linkspot.jpg","large-width":600,"large-height":300,"1536x1536":"https:\/\/natussensory.com\/wp-content\/uploads\/NavPro-One_linkspot.jpg","1536x1536-width":600,"1536x1536-height":300,"2048x2048":"https:\/\/natussensory.com\/wp-content\/uploads\/NavPro-One_linkspot.jpg","2048x2048-width":600,"2048x2048-height":300}},"title":"Tragbares AEP-System f\u00fcr zuverl\u00e4ssige ABR-, ASSR- und EcochG-Tests \u2013 mit optimiertem, PC-unabh\u00e4ngigem Betrieb.","link":{"type":"post","value":"2949","url":"https:\/\/natussensory.com\/products\/navpro-one\/","name":"Bio-logic\u00ae NavPRO ONE\u00ae &#8211; Auditory Potential Device","title":"Bio-logic<sup>\u00ae<\/sup> NavPRO ONE<sup>\u00ae<\/sup>","target":""}}]}},{"acf_fc_layout":"left_image_right_content_single_cta","_acfe_flexible_layout_title":"Contacts us","_acfe_flexible_toggle":"","left_image_right_content_single_cta_landing":{"module_options":{"":null,"module_id":"n685a5d301dba3","module_class":"","module_background_type":"color","module_background_color":"","module_background_image":false,"module_background_video":"","activate_custom_padding":false,"padding_top_desktop":0,"padding_top_tablet":"","padding_top_mobile":"","padding_bottom_desktop":"","padding_bottom_tablet":"","padding_bottom_mobile":"","activate_custom_margin":false,"margin_top_desktop":"","margin_top_tablet":"","margin_top_mobile":"","margin_bottom_desktop":"","margin_bottom_tablet":"","margin_bottom_mobile":"","disable_on":[],"content_alignment_desktop":"left","content_alignment_tablet":"left","content_alignment_mobile":"left"},"image":{"ID":4239,"id":4239,"title":"Contact Us 800x450","filename":"Contact-Us-800x450-1.png","filesize":437541,"url":"https:\/\/natussensory.com\/wp-content\/uploads\/Contact-Us-800x450-1.png","link":"https:\/\/natussensory.com\/de\/produkte\/contact-us-800x450-2\/","alt":"Shaking Hands - Contact Us","author":"4","description":"","caption":"","name":"contact-us-800x450-2","status":"inherit","uploaded_to":11016,"date":"2023-09-14 17:35:31","modified":"2025-06-12 09:11:34","menu_order":0,"mime_type":"image\/png","type":"image","subtype":"png","icon":"https:\/\/natussensory.com\/wp-includes\/images\/media\/default.png","width":800,"height":450,"sizes":{"thumbnail":"https:\/\/natussensory.com\/wp-content\/uploads\/Contact-Us-800x450-1.png","thumbnail-width":128,"thumbnail-height":72,"medium":"https:\/\/natussensory.com\/wp-content\/uploads\/Contact-Us-800x450-1.png","medium-width":800,"medium-height":450,"medium_large":"https:\/\/natussensory.com\/wp-content\/uploads\/Contact-Us-800x450-1-768x432.png","medium_large-width":768,"medium_large-height":432,"large":"https:\/\/natussensory.com\/wp-content\/uploads\/Contact-Us-800x450-1.png","large-width":800,"large-height":450,"1536x1536":"https:\/\/natussensory.com\/wp-content\/uploads\/Contact-Us-800x450-1.png","1536x1536-width":800,"1536x1536-height":450,"2048x2048":"https:\/\/natussensory.com\/wp-content\/uploads\/Contact-Us-800x450-1.png","2048x2048-width":800,"2048x2048-height":450}},"label":"Angebot anfordern","title":"Bereit, einen Unterschied in der Patientenversorgung zu machen? ","description":"<p><span class=\"TextRun SCXW110646259 BCX8\" data-contrast=\"auto\"><span class=\"NormalTextRun SCXW110646259 BCX8\">Erfahren Sie mehr \u00fcber unsere branchenf\u00fchrenden L\u00f6sungen und wie wir Sie dabei unterst\u00fctzen k\u00f6nnen, die Patientenversorgung zu verbessern.<\/span><\/span><span class=\"EOP SCXW110646259 BCX8\" data-ccp-props=\"{}\">\u00a0<\/span><\/p>\n","link":{"type":"post","value":"892","url":"https:\/\/natussensory.com\/contact-us\/","name":"Contact us","title":" Kontaktieren Sie uns","target":""}}}]},"_links":{"self":[{"href":"https:\/\/natussensory.com\/de\/wp-json\/wp\/v2\/pages\/24429","targetHints":{"allow":["GET"]}}],"collection":[{"href":"https:\/\/natussensory.com\/de\/wp-json\/wp\/v2\/pages"}],"about":[{"href":"https:\/\/natussensory.com\/de\/wp-json\/wp\/v2\/types\/page"}],"author":[{"embeddable":true,"href":"https:\/\/natussensory.com\/de\/wp-json\/wp\/v2\/users\/4"}],"replies":[{"embeddable":true,"href":"https:\/\/natussensory.com\/de\/wp-json\/wp\/v2\/comments?post=24429"}],"version-history":[{"count":7,"href":"https:\/\/natussensory.com\/de\/wp-json\/wp\/v2\/pages\/24429\/revisions"}],"predecessor-version":[{"id":25681,"href":"https:\/\/natussensory.com\/de\/wp-json\/wp\/v2\/pages\/24429\/revisions\/25681"}],"up":[{"embeddable":true,"href":"https:\/\/natussensory.com\/de\/wp-json\/wp\/v2\/pages\/11016"}],"wp:attachment":[{"href":"https:\/\/natussensory.com\/de\/wp-json\/wp\/v2\/media?parent=24429"}],"wp:term":[{"taxonomy":"category","embeddable":true,"href":"https:\/\/natussensory.com\/de\/wp-json\/wp\/v2\/categories?post=24429"},{"taxonomy":"post_tag","embeddable":true,"href":"https:\/\/natussensory.com\/de\/wp-json\/wp\/v2\/tags?post=24429"}],"curies":[{"name":"wp","href":"https:\/\/api.w.org\/{rel}","templated":true}]}}