{"id":24411,"date":"2025-06-23T13:32:58","date_gmt":"2025-06-23T13:32:58","guid":{"rendered":"https:\/\/natussensory.com\/produkte\/tympanometers\/"},"modified":"2025-09-24T12:21:51","modified_gmt":"2025-09-24T12:21:51","slug":"tympanometer","status":"publish","type":"page","link":"https:\/\/natussensory.com\/de\/produkte\/tympanometer\/","title":{"rendered":"Tympanometer"},"content":{"rendered":"","protected":false},"excerpt":{"rendered":"","protected":false},"author":4,"featured_media":0,"parent":11016,"menu_order":0,"comment_status":"closed","ping_status":"closed","template":"","meta":{"_acf_changed":false,"inline_featured_image":false,"footnotes":""},"categories":[300,302],"tags":[],"class_list":["post-24411","page","type-page","status-publish","hentry","category-hearing-assessment-de","category-hoerpruefung"],"acf":{"content_blocks":[{"acf_fc_layout":"spacer","_acfe_flexible_toggle":"","spacer":{"module_options":{"":null,"module_id":"n682c85f324428","module_class":"","module_background_type":"color","module_background_color":"#473089","module_background_image":false,"module_background_video":"","activate_custom_padding":false,"padding_top_desktop":0,"padding_top_tablet":"","padding_top_mobile":"","padding_bottom_desktop":"","padding_bottom_tablet":"","padding_bottom_mobile":"","activate_custom_margin":false,"margin_top_desktop":"","margin_top_tablet":"","margin_top_mobile":"","margin_bottom_desktop":"","margin_bottom_tablet":"","margin_bottom_mobile":"","disable_on":[],"content_alignment_desktop":"left","content_alignment_tablet":"left","content_alignment_mobile":"left"},"height":"160"}},{"acf_fc_layout":"simple_content","_acfe_flexible_toggle":"","content_full_width_landing":{"module_options":{"":null,"module_id":"n68481ff96f7b3","module_class":"","module_background_type":"color","module_background_color":"#d4e9f9","module_background_image":false,"module_background_video":"","activate_custom_padding":false,"padding_top_desktop":0,"padding_top_tablet":"","padding_top_mobile":"","padding_bottom_desktop":"","padding_bottom_tablet":"","padding_bottom_mobile":"","activate_custom_margin":false,"margin_top_desktop":"","margin_top_tablet":"","margin_top_mobile":"","margin_bottom_desktop":"","margin_bottom_tablet":"","margin_bottom_mobile":"","disable_on":[],"content_alignment_desktop":"left","content_alignment_tablet":"left","content_alignment_mobile":"left"},"activate_custom_container_width":false,"container_width":"","content":"<h1 style=\"text-align: center;\"><span class=\"TextRun SCXW81177063 BCX0\" lang=\"EN-US\" xml:lang=\"EN-US\" data-contrast=\"auto\"><span class=\"NormalTextRun SpellingErrorV2Themed SCXW81177063 BCX0\">Tympanometer<\/span><\/span><span class=\"EOP SCXW81177063 BCX0\" data-ccp-props=\"{&quot;335551550&quot;:2,&quot;335551620&quot;:2}\">\u00a0<\/span><\/h1>\n<p style=\"text-align: center;\"><span style=\"font-size: 18px;\"><span class=\"TextRun SCXW41397333 BCX0\" lang=\"DE-DE\" xml:lang=\"DE-DE\" data-contrast=\"auto\"><span class=\"NormalTextRun SCXW41397333 BCX0\">Die <\/span><span class=\"NormalTextRun SpellingErrorV2Themed SCXW41397333 BCX0\">Tympanometer<\/span><span class=\"NormalTextRun SCXW41397333 BCX0\"> von Natus Sensory bieten eine hohe Messgenauigkeit und Benutzerfreundlichkeit \u2013 sowohl f\u00fcr schnelle Screenings als auch f\u00fcr umfassende diagnostische Untersuchungen. Dank ihres ergonomischen Designs und der nahtlosen Datenintegration unterst\u00fctzen sie eine effiziente Patientenversorgung in jeder klinischen Umgebung.<\/span><\/span><span class=\"EOP SCXW41397333 BCX0\" data-ccp-props=\"{&quot;335551550&quot;:2,&quot;335551620&quot;:2}\">\u00a0<\/span><\/span><\/p>\n"}},{"acf_fc_layout":"related_products","_acfe_flexible_toggle":"","tiles_3_columns_landing":{"module_options":{"":null,"module_id":"n6859578b6a037","module_class":"","module_background_type":"color","module_background_color":"","module_background_image":false,"module_background_video":"","activate_custom_padding":false,"padding_top_desktop":0,"padding_top_tablet":"","padding_top_mobile":"","padding_bottom_desktop":"","padding_bottom_tablet":"","padding_bottom_mobile":"","activate_custom_margin":false,"margin_top_desktop":"","margin_top_tablet":"","margin_top_mobile":"","margin_bottom_desktop":"","margin_bottom_tablet":"","margin_bottom_mobile":"","disable_on":[],"content_alignment_desktop":"left","content_alignment_tablet":"left","content_alignment_mobile":"left"},"intro_text":"Produkte ","intro_text_color":"","intro_link":{"type":"post","value":"11016","url":"https:\/\/natussensory.com\/de\/produkte\/","name":"Produkte","title":"Alle Produkte anzeigen ","target":""},"tiles":[{"label":"","label_background_color":"","image":{"ID":7664,"id":7664,"title":"Zodiac_linkspot","filename":"Zodiac_linkspot.jpg","filesize":58846,"url":"https:\/\/natussensory.com\/wp-content\/uploads\/Zodiac_linkspot.jpg","link":"https:\/\/natussensory.com\/de\/produkte\/madsen-astera2\/zodiac_linkspot-2\/","alt":"Zodiac","author":"4","description":"","caption":"","name":"zodiac_linkspot-2","status":"inherit","uploaded_to":11087,"date":"2023-09-27 12:14:04","modified":"2025-08-06 13:56:54","menu_order":0,"mime_type":"image\/jpeg","type":"image","subtype":"jpeg","icon":"https:\/\/natussensory.com\/wp-includes\/images\/media\/default.png","width":600,"height":300,"sizes":{"thumbnail":"https:\/\/natussensory.com\/wp-content\/uploads\/Zodiac_linkspot.jpg","thumbnail-width":128,"thumbnail-height":64,"medium":"https:\/\/natussensory.com\/wp-content\/uploads\/Zodiac_linkspot.jpg","medium-width":600,"medium-height":300,"medium_large":"https:\/\/natussensory.com\/wp-content\/uploads\/Zodiac_linkspot.jpg","medium_large-width":600,"medium_large-height":300,"large":"https:\/\/natussensory.com\/wp-content\/uploads\/Zodiac_linkspot.jpg","large-width":600,"large-height":300,"1536x1536":"https:\/\/natussensory.com\/wp-content\/uploads\/Zodiac_linkspot.jpg","1536x1536-width":600,"1536x1536-height":300,"2048x2048":"https:\/\/natussensory.com\/wp-content\/uploads\/Zodiac_linkspot.jpg","2048x2048-width":600,"2048x2048-height":300}},"title":"Impedanztestsystem mit Sonde der 2. Generation, Dual-Probe-Flexibilit\u00e4t und Otosuite<sup>\u00ae<\/sup>-Integration f\u00fcr zuverl\u00e4ssige Tympanometrie und Reflexmessung. ","link":{"type":"post","value":"1992","url":"https:\/\/natussensory.com\/products\/madsen-zodiac\/","name":"Madsen\u00ae Zodiac &#8211; Tympanometer","title":"Madsen<sup>\u00ae<\/sup> Zodiac","target":""}},{"label":"","label_background_color":"","image":{"ID":7987,"id":7987,"title":"AuDX-Pro-Flex_linkspot","filename":"AuDX-Pro-Flex_linkspot.jpg","filesize":61403,"url":"https:\/\/natussensory.com\/wp-content\/uploads\/AuDX-Pro-Flex_linkspot.jpg","link":"https:\/\/natussensory.com\/de\/produkte\/navpro-one\/audx-pro-flex_linkspot-2\/","alt":"AuDX-Pro-Flex","author":"4","description":"","caption":"","name":"audx-pro-flex_linkspot-2","status":"inherit","uploaded_to":11475,"date":"2023-09-27 21:33:55","modified":"2025-08-06 13:38:04","menu_order":0,"mime_type":"image\/jpeg","type":"image","subtype":"jpeg","icon":"https:\/\/natussensory.com\/wp-includes\/images\/media\/default.png","width":600,"height":300,"sizes":{"thumbnail":"https:\/\/natussensory.com\/wp-content\/uploads\/AuDX-Pro-Flex_linkspot.jpg","thumbnail-width":128,"thumbnail-height":64,"medium":"https:\/\/natussensory.com\/wp-content\/uploads\/AuDX-Pro-Flex_linkspot.jpg","medium-width":600,"medium-height":300,"medium_large":"https:\/\/natussensory.com\/wp-content\/uploads\/AuDX-Pro-Flex_linkspot.jpg","medium_large-width":600,"medium_large-height":300,"large":"https:\/\/natussensory.com\/wp-content\/uploads\/AuDX-Pro-Flex_linkspot.jpg","large-width":600,"large-height":300,"1536x1536":"https:\/\/natussensory.com\/wp-content\/uploads\/AuDX-Pro-Flex_linkspot.jpg","1536x1536-width":600,"1536x1536-height":300,"2048x2048":"https:\/\/natussensory.com\/wp-content\/uploads\/AuDX-Pro-Flex_linkspot.jpg","2048x2048-width":600,"2048x2048-height":300}},"title":"Multifunktionales Handger\u00e4t, das OAE-, Tympanometrie- und Audiometrie-Tests kombiniert - individuell konfigurierbar f\u00fcr Screening und Diagnostik. ","link":{"type":"post","value":"4049","url":"https:\/\/natussensory.com\/products\/audx-pro-flex\/","name":"Bio-logic\u00ae AuDX PRO FLEX\u00ae &#8211; Diagnostic OAE","title":"Bio-logic<sup>\u00ae<\/sup> AuDX PRO FLEX<sup>\u00ae<\/sup>","target":""}}]}},{"acf_fc_layout":"left_image_right_content_single_cta","_acfe_flexible_layout_title":"Contacts us","_acfe_flexible_toggle":"","left_image_right_content_single_cta_landing":{"module_options":{"":null,"module_id":"n685a5d301dba3","module_class":"","module_background_type":"color","module_background_color":"","module_background_image":false,"module_background_video":"","activate_custom_padding":false,"padding_top_desktop":0,"padding_top_tablet":"","padding_top_mobile":"","padding_bottom_desktop":"","padding_bottom_tablet":"","padding_bottom_mobile":"","activate_custom_margin":false,"margin_top_desktop":"","margin_top_tablet":"","margin_top_mobile":"","margin_bottom_desktop":"","margin_bottom_tablet":"","margin_bottom_mobile":"","disable_on":[],"content_alignment_desktop":"left","content_alignment_tablet":"left","content_alignment_mobile":"left"},"image":{"ID":4239,"id":4239,"title":"Contact Us 800x450","filename":"Contact-Us-800x450-1.png","filesize":437541,"url":"https:\/\/natussensory.com\/wp-content\/uploads\/Contact-Us-800x450-1.png","link":"https:\/\/natussensory.com\/de\/produkte\/contact-us-800x450-2\/","alt":"Shaking Hands - Contact Us","author":"4","description":"","caption":"","name":"contact-us-800x450-2","status":"inherit","uploaded_to":11016,"date":"2023-09-14 17:35:31","modified":"2025-06-12 09:11:34","menu_order":0,"mime_type":"image\/png","type":"image","subtype":"png","icon":"https:\/\/natussensory.com\/wp-includes\/images\/media\/default.png","width":800,"height":450,"sizes":{"thumbnail":"https:\/\/natussensory.com\/wp-content\/uploads\/Contact-Us-800x450-1.png","thumbnail-width":128,"thumbnail-height":72,"medium":"https:\/\/natussensory.com\/wp-content\/uploads\/Contact-Us-800x450-1.png","medium-width":800,"medium-height":450,"medium_large":"https:\/\/natussensory.com\/wp-content\/uploads\/Contact-Us-800x450-1-768x432.png","medium_large-width":768,"medium_large-height":432,"large":"https:\/\/natussensory.com\/wp-content\/uploads\/Contact-Us-800x450-1.png","large-width":800,"large-height":450,"1536x1536":"https:\/\/natussensory.com\/wp-content\/uploads\/Contact-Us-800x450-1.png","1536x1536-width":800,"1536x1536-height":450,"2048x2048":"https:\/\/natussensory.com\/wp-content\/uploads\/Contact-Us-800x450-1.png","2048x2048-width":800,"2048x2048-height":450}},"label":"Angebot anfordern","title":"Bereit, einen Unterschied in der Patientenversorgung zu machen? ","description":"<p><span class=\"TextRun SCXW90153210 BCX8\" data-contrast=\"auto\"><span class=\"NormalTextRun SCXW90153210 BCX8\">Erfahren Sie mehr \u00fcber unsere branchenf\u00fchrenden L\u00f6sungen und wie wir Sie dabei unterst\u00fctzen k\u00f6nnen, die Patientenversorgung zu verbessern.<\/span><\/span><\/p>\n","link":{"type":"post","value":"892","url":"https:\/\/natussensory.com\/contact-us\/","name":"Contact us","title":"Kontaktieren Sie uns","target":""}}}]},"_links":{"self":[{"href":"https:\/\/natussensory.com\/de\/wp-json\/wp\/v2\/pages\/24411","targetHints":{"allow":["GET"]}}],"collection":[{"href":"https:\/\/natussensory.com\/de\/wp-json\/wp\/v2\/pages"}],"about":[{"href":"https:\/\/natussensory.com\/de\/wp-json\/wp\/v2\/types\/page"}],"author":[{"embeddable":true,"href":"https:\/\/natussensory.com\/de\/wp-json\/wp\/v2\/users\/4"}],"replies":[{"embeddable":true,"href":"https:\/\/natussensory.com\/de\/wp-json\/wp\/v2\/comments?post=24411"}],"version-history":[{"count":7,"href":"https:\/\/natussensory.com\/de\/wp-json\/wp\/v2\/pages\/24411\/revisions"}],"predecessor-version":[{"id":25663,"href":"https:\/\/natussensory.com\/de\/wp-json\/wp\/v2\/pages\/24411\/revisions\/25663"}],"up":[{"embeddable":true,"href":"https:\/\/natussensory.com\/de\/wp-json\/wp\/v2\/pages\/11016"}],"wp:attachment":[{"href":"https:\/\/natussensory.com\/de\/wp-json\/wp\/v2\/media?parent=24411"}],"wp:term":[{"taxonomy":"category","embeddable":true,"href":"https:\/\/natussensory.com\/de\/wp-json\/wp\/v2\/categories?post=24411"},{"taxonomy":"post_tag","embeddable":true,"href":"https:\/\/natussensory.com\/de\/wp-json\/wp\/v2\/tags?post=24411"}],"curies":[{"name":"wp","href":"https:\/\/api.w.org\/{rel}","templated":true}]}}