{"id":24322,"date":"2025-05-20T13:37:36","date_gmt":"2025-05-20T13:37:36","guid":{"rendered":"https:\/\/natussensory.com\/produkte\/audiometers\/"},"modified":"2025-10-23T11:16:32","modified_gmt":"2025-10-23T11:16:32","slug":"audiometer","status":"publish","type":"page","link":"https:\/\/natussensory.com\/de\/produkte\/audiometer\/","title":{"rendered":"Audiometer"},"content":{"rendered":"","protected":false},"excerpt":{"rendered":"","protected":false},"author":4,"featured_media":0,"parent":11016,"menu_order":0,"comment_status":"closed","ping_status":"closed","template":"","meta":{"_acf_changed":false,"inline_featured_image":false,"footnotes":""},"categories":[300,302],"tags":[],"class_list":["post-24322","page","type-page","status-publish","hentry","category-hearing-assessment-de","category-hoerpruefung"],"acf":{"content_blocks":[{"acf_fc_layout":"spacer","_acfe_flexible_toggle":"","spacer":{"module_options":{"":null,"module_id":"n682c85f324428","module_class":"","module_background_type":"color","module_background_color":"#473089","module_background_image":false,"module_background_video":"","activate_custom_padding":false,"padding_top_desktop":0,"padding_top_tablet":"","padding_top_mobile":"","padding_bottom_desktop":"","padding_bottom_tablet":"","padding_bottom_mobile":"","activate_custom_margin":false,"margin_top_desktop":"","margin_top_tablet":"","margin_top_mobile":"","margin_bottom_desktop":"","margin_bottom_tablet":"","margin_bottom_mobile":"","disable_on":[],"content_alignment_desktop":"left","content_alignment_tablet":"left","content_alignment_mobile":"left"},"height":"160"}},{"acf_fc_layout":"simple_content","_acfe_flexible_toggle":"","content_full_width_landing":{"module_options":{"":null,"module_id":"n68481ff96f7b3","module_class":"","module_background_type":"color","module_background_color":"#d4e9f9","module_background_image":"https:\/\/natussensory.com\/wp-content\/uploads\/Homepage-banner.jpg","module_background_video":"","activate_custom_padding":false,"padding_top_desktop":0,"padding_top_tablet":"","padding_top_mobile":"","padding_bottom_desktop":"","padding_bottom_tablet":"","padding_bottom_mobile":"","activate_custom_margin":false,"margin_top_desktop":"","margin_top_tablet":"","margin_top_mobile":"","margin_bottom_desktop":"","margin_bottom_tablet":"","margin_bottom_mobile":"","disable_on":[],"content_alignment_desktop":"left","content_alignment_tablet":"left","content_alignment_mobile":"left"},"activate_custom_container_width":false,"container_width":"","content":"<h1 style=\"text-align: center;\"><span class=\"TextRun SCXW257792790 BCX0\" lang=\"EN-US\" xml:lang=\"EN-US\" data-contrast=\"auto\"><span class=\"NormalTextRun SCXW257792790 BCX0\">Audiometer<\/span><\/span><span class=\"EOP SCXW257792790 BCX0\" data-ccp-props=\"{&quot;335551550&quot;:2,&quot;335551620&quot;:2}\">\u00a0<\/span><\/h1>\n<p style=\"text-align: center;\"><span class=\"TextRun SCXW17627770 BCX0\" lang=\"DE-DE\" xml:lang=\"DE-DE\" data-contrast=\"auto\"><span class=\"NormalTextRun SCXW17627770 BCX0\">Entdecken Sie Audiometer f\u00fcr jede Phase der H\u00f6rversorgung \u2013 vom Screening \u00fcber die Diagnostik bis zur H\u00f6rger\u00e4teanpassung. Unser Portfolio umfasst tragbare und PC-gest\u00fctzte Modelle mit Funktionen wie Sprachaudiometrie, Knochenleitung und <\/span><span class=\"NormalTextRun SpellingErrorV2Themed SCXW17627770 BCX0\">Tinnitusdiagnostik<\/span><span class=\"NormalTextRun SCXW17627770 BCX0\">. F\u00fcr maximale klinische Effizienz konzipiert, lassen sich alle Systeme nahtlos in <\/span><span class=\"NormalTextRun SpellingErrorV2Themed SCXW17627770 BCX0\">Otosuite<\/span><span class=\"NormalTextRun SCXW17627770 BCX0\">, Noah und elektronische Patientenakten integrieren \u2013 f\u00fcr eine vereinfachte Datenverwaltung.<\/span><\/span><span class=\"EOP SCXW17627770 BCX0\" data-ccp-props=\"{&quot;335551550&quot;:2,&quot;335551620&quot;:2}\">\u00a0<\/span><\/p>\n"}},{"acf_fc_layout":"related_products","_acfe_flexible_toggle":"","tiles_3_columns_landing":{"module_options":{"":null,"module_id":"n682c87cfb8053","module_class":"","module_background_type":"color","module_background_color":"","module_background_image":false,"module_background_video":"","activate_custom_padding":false,"padding_top_desktop":0,"padding_top_tablet":"","padding_top_mobile":"","padding_bottom_desktop":"","padding_bottom_tablet":"","padding_bottom_mobile":"","activate_custom_margin":false,"margin_top_desktop":"","margin_top_tablet":"","margin_top_mobile":"","margin_bottom_desktop":"","margin_bottom_tablet":"","margin_bottom_mobile":"","disable_on":[],"content_alignment_desktop":"left","content_alignment_tablet":"left","content_alignment_mobile":"left"},"intro_text":"Produkte ","intro_text_color":"","intro_link":{"type":"post","value":"11016","url":"https:\/\/natussensory.com\/de\/produkte\/","name":"Produkte","title":"Alle Produkte anzeigen ","target":""},"tiles":[{"label":"","label_background_color":"#d4e9f9","image":{"ID":7758,"id":7758,"title":"Astera2_linkspot","filename":"Astera2_linkspot.jpg","filesize":101402,"url":"https:\/\/natussensory.com\/wp-content\/uploads\/Astera2_linkspot.jpg","link":"https:\/\/natussensory.com\/de\/produkte\/aurical-aud\/astera2_linkspot-2\/","alt":"Astera2","author":"4","description":"","caption":"","name":"astera2_linkspot-2","status":"inherit","uploaded_to":11331,"date":"2023-09-27 13:42:29","modified":"2025-08-06 13:49:40","menu_order":0,"mime_type":"image\/jpeg","type":"image","subtype":"jpeg","icon":"https:\/\/natussensory.com\/wp-includes\/images\/media\/default.png","width":600,"height":300,"sizes":{"thumbnail":"https:\/\/natussensory.com\/wp-content\/uploads\/Astera2_linkspot.jpg","thumbnail-width":128,"thumbnail-height":64,"medium":"https:\/\/natussensory.com\/wp-content\/uploads\/Astera2_linkspot.jpg","medium-width":600,"medium-height":300,"medium_large":"https:\/\/natussensory.com\/wp-content\/uploads\/Astera2_linkspot.jpg","medium_large-width":600,"medium_large-height":300,"large":"https:\/\/natussensory.com\/wp-content\/uploads\/Astera2_linkspot.jpg","large-width":600,"large-height":300,"1536x1536":"https:\/\/natussensory.com\/wp-content\/uploads\/Astera2_linkspot.jpg","1536x1536-width":600,"1536x1536-height":300,"2048x2048":"https:\/\/natussensory.com\/wp-content\/uploads\/Astera2_linkspot.jpg","2048x2048-width":600,"2048x2048-height":300}},"title":"Zweikanal-Klinikaudiometer mit erweiterten psychoakustischen Tests, Modulen f\u00fcr P\u00e4diatrie und Tinnitus sowie vollst\u00e4ndiger Integration in EMR- und Otosuite<sup>\u00ae<\/sup>-Systeme. ","link":{"type":"post","value":"2258","url":"https:\/\/natussensory.com\/products\/madsen-astera2\/","name":"Madsen\u00aeAstera<sup>2<\/sup> &#8211; Clinical Audiometer","title":"Madsen<sup>\u00ae<\/sup> Astera\u00b2","target":""}},{"label":"","label_background_color":"#d4e9f9","image":{"ID":7669,"id":7669,"title":"Aurical-Aud_linkspot","filename":"Aurical-Aud_linkspot.jpg","filesize":60761,"url":"https:\/\/natussensory.com\/wp-content\/uploads\/Aurical-Aud_linkspot.jpg","link":"https:\/\/natussensory.com\/de\/produkte\/madsen-astera2\/aurical-aud_linkspot-2\/","alt":"Aurical-Aud","author":"4","description":"","caption":"","name":"aurical-aud_linkspot-2","status":"inherit","uploaded_to":11087,"date":"2023-09-27 12:14:30","modified":"2025-08-06 13:31:20","menu_order":0,"mime_type":"image\/jpeg","type":"image","subtype":"jpeg","icon":"https:\/\/natussensory.com\/wp-includes\/images\/media\/default.png","width":600,"height":300,"sizes":{"thumbnail":"https:\/\/natussensory.com\/wp-content\/uploads\/Aurical-Aud_linkspot.jpg","thumbnail-width":128,"thumbnail-height":64,"medium":"https:\/\/natussensory.com\/wp-content\/uploads\/Aurical-Aud_linkspot.jpg","medium-width":600,"medium-height":300,"medium_large":"https:\/\/natussensory.com\/wp-content\/uploads\/Aurical-Aud_linkspot.jpg","medium_large-width":600,"medium_large-height":300,"large":"https:\/\/natussensory.com\/wp-content\/uploads\/Aurical-Aud_linkspot.jpg","large-width":600,"large-height":300,"1536x1536":"https:\/\/natussensory.com\/wp-content\/uploads\/Aurical-Aud_linkspot.jpg","1536x1536-width":600,"1536x1536-height":300,"2048x2048":"https:\/\/natussensory.com\/wp-content\/uploads\/Aurical-Aud_linkspot.jpg","2048x2048-width":600,"2048x2048-height":300}},"title":"Kompaktes Anpass-Audiometer mit integrierten Beratungstools, RoomTune-Kalibrierung und nahtloser Kompatibilit\u00e4t mit Noah, Otosuite<sup>\u00ae<\/sup> und elektronischen Patientenakten (EMR). ","link":{"type":"post","value":"2872","url":"https:\/\/natussensory.com\/products\/aurical-aud\/","name":"Aurical\u00ae Aud &#8211; Hearing Aid Fitting Audiometer","title":"Aurical<sup>\u00ae<\/sup> Aud","target":""}},{"label":"","label_background_color":"#d4e9f9","image":{"ID":7949,"id":7949,"title":"Oscilla_linkspot","filename":"Oscilla_linkspot.jpg","filesize":50521,"url":"https:\/\/natussensory.com\/wp-content\/uploads\/Oscilla_linkspot.jpg","link":"https:\/\/natussensory.com\/de\/produkte\/madsen-capella2\/oscilla_linkspot-2\/","alt":"Oscilla","author":"4","description":"","caption":"","name":"oscilla_linkspot-2","status":"inherit","uploaded_to":11339,"date":"2023-09-27 20:46:14","modified":"2025-08-06 14:00:38","menu_order":0,"mime_type":"image\/jpeg","type":"image","subtype":"jpeg","icon":"https:\/\/natussensory.com\/wp-includes\/images\/media\/default.png","width":600,"height":300,"sizes":{"thumbnail":"https:\/\/natussensory.com\/wp-content\/uploads\/Oscilla_linkspot.jpg","thumbnail-width":128,"thumbnail-height":64,"medium":"https:\/\/natussensory.com\/wp-content\/uploads\/Oscilla_linkspot.jpg","medium-width":600,"medium-height":300,"medium_large":"https:\/\/natussensory.com\/wp-content\/uploads\/Oscilla_linkspot.jpg","medium_large-width":600,"medium_large-height":300,"large":"https:\/\/natussensory.com\/wp-content\/uploads\/Oscilla_linkspot.jpg","large-width":600,"large-height":300,"1536x1536":"https:\/\/natussensory.com\/wp-content\/uploads\/Oscilla_linkspot.jpg","1536x1536-width":600,"1536x1536-height":300,"2048x2048":"https:\/\/natussensory.com\/wp-content\/uploads\/Oscilla_linkspot.jpg","2048x2048-width":600,"2048x2048-height":300}},"title":"Ultraportables, USB-betriebenes Audiometer f\u00fcr mobiles H\u00f6rscreening, Sprachtests und die \u00dcberpr\u00fcfung des Geh\u00f6rschutzes am Arbeitsplatz. ","link":{"type":"post","value":"2891","url":"https:\/\/natussensory.com\/products\/oscilla\/","name":"Oscilla\u00ae &#8211; Mobile Hearing Screening","title":"Oscilla<sup>\u00ae<\/sup>","target":""}}]}},{"acf_fc_layout":"related_products","_acfe_flexible_toggle":"","tiles_3_columns_landing":{"module_options":{"":null,"module_id":"n68496d44383e3","module_class":"","module_background_type":"color","module_background_color":"","module_background_image":false,"module_background_video":"","activate_custom_padding":false,"padding_top_desktop":0,"padding_top_tablet":"","padding_top_mobile":"","padding_bottom_desktop":"","padding_bottom_tablet":"","padding_bottom_mobile":"","activate_custom_margin":false,"margin_top_desktop":"","margin_top_tablet":"","margin_top_mobile":"","margin_bottom_desktop":"","margin_bottom_tablet":"","margin_bottom_mobile":"","disable_on":[],"content_alignment_desktop":"left","content_alignment_tablet":"left","content_alignment_mobile":"left"},"intro_text":"Verwandte Einblicke \u2013 mehr als 50 Jahre Fachwissen und Erfahrung","intro_text_color":"","intro_link":{"type":"post","value":"1527","url":"https:\/\/natussensory.com\/insights\/","name":"Insights","title":"Alle Einblicke anzeigen ","target":""},"tiles":[{"label":"","label_background_color":"","image":{"ID":15506,"id":15506,"title":"Tinnitus-toolbox_insights-category","filename":"Tinnitus-toolbox_insights-category.png","filesize":54104,"url":"https:\/\/natussensory.com\/wp-content\/uploads\/Tinnitus-toolbox_insights-category.png","link":"https:\/\/natussensory.com\/de\/insights\/tinnitus\/tinnitus-toolbox_insights-category-2\/","alt":"Illustration of a clinical tinnitus toolbox with audiology instruments and patient care symbols.","author":"4","description":"","caption":"","name":"tinnitus-toolbox_insights-category-2","status":"inherit","uploaded_to":16723,"date":"2023-10-16 13:19:44","modified":"2025-05-22 08:50:49","menu_order":0,"mime_type":"image\/png","type":"image","subtype":"png","icon":"https:\/\/natussensory.com\/wp-includes\/images\/media\/default.png","width":500,"height":400,"sizes":{"thumbnail":"https:\/\/natussensory.com\/wp-content\/uploads\/Tinnitus-toolbox_insights-category.png","thumbnail-width":120,"thumbnail-height":96,"medium":"https:\/\/natussensory.com\/wp-content\/uploads\/Tinnitus-toolbox_insights-category.png","medium-width":500,"medium-height":400,"medium_large":"https:\/\/natussensory.com\/wp-content\/uploads\/Tinnitus-toolbox_insights-category.png","medium_large-width":500,"medium_large-height":400,"large":"https:\/\/natussensory.com\/wp-content\/uploads\/Tinnitus-toolbox_insights-category.png","large-width":500,"large-height":400,"1536x1536":"https:\/\/natussensory.com\/wp-content\/uploads\/Tinnitus-toolbox_insights-category.png","1536x1536-width":500,"1536x1536-height":400,"2048x2048":"https:\/\/natussensory.com\/wp-content\/uploads\/Tinnitus-toolbox_insights-category.png","2048x2048-width":500,"2048x2048-height":400}},"title":"The Tinnitus Toolbox","link":{"type":"post","value":"15501","url":"https:\/\/natussensory.com\/insights\/the-tinnitus-toolbox\/","name":"The Tinnitus Toolbox","title":"Mehr erfahren","target":""}},{"label":"","label_background_color":"","image":{"ID":15332,"id":15332,"title":"10-ways_insights-category","filename":"10-ways_insights-category.jpg","filesize":134584,"url":"https:\/\/natussensory.com\/wp-content\/uploads\/10-ways_insights-category.jpg","link":"https:\/\/natussensory.com\/de\/insights\/zehn-ideen-zur-gewinnung-und-bindung-von-kunden-durch-gezieltes-marketing\/10-ways_insights-category-2\/","alt":"Smiling man in a professional setting, representing satisfied audiology patient after successful hearing care treatment.","author":"4","description":"","caption":"","name":"10-ways_insights-category-2","status":"inherit","uploaded_to":16911,"date":"2023-10-13 13:51:59","modified":"2025-05-22 10:19:35","menu_order":0,"mime_type":"image\/jpeg","type":"image","subtype":"jpeg","icon":"https:\/\/natussensory.com\/wp-includes\/images\/media\/default.png","width":500,"height":400,"sizes":{"thumbnail":"https:\/\/natussensory.com\/wp-content\/uploads\/10-ways_insights-category.jpg","thumbnail-width":120,"thumbnail-height":96,"medium":"https:\/\/natussensory.com\/wp-content\/uploads\/10-ways_insights-category.jpg","medium-width":500,"medium-height":400,"medium_large":"https:\/\/natussensory.com\/wp-content\/uploads\/10-ways_insights-category.jpg","medium_large-width":500,"medium_large-height":400,"large":"https:\/\/natussensory.com\/wp-content\/uploads\/10-ways_insights-category.jpg","large-width":500,"large-height":400,"1536x1536":"https:\/\/natussensory.com\/wp-content\/uploads\/10-ways_insights-category.jpg","1536x1536-width":500,"1536x1536-height":400,"2048x2048":"https:\/\/natussensory.com\/wp-content\/uploads\/10-ways_insights-category.jpg","2048x2048-width":500,"2048x2048-height":400}},"title":"Zehn Ideen zur Gewinnung und Bindung von Kunden durch gezieltes Marketing","link":{"type":"post","value":"15329","url":"https:\/\/natussensory.com\/insights\/10-audiology-marketing-ideas-to-attract-and-retain-patients\/","name":"10 Audiology Marketing Ideas to Attract Patients","title":"Mehr erfahren","target":""}}]}},{"acf_fc_layout":"left_image_right_content_single_cta","_acfe_flexible_layout_title":"Contacts us","_acfe_flexible_toggle":"","left_image_right_content_single_cta_landing":{"module_options":{"":null,"module_id":"n685a5d301dba3","module_class":"","module_background_type":"color","module_background_color":"","module_background_image":false,"module_background_video":"","activate_custom_padding":false,"padding_top_desktop":0,"padding_top_tablet":"","padding_top_mobile":"","padding_bottom_desktop":"","padding_bottom_tablet":"","padding_bottom_mobile":"","activate_custom_margin":false,"margin_top_desktop":"","margin_top_tablet":"","margin_top_mobile":"","margin_bottom_desktop":"","margin_bottom_tablet":"","margin_bottom_mobile":"","disable_on":[],"content_alignment_desktop":"left","content_alignment_tablet":"left","content_alignment_mobile":"left"},"image":{"ID":4239,"id":4239,"title":"Contact Us 800x450","filename":"Contact-Us-800x450-1.png","filesize":437541,"url":"https:\/\/natussensory.com\/wp-content\/uploads\/Contact-Us-800x450-1.png","link":"https:\/\/natussensory.com\/de\/produkte\/contact-us-800x450-2\/","alt":"Shaking Hands - Contact Us","author":"4","description":"","caption":"","name":"contact-us-800x450-2","status":"inherit","uploaded_to":11016,"date":"2023-09-14 17:35:31","modified":"2025-06-12 09:11:34","menu_order":0,"mime_type":"image\/png","type":"image","subtype":"png","icon":"https:\/\/natussensory.com\/wp-includes\/images\/media\/default.png","width":800,"height":450,"sizes":{"thumbnail":"https:\/\/natussensory.com\/wp-content\/uploads\/Contact-Us-800x450-1.png","thumbnail-width":128,"thumbnail-height":72,"medium":"https:\/\/natussensory.com\/wp-content\/uploads\/Contact-Us-800x450-1.png","medium-width":800,"medium-height":450,"medium_large":"https:\/\/natussensory.com\/wp-content\/uploads\/Contact-Us-800x450-1-768x432.png","medium_large-width":768,"medium_large-height":432,"large":"https:\/\/natussensory.com\/wp-content\/uploads\/Contact-Us-800x450-1.png","large-width":800,"large-height":450,"1536x1536":"https:\/\/natussensory.com\/wp-content\/uploads\/Contact-Us-800x450-1.png","1536x1536-width":800,"1536x1536-height":450,"2048x2048":"https:\/\/natussensory.com\/wp-content\/uploads\/Contact-Us-800x450-1.png","2048x2048-width":800,"2048x2048-height":450}},"label":"Angebot anfordern","title":"Bereit, einen Unterschied in der Patientenversorgung zu machen?","description":"<p>Erfahren Sie mehr \u00fcber unsere branchenf\u00fchrenden L\u00f6sungen und wie wir Sie dabei unterst\u00fctzen k\u00f6nnen, die Patientenversorgung zu verbessern.<\/p>\n","link":{"type":"post","value":"892","url":"https:\/\/natussensory.com\/contact-us\/","name":"Contact us","title":"Kontaktieren Sie uns","target":""}}}]},"_links":{"self":[{"href":"https:\/\/natussensory.com\/de\/wp-json\/wp\/v2\/pages\/24322","targetHints":{"allow":["GET"]}}],"collection":[{"href":"https:\/\/natussensory.com\/de\/wp-json\/wp\/v2\/pages"}],"about":[{"href":"https:\/\/natussensory.com\/de\/wp-json\/wp\/v2\/types\/page"}],"author":[{"embeddable":true,"href":"https:\/\/natussensory.com\/de\/wp-json\/wp\/v2\/users\/4"}],"replies":[{"embeddable":true,"href":"https:\/\/natussensory.com\/de\/wp-json\/wp\/v2\/comments?post=24322"}],"version-history":[{"count":8,"href":"https:\/\/natussensory.com\/de\/wp-json\/wp\/v2\/pages\/24322\/revisions"}],"predecessor-version":[{"id":25628,"href":"https:\/\/natussensory.com\/de\/wp-json\/wp\/v2\/pages\/24322\/revisions\/25628"}],"up":[{"embeddable":true,"href":"https:\/\/natussensory.com\/de\/wp-json\/wp\/v2\/pages\/11016"}],"wp:attachment":[{"href":"https:\/\/natussensory.com\/de\/wp-json\/wp\/v2\/media?parent=24322"}],"wp:term":[{"taxonomy":"category","embeddable":true,"href":"https:\/\/natussensory.com\/de\/wp-json\/wp\/v2\/categories?post=24322"},{"taxonomy":"post_tag","embeddable":true,"href":"https:\/\/natussensory.com\/de\/wp-json\/wp\/v2\/tags?post=24322"}],"curies":[{"name":"wp","href":"https:\/\/api.w.org\/{rel}","templated":true}]}}