{"id":21931,"date":"2024-11-13T21:11:42","date_gmt":"2024-11-13T21:11:42","guid":{"rendered":"https:\/\/natussensory.com\/coordinated-vulnerability-disclosure-policy\/"},"modified":"2025-09-24T14:00:24","modified_gmt":"2025-09-24T14:00:24","slug":"richtlinie-zur-koordinierten-offenlegung-von-schwachstellen","status":"publish","type":"page","link":"https:\/\/natussensory.com\/de\/richtlinie-zur-koordinierten-offenlegung-von-schwachstellen\/","title":{"rendered":"Richtlinie zur Offenlegung von Schwachstellen"},"content":{"rendered":"","protected":false},"excerpt":{"rendered":"","protected":false},"author":4,"featured_media":0,"parent":0,"menu_order":0,"comment_status":"closed","ping_status":"closed","template":"","meta":{"_acf_changed":false,"inline_featured_image":false,"footnotes":""},"categories":[],"tags":[],"class_list":["post-21931","page","type-page","status-publish","hentry"],"acf":{"content_blocks":[{"acf_fc_layout":"spacer","_acfe_flexible_toggle":"","spacer":{"module_options":{"":null,"module_id":"n685ea253734bd","module_class":"","module_background_type":"color","module_background_color":"#473089","module_background_image":false,"module_background_video":"","activate_custom_padding":false,"padding_top_desktop":0,"padding_top_tablet":"","padding_top_mobile":"","padding_bottom_desktop":"","padding_bottom_tablet":"","padding_bottom_mobile":"","activate_custom_margin":false,"margin_top_desktop":"","margin_top_tablet":"","margin_top_mobile":"","margin_bottom_desktop":"","margin_bottom_tablet":"","margin_bottom_mobile":"","disable_on":[],"content_alignment_desktop":"left","content_alignment_tablet":"left","content_alignment_mobile":"left"},"height":"160"}},{"acf_fc_layout":"simple_content","_acfe_flexible_layout_title":"Banner","_acfe_flexible_toggle":"","content_full_width_landing":{"module_options":{"":null,"module_id":"n6514d1d1bceb1","module_class":"","module_background_type":"image","module_background_color":"","module_background_image":"https:\/\/natussensory.com\/wp-content\/uploads\/Homepage-banner.jpg","module_background_video":"","activate_custom_padding":true,"padding_top_desktop":"40","padding_top_tablet":"0","padding_top_mobile":"0","padding_bottom_desktop":"0","padding_bottom_tablet":"0","padding_bottom_mobile":"10","activate_custom_margin":false,"margin_top_desktop":"","margin_top_tablet":"","margin_top_mobile":"","margin_bottom_desktop":"","margin_bottom_tablet":"","margin_bottom_mobile":"","disable_on":[],"content_alignment_desktop":"left","content_alignment_tablet":"left","content_alignment_mobile":"left"},"activate_custom_container_width":false,"container_width":"","content":"<h1><\/h1>\n<h1 style=\"text-align: center;\">Richtlinie zur koordinierten Offenlegung von Schwachstellen<\/h1>\n<p>&nbsp;<\/p>\n"}},{"acf_fc_layout":"simple_content","_acfe_flexible_toggle":"","content_full_width_landing":{"module_options":{"":null,"module_id":"n6514c7b77fa50","module_class":"","module_background_type":"color","module_background_color":"","module_background_image":"https:\/\/natussensory.com\/wp-content\/uploads\/Homepage-banner.jpg","module_background_video":"","activate_custom_padding":false,"padding_top_desktop":"40","padding_top_tablet":"0","padding_top_mobile":"0","padding_bottom_desktop":"0","padding_bottom_tablet":"0","padding_bottom_mobile":"10","activate_custom_margin":false,"margin_top_desktop":"","margin_top_tablet":"","margin_top_mobile":"","margin_bottom_desktop":"","margin_bottom_tablet":"","margin_bottom_mobile":"","disable_on":[],"content_alignment_desktop":"left","content_alignment_tablet":"left","content_alignment_mobile":"left"},"activate_custom_container_width":false,"container_width":"","content":"<p><span style=\"font-size: 15px;\">Die Richtlinie zur Offenlegung von Schwachstellen von Natus Sensory soll unseren Kunden Transparenz bieten, indem sie ihnen Informationen und Anleitungen f\u00fcr den Umgang mit Cybersicherheitsrisiken zur Verf\u00fcgung stellt. Wir empfehlen unseren Kunden und anderen externen Interessensvertretern an Kl\u00e4rungsreaktionspl\u00e4nen von Schwachstellen, die in Natus Sensory-Produkten entdeckt wurden, mitzuarbeiten. Der Prozess der koordinierten Offenlegung von Schwachstellen besteht aus den folgenden vier Phasen:<\/span><\/p>\n<p>&nbsp;<\/p>\n<ul>\n<li><span style=\"font-size: 15px;\"><strong>Erkennung<\/strong>: Natus Sensory-Kunden, Sicherheitsforschern und anderen externen Interessensvertretern wird empfohlen, potenzielle oder erkannte Schwachstellen, Datenschutzverletzungen oder andere Signale und Vorf\u00e4lle im Bereich der Cybersicherheit zu melden, die ein Natus Sensory-Produkt betreffen. Diese potenziellen oder erkannten Schwachstellen m\u00fcssen Natus Sensory als Beschwerde beim technischen Service gemeldet werden, wobei das Beschwerdeverfahren von Natus Sensory einzuhalten ist. Natus Sensory wird den Empfang des gemeldeten Signals unverz\u00fcglich best\u00e4tigen, sobald es von der Meldequelle eingegangen ist.<\/span><\/li>\n<li><span style=\"font-size: 15px;\"><strong>Triage und Analyse<\/strong>: Natus Sensory arbeitet mit der Meldequelle der potenziellen Sicherheitsprobleme und -ereignisse zusammen, um die gemeldeten Schwachstellen zu untersuchen und zu \u00fcberpr\u00fcfen. Wenn die Schwachstelle verifiziert und f\u00fcr eine Behandlungsplanung qualifiziert ist, wird Natus Sensory sein Verfahren f\u00fcr die Reaktion auf Produktsicherheitsvorf\u00e4lle und das Schwachstellenmanagement befolgen, um wirksame Kl\u00e4rungsreaktionspl\u00e4ne aufzustellen. Die Fristen f\u00fcr die Behandlung und die Offenlegung sollten so bald wie m\u00f6glich mitgeteilt werden.<\/span><\/li>\n<li><span style=\"font-size: 15px;\"><strong>Behebung oder Schadensbegrenzung<\/strong>: In der Kl\u00e4rungsreaktion werden Strategien zur Behebung und\/oder Schadensbegrenzung festgelegt, um die Schwachstelle zu beseitigen oder das Risiko auf ein akzeptables Niveau zu reduzieren. Gegebenenfalls umfasst die Kl\u00e4rungsreaktion auch die Kommunikation mit Koordinatoren, Informationsaustauschgruppen und Aufsichtsbeh\u00f6rden.<\/span><\/li>\n<li><span style=\"font-size: 15px;\"><strong>Offenlegung von Schwachstellen<\/strong>: Natus Sensory ver\u00f6ffentlicht freigegebene koordinierte Offenlegungen von Schwachstellen in Form einer Produktsicherheitsinformationsmitteilung oder eines Produktsicherheitsrundschreibens auf der Website von Natus Sensory. Freigabemitteilungen und andere Produktkennzeichnungen k\u00f6nnen zur Offenlegung von Schwachstellen verwendet werden. In dieser Phase teilt Natus Sensory die Informationen \u00fcber die Schwachstellen mit den Koordinatoren und\/oder anderen externen Interessensgruppen.<\/span><\/li>\n<\/ul>\n"}}]},"_links":{"self":[{"href":"https:\/\/natussensory.com\/de\/wp-json\/wp\/v2\/pages\/21931","targetHints":{"allow":["GET"]}}],"collection":[{"href":"https:\/\/natussensory.com\/de\/wp-json\/wp\/v2\/pages"}],"about":[{"href":"https:\/\/natussensory.com\/de\/wp-json\/wp\/v2\/types\/page"}],"author":[{"embeddable":true,"href":"https:\/\/natussensory.com\/de\/wp-json\/wp\/v2\/users\/4"}],"replies":[{"embeddable":true,"href":"https:\/\/natussensory.com\/de\/wp-json\/wp\/v2\/comments?post=21931"}],"version-history":[{"count":7,"href":"https:\/\/natussensory.com\/de\/wp-json\/wp\/v2\/pages\/21931\/revisions"}],"predecessor-version":[{"id":27286,"href":"https:\/\/natussensory.com\/de\/wp-json\/wp\/v2\/pages\/21931\/revisions\/27286"}],"wp:attachment":[{"href":"https:\/\/natussensory.com\/de\/wp-json\/wp\/v2\/media?parent=21931"}],"wp:term":[{"taxonomy":"category","embeddable":true,"href":"https:\/\/natussensory.com\/de\/wp-json\/wp\/v2\/categories?post=21931"},{"taxonomy":"post_tag","embeddable":true,"href":"https:\/\/natussensory.com\/de\/wp-json\/wp\/v2\/tags?post=21931"}],"curies":[{"name":"wp","href":"https:\/\/api.w.org\/{rel}","templated":true}]}}