{"id":12760,"date":"2023-09-22T20:21:13","date_gmt":"2023-09-22T20:21:13","guid":{"rendered":"https:\/\/natussensory.com\/aoda-information\/"},"modified":"2025-09-18T12:41:29","modified_gmt":"2025-09-18T12:41:29","slug":"aoda-erklaerung","status":"publish","type":"page","link":"https:\/\/natussensory.com\/de\/aoda-erklaerung\/","title":{"rendered":"AODA"},"content":{"rendered":"","protected":false},"excerpt":{"rendered":"","protected":false},"author":4,"featured_media":0,"parent":0,"menu_order":0,"comment_status":"closed","ping_status":"closed","template":"","meta":{"_acf_changed":false,"inline_featured_image":false,"footnotes":""},"categories":[],"tags":[],"class_list":["post-12760","page","type-page","status-publish","hentry"],"acf":{"content_blocks":[{"acf_fc_layout":"spacer","_acfe_flexible_toggle":"","spacer":{"module_options":{"":null,"module_id":"n6514c89a99c29","module_class":"","module_background_type":"color","module_background_color":"#473089","module_background_image":false,"module_background_video":"","activate_custom_padding":false,"padding_top_desktop":"0","padding_top_tablet":"0","padding_top_mobile":"0","padding_bottom_desktop":"0","padding_bottom_tablet":"0","padding_bottom_mobile":"0","activate_custom_margin":false,"margin_top_desktop":"0","margin_top_tablet":"0","margin_top_mobile":"0","margin_bottom_desktop":"0","margin_bottom_tablet":"0","margin_bottom_mobile":"0","disable_on":[],"content_alignment_desktop":"left","content_alignment_tablet":"left","content_alignment_mobile":"left"},"height":"160"}},{"acf_fc_layout":"simple_content","_acfe_flexible_toggle":"","content_full_width_landing":{"module_options":{"":null,"module_id":"n68481ff96f7b3","module_class":"","module_background_type":"color","module_background_color":"#d4e9f9","module_background_image":false,"module_background_video":"","activate_custom_padding":false,"padding_top_desktop":"0","padding_top_tablet":"0","padding_top_mobile":"0","padding_bottom_desktop":"0","padding_bottom_tablet":"0","padding_bottom_mobile":"0","activate_custom_margin":false,"margin_top_desktop":"0","margin_top_tablet":"0","margin_top_mobile":"0","margin_bottom_desktop":"0","margin_bottom_tablet":"0","margin_bottom_mobile":"0","disable_on":[],"content_alignment_desktop":"left","content_alignment_tablet":"left","content_alignment_mobile":"left"},"activate_custom_container_width":false,"container_width":"","content":"<h1><\/h1>\n<h1 style=\"text-align: center;\">AODA<\/h1>\n"}},{"acf_fc_layout":"simple_content","_acfe_flexible_toggle":"","content_full_width_landing":{"module_options":{"":null,"module_id":"n6514c7b77fa50","module_class":"","module_background_type":"color","module_background_color":"","module_background_image":false,"module_background_video":"","activate_custom_padding":false,"padding_top_desktop":0,"padding_top_tablet":"","padding_top_mobile":"","padding_bottom_desktop":"","padding_bottom_tablet":"","padding_bottom_mobile":"","activate_custom_margin":false,"margin_top_desktop":"","margin_top_tablet":"","margin_top_mobile":"","margin_bottom_desktop":"","margin_bottom_tablet":"","margin_bottom_mobile":"","disable_on":[],"content_alignment_desktop":"left","content_alignment_tablet":"left","content_alignment_mobile":"left"},"activate_custom_container_width":false,"container_width":"","content":"<h4>Barrierefreiheit<\/h4>\n<p>Natus setzt sich f\u00fcr die Bereitstellung einer Lern- und Arbeitsumgebung ein, die eine m\u00f6glichst vollkommene Entwicklung des Potenzials der Mitglieder seiner Gemeinschaft erm\u00f6glicht. Dabei orientiert sich Natus an der Betrachtung von Behinderung als Umweltmodell entsprechend der Operationalisierung in der Definition von Behinderung durch die Weltgesundheitsorganisation. In diesem Modell wird Behinderung als eine Folge von Barrieren betrachtet, die durch Fehler bei der Gestaltung der gebauten und menschlichen Umwelt entstanden sind. Es sind diese, alle durch den Menschen verursachten Gestaltungsfehler, die Menschen mit Behinderung die volle Beteiligung am Leben der Gemeinschaft verwehren. Natus setzt sich f\u00fcr die Beseitigung der Barrieren ein, die die volle Einbeziehung aller Mitglieder seiner Gemeinschaft in ihrem Leben und ihrer Arbeit verhindern.<\/p>\n<p>&nbsp;<\/p>\n<p>&nbsp;<\/p>\n<h4>Gesetz zur Barrierefreiheit f\u00fcr Ontarier mit Behinderungen (AODA)<\/h4>\n<p>Das Gesetz zur Barrierefreiheit f\u00fcr Ontarier mit Behinderungen (Ontarians with Disabilities Act, AODA) wurde in Jahr 2005 in der kanadischen Provinz Ontario verabschiedet. Das AODA-Gesetz gilt sowohl f\u00fcr den \u00f6ffentlichen als auch den privaten Sektor und verfolgt das Ziel, allen B\u00fcrgern Ontarios mit einer Behinderung bis zum 1. Januar 2025 barrierefreien Zugang zu G\u00fctern, Dienstleistungen, Einrichtungen, Unterk\u00fcnften, Besch\u00e4ftigung, Baustrukturen und R\u00e4umlichkeiten zu erm\u00f6glichen. Die Erreichung dieses Ziels wird durch die Entwicklung, Implementierung und Durchsetzung von auf Ebene der Provinz festgelegten Barrierefreiheitsstandards verfolgt:<\/p>\n<p>&nbsp;<\/p>\n<h6>1. Kundendienststandard<\/p>\n<p>2. Informations- und Kommunikationsstandard<\/p>\n<p>3. Besch\u00e4ftigungsstandard<\/p>\n<p>4. Transportstandard<\/p>\n<p>5. Standard f\u00fcr die Gestaltung \u00f6ffentlicher R\u00e4ume<\/h6>\n<p>&nbsp;<\/p>\n<h4><\/h4>\n<h4>Integrated Accessibility Standards Regulation (IASR))<\/h4>\n<p>Die Verordnung \u00fcber integrierte Barrierefreiheitsstandards (Integrated Accessibility Standards Regulation, IASR) legt Zug\u00e4nglichkeitsstandards f\u00fcr vier (4) der f\u00fcnf (5) Standards fest, einschlie\u00dflich Informationen und Kommunikation, Besch\u00e4ftigung, Transport und Gestaltung \u00f6ffentlicher R\u00e4ume. Die IASR schafft au\u00dferdem einen Compliance-Rahmen f\u00fcr Organisationen, der gr\u00f6\u00dftenteils in den allgemeinen Anforderungen der Verordnung dargelegt ist.<\/p>\n<p>&nbsp;<\/p>\n<p>&nbsp;<\/p>\n<p><strong>Allgemeine Anforderungen:<\/strong><\/p>\n<p>Der Abschnitt der IASR mit den allgemeinen Anforderungen enth\u00e4lt Anforderungen in Bezug auf Richtlinien und Pl\u00e4ne f\u00fcr Barrierefreiheit sowie die Festlegung von Anforderungen f\u00fcr die Beschaffung von Waren, Dienstleistungen und Einrichtungen. Die allgemeinen Anforderungen gehen au\u00dferdem auf Selbstbedienungskioske und Schulungen ein. Zudem werden hierin Ausnahmen von der Einreichung von Barrierefreiheitsberichten behandelt.<\/p>\n<p>&nbsp;<\/p>\n<p>&nbsp;<\/p>\n<p><strong>F\u00fcr die allgemeinen Anforderungen relevante Links und Dokumente:<\/strong><\/p>\n<ul>\n<li><a href=\"https:\/\/natus.bynder.com\/m\/1af4b3ef5747f16f\/original\/AODA-Multi-Year-Plan.pdf\" target=\"_blank\" rel=\"noopener\">Mehrj\u00e4hriger Plan von Natus Neurology f\u00fcr Barrierefreiheit <\/a><\/li>\n<li>Richtlinie von Natus Neurology f\u00fcr Barrierefreiheit<\/li>\n<li><a href=\"https:\/\/natus.bynder.com\/m\/244bd4284eac1c16\/original\/Training-Requirements-for-Employees.pdf\" target=\"_blank\" rel=\"noopener\">IASR-Schulung <\/a><\/li>\n<li>Selbst zertifizierter AODA-Barrierefreiheitsbericht<\/li>\n<\/ul>\n<p>Schlie\u00dflich ist zu beachten, dass die IASR oder andere Teile des AODA die Verpflichtungen unter den Vorschriften von Ontario \u00fcber Menschenrechte oder andere Gesetzgebung in Bezug auf Vorkehrungen f\u00fcr Behinderungen nicht ersetzt oder beeinflusst. Dies kann bedeuten, dass zus\u00e4tzliche Ma\u00dfnahmen zum oder unterschiedliche Ma\u00dfnahmen vom AODA erforderlich sein k\u00f6nnen, um die Anforderungen von Personen mit Behinderungen f\u00fcr Barrierefreiheit oder Vorkehrungen zu erf\u00fcllen.<\/p>\n<p>&nbsp;<\/p>\n<p>&nbsp;<\/p>\n<h4>Zusammenfassung der Standards und Anforderungen des AODA<\/h4>\n<h5>1. Kundendienststandard<\/h5>\n<p>Der Kundendienststandard war der erste AODA-Standard, der zum Gesetz erhoben wurde. Der Standard trat am 1. Januar 2008 in Kraft. Dieser Standard zielt darauf ab, dass Anbieter von Dienstleistungen f\u00fcr die \u00d6ffentlichkeit dies auf eine Weise tun, die die Anforderungen von Personen mit Behinderungen ber\u00fccksichtigt. Somit sind unter diesem Standard eine Reihe von Initiativen erforderlich, zu denen die Erstellung von Richtlinien f\u00fcr barrierefreie Kundendienstpraktiken und Schulungen zur Bereitstellung von barrierefreiem Kundendienst geh\u00f6ren. \u00c4hnlich wie die anderen Teile des AODA sind die Kalenderdaten f\u00fcr die Einhaltung der diversen Anforderungen in dem Standard von der Gr\u00f6\u00dfe und Art der Organisation abh\u00e4ngig. Als eine gro\u00dfe Organisation des \u00f6ffentlichen Bereichs mit mehr als 20 Mitarbeitern war Natus verpflichtet, die in diesem Standard enthaltenen Anforderungen ab dem 1. Januar 2010 einzuhalten.<\/p>\n<p>&nbsp;<\/p>\n<p>&nbsp;<\/p>\n<p><strong>F\u00fcr den Kundendienststandard relevante Links und Dokumente:<\/strong><\/p>\n<ul>\n<li>Richtlinie von Natus Neurology f\u00fcr Kundendienst und Barrierefreiheit<\/li>\n<li>Schulung zum Kundendienststandard<\/li>\n<li><a href=\"https:\/\/natus.bynder.com\/m\/1df1133afb20e665\/original\/AODA-Feedback.pdf\" target=\"_blank\" rel=\"noopener\">Einreichung von Feedback zur Bereitstellung von barrierefreiem Kundendienst durch Natus <\/a><\/li>\n<li>Mitteilungen zu Serviceunterbrechungen<\/li>\n<\/ul>\n<h3><\/h3>\n<h5>2. Informations- und Kommunikationsstandard<\/h5>\n<p>Dieser Standard legt Anforderungen f\u00fcr Organisationen fest, Informationen und Kommunikation auf eine Weise zu erstellen, bereitzustellen und zu empfangen, die f\u00fcr Personen mit Behinderungen zug\u00e4nglich sind. Der Standard legt Anforderungen f\u00fcr die folgenden Bereiche fest:<\/p>\n<ul>\n<li>Feedback<\/li>\n<li>Barrierefreie Formate und Kommunikationsmittel<\/li>\n<li>Notfallma\u00dfnahmen, Notfallpl\u00e4ne und f\u00fcr die \u00f6ffentliche Sicherheit relevante Informationen<\/li>\n<li>Barrierefreie Websites und -inhalte<\/li>\n<li>Ausbildungs- und Schulungsressourcen und -material<\/li>\n<li>Schulungen f\u00fcr Lehrkr\u00e4fte<\/li>\n<li>Entwickler von Ausbildungs- und Schulungsmaterial<\/li>\n<li>Bibliotheken von Ausbildungs- und Schulungseinrichtungen und<\/li>\n<li>\u00f6ffentliche Bibliotheken<\/li>\n<\/ul>\n<p><strong><br \/>\nF\u00fcr den Informations- und Kommunikationsstandard relevante Links und Dokumente:<\/strong><\/p>\n<ul>\n<li><a href=\"https:\/\/natus.bynder.com\/m\/3f9c64ddbd16b332\/original\/Request-for-Documentation-in-Accessible-Format.pdf\" target=\"_blank\" rel=\"noopener\">Antragsformular f\u00fcr barrierefreie Formate <\/a><\/li>\n<li><a href=\"https:\/\/natus.bynder.com\/m\/6d24945722313f33\/original\/Web-Content-Accessibility-Guidelines.pdf\" target=\"_blank\" rel=\"noopener\">Richtlinien f\u00fcr barrierefreie Webinhalte <\/a><\/li>\n<li>Obligatorische Mitarbeiterschulung zum Bewusstsein f\u00fcr Barrierefreiheit<\/li>\n<\/ul>\n<p>&nbsp;<\/p>\n<h5>3. Besch\u00e4ftigungsstandard<\/h5>\n<p>Der Besch\u00e4ftigungsstandard schreibt vor, dass Arbeitgeber den gesamten Besch\u00e4ftigungszyklus barrierefrei gestalten m\u00fcssen. Dieser Standard zielt darauf ab, Barrieren zu beseitigen, damit Arbeitnehmer ihr volles Potenzial entfalten k\u00f6nnen. Zu den in diesem Standard angesprochenen Fragen geh\u00f6ren die Benachrichtigung \u00fcber die Verf\u00fcgbarkeit von Vorkehrungen im Laufe des gesamten Besch\u00e4ftigungszyklus und die Notwendigkeit der Entwicklung von Richtlinien und Verfahren in Bezug auf schriftliche individuelle Vorkehrungspl\u00e4ne sowie individuelle Notfallinformationen.<\/p>\n<p>Natus hat Richtlinien und Verfahren entwickelt, um die Compliance der Organisation mit diesem Standard zu sichern. Dazu geh\u00f6ren die Entwicklung einer Vorlage und eines Verfahrens f\u00fcr die Behandlung von Personen, die in Notf\u00e4llen m\u00f6glicherweise Hilfe ben\u00f6tigen. Fragen im Zusammenhang mit Vorkehrungen im Besch\u00e4ftigungsprozess wurden in der neuen Richtlinie f\u00fcr die Behandlung von Arbeitnehmern mit Behinderungen (2014) angesprochen.<\/p>\n<p>&nbsp;<\/p>\n<p>&nbsp;<\/p>\n<p><strong>F\u00fcr den Besch\u00e4ftigungsstandard relevante Links und Dokumente:<\/strong><\/p>\n<ul>\n<li>Behandlung von Arbeitnehmern mit Behinderungen<\/li>\n<li><a href=\"https:\/\/natus.bynder.com\/m\/a891a8b3ffb8ffc\/original\/Emergency-Procedures-for-Persons-with-Disabilities.pdf\" target=\"_blank\" rel=\"noopener\">Notfallma\u00dfnahmen f\u00fcr Personen mit Behinderungen<\/a><\/li>\n<li><a href=\"https:\/\/natussensory.com\/careers\/\">Website der Personalabteilung<\/a><\/li>\n<\/ul>\n<p>&nbsp;<\/p>\n<h5>4. Transportstandard<\/h5>\n<p>Dieser Standard gilt f\u00fcr Anbieter von Transportleistungen einschlie\u00dflich Stadtverwaltungen, Universit\u00e4ten, Fachhochschulen, Krankenh\u00e4user und Schultr\u00e4ger. Das Ziel besteht darin, Personen mit Behinderungen Dienstleistungen verf\u00fcgbar zu machen, um diese beim Leben, Arbeiten und Partizipieren in ihren Gemeinden zu unterst\u00fctzen. Von barrierefreiem Transport profitieren au\u00dferdem \u00e4ltere Menschen, Familien mit Kinderwagen und Besucher von Ontario. Dieser Standard ist umfassend und deckt zahlreiche Aspekte des barrierefreien Transports ab, die von Richtlinien und Verfahren bis zu servicebezogenen und technischen Aspekten im Zusammenhang mit barrierefreien Merkmalen und Ausstattungen reichen.<\/p>\n<h5>5. Standard f\u00fcr die Gestaltung \u00f6ffentlicher R\u00e4ume (ehemals Standard f\u00fcr die gebaute Umwelt)<\/h5>\n<p>Dieser Standard war der letzte Standard, der zum Gesetz erhoben wurde. Der Standard trat am 1. Januar 2013 in Kraft. Das Ziel dieses Standards besteht darin, die Barrierefreiheit \u00f6ffentlicher R\u00e4ume durch Implementierung von Gestaltungsmerkmalen in der gebauten Umwelt zu verbessern. Dieser Standard kommt zusammen mit den Bauvorschriften von Ontario zur Anwendung, um in diesen Vorschriften nicht behandelte Aspekte zu regulieren. Dies bedeutet im Wesentlichen die Einf\u00fchrung von Anforderungen f\u00fcr Au\u00dfenanlagen; der Standard enth\u00e4lt jedoch auch Regelungen zu Innenr\u00e4umen in Zusammenhang mit der Bereitstellung von Services wie Wartebereichen, Serviceschaltern und Warteschlangen. Zu weiteren von diesem Standard regulierten Bereichen geh\u00f6ren:<\/p>\n<ul>\n<li>Wander- und Strandzugangswege<\/li>\n<li>\u00d6ffentliche Essbereiche im Freien<\/li>\n<li>Au\u00dfenspielpl\u00e4tze<\/li>\n<li>Geheinrichtungen im Freien<\/li>\n<li>Parkpl\u00e4tze f\u00fcr Behinderte<\/li>\n<li>Instandhaltung<\/li>\n<\/ul>\n"}}]},"_links":{"self":[{"href":"https:\/\/natussensory.com\/de\/wp-json\/wp\/v2\/pages\/12760","targetHints":{"allow":["GET"]}}],"collection":[{"href":"https:\/\/natussensory.com\/de\/wp-json\/wp\/v2\/pages"}],"about":[{"href":"https:\/\/natussensory.com\/de\/wp-json\/wp\/v2\/types\/page"}],"author":[{"embeddable":true,"href":"https:\/\/natussensory.com\/de\/wp-json\/wp\/v2\/users\/4"}],"replies":[{"embeddable":true,"href":"https:\/\/natussensory.com\/de\/wp-json\/wp\/v2\/comments?post=12760"}],"version-history":[{"count":5,"href":"https:\/\/natussensory.com\/de\/wp-json\/wp\/v2\/pages\/12760\/revisions"}],"predecessor-version":[{"id":27019,"href":"https:\/\/natussensory.com\/de\/wp-json\/wp\/v2\/pages\/12760\/revisions\/27019"}],"wp:attachment":[{"href":"https:\/\/natussensory.com\/de\/wp-json\/wp\/v2\/media?parent=12760"}],"wp:term":[{"taxonomy":"category","embeddable":true,"href":"https:\/\/natussensory.com\/de\/wp-json\/wp\/v2\/categories?post=12760"},{"taxonomy":"post_tag","embeddable":true,"href":"https:\/\/natussensory.com\/de\/wp-json\/wp\/v2\/tags?post=12760"}],"curies":[{"name":"wp","href":"https:\/\/api.w.org\/{rel}","templated":true}]}}