{"id":11978,"date":"2023-09-22T19:55:32","date_gmt":"2023-09-22T19:55:32","guid":{"rendered":"https:\/\/natussensory.com\/job-applicant-privacy-notice\/"},"modified":"2025-09-24T09:15:26","modified_gmt":"2025-09-24T09:15:26","slug":"datenschutzhinweis-fuer-bewerber","status":"publish","type":"page","link":"https:\/\/natussensory.com\/de\/datenschutzhinweis-fuer-bewerber\/","title":{"rendered":"Datenschutzhinweis f\u00fcr Bewerber"},"content":{"rendered":"","protected":false},"excerpt":{"rendered":"","protected":false},"author":4,"featured_media":0,"parent":0,"menu_order":0,"comment_status":"closed","ping_status":"closed","template":"","meta":{"_acf_changed":false,"inline_featured_image":false,"footnotes":""},"categories":[],"tags":[],"class_list":["post-11978","page","type-page","status-publish","hentry"],"acf":{"content_blocks":[{"acf_fc_layout":"spacer","_acfe_flexible_toggle":"","spacer":{"module_options":{"":null,"module_id":"n6514cae310313","module_class":"","module_background_type":"color","module_background_color":"#473089","module_background_image":false,"module_background_video":"","activate_custom_padding":false,"padding_top_desktop":"0","padding_top_tablet":"0","padding_top_mobile":"0","padding_bottom_desktop":"0","padding_bottom_tablet":"0","padding_bottom_mobile":"0","activate_custom_margin":false,"margin_top_desktop":"0","margin_top_tablet":"0","margin_top_mobile":"0","margin_bottom_desktop":"0","margin_bottom_tablet":"0","margin_bottom_mobile":"0","disable_on":[],"content_alignment_desktop":"left","content_alignment_tablet":"left","content_alignment_mobile":"left"},"height":"160"}},{"acf_fc_layout":"simple_content","_acfe_flexible_toggle":"","content_full_width_landing":{"module_options":{"":null,"module_id":"n68481ff96f7b3","module_class":"","module_background_type":"color","module_background_color":"#d4e9f9","module_background_image":false,"module_background_video":"","activate_custom_padding":false,"padding_top_desktop":0,"padding_top_tablet":"","padding_top_mobile":"","padding_bottom_desktop":"","padding_bottom_tablet":"","padding_bottom_mobile":"","activate_custom_margin":false,"margin_top_desktop":"","margin_top_tablet":"","margin_top_mobile":"","margin_bottom_desktop":"","margin_bottom_tablet":"","margin_bottom_mobile":"","disable_on":[],"content_alignment_desktop":"left","content_alignment_tablet":"left","content_alignment_mobile":"left"},"activate_custom_container_width":false,"container_width":"","content":"<h1 style=\"text-align: center;\">Datenschutzhinweis f\u00fcr Bewerber<\/h1>\n"}},{"acf_fc_layout":"simple_content","_acfe_flexible_toggle":"","content_full_width_landing":{"module_options":{"":null,"module_id":"n6514ca1706eac","module_class":"","module_background_type":"color","module_background_color":"","module_background_image":false,"module_background_video":"","activate_custom_padding":false,"padding_top_desktop":0,"padding_top_tablet":"","padding_top_mobile":"","padding_bottom_desktop":"","padding_bottom_tablet":"","padding_bottom_mobile":"","activate_custom_margin":false,"margin_top_desktop":"","margin_top_tablet":"","margin_top_mobile":"","margin_bottom_desktop":"","margin_bottom_tablet":"","margin_bottom_mobile":"","disable_on":[],"content_alignment_desktop":"left","content_alignment_tablet":"left","content_alignment_mobile":"left"},"activate_custom_container_width":false,"container_width":"","content":"<p>Natus Sensory Inc. (\u201cNatus Sensory\u201d)\u00a0 respektiert Ihre Privatsph\u00e4re und hat sich zum Schutz Ihrer personenbezogenen Daten verpflichtet. Natus Sensory fungiert im Hinblick auf die personenbezogene Daten als Datenverantwortlicher. Dies bedeutet, dass das Unternehmen Natus Sensory daf\u00fcr verantwortlich ist, zu entscheiden, wie es Sie betreffende personenbezogene Daten verwaltet und nutzt. Diese Erkl\u00e4rung soll Sie dar\u00fcber informieren, wie und warum Ihre personenbezogenen Daten verwendet und wie lange sie aufbewahrt werden und weist insbesondere darauf hin, dass Ihre personenbezogenen Daten im Zusammenhang mit dem Stellenbewerbungs- und Einstellungsverfahren eingeholt und verwaltet werden. Sie bietet Ihnen au\u00dferdem bestimmte Informationen, die gem\u00e4\u00df den geltenden Datenschutzgesetzen und -vorschriften, einschlie\u00dflich der Datenschutz-Grundverordnung (DSGVO) mit Wirkung vom 25. Mai 2018 und des Data Protection Act 2018 des Vereinigten K\u00f6nigreichs, bereitgestellt werden m\u00fcssen.<\/p>\n<p>&nbsp;<\/p>\n<p><strong>DATENSCHUTZGRUNDS\u00c4TZE <\/strong><\/p>\n<p>Natus Sensory\u00a0h\u00e4lt sich an das Datenschutzrecht und die Datenschutzgrunds\u00e4tze, was f\u00fcr Ihre Daten Folgendes bedeutet:<\/p>\n<ul>\n<li>Sie werden auf rechtm\u00e4\u00dfige, angemessene und transparente Weise genutzt.<\/li>\n<li>Sie werden ausschlie\u00dflich f\u00fcr stichhaltige Zwecke, die wir Ihnen klar erl\u00e4utert haben, erfasst und auf keine Weise verwendet, die mit diesen Zwecken unvereinbar ist.<\/li>\n<li>Sie sind f\u00fcr die Zwecke, \u00fcber die wir Sie informiert haben, von Bedeutung und nur auf diese Zwecke beschr\u00e4nkt.<\/li>\n<li>Sie sind korrekt und werden auf dem neuesten Stand gehalten.<\/li>\n<li>Sie werden lediglich so lange aufbewahrt, wie es zu den Zwecken, \u00fcber die wir Sie informiert haben, d. h. im Zusammenhang mit dem Einstellungsverfahren, erforderlich ist.<\/li>\n<li>Sie werden mit geeigneten technischen und organisatorischen Mitteln sicher aufbewahrt und vor unbefugter bzw. unrechtm\u00e4\u00dfiger Verarbeitung sowie vor Verlust oder Zerst\u00f6rung gesch\u00fctzt.<\/li>\n<\/ul>\n<p>&nbsp;<\/p>\n<p><strong>DIE ART VON DATEN, DIE WIR \u00dcBER SIE AUFBEWAHREN<\/strong><\/p>\n<p>Im Zusammenhang mit Ihrer Bewerbung um eine Besch\u00e4ftigung bei Natus Sensory\u00a0erfassen, verwenden und speichern wir folgende Kategorien von personenbezogenen Daten \u00fcber Sie:<\/p>\n<ul>\n<li>Die Daten, die Sie uns in Ihrem Lebenslauf zur Verf\u00fcgung gestellt haben, und die in Ihrem Motivationsschreiben enthaltenen personenbezogenen Daten<\/li>\n<li>Die Daten, die Sie auf unserem Bewerbungsformular bereitgestellt haben, einschlie\u00dflich des Namens, des Titels, der Wohnanschrift \/ vor\u00fcbergehenden Anschrift, der Telefonnummer, der privaten E-Mail-Adresse, des Geburtsdatums, des Geschlechts, des beruflichen Werdegangs, der Qualifikationen, der Nationalit\u00e4t, der Konten in sozialen Medien, des Berufs, der fachlichen Mitgliedschaften, der Bildungsabschl\u00fcsse, der Diplome, der Zeugnisse, der Sprachen, der Computerkenntnisse, der Ableistung des Wehrdienstes (falls zutreffend), der Identifizierungsnummer und sonstiger Daten, die Sie uns w\u00e4hrend der Vorstellungs- bzw. Einstellungsgespr\u00e4che zur Verf\u00fcgung stellen<\/li>\n<li>Personenbezogene Daten, die uns von Ihren Referenzen (falls zutreffend) \u00fcber Sie bereitgestellt werden<\/li>\n<\/ul>\n<p>&nbsp;<\/p>\n<p><strong>WIE WERDEN IHRE PERSONENBEZOGENEN DATEN ERFASST?<\/strong><\/p>\n<p>Wir erfassen personenbezogene Daten \u00fcber Bewerber aus verschiedenen Quellen. Diese Quellen sind:<\/p>\n<ul>\n<li>Sie, der Bewerber<\/li>\n<li>Von Ihnen genannte Referenzen, bei denen wir folgende Datenkategorien erheben: den vollst\u00e4ndigen Namen, die F\u00e4higkeiten, die bekleideten Positionen, die Dauer der bisherigen Besch\u00e4ftigungsverh\u00e4ltnisse, die Verifizierung der Qualifikationen und Ihr Leistungsverhalten w\u00e4hrend der bisherigen Besch\u00e4ftigungsverh\u00e4ltnisse<\/li>\n<li>\u00d6ffentlich zug\u00e4ngliche Quellen wie LinkedIn usw., wo wir Ihren vollst\u00e4ndigen Namen, Ihre E-Mail-Adresse, Ihren beruflichen Werdegang und andere in Ihrem Profil oder in Kommentaren von anderen Personen enthaltene Daten erfassen<\/li>\n<\/ul>\n<p>&nbsp;<\/p>\n<p><strong>WIE WIR DATEN \u00dcBER SIE VERWENDEN<\/strong><\/p>\n<p>Wir nutzen die personenbezogenen Daten, die wir \u00fcber Sie erfassen, zu folgenden Zwecken:<\/p>\n<ul>\n<li>Beurteilung Ihrer F\u00e4higkeiten, Ihrer Qualifikationen und Ihrer Eignung f\u00fcr die Stelle, um die Sie sich bewerben, und f\u00fcr sonstige offene Stellen<\/li>\n<li>Durchf\u00fchrung von Hintergrundrecherchen und Referenzpr\u00fcfungen, sofern und soweit zutreffend<\/li>\n<li>Kommunikation mit Ihnen \u00fcber das Einstellungsverfahren<\/li>\n<li>Erstellung und Pflege von Aufzeichnungen im Zusammenhang mit unseren Einstellungsverfahren<\/li>\n<li>Einhaltung von gesetzlichen oder beh\u00f6rdlichen Vorschriften<\/li>\n<\/ul>\n<p>Wir m\u00fcssen Ihre personenbezogenen Daten auch verarbeiten, um entscheiden zu k\u00f6nnen, ob wir einen Vertrag mit Ihnen abschlie\u00dfen.<\/p>\n<p>Nach dem Erhalt Ihres Lebenslaufs und Ihres Motivationsschreiben sowie der Ergebnisse etwaiger Vorauswahlpr\u00fcfungen oder Tests, die Sie absolviert haben, werden wir diese Daten verarbeiten, um zu entscheiden, ob Sie die Grundvoraussetzungen erf\u00fcllen, um in die engere Wahl f\u00fcr die Stelle zu kommen. Ist dies der Fall, entscheiden wir, ob Ihre Bewerbung, Ihre F\u00e4higkeiten und Ihre Erfahrung daf\u00fcr sprechen, dass wir Sie zu einem Vorstellungsgespr\u00e4ch einladen. Falls wir beschlie\u00dfen, Sie zu einem Vorstellungsgespr\u00e4ch einzuladen, verwenden wir die Daten, die Sie uns bei dem Gespr\u00e4ch zur Verf\u00fcgung stellen, als eine der Entscheidungsgrundlagen daf\u00fcr, ob wir Ihnen die Stelle anbieten. Falls wir beschlie\u00dfen, Ihnen die Stelle anzubieten, k\u00f6nnen wir vor Best\u00e4tigung Ihres Termins Referenzen einholen, Hintergrundrecherchen anstellen, ein Drogenscreening oder anderweitige Qualifikationspr\u00fcfungen durchf\u00fchren.<\/p>\n<p>&nbsp;<\/p>\n<p><strong>FALLS SIE ES UNTERLASSEN, PERSONENBEZOGENE DATEN BEREITZUSTELLEN<\/strong><\/p>\n<p>Falls Sie es unterlassen, auf unsere Bitte hin personenbezogene Daten bereitzustellen, die wir ben\u00f6tigen, um Ihre Bewerbung in Betracht zu ziehen (etwa Belege f\u00fcr Ihre Qualifikationen oder Ihren beruflichen Werdegang), sind wir unter Umst\u00e4nden nicht in der Lage, Ihre Bewerbung weiter zu bearbeiten. Ben\u00f6tigen wir f\u00fcr die gegenst\u00e4ndliche Stelle beispielsweise Referenzen und verabs\u00e4umen Sie es, uns die entsprechenden Angaben zur Verf\u00fcgung zu stellen, sind wir nicht imstande, Ihre Bewerbung weiterhin zu ber\u00fccksichtigen.<\/p>\n<p>&nbsp;<\/p>\n<p><strong>WIE WIR BESONDERS SENSIBLE PERSONENBEZOGENE DATEN VERWENDEN <\/strong><\/p>\n<p>Wir verwenden Ihre sensiblen personenbezogenen Daten nur insoweit, als wir dazu gem\u00e4\u00df den geltenden Gesetzen und Vorschriften berechtigt sind:<\/p>\n<ul>\n<li>Daten \u00fcber Ihren Invalidit\u00e4tsstatus ziehen wir heran, um zu erw\u00e4gen, ob wir w\u00e4hrend des Einstellungsverfahrens \u2013 etwa bei einem Test oder Einstellungsgespr\u00e4ch \u2013 angemessene Vorkehrungen treffen m\u00fcssen.<\/li>\n<li>Wir verwenden Daten \u00fcber Ihre Nationalit\u00e4t oder ethnische Zugeh\u00f6rigkeit, um zu beurteilen, ob eine Arbeitserlaubnis, ein Visum oder eine andere Einwanderungsbescheinigung oder -erlaubnis f\u00fcr die Stelle erforderlich ist.<\/li>\n<\/ul>\n<p>&nbsp;<\/p>\n<p><strong>AUTOMATISIERTE ENTSCHEIDUNGSFINDUNG<\/strong><\/p>\n<p>Es werden keine Entscheidungen \u00fcber Sie getroffen, die wesentliche Auswirkungen auf Sie haben und ausschlie\u00dflich auf einer automatisierten Entscheidungsfindung beruhen.<\/p>\n<p>&nbsp;<\/p>\n<p><strong>GEMEINSAME DATENNUTZUNG<\/strong><\/p>\n<p>Wir geben Ihre personenbezogenen Daten nur zum Zweck der Bearbeitung Ihrer Bewerbung an Drittdienstleister von Natus Sensory\u00a0weiter. Alle unsere Drittdienstleister und alle anderen juristischen Personen, denen Ihre personenbezogenen Informationen unter Umst\u00e4nden zur Verf\u00fcgung gestellt werden, sind verpflichtet, geeignete Sicherheitsma\u00dfnahmen zum Schutz Ihrer personenbezogenen Daten im Einklang mit unseren Richtlinien zu ergreifen. Wir gestatten unseren Drittdienstleistern nicht, Ihre personenbezogenen Daten f\u00fcr ihre eigenen Zwecke zu verwenden. Wir erlauben ihnen lediglich, Ihre personenbezogenen Daten zu speziell angegebenen Zwecken und im Einklang mit unseren Anweisungen zu verarbeiten.<\/p>\n<p>&nbsp;<\/p>\n<p><strong>DATENSICHERHEIT<\/strong><\/p>\n<p>Wir haben geeignete Sicherheitsvorkehrungen getroffen, um einen versehentlichen Verlust, eine versehentliche Verwendung, eine Ver\u00e4nderung oder Offenlegung Ihrer personenbezogenen Daten bzw. einen unbefugten Zugriff darauf zu verhindern. Dar\u00fcber hinaus beschr\u00e4nken wir den Zugang zu Ihren personenbezogenen Daten auf jene Mitarbeiter, Vertreter, Auftragnehmer und anderen Drittparteien, die diese Informationen aus gesch\u00e4ftlichen Gr\u00fcnden ben\u00f6tigen. Sie werden Ihre personenbezogenen Daten nur auf unsere spezielle Anweisung hin verarbeiten und sind zur Geheimhaltung verpflichtet. Einzelheiten zu diesen Vorkehrungen finden Sie in der Datenschutzerkl\u00e4rung auf unserer <a href=\"https:\/\/natussensory.com\/de\/datenschutzerklaerung\/\">Website.<\/a><\/p>\n<p>Wir haben Verfahren f\u00fcr den Umgang mit einer mutma\u00dflichen Verletzung der Datensicherheit vorgesehen und werden Sie und alle zust\u00e4ndigen Regulierungsbeh\u00f6rden \u00fcber eine mutma\u00dfliche Verletzung informieren, soweit wir gesetzlich dazu verpflichtet sind.<\/p>\n<p>&nbsp;<\/p>\n<p><strong>DATENSPEICHERUNG<\/strong><\/p>\n<p>Personenbezogene Daten werden so lange gespeichert, wie es f\u00fcr das Bewerbungsverfahren notwendig oder gesetzlich vorgeschrieben ist oder f\u00fcr jenen Zeitraum, der im Zusammenhang mit einem aufrechten Besch\u00e4ftigungs- oder Vertragsverh\u00e4ltnis erforderlich ist. Falls Ihre Bewerbung nicht erfolgreich ist, bewahren wir Ihre personenbezogenen Daten sechs (6) Monate oder mit Ihrer ausdr\u00fccklichen Einwilligung drei (3) Jahre lang auf, sofern nicht ein \u00f6rtlich geltendes Gesetz eine l\u00e4ngere Aufbewahrungsfrist vorschreibt. Wir bewahren Ihre personenbezogenen Daten auf, um im Falle der Geltendmachung eines Rechtsanspruchs darlegen zu k\u00f6nnen, dass wir keine Bewerber aus unzul\u00e4ssigen Gr\u00fcnden benachteiligt haben und dass wir das Einstellungsverfahren auf angemessene und transparente Weise durchgef\u00fchrt haben. Au\u00dferdem bewahren wir solche personenbezogenen Daten f\u00fcr den Fall auf, dass eine \u00e4hnliche Stelle frei wird, f\u00fcr die Sie als geeigneter Bewerber in Frage kommen. Bitte sorgen Sie daf\u00fcr, dass Ihre Daten stets auf dem neuesten Stand sind, indem Sie sich bei unserem Online-Bewerber-Trackingsystem anmelden. Nach Ablauf der jeweils geltenden Frist vernichten wir Ihre personenbezogenen Daten auf sichere Weise gem\u00e4\u00df unserer Richtlinie zur Datenspeicherung.<\/p>\n<p>&nbsp;<\/p>\n<p><strong>RECHTE AUF AUSKUNFT, BERICHTIGUNG, L\u00d6SCHUNG UND EINSCHR\u00c4NKUNG<\/strong><\/p>\n<p><strong>Ihre Rechte im Zusammenhang mit personenbezogenen Daten<\/strong><\/p>\n<p>Unter bestimmten Umst\u00e4nden haben Sie folgende gesetzlichen Rechte:<\/p>\n<ul>\n<li><strong>Stellung eines Antrags auf Auskunft<\/strong>\u00fcber Ihre personenbezogenen Daten (allgemein bekannt als \u201eAntrag auf Auskunft der betroffenen Person\u201c). Damit haben Sie die M\u00f6glichkeit, eine Kopie der personenbezogenen Daten zu erhalten, die wir \u00fcber Sie erhoben haben, und zu \u00fcberpr\u00fcfen, ob wir diese auf rechtm\u00e4\u00dfige Weise verwalten und verarbeiten.<\/li>\n<li><strong>Stellung eines Antrags auf Berichtigung<\/strong>der personenbezogenen Daten, die wir \u00fcber Sie erhoben haben. Damit haben Sie die M\u00f6glichkeit, unvollst\u00e4ndige oder unrichtige Daten berichtigen zu lassen.<\/li>\n<li><strong>Stellung eines Antrags auf L\u00f6schung <\/strong> Ihrer personenbezogenen Daten. Damit haben Sie die M\u00f6glichkeit, von uns die L\u00f6schung oder Beseitigung von personenbezogenen Daten zu verlangen, wenn es keinen triftigen Grund f\u00fcr uns gibt, diese weiterhin zu verarbeiten. Sie haben auch das Recht, von uns die L\u00f6schung oder Beseitigung Ihrer personenbezogenen Daten zu verlangen, wenn Sie Ihr Recht auf Widerspruch gegen die Verarbeitung ausge\u00fcbt haben (siehe unten).<\/li>\n<li><strong>Einlegung eines Widerspruchs gegen die Verarbeitung <\/strong>Ihrer personenbezogenen Daten, wenn wir uns auf ein berechtigtes Interesse (oder das einer Drittpartei) st\u00fctzen und Sie aus Gr\u00fcnden, die sich aus Ihrer besonderen Situation ergeben, gegen die Verarbeitung Widerspruch einlegen m\u00f6chten. Sie haben auch ein Recht auf Widerspruch, wenn wir Ihre personenbezogenen Daten verarbeiten, um Direktwerbung zu betreiben.<\/li>\n<li><strong>Stellung eines Antrags auf Einschr\u00e4nkung der Verarbeitung <\/strong> Ihrer personenbezogenen Daten. Damit haben Sie die M\u00f6glichkeit, von uns die Aussetzung der Verarbeitung von Sie betreffenden personenbezogenen Daten zu verlangen, etwa wenn Sie m\u00f6chten, dass wir deren Richtigkeit oder den Grund f\u00fcr ihre Verarbeitung \u00fcberpr\u00fcfen.<\/li>\n<li><strong>Stellung eines Antrags auf \u00dcbertragung <\/strong> Ihrer personenbezogenen Daten an eine andere Partei.<\/li>\n<\/ul>\n<p>Wenn Sie Ihre personenbezogenen Daten einsehen, \u00fcberpr\u00fcfen oder berichtigen m\u00f6chten, k\u00f6nnen Sie dies tun, indem Sie sich im Online-System anmelden. Wenn Sie die L\u00f6schung Ihrer personenbezogenen Daten verlangen oder Widerspruch gegen deren Verarbeitung einlegen m\u00f6chten, senden Sie bitte eine E-Mail an <a href=\"mailto:recruiting@natus.com\">recruiting@natus.com.<\/a><\/p>\n<p>&nbsp;<\/p>\n<p><strong>BEHANDLUNG VON FRAGEN ZUM THEMA DATENSCHUTZ <\/strong><\/p>\n<p>Wir haben einen Datenschutzbeauftragten bestellt, der mit der Beaufsichtigung der Einhaltung dieser Datenschutzerkl\u00e4rung betraut ist. Bei Fragen zu dieser Datenschutzerkl\u00e4rung oder dazu, wie wir mit Ihren personenbezogenen Daten umgehen, wenden Sie sich bitte an den Datenschutzbeauftragten unter <a href=\"mailto:global.privacy@natus.com\">global.privacy@natus.com<\/a>. Sie haben jederzeit das Recht, eine Beschwerde bei Ihrem \u00f6rtlichen Datenschutzbeauftragten einzureichen.<\/p>\n"}}]},"_links":{"self":[{"href":"https:\/\/natussensory.com\/de\/wp-json\/wp\/v2\/pages\/11978","targetHints":{"allow":["GET"]}}],"collection":[{"href":"https:\/\/natussensory.com\/de\/wp-json\/wp\/v2\/pages"}],"about":[{"href":"https:\/\/natussensory.com\/de\/wp-json\/wp\/v2\/types\/page"}],"author":[{"embeddable":true,"href":"https:\/\/natussensory.com\/de\/wp-json\/wp\/v2\/users\/4"}],"replies":[{"embeddable":true,"href":"https:\/\/natussensory.com\/de\/wp-json\/wp\/v2\/comments?post=11978"}],"version-history":[{"count":8,"href":"https:\/\/natussensory.com\/de\/wp-json\/wp\/v2\/pages\/11978\/revisions"}],"predecessor-version":[{"id":27168,"href":"https:\/\/natussensory.com\/de\/wp-json\/wp\/v2\/pages\/11978\/revisions\/27168"}],"wp:attachment":[{"href":"https:\/\/natussensory.com\/de\/wp-json\/wp\/v2\/media?parent=11978"}],"wp:term":[{"taxonomy":"category","embeddable":true,"href":"https:\/\/natussensory.com\/de\/wp-json\/wp\/v2\/categories?post=11978"},{"taxonomy":"post_tag","embeddable":true,"href":"https:\/\/natussensory.com\/de\/wp-json\/wp\/v2\/tags?post=11978"}],"curies":[{"name":"wp","href":"https:\/\/api.w.org\/{rel}","templated":true}]}}